{"id":4799,"date":"2025-02-27T14:10:53","date_gmt":"2025-02-27T13:10:53","guid":{"rendered":"https:\/\/wimar.net\/?post_type=product&#038;p=4799"},"modified":"2025-02-27T14:35:42","modified_gmt":"2025-02-27T13:35:42","slug":"%d0%b7%d0%bc%d1%96%d0%bd%d0%bd%d0%b5-%d0%bb%d0%b5%d0%b7%d0%be-%d0%b4%d0%bb%d1%8f-%d0%bd%d0%b0%d0%b2%d1%87%d0%b0%d0%bb%d1%8c%d0%bd%d0%be%d1%97-%d0%b3%d1%96%d0%bb%d1%8c%d0%b9%d0%be%d1%82%d0%b8%d0%bd","status":"publish","type":"product","link":"https:\/\/wimar.net\/uk\/product-2\/%d0%b7%d0%bc%d1%96%d0%bd%d0%bd%d0%b5-%d0%bb%d0%b5%d0%b7%d0%be-%d0%b4%d0%bb%d1%8f-%d0%bd%d0%b0%d0%b2%d1%87%d0%b0%d0%bb%d1%8c%d0%bd%d0%be%d1%97-%d0%b3%d1%96%d0%bb%d1%8c%d0%b9%d0%be%d1%82%d0%b8%d0%bd\/","title":{"rendered":"\u0417\u0430\u043f\u0430\u0441\u043d\u0435 \u043b\u0435\u0437\u043e \u0434\u043b\u044f \u0433\u0456\u043b\u044c\u0439\u043e\u0442\u0438\u043d\u0438 \u0434\u043b\u044f \u0440\u043e\u0437\u0441\u0430\u0434\u043d\u0438\u043a\u0430 20 \u043c\u043c GBU20 Scionon"},"content":{"rendered":"<p data-start=\"105\" data-end=\"168\"><strong data-start=\"105\" data-end=\"166\">\u0417\u0430\u043f\u0430\u0441\u043d\u0435 \u043b\u0435\u0437\u043e \u0434\u043b\u044f \u0433\u0456\u043b\u044c\u0439\u043e\u0442\u0438\u043d\u0438 \u0434\u043b\u044f \u0440\u043e\u0437\u043f\u043b\u0456\u0434\u043d\u0438\u043a\u0456\u0432 GBU20<\/strong><\/p>\n<p data-start=\"170\" data-end=\"494\">\u0417\u043c\u0456\u043d\u043d\u0438\u0439 \u043d\u0456\u0436 GBU20 Scionon - \u0446\u0435 \u0432\u0438\u0441\u043e\u043a\u043e\u044f\u043a\u0456\u0441\u043d\u0438\u0439 \u043a\u043e\u043c\u043f\u043e\u043d\u0435\u043d\u0442, \u043f\u0440\u0438\u0437\u043d\u0430\u0447\u0435\u043d\u0438\u0439 \u0434\u043b\u044f \u0442\u043e\u0447\u043d\u043e\u0433\u043e \u0440\u0456\u0437\u0430\u043d\u043d\u044f \u0432 \u0433\u0456\u043b\u044c\u0439\u043e\u0442\u0438\u043d\u0430\u0445 \u0434\u043b\u044f \u0440\u043e\u0437\u0441\u0430\u0434\u043d\u0438\u043a\u0456\u0432. \u0412\u0438\u0433\u043e\u0442\u043e\u0432\u043b\u0435\u043d\u0438\u0439 \u0437 \u043c\u0456\u0446\u043d\u043e\u0457 \u0441\u0442\u0430\u043b\u0456, \u0432\u0456\u043d \u0437\u0430\u0431\u0435\u0437\u043f\u0435\u0447\u0443\u0454 \u0447\u0438\u0441\u0442\u0438\u0439 \u0456 \u0442\u043e\u0447\u043d\u0438\u0439 \u0437\u0440\u0456\u0437, \u043d\u0435 \u043f\u043e\u0448\u043a\u043e\u0434\u0436\u0443\u044e\u0447\u0438 \u043d\u0456\u0436\u043d\u0443 \u0440\u043e\u0441\u043b\u0438\u043d\u043d\u0443 \u0442\u043a\u0430\u043d\u0438\u043d\u0443. \u0426\u0435 \u0440\u043e\u0431\u0438\u0442\u044c \u0439\u043e\u0433\u043e \u043d\u0435\u0437\u0430\u043c\u0456\u043d\u043d\u0438\u043c \u0443 \u043f\u0440\u043e\u0444\u0435\u0441\u0456\u0439\u043d\u043e\u043c\u0443 \u0440\u043e\u0437\u043f\u043b\u0456\u0434\u043d\u0438\u043a\u0443 \u0442\u0430 \u0441\u0430\u0434\u0456\u0432\u043d\u0438\u0446\u0442\u0432\u0456.<\/p>\n<h3 data-start=\"496\" data-end=\"526\"><strong data-start=\"500\" data-end=\"524\">\u041e\u0441\u043d\u043e\u0432\u043d\u0456 \u0445\u0430\u0440\u0430\u043a\u0442\u0435\u0440\u0438\u0441\u0442\u0438\u043a\u0438:<\/strong><\/h3>\n<ul>\n<li data-start=\"528\" data-end=\"1100\"><strong data-start=\"530\" data-end=\"549\">\u0422\u043e\u0447\u043d\u0456\u0441\u0442\u044c \u0440\u0456\u0437\u0430\u043d\u043d\u044f<\/strong> - \u0417\u0430\u0431\u0435\u0437\u043f\u0435\u0447\u0443\u0454 \u0433\u043b\u0430\u0434\u043a\u0438\u0439 \u0456 \u0440\u0456\u0432\u043d\u0438\u0439 \u0437\u0440\u0456\u0437, \u043c\u0456\u043d\u0456\u043c\u0456\u0437\u0443\u044e\u0447\u0438 \u0440\u0438\u0437\u0438\u043a \u043f\u043e\u0448\u043a\u043e\u0434\u0436\u0435\u043d\u043d\u044f \u0440\u043e\u0441\u043b\u0438\u043d.<\/li>\n<li data-start=\"528\" data-end=\"1100\"><strong data-start=\"628\" data-end=\"657\">\u0412\u0438\u0441\u043e\u043a\u043e\u044f\u043a\u0456\u0441\u043d\u0438\u0439 \u043c\u0430\u0442\u0435\u0440\u0456\u0430\u043b<\/strong> - \u0412\u0438\u0433\u043e\u0442\u043e\u0432\u043b\u0435\u043d\u0438\u0439 \u0437\u0456 \u0441\u0442\u0430\u043b\u0456 \u0432\u0438\u0441\u043e\u043a\u043e\u0457 \u0442\u0432\u0435\u0440\u0434\u043e\u0441\u0442\u0456, \u0449\u043e \u0433\u0430\u0440\u0430\u043d\u0442\u0443\u0454 \u0442\u0440\u0438\u0432\u0430\u043b\u0438\u0439 \u0442\u0435\u0440\u043c\u0456\u043d \u0441\u043b\u0443\u0436\u0431\u0438 \u0442\u0430 \u0437\u043d\u043e\u0441\u043e\u0441\u0442\u0456\u0439\u043a\u0456\u0441\u0442\u044c.<\/li>\n<li data-start=\"528\" data-end=\"1100\"><strong data-start=\"762\" data-end=\"779\">\u041b\u0435\u0433\u043a\u0430 \u0437\u0430\u043c\u0456\u043d\u0430<\/strong> - \u041f\u0440\u043e\u0441\u0442\u0435 \u0437\u0431\u0438\u0440\u0430\u043d\u043d\u044f \u0442\u0430 \u0440\u043e\u0437\u0431\u0438\u0440\u0430\u043d\u043d\u044f \u0434\u043e\u0437\u0432\u043e\u043b\u044f\u0454 \u0448\u0432\u0438\u0434\u043a\u043e \u0437\u0430\u043c\u0456\u043d\u0438\u0442\u0438 \u0437\u043d\u043e\u0448\u0435\u043d\u0435 \u043b\u0435\u0437\u043e.<\/li>\n<li data-start=\"528\" data-end=\"1100\"><strong data-start=\"993\" data-end=\"1023\">\u041f\u0440\u043e\u0444\u0435\u0441\u0456\u0439\u043d\u0435 \u0432\u0438\u043a\u043e\u0440\u0438\u0441\u0442\u0430\u043d\u043d\u044f<\/strong> - \u041d\u0435\u0437\u0430\u043c\u0456\u043d\u043d\u0438\u0439 \u0456\u043d\u0441\u0442\u0440\u0443\u043c\u0435\u043d\u0442 \u0434\u043b\u044f \u0440\u043e\u0437\u0441\u0430\u0434\u043d\u0438\u043a\u0456\u0432, \u0441\u0430\u0434\u0456\u0432\u043d\u0438\u0446\u0442\u0432\u0430 \u0442\u0430 \u0432\u0438\u0440\u043e\u0449\u0443\u0432\u0430\u043d\u043d\u044f \u0444\u0440\u0443\u043a\u0442\u0456\u0432.<\/li>\n<li data-start=\"528\" data-end=\"1100\"><strong>\u0428\u0438\u0440\u0438\u043d\u0430<\/strong> - 20 \u043c\u043c<\/li>\n<\/ul>\n<h3 data-start=\"1102\" data-end=\"1125\"><strong data-start=\"1106\" data-end=\"1123\">\u0417\u0430\u044f\u0432\u043a\u0430:<\/strong><\/h3>\n<ul>\n<li data-start=\"1127\" data-end=\"1477\"><strong data-start=\"1130\" data-end=\"1165\">\u041f\u0440\u0438\u0449\u0435\u043f\u043b\u0435\u043d\u043d\u044f \u0442\u0430 \u0440\u043e\u0437\u0449\u0435\u043f\u043b\u0435\u043d\u043d\u044f<\/strong> - \u0422\u043e\u0447\u043d\u0435 \u0437\u0440\u0456\u0437\u0430\u043d\u043d\u044f \u043f\u0430\u0433\u043e\u043d\u0456\u0432 \u0456 \u043f\u0456\u0434\u0449\u0435\u043f \u0437\u0430\u0431\u0435\u0437\u043f\u0435\u0447\u0443\u0454 \u0432\u0438\u0441\u043e\u043a\u0443 \u0435\u0444\u0435\u043a\u0442\u0438\u0432\u043d\u0456\u0441\u0442\u044c \u0449\u0435\u043f\u043b\u0435\u043d\u043d\u044f.<\/li>\n<li data-start=\"1127\" data-end=\"1477\"><strong data-start=\"1248\" data-end=\"1272\">\u0414\u043e\u0433\u043b\u044f\u0434 \u0437\u0430 \u0441\u0430\u0434\u0436\u0430\u043d\u0446\u044f\u043c\u0438<\/strong> - \u041f\u043e\u043b\u0435\u0433\u0448\u0443\u0454 \u043e\u0431\u0440\u0456\u0437\u043a\u0443 \u0442\u0430 \u0444\u043e\u0440\u043c\u0443\u0432\u0430\u043d\u043d\u044f \u0440\u043e\u0441\u043b\u0438\u043d \u0434\u043b\u044f \u043f\u0456\u0434\u0442\u0440\u0438\u043c\u043a\u0438 \u0437\u0434\u043e\u0440\u043e\u0432\u043e\u0433\u043e \u0440\u043e\u0441\u0442\u0443.<\/li>\n<li data-start=\"1127\" data-end=\"1477\"><strong data-start=\"1352\" data-end=\"1403\">\u041f\u0440\u043e\u0444\u0435\u0441\u0456\u0439\u043d\u0456 \u0440\u043e\u0437\u0441\u0430\u0434\u043d\u0438\u043a\u0438 \u0442\u0430 \u0444\u0440\u0443\u043a\u0442\u043e\u0432\u0456 \u0444\u0435\u0440\u043c\u0438<\/strong> - \u0406\u0434\u0435\u0430\u043b\u044c\u043d\u0438\u0439 \u0456\u043d\u0441\u0442\u0440\u0443\u043c\u0435\u043d\u0442 \u0434\u043b\u044f \u043c\u0430\u0441\u043e\u0432\u043e\u0433\u043e \u0432\u0438\u0440\u043e\u0431\u043d\u0438\u0446\u0442\u0432\u0430 \u0444\u0440\u0443\u043a\u0442\u043e\u0432\u0438\u0445 \u0456 \u0434\u0435\u043a\u043e\u0440\u0430\u0442\u0438\u0432\u043d\u0438\u0445 \u0434\u0435\u0440\u0435\u0432.<\/li>\n<\/ul>\n<h3 data-start=\"1479\" data-end=\"1538\"><strong data-start=\"1483\" data-end=\"1536\">\u0427\u043e\u043c\u0443 \u0432\u0430\u0440\u0442\u043e \u043e\u0431\u0440\u0430\u0442\u0438 \u0437\u043c\u0456\u043d\u043d\u0438\u0439 \u043d\u0456\u0436 GBU20 Scionon?<\/strong><\/h3>\n<p data-start=\"1540\" data-end=\"1858\">\u0417\u043c\u0456\u043d\u043d\u0435 \u043b\u0435\u0437\u043e GBU20 \u0432\u0456\u0434 Scionon - \u0446\u0435 \u043a\u043b\u044e\u0447\u043e\u0432\u0438\u0439 \u043a\u043e\u043c\u043f\u043e\u043d\u0435\u043d\u0442 \u0434\u043b\u044f \u0431\u0443\u0434\u044c-\u044f\u043a\u043e\u0433\u043e \u0444\u0430\u0445\u0456\u0432\u0446\u044f \u0437 \u0440\u043e\u0437\u043c\u043d\u043e\u0436\u0435\u043d\u043d\u044f \u0442\u0430 \u0434\u043e\u0433\u043b\u044f\u0434\u0443 \u0437\u0430 \u0440\u043e\u0441\u043b\u0438\u043d\u0430\u043c\u0438. \u0417\u0430\u0432\u0434\u044f\u043a\u0438 \u0432\u0438\u0441\u043e\u043a\u0456\u0439 \u044f\u043a\u043e\u0441\u0442\u0456 \u0432\u0438\u0433\u043e\u0442\u043e\u0432\u043b\u0435\u043d\u043d\u044f, \u0442\u0440\u0438\u0432\u0430\u043b\u043e\u043c\u0443 \u0442\u0435\u0440\u043c\u0456\u043d\u0443 \u0441\u043b\u0443\u0436\u0431\u0438 \u0442\u0430 \u043f\u0440\u043e\u0441\u0442\u043e\u0442\u0456 \u0432\u0438\u043a\u043e\u0440\u0438\u0441\u0442\u0430\u043d\u043d\u044f, \u0432\u0456\u043d \u0437\u0430\u0431\u0435\u0437\u043f\u0435\u0447\u0443\u0454 \u043d\u0430\u0434\u0456\u0439\u043d\u0456\u0441\u0442\u044c \u0442\u0430 \u043a\u043e\u043c\u0444\u043e\u0440\u0442. \u0412\u0438\u0431\u0456\u0440 \u0446\u044c\u043e\u0433\u043e \u043d\u043e\u0436\u0430 - \u0446\u0435 \u0456\u043d\u0432\u0435\u0441\u0442\u0438\u0446\u0456\u044f \u0432 \u0442\u043e\u0447\u043d\u0456\u0441\u0442\u044c \u0442\u0430 \u0435\u0444\u0435\u043a\u0442\u0438\u0432\u043d\u0456\u0441\u0442\u044c \u0440\u043e\u0431\u043e\u0442\u0438 \u0432 \u0440\u043e\u0437\u0441\u0430\u0434\u043d\u0438\u043a\u0443.<\/p>","protected":false},"excerpt":{"rendered":"<p>N\u00f3\u017c wymienny do gilotyny szk\u00f3\u0142karskiej GBU20 N\u00f3\u017c wymienny GBU20 Scionon to wysokiej jako\u015bci komponent przeznaczony do precyzyjnego ci\u0119cia w gilotynach szk\u00f3\u0142karskich. Wykonany z trwa\u0142ej stali, zapewnia czyste i dok\u0142adne ci\u0119cie, nie uszkadzaj\u0105c delikatnych tkanek ro\u015blinnych. Dzi\u0119ki temu jest niezast\u0105piony w profesjonalnych zastosowaniach szk\u00f3\u0142karskich i ogrodniczych. Najwa\u017cniejsze cechy: Precyzja ci\u0119cia \u2013 Zapewnia g\u0142adkie i r\u00f3wne ci\u0119cia, [&hellip;]<\/p>","protected":false},"featured_media":4801,"template":"","meta":{"site-sidebar-layout":"default","site-content-layout":"","ast-site-content-layout":"default","site-content-style":"default","site-sidebar-style":"default","ast-global-header-display":"","ast-banner-title-visibility":"","ast-main-header-display":"","ast-hfb-above-header-display":"","ast-hfb-below-header-display":"","ast-hfb-mobile-header-display":"","site-post-title":"","ast-breadcrumbs-content":"","ast-featured-img":"","footer-sml-layout":"","theme-transparent-header-meta":"default","adv-header-id-meta":"","stick-header-meta":"default","header-above-stick-meta":"","header-main-stick-meta":"","header-below-stick-meta":"","astra-migrate-meta-layouts":"set","ast-page-background-enabled":"default","ast-page-background-meta":{"desktop":{"background-color":"var(--ast-global-color-4)","background-image":"","background-repeat":"repeat","background-position":"center center","background-size":"auto","background-attachment":"scroll","background-type":"","background-media":"","overlay-type":"","overlay-color":"","overlay-opacity":"","overlay-gradient":""},"tablet":{"background-color":"","background-image":"","background-repeat":"repeat","background-position":"center center","background-size":"auto","background-attachment":"scroll","background-type":"","background-media":"","overlay-type":"","overlay-color":"","overlay-opacity":"","overlay-gradient":""},"mobile":{"background-color":"","background-image":"","background-repeat":"repeat","background-position":"center center","background-size":"auto","background-attachment":"scroll","background-type":"","background-media":"","overlay-type":"","overlay-color":"","overlay-opacity":"","overlay-gradient":""}},"ast-content-background-meta":{"desktop":{"background-color":"var(--ast-global-color-5)","background-image":"","background-repeat":"repeat","background-position":"center center","background-size":"auto","background-attachment":"scroll","background-type":"","background-media":"","overlay-type":"","overlay-color":"","overlay-opacity":"","overlay-gradient":""},"tablet":{"background-color":"var(--ast-global-color-5)","background-image":"","background-repeat":"repeat","background-position":"center center","background-size":"auto","background-attachment":"scroll","background-type":"","background-media":"","overlay-type":"","overlay-color":"","overlay-opacity":"","overlay-gradient":""},"mobile":{"background-color":"var(--ast-global-color-5)","background-image":"","background-repeat":"repeat","background-position":"center center","background-size":"auto","background-attachment":"scroll","background-type":"","background-media":"","overlay-type":"","overlay-color":"","overlay-opacity":"","overlay-gradient":""}}},"product_brand":[],"product_cat":[348],"product_tag":[],"class_list":{"0":"post-4799","1":"product","2":"type-product","3":"status-publish","4":"has-post-thumbnail","6":"product_cat-noz-wymienny-do-gilotyny","7":"desktop-align-left","8":"tablet-align-left","9":"mobile-align-left","10":"ast-product-gallery-layout-horizontal","11":"ast-product-tabs-layout-horizontal","13":"first","14":"instock","15":"shipping-taxable","16":"product-type-simple"},"_links":{"self":[{"href":"https:\/\/wimar.net\/uk\/wp-json\/wp\/v2\/product\/4799","targetHints":{"allow":["GET"]}}],"collection":[{"href":"https:\/\/wimar.net\/uk\/wp-json\/wp\/v2\/product"}],"about":[{"href":"https:\/\/wimar.net\/uk\/wp-json\/wp\/v2\/types\/product"}],"version-history":[{"count":2,"href":"https:\/\/wimar.net\/uk\/wp-json\/wp\/v2\/product\/4799\/revisions"}],"predecessor-version":[{"id":7366,"href":"https:\/\/wimar.net\/uk\/wp-json\/wp\/v2\/product\/4799\/revisions\/7366"}],"wp:featuredmedia":[{"embeddable":true,"href":"https:\/\/wimar.net\/uk\/wp-json\/wp\/v2\/media\/4801"}],"wp:attachment":[{"href":"https:\/\/wimar.net\/uk\/wp-json\/wp\/v2\/media?parent=4799"}],"wp:term":[{"taxonomy":"product_brand","embeddable":true,"href":"https:\/\/wimar.net\/uk\/wp-json\/wp\/v2\/product_brand?post=4799"},{"taxonomy":"product_cat","embeddable":true,"href":"https:\/\/wimar.net\/uk\/wp-json\/wp\/v2\/product_cat?post=4799"},{"taxonomy":"product_tag","embeddable":true,"href":"https:\/\/wimar.net\/uk\/wp-json\/wp\/v2\/product_tag?post=4799"}],"curies":[{"name":"wp","href":"https:\/\/api.w.org\/{rel}","templated":true}]}}