{"id":4805,"date":"2025-02-27T14:31:21","date_gmt":"2025-02-27T13:31:21","guid":{"rendered":"https:\/\/wimar.net\/?post_type=product&#038;p=4805"},"modified":"2025-02-27T14:43:34","modified_gmt":"2025-02-27T13:43:34","slug":"%d0%b7%d0%b0%d0%bf%d0%b0%d1%81%d0%bd%d0%b5-%d0%bb%d0%b5%d0%b7%d0%be-%d0%b4%d0%bb%d1%8f-%d1%81%d0%b5%d0%ba%d0%b0%d1%82%d0%be%d1%80%d0%b0-18%d0%bc%d0%bc-sgs18-scionon","status":"publish","type":"product","link":"https:\/\/wimar.net\/uk\/product-2\/%d0%b7%d0%b0%d0%bf%d0%b0%d1%81%d0%bd%d0%b5-%d0%bb%d0%b5%d0%b7%d0%be-%d0%b4%d0%bb%d1%8f-%d1%81%d0%b5%d0%ba%d0%b0%d1%82%d0%be%d1%80%d0%b0-18%d0%bc%d0%bc-sgs18-scionon\/","title":{"rendered":"\u0417\u0430\u043f\u0430\u0441\u043d\u0435 \u043b\u0435\u0437\u043e \u0434\u043b\u044f \u0441\u0435\u043a\u0430\u0442\u043e\u0440\u0430 18 \u043c\u043c SGS18 Scionon"},"content":{"rendered":"<h3 data-start=\"0\" data-end=\"49\"><strong data-start=\"0\" data-end=\"47\">\u0417\u0430\u043f\u0430\u0441\u043d\u0435 \u043b\u0435\u0437\u043e \u0434\u043b\u044f \u0441\u0435\u043a\u0430\u0442\u043e\u0440\u0430 SGS18<\/strong><\/h3>\n<p data-start=\"51\" data-end=\"305\">\u0417\u043c\u0456\u043d\u043d\u0435 \u043b\u0435\u0437\u043e \u0434\u043b\u044f \u0441\u0435\u043a\u0430\u0442\u043e\u0440\u0430 SGS18 \u0432\u0456\u0434 Scionon - \u0446\u0435 \u0432\u0438\u0441\u043e\u043a\u043e\u044f\u043a\u0456\u0441\u043d\u0435 \u043b\u0435\u0437\u043e, \u043f\u0440\u0438\u0437\u043d\u0430\u0447\u0435\u043d\u0435 \u0434\u043b\u044f \u0442\u043e\u0447\u043d\u043e\u0457 \u043e\u0431\u0440\u0456\u0437\u043a\u0438 \u0442\u0430 \u0449\u0435\u043f\u043b\u0435\u043d\u043d\u044f \u0440\u043e\u0441\u043b\u0438\u043d. \u0412\u0438\u0433\u043e\u0442\u043e\u0432\u043b\u0435\u043d\u0435 \u0437 \u043c\u0456\u0446\u043d\u0438\u0445 \u043c\u0430\u0442\u0435\u0440\u0456\u0430\u043b\u0456\u0432, \u0432\u043e\u043d\u043e \u0437\u0430\u0431\u0435\u0437\u043f\u0435\u0447\u0443\u0454 \u0442\u0440\u0438\u0432\u0430\u043b\u0438\u0439 \u0442\u0435\u0440\u043c\u0456\u043d \u0441\u043b\u0443\u0436\u0431\u0438 \u0442\u0430 \u0432\u0456\u0434\u043c\u0456\u043d\u043d\u0443 \u0433\u043e\u0441\u0442\u0440\u043e\u0442\u0443 \u0434\u043b\u044f \u0447\u0438\u0441\u0442\u043e\u0433\u043e \u0456 \u0442\u043e\u0447\u043d\u043e\u0433\u043e \u0437\u0440\u0456\u0437\u0443.<\/p>\n<h3 data-start=\"307\" data-end=\"337\"><strong data-start=\"311\" data-end=\"335\">\u041e\u0441\u043d\u043e\u0432\u043d\u0456 \u0445\u0430\u0440\u0430\u043a\u0442\u0435\u0440\u0438\u0441\u0442\u0438\u043a\u0438:<\/strong><\/h3>\n<ul>\n<li data-start=\"339\" data-end=\"847\"><strong data-start=\"341\" data-end=\"360\">\u0422\u043e\u0447\u043d\u0456\u0441\u0442\u044c \u0440\u0456\u0437\u0430\u043d\u043d\u044f<\/strong> - \u0456\u0434\u0435\u0430\u043b\u044c\u043d\u043e \u043f\u0456\u0434\u0445\u043e\u0434\u0438\u0442\u044c \u0434\u043b\u044f \u0441\u0435\u043a\u0430\u0442\u043e\u0440\u0430 SGS18, \u0437\u0430\u0431\u0435\u0437\u043f\u0435\u0447\u0443\u0454 \u0447\u0438\u0441\u0442\u0438\u0439 \u0456 \u0442\u043e\u0447\u043d\u0438\u0439 \u0437\u0440\u0456\u0437.<\/li>\n<li data-start=\"339\" data-end=\"847\"><strong data-start=\"441\" data-end=\"470\">\u0412\u0438\u0441\u043e\u043a\u043e\u044f\u043a\u0456\u0441\u043d\u0438\u0439 \u043c\u0430\u0442\u0435\u0440\u0456\u0430\u043b<\/strong> - \u0432\u0438\u0433\u043e\u0442\u043e\u0432\u043b\u0435\u043d\u0456 \u0437 \u043c\u0456\u0446\u043d\u043e\u0457 \u043d\u0435\u0440\u0436\u0430\u0432\u0456\u044e\u0447\u043e\u0457 \u0441\u0442\u0430\u043b\u0456, \u0441\u0442\u0456\u0439\u043a\u043e\u0457 \u0434\u043e \u043a\u043e\u0440\u043e\u0437\u0456\u0457 \u0442\u0430 \u0437\u0430\u0442\u0443\u043f\u043b\u0435\u043d\u043d\u044f.<\/li>\n<li data-start=\"339\" data-end=\"847\"><strong data-start=\"551\" data-end=\"568\">\u041b\u0435\u0433\u043a\u0430 \u0437\u0430\u043c\u0456\u043d\u0430<\/strong> - \u041f\u0440\u043e\u0441\u0442\u0430 \u0441\u0438\u0441\u0442\u0435\u043c\u0430 \u043a\u0440\u0456\u043f\u043b\u0435\u043d\u043d\u044f \u0434\u043e\u0437\u0432\u043e\u043b\u044f\u0454 \u0448\u0432\u0438\u0434\u043a\u043e \u0456 \u0431\u0435\u0437 \u043f\u0440\u043e\u0431\u043b\u0435\u043c \u0437\u0430\u043c\u0456\u043d\u0438\u0442\u0438 \u043b\u0435\u0437\u043e.<\/li>\n<li data-start=\"339\" data-end=\"847\"><strong data-start=\"644\" data-end=\"656\">\u0421\u0442\u0430\u043b\u0438\u0439 \u0440\u043e\u0437\u0432\u0438\u0442\u043e\u043a<\/strong> - \u0441\u0442\u0456\u0439\u043a\u0456 \u0434\u043e \u0456\u043d\u0442\u0435\u043d\u0441\u0438\u0432\u043d\u043e\u0433\u043e \u0432\u0438\u043a\u043e\u0440\u0438\u0441\u0442\u0430\u043d\u043d\u044f, \u0456\u0434\u0435\u0430\u043b\u044c\u043d\u043e \u043f\u0456\u0434\u0445\u043e\u0434\u044f\u0442\u044c \u0434\u043b\u044f \u0441\u0430\u0434\u043e\u0432\u0438\u0445 \u0456 \u0433\u043e\u0440\u043e\u0434\u043d\u0456\u0445 \u0440\u043e\u0431\u0456\u0442.<\/li>\n<li data-start=\"339\" data-end=\"847\"><strong data-start=\"745\" data-end=\"763\">\u0421\u0443\u043c\u0456\u0441\u043d\u0456\u0441\u0442\u044c<\/strong> - \u043f\u0440\u0438\u0441\u0432\u044f\u0447\u0435\u043d\u0430 \u0441\u0435\u043a\u0430\u0442\u043e\u0440\u0443 Scionon SGS18, \u0433\u0430\u0440\u0430\u043d\u0442\u0443\u0454 \u043e\u043f\u0442\u0438\u043c\u0430\u043b\u044c\u043d\u0443 \u043f\u0440\u043e\u0434\u0443\u043a\u0442\u0438\u0432\u043d\u0456\u0441\u0442\u044c \u0456\u043d\u0441\u0442\u0440\u0443\u043c\u0435\u043d\u0442\u0443.<\/li>\n<li data-start=\"339\" data-end=\"847\"><strong>\u0428\u0438\u0440\u0438\u043d\u0430<\/strong> - 18 \u043c\u043c<\/li>\n<\/ul>\n<h3 data-start=\"849\" data-end=\"872\"><strong data-start=\"853\" data-end=\"870\">\u0417\u0430\u044f\u0432\u043a\u0430:<\/strong><\/h3>\n<ul>\n<li data-start=\"874\" data-end=\"1158\"><strong data-start=\"877\" data-end=\"899\">\u041e\u0431\u0440\u0456\u0437\u043a\u0430 \u0433\u0456\u043b\u043e\u043a<\/strong> - \u0406\u0434\u0435\u0430\u043b\u044c\u043d\u043e \u043f\u0456\u0434\u0445\u043e\u0434\u0438\u0442\u044c \u0434\u043b\u044f \u0442\u043e\u0447\u043d\u043e\u0433\u043e \u0444\u043e\u0440\u043c\u0443\u0432\u0430\u043d\u043d\u044f \u0434\u0435\u0440\u0435\u0432 \u0456 \u043a\u0443\u0449\u0456\u0432.<\/li>\n<li data-start=\"874\" data-end=\"1158\"><strong data-start=\"962\" data-end=\"984\">\u0429\u0435\u043f\u043b\u0435\u043d\u043d\u044f \u0440\u043e\u0441\u043b\u0438\u043d<\/strong> - \u043d\u0435\u0437\u0430\u043c\u0456\u043d\u043d\u0438\u0439 \u0434\u043b\u044f \u043f\u043b\u043e\u0434\u0456\u0432\u043d\u0438\u043a\u0456\u0432 \u0456 \u0441\u0430\u0434\u0456\u0432\u043d\u0438\u043a\u0456\u0432, \u044f\u043a\u0456 \u0441\u043f\u0435\u0446\u0456\u0430\u043b\u0456\u0437\u0443\u044e\u0442\u044c\u0441\u044f \u043d\u0430 \u043f\u0440\u0438\u0449\u0435\u043f\u043b\u0435\u043d\u043d\u0456.<\/li>\n<li data-start=\"874\" data-end=\"1158\"><strong data-start=\"1066\" data-end=\"1100\">\u041f\u0440\u043e\u0444\u0435\u0441\u0456\u0439\u043d\u0435 \u0441\u0430\u0434\u0456\u0432\u043d\u0438\u0446\u0442\u0432\u043e<\/strong> - \u043d\u0435\u0437\u0430\u043c\u0456\u043d\u043d\u0438\u0439 \u0443 \u0434\u043e\u0433\u043b\u044f\u0434\u0456 \u0437\u0430 \u0441\u0430\u0434\u0430\u043c\u0438, \u0440\u043e\u0437\u043f\u043b\u0456\u0434\u043d\u0438\u043a\u0430\u043c\u0438 \u0442\u0430 \u0433\u043e\u0440\u043e\u0434\u0430\u043c\u0438.<\/li>\n<\/ul>\n<h3 data-start=\"1160\" data-end=\"1219\"><strong data-start=\"1164\" data-end=\"1217\">\u0427\u043e\u043c\u0443 \u0432\u0430\u0440\u0442\u043e \u043e\u0431\u0440\u0430\u0442\u0438 \u0437\u043c\u0456\u043d\u043d\u0438\u0439 \u043d\u0456\u0436 SGS18 Scionon?<\/strong><\/h3>\n<p data-start=\"1221\" data-end=\"1465\" data-is-last-node=\"\" data-is-only-node=\"\">\u0417\u043c\u0456\u043d\u043d\u0435 \u043b\u0435\u0437\u043e Scionon SGS18 - \u0446\u0435 \u043d\u0430\u0434\u0456\u0439\u043d\u0435 \u0440\u0456\u0448\u0435\u043d\u043d\u044f \u0434\u043b\u044f \u0442\u0438\u0445, \u0445\u0442\u043e \u0446\u0456\u043d\u0443\u0454 \u044f\u043a\u0456\u0441\u0442\u044c, \u0442\u043e\u0447\u043d\u0456\u0441\u0442\u044c \u0456 \u0434\u043e\u0432\u0433\u043e\u0432\u0456\u0447\u043d\u0456\u0441\u0442\u044c. \u041c\u0456\u0446\u043d\u0430 \u043a\u043e\u043d\u0441\u0442\u0440\u0443\u043a\u0446\u0456\u044f \u0442\u0430 \u043f\u0440\u043e\u0441\u0442\u043e\u0442\u0430 \u0437\u0430\u043c\u0456\u043d\u0438 \u0440\u043e\u0431\u043b\u044f\u0442\u044c \u0439\u043e\u0433\u043e \u0447\u0443\u0434\u043e\u0432\u0438\u043c \u0432\u0438\u0431\u043e\u0440\u043e\u043c \u044f\u043a \u0434\u043b\u044f \u043f\u0440\u043e\u0444\u0435\u0441\u0456\u043e\u043d\u0430\u043b\u0456\u0432, \u0442\u0430\u043a \u0456 \u0434\u043b\u044f \u043b\u044e\u0431\u0438\u0442\u0435\u043b\u0456\u0432 \u0441\u0430\u0434\u0456\u0432\u043d\u0438\u0446\u0442\u0432\u0430.<\/p>","protected":false},"excerpt":{"rendered":"<p>N\u00f3\u017c wymienny do sekatora SGS18 N\u00f3\u017c wymienny do sekatora SGS18 marki Scionon to wysokiej jako\u015bci ostrze przeznaczone do precyzyjnego przycinania i szczepienia ro\u015blin. Wykonany z trwa\u0142ych materia\u0142\u00f3w, zapewnia d\u0142ug\u0105 \u017cywotno\u015b\u0107 i doskona\u0142\u0105 ostro\u015b\u0107, co gwarantuje czyste i dok\u0142adne ci\u0119cie. Najwa\u017cniejsze cechy: Precyzja ci\u0119cia \u2013 idealnie dopasowany do sekatora SGS18, zapewnia czyste i dok\u0142adne ci\u0119cia. Wysokiej [&hellip;]<\/p>","protected":false},"featured_media":4807,"template":"","meta":{"site-sidebar-layout":"default","site-content-layout":"","ast-site-content-layout":"default","site-content-style":"default","site-sidebar-style":"default","ast-global-header-display":"","ast-banner-title-visibility":"","ast-main-header-display":"","ast-hfb-above-header-display":"","ast-hfb-below-header-display":"","ast-hfb-mobile-header-display":"","site-post-title":"","ast-breadcrumbs-content":"","ast-featured-img":"","footer-sml-layout":"","theme-transparent-header-meta":"default","adv-header-id-meta":"","stick-header-meta":"default","header-above-stick-meta":"","header-main-stick-meta":"","header-below-stick-meta":"","astra-migrate-meta-layouts":"set","ast-page-background-enabled":"default","ast-page-background-meta":{"desktop":{"background-color":"var(--ast-global-color-4)","background-image":"","background-repeat":"repeat","background-position":"center center","background-size":"auto","background-attachment":"scroll","background-type":"","background-media":"","overlay-type":"","overlay-color":"","overlay-opacity":"","overlay-gradient":""},"tablet":{"background-color":"","background-image":"","background-repeat":"repeat","background-position":"center center","background-size":"auto","background-attachment":"scroll","background-type":"","background-media":"","overlay-type":"","overlay-color":"","overlay-opacity":"","overlay-gradient":""},"mobile":{"background-color":"","background-image":"","background-repeat":"repeat","background-position":"center center","background-size":"auto","background-attachment":"scroll","background-type":"","background-media":"","overlay-type":"","overlay-color":"","overlay-opacity":"","overlay-gradient":""}},"ast-content-background-meta":{"desktop":{"background-color":"var(--ast-global-color-5)","background-image":"","background-repeat":"repeat","background-position":"center center","background-size":"auto","background-attachment":"scroll","background-type":"","background-media":"","overlay-type":"","overlay-color":"","overlay-opacity":"","overlay-gradient":""},"tablet":{"background-color":"var(--ast-global-color-5)","background-image":"","background-repeat":"repeat","background-position":"center center","background-size":"auto","background-attachment":"scroll","background-type":"","background-media":"","overlay-type":"","overlay-color":"","overlay-opacity":"","overlay-gradient":""},"mobile":{"background-color":"var(--ast-global-color-5)","background-image":"","background-repeat":"repeat","background-position":"center center","background-size":"auto","background-attachment":"scroll","background-type":"","background-media":"","overlay-type":"","overlay-color":"","overlay-opacity":"","overlay-gradient":""}}},"product_brand":[],"product_cat":[351],"product_tag":[],"class_list":{"0":"post-4805","1":"product","2":"type-product","3":"status-publish","4":"has-post-thumbnail","6":"product_cat-noz-wymienny-do-sekatora","7":"desktop-align-left","8":"tablet-align-left","9":"mobile-align-left","10":"ast-product-gallery-layout-horizontal","11":"ast-product-tabs-layout-horizontal","13":"first","14":"instock","15":"shipping-taxable","16":"product-type-simple"},"_links":{"self":[{"href":"https:\/\/wimar.net\/uk\/wp-json\/wp\/v2\/product\/4805","targetHints":{"allow":["GET"]}}],"collection":[{"href":"https:\/\/wimar.net\/uk\/wp-json\/wp\/v2\/product"}],"about":[{"href":"https:\/\/wimar.net\/uk\/wp-json\/wp\/v2\/types\/product"}],"version-history":[{"count":2,"href":"https:\/\/wimar.net\/uk\/wp-json\/wp\/v2\/product\/4805\/revisions"}],"predecessor-version":[{"id":7365,"href":"https:\/\/wimar.net\/uk\/wp-json\/wp\/v2\/product\/4805\/revisions\/7365"}],"wp:featuredmedia":[{"embeddable":true,"href":"https:\/\/wimar.net\/uk\/wp-json\/wp\/v2\/media\/4807"}],"wp:attachment":[{"href":"https:\/\/wimar.net\/uk\/wp-json\/wp\/v2\/media?parent=4805"}],"wp:term":[{"taxonomy":"product_brand","embeddable":true,"href":"https:\/\/wimar.net\/uk\/wp-json\/wp\/v2\/product_brand?post=4805"},{"taxonomy":"product_cat","embeddable":true,"href":"https:\/\/wimar.net\/uk\/wp-json\/wp\/v2\/product_cat?post=4805"},{"taxonomy":"product_tag","embeddable":true,"href":"https:\/\/wimar.net\/uk\/wp-json\/wp\/v2\/product_tag?post=4805"}],"curies":[{"name":"wp","href":"https:\/\/api.w.org\/{rel}","templated":true}]}}