{"id":4817,"date":"2025-02-27T15:24:18","date_gmt":"2025-02-27T14:24:18","guid":{"rendered":"https:\/\/wimar.net\/?post_type=product&#038;p=4817"},"modified":"2026-02-11T13:18:41","modified_gmt":"2026-02-11T12:18:41","slug":"%d1%82%d1%80%d0%b5%d0%bd%d1%83%d0%b2%d0%b0%d0%bb%d1%8c%d0%bd%d1%96-%d0%bf%d0%b0%d0%bb%d0%b8%d1%86%d1%96-%d0%b7%d1%96-%d1%81%d0%ba%d0%bb%d0%be%d0%b2%d0%be%d0%bb%d0%be%d0%ba%d0%bd%d0%b0-130%d1%81%d0%bcx-2","status":"publish","type":"product","link":"https:\/\/wimar.net\/uk\/product-2\/%d1%82%d1%80%d0%b5%d0%bd%d1%83%d0%b2%d0%b0%d0%bb%d1%8c%d0%bd%d1%96-%d0%bf%d0%b0%d0%bb%d0%b8%d1%86%d1%96-%d0%b7%d1%96-%d1%81%d0%ba%d0%bb%d0%be%d0%b2%d0%be%d0%bb%d0%be%d0%ba%d0%bd%d0%b0-130%d1%81%d0%bcx-2\/","title":{"rendered":"\u0421\u043a\u043b\u043e\u0432\u043e\u043b\u043e\u043a\u043e\u043d\u043d\u0456 \u0441\u0442\u043e\u0432\u043f\u0438, \u043a\u0456\u043b\u043a\u0438 \u0434\u043b\u044f \u0441\u0430\u0434\u043e\u0447\u043a\u0456\u0432 130\u0441\u043c\u04457\u043c\u043c"},"content":{"rendered":"<h3 data-start=\"0\" data-end=\"66\">\u0421\u043a\u043b\u043e\u0432\u043e\u043b\u043e\u043a\u043e\u043d\u043d\u0456 \u0441\u0442\u043e\u0432\u043f\u0438 \u0434\u043b\u044f \u0434\u0438\u0442\u044f\u0447\u0438\u0445 \u043a\u0456\u043c\u043d\u0430\u0442<\/h3>\n<p data-start=\"68\" data-end=\"342\">\u0421\u043a\u043b\u043e\u0432\u043e\u043b\u043e\u043a\u043e\u043d\u043d\u0456 \u0441\u0442\u043e\u0432\u043f\u0438 \u0434\u043b\u044f \u0440\u043e\u0437\u0441\u0430\u0434\u043d\u0438\u043a\u0456\u0432 - \u0446\u0435 \u043c\u0456\u0446\u043d\u0435 \u0456 \u043d\u0430\u0434\u0456\u0439\u043d\u0435 \u0440\u0456\u0448\u0435\u043d\u043d\u044f \u0434\u043b\u044f \u043f\u0456\u0434\u0442\u0440\u0438\u043c\u043a\u0438 \u0440\u043e\u0441\u043b\u0438\u043d \u0443 \u0440\u043e\u0437\u0441\u0430\u0434\u043d\u0438\u043a\u0430\u0445, \u0441\u0430\u0434\u0430\u0445 \u0456 \u0433\u043e\u0440\u043e\u0434\u0430\u0445. \u0417\u0430\u0432\u0434\u044f\u043a\u0438 \u0441\u0432\u043e\u0457\u0439 \u0433\u043d\u0443\u0447\u043a\u043e\u0441\u0442\u0456 \u0442\u0430 \u0441\u0442\u0456\u0439\u043a\u043e\u0441\u0442\u0456 \u0434\u043e \u043f\u043e\u0433\u043e\u0434\u043d\u0438\u0445 \u0443\u043c\u043e\u0432 \u0432\u043e\u043d\u0438 \u0454 \u0447\u0443\u0434\u043e\u0432\u043e\u044e \u0430\u043b\u044c\u0442\u0435\u0440\u043d\u0430\u0442\u0438\u0432\u043e\u044e \u0442\u0440\u0430\u0434\u0438\u0446\u0456\u0439\u043d\u0438\u043c \u0434\u0435\u0440\u0435\u0432'\u044f\u043d\u0438\u043c \u043a\u0456\u043b\u043a\u0430\u043c.<\/p>\n<h3 data-start=\"344\" data-end=\"375\"><strong data-start=\"349\" data-end=\"373\">\u041e\u0441\u043d\u043e\u0432\u043d\u0456 \u0445\u0430\u0440\u0430\u043a\u0442\u0435\u0440\u0438\u0441\u0442\u0438\u043a\u0438:<\/strong><\/h3>\n<ul>\n<li data-start=\"377\" data-end=\"988\"><strong data-start=\"379\" data-end=\"396\">\u0421\u0442\u0456\u0439\u043a\u0456\u0441\u0442\u044c:<\/strong> \u0421\u0442\u0456\u0439\u043a\u0456 \u0434\u043e \u0437\u043b\u0430\u043c\u0443 \u0442\u0430 \u043c\u0435\u0445\u0430\u043d\u0456\u0447\u043d\u0438\u0445 \u043f\u043e\u0448\u043a\u043e\u0434\u0436\u0435\u043d\u044c, \u0432\u043e\u043d\u0438 \u0437\u0431\u0435\u0440\u0456\u0433\u0430\u044e\u0442\u044c \u0441\u0432\u043e\u044e \u0444\u0443\u043d\u043a\u0446\u0456\u043e\u043d\u0430\u043b\u044c\u043d\u0456\u0441\u0442\u044c \u043f\u0440\u043e\u0442\u044f\u0433\u043e\u043c \u0431\u0430\u0433\u0430\u0442\u044c\u043e\u0445 \u0440\u043e\u043a\u0456\u0432.<\/li>\n<li data-start=\"377\" data-end=\"988\"><strong data-start=\"498\" data-end=\"537\">\u0421\u0442\u0456\u0439\u043a\u0456\u0441\u0442\u044c \u0434\u043e \u043f\u043e\u0433\u043e\u0434\u043d\u0438\u0445 \u0443\u043c\u043e\u0432:<\/strong> \u0412\u043e\u043d\u0438 \u043d\u0435 \u0432\u0431\u0438\u0440\u0430\u044e\u0442\u044c \u0432\u043e\u0434\u0443, \u043d\u0435 \u0433\u043d\u0438\u044e\u0442\u044c \u0456 \u043d\u0435 \u043f\u0456\u0434\u0434\u0430\u044e\u0442\u044c\u0441\u044f \u043a\u043e\u0440\u043e\u0437\u0456\u0457, \u0449\u043e \u0440\u043e\u0431\u0438\u0442\u044c \u0457\u0445 \u0441\u0442\u0456\u0439\u043a\u0438\u043c\u0438 \u0434\u043e \u0434\u043e\u0449\u0443, \u0441\u043d\u0456\u0433\u0443 \u0442\u0430 \u0443\u043b\u044c\u0442\u0440\u0430\u0444\u0456\u043e\u043b\u0435\u0442\u043e\u0432\u043e\u0433\u043e \u0432\u0438\u043f\u0440\u043e\u043c\u0456\u043d\u044e\u0432\u0430\u043d\u043d\u044f.<\/li>\n<li data-start=\"377\" data-end=\"988\"><strong data-start=\"647\" data-end=\"664\">\u0413\u043d\u0443\u0447\u043a\u0456\u0441\u0442\u044c:<\/strong> \u0412\u043e\u043d\u0438 \u043f\u0440\u0438\u0441\u0442\u043e\u0441\u043e\u0432\u0443\u044e\u0442\u044c\u0441\u044f \u0434\u043e \u0440\u043e\u0441\u0442\u0443 \u0440\u043e\u0441\u043b\u0438\u043d, \u0437\u0430\u0431\u0435\u0437\u043f\u0435\u0447\u0443\u044e\u0447\u0438 \u0441\u0442\u0430\u0431\u0456\u043b\u044c\u043d\u0443 \u043f\u0456\u0434\u0442\u0440\u0438\u043c\u043a\u0443 \u0431\u0435\u0437 \u0440\u0438\u0437\u0438\u043a\u0443 \u043f\u043e\u0448\u043a\u043e\u0434\u0436\u0435\u043d\u043d\u044f \u0441\u0442\u0435\u0431\u0435\u043b.<\/li>\n<li data-start=\"377\" data-end=\"988\"><strong data-start=\"768\" data-end=\"780\">\u041b\u0435\u0433\u043a\u0456\u0441\u0442\u044c:<\/strong> \u041b\u0435\u0433\u043a\u043e \u0442\u0440\u0430\u043d\u0441\u043f\u043e\u0440\u0442\u0443\u0454\u0442\u044c\u0441\u044f \u0456 \u0437\u0431\u0438\u0440\u0430\u0454\u0442\u044c\u0441\u044f, \u0430\u043b\u0435 \u0434\u043e\u0441\u0442\u0430\u0442\u043d\u044c\u043e \u0441\u0442\u0456\u0439\u043a\u0438\u0439, \u0449\u043e\u0431 \u043f\u0456\u0434\u0442\u0440\u0438\u043c\u0443\u0432\u0430\u0442\u0438 \u043d\u0430\u0432\u0456\u0442\u044c \u0431\u0456\u043b\u044c\u0448\u0456 \u0440\u043e\u0441\u043b\u0438\u043d\u0438.<\/li>\n<li data-start=\"377\" data-end=\"988\"><strong data-start=\"890\" data-end=\"909\">\u0411\u0435\u0437\u043f\u0435\u043a\u0430:<\/strong> \u0413\u043b\u0430\u0434\u043a\u0430 \u043f\u043e\u0432\u0435\u0440\u0445\u043d\u044f \u043c\u0456\u043d\u0456\u043c\u0456\u0437\u0443\u0454 \u0440\u0438\u0437\u0438\u043a \u0441\u0442\u0438\u0440\u0430\u043d\u043d\u044f \u0442\u0430 \u043f\u043e\u0448\u043a\u043e\u0434\u0436\u0435\u043d\u043d\u044f \u043d\u0456\u0436\u043d\u0438\u0445 \u043f\u0430\u0433\u043e\u043d\u0456\u0432.<\/li>\n<li data-start=\"377\" data-end=\"988\"><strong>\u0414\u043e\u0432\u0436\u0438\u043d\u0430:<\/strong> 130 \u0441\u043c<\/li>\n<li data-start=\"377\" data-end=\"988\"><strong>\u0414\u0456\u0430\u043c\u0435\u0442\u0440:<\/strong> 7 \u043c\u043c<\/li>\n<\/ul>\n<h3 data-start=\"990\" data-end=\"1014\"><strong data-start=\"995\" data-end=\"1012\">\u0417\u0430\u044f\u0432\u043a\u0430:<\/strong><\/h3>\n<ul>\n<li data-start=\"1016\" data-end=\"1491\"><strong data-start=\"1019\" data-end=\"1050\">\u0420\u043e\u0437\u0441\u0430\u0434\u043d\u0438\u043a \u0456 \u0441\u0430\u0434\u0456\u0432\u043d\u0438\u0446\u0442\u0432\u043e:<\/strong> \u0406\u0434\u0435\u0430\u043b\u044c\u043d\u043e \u043f\u0456\u0434\u0445\u043e\u0434\u0438\u0442\u044c \u0434\u043b\u044f \u043f\u0456\u0434\u0442\u0440\u0438\u043c\u043a\u0438 \u043c\u043e\u043b\u043e\u0434\u0438\u0445 \u0434\u0435\u0440\u0435\u0432, \u043a\u0443\u0449\u0456\u0432 \u0456 \u0432\u0438\u0442\u043a\u0438\u0445 \u043e\u0432\u043e\u0447\u0456\u0432, \u0442\u0430\u043a\u0438\u0445 \u044f\u043a \u043f\u043e\u043c\u0456\u0434\u043e\u0440\u0438 \u0430\u0431\u043e \u043a\u0432\u0430\u0441\u043e\u043b\u044f.<\/li>\n<li data-start=\"1016\" data-end=\"1491\"><strong data-start=\"1157\" data-end=\"1173\">\u0421\u0430\u0434\u0456\u0432\u043d\u0438\u0446\u0442\u0432\u043e:<\/strong> \u0427\u0443\u0434\u043e\u0432\u043e \u043f\u0456\u0434\u0445\u043e\u0434\u0438\u0442\u044c \u044f\u043a \u043e\u043f\u043e\u0440\u0430 \u0434\u043b\u044f \u043f\u043b\u043e\u0434\u043e\u0432\u0438\u0445 \u0434\u0435\u0440\u0435\u0432 \u0443 \u043f\u0435\u0440\u0448\u0456 \u0440\u043e\u043a\u0438 \u0440\u043e\u0441\u0442\u0443.<\/li>\n<li data-start=\"1016\" data-end=\"1491\"><strong data-start=\"1253\" data-end=\"1285\">\u0422\u0443\u043d\u0435\u043b\u044c\u043d\u0456 \u043a\u0443\u043b\u044c\u0442\u0443\u0440\u0438 \u0442\u0430 \u0442\u0435\u043f\u043b\u0438\u0446\u0456:<\/strong> \u041f\u0456\u0434\u0442\u0440\u0438\u043c\u0443\u044e\u0442\u044c \u0440\u043e\u0441\u043b\u0438\u043d\u0438, \u0432\u0438\u0440\u043e\u0449\u0435\u043d\u0456 \u0432 \u043a\u043e\u043d\u0442\u0440\u043e\u043b\u044c\u043e\u0432\u0430\u043d\u0438\u0445 \u0443\u043c\u043e\u0432\u0430\u0445, \u0437\u0430\u0431\u0435\u0437\u043f\u0435\u0447\u0443\u044e\u0447\u0438 \u0457\u0445 \u043d\u0430\u043b\u0435\u0436\u043d\u0438\u0439 \u0440\u043e\u0437\u0432\u0438\u0442\u043e\u043a.<\/li>\n<li data-start=\"1016\" data-end=\"1491\"><strong data-start=\"1381\" data-end=\"1395\">\u0421\u0456\u043b\u044c\u0441\u044c\u043a\u0435 \u0433\u043e\u0441\u043f\u043e\u0434\u0430\u0440\u0441\u0442\u0432\u043e:<\/strong> \u0412\u0438\u043a\u043e\u0440\u0438\u0441\u0442\u043e\u0432\u0443\u0432\u0430\u043d\u0456 \u043d\u0430 \u0432\u0438\u043d\u043e\u0433\u0440\u0430\u0434\u043d\u0438\u0445 \u0456 \u0445\u043c\u0435\u043b\u0435\u0432\u0438\u0445 \u043f\u043b\u0430\u043d\u0442\u0430\u0446\u0456\u044f\u0445, \u0432\u043e\u043d\u0438 \u0434\u043e\u043f\u043e\u043c\u0430\u0433\u0430\u044e\u0442\u044c \u0441\u0444\u043e\u0440\u043c\u0443\u0432\u0430\u0442\u0438 \u043f\u0440\u0430\u0432\u0438\u043b\u044c\u043d\u0443 \u0437\u0432\u0438\u0447\u043a\u0443 \u0440\u043e\u0441\u043b\u0438\u043d.<\/li>\n<\/ul>\n<h3 data-start=\"1493\" data-end=\"1565\"><strong data-start=\"1498\" data-end=\"1563\">\u0427\u043e\u043c\u0443 \u0432\u0430\u0440\u0442\u043e \u043e\u0431\u0438\u0440\u0430\u0442\u0438 \u0441\u0442\u043e\u0432\u043f\u0438 \u0434\u043b\u044f \u0434\u0438\u0442\u044f\u0447\u0438\u0445 \u043a\u0456\u043c\u043d\u0430\u0442 \u0437\u0456 \u0441\u043a\u043b\u043e\u0432\u043e\u043b\u043e\u043a\u043d\u0430?<\/strong><\/h3>\n<p data-start=\"1567\" data-end=\"1898\" data-is-last-node=\"\" data-is-only-node=\"\">\u0421\u043a\u043b\u043e\u0432\u043e\u043b\u043e\u043a\u043e\u043d\u043d\u0456 \u043a\u0456\u043b\u043a\u0438 - \u0446\u0435 \u0456\u043d\u0432\u0435\u0441\u0442\u0438\u0446\u0456\u044f \u0432 \u0434\u043e\u0432\u0433\u043e\u0432\u0456\u0447\u043d\u0456\u0441\u0442\u044c \u0456 \u0437\u0440\u0443\u0447\u043d\u0456\u0441\u0442\u044c. \u0414\u043e\u0432\u0433\u043e\u0432\u0456\u0447\u043d\u0456\u0441\u0442\u044c, \u0441\u0442\u0456\u0439\u043a\u0456\u0441\u0442\u044c \u0434\u043e \u0437\u043e\u0432\u043d\u0456\u0448\u043d\u0456\u0445 \u0444\u0430\u043a\u0442\u043e\u0440\u0456\u0432 \u0442\u0430 \u0443\u043d\u0456\u0432\u0435\u0440\u0441\u0430\u043b\u044c\u043d\u0456\u0441\u0442\u044c \u0440\u043e\u0431\u043b\u044f\u0442\u044c \u0457\u0445 \u043d\u0435\u0437\u0430\u043c\u0456\u043d\u043d\u0438\u043c\u0438 \u0443 \u043f\u0440\u043e\u0444\u0435\u0441\u0456\u0439\u043d\u043e\u043c\u0443 \u0432\u0438\u0440\u043e\u0449\u0443\u0432\u0430\u043d\u043d\u0456 \u0442\u0430 \u0434\u043e\u043c\u0430\u0448\u043d\u0456\u0445 \u0441\u0430\u0434\u0430\u0445. \u041e\u0431\u0438\u0440\u0430\u044e\u0447\u0438 \u0457\u0445, \u0432\u0438 \u0437\u0430\u0431\u0435\u0437\u043f\u0435\u0447\u0443\u0454\u0442\u0435 \u0441\u0442\u0430\u0431\u0456\u043b\u044c\u043d\u0456\u0441\u0442\u044c \u0442\u0430 \u043e\u043f\u0442\u0438\u043c\u0430\u043b\u044c\u043d\u0456 \u0443\u043c\u043e\u0432\u0438 \u0440\u043e\u0441\u0442\u0443 \u0434\u043b\u044f \u0441\u0432\u043e\u0457\u0445 \u0440\u043e\u0441\u043b\u0438\u043d \u043d\u0430 \u0434\u043e\u0432\u0433\u0456 \u0440\u043e\u043a\u0438.<\/p>","protected":false},"excerpt":{"rendered":"<p>Tyczki szk\u00f3\u0142karskie z w\u0142\u00f3kna szklanego Tyczki szk\u00f3\u0142karskie wykonane z w\u0142\u00f3kna szklanego to trwa\u0142e i niezawodne rozwi\u0105zanie do podpierania ro\u015blin w szk\u00f3\u0142kach, ogrodach i sadach. Dzi\u0119ki swojej elastyczno\u015bci i odporno\u015bci na warunki atmosferyczne, stanowi\u0105 doskona\u0142\u0105 alternatyw\u0119 dla tradycyjnych palik\u00f3w drewnianych. Najwa\u017cniejsze cechy: Wytrzyma\u0142o\u015b\u0107: Odporne na z\u0142amania i uszkodzenia mechaniczne, zachowuj\u0105 swoj\u0105 funkcjonalno\u015b\u0107 przez d\u0142ugie lata. Odporno\u015b\u0107 [&hellip;]<\/p>","protected":false},"featured_media":4818,"template":"","meta":{"site-sidebar-layout":"default","site-content-layout":"","ast-site-content-layout":"default","site-content-style":"default","site-sidebar-style":"default","ast-global-header-display":"","ast-banner-title-visibility":"","ast-main-header-display":"","ast-hfb-above-header-display":"","ast-hfb-below-header-display":"","ast-hfb-mobile-header-display":"","site-post-title":"","ast-breadcrumbs-content":"","ast-featured-img":"","footer-sml-layout":"","theme-transparent-header-meta":"default","adv-header-id-meta":"","stick-header-meta":"default","header-above-stick-meta":"","header-main-stick-meta":"","header-below-stick-meta":"","astra-migrate-meta-layouts":"set","ast-page-background-enabled":"default","ast-page-background-meta":{"desktop":{"background-color":"var(--ast-global-color-4)","background-image":"","background-repeat":"repeat","background-position":"center center","background-size":"auto","background-attachment":"scroll","background-type":"","background-media":"","overlay-type":"","overlay-color":"","overlay-opacity":"","overlay-gradient":""},"tablet":{"background-color":"","background-image":"","background-repeat":"repeat","background-position":"center center","background-size":"auto","background-attachment":"scroll","background-type":"","background-media":"","overlay-type":"","overlay-color":"","overlay-opacity":"","overlay-gradient":""},"mobile":{"background-color":"","background-image":"","background-repeat":"repeat","background-position":"center center","background-size":"auto","background-attachment":"scroll","background-type":"","background-media":"","overlay-type":"","overlay-color":"","overlay-opacity":"","overlay-gradient":""}},"ast-content-background-meta":{"desktop":{"background-color":"var(--ast-global-color-5)","background-image":"","background-repeat":"repeat","background-position":"center center","background-size":"auto","background-attachment":"scroll","background-type":"","background-media":"","overlay-type":"","overlay-color":"","overlay-opacity":"","overlay-gradient":""},"tablet":{"background-color":"var(--ast-global-color-5)","background-image":"","background-repeat":"repeat","background-position":"center center","background-size":"auto","background-attachment":"scroll","background-type":"","background-media":"","overlay-type":"","overlay-color":"","overlay-opacity":"","overlay-gradient":""},"mobile":{"background-color":"var(--ast-global-color-5)","background-image":"","background-repeat":"repeat","background-position":"center center","background-size":"auto","background-attachment":"scroll","background-type":"","background-media":"","overlay-type":"","overlay-color":"","overlay-opacity":"","overlay-gradient":""}}},"product_brand":[],"product_cat":[319],"product_tag":[],"class_list":{"0":"post-4817","1":"product","2":"type-product","3":"status-publish","4":"has-post-thumbnail","6":"product_cat-tyczka-130x7","7":"desktop-align-left","8":"tablet-align-left","9":"mobile-align-left","10":"ast-product-gallery-layout-horizontal","11":"ast-product-tabs-layout-horizontal","13":"first","14":"instock","15":"shipping-taxable","16":"product-type-simple"},"_links":{"self":[{"href":"https:\/\/wimar.net\/uk\/wp-json\/wp\/v2\/product\/4817","targetHints":{"allow":["GET"]}}],"collection":[{"href":"https:\/\/wimar.net\/uk\/wp-json\/wp\/v2\/product"}],"about":[{"href":"https:\/\/wimar.net\/uk\/wp-json\/wp\/v2\/types\/product"}],"version-history":[{"count":1,"href":"https:\/\/wimar.net\/uk\/wp-json\/wp\/v2\/product\/4817\/revisions"}],"predecessor-version":[{"id":4820,"href":"https:\/\/wimar.net\/uk\/wp-json\/wp\/v2\/product\/4817\/revisions\/4820"}],"wp:featuredmedia":[{"embeddable":true,"href":"https:\/\/wimar.net\/uk\/wp-json\/wp\/v2\/media\/4818"}],"wp:attachment":[{"href":"https:\/\/wimar.net\/uk\/wp-json\/wp\/v2\/media?parent=4817"}],"wp:term":[{"taxonomy":"product_brand","embeddable":true,"href":"https:\/\/wimar.net\/uk\/wp-json\/wp\/v2\/product_brand?post=4817"},{"taxonomy":"product_cat","embeddable":true,"href":"https:\/\/wimar.net\/uk\/wp-json\/wp\/v2\/product_cat?post=4817"},{"taxonomy":"product_tag","embeddable":true,"href":"https:\/\/wimar.net\/uk\/wp-json\/wp\/v2\/product_tag?post=4817"}],"curies":[{"name":"wp","href":"https:\/\/api.w.org\/{rel}","templated":true}]}}