{"id":4828,"date":"2025-03-04T09:23:59","date_gmt":"2025-03-04T08:23:59","guid":{"rendered":"https:\/\/wimar.net\/?post_type=product&#038;p=4828"},"modified":"2025-03-25T10:42:54","modified_gmt":"2025-03-25T09:42:54","slug":"%d1%82%d1%80%d0%b5%d0%bd%d0%b0%d0%b6%d0%b5%d1%80-%d0%b3%d1%96%d0%bb%d1%8c%d0%b9%d0%be%d1%82%d0%b8%d0%bd%d0%b0-scionon-sgc6","status":"publish","type":"product","link":"https:\/\/wimar.net\/uk\/product-2\/%d1%82%d1%80%d0%b5%d0%bd%d0%b0%d0%b6%d0%b5%d1%80-%d0%b3%d1%96%d0%bb%d1%8c%d0%b9%d0%be%d1%82%d0%b8%d0%bd%d0%b0-scionon-sgc6\/","title":{"rendered":"\u0413\u0456\u043b\u044c\u0439\u043e\u0442\u0438\u043d\u0430 \u0434\u043b\u044f \u0440\u043e\u0437\u0441\u0430\u0434\u043d\u0438\u043a\u0430 SCIONON SGC6"},"content":{"rendered":"<h3 data-start=\"0\" data-end=\"66\">\u0420\u043e\u0437\u043f\u043b\u0456\u0434\u043d\u0438\u043a \u0433\u0456\u043b\u044c\u0439\u043e\u0442\u0438\u043d\u0438<\/h3>\n<p data-start=\"68\" data-end=\"342\">\u0413\u0456\u043b\u044c\u0439\u043e\u0442\u0438\u043d\u0430 Scionon - \u0446\u0435 \u043d\u0430\u0441\u0442\u0456\u043b\u044c\u043d\u0438\u0439 \u043f\u0440\u0438\u0441\u0442\u0440\u0456\u0439, \u044f\u043a\u0438\u0439 \u0437\u0430\u0431\u0435\u0437\u043f\u0435\u0447\u0443\u0454 \u0431\u0456\u043b\u044c\u0448\u0443 \u0431\u0435\u0437\u043f\u0435\u043a\u0443 \u0456 \u043f\u0440\u043e\u0434\u0443\u043a\u0442\u0438\u0432\u043d\u0456\u0441\u0442\u044c \u044f\u043a \u0434\u043b\u044f \u043f\u043e\u0447\u0430\u0442\u043a\u0456\u0432\u0446\u0456\u0432, \u0442\u0430\u043a \u0456 \u0434\u043b\u044f \u0434\u043e\u0441\u0432\u0456\u0434\u0447\u0435\u043d\u0438\u0445 \u0440\u043e\u0437\u0441\u0430\u0434\u043d\u0438\u043a\u0456\u0432. \u0417 \u0439\u043e\u0433\u043e \u0434\u043e\u043f\u043e\u043c\u043e\u0433\u043e\u044e \u0432\u0438 \u0437\u043c\u043e\u0436\u0435\u0442\u0435 \u043b\u0435\u0433\u043a\u043e \u0456 \u0442\u043e\u0447\u043d\u043e \u043f\u0440\u0438\u0449\u0435\u043f\u043b\u044e\u0432\u0430\u0442\u0438 \u0442\u0435\u0445\u043d\u0456\u0447\u043d\u043e \u0441\u043a\u043b\u0430\u0434\u043d\u0456 \u0449\u0435\u043f\u0438 \u0437 \u043f\u043e\u0434\u0432\u0456\u0439\u043d\u0438\u043c \u0437\u0440\u0456\u0437\u043e\u043c \u0430\u0431\u043e \u043f\u043e\u043f\u0435\u0440\u0435\u0434\u043d\u044c\u043e \u0433\u043e\u0442\u0443\u0432\u0430\u0442\u0438 \u0436\u0438\u0432\u0446\u0456 \u0431\u0430\u0433\u0430\u0442\u044c\u043e\u0445 \u0456\u043d\u0448\u0438\u0445 \u0442\u0438\u043f\u0456\u0432 \u0449\u0435\u043f \u0434\u043b\u044f \u043f\u043e\u0434\u0430\u043b\u044c\u0448\u043e\u0433\u043e \u0432\u0438\u043a\u043e\u0440\u0438\u0441\u0442\u0430\u043d\u043d\u044f \u0432 \u043f\u043e\u043b\u044c\u043e\u0432\u0438\u0445 \u0443\u043c\u043e\u0432\u0430\u0445. \u0414\u043b\u044f \u0437\u0440\u0443\u0447\u043d\u043e\u0441\u0442\u0456 \u043f\u0440\u0438\u0441\u0442\u0440\u0456\u0439 \u0454 \u043f\u043e\u0440\u0442\u0430\u0442\u0438\u0432\u043d\u0438\u043c \u0456 \u043c\u043e\u0436\u0435 \u0432\u0438\u043a\u043e\u0440\u0438\u0441\u0442\u043e\u0432\u0443\u0432\u0430\u0442\u0438\u0441\u044f \u043d\u0430\u0432\u0456\u0442\u044c \u0443 \u043f\u043e\u043b\u044c\u043e\u0432\u0438\u0445 \u0443\u043c\u043e\u0432\u0430\u0445 \u043f\u043e\u0431\u043b\u0438\u0437\u0443 \u043c\u0456\u0441\u0446\u044f \u043f\u0440\u043e\u0432\u0435\u0434\u0435\u043d\u043d\u044f \u0440\u043e\u0431\u0456\u0442.<\/p>\n<h3 data-start=\"86\" data-end=\"112\"><strong data-start=\"86\" data-end=\"110\">\u041e\u0441\u043d\u043e\u0432\u043d\u0456 \u0445\u0430\u0440\u0430\u043a\u0442\u0435\u0440\u0438\u0441\u0442\u0438\u043a\u0438:<\/strong><\/h3>\n<ul>\n<li data-start=\"114\" data-end=\"708\"><strong data-start=\"116\" data-end=\"142\">\u0422\u043e\u0447\u043d\u0456\u0441\u0442\u044c \u0442\u0430 \u0435\u0444\u0435\u043a\u0442\u0438\u0432\u043d\u0456\u0441\u0442\u044c<\/strong> - SCIONON SGC6 \u0437\u0430\u0431\u0435\u0437\u043f\u0435\u0447\u0443\u0454 \u0448\u0432\u0438\u0434\u043a\u0435 \u0456 \u0442\u043e\u0447\u043d\u0435 \u0440\u0456\u0437\u0430\u043d\u043d\u044f \u043f\u0456\u0434\u0449\u0435\u043f \u0456 \u043f\u0440\u0438\u0449\u0435\u043f, \u0449\u043e \u043f\u0456\u0434\u0432\u0438\u0449\u0443\u0454 \u0435\u0444\u0435\u043a\u0442\u0438\u0432\u043d\u0456\u0441\u0442\u044c \u0449\u0435\u043f\u043b\u0435\u043d\u043d\u044f \u0440\u043e\u0441\u043b\u0438\u043d.<\/li>\n<li data-start=\"114\" data-end=\"708\"><strong data-start=\"262\" data-end=\"285\">\u041c\u0456\u0446\u043d\u0430 \u043a\u043e\u043d\u0441\u0442\u0440\u0443\u043a\u0446\u0456\u044f<\/strong> - \u0412\u0438\u0433\u043e\u0442\u043e\u0432\u043b\u0435\u043d\u0438\u0439 \u0437 \u0432\u0438\u0441\u043e\u043a\u043e\u044f\u043a\u0456\u0441\u043d\u0438\u0445 \u043c\u0430\u0442\u0435\u0440\u0456\u0430\u043b\u0456\u0432, \u0432\u0456\u043d \u0433\u0430\u0440\u0430\u043d\u0442\u0443\u0454 \u0434\u043e\u0432\u0433\u0438\u0439 \u0442\u0435\u0440\u043c\u0456\u043d \u0441\u043b\u0443\u0436\u0431\u0438 \u0442\u0430 \u043d\u0430\u0434\u0456\u0439\u043d\u0456\u0441\u0442\u044c \u0443 \u0432\u0438\u043a\u043e\u0440\u0438\u0441\u0442\u0430\u043d\u043d\u0456.<\/li>\n<li data-start=\"114\" data-end=\"708\"><strong data-start=\"387\" data-end=\"410\">\u0415\u0440\u0433\u043e\u043d\u043e\u043c\u0456\u0447\u043d\u0438\u0439 \u0434\u0438\u0437\u0430\u0439\u043d<\/strong> - \u0406\u043d\u0442\u0443\u0457\u0442\u0438\u0432\u043d\u043e \u0437\u0440\u043e\u0437\u0443\u043c\u0456\u043b\u0435 \u0443\u043f\u0440\u0430\u0432\u043b\u0456\u043d\u043d\u044f \u0434\u043e\u0437\u0432\u043e\u043b\u044f\u0454 \u043a\u043e\u043c\u0444\u043e\u0440\u0442\u043d\u043e \u043f\u0440\u0430\u0446\u044e\u0432\u0430\u0442\u0438 \u043d\u0430\u0432\u0456\u0442\u044c \u0437 \u0432\u0435\u043b\u0438\u043a\u043e\u044e \u043a\u0456\u043b\u044c\u043a\u0456\u0441\u0442\u044e \u0449\u0435\u043f\u043b\u0435\u043d\u044c.<\/li>\n<li data-start=\"114\" data-end=\"708\"><strong data-start=\"606\" data-end=\"629\">\u041f\u0440\u043e\u0441\u0442\u043e\u0442\u0430 \u0432\u0438\u043a\u043e\u0440\u0438\u0441\u0442\u0430\u043d\u043d\u044f<\/strong> - \u041d\u0438\u043c \u043c\u043e\u0436\u0443\u0442\u044c \u043a\u043e\u0440\u0438\u0441\u0442\u0443\u0432\u0430\u0442\u0438\u0441\u044f \u044f\u043a \u043f\u0440\u043e\u0444\u0435\u0441\u0456\u043e\u043d\u0430\u043b\u0438, \u0442\u0430\u043a \u0456 \u043f\u043e\u0447\u0430\u0442\u043a\u0456\u0432\u0446\u0456.<\/li>\n<\/ul>\n<h3 data-start=\"710\" data-end=\"729\"><strong data-start=\"710\" data-end=\"727\">\u0417\u0430\u044f\u0432\u043a\u0430:<\/strong><\/h3>\n<ul>\n<li data-start=\"731\" data-end=\"1060\"><strong data-start=\"734\" data-end=\"764\">\u0420\u043e\u0437\u0441\u0430\u0434\u043d\u0438\u0446\u0442\u0432\u043e \u0442\u0430 \u043f\u043b\u043e\u0434\u0456\u0432\u043d\u0438\u0446\u0442\u0432\u043e<\/strong> - \u0406\u0434\u0435\u0430\u043b\u044c\u043d\u043e \u043f\u0456\u0434\u0445\u043e\u0434\u0438\u0442\u044c \u0434\u043b\u044f \u0442\u043e\u0447\u043d\u043e\u0433\u043e \u0449\u0435\u043f\u043b\u0435\u043d\u043d\u044f \u043f\u043b\u043e\u0434\u043e\u0432\u0438\u0445 \u0434\u0435\u0440\u0435\u0432, \u043a\u0443\u0449\u0456\u0432 \u0442\u0430 \u0434\u0435\u043a\u043e\u0440\u0430\u0442\u0438\u0432\u043d\u0438\u0445 \u0440\u043e\u0441\u043b\u0438\u043d.<\/li>\n<li data-start=\"731\" data-end=\"1060\"><strong data-start=\"855\" data-end=\"877\">\u0420\u043e\u0441\u043b\u0438\u043d\u043d\u0438\u0446\u0442\u0432\u043e<\/strong> - \u041d\u0435\u0437\u0430\u043c\u0456\u043d\u043d\u0438\u0439 \u0434\u043b\u044f \u043f\u0440\u043e\u0444\u0435\u0441\u0456\u0439\u043d\u0438\u0445 \u0440\u043e\u0437\u0441\u0430\u0434\u043d\u0438\u043a\u0456\u0432 \u0442\u0430 \u0444\u0435\u0440\u043c\u0435\u0440\u0441\u044c\u043a\u0438\u0445 \u0433\u043e\u0441\u043f\u043e\u0434\u0430\u0440\u0441\u0442\u0432.<\/li>\n<li data-start=\"731\" data-end=\"1060\"><strong data-start=\"967\" data-end=\"991\">\u0421\u0435\u043c\u0456\u043d\u0430\u0440\u0438 \u0442\u0430 \u043d\u0430\u0432\u0447\u0430\u043d\u043d\u044f<\/strong> - \u0427\u0443\u0434\u043e\u0432\u0438\u0439 \u0456\u043d\u0441\u0442\u0440\u0443\u043c\u0435\u043d\u0442 \u0434\u043b\u044f \u0432\u0438\u0432\u0447\u0435\u043d\u043d\u044f \u0442\u0430 \u0432\u0434\u043e\u0441\u043a\u043e\u043d\u0430\u043b\u0435\u043d\u043d\u044f \u0442\u0435\u0445\u043d\u0456\u043a\u0438 \u0449\u0435\u043f\u043b\u0435\u043d\u043d\u044f.<\/li>\n<\/ul>\n<h3 data-start=\"1062\" data-end=\"1103\"><strong data-start=\"1062\" data-end=\"1101\">\u0427\u043e\u043c\u0443 \u0432\u0430\u0440\u0442\u043e \u043e\u0431\u0440\u0430\u0442\u0438 SCIONON SGC6?<\/strong><\/h3>\n<p data-start=\"1105\" data-end=\"1452\" data-is-last-node=\"\" data-is-only-node=\"\">\u0413\u0456\u043b\u044c\u0439\u043e\u0442\u0438\u043d\u0430 \u0434\u043b\u044f \u0440\u043e\u0437\u0441\u0430\u0434\u043d\u0438\u043a\u0456\u0432 SCIONON SGC6 - \u0446\u0435 \u0456\u043d\u043d\u043e\u0432\u0430\u0446\u0456\u0439\u043d\u0438\u0439 \u0456\u043d\u0441\u0442\u0440\u0443\u043c\u0435\u043d\u0442, \u044f\u043a\u0438\u0439 \u0437\u043d\u0430\u0447\u043d\u043e \u0441\u043f\u0440\u043e\u0449\u0443\u0454 \u0456 \u043f\u0440\u0438\u0441\u043a\u043e\u0440\u044e\u0454 \u043f\u0440\u043e\u0446\u0435\u0441 \u0449\u0435\u043f\u043b\u0435\u043d\u043d\u044f. \u0423\u043d\u0456\u0432\u0435\u0440\u0441\u0430\u043b\u044c\u043d\u0456\u0441\u0442\u044c, \u0442\u043e\u0447\u043d\u0456\u0441\u0442\u044c \u0456 \u043c\u0456\u0446\u043d\u0456\u0441\u0442\u044c \u0440\u043e\u0431\u043b\u044f\u0442\u044c \u0457\u0457 \u043d\u0435\u0437\u0430\u043c\u0456\u043d\u043d\u043e\u044e \u044f\u043a \u0434\u043b\u044f \u043f\u0440\u043e\u0444\u0435\u0441\u0456\u0439\u043d\u0438\u0445 \u0440\u043e\u0437\u0441\u0430\u0434\u043d\u0438\u043a\u0456\u0432, \u0442\u0430\u043a \u0456 \u0434\u043b\u044f \u043b\u044e\u0431\u0438\u0442\u0435\u043b\u0456\u0432. \u0417 \u0457\u0457 \u0434\u043e\u043f\u043e\u043c\u043e\u0433\u043e\u044e \u0432\u0438 \u0437\u043c\u043e\u0436\u0435\u0442\u0435 \u0434\u043e\u0441\u044f\u0433\u0442\u0438 \u0432\u0438\u0441\u043e\u043a\u043e\u0457 \u0435\u0444\u0435\u043a\u0442\u0438\u0432\u043d\u043e\u0441\u0442\u0456 \u0449\u0435\u043f\u043b\u0435\u043d\u043d\u044f \u0442\u0430 \u043f\u043e\u043a\u0440\u0430\u0449\u0438\u0442\u0438 \u044f\u043a\u0456\u0441\u0442\u044c \u0432\u0438\u0440\u043e\u0449\u0435\u043d\u0438\u0445 \u0440\u043e\u0441\u043b\u0438\u043d.<\/p>","protected":false},"excerpt":{"rendered":"<p>Gilotyna szk\u00f3\u0142karska Gilotyna Scionon jest to urz\u0105dzenie do monta\u017cu na stole, kt\u00f3re zapewnia wi\u0119ksze bezpiecze\u0144stwo i produktywno\u015b\u0107 od nowicjuszy po do\u015bwiadczonych szk\u00f3\u0142karzy. Dzi\u0119ki niemu masz mo\u017cliwo\u015b\u0107 \u0142atwego i dok\u0142adnego przeszczepu trudnych technicznie szczepie\u0144 z podw\u00f3jnym naci\u0119ciem lub wst\u0119pnego przygotowania zraz\u00f3w wielu innych r\u00f3\u017cnych typ\u00f3w przeszczep\u00f3w do p\u00f3\u017aniejszego wykorzystania w terenie. Dla wygody urz\u0105dzenie jest przeno\u015bne [&hellip;]<\/p>","protected":false},"featured_media":4830,"template":"","meta":{"site-sidebar-layout":"default","site-content-layout":"","ast-site-content-layout":"default","site-content-style":"default","site-sidebar-style":"default","ast-global-header-display":"","ast-banner-title-visibility":"","ast-main-header-display":"","ast-hfb-above-header-display":"","ast-hfb-below-header-display":"","ast-hfb-mobile-header-display":"","site-post-title":"","ast-breadcrumbs-content":"","ast-featured-img":"","footer-sml-layout":"","theme-transparent-header-meta":"default","adv-header-id-meta":"","stick-header-meta":"default","header-above-stick-meta":"","header-main-stick-meta":"","header-below-stick-meta":"","astra-migrate-meta-layouts":"set","ast-page-background-enabled":"default","ast-page-background-meta":{"desktop":{"background-color":"var(--ast-global-color-4)","background-image":"","background-repeat":"repeat","background-position":"center center","background-size":"auto","background-attachment":"scroll","background-type":"","background-media":"","overlay-type":"","overlay-color":"","overlay-opacity":"","overlay-gradient":""},"tablet":{"background-color":"","background-image":"","background-repeat":"repeat","background-position":"center center","background-size":"auto","background-attachment":"scroll","background-type":"","background-media":"","overlay-type":"","overlay-color":"","overlay-opacity":"","overlay-gradient":""},"mobile":{"background-color":"","background-image":"","background-repeat":"repeat","background-position":"center center","background-size":"auto","background-attachment":"scroll","background-type":"","background-media":"","overlay-type":"","overlay-color":"","overlay-opacity":"","overlay-gradient":""}},"ast-content-background-meta":{"desktop":{"background-color":"var(--ast-global-color-5)","background-image":"","background-repeat":"repeat","background-position":"center center","background-size":"auto","background-attachment":"scroll","background-type":"","background-media":"","overlay-type":"","overlay-color":"","overlay-opacity":"","overlay-gradient":""},"tablet":{"background-color":"var(--ast-global-color-5)","background-image":"","background-repeat":"repeat","background-position":"center center","background-size":"auto","background-attachment":"scroll","background-type":"","background-media":"","overlay-type":"","overlay-color":"","overlay-opacity":"","overlay-gradient":""},"mobile":{"background-color":"var(--ast-global-color-5)","background-image":"","background-repeat":"repeat","background-position":"center center","background-size":"auto","background-attachment":"scroll","background-type":"","background-media":"","overlay-type":"","overlay-color":"","overlay-opacity":"","overlay-gradient":""}}},"product_brand":[],"product_cat":[484],"product_tag":[],"class_list":{"0":"post-4828","1":"product","2":"type-product","3":"status-publish","4":"has-post-thumbnail","6":"product_cat-gilotyna-szkolkarska-scionon-sgc6","7":"desktop-align-left","8":"tablet-align-left","9":"mobile-align-left","10":"ast-product-gallery-layout-horizontal","11":"ast-product-tabs-layout-horizontal","13":"first","14":"instock","15":"shipping-taxable","16":"product-type-simple"},"_links":{"self":[{"href":"https:\/\/wimar.net\/uk\/wp-json\/wp\/v2\/product\/4828","targetHints":{"allow":["GET"]}}],"collection":[{"href":"https:\/\/wimar.net\/uk\/wp-json\/wp\/v2\/product"}],"about":[{"href":"https:\/\/wimar.net\/uk\/wp-json\/wp\/v2\/types\/product"}],"version-history":[{"count":1,"href":"https:\/\/wimar.net\/uk\/wp-json\/wp\/v2\/product\/4828\/revisions"}],"predecessor-version":[{"id":4833,"href":"https:\/\/wimar.net\/uk\/wp-json\/wp\/v2\/product\/4828\/revisions\/4833"}],"wp:featuredmedia":[{"embeddable":true,"href":"https:\/\/wimar.net\/uk\/wp-json\/wp\/v2\/media\/4830"}],"wp:attachment":[{"href":"https:\/\/wimar.net\/uk\/wp-json\/wp\/v2\/media?parent=4828"}],"wp:term":[{"taxonomy":"product_brand","embeddable":true,"href":"https:\/\/wimar.net\/uk\/wp-json\/wp\/v2\/product_brand?post=4828"},{"taxonomy":"product_cat","embeddable":true,"href":"https:\/\/wimar.net\/uk\/wp-json\/wp\/v2\/product_cat?post=4828"},{"taxonomy":"product_tag","embeddable":true,"href":"https:\/\/wimar.net\/uk\/wp-json\/wp\/v2\/product_tag?post=4828"}],"curies":[{"name":"wp","href":"https:\/\/api.w.org\/{rel}","templated":true}]}}