{"id":4834,"date":"2025-03-04T12:30:22","date_gmt":"2025-03-04T11:30:22","guid":{"rendered":"https:\/\/wimar.net\/?post_type=product&#038;p=4834"},"modified":"2025-11-20T13:33:43","modified_gmt":"2025-11-20T12:33:43","slug":"%d0%bd%d0%be%d0%b6%d0%b8%d1%86%d1%96-%d0%b4%d0%bb%d1%8f-%d1%89%d0%b5%d0%bf%d0%bb%d0%b5%d0%bd%d0%bd%d1%8f-scionon-sgm4-22r-scion-4-22mm","status":"publish","type":"product","link":"https:\/\/wimar.net\/uk\/product-2\/%d0%bd%d0%be%d0%b6%d0%b8%d1%86%d1%96-%d0%b4%d0%bb%d1%8f-%d1%89%d0%b5%d0%bf%d0%bb%d0%b5%d0%bd%d0%bd%d1%8f-scionon-sgm4-22r-scion-4-22mm\/","title":{"rendered":"Sekator do szczepienia, no\u017cyce szk\u00f3\u0142karskie SCIONON SGS4-22R (zrazy 4-22mm)"},"content":{"rendered":"<h3 data-start=\"0\" data-end=\"66\">\u0421\u0435\u043a\u0430\u0442\u043e\u0440 \u0434\u043b\u044f \u0449\u0435\u043f\u043b\u0435\u043d\u043d\u044f \u0432 \u0440\u043e\u0437\u0441\u0430\u0434\u043d\u0438\u043a\u0443<\/h3>\n<p data-start=\"68\" data-end=\"342\">Sekator do szczepie\u0144 Scionon SGS4-22R to niezwykle wszechstronne narz\u0119dzie pozwalaj\u0105ce na \u0142atwe i bezpieczne przygotowanie przez osoby niewykwalifikowane przynajmniej 6 typ\u00f3w szczep\u00f3w (zraz\u00f3w).<\/p>\n<h3 data-start=\"83\" data-end=\"109\"><strong data-start=\"83\" data-end=\"107\">\u041e\u0441\u043d\u043e\u0432\u043d\u0456 \u0445\u0430\u0440\u0430\u043a\u0442\u0435\u0440\u0438\u0441\u0442\u0438\u043a\u0438:<\/strong><\/h3>\n<ul>\n<li data-start=\"111\" data-end=\"844\"><strong data-start=\"114\" data-end=\"133\">\u0422\u043e\u0447\u043d\u0456\u0441\u0442\u044c \u0440\u0456\u0437\u0430\u043d\u043d\u044f<\/strong> \u2013 Sekator SCIONON SGS4-22R pozwala na dok\u0142adne ci\u0119cie zraz\u00f3w o \u015brednicy od 4 do 22 mm, co zapewnia wysok\u0105 skuteczno\u015b\u0107 szczepienia.<\/li>\n<li data-start=\"111\" data-end=\"844\"><strong data-start=\"270\" data-end=\"297\">\u0406\u043d\u043d\u043e\u0432\u0430\u0446\u0456\u0439\u043d\u0438\u0439 \u0434\u0438\u0437\u0430\u0439\u043d<\/strong> - \u0421\u043f\u0435\u0446\u0456\u0430\u043b\u044c\u043d\u043e \u0440\u043e\u0437\u0440\u043e\u0431\u043b\u0435\u043d\u0456 \u043b\u0435\u0437\u0430 \u0433\u0430\u0440\u0430\u043d\u0442\u0443\u044e\u0442\u044c \u0456\u0434\u0435\u0430\u043b\u044c\u043d\u0443 \u0432\u0456\u0434\u043f\u043e\u0432\u0456\u0434\u043d\u0456\u0441\u0442\u044c \u043c\u0456\u0436 \u043f\u0440\u0438\u0449\u0435\u043f\u0430\u043c\u0438 \u0442\u0430 \u043f\u0456\u0434\u0449\u0435\u043f\u0430\u043c\u0438, \u0437\u0431\u0456\u043b\u044c\u0448\u0443\u044e\u0447\u0438 \u0448\u0430\u043d\u0441\u0438 \u043d\u0430 \u0443\u0441\u043f\u0456\u0448\u043d\u0435 \u0449\u0435\u043f\u043b\u0435\u043d\u043d\u044f.<\/li>\n<li data-start=\"111\" data-end=\"844\"><strong data-start=\"430\" data-end=\"446\">\u041d\u0430\u0434\u0456\u0439\u043d\u0456\u0441\u0442\u044c<\/strong> - \u0412\u0438\u0433\u043e\u0442\u043e\u0432\u043b\u0435\u043d\u0456 \u0437 \u0432\u0438\u0441\u043e\u043a\u043e\u044f\u043a\u0456\u0441\u043d\u043e\u0457 \u043d\u0435\u0440\u0436\u0430\u0432\u0456\u044e\u0447\u043e\u0457 \u0441\u0442\u0430\u043b\u0456 \u0442\u0438\u043f\u0443 SAE-304 \u0442\u0430 \u043c\u0456\u0446\u043d\u0438\u0445 \u043c\u0430\u0442\u0435\u0440\u0456\u0430\u043b\u0456\u0432 \u0434\u043b\u044f \u0437\u0430\u0431\u0435\u0437\u043f\u0435\u0447\u0435\u043d\u043d\u044f \u0442\u0440\u0438\u0432\u0430\u043b\u043e\u0433\u043e \u0442\u0435\u0440\u043c\u0456\u043d\u0443 \u0441\u043b\u0443\u0436\u0431\u0438 \u0456\u043d\u0441\u0442\u0440\u0443\u043c\u0435\u043d\u0442\u0443.<\/li>\n<li data-start=\"111\" data-end=\"844\"><strong data-start=\"553\" data-end=\"575\">\u0417\u0440\u0443\u0447\u043d\u0456\u0441\u0442\u044c \u0432\u0438\u043a\u043e\u0440\u0438\u0441\u0442\u0430\u043d\u043d\u044f<\/strong> - \u0415\u0440\u0433\u043e\u043d\u043e\u043c\u0456\u0447\u043d\u0430 \u0440\u0443\u0447\u043a\u0430 \u043c\u0456\u043d\u0456\u043c\u0456\u0437\u0443\u0454 \u0432\u0442\u043e\u043c\u0443 \u0440\u0443\u043a \u043f\u0456\u0434 \u0447\u0430\u0441 \u0440\u043e\u0431\u043e\u0442\u0438, \u0437\u0430\u0431\u0435\u0437\u043f\u0435\u0447\u0443\u044e\u0447\u0438 \u043a\u043e\u043c\u0444\u043e\u0440\u0442\u043d\u0435 \u0432\u0438\u043a\u043e\u0440\u0438\u0441\u0442\u0430\u043d\u043d\u044f \u043f\u0440\u043e\u0442\u044f\u0433\u043e\u043c \u0442\u0440\u0438\u0432\u0430\u043b\u043e\u0433\u043e \u0447\u0430\u0441\u0443.<\/li>\n<li data-start=\"111\" data-end=\"844\"><strong data-start=\"701\" data-end=\"718\">\u0423\u043d\u0456\u0432\u0435\u0440\u0441\u0430\u043b\u044c\u043d\u0456\u0441\u0442\u044c<\/strong> - \u041f\u0456\u0434\u0445\u043e\u0434\u0438\u0442\u044c \u0434\u043b\u044f \u0449\u0435\u043f\u043b\u0435\u043d\u043d\u044f \u0448\u0438\u0440\u043e\u043a\u043e\u0433\u043e \u0441\u043f\u0435\u043a\u0442\u0440\u0443 \u043f\u043b\u043e\u0434\u043e\u0432\u0438\u0445 \u0456 \u0434\u0435\u043a\u043e\u0440\u0430\u0442\u0438\u0432\u043d\u0438\u0445 \u0434\u0435\u0440\u0435\u0432, \u044f\u043a \u0432 \u0440\u043e\u0437\u043f\u043b\u0456\u0434\u043d\u0438\u043a\u0430\u0445, \u0442\u0430\u043a \u0456 \u0432 \u0434\u043e\u043c\u0430\u0448\u043d\u0456\u0445 \u0441\u0430\u0434\u0430\u0445.<\/li>\n<li data-start=\"111\" data-end=\"844\"><strong>\u041c\u043e\u0434\u0435\u043b\u044c<\/strong> - \u0434\u043b\u044f \u043f\u0440\u0430\u0432\u0448\u0456\u0432<\/li>\n<li><strong>\u041f\u0430\u043a\u0443\u0432\u0430\u043d\u043d\u044f<\/strong> \u0432\u043a\u043b\u044e\u0447\u0430\u0454 2 \u0437\u0430\u043f\u0430\u0441\u043d\u0456 \u043b\u0435\u0437\u0430, \u0430 \u0442\u0430\u043a\u043e\u0436 \u0433\u0432\u0438\u043d\u0442\u0438 \u0442\u0430 \u0433\u0430\u0439\u043a\u043e\u0432\u0438\u0439 \u043a\u043b\u044e\u0447, \u043d\u0435\u043e\u0431\u0445\u0456\u0434\u043d\u0456 \u0434\u043b\u044f \u0457\u0445 \u0437\u0430\u043c\u0456\u043d\u0438<\/li>\n<\/ul>\n<h3 data-start=\"846\" data-end=\"865\"><strong data-start=\"846\" data-end=\"863\">\u0417\u0430\u044f\u0432\u043a\u0430:<\/strong><\/h3>\n<ul>\n<li data-start=\"867\" data-end=\"1186\"><strong data-start=\"869\" data-end=\"900\">\u0429\u0435\u043f\u043b\u0435\u043d\u043d\u044f \u043f\u043b\u043e\u0434\u043e\u0432\u0438\u0445 \u0434\u0435\u0440\u0435\u0432<\/strong> - \u0427\u0443\u0434\u043e\u0432\u043e \u043f\u0456\u0434\u0445\u043e\u0434\u0438\u0442\u044c \u0434\u043b\u044f \u044f\u0431\u043b\u0443\u043a, \u0433\u0440\u0443\u0448, \u0441\u043b\u0438\u0432, \u0432\u0438\u0448\u0435\u043d\u044c \u0442\u0430 \u0456\u043d\u0448\u0438\u0445 \u043f\u043e\u0440\u0456\u0434.<\/li>\n<li data-start=\"867\" data-end=\"1186\"><strong data-start=\"970\" data-end=\"1000\">\u0420\u043e\u0437\u0441\u0430\u0434\u043d\u0438\u043a\u0438 \u0442\u0430 \u0441\u0430\u0434\u0456\u0432\u043d\u0438\u0446\u0442\u0432\u043e<\/strong> - \u041d\u0435\u0437\u0430\u043c\u0456\u043d\u043d\u0438\u0439 \u0456\u043d\u0441\u0442\u0440\u0443\u043c\u0435\u043d\u0442 \u0434\u043b\u044f \u043f\u0440\u043e\u0444\u0435\u0441\u0456\u0439\u043d\u0438\u0445 \u0440\u043e\u0437\u043f\u043b\u0456\u0434\u043d\u0438\u043a\u0456\u0432 \u0456 \u043b\u044e\u0431\u0438\u0442\u0435\u043b\u0456\u0432.<\/li>\n<li data-start=\"867\" data-end=\"1186\"><strong data-start=\"1078\" data-end=\"1105\">\u0421\u0442\u0432\u043e\u0440\u0435\u043d\u043d\u044f \u043d\u043e\u0432\u0438\u0445 \u0441\u043e\u0440\u0442\u0456\u0432<\/strong> - \u0417\u0430\u0431\u0435\u0437\u043f\u0435\u0447\u0443\u0454 \u043b\u0435\u0433\u043a\u0435 \u0442\u0430 \u0435\u0444\u0435\u043a\u0442\u0438\u0432\u043d\u0435 \u0436\u0438\u0432\u0446\u044e\u0432\u0430\u043d\u043d\u044f \u0434\u043b\u044f \u0440\u043e\u0437\u043c\u043d\u043e\u0436\u0435\u043d\u043d\u044f \u0440\u043e\u0441\u043b\u0438\u043d.<\/li>\n<\/ul>\n<h3 data-start=\"1188\" data-end=\"1233\"><strong data-start=\"1188\" data-end=\"1231\">Dlaczego warto wybra\u0107 SCIONON SGS4-22R?<\/strong><\/h3>\n<p data-start=\"1235\" data-end=\"1553\" data-is-last-node=\"\" data-is-only-node=\"\">Sekator SCIONON SGS4-22R to niezawodne narz\u0119dzie dla ka\u017cdego ogrodnika i szk\u00f3\u0142karza. Dzi\u0119ki precyzyjnym ostrzom, solidnej konstrukcji i ergonomicznemu designowi u\u0142atwia proces szczepienia, zwi\u0119kszaj\u0105c jego efektywno\u015b\u0107 i skuteczno\u015b\u0107. To inwestycja w zdrowe i silne ro\u015bliny, kt\u00f3re przynios\u0105 obfite plony przez wiele lat.<\/p>","protected":false},"excerpt":{"rendered":"<p>Sekator szk\u00f3\u0142karski do szczepienia Sekator do szczepie\u0144 Scionon SGS4-22R to niezwykle wszechstronne narz\u0119dzie pozwalaj\u0105ce na \u0142atwe i bezpieczne przygotowanie przez osoby niewykwalifikowane przynajmniej 6 typ\u00f3w szczep\u00f3w (zraz\u00f3w). Najwa\u017cniejsze cechy: Precyzja ci\u0119cia \u2013 Sekator SCIONON SGS4-22R pozwala na dok\u0142adne ci\u0119cie zraz\u00f3w o \u015brednicy od 4 do 22 mm, co zapewnia wysok\u0105 skuteczno\u015b\u0107 szczepienia. Innowacyjna konstrukcja \u2013 [&hellip;]<\/p>","protected":false},"featured_media":4838,"template":"","meta":{"site-sidebar-layout":"default","site-content-layout":"","ast-site-content-layout":"default","site-content-style":"default","site-sidebar-style":"default","ast-global-header-display":"","ast-banner-title-visibility":"","ast-main-header-display":"","ast-hfb-above-header-display":"","ast-hfb-below-header-display":"","ast-hfb-mobile-header-display":"","site-post-title":"","ast-breadcrumbs-content":"","ast-featured-img":"","footer-sml-layout":"","theme-transparent-header-meta":"default","adv-header-id-meta":"","stick-header-meta":"default","header-above-stick-meta":"","header-main-stick-meta":"","header-below-stick-meta":"","astra-migrate-meta-layouts":"set","ast-page-background-enabled":"default","ast-page-background-meta":{"desktop":{"background-color":"var(--ast-global-color-4)","background-image":"","background-repeat":"repeat","background-position":"center center","background-size":"auto","background-attachment":"scroll","background-type":"","background-media":"","overlay-type":"","overlay-color":"","overlay-opacity":"","overlay-gradient":""},"tablet":{"background-color":"","background-image":"","background-repeat":"repeat","background-position":"center center","background-size":"auto","background-attachment":"scroll","background-type":"","background-media":"","overlay-type":"","overlay-color":"","overlay-opacity":"","overlay-gradient":""},"mobile":{"background-color":"","background-image":"","background-repeat":"repeat","background-position":"center center","background-size":"auto","background-attachment":"scroll","background-type":"","background-media":"","overlay-type":"","overlay-color":"","overlay-opacity":"","overlay-gradient":""}},"ast-content-background-meta":{"desktop":{"background-color":"var(--ast-global-color-5)","background-image":"","background-repeat":"repeat","background-position":"center center","background-size":"auto","background-attachment":"scroll","background-type":"","background-media":"","overlay-type":"","overlay-color":"","overlay-opacity":"","overlay-gradient":""},"tablet":{"background-color":"var(--ast-global-color-5)","background-image":"","background-repeat":"repeat","background-position":"center center","background-size":"auto","background-attachment":"scroll","background-type":"","background-media":"","overlay-type":"","overlay-color":"","overlay-opacity":"","overlay-gradient":""},"mobile":{"background-color":"var(--ast-global-color-5)","background-image":"","background-repeat":"repeat","background-position":"center center","background-size":"auto","background-attachment":"scroll","background-type":"","background-media":"","overlay-type":"","overlay-color":"","overlay-opacity":"","overlay-gradient":""}}},"product_brand":[],"product_cat":[350],"product_tag":[],"class_list":{"0":"post-4834","1":"product","2":"type-product","3":"status-publish","4":"has-post-thumbnail","6":"product_cat-sekator-szkolkarski-scionon-sgs4-22r","7":"desktop-align-left","8":"tablet-align-left","9":"mobile-align-left","10":"ast-product-gallery-layout-horizontal","11":"ast-product-tabs-layout-horizontal","13":"first","14":"instock","15":"shipping-taxable","16":"product-type-simple"},"_links":{"self":[{"href":"https:\/\/wimar.net\/uk\/wp-json\/wp\/v2\/product\/4834","targetHints":{"allow":["GET"]}}],"collection":[{"href":"https:\/\/wimar.net\/uk\/wp-json\/wp\/v2\/product"}],"about":[{"href":"https:\/\/wimar.net\/uk\/wp-json\/wp\/v2\/types\/product"}],"version-history":[{"count":3,"href":"https:\/\/wimar.net\/uk\/wp-json\/wp\/v2\/product\/4834\/revisions"}],"predecessor-version":[{"id":7215,"href":"https:\/\/wimar.net\/uk\/wp-json\/wp\/v2\/product\/4834\/revisions\/7215"}],"wp:featuredmedia":[{"embeddable":true,"href":"https:\/\/wimar.net\/uk\/wp-json\/wp\/v2\/media\/4838"}],"wp:attachment":[{"href":"https:\/\/wimar.net\/uk\/wp-json\/wp\/v2\/media?parent=4834"}],"wp:term":[{"taxonomy":"product_brand","embeddable":true,"href":"https:\/\/wimar.net\/uk\/wp-json\/wp\/v2\/product_brand?post=4834"},{"taxonomy":"product_cat","embeddable":true,"href":"https:\/\/wimar.net\/uk\/wp-json\/wp\/v2\/product_cat?post=4834"},{"taxonomy":"product_tag","embeddable":true,"href":"https:\/\/wimar.net\/uk\/wp-json\/wp\/v2\/product_tag?post=4834"}],"curies":[{"name":"wp","href":"https:\/\/api.w.org\/{rel}","templated":true}]}}