{"id":4842,"date":"2025-03-04T13:45:51","date_gmt":"2025-03-04T12:45:51","guid":{"rendered":"https:\/\/wimar.net\/?post_type=product&#038;p=4842"},"modified":"2025-03-04T14:02:43","modified_gmt":"2025-03-04T13:02:43","slug":"%d0%bd%d1%96%d0%b6-%d0%b4%d0%bb%d1%8f-%d1%89%d0%b5%d0%bf%d0%bb%d0%b5%d0%bd%d0%bd%d1%8f-%d1%84%d0%b0%d0%bb%d1%8c%d1%86%d0%b5%d1%82%d0%bd%d0%b8%d0%b9-750","status":"publish","type":"product","link":"https:\/\/wimar.net\/uk\/product-2\/%d0%bd%d1%96%d0%b6-%d0%b4%d0%bb%d1%8f-%d1%89%d0%b5%d0%bf%d0%bb%d0%b5%d0%bd%d0%bd%d1%8f-%d1%84%d0%b0%d0%bb%d1%8c%d1%86%d0%b5%d1%82%d0%bd%d0%b8%d0%b9-750\/","title":{"rendered":"\u0412\u0430\u043a\u0446\u0438\u043d\u0430\u0446\u0456\u0439\u043d\u0438\u0439 \u043d\u0456\u0436, \u043e\u0444\u0442\u0430\u043b\u044c\u043c\u043e\u0441\u043a\u043e\u043f FALKET 750"},"content":{"rendered":"<h3 data-start=\"0\" data-end=\"58\"><strong data-start=\"0\" data-end=\"56\">\u041d\u0456\u0436 \u0434\u043b\u044f \u043f\u0440\u0438\u0449\u0435\u043f\u043b\u0435\u043d\u043d\u044f \u0442\u0430 \u043e\u043a\u043e\u0440\u044e\u0432\u0430\u043d\u043d\u044f Falket 750<\/strong><\/h3>\n<p data-start=\"60\" data-end=\"311\">\u041d\u0456\u0436 \u0434\u043b\u044f \u0440\u043e\u0437\u0441\u0430\u0434\u043d\u0438\u043a\u0430 Falket 750 - \u0446\u0435 \u0432\u0438\u0441\u043e\u043a\u043e\u044f\u043a\u0456\u0441\u043d\u0438\u0439 \u0456\u043d\u0441\u0442\u0440\u0443\u043c\u0435\u043d\u0442, \u043f\u0440\u0438\u0437\u043d\u0430\u0447\u0435\u043d\u0438\u0439 \u0434\u043b\u044f \u0442\u043e\u0447\u043d\u043e\u0457 \u0449\u0435\u043f\u043b\u0435\u043d\u043d\u044f \u0442\u0430 \u043e\u0431\u0440\u0456\u0437\u043a\u0438. \u0417\u0430\u0432\u0434\u044f\u043a\u0438 \u0435\u0440\u0433\u043e\u043d\u043e\u043c\u0456\u0447\u043d\u0456\u0439 \u0444\u043e\u0440\u043c\u0456 \u0442\u0430 \u043c\u0456\u0446\u043d\u0456\u0439 \u043a\u043e\u043d\u0441\u0442\u0440\u0443\u043a\u0446\u0456\u0457 \u0432\u0456\u043d \u0437\u0430\u0431\u0435\u0437\u043f\u0435\u0447\u0443\u0454 \u043a\u043e\u043c\u0444\u043e\u0440\u0442 \u0442\u0430 \u0435\u0444\u0435\u043a\u0442\u0438\u0432\u043d\u0456\u0441\u0442\u044c \u043f\u0456\u0434 \u0447\u0430\u0441 \u0440\u043e\u0431\u043e\u0442\u0438.<\/p>\n<h3 data-start=\"313\" data-end=\"343\"><strong data-start=\"317\" data-end=\"341\">\u041e\u0441\u043d\u043e\u0432\u043d\u0456 \u0445\u0430\u0440\u0430\u043a\u0442\u0435\u0440\u0438\u0441\u0442\u0438\u043a\u0438:<\/strong><\/h3>\n<ul>\n<li data-start=\"344\" data-end=\"983\"><strong data-start=\"347\" data-end=\"360\">\u0422\u043e\u0447\u043d\u0456\u0441\u0442\u044c:<\/strong> \u041b\u0435\u0437\u043e \u0441\u043f\u0435\u0446\u0456\u0430\u043b\u044c\u043d\u043e\u0457 \u0444\u043e\u0440\u043c\u0438 \u0434\u043e\u0437\u0432\u043e\u043b\u044f\u0454 \u0440\u043e\u0431\u0438\u0442\u0438 \u0442\u043e\u0447\u043d\u0456 \u0440\u043e\u0437\u0440\u0456\u0437\u0438, \u043d\u0435\u043e\u0431\u0445\u0456\u0434\u043d\u0456 \u0434\u043b\u044f \u0443\u0441\u043f\u0456\u0448\u043d\u043e\u0457 \u0449\u0435\u043f\u043b\u0435\u043d\u043d\u044f \u0442\u0430 \u043a\u043e\u043d\u043e\u043f\u0430\u0442\u043a\u0438.<\/li>\n<li data-start=\"344\" data-end=\"983\"><strong data-start=\"478\" data-end=\"504\">\u0412\u0438\u0441\u043e\u043a\u043e\u044f\u043a\u0456\u0441\u043d\u0430 \u0441\u0442\u0430\u043b\u044c:<\/strong> \u041b\u0435\u0437\u043e \u0432\u0438\u0433\u043e\u0442\u043e\u0432\u043b\u0435\u043d\u0435 \u0437 \u043c\u0456\u0446\u043d\u043e\u0457 \u0432\u0443\u0433\u043b\u0435\u0446\u0435\u0432\u043e\u0457 \u0441\u0442\u0430\u043b\u0456, \u0437\u0430\u0433\u043e\u0441\u0442\u0440\u0435\u043d\u043e\u0457 \u0437 \u043e\u0434\u043d\u043e\u0433\u043e \u0431\u043e\u043a\u0443, \u0449\u043e \u0433\u0430\u0440\u0430\u043d\u0442\u0443\u0454 \u0442\u0440\u0438\u0432\u0430\u043b\u0438\u0439 \u0442\u0435\u0440\u043c\u0456\u043d \u0441\u043b\u0443\u0436\u0431\u0438 \u0442\u0430 \u0441\u0442\u0456\u0439\u043a\u0456\u0441\u0442\u044c \u0434\u043e \u043a\u043e\u0440\u043e\u0437\u0456\u0457.<\/li>\n<li data-start=\"344\" data-end=\"983\"><strong data-start=\"610\" data-end=\"636\">\u0415\u0440\u0433\u043e\u043d\u043e\u043c\u0456\u0447\u043d\u0430 \u0440\u0443\u0447\u043a\u0430:<\/strong> \u0417\u0440\u0443\u0447\u043d\u0430 \u0440\u0443\u0447\u043a\u0430 \u0437 \u043d\u0435\u043a\u043e\u0432\u0437\u043d\u0438\u043c \u043f\u043e\u043a\u0440\u0438\u0442\u0442\u044f\u043c \u0437\u0430\u0431\u0435\u0437\u043f\u0435\u0447\u0443\u0454 \u043d\u0430\u0434\u0456\u0439\u043d\u0438\u0439 \u0445\u0432\u0430\u0442 \u0456 \u043a\u043e\u043c\u0444\u043e\u0440\u0442 \u043d\u0430\u0432\u0456\u0442\u044c \u043f\u0440\u0438 \u0442\u0440\u0438\u0432\u0430\u043b\u0456\u0439 \u0440\u043e\u0431\u043e\u0442\u0456.<\/li>\n<li data-start=\"344\" data-end=\"983\"><strong data-start=\"749\" data-end=\"762\">\u041d\u0430\u043f\u043e\u043b\u0435\u0433\u043b\u0438\u0432\u0456\u0441\u0442\u044c:<\/strong> \u041c\u0456\u0446\u043d\u0430 \u043a\u043e\u043d\u0441\u0442\u0440\u0443\u043a\u0446\u0456\u044f \u0442\u0430 \u0432\u0438\u0441\u043e\u043a\u043e\u044f\u043a\u0456\u0441\u043d\u0456 \u043c\u0430\u0442\u0435\u0440\u0456\u0430\u043b\u0438 \u0440\u043e\u0431\u043b\u044f\u0442\u044c \u043d\u0456\u0436 \u043d\u0430\u0434\u0456\u0439\u043d\u0438\u043c \u0456\u043d\u0441\u0442\u0440\u0443\u043c\u0435\u043d\u0442\u043e\u043c \u043d\u0430 \u0434\u043e\u0432\u0433\u0456 \u0440\u043e\u043a\u0438.<\/li>\n<li data-start=\"344\" data-end=\"983\"><strong data-start=\"872\" data-end=\"890\">\u0423\u043d\u0456\u0432\u0435\u0440\u0441\u0430\u043b\u044c\u043d\u0456\u0441\u0442\u044c:<\/strong> \u0427\u0443\u0434\u043e\u0432\u043e \u043f\u0456\u0434\u0445\u043e\u0434\u0438\u0442\u044c \u0434\u043b\u044f \u0449\u0435\u043f\u043b\u0435\u043d\u043d\u044f \u043f\u043b\u043e\u0434\u043e\u0432\u0438\u0445 \u0434\u0435\u0440\u0435\u0432, \u043a\u0443\u0449\u0456\u0432 \u0442\u0430 \u0456\u043d\u0448\u0438\u0445 \u0440\u043e\u0441\u043b\u0438\u043d, \u0449\u043e \u043f\u043e\u0442\u0440\u0435\u0431\u0443\u044e\u0442\u044c \u043a\u0430\u043f\u0443\u0441\u0442\u0443\u0432\u0430\u043d\u043d\u044f.<\/li>\n<li><strong>\u0428\u043f\u0430\u0442\u0435\u043b\u044c \u0434\u043b\u044f \u0441\u043f\u0438\u043d\u0438<\/strong> \u043b\u0435\u0437\u0430, \u0449\u043e \u0434\u043e\u043f\u043e\u043c\u0430\u0433\u0430\u044e\u0442\u044c \u043f\u0440\u0438 \u0422-\u043f\u043e\u0434\u0456\u0431\u043d\u043e\u043c\u0443 \u0431\u0443\u0442\u043e\u043d\u0456\u0437\u0430\u0446\u0456\u0457.<\/li>\n<li><strong>\u0420\u0443\u0447\u043a\u0430.<\/strong>\u043b\u0435\u0433\u043a\u0456, \u043f\u043b\u0430\u0441\u0442\u0438\u0447\u043d\u0456 \u0442\u0430 \u0437\u0440\u0443\u0447\u043d\u0456<\/li>\n<\/ul>\n<h3 data-start=\"985\" data-end=\"1008\"><strong data-start=\"989\" data-end=\"1006\">\u0417\u0430\u044f\u0432\u043a\u0430:<\/strong><\/h3>\n<ul>\n<li><strong data-start=\"990\" data-end=\"1018\">\u041e\u0444\u0442\u0430\u043b\u044c\u043c\u043e\u043b\u043e\u0433\u0456\u0447\u043d\u0456 \u0449\u0435\u043f\u043b\u0435\u043d\u043d\u044f<\/strong> - \u0406\u0434\u0435\u0430\u043b\u044c\u043d\u043e \u043f\u0456\u0434\u0445\u043e\u0434\u0438\u0442\u044c \u0434\u043b\u044f \u0442\u043e\u0447\u043d\u043e\u0433\u043e \u0437'\u0454\u0434\u043d\u0430\u043d\u043d\u044f \u0441\u0442\u0435\u0431\u0435\u043b \u0440\u043e\u0441\u043b\u0438\u043d.<\/li>\n<li><strong data-start=\"1073\" data-end=\"1103\">\u0417\u0430\u0445\u0438\u0441\u0442 \u043c\u0456\u0441\u0446\u044c \u0432\u0430\u043a\u0446\u0438\u043d\u0430\u0446\u0456\u0457<\/strong> - \u0417\u0430\u0431\u0435\u0437\u043f\u0435\u0447\u0443\u0454 \u043e\u043f\u0442\u0438\u043c\u0430\u043b\u044c\u043d\u0456 \u0443\u043c\u043e\u0432\u0438 \u0434\u043b\u044f \u043f\u043b\u0430\u0432\u043b\u0435\u043d\u043d\u044f.<\/li>\n<li><strong data-start=\"1152\" data-end=\"1181\">\u0421\u0430\u0434\u0456\u0432\u043d\u0438\u0446\u0442\u0432\u043e \u0442\u0430 \u0433\u043e\u0440\u043e\u0434\u043d\u0438\u0446\u0442\u0432\u043e<\/strong> - \u041d\u0435\u0437\u0430\u043c\u0456\u043d\u043d\u0438\u0439 \u0434\u043b\u044f \u043f\u0440\u043e\u0444\u0435\u0441\u0456\u0439\u043d\u0438\u0445 \u0442\u0430 \u0430\u043c\u0430\u0442\u043e\u0440\u0441\u044c\u043a\u0438\u0445 \u043a\u0443\u043b\u044c\u0442\u0443\u0440<\/li>\n<\/ul>\n<h3 data-start=\"1170\" data-end=\"1436\"><strong data-start=\"1170\" data-end=\"1223\">\u0427\u043e\u043c\u0443 \u0432\u0430\u0440\u0442\u043e \u043e\u0431\u0440\u0430\u0442\u0438 \u043d\u0456\u0436 \u0434\u043b\u044f \u0440\u043e\u0437\u0432\u0435\u0434\u0435\u043d\u043d\u044f Falket 750?<\/strong><\/h3>\n<p data-start=\"1170\" data-end=\"1436\">\u0421\u0430\u0434\u043e\u0432\u0438\u0439 \u043d\u0456\u0436 Falket 750 - \u0446\u0435 \u043d\u0430\u0434\u0456\u0439\u043d\u0438\u0439 \u0456\u043d\u0441\u0442\u0440\u0443\u043c\u0435\u043d\u0442, \u044f\u043a\u0438\u0439 \u043f\u043e\u0454\u0434\u043d\u0443\u0454 \u0432 \u0441\u043e\u0431\u0456 \u0434\u043e\u0432\u0433\u043e\u0432\u0456\u0447\u043d\u0456\u0441\u0442\u044c, \u0442\u043e\u0447\u043d\u0456\u0441\u0442\u044c \u0456 \u043a\u043e\u043c\u0444\u043e\u0440\u0442. \u0406\u0434\u0435\u0430\u043b\u044c\u043d\u043e \u043f\u0456\u0434\u0445\u043e\u0434\u0438\u0442\u044c \u0434\u043b\u044f \u043f\u0440\u043e\u0444\u0435\u0441\u0456\u043e\u043d\u0430\u043b\u0456\u0432 \u0442\u0430 \u0435\u043d\u0442\u0443\u0437\u0456\u0430\u0441\u0442\u0456\u0432 \u0441\u0430\u0434\u0456\u0432\u043d\u0438\u0446\u0442\u0432\u0430, \u044f\u043a\u0456 \u0446\u0456\u043d\u0443\u044e\u0442\u044c \u044f\u043a\u0456\u0441\u0442\u044c \u0442\u0430 \u0435\u0444\u0435\u043a\u0442\u0438\u0432\u043d\u0456\u0441\u0442\u044c \u0443 \u0441\u0432\u043e\u0457\u0439 \u0440\u043e\u0431\u043e\u0442\u0456.<\/p>","protected":false},"excerpt":{"rendered":"<p>N\u00f3\u017c szk\u00f3\u0142karski do szczepie\u0144 i okulizacji Falket 750 N\u00f3\u017c szk\u00f3\u0142karski Falket 750 to wysokiej jako\u015bci narz\u0119dzie przeznaczone do precyzyjnych prac zwi\u0105zanych ze szczepieniem i okulizacj\u0105 ro\u015blin. Dzi\u0119ki ergonomicznemu kszta\u0142towi i wytrzyma\u0142ej konstrukcji zapewnia komfort i skuteczno\u015b\u0107 podczas u\u017cytkowania. Najwa\u017cniejsze cechy: Precyzja: Specjalnie wyprofilowane ostrze umo\u017cliwia dok\u0142adne naci\u0119cia, niezb\u0119dne do skutecznego szczepienia i okulizacji. Wysokiej jako\u015bci [&hellip;]<\/p>","protected":false},"featured_media":4846,"template":"","meta":{"site-sidebar-layout":"default","site-content-layout":"","ast-site-content-layout":"default","site-content-style":"default","site-sidebar-style":"default","ast-global-header-display":"","ast-banner-title-visibility":"","ast-main-header-display":"","ast-hfb-above-header-display":"","ast-hfb-below-header-display":"","ast-hfb-mobile-header-display":"","site-post-title":"","ast-breadcrumbs-content":"","ast-featured-img":"","footer-sml-layout":"","theme-transparent-header-meta":"default","adv-header-id-meta":"","stick-header-meta":"default","header-above-stick-meta":"","header-main-stick-meta":"","header-below-stick-meta":"","astra-migrate-meta-layouts":"set","ast-page-background-enabled":"default","ast-page-background-meta":{"desktop":{"background-color":"var(--ast-global-color-4)","background-image":"","background-repeat":"repeat","background-position":"center center","background-size":"auto","background-attachment":"scroll","background-type":"","background-media":"","overlay-type":"","overlay-color":"","overlay-opacity":"","overlay-gradient":""},"tablet":{"background-color":"","background-image":"","background-repeat":"repeat","background-position":"center center","background-size":"auto","background-attachment":"scroll","background-type":"","background-media":"","overlay-type":"","overlay-color":"","overlay-opacity":"","overlay-gradient":""},"mobile":{"background-color":"","background-image":"","background-repeat":"repeat","background-position":"center center","background-size":"auto","background-attachment":"scroll","background-type":"","background-media":"","overlay-type":"","overlay-color":"","overlay-opacity":"","overlay-gradient":""}},"ast-content-background-meta":{"desktop":{"background-color":"var(--ast-global-color-5)","background-image":"","background-repeat":"repeat","background-position":"center center","background-size":"auto","background-attachment":"scroll","background-type":"","background-media":"","overlay-type":"","overlay-color":"","overlay-opacity":"","overlay-gradient":""},"tablet":{"background-color":"var(--ast-global-color-5)","background-image":"","background-repeat":"repeat","background-position":"center center","background-size":"auto","background-attachment":"scroll","background-type":"","background-media":"","overlay-type":"","overlay-color":"","overlay-opacity":"","overlay-gradient":""},"mobile":{"background-color":"var(--ast-global-color-5)","background-image":"","background-repeat":"repeat","background-position":"center center","background-size":"auto","background-attachment":"scroll","background-type":"","background-media":"","overlay-type":"","overlay-color":"","overlay-opacity":"","overlay-gradient":""}}},"product_brand":[],"product_cat":[477],"product_tag":[],"class_list":{"0":"post-4842","1":"product","2":"type-product","3":"status-publish","4":"has-post-thumbnail","6":"product_cat-noz-do-okulizacji-falket-750-plastik","7":"desktop-align-left","8":"tablet-align-left","9":"mobile-align-left","10":"ast-product-gallery-layout-horizontal","11":"ast-product-tabs-layout-horizontal","13":"first","14":"instock","15":"shipping-taxable","16":"product-type-simple"},"_links":{"self":[{"href":"https:\/\/wimar.net\/uk\/wp-json\/wp\/v2\/product\/4842","targetHints":{"allow":["GET"]}}],"collection":[{"href":"https:\/\/wimar.net\/uk\/wp-json\/wp\/v2\/product"}],"about":[{"href":"https:\/\/wimar.net\/uk\/wp-json\/wp\/v2\/types\/product"}],"version-history":[{"count":3,"href":"https:\/\/wimar.net\/uk\/wp-json\/wp\/v2\/product\/4842\/revisions"}],"predecessor-version":[{"id":4847,"href":"https:\/\/wimar.net\/uk\/wp-json\/wp\/v2\/product\/4842\/revisions\/4847"}],"wp:featuredmedia":[{"embeddable":true,"href":"https:\/\/wimar.net\/uk\/wp-json\/wp\/v2\/media\/4846"}],"wp:attachment":[{"href":"https:\/\/wimar.net\/uk\/wp-json\/wp\/v2\/media?parent=4842"}],"wp:term":[{"taxonomy":"product_brand","embeddable":true,"href":"https:\/\/wimar.net\/uk\/wp-json\/wp\/v2\/product_brand?post=4842"},{"taxonomy":"product_cat","embeddable":true,"href":"https:\/\/wimar.net\/uk\/wp-json\/wp\/v2\/product_cat?post=4842"},{"taxonomy":"product_tag","embeddable":true,"href":"https:\/\/wimar.net\/uk\/wp-json\/wp\/v2\/product_tag?post=4842"}],"curies":[{"name":"wp","href":"https:\/\/api.w.org\/{rel}","templated":true}]}}