{"id":4854,"date":"2025-03-04T14:33:48","date_gmt":"2025-03-04T13:33:48","guid":{"rendered":"https:\/\/wimar.net\/?post_type=product&#038;p=4854"},"modified":"2025-03-04T14:35:40","modified_gmt":"2025-03-04T13:35:40","slug":"%d0%b4%d1%80%d1%96%d1%82-%d1%81%d0%b0%d0%b4%d0%be%d0%b2%d0%b8%d0%b9-295%d0%bc%d0%bc-bekaert-%d0%be%d1%86%d0%b8%d0%bd%d0%ba%d0%be%d0%b2%d0%b0%d0%bd%d0%b8%d0%b9-40%d0%ba%d0%b3","status":"publish","type":"product","link":"https:\/\/wimar.net\/uk\/product-2\/%d0%b4%d1%80%d1%96%d1%82-%d1%81%d0%b0%d0%b4%d0%be%d0%b2%d0%b8%d0%b9-295%d0%bc%d0%bc-bekaert-%d0%be%d1%86%d0%b8%d0%bd%d0%ba%d0%be%d0%b2%d0%b0%d0%bd%d0%b8%d0%b9-40%d0%ba%d0%b3\/","title":{"rendered":"\u041d\u0430\u0442\u044f\u0436\u043d\u0438\u0439 \u0434\u0440\u0456\u0442 \u0434\u043b\u044f \u0441\u0430\u0434\u0443 2,95\u043c\u043c BEKAERT \u043e\u0446\u0438\u043d\u043a\u043e\u0432\u0430\u043d\u0438\u0439 40\u043a\u0433"},"content":{"rendered":"<h3 data-start=\"0\" data-end=\"67\"><strong data-start=\"0\" data-end=\"65\">\u041d\u0430\u0442\u044f\u0436\u043d\u0438\u0439 \u0434\u0440\u0456\u0442 \u0434\u043b\u044f \u0441\u0430\u0434\u0443 BEKAERT<\/strong><\/h3>\n<p data-start=\"0\" data-end=\"67\">\u0421\u0430\u0434\u043e\u0432\u0438\u0439 \u043d\u0430\u0442\u044f\u0436\u043d\u0438\u0439 \u0434\u0440\u0456\u0442 BEKAERT \u0434\u0456\u0430\u043c\u0435\u0442\u0440\u043e\u043c 2,95 \u043c\u043c - \u0446\u0435 \u0432\u0438\u0441\u043e\u043a\u043e\u044f\u043a\u0456\u0441\u043d\u0438\u0439 \u043f\u0440\u043e\u0434\u0443\u043a\u0442, \u043f\u0440\u0438\u0437\u043d\u0430\u0447\u0435\u043d\u0438\u0439 \u0434\u043b\u044f \u0441\u0430\u0434\u043e\u0432\u0438\u0445 \u0456 \u0441\u0456\u043b\u044c\u0441\u044c\u043a\u043e\u0433\u043e\u0441\u043f\u043e\u0434\u0430\u0440\u0441\u044c\u043a\u0438\u0445 \u0441\u043f\u043e\u0440\u0443\u0434. \u0417\u0430\u0432\u0434\u044f\u043a\u0438 \u0442\u043e\u0432\u0441\u0442\u043e\u043c\u0443 \u043e\u0446\u0438\u043d\u043a\u043e\u0432\u0430\u043d\u043e\u043c\u0443 \u043f\u043e\u043a\u0440\u0438\u0442\u0442\u044e \u0432\u0456\u043d \u0445\u0430\u0440\u0430\u043a\u0442\u0435\u0440\u0438\u0437\u0443\u0454\u0442\u044c\u0441\u044f \u0432\u0438\u043d\u044f\u0442\u043a\u043e\u0432\u043e\u044e \u043a\u043e\u0440\u043e\u0437\u0456\u0439\u043d\u043e\u044e \u0441\u0442\u0456\u0439\u043a\u0456\u0441\u0442\u044e, \u0449\u043e \u0437\u0430\u0431\u0435\u0437\u043f\u0435\u0447\u0443\u0454 \u0439\u043e\u0433\u043e \u0434\u043e\u0432\u0433\u043e\u0432\u0456\u0447\u043d\u0456\u0441\u0442\u044c \u0456 \u043d\u0430\u0434\u0456\u0439\u043d\u0456\u0441\u0442\u044c \u0432 \u0441\u0443\u0432\u043e\u0440\u0438\u0445 \u043f\u043e\u0433\u043e\u0434\u043d\u0438\u0445 \u0443\u043c\u043e\u0432\u0430\u0445.<\/p>\n<h3 data-start=\"399\" data-end=\"425\"><strong data-start=\"399\" data-end=\"423\">\u041e\u0441\u043d\u043e\u0432\u043d\u0456 \u0445\u0430\u0440\u0430\u043a\u0442\u0435\u0440\u0438\u0441\u0442\u0438\u043a\u0438:<\/strong><\/h3>\n<ul>\n<li data-start=\"427\" data-end=\"1066\"><strong data-start=\"429\" data-end=\"445\">\u041d\u0430\u0434\u0456\u0439\u043d\u0456\u0441\u0442\u044c<\/strong> - \u0414\u0440\u0456\u0442 \u0434\u0456\u0430\u043c\u0435\u0442\u0440\u043e\u043c 2,95 \u043c\u043c \u0437\u0430\u0431\u0435\u0437\u043f\u0435\u0447\u0443\u0454 \u0432\u0438\u0441\u043e\u043a\u0443 \u0441\u0442\u0456\u0439\u043a\u0456\u0441\u0442\u044c \u0434\u043e \u043d\u0430\u0432\u0430\u043d\u0442\u0430\u0436\u0435\u043d\u044c, \u0449\u043e \u0440\u043e\u0431\u0438\u0442\u044c \u0439\u043e\u0433\u043e \u0456\u0434\u0435\u0430\u043b\u044c\u043d\u0438\u043c \u0434\u043b\u044f \u0432\u0438\u043a\u043e\u0440\u0438\u0441\u0442\u0430\u043d\u043d\u044f \u0432 \u0441\u0430\u0434\u0430\u0445 \u0456 \u0432\u0438\u043d\u043e\u0433\u0440\u0430\u0434\u043d\u0438\u043a\u0430\u0445.<\/li>\n<li data-start=\"427\" data-end=\"1066\"><strong data-start=\"594\" data-end=\"618\">\u0421\u0442\u0456\u0439\u043a\u0456\u0441\u0442\u044c \u0434\u043e \u043a\u043e\u0440\u043e\u0437\u0456\u0457<\/strong> - \u0422\u043e\u0432\u0441\u0442\u0438\u0439 \u043e\u0446\u0438\u043d\u043a\u043e\u0432\u0430\u043d\u0438\u0439 \u0448\u0430\u0440 \u0435\u0444\u0435\u043a\u0442\u0438\u0432\u043d\u043e \u0437\u0430\u0445\u0438\u0449\u0430\u0454 \u0432\u0456\u0434 \u0456\u0440\u0436\u0456, \u043f\u043e\u0434\u043e\u0432\u0436\u0443\u044e\u0447\u0438 \u0442\u0435\u0440\u043c\u0456\u043d \u0441\u043b\u0443\u0436\u0431\u0438 \u0434\u0440\u043e\u0442\u0443.<\/li>\n<li data-start=\"427\" data-end=\"1066\"><strong data-start=\"707\" data-end=\"741\">\u0413\u043d\u0443\u0447\u043a\u0456\u0441\u0442\u044c \u0456 \u043f\u0440\u043e\u0441\u0442\u043e\u0442\u0430 \u043c\u043e\u043d\u0442\u0430\u0436\u0443<\/strong> - \u0414\u043e\u0441\u0442\u0430\u0442\u043d\u044f \u0433\u043d\u0443\u0447\u043a\u0456\u0441\u0442\u044c \u0434\u043e\u0437\u0432\u043e\u043b\u044f\u0454 \u043a\u043e\u043c\u0444\u043e\u0440\u0442\u043d\u043e \u0440\u043e\u0437\u0442\u044f\u0433\u0443\u0432\u0430\u0442\u0438\u0441\u044f \u0456 \u0430\u0434\u0430\u043f\u0442\u0443\u0432\u0430\u0442\u0438\u0441\u044f \u0434\u043e \u0440\u0456\u0437\u043d\u043e\u043c\u0430\u043d\u0456\u0442\u043d\u0438\u0445 \u043a\u043e\u043d\u0441\u0442\u0440\u0443\u043a\u0446\u0456\u0439.<\/li>\n<li data-start=\"427\" data-end=\"1066\"><strong data-start=\"836\" data-end=\"866\">\u0423\u043d\u0456\u0432\u0435\u0440\u0441\u0430\u043b\u044c\u043d\u0456\u0441\u0442\u044c \u0437\u0430\u0441\u0442\u043e\u0441\u0443\u0432\u0430\u043d\u044c<\/strong> - \u0406\u0434\u0435\u0430\u043b\u044c\u043d\u043e \u043f\u0456\u0434\u0445\u043e\u0434\u0438\u0442\u044c \u0434\u043b\u044f \u0441\u0430\u0434\u0456\u0432, \u0432\u0438\u043d\u043e\u0433\u0440\u0430\u0434\u043d\u0438\u043a\u0456\u0432, \u043f\u043b\u0430\u0441\u0442\u0438\u043a\u043e\u0432\u0438\u0445 \u0442\u0443\u043d\u0435\u043b\u0456\u0432, \u043f\u0430\u0440\u043a\u0430\u043d\u0456\u0432 \u0442\u0430 \u0456\u043d\u0448\u0438\u0445 \u043e\u043f\u043e\u0440\u043d\u0438\u0445 \u0441\u0438\u0441\u0442\u0435\u043c.<\/li>\n<li data-start=\"427\" data-end=\"1066\"><strong>\u041c\u0456\u0446\u043d\u0456\u0441\u0442\u044c \u043d\u0430 \u0440\u043e\u0437\u0440\u0438\u0432<\/strong> - 1100N\/1300 \u043c\u043c2<\/li>\n<li data-start=\"427\" data-end=\"1066\"><strong>\u0420\u043e\u0437\u0448\u0438\u0440\u0435\u043d\u043d\u044f<\/strong> &#8211; 4%<\/li>\n<li data-start=\"427\" data-end=\"1066\"><strong>\u0420\u043e\u0437\u0440\u0438\u0432\u043d\u0430 \u0441\u0438\u043b\u0430<\/strong> - 800 \u043a\u0433<\/li>\n<li data-start=\"427\" data-end=\"1066\"><strong>\u0414\u0456\u0430\u043c\u0435\u0442\u0440<\/strong> - 2,95 \u043c\u043c<\/li>\n<li data-start=\"427\" data-end=\"1066\"><strong>\u0414\u043e\u0432\u0436\u0438\u043d\u0430 \u043a\u043e\u0442\u0443\u0448\u043a\u0438<\/strong> - 750 \u043c\u0431<\/li>\n<li data-start=\"427\" data-end=\"1066\"><strong>\u0412\u0430\u0433\u0430 \u043a\u043e\u0442\u0443\u0448\u043a\u0438<\/strong> - 40 \u043a\u0433<\/li>\n<\/ul>\n<h3 data-start=\"1068\" data-end=\"1087\"><strong data-start=\"1068\" data-end=\"1085\">\u0417\u0430\u044f\u0432\u043a\u0430:<\/strong><\/h3>\n<ul>\n<li data-start=\"1089\" data-end=\"1389\"><strong data-start=\"1091\" data-end=\"1117\">\u0421\u0430\u0434\u043e\u0432\u0456 \u0441\u043f\u043e\u0440\u0443\u0434\u0438<\/strong> - \u041e\u043f\u043e\u0440\u0438 \u0434\u043b\u044f \u043f\u043b\u043e\u0434\u043e\u0432\u0438\u0445 \u0434\u0435\u0440\u0435\u0432 \u0456 \u043a\u0443\u0449\u0456\u0432.<\/li>\n<li data-start=\"1089\" data-end=\"1389\"><strong data-start=\"1163\" data-end=\"1183\">\u0412\u0438\u043d\u043e\u0433\u0440\u0430\u0434\u0430\u0440\u0441\u0442\u0432\u043e<\/strong> - \u041d\u0435\u0432\u0456\u0434'\u0454\u043c\u043d\u0438\u0439 \u0435\u043b\u0435\u043c\u0435\u043d\u0442 \u0443 \u0431\u0443\u0434\u0456\u0432\u043d\u0438\u0446\u0442\u0432\u0456 \u0432\u0438\u043d\u043e\u0433\u0440\u0430\u0434\u043d\u0438\u043a\u0456\u0432.<\/li>\n<li data-start=\"1089\" data-end=\"1389\"><strong data-start=\"1226\" data-end=\"1254\">\u0422\u0443\u043d\u0435\u043b\u044c\u043d\u0456 \u0441\u0438\u0441\u0442\u0435\u043c\u0438 \u0432\u0438\u0440\u043e\u0449\u0443\u0432\u0430\u043d\u043d\u044f<\/strong> - \u0414\u043b\u044f \u043d\u0430\u0442\u044f\u0433\u0443\u0432\u0430\u043d\u043d\u044f \u0447\u043e\u0445\u043b\u0456\u0432 \u0456 \u0441\u0456\u0442\u043e\u043a.<\/li>\n<li data-start=\"1089\" data-end=\"1389\"><strong data-start=\"1290\" data-end=\"1321\">\u041e\u0433\u043e\u0440\u043e\u0436\u0430 \u0442\u0430 \u0431\u0435\u0437\u043f\u0435\u043a\u0430<\/strong> - \u0412\u0438\u043a\u043e\u0440\u0438\u0441\u0442\u043e\u0432\u0443\u0454\u0442\u044c\u0441\u044f \u0432 \u0431\u0443\u0434\u0456\u0432\u043d\u0438\u0446\u0442\u0432\u0456 \u043a\u0430\u043f\u0456\u0442\u0430\u043b\u044c\u043d\u0438\u0445 \u043f\u0430\u0440\u043a\u0430\u043d\u0456\u0432 \u0456 \u0437\u0430\u0445\u0438\u0441\u043d\u0438\u0445 \u0441\u043f\u043e\u0440\u0443\u0434.<\/li>\n<\/ul>\n<h3 data-start=\"1391\" data-end=\"1708\"><strong data-start=\"1391\" data-end=\"1441\">\u0427\u043e\u043c\u0443 \u0432\u0430\u0440\u0442\u043e \u0432\u0438\u0431\u0440\u0430\u0442\u0438 \u0441\u0430\u0434\u043e\u0432\u0438\u0439 \u0434\u0440\u0456\u0442 BEKAERT?<\/strong><\/h3>\n<p data-start=\"1391\" data-end=\"1708\">\u0414\u0440\u0456\u0442 BEKAERT - \u0446\u0435 \u0456\u043d\u0432\u0435\u0441\u0442\u0438\u0446\u0456\u044f \u0432 \u0434\u043e\u0432\u0433\u043e\u0432\u0456\u0447\u043d\u0456\u0441\u0442\u044c \u0456 \u043d\u0430\u0434\u0456\u0439\u043d\u0456\u0441\u0442\u044c \u0441\u0430\u0434\u043e\u0432\u0438\u0445 \u043a\u043e\u043d\u0441\u0442\u0440\u0443\u043a\u0446\u0456\u0439. \u0417\u0430\u0432\u0434\u044f\u043a\u0438 \u0432\u0438\u0441\u043e\u043a\u0456\u0439 \u043a\u043e\u0440\u043e\u0437\u0456\u0439\u043d\u0456\u0439 \u0441\u0442\u0456\u0439\u043a\u043e\u0441\u0442\u0456 \u0442\u0430 \u0434\u043e\u0432\u0433\u043e\u0432\u0456\u0447\u043d\u043e\u0441\u0442\u0456 \u0432\u0456\u043d \u0454 \u0456\u0434\u0435\u0430\u043b\u044c\u043d\u0438\u043c \u043f\u0440\u043e\u0434\u0443\u043a\u0442\u043e\u043c \u0434\u043b\u044f \u043f\u0440\u043e\u0444\u0435\u0441\u0456\u043e\u043d\u0430\u043b\u0456\u0432 \u0442\u0430 \u0444\u0435\u0440\u043c\u0435\u0440\u0456\u0432, \u044f\u043a\u0456 \u043f\u0456\u043a\u043b\u0443\u044e\u0442\u044c\u0441\u044f \u043f\u0440\u043e \u043d\u0430\u0434\u0456\u0439\u043d\u0456 \u0442\u0430 \u0434\u043e\u0432\u0433\u043e\u0432\u0456\u0447\u043d\u0456 \u0440\u0456\u0448\u0435\u043d\u043d\u044f \u0434\u043b\u044f \u0441\u0432\u043e\u0457\u0445 \u043a\u0443\u043b\u044c\u0442\u0443\u0440.<\/p>","protected":false},"excerpt":{"rendered":"<p>Drut sadowniczy naci\u0105gowy BEKAERT Drut sadowniczy naci\u0105gowy BEKAERT o \u015brednicy 2,95 mm to wysokiej jako\u015bci produkt przeznaczony do konstrukcji sadowniczych i rolniczych. Dzi\u0119ki gruboocynkowanej pow\u0142oce charakteryzuje si\u0119 wyj\u0105tkow\u0105 odporno\u015bci\u0105 na korozj\u0119, co zapewnia jego d\u0142ugowieczno\u015b\u0107 i niezawodno\u015b\u0107 w trudnych warunkach atmosferycznych. Najwa\u017cniejsze cechy: Wytrzyma\u0142o\u015b\u0107 \u2013 Drut o \u015brednicy 2,95 mm zapewnia wysok\u0105 odporno\u015b\u0107 na obci\u0105\u017cenia, [&hellip;]<\/p>","protected":false},"featured_media":4851,"template":"","meta":{"site-sidebar-layout":"default","site-content-layout":"","ast-site-content-layout":"default","site-content-style":"default","site-sidebar-style":"default","ast-global-header-display":"","ast-banner-title-visibility":"","ast-main-header-display":"","ast-hfb-above-header-display":"","ast-hfb-below-header-display":"","ast-hfb-mobile-header-display":"","site-post-title":"","ast-breadcrumbs-content":"","ast-featured-img":"","footer-sml-layout":"","theme-transparent-header-meta":"default","adv-header-id-meta":"","stick-header-meta":"default","header-above-stick-meta":"","header-main-stick-meta":"","header-below-stick-meta":"","astra-migrate-meta-layouts":"set","ast-page-background-enabled":"default","ast-page-background-meta":{"desktop":{"background-color":"var(--ast-global-color-4)","background-image":"","background-repeat":"repeat","background-position":"center center","background-size":"auto","background-attachment":"scroll","background-type":"","background-media":"","overlay-type":"","overlay-color":"","overlay-opacity":"","overlay-gradient":""},"tablet":{"background-color":"","background-image":"","background-repeat":"repeat","background-position":"center center","background-size":"auto","background-attachment":"scroll","background-type":"","background-media":"","overlay-type":"","overlay-color":"","overlay-opacity":"","overlay-gradient":""},"mobile":{"background-color":"","background-image":"","background-repeat":"repeat","background-position":"center center","background-size":"auto","background-attachment":"scroll","background-type":"","background-media":"","overlay-type":"","overlay-color":"","overlay-opacity":"","overlay-gradient":""}},"ast-content-background-meta":{"desktop":{"background-color":"var(--ast-global-color-5)","background-image":"","background-repeat":"repeat","background-position":"center center","background-size":"auto","background-attachment":"scroll","background-type":"","background-media":"","overlay-type":"","overlay-color":"","overlay-opacity":"","overlay-gradient":""},"tablet":{"background-color":"var(--ast-global-color-5)","background-image":"","background-repeat":"repeat","background-position":"center center","background-size":"auto","background-attachment":"scroll","background-type":"","background-media":"","overlay-type":"","overlay-color":"","overlay-opacity":"","overlay-gradient":""},"mobile":{"background-color":"var(--ast-global-color-5)","background-image":"","background-repeat":"repeat","background-position":"center center","background-size":"auto","background-attachment":"scroll","background-type":"","background-media":"","overlay-type":"","overlay-color":"","overlay-opacity":"","overlay-gradient":""}}},"product_brand":[],"product_cat":[265],"product_tag":[],"class_list":{"0":"post-4854","1":"product","2":"type-product","3":"status-publish","4":"has-post-thumbnail","6":"product_cat-bekaert-naciagowy-295mm-750mb","7":"desktop-align-left","8":"tablet-align-left","9":"mobile-align-left","10":"ast-product-gallery-layout-horizontal","11":"ast-product-tabs-layout-horizontal","13":"first","14":"instock","15":"shipping-taxable","16":"product-type-simple"},"_links":{"self":[{"href":"https:\/\/wimar.net\/uk\/wp-json\/wp\/v2\/product\/4854","targetHints":{"allow":["GET"]}}],"collection":[{"href":"https:\/\/wimar.net\/uk\/wp-json\/wp\/v2\/product"}],"about":[{"href":"https:\/\/wimar.net\/uk\/wp-json\/wp\/v2\/types\/product"}],"version-history":[{"count":2,"href":"https:\/\/wimar.net\/uk\/wp-json\/wp\/v2\/product\/4854\/revisions"}],"predecessor-version":[{"id":4865,"href":"https:\/\/wimar.net\/uk\/wp-json\/wp\/v2\/product\/4854\/revisions\/4865"}],"wp:featuredmedia":[{"embeddable":true,"href":"https:\/\/wimar.net\/uk\/wp-json\/wp\/v2\/media\/4851"}],"wp:attachment":[{"href":"https:\/\/wimar.net\/uk\/wp-json\/wp\/v2\/media?parent=4854"}],"wp:term":[{"taxonomy":"product_brand","embeddable":true,"href":"https:\/\/wimar.net\/uk\/wp-json\/wp\/v2\/product_brand?post=4854"},{"taxonomy":"product_cat","embeddable":true,"href":"https:\/\/wimar.net\/uk\/wp-json\/wp\/v2\/product_cat?post=4854"},{"taxonomy":"product_tag","embeddable":true,"href":"https:\/\/wimar.net\/uk\/wp-json\/wp\/v2\/product_tag?post=4854"}],"curies":[{"name":"wp","href":"https:\/\/api.w.org\/{rel}","templated":true}]}}