{"id":4867,"date":"2025-03-05T08:35:56","date_gmt":"2025-03-05T07:35:56","guid":{"rendered":"https:\/\/wimar.net\/?post_type=product&#038;p=4867"},"modified":"2025-03-05T08:46:35","modified_gmt":"2025-03-05T07:46:35","slug":"%d0%bd%d1%96%d0%b6-%d0%b4%d0%bb%d1%8f-%d1%80%d1%96%d0%b7%d0%b0%d0%bd%d0%bd%d1%8f-%d1%88%d0%bd%d1%83%d1%80%d0%b0-18-%d0%bc%d0%bc","status":"publish","type":"product","link":"https:\/\/wimar.net\/uk\/product-2\/%d0%bd%d1%96%d0%b6-%d0%b4%d0%bb%d1%8f-%d1%80%d1%96%d0%b7%d0%b0%d0%bd%d0%bd%d1%8f-%d1%88%d0%bd%d1%83%d1%80%d0%b0-18-%d0%bc%d0%bc\/","title":{"rendered":"\u041a\u0456\u043b\u044c\u0446\u0435\u0432\u0438\u0439 \u043d\u0456\u0436 \u0434\u043b\u044f \u0440\u0456\u0437\u0430\u043d\u043d\u044f \u0448\u043d\u0443\u0440\u0430, \u0448\u043b\u0430\u043d\u0433\u0430 18 \u043c\u043c"},"content":{"rendered":"<h3 data-start=\"0\" data-end=\"51\"><strong data-start=\"0\" data-end=\"49\">\u041a\u0456\u043b\u044c\u0446\u0435\u0432\u0438\u0439 \u043d\u0456\u0436 \u0434\u043b\u044f \u0432\u0456\u0434\u0440\u0456\u0437\u0430\u043d\u043d\u044f<\/strong><\/h3>\n<p data-start=\"53\" data-end=\"324\">\u041a\u0456\u043b\u044c\u0446\u0435\u0432\u0438\u0439 \u043d\u0456\u0436 - \u0446\u0435 \u0437\u0440\u0443\u0447\u043d\u0438\u0439 \u0456 \u0431\u0435\u0437\u043f\u0435\u0447\u043d\u0438\u0439 \u0456\u043d\u0441\u0442\u0440\u0443\u043c\u0435\u043d\u0442, \u044f\u043a\u0438\u0439 \u0434\u043e\u0437\u0432\u043e\u043b\u044f\u0454 \u0448\u0432\u0438\u0434\u043a\u043e \u0456 \u0442\u043e\u0447\u043d\u043e \u0440\u0456\u0437\u0430\u0442\u0438 \u0441\u0442\u0440\u0443\u043d\u0438, \u0448\u043b\u0430\u043d\u0433\u0438 \u0442\u0430 \u0456\u043d\u0448\u0456 \u0442\u043e\u043d\u043a\u0456 \u043c\u0430\u0442\u0435\u0440\u0456\u0430\u043b\u0438. \u0417\u0430\u0432\u0434\u044f\u043a\u0438 \u0435\u0440\u0433\u043e\u043d\u043e\u043c\u0456\u0447\u043d\u0456\u0439 \u0444\u043e\u0440\u043c\u0456 \u0442\u0430 \u043a\u043e\u043c\u043f\u0430\u043a\u0442\u043d\u0438\u043c \u0440\u043e\u0437\u043c\u0456\u0440\u0430\u043c \u0432\u0456\u043d \u043f\u0456\u0434\u0456\u0439\u0434\u0435 \u044f\u043a \u0434\u043b\u044f \u043f\u0440\u043e\u0444\u0435\u0441\u0456\u0439\u043d\u043e\u0433\u043e, \u0442\u0430\u043a \u0456 \u0434\u043b\u044f \u043f\u043e\u0432\u0441\u044f\u043a\u0434\u0435\u043d\u043d\u043e\u0433\u043e \u0432\u0438\u043a\u043e\u0440\u0438\u0441\u0442\u0430\u043d\u043d\u044f.<\/p>\n<h3 data-start=\"326\" data-end=\"356\"><strong data-start=\"330\" data-end=\"354\">\u041e\u0441\u043d\u043e\u0432\u043d\u0456 \u0445\u0430\u0440\u0430\u043a\u0442\u0435\u0440\u0438\u0441\u0442\u0438\u043a\u0438:<\/strong><\/h3>\n<ul>\n<li data-start=\"358\" data-end=\"966\"><strong data-start=\"360\" data-end=\"373\">\u0415\u0440\u0433\u043e\u043d\u043e\u043c\u0456\u043a\u0430<\/strong> - \u041b\u0435\u0437\u043e \u0443 \u0444\u043e\u0440\u043c\u0456 \u043a\u0456\u043b\u044c\u0446\u044f \u0437\u0430\u0431\u0435\u0437\u043f\u0435\u0447\u0443\u0454 \u0437\u0440\u0443\u0447\u043d\u0435 \u043f\u0440\u0438\u043b\u044f\u0433\u0430\u043d\u043d\u044f \u0434\u043e \u043f\u0430\u043b\u044c\u0446\u044f, \u0434\u043e\u0437\u0432\u043e\u043b\u044f\u044e\u0447\u0438 \u0448\u0432\u0438\u0434\u043a\u043e \u0456 \u0442\u043e\u0447\u043d\u043e \u0440\u0456\u0437\u0430\u0442\u0438 \u0431\u0435\u0437 \u043d\u0435\u043e\u0431\u0445\u0456\u0434\u043d\u043e\u0441\u0442\u0456 \u0432\u0456\u0434\u043a\u043b\u0430\u0434\u0430\u0442\u0438 \u0456\u043d\u0441\u0442\u0440\u0443\u043c\u0435\u043d\u0442.<\/li>\n<li data-start=\"358\" data-end=\"966\"><strong data-start=\"521\" data-end=\"539\">\u0411\u0435\u0437\u043f\u0435\u043a\u0430<\/strong> - \u041f\u0440\u0438\u0445\u043e\u0432\u0430\u043d\u0435 \u043b\u0435\u0437\u043e \u0437\u0432\u043e\u0434\u0438\u0442\u044c \u0434\u043e \u043c\u0456\u043d\u0456\u043c\u0443\u043c\u0443 \u0440\u0438\u0437\u0438\u043a \u0442\u0440\u0430\u0432\u043c\u0443\u0432\u0430\u043d\u043d\u044f, \u0437\u0430\u0431\u0435\u0437\u043f\u0435\u0447\u0443\u044e\u0447\u0438 \u043f\u0440\u0438 \u0446\u044c\u043e\u043c\u0443 \u0435\u0444\u0435\u043a\u0442\u0438\u0432\u043d\u0456\u0441\u0442\u044c \u0440\u0456\u0437\u0430\u043d\u043d\u044f.<\/li>\n<li data-start=\"358\" data-end=\"966\"><strong data-start=\"638\" data-end=\"650\">\u0421\u0442\u0430\u043b\u0438\u0439 \u0440\u043e\u0437\u0432\u0438\u0442\u043e\u043a<\/strong> - \u0412\u0438\u0433\u043e\u0442\u043e\u0432\u043b\u0435\u043d\u0438\u0439 \u0437 \u0432\u0438\u0441\u043e\u043a\u043e\u044f\u043a\u0456\u0441\u043d\u0438\u0445, \u0437\u043d\u043e\u0441\u043e- \u0442\u0430 \u043a\u043e\u0440\u043e\u0437\u0456\u0439\u043d\u043e\u0441\u0442\u0456\u0439\u043a\u0438\u0445 \u043c\u0430\u0442\u0435\u0440\u0456\u0430\u043b\u0456\u0432.<\/li>\n<li data-start=\"358\" data-end=\"966\"><strong data-start=\"729\" data-end=\"748\">\u0423\u043d\u0456\u0432\u0435\u0440\u0441\u0430\u043b\u044c\u043d\u0456\u0441\u0442\u044c<\/strong> - \u0406\u0434\u0435\u0430\u043b\u044c\u043d\u043e \u043f\u0456\u0434\u0445\u043e\u0434\u0438\u0442\u044c \u0434\u043b\u044f \u0440\u0456\u0437\u0430\u043d\u043d\u044f \u0448\u043d\u0443\u0440\u0456\u0432, \u0448\u043b\u0430\u043d\u0433\u0456\u0432, \u0441\u0442\u0440\u0456\u0447\u043e\u043a \u0430\u0431\u043e \u0442\u043e\u043d\u043a\u0438\u0445 \u043c\u043e\u0442\u0443\u0437\u043e\u043a.<\/li>\n<li data-start=\"358\" data-end=\"966\"><strong data-start=\"815\" data-end=\"838\">\u041f\u0440\u043e\u0441\u0442\u043e\u0442\u0430 \u0432\u0438\u043a\u043e\u0440\u0438\u0441\u0442\u0430\u043d\u043d\u044f<\/strong> - \u0406\u043d\u0442\u0443\u0457\u0442\u0438\u0432\u043d\u043e \u0437\u0440\u043e\u0437\u0443\u043c\u0456\u043b\u0435 \u0443\u043f\u0440\u0430\u0432\u043b\u0456\u043d\u043d\u044f \u0440\u043e\u0431\u0438\u0442\u044c \u0456\u043d\u0441\u0442\u0440\u0443\u043c\u0435\u043d\u0442 \u0437\u0440\u0443\u0447\u043d\u0438\u043c \u044f\u043a \u0434\u043b\u044f \u043f\u0440\u043e\u0444\u0435\u0441\u0456\u043e\u043d\u0430\u043b\u0456\u0432, \u0442\u0430\u043a \u0456 \u0434\u043b\u044f \u0432\u0438\u043f\u0430\u0434\u043a\u043e\u0432\u0438\u0445 \u043a\u043e\u0440\u0438\u0441\u0442\u0443\u0432\u0430\u0447\u0456\u0432.<\/li>\n<li data-start=\"358\" data-end=\"966\"><strong>\u0414\u0456\u0430\u043c\u0435\u0442\u0440 \u043a\u0456\u043b\u044c\u0446\u044f<\/strong> - 18 \u043c\u043c<\/li>\n<\/ul>\n<h3 data-start=\"968\" data-end=\"991\"><strong data-start=\"972\" data-end=\"989\">\u0417\u0430\u044f\u0432\u043a\u0430:<\/strong><\/h3>\n<ul>\n<li data-start=\"993\" data-end=\"1407\"><strong data-start=\"996\" data-end=\"1030\">\u0421\u043a\u043b\u0430\u0434\u0441\u044c\u043a\u0430 \u0442\u0430 \u043b\u043e\u0433\u0456\u0441\u0442\u0438\u0447\u043d\u0430 \u0440\u043e\u0431\u043e\u0442\u0430<\/strong> - \u0414\u043e\u0437\u0432\u043e\u043b\u044f\u0454 \u0448\u0432\u0438\u0434\u043a\u043e \u0440\u043e\u0437\u0440\u0456\u0437\u0430\u0442\u0438 \u0443\u043f\u0430\u043a\u043e\u0432\u043a\u0443, \u0441\u0442\u0440\u0456\u0447\u043a\u0438 \u0442\u0430 \u0437\u0430\u0445\u0438\u0441\u043d\u0456 \u0448\u043d\u0443\u0440\u0438.<\/li>\n<li data-start=\"993\" data-end=\"1407\"><strong data-start=\"1110\" data-end=\"1137\">\u0421\u0456\u043b\u044c\u0441\u044c\u043a\u0435 \u0433\u043e\u0441\u043f\u043e\u0434\u0430\u0440\u0441\u0442\u0432\u043e \u0442\u0430 \u0441\u0430\u0434\u0456\u0432\u043d\u0438\u0446\u0442\u0432\u043e<\/strong> - \u0406\u0434\u0435\u0430\u043b\u044c\u043d\u043e \u043f\u0456\u0434\u0445\u043e\u0434\u0438\u0442\u044c \u0434\u043b\u044f \u043e\u0431\u0440\u0456\u0437\u043a\u0438 \u0448\u043d\u0443\u0440\u0456\u0432 \u0456 \u0448\u043b\u0430\u043d\u0433\u0456\u0432, \u0449\u043e \u0432\u0438\u043a\u043e\u0440\u0438\u0441\u0442\u043e\u0432\u0443\u044e\u0442\u044c\u0441\u044f \u0432 \u0441\u0456\u043b\u044c\u0441\u044c\u043a\u043e\u043c\u0443 \u0433\u043e\u0441\u043f\u043e\u0434\u0430\u0440\u0441\u0442\u0432\u0456.<\/li>\n<li data-start=\"993\" data-end=\"1407\"><strong data-start=\"1211\" data-end=\"1237\">\u0420\u0435\u043c\u0435\u0441\u043b\u0430 \u0442\u0430 \u0440\u0443\u043a\u043e\u0434\u0456\u043b\u043b\u044f<\/strong> - \u0412\u0438\u043a\u043e\u0440\u0438\u0441\u0442\u043e\u0432\u0443\u0454\u0442\u044c\u0441\u044f \u0434\u043b\u044f \u0440\u0443\u0447\u043d\u043e\u0457 \u0440\u043e\u0431\u043e\u0442\u0438, \u0449\u043e \u0432\u0438\u043c\u0430\u0433\u0430\u0454 \u0442\u043e\u0447\u043d\u043e\u0433\u043e \u0440\u0456\u0437\u0430\u043d\u043d\u044f.<\/li>\n<li data-start=\"993\" data-end=\"1407\"><strong data-start=\"1310\" data-end=\"1335\">\u0429\u043e\u0434\u0435\u043d\u043d\u0435 \u0432\u0438\u043a\u043e\u0440\u0438\u0441\u0442\u0430\u043d\u043d\u044f<\/strong> - \u041f\u0440\u0430\u043a\u0442\u0438\u0447\u043d\u0438\u0439 \u0456\u043d\u0441\u0442\u0440\u0443\u043c\u0435\u043d\u0442 \u0434\u043b\u044f \u0434\u043e\u043c\u0430\u0448\u043d\u044c\u043e\u0433\u043e \u0432\u0438\u043a\u043e\u0440\u0438\u0441\u0442\u0430\u043d\u043d\u044f, \u043d\u0430\u043f\u0440\u0438\u043a\u043b\u0430\u0434, \u043f\u0440\u0438 \u043f\u0430\u043a\u0443\u0432\u0430\u043d\u043d\u0456 \u043f\u043e\u0441\u0438\u043b\u043e\u043a.<\/li>\n<\/ul>\n<h3 data-start=\"1409\" data-end=\"1456\"><strong data-start=\"1413\" data-end=\"1454\">\u0427\u043e\u043c\u0443 \u0432\u0430\u0440\u0442\u043e \u0432\u0438\u0431\u0440\u0430\u0442\u0438 \u043a\u0456\u043b\u044c\u0446\u0435\u0432\u0438\u0439 \u043d\u0456\u0436?<\/strong><\/h3>\n<p data-start=\"1458\" data-end=\"1739\" data-is-last-node=\"\" data-is-only-node=\"\">\u041a\u0456\u043b\u044c\u0446\u0435\u0432\u0438\u0439 \u043d\u0456\u0436 - \u0446\u0435 \u0456\u043d\u043d\u043e\u0432\u0430\u0446\u0456\u0439\u043d\u0435 \u0440\u0456\u0448\u0435\u043d\u043d\u044f, \u044f\u043a\u0435 \u043f\u0456\u0434\u0432\u0438\u0449\u0443\u0454 \u043a\u043e\u043c\u0444\u043e\u0440\u0442 \u0456 \u0431\u0435\u0437\u043f\u0435\u043a\u0443 \u043d\u0430 \u0440\u043e\u0431\u043e\u0442\u0456. \u041c\u0456\u0446\u043d\u0430 \u043a\u043e\u043d\u0441\u0442\u0440\u0443\u043a\u0446\u0456\u044f \u0442\u0430 \u0437\u0440\u0443\u0447\u043d\u0430 \u0444\u043e\u0440\u043c\u0430 \u0440\u043e\u0431\u043b\u044f\u0442\u044c \u0439\u043e\u0433\u043e \u043d\u0435\u0437\u0430\u043c\u0456\u043d\u043d\u0438\u043c \u0456\u043d\u0441\u0442\u0440\u0443\u043c\u0435\u043d\u0442\u043e\u043c \u0443 \u0431\u0430\u0433\u0430\u0442\u044c\u043e\u0445 \u0433\u0430\u043b\u0443\u0437\u044f\u0445 \u043f\u0440\u043e\u043c\u0438\u0441\u043b\u043e\u0432\u043e\u0441\u0442\u0456. \u042f\u043a\u0449\u043e \u0432\u0438 \u0446\u0456\u043d\u0443\u0454\u0442\u0435 \u0442\u043e\u0447\u043d\u0456\u0441\u0442\u044c, \u0435\u0440\u0433\u043e\u043d\u043e\u043c\u0456\u0447\u043d\u0456\u0441\u0442\u044c \u0456 \u0434\u043e\u0432\u0433\u043e\u0432\u0456\u0447\u043d\u0456\u0441\u0442\u044c, \u0446\u0435\u0439 \u0432\u0438\u0440\u0456\u0431 \u0441\u0442\u0430\u043d\u0435 \u0456\u0434\u0435\u0430\u043b\u044c\u043d\u0438\u043c \u0432\u0438\u0431\u043e\u0440\u043e\u043c.<\/p>","protected":false},"excerpt":{"rendered":"<p>N\u00f3\u017c obr\u0105czkowy do ci\u0119cia N\u00f3\u017c obr\u0105czkowy to wygodne i bezpieczne narz\u0119dzie, kt\u00f3re u\u0142atwia szybkie i precyzyjne ci\u0119cie sznurka, w\u0119\u017cyka oraz innych cienkich materia\u0142\u00f3w. Dzi\u0119ki ergonomicznemu kszta\u0142towi i kompaktowym rozmiarom sprawdzi si\u0119 zar\u00f3wno w pracy zawodowej, jak i w codziennym u\u017cytkowaniu. Najwa\u017cniejsze cechy: Ergonomia \u2013 N\u00f3\u017c w formie obr\u0105czki zapewnia wygodne dopasowanie do palca, umo\u017cliwiaj\u0105c szybkie [&hellip;]<\/p>","protected":false},"featured_media":4870,"template":"","meta":{"site-sidebar-layout":"default","site-content-layout":"","ast-site-content-layout":"default","site-content-style":"default","site-sidebar-style":"default","ast-global-header-display":"","ast-banner-title-visibility":"","ast-main-header-display":"","ast-hfb-above-header-display":"","ast-hfb-below-header-display":"","ast-hfb-mobile-header-display":"","site-post-title":"","ast-breadcrumbs-content":"","ast-featured-img":"","footer-sml-layout":"","theme-transparent-header-meta":"default","adv-header-id-meta":"","stick-header-meta":"default","header-above-stick-meta":"","header-main-stick-meta":"","header-below-stick-meta":"","astra-migrate-meta-layouts":"set","ast-page-background-enabled":"default","ast-page-background-meta":{"desktop":{"background-color":"var(--ast-global-color-4)","background-image":"","background-repeat":"repeat","background-position":"center center","background-size":"auto","background-attachment":"scroll","background-type":"","background-media":"","overlay-type":"","overlay-color":"","overlay-opacity":"","overlay-gradient":""},"tablet":{"background-color":"","background-image":"","background-repeat":"repeat","background-position":"center center","background-size":"auto","background-attachment":"scroll","background-type":"","background-media":"","overlay-type":"","overlay-color":"","overlay-opacity":"","overlay-gradient":""},"mobile":{"background-color":"","background-image":"","background-repeat":"repeat","background-position":"center center","background-size":"auto","background-attachment":"scroll","background-type":"","background-media":"","overlay-type":"","overlay-color":"","overlay-opacity":"","overlay-gradient":""}},"ast-content-background-meta":{"desktop":{"background-color":"var(--ast-global-color-5)","background-image":"","background-repeat":"repeat","background-position":"center center","background-size":"auto","background-attachment":"scroll","background-type":"","background-media":"","overlay-type":"","overlay-color":"","overlay-opacity":"","overlay-gradient":""},"tablet":{"background-color":"var(--ast-global-color-5)","background-image":"","background-repeat":"repeat","background-position":"center center","background-size":"auto","background-attachment":"scroll","background-type":"","background-media":"","overlay-type":"","overlay-color":"","overlay-opacity":"","overlay-gradient":""},"mobile":{"background-color":"var(--ast-global-color-5)","background-image":"","background-repeat":"repeat","background-position":"center center","background-size":"auto","background-attachment":"scroll","background-type":"","background-media":"","overlay-type":"","overlay-color":"","overlay-opacity":"","overlay-gradient":""}}},"product_brand":[],"product_cat":[298],"product_tag":[],"class_list":{"0":"post-4867","1":"product","2":"type-product","3":"status-publish","4":"has-post-thumbnail","6":"product_cat-noz-do-ciecia-wezyka-rozmiar-18","7":"desktop-align-left","8":"tablet-align-left","9":"mobile-align-left","10":"ast-product-gallery-layout-horizontal","11":"ast-product-tabs-layout-horizontal","13":"first","14":"instock","15":"shipping-taxable","16":"product-type-simple"},"_links":{"self":[{"href":"https:\/\/wimar.net\/uk\/wp-json\/wp\/v2\/product\/4867","targetHints":{"allow":["GET"]}}],"collection":[{"href":"https:\/\/wimar.net\/uk\/wp-json\/wp\/v2\/product"}],"about":[{"href":"https:\/\/wimar.net\/uk\/wp-json\/wp\/v2\/types\/product"}],"version-history":[{"count":1,"href":"https:\/\/wimar.net\/uk\/wp-json\/wp\/v2\/product\/4867\/revisions"}],"predecessor-version":[{"id":4871,"href":"https:\/\/wimar.net\/uk\/wp-json\/wp\/v2\/product\/4867\/revisions\/4871"}],"wp:featuredmedia":[{"embeddable":true,"href":"https:\/\/wimar.net\/uk\/wp-json\/wp\/v2\/media\/4870"}],"wp:attachment":[{"href":"https:\/\/wimar.net\/uk\/wp-json\/wp\/v2\/media?parent=4867"}],"wp:term":[{"taxonomy":"product_brand","embeddable":true,"href":"https:\/\/wimar.net\/uk\/wp-json\/wp\/v2\/product_brand?post=4867"},{"taxonomy":"product_cat","embeddable":true,"href":"https:\/\/wimar.net\/uk\/wp-json\/wp\/v2\/product_cat?post=4867"},{"taxonomy":"product_tag","embeddable":true,"href":"https:\/\/wimar.net\/uk\/wp-json\/wp\/v2\/product_tag?post=4867"}],"curies":[{"name":"wp","href":"https:\/\/api.w.org\/{rel}","templated":true}]}}