{"id":4893,"date":"2025-03-05T11:04:44","date_gmt":"2025-03-05T10:04:44","guid":{"rendered":"https:\/\/wimar.net\/?post_type=product&#038;p=4893"},"modified":"2025-03-05T11:16:48","modified_gmt":"2025-03-05T10:16:48","slug":"%d0%b3%d0%be%d1%84%d1%80%d0%be%d0%b2%d0%b0%d0%bd%d0%b8%d0%b9-%d0%bf%d0%b0%d0%bf%d1%96%d1%80-140x1480-%d0%bc%d0%bc-%d0%b4%d0%bb%d1%8f-%d0%b4%d0%b5%d1%80%d0%b5%d0%b2%d1%8f%d0%bd%d0%b8%d1%85-%d0%ba","status":"publish","type":"product","link":"https:\/\/wimar.net\/uk\/product-2\/%d0%b3%d0%be%d1%84%d1%80%d0%be%d0%b2%d0%b0%d0%bd%d0%b8%d0%b9-%d0%bf%d0%b0%d0%bf%d1%96%d1%80-140x1480-%d0%bc%d0%bc-%d0%b4%d0%bb%d1%8f-%d0%b4%d0%b5%d1%80%d0%b5%d0%b2%d1%8f%d0%bd%d0%b8%d1%85-%d0%ba\/","title":{"rendered":"\u0413\u043e\u0444\u0440\u043e\u0432\u0430\u043d\u0438\u0439 \u043f\u0430\u043f\u0456\u0440 140x1480 \u043c\u043c \u0434\u043b\u044f \u0434\u0435\u0440\u0435\u0432'\u044f\u043d\u0438\u0445 \u043f\u0430\u043a\u0443\u0432\u0430\u043b\u044c\u043d\u0438\u0445 \u044f\u0449\u0438\u043a\u0456\u0432"},"content":{"rendered":"<h3 data-start=\"0\" data-end=\"91\"><strong data-start=\"0\" data-end=\"89\">\u0413\u043e\u0444\u0440\u043e\u0432\u0430\u043d\u0438\u0439 \u043f\u0430\u043f\u0456\u0440 \u0434\u043b\u044f \u0434\u0435\u0440\u0435\u0432'\u044f\u043d\u0438\u0445 \u043a\u043e\u0440\u043e\u0431\u043e\u043a<\/strong><\/h3>\n<p data-start=\"93\" data-end=\"345\">\u0413\u043e\u0444\u0440\u043e\u0432\u0430\u043d\u0438\u0439 \u043f\u0430\u043f\u0456\u0440 - \u0446\u0435 \u0435\u043a\u043e\u043b\u043e\u0433\u0456\u0447\u043d\u0435 \u0442\u0430 \u043f\u0440\u0430\u043a\u0442\u0438\u0447\u043d\u0435 \u0440\u0456\u0448\u0435\u043d\u043d\u044f \u0434\u043b\u044f \u0432\u0438\u0441\u0442\u0438\u043b\u0430\u043d\u043d\u044f \u0434\u0435\u0440\u0435\u0432'\u044f\u043d\u0438\u0445 \u044f\u0449\u0438\u043a\u0456\u0432 \u0456 \u0437\u0430\u0445\u0438\u0441\u0442\u0443 \u0434\u0435\u043b\u0456\u043a\u0430\u0442\u043d\u0438\u0445 \u043f\u0440\u043e\u0434\u0443\u043a\u0442\u0456\u0432. \u0417\u0430\u0432\u0434\u044f\u043a\u0438 \u0441\u0432\u043e\u0457\u0439 \u0441\u0442\u0440\u0443\u043a\u0442\u0443\u0440\u0456 \u0432\u0456\u043d \u0447\u0443\u0434\u043e\u0432\u043e \u043f\u043e\u0433\u043b\u0438\u043d\u0430\u0454 \u0443\u0434\u0430\u0440\u0438 \u0456 \u0437\u0430\u0445\u0438\u0449\u0430\u0454 \u0444\u0440\u0443\u043a\u0442\u0438, \u043e\u0432\u043e\u0447\u0456 \u0442\u0430 \u0456\u043d\u0448\u0456 \u0442\u043e\u0432\u0430\u0440\u0438 \u0432\u0456\u0434 \u043f\u043e\u0448\u043a\u043e\u0434\u0436\u0435\u043d\u044c.<\/p>\n<h3 data-start=\"347\" data-end=\"377\"><strong data-start=\"351\" data-end=\"375\">\u041e\u0441\u043d\u043e\u0432\u043d\u0456 \u0445\u0430\u0440\u0430\u043a\u0442\u0435\u0440\u0438\u0441\u0442\u0438\u043a\u0438:<\/strong><\/h3>\n<ul>\n<li data-start=\"379\" data-end=\"1032\"><strong data-start=\"381\" data-end=\"396\">\u041f\u0440\u0438\u0440\u043e\u0434\u043d\u0456\u0441\u0442\u044c<\/strong> - \u0412\u0438\u0433\u043e\u0442\u043e\u0432\u043b\u0435\u043d\u0438\u0439 \u0437 \u0431\u0456\u043e\u0440\u043e\u0437\u043a\u043b\u0430\u0434\u043d\u043e\u0457 \u0442\u0430 \u0432\u0456\u0434\u043d\u043e\u0432\u043b\u044e\u0432\u0430\u043d\u043e\u0457 \u0446\u0435\u043b\u044e\u043b\u043e\u0437\u0438, \u0431\u0435\u0437\u043f\u0435\u0447\u043d\u043e\u0457 \u0434\u043b\u044f \u043d\u0430\u0432\u043a\u043e\u043b\u0438\u0448\u043d\u044c\u043e\u0433\u043e \u0441\u0435\u0440\u0435\u0434\u043e\u0432\u0438\u0449\u0430.<\/li>\n<li data-start=\"379\" data-end=\"1032\"><strong data-start=\"482\" data-end=\"497\">\u041e\u0440\u0433\u0430\u043d\u0456\u0447\u043d\u0438\u0439<\/strong> - \u041f\u0440\u0438\u0434\u0430\u0442\u043d\u0456\u0441\u0442\u044c \u0434\u043e \u0432\u0442\u043e\u0440\u0438\u043d\u043d\u043e\u0457 \u043f\u0435\u0440\u0435\u0440\u043e\u0431\u043a\u0438 \u0440\u043e\u0431\u0438\u0442\u044c \u0439\u043e\u0433\u043e \u0447\u0443\u0434\u043e\u0432\u043e\u044e \u0430\u043b\u044c\u0442\u0435\u0440\u043d\u0430\u0442\u0438\u0432\u043e\u044e \u043f\u043b\u0430\u0441\u0442\u0438\u043a\u043e\u0432\u0438\u043c \u043d\u0430\u043f\u043e\u0432\u043d\u044e\u0432\u0430\u0447\u0430\u043c.<\/li>\n<li data-start=\"379\" data-end=\"1032\"><strong data-start=\"594\" data-end=\"619\">\u0417\u0430\u0445\u0438\u0441\u0442 \u0456 \u0430\u043c\u043e\u0440\u0442\u0438\u0437\u0430\u0446\u0456\u044f<\/strong> - \u0413\u043e\u0444\u0440\u043e\u0432\u0430\u043d\u0430 \u0441\u0442\u0440\u0443\u043a\u0442\u0443\u0440\u0430 \u0437\u0430\u0431\u0435\u0437\u043f\u0435\u0447\u0443\u0454 \u0435\u0444\u0435\u043a\u0442\u0438\u0432\u043d\u0438\u0439 \u0437\u0430\u0445\u0438\u0441\u0442 \u0432\u0438\u0440\u043e\u0431\u0456\u0432 \u0432\u0456\u0434 \u0441\u0442\u0438\u0440\u0430\u043d\u043d\u044f \u0442\u0430 \u0443\u0434\u0430\u0440\u0456\u0432.<\/li>\n<li data-start=\"379\" data-end=\"1032\"><strong data-start=\"720\" data-end=\"750\">\u041f\u043e\u0432\u0456\u0442\u0440\u043e\u043f\u0440\u043e\u043d\u0438\u043a\u043d\u0456\u0441\u0442\u044c<\/strong> - \u0412\u043e\u043d\u0430 \u0437\u0430\u0431\u0435\u0437\u043f\u0435\u0447\u0443\u0454 \u0434\u043e\u0441\u0442\u0430\u0442\u043d\u044e \u0446\u0438\u0440\u043a\u0443\u043b\u044f\u0446\u0456\u044e \u043f\u043e\u0432\u0456\u0442\u0440\u044f, \u0449\u043e \u0434\u043e\u043f\u043e\u043c\u0430\u0433\u0430\u0454 \u0437\u0431\u0435\u0440\u0456\u0433\u0430\u0442\u0438 \u043f\u0440\u043e\u0434\u0443\u043a\u0442\u0438 \u0441\u0432\u0456\u0436\u0438\u043c\u0438.<\/li>\n<li data-start=\"379\" data-end=\"1032\"><strong data-start=\"845\" data-end=\"864\">\u0423\u043d\u0456\u0432\u0435\u0440\u0441\u0430\u043b\u044c\u043d\u0456\u0441\u0442\u044c<\/strong> - \u0419\u043e\u0433\u043e \u043c\u043e\u0436\u043d\u0430 \u0432\u0438\u043a\u043e\u0440\u0438\u0441\u0442\u043e\u0432\u0443\u0432\u0430\u0442\u0438 \u0432 \u0440\u0456\u0437\u043d\u0438\u0445 \u0433\u0430\u043b\u0443\u0437\u044f\u0445 - \u0432\u0456\u0434 \u0441\u0456\u043b\u044c\u0441\u044c\u043a\u043e\u0433\u043e \u0433\u043e\u0441\u043f\u043e\u0434\u0430\u0440\u0441\u0442\u0432\u0430 \u0434\u043e \u0442\u0440\u0430\u043d\u0441\u043f\u043e\u0440\u0442\u0443 \u0442\u0430 \u043e\u0437\u0434\u043e\u0431\u043b\u0435\u043d\u043d\u044f.<\/li>\n<li data-start=\"379\" data-end=\"1032\"><b>\u0414\u043e\u0432\u0436\u0438\u043d\u0430 <\/b>- 1480 \u043c\u043c<\/li>\n<li data-start=\"379\" data-end=\"1032\"><strong>\u0428\u0438\u0440\u0438\u043d\u0430<\/strong> - 140 \u043c\u043c<\/li>\n<li data-start=\"379\" data-end=\"1032\"><strong>\u041f\u0430\u043a\u0443\u0432\u0430\u043d\u043d\u044f<\/strong> - 200 \u0448\u0442\u0443\u043a.<\/li>\n<\/ul>\n<h3 data-start=\"1034\" data-end=\"1057\"><strong data-start=\"1038\" data-end=\"1055\">\u0417\u0430\u044f\u0432\u043a\u0430:<\/strong><\/h3>\n<ul>\n<li data-start=\"1059\" data-end=\"1619\"><strong data-start=\"1062\" data-end=\"1111\">\u041d\u0430\u043f\u043e\u0432\u043d\u0435\u043d\u043d\u044f \u0442\u0430 \u043e\u0431\u043b\u0438\u0446\u044e\u0432\u0430\u043d\u043d\u044f \u0434\u0435\u0440\u0435\u0432'\u044f\u043d\u0438\u0445 \u044f\u0449\u0438\u043a\u0456\u0432<\/strong> - \u0406\u0434\u0435\u0430\u043b\u044c\u043d\u043e \u043f\u0456\u0434\u0445\u043e\u0434\u0438\u0442\u044c \u0434\u043b\u044f \u0442\u0440\u0430\u043d\u0441\u043f\u043e\u0440\u0442\u0443\u0432\u0430\u043d\u043d\u044f \u0442\u0430 \u0437\u0431\u0435\u0440\u0456\u0433\u0430\u043d\u043d\u044f \u0444\u0440\u0443\u043a\u0442\u0456\u0432, \u043e\u0432\u043e\u0447\u0456\u0432, \u044f\u0454\u0446\u044c \u0430\u0431\u043e \u0434\u0435\u043b\u0456\u043a\u0430\u0442\u043d\u0438\u0445 \u043f\u0440\u043e\u0434\u0443\u043a\u0442\u0456\u0432.<\/li>\n<li data-start=\"1059\" data-end=\"1619\"><strong data-start=\"1219\" data-end=\"1246\">\u0417\u0430\u0445\u0438\u0441\u0442 \u0444\u0440\u0443\u043a\u0442\u0456\u0432 \u0442\u0430 \u043e\u0432\u043e\u0447\u0456\u0432<\/strong> - \u0412\u0456\u043d \u0437\u0430\u043f\u043e\u0431\u0456\u0433\u0430\u0454 \u043d\u0430\u0442\u0438\u0440\u0430\u043d\u043d\u044e \u0442\u0430 \u043f\u043e\u0448\u043a\u043e\u0434\u0436\u0435\u043d\u043d\u044e, \u0434\u043e\u043f\u043e\u043c\u0430\u0433\u0430\u044e\u0447\u0438 \u0437\u0431\u0435\u0440\u0435\u0433\u0442\u0438 \u0457\u0445 \u0441\u0432\u0456\u0436\u0438\u043c\u0438.<\/li>\n<li data-start=\"1059\" data-end=\"1619\"><strong data-start=\"1322\" data-end=\"1347\">\u041f\u0430\u043a\u0443\u0432\u0430\u043d\u043d\u044f \u0442\u0430 \u0442\u0440\u0430\u043d\u0441\u043f\u043e\u0440\u0442\u0443\u0432\u0430\u043d\u043d\u044f<\/strong> - \u0427\u0443\u0434\u043e\u0432\u043e \u043f\u0456\u0434\u0445\u043e\u0434\u0438\u0442\u044c \u044f\u043a \u0430\u043c\u043e\u0440\u0442\u0438\u0437\u0443\u044e\u0447\u0438\u0439 \u0448\u0430\u0440 \u0434\u043b\u044f \u043a\u0430\u0440\u0442\u043e\u043d\u043d\u043e\u0457 \u0442\u0430 \u0434\u0435\u0440\u0435\u0432'\u044f\u043d\u043e\u0457 \u0443\u043f\u0430\u043a\u043e\u0432\u043a\u0438.<\/li>\n<li data-start=\"1059\" data-end=\"1619\"><strong data-start=\"1445\" data-end=\"1471\">\u041e\u0437\u0434\u043e\u0431\u043b\u0435\u043d\u043d\u044f \u0442\u0430 \u0434\u0435\u043c\u043e\u043d\u0441\u0442\u0440\u0430\u0446\u0456\u044f<\/strong> - \u0415\u0441\u0442\u0435\u0442\u0438\u0447\u043d\u043e \u043f\u0440\u0438\u0432\u0430\u0431\u043b\u0438\u0432\u0438\u0439 \u0437\u043e\u0432\u043d\u0456\u0448\u043d\u0456\u0439 \u0432\u0438\u0433\u043b\u044f\u0434 \u0440\u043e\u0431\u0438\u0442\u044c \u0439\u043e\u0433\u043e \u043f\u043e\u043f\u0443\u043b\u044f\u0440\u043d\u0438\u043c \u0435\u043b\u0435\u043c\u0435\u043d\u0442\u043e\u043c \u0434\u0438\u0437\u0430\u0439\u043d\u0443 \u0434\u043b\u044f \u0432\u0438\u0441\u0442\u0430\u0432\u043a\u043e\u0432\u0438\u0445 \u0441\u0442\u0435\u043d\u0434\u0456\u0432, \u043e\u0440\u0433\u0430\u043d\u0456\u0447\u043d\u0438\u0445 \u043c\u0430\u0433\u0430\u0437\u0438\u043d\u0456\u0432 \u0442\u0430 \u043f\u043e\u0434\u0430\u0440\u0443\u043d\u043a\u043e\u0432\u0438\u0445 \u043d\u0430\u0431\u043e\u0440\u0456\u0432.<\/li>\n<\/ul>\n<h3 data-start=\"1621\" data-end=\"1670\"><strong data-start=\"1625\" data-end=\"1668\">\u0427\u043e\u043c\u0443 \u0432\u0430\u0440\u0442\u043e \u043e\u0431\u0440\u0430\u0442\u0438 \u0433\u043e\u0444\u0440\u043e\u0432\u0430\u043d\u0438\u0439 \u043f\u0430\u043f\u0456\u0440?<\/strong><\/h3>\n<p data-start=\"1671\" data-end=\"2007\" data-is-last-node=\"\" data-is-only-node=\"\">\u0413\u043e\u0444\u0440\u043e\u0432\u0430\u043d\u0438\u0439 \u043f\u0430\u043f\u0456\u0440 \u0454 \u0435\u043a\u043e\u043b\u043e\u0433\u0456\u0447\u043d\u043e \u0447\u0438\u0441\u0442\u043e\u044e \u0442\u0430 \u0444\u0443\u043d\u043a\u0446\u0456\u043e\u043d\u0430\u043b\u044c\u043d\u043e\u044e \u0430\u043b\u044c\u0442\u0435\u0440\u043d\u0430\u0442\u0438\u0432\u043e\u044e \u0441\u0438\u043d\u0442\u0435\u0442\u0438\u0447\u043d\u0438\u043c \u043d\u0430\u043f\u043e\u0432\u043d\u044e\u0432\u0430\u0447\u0430\u043c. \u0411\u0456\u043e\u0440\u043e\u0437\u043a\u043b\u0430\u0434\u043d\u0456\u0441\u0442\u044c, \u0434\u043e\u0432\u0433\u043e\u0432\u0456\u0447\u043d\u0456\u0441\u0442\u044c \u0442\u0430 \u0448\u0438\u0440\u043e\u043a\u0438\u0439 \u0441\u043f\u0435\u043a\u0442\u0440 \u0437\u0430\u0441\u0442\u043e\u0441\u0443\u0432\u0430\u043d\u043d\u044f \u0440\u043e\u0431\u043b\u044f\u0442\u044c \u0439\u043e\u0433\u043e \u043d\u0435\u0437\u0430\u043c\u0456\u043d\u043d\u0438\u043c \u0443 \u0441\u0456\u043b\u044c\u0441\u044c\u043a\u043e\u0433\u043e\u0441\u043f\u043e\u0434\u0430\u0440\u0441\u044c\u043a\u0456\u0439, \u043a\u043e\u043c\u0435\u0440\u0446\u0456\u0439\u043d\u0456\u0439 \u0442\u0430 \u0442\u0440\u0430\u043d\u0441\u043f\u043e\u0440\u0442\u043d\u0456\u0439 \u0433\u0430\u043b\u0443\u0437\u044f\u0445. \u041e\u0431\u0438\u0440\u0430\u044e\u0447\u0438 \u0433\u043e\u0444\u0440\u043e\u0432\u0430\u043d\u0438\u0439 \u043f\u0430\u043f\u0456\u0440, \u0432\u0438 \u043f\u0456\u0434\u0442\u0440\u0438\u043c\u0443\u0454\u0442\u0435 \u0435\u043a\u043e\u043b\u043e\u0433\u0456\u0447\u043d\u0456 \u0440\u0456\u0448\u0435\u043d\u043d\u044f \u0442\u0430 \u0437\u0430\u0431\u0435\u0437\u043f\u0435\u0447\u0443\u0454\u0442\u0435 \u0431\u0435\u0437\u043f\u0435\u043a\u0443 \u043f\u0440\u043e\u0434\u0443\u043a\u0446\u0456\u0457!<\/p>","protected":false},"excerpt":{"rendered":"<p>Papier karbowany do skrzynek drewnianych Papier karbowany to ekologiczne i praktyczne rozwi\u0105zanie do wyk\u0142adania skrzynek drewnianych oraz zabezpieczania delikatnych produkt\u00f3w. Dzi\u0119ki swojej strukturze doskonale amortyzuje wstrz\u0105sy i chroni owoce, warzywa czy inne towary przed uszkodzeniami. Najwa\u017cniejsze cechy: Naturalno\u015b\u0107 \u2013 Wykonany z biodegradowalnej i odnawialnej celulozy, bezpieczny dla \u015brodowiska. Ekologiczny \u2013 Mo\u017cliwo\u015b\u0107 recyklingu sprawia, \u017ce jest [&hellip;]<\/p>","protected":false},"featured_media":4895,"template":"","meta":{"site-sidebar-layout":"default","site-content-layout":"","ast-site-content-layout":"default","site-content-style":"default","site-sidebar-style":"default","ast-global-header-display":"","ast-banner-title-visibility":"","ast-main-header-display":"","ast-hfb-above-header-display":"","ast-hfb-below-header-display":"","ast-hfb-mobile-header-display":"","site-post-title":"","ast-breadcrumbs-content":"","ast-featured-img":"","footer-sml-layout":"","theme-transparent-header-meta":"default","adv-header-id-meta":"","stick-header-meta":"default","header-above-stick-meta":"","header-main-stick-meta":"","header-below-stick-meta":"","astra-migrate-meta-layouts":"set","ast-page-background-enabled":"default","ast-page-background-meta":{"desktop":{"background-color":"var(--ast-global-color-4)","background-image":"","background-repeat":"repeat","background-position":"center center","background-size":"auto","background-attachment":"scroll","background-type":"","background-media":"","overlay-type":"","overlay-color":"","overlay-opacity":"","overlay-gradient":""},"tablet":{"background-color":"","background-image":"","background-repeat":"repeat","background-position":"center center","background-size":"auto","background-attachment":"scroll","background-type":"","background-media":"","overlay-type":"","overlay-color":"","overlay-opacity":"","overlay-gradient":""},"mobile":{"background-color":"","background-image":"","background-repeat":"repeat","background-position":"center center","background-size":"auto","background-attachment":"scroll","background-type":"","background-media":"","overlay-type":"","overlay-color":"","overlay-opacity":"","overlay-gradient":""}},"ast-content-background-meta":{"desktop":{"background-color":"var(--ast-global-color-5)","background-image":"","background-repeat":"repeat","background-position":"center center","background-size":"auto","background-attachment":"scroll","background-type":"","background-media":"","overlay-type":"","overlay-color":"","overlay-opacity":"","overlay-gradient":""},"tablet":{"background-color":"var(--ast-global-color-5)","background-image":"","background-repeat":"repeat","background-position":"center center","background-size":"auto","background-attachment":"scroll","background-type":"","background-media":"","overlay-type":"","overlay-color":"","overlay-opacity":"","overlay-gradient":""},"mobile":{"background-color":"var(--ast-global-color-5)","background-image":"","background-repeat":"repeat","background-position":"center center","background-size":"auto","background-attachment":"scroll","background-type":"","background-media":"","overlay-type":"","overlay-color":"","overlay-opacity":"","overlay-gradient":""}}},"product_brand":[],"product_cat":[398],"product_tag":[],"class_list":{"0":"post-4893","1":"product","2":"type-product","3":"status-publish","4":"has-post-thumbnail","6":"product_cat-papier-karbowany-140x1480-mm-opak-200-szt","7":"desktop-align-left","8":"tablet-align-left","9":"mobile-align-left","10":"ast-product-gallery-layout-horizontal","11":"ast-product-tabs-layout-horizontal","13":"first","14":"instock","15":"shipping-taxable","16":"product-type-simple"},"_links":{"self":[{"href":"https:\/\/wimar.net\/uk\/wp-json\/wp\/v2\/product\/4893","targetHints":{"allow":["GET"]}}],"collection":[{"href":"https:\/\/wimar.net\/uk\/wp-json\/wp\/v2\/product"}],"about":[{"href":"https:\/\/wimar.net\/uk\/wp-json\/wp\/v2\/types\/product"}],"version-history":[{"count":2,"href":"https:\/\/wimar.net\/uk\/wp-json\/wp\/v2\/product\/4893\/revisions"}],"predecessor-version":[{"id":4897,"href":"https:\/\/wimar.net\/uk\/wp-json\/wp\/v2\/product\/4893\/revisions\/4897"}],"wp:featuredmedia":[{"embeddable":true,"href":"https:\/\/wimar.net\/uk\/wp-json\/wp\/v2\/media\/4895"}],"wp:attachment":[{"href":"https:\/\/wimar.net\/uk\/wp-json\/wp\/v2\/media?parent=4893"}],"wp:term":[{"taxonomy":"product_brand","embeddable":true,"href":"https:\/\/wimar.net\/uk\/wp-json\/wp\/v2\/product_brand?post=4893"},{"taxonomy":"product_cat","embeddable":true,"href":"https:\/\/wimar.net\/uk\/wp-json\/wp\/v2\/product_cat?post=4893"},{"taxonomy":"product_tag","embeddable":true,"href":"https:\/\/wimar.net\/uk\/wp-json\/wp\/v2\/product_tag?post=4893"}],"curies":[{"name":"wp","href":"https:\/\/api.w.org\/{rel}","templated":true}]}}