{"id":4902,"date":"2025-03-05T11:31:24","date_gmt":"2025-03-05T10:31:24","guid":{"rendered":"https:\/\/wimar.net\/?post_type=product&#038;p=4902"},"modified":"2025-03-25T09:30:20","modified_gmt":"2025-03-25T08:30:20","slug":"%d1%81%d0%b8%d0%bd%d1%96%d0%b9-%d0%bf%d0%b0%d0%bf%d1%96%d1%80-14x75-%d1%81%d0%bc-%d0%b4%d0%bb%d1%8f-%d0%b4%d0%b5%d1%80%d0%b5%d0%b2%d1%8f%d0%bd%d0%b8%d1%85-%d0%ba%d0%be%d1%80%d0%be%d0%b1%d0%be%d1%87","status":"publish","type":"product","link":"https:\/\/wimar.net\/uk\/product-2\/%d1%81%d0%b8%d0%bd%d1%96%d0%b9-%d0%bf%d0%b0%d0%bf%d1%96%d1%80-14x75-%d1%81%d0%bc-%d0%b4%d0%bb%d1%8f-%d0%b4%d0%b5%d1%80%d0%b5%d0%b2%d1%8f%d0%bd%d0%b8%d1%85-%d0%ba%d0%be%d1%80%d0%be%d0%b1%d0%be%d1%87\/","title":{"rendered":"\u041f\u0435\u0440\u0444\u043e\u0440\u043e\u0432\u0430\u043d\u0438\u0439 \u043f\u0430\u043f\u0456\u0440 \u0441\u0438\u043d\u0456\u0439 20x150\u0441\u043c \u0434\u043b\u044f \u0434\u0435\u0440\u0435\u0432'\u044f\u043d\u0438\u0445 \u043f\u0430\u043a\u0443\u0432\u0430\u043b\u044c\u043d\u0438\u0445 \u044f\u0449\u0438\u043a\u0456\u0432"},"content":{"rendered":"<h3 data-start=\"0\" data-end=\"91\"><strong data-start=\"0\" data-end=\"89\">\u041f\u0435\u0440\u0444\u043e\u0440\u043e\u0432\u0430\u043d\u0438\u0439 \u043f\u0430\u043f\u0456\u0440 \u0434\u043b\u044f \u0434\u0435\u0440\u0435\u0432'\u044f\u043d\u0438\u0445 \u043a\u043e\u0440\u043e\u0431\u043e\u043a<\/strong><\/h3>\n<p data-start=\"0\" data-end=\"254\">\u041f\u0435\u0440\u0444\u043e\u0440\u043e\u0432\u0430\u043d\u0438\u0439 \u043f\u0430\u043f\u0456\u0440 \u0434\u043b\u044f \u0434\u0435\u0440\u0435\u0432'\u044f\u043d\u0438\u0445 \u044f\u0449\u0438\u043a\u0456\u0432 - \u0446\u0435 \u043f\u0440\u0430\u043a\u0442\u0438\u0447\u043d\u0435 \u0442\u0430 \u0435\u043a\u043e\u043b\u043e\u0433\u0456\u0447\u043d\u0435 \u0440\u0456\u0448\u0435\u043d\u043d\u044f \u0434\u043b\u044f \u0437\u0431\u0435\u0440\u0456\u0433\u0430\u043d\u043d\u044f \u0456 \u0442\u0440\u0430\u043d\u0441\u043f\u043e\u0440\u0442\u0443\u0432\u0430\u043d\u043d\u044f \u043a\u0440\u0438\u0445\u043a\u0438\u0445 \u0432\u0438\u0440\u043e\u0431\u0456\u0432. \u0417\u0430\u0432\u0434\u044f\u043a\u0438 \u0432\u0456\u0434\u043f\u043e\u0432\u0456\u0434\u043d\u0456\u0439 \u0441\u0442\u0440\u0443\u043a\u0442\u0443\u0440\u0456 \u0432\u0456\u043d \u0437\u0430\u0431\u0435\u0437\u043f\u0435\u0447\u0443\u0454 \u043e\u043f\u0442\u0438\u043c\u0430\u043b\u044c\u043d\u0443 \u0432\u0435\u043d\u0442\u0438\u043b\u044f\u0446\u0456\u044e \u0442\u0430 \u0437\u0430\u0445\u0438\u0441\u0442 \u0432\u0456\u0434 \u043f\u043e\u0448\u043a\u043e\u0434\u0436\u0435\u043d\u044c.<\/p>\n<h3 data-start=\"256\" data-end=\"286\"><strong data-start=\"260\" data-end=\"284\">\u041e\u0441\u043d\u043e\u0432\u043d\u0456 \u0445\u0430\u0440\u0430\u043a\u0442\u0435\u0440\u0438\u0441\u0442\u0438\u043a\u0438:<\/strong><\/h3>\n<ul>\n<li data-start=\"288\" data-end=\"806\"><strong data-start=\"290\" data-end=\"305\">\u041f\u0440\u0438\u0440\u043e\u0434\u043d\u0456\u0441\u0442\u044c<\/strong> - \u0412\u0438\u0433\u043e\u0442\u043e\u0432\u043b\u0435\u043d\u0438\u0439 \u0437 \u0432\u0438\u0441\u043e\u043a\u043e\u044f\u043a\u0456\u0441\u043d\u043e\u0433\u043e, \u0431\u0456\u043e\u0440\u043e\u0437\u043a\u043b\u0430\u0434\u043d\u043e\u0433\u043e, \u0435\u043a\u043e\u043b\u043e\u0433\u0456\u0447\u043d\u043e \u0447\u0438\u0441\u0442\u043e\u0433\u043e \u043f\u0430\u043f\u0435\u0440\u0443.<\/li>\n<li data-start=\"288\" data-end=\"806\"><strong data-start=\"396\" data-end=\"423\">\u0415\u043a\u043e\u043b\u043e\u0433\u0456\u0447\u043d\u0435 \u0440\u0456\u0448\u0435\u043d\u043d\u044f<\/strong> - \u041f\u043e\u0432\u043d\u0456\u0441\u0442\u044e \u043f\u0440\u0438\u0434\u0430\u0442\u043d\u0430 \u0434\u043b\u044f \u0432\u0442\u043e\u0440\u0438\u043d\u043d\u043e\u0457 \u043f\u0435\u0440\u0435\u0440\u043e\u0431\u043a\u0438 \u0430\u043b\u044c\u0442\u0435\u0440\u043d\u0430\u0442\u0438\u0432\u0430 \u043f\u043b\u0430\u0441\u0442\u0438\u043a\u043e\u0432\u0438\u043c \u0443\u0441\u0442\u0456\u043b\u043a\u0430\u043c.<\/li>\n<li data-start=\"288\" data-end=\"806\"><strong data-start=\"504\" data-end=\"518\">\u041f\u0435\u0440\u0444\u043e\u0440\u0430\u0446\u0456\u044f<\/strong> - \u041e\u0442\u0432\u043e\u0440\u0438 \u0434\u043e\u0437\u0432\u043e\u043b\u044f\u044e\u0442\u044c \u043f\u043e\u0432\u0456\u0442\u0440\u044e \u0432\u0456\u043b\u044c\u043d\u043e \u0446\u0438\u0440\u043a\u0443\u043b\u044e\u0432\u0430\u0442\u0438, \u0449\u043e \u0437\u0430\u043f\u043e\u0431\u0456\u0433\u0430\u0454 \u0443\u0442\u0432\u043e\u0440\u0435\u043d\u043d\u044e \u043a\u043e\u043d\u0434\u0435\u043d\u0441\u0430\u0442\u0443 \u0456 \u043f\u043e\u0434\u043e\u0432\u0436\u0443\u0454 \u0441\u0432\u0456\u0436\u0456\u0441\u0442\u044c \u043f\u0440\u043e\u0434\u0443\u043a\u0442\u0456\u0432.<\/li>\n<li data-start=\"288\" data-end=\"806\"><strong data-start=\"636\" data-end=\"648\">\u0421\u0442\u0430\u043b\u0438\u0439 \u0440\u043e\u0437\u0432\u0438\u0442\u043e\u043a<\/strong> - \u0412\u0456\u0434\u043f\u043e\u0432\u0456\u0434\u043d\u0430 \u0433\u0440\u0430\u0434\u0430\u0446\u0456\u044f \u0437\u0430\u0431\u0435\u0437\u043f\u0435\u0447\u0443\u0454 \u043c\u0456\u0446\u043d\u0456\u0441\u0442\u044c \u0456 \u0441\u0442\u0456\u0439\u043a\u0456\u0441\u0442\u044c \u0434\u043e \u0440\u043e\u0437\u0440\u0438\u0432\u0443.<\/li>\n<li data-start=\"288\" data-end=\"806\"><strong data-start=\"725\" data-end=\"744\">\u0423\u043d\u0456\u0432\u0435\u0440\u0441\u0430\u043b\u044c\u043d\u0456\u0441\u0442\u044c<\/strong> - \u0412\u0438\u043a\u043e\u0440\u0438\u0441\u0442\u043e\u0432\u0443\u0454\u0442\u044c\u0441\u044f \u0432 \u0445\u0430\u0440\u0447\u043e\u0432\u0456\u0439 \u043f\u0440\u043e\u043c\u0438\u0441\u043b\u043e\u0432\u043e\u0441\u0442\u0456, \u0441\u0456\u043b\u044c\u0441\u044c\u043a\u043e\u043c\u0443 \u0433\u043e\u0441\u043f\u043e\u0434\u0430\u0440\u0441\u0442\u0432\u0456 \u0442\u0430 \u043b\u043e\u0433\u0456\u0441\u0442\u0438\u0446\u0456.<\/li>\n<li data-start=\"288\" data-end=\"806\"><strong>\u0414\u043e\u0432\u0436\u0438\u043d\u0430<\/strong> - 150 \u0441\u043c<\/li>\n<li data-start=\"288\" data-end=\"806\"><strong>\u0428\u0438\u0440\u0438\u043d\u0430<\/strong> - 20 \u0441\u043c<\/li>\n<li data-start=\"288\" data-end=\"806\"><strong>\u041f\u0430\u043a\u0443\u0432\u0430\u043d\u043d\u044f<\/strong> - 650 \u0448\u0442\u0443\u043a.<\/li>\n<\/ul>\n<h3 data-start=\"808\" data-end=\"831\"><strong data-start=\"812\" data-end=\"829\">\u0417\u0430\u044f\u0432\u043a\u0430:<\/strong><\/h3>\n<ul>\n<li data-start=\"833\" data-end=\"1323\"><strong data-start=\"836\" data-end=\"870\">\u0417\u0431\u0435\u0440\u0456\u0433\u0430\u043d\u043d\u044f \u0444\u0440\u0443\u043a\u0442\u0456\u0432 \u0442\u0430 \u043e\u0432\u043e\u0447\u0456\u0432<\/strong> - \u0406\u0434\u0435\u0430\u043b\u044c\u043d\u043e \u043f\u0456\u0434\u0445\u043e\u0434\u0438\u0442\u044c \u0434\u043b\u044f \u043f\u0435\u0440\u0435\u0432\u0435\u0437\u0435\u043d\u043d\u044f \u044f\u0431\u043b\u0443\u043a, \u0433\u0440\u0443\u0448, \u0446\u0438\u0442\u0440\u0443\u0441\u043e\u0432\u0438\u0445 \u0442\u0430 \u043e\u0432\u043e\u0447\u0456\u0432, \u044f\u043a\u0456 \u043f\u043e\u0442\u0440\u0435\u0431\u0443\u044e\u0442\u044c \u0432\u0435\u043d\u0442\u0438\u043b\u044f\u0446\u0456\u0457.<\/li>\n<li data-start=\"833\" data-end=\"1323\"><strong data-start=\"960\" data-end=\"994\">\u041f\u0430\u043a\u0443\u0432\u0430\u043d\u043d\u044f \u0441\u0456\u043b\u044c\u0441\u044c\u043a\u043e\u0433\u043e\u0441\u043f\u043e\u0434\u0430\u0440\u0441\u044c\u043a\u043e\u0457 \u043f\u0440\u043e\u0434\u0443\u043a\u0446\u0456\u0457<\/strong> - \u0417\u0430\u0445\u0438\u0449\u0430\u0454 \u0434\u0435\u043b\u0456\u043a\u0430\u0442\u043d\u0456 \u0432\u0438\u0440\u043e\u0431\u0438 \u0432\u0456\u0434 \u0441\u0438\u043d\u0446\u0456\u0432 \u0456 \u043d\u0430\u0434\u043c\u0456\u0440\u043d\u043e\u0433\u043e \u043d\u0430\u043a\u043e\u043f\u0438\u0447\u0435\u043d\u043d\u044f \u0432\u043e\u043b\u043e\u0433\u0438.<\/li>\n<li data-start=\"833\" data-end=\"1323\"><strong data-start=\"1077\" data-end=\"1102\">\u0417\u0430\u0445\u0438\u0441\u0442 \u043d\u0430 \u0442\u0440\u0430\u043d\u0441\u043f\u043e\u0440\u0442\u0456<\/strong> - \u0417\u0430\u0445\u0438\u0449\u0430\u0454 \u0442\u043e\u0432\u0430\u0440\u0438 \u0432 \u0434\u0435\u0440\u0435\u0432'\u044f\u043d\u0438\u0445 \u044f\u0449\u0438\u043a\u0430\u0445, \u0443\u0441\u0443\u0432\u0430\u044e\u0447\u0438 \u0440\u0438\u0437\u0438\u043a \u043c\u0435\u0445\u0430\u043d\u0456\u0447\u043d\u0438\u0445 \u043f\u043e\u0448\u043a\u043e\u0434\u0436\u0435\u043d\u044c.<\/li>\n<li data-start=\"833\" data-end=\"1323\"><strong data-start=\"1197\" data-end=\"1224\">\u0415\u043a\u043e\u043b\u043e\u0433\u0456\u0447\u043d\u0456 \u0440\u0456\u0448\u0435\u043d\u043d\u044f<\/strong> - \u0412\u0456\u043d \u043f\u043e\u0432\u043d\u0456\u0441\u0442\u044e \u043f\u0440\u0438\u0434\u0430\u0442\u043d\u0438\u0439 \u0434\u043b\u044f \u0432\u0442\u043e\u0440\u0438\u043d\u043d\u043e\u0457 \u043f\u0435\u0440\u0435\u0440\u043e\u0431\u043a\u0438, \u043f\u0456\u0434\u0442\u0440\u0438\u043c\u0443\u0454 \u0441\u0442\u0430\u043b\u0435 \u0432\u0438\u0440\u043e\u0431\u043d\u0438\u0446\u0442\u0432\u043e \u0442\u0430 \u0437\u043c\u0435\u043d\u0448\u0443\u0454 \u0441\u043f\u043e\u0436\u0438\u0432\u0430\u043d\u043d\u044f \u043f\u043b\u0430\u0441\u0442\u0438\u043a\u0443.<\/li>\n<\/ul>\n<h3 data-start=\"1325\" data-end=\"1376\"><strong data-start=\"1329\" data-end=\"1374\">\u0427\u043e\u043c\u0443 \u0441\u0430\u043c\u0435 \u043f\u0435\u0440\u0444\u043e\u0440\u043e\u0432\u0430\u043d\u0438\u0439 \u043f\u0430\u043f\u0456\u0440?<\/strong><\/h3>\n<p data-start=\"1377\" data-end=\"1749\" data-is-last-node=\"\" data-is-only-node=\"\">\u041f\u0435\u0440\u0444\u043e\u0440\u043e\u0432\u0430\u043d\u0438\u0439 \u043f\u0430\u043f\u0456\u0440 \u0434\u043b\u044f \u0434\u0435\u0440\u0435\u0432'\u044f\u043d\u0438\u0445 \u044f\u0449\u0438\u043a\u0456\u0432 - \u0446\u0435 \u0440\u0456\u0448\u0435\u043d\u043d\u044f, \u044f\u043a\u0435 \u043f\u043e\u0454\u0434\u043d\u0443\u0454 \u0432 \u0441\u043e\u0431\u0456 \u0444\u0443\u043d\u043a\u0446\u0456\u043e\u043d\u0430\u043b\u044c\u043d\u0456\u0441\u0442\u044c \u0442\u0430 \u0435\u043a\u043e\u043b\u043e\u0433\u0456\u0447\u043d\u0456\u0441\u0442\u044c. \u0417\u0430\u0432\u0434\u044f\u043a\u0438 \u0439\u043e\u0433\u043e \u0432\u043b\u0430\u0441\u0442\u0438\u0432\u043e\u0441\u0442\u044f\u043c \u043f\u0440\u043e\u0434\u0443\u043a\u0442\u0438 \u043d\u0430\u043b\u0435\u0436\u043d\u0438\u043c \u0447\u0438\u043d\u043e\u043c \u0437\u0430\u0445\u0438\u0449\u0435\u043d\u0456 \u0456 \u0432\u043e\u0434\u043d\u043e\u0447\u0430\u0441 \u043c\u0430\u044e\u0442\u044c \u0434\u043e\u0441\u0442\u0443\u043f \u0434\u043e \u0441\u0432\u0456\u0436\u043e\u0433\u043e \u043f\u043e\u0432\u0456\u0442\u0440\u044f, \u0449\u043e \u043f\u043e\u0434\u043e\u0432\u0436\u0443\u0454 \u0442\u0435\u0440\u043c\u0456\u043d \u0457\u0445 \u0437\u0431\u0435\u0440\u0456\u0433\u0430\u043d\u043d\u044f. \u0426\u0435 \u043d\u0430\u0434\u0456\u0439\u043d\u0438\u0439 \u0432\u0438\u0431\u0456\u0440 \u0434\u043b\u044f \u0444\u0435\u0440\u043c\u0435\u0440\u0456\u0432, \u0432\u0438\u0440\u043e\u0431\u043d\u0438\u043a\u0456\u0432 \u043f\u0440\u043e\u0434\u0443\u043a\u0442\u0456\u0432 \u0445\u0430\u0440\u0447\u0443\u0432\u0430\u043d\u043d\u044f \u0442\u0430 \u0442\u0440\u0430\u043d\u0441\u043f\u043e\u0440\u0442\u043d\u0438\u0445 \u043a\u043e\u043c\u043f\u0430\u043d\u0456\u0439, \u044f\u043a\u0456 \u043f\u0440\u0430\u0433\u043d\u0443\u0442\u044c \u0434\u043e \u044f\u043a\u043e\u0441\u0442\u0456 \u0442\u0430 \u043f\u0456\u043a\u043b\u0443\u044e\u0442\u044c\u0441\u044f \u043f\u0440\u043e \u043d\u0430\u0432\u043a\u043e\u043b\u0438\u0448\u043d\u0454 \u0441\u0435\u0440\u0435\u0434\u043e\u0432\u0438\u0449\u0435.<\/p>","protected":false},"excerpt":{"rendered":"<p>Papier perferowany do skrzynek drewnianych Papier perforowany do skrzynek drewnianych \u0142uszczek to praktyczne i ekologiczne rozwi\u0105zanie, kt\u00f3re wspomaga przechowywanie oraz transport delikatnych produkt\u00f3w. Dzi\u0119ki odpowiedniej strukturze zapewnia optymaln\u0105 wentylacj\u0119 i ochron\u0119 przed uszkodzeniami. Najwa\u017cniejsze cechy: Naturalno\u015b\u0107 \u2013 Wykonany z wysokiej jako\u015bci, biodegradowalnego papieru, przyjaznego dla \u015brodowiska. Ekologiczne rozwi\u0105zanie \u2013 Alternatywa dla plastikowych wk\u0142adek, w pe\u0142ni [&hellip;]<\/p>","protected":false},"featured_media":4915,"template":"","meta":{"site-sidebar-layout":"default","site-content-layout":"","ast-site-content-layout":"default","site-content-style":"default","site-sidebar-style":"default","ast-global-header-display":"","ast-banner-title-visibility":"","ast-main-header-display":"","ast-hfb-above-header-display":"","ast-hfb-below-header-display":"","ast-hfb-mobile-header-display":"","site-post-title":"","ast-breadcrumbs-content":"","ast-featured-img":"","footer-sml-layout":"","theme-transparent-header-meta":"default","adv-header-id-meta":"","stick-header-meta":"default","header-above-stick-meta":"","header-main-stick-meta":"","header-below-stick-meta":"","astra-migrate-meta-layouts":"set","ast-page-background-enabled":"default","ast-page-background-meta":{"desktop":{"background-color":"var(--ast-global-color-4)","background-image":"","background-repeat":"repeat","background-position":"center center","background-size":"auto","background-attachment":"scroll","background-type":"","background-media":"","overlay-type":"","overlay-color":"","overlay-opacity":"","overlay-gradient":""},"tablet":{"background-color":"","background-image":"","background-repeat":"repeat","background-position":"center center","background-size":"auto","background-attachment":"scroll","background-type":"","background-media":"","overlay-type":"","overlay-color":"","overlay-opacity":"","overlay-gradient":""},"mobile":{"background-color":"","background-image":"","background-repeat":"repeat","background-position":"center center","background-size":"auto","background-attachment":"scroll","background-type":"","background-media":"","overlay-type":"","overlay-color":"","overlay-opacity":"","overlay-gradient":""}},"ast-content-background-meta":{"desktop":{"background-color":"var(--ast-global-color-5)","background-image":"","background-repeat":"repeat","background-position":"center center","background-size":"auto","background-attachment":"scroll","background-type":"","background-media":"","overlay-type":"","overlay-color":"","overlay-opacity":"","overlay-gradient":""},"tablet":{"background-color":"var(--ast-global-color-5)","background-image":"","background-repeat":"repeat","background-position":"center center","background-size":"auto","background-attachment":"scroll","background-type":"","background-media":"","overlay-type":"","overlay-color":"","overlay-opacity":"","overlay-gradient":""},"mobile":{"background-color":"var(--ast-global-color-5)","background-image":"","background-repeat":"repeat","background-position":"center center","background-size":"auto","background-attachment":"scroll","background-type":"","background-media":"","overlay-type":"","overlay-color":"","overlay-opacity":"","overlay-gradient":""}}},"product_brand":[],"product_cat":[402],"product_tag":[],"class_list":{"0":"post-4902","1":"product","2":"type-product","3":"status-publish","4":"has-post-thumbnail","6":"product_cat-papier-niebieski-20x75-opak1300-szt","7":"desktop-align-left","8":"tablet-align-left","9":"mobile-align-left","10":"ast-product-gallery-layout-horizontal","11":"ast-product-tabs-layout-horizontal","13":"first","14":"instock","15":"shipping-taxable","16":"product-type-simple"},"_links":{"self":[{"href":"https:\/\/wimar.net\/uk\/wp-json\/wp\/v2\/product\/4902","targetHints":{"allow":["GET"]}}],"collection":[{"href":"https:\/\/wimar.net\/uk\/wp-json\/wp\/v2\/product"}],"about":[{"href":"https:\/\/wimar.net\/uk\/wp-json\/wp\/v2\/types\/product"}],"version-history":[{"count":4,"href":"https:\/\/wimar.net\/uk\/wp-json\/wp\/v2\/product\/4902\/revisions"}],"predecessor-version":[{"id":4909,"href":"https:\/\/wimar.net\/uk\/wp-json\/wp\/v2\/product\/4902\/revisions\/4909"}],"wp:featuredmedia":[{"embeddable":true,"href":"https:\/\/wimar.net\/uk\/wp-json\/wp\/v2\/media\/4915"}],"wp:attachment":[{"href":"https:\/\/wimar.net\/uk\/wp-json\/wp\/v2\/media?parent=4902"}],"wp:term":[{"taxonomy":"product_brand","embeddable":true,"href":"https:\/\/wimar.net\/uk\/wp-json\/wp\/v2\/product_brand?post=4902"},{"taxonomy":"product_cat","embeddable":true,"href":"https:\/\/wimar.net\/uk\/wp-json\/wp\/v2\/product_cat?post=4902"},{"taxonomy":"product_tag","embeddable":true,"href":"https:\/\/wimar.net\/uk\/wp-json\/wp\/v2\/product_tag?post=4902"}],"curies":[{"name":"wp","href":"https:\/\/api.w.org\/{rel}","templated":true}]}}