{"id":4923,"date":"2025-03-05T12:37:14","date_gmt":"2025-03-05T11:37:14","guid":{"rendered":"https:\/\/wimar.net\/?post_type=product&#038;p=4923"},"modified":"2025-03-24T15:19:56","modified_gmt":"2025-03-24T14:19:56","slug":"%d0%b2%d1%96%d0%b4%d0%ba%d1%80%d0%b8%d1%82%d0%b0-%d0%ba%d0%b0%d1%80%d1%82%d0%be%d0%bd%d0%bd%d0%b0-%d0%ba%d0%be%d1%80%d0%be%d0%b1%d0%ba%d0%b0-%d0%b7%d0%b5%d0%bb%d0%b5%d0%bd%d0%be%d0%b3%d0%be-%d0%ba-2","status":"publish","type":"product","link":"https:\/\/wimar.net\/uk\/product-2\/%d0%b2%d1%96%d0%b4%d0%ba%d1%80%d0%b8%d1%82%d0%b0-%d0%ba%d0%b0%d1%80%d1%82%d0%be%d0%bd%d0%bd%d0%b0-%d0%ba%d0%be%d1%80%d0%be%d0%b1%d0%ba%d0%b0-%d0%b7%d0%b5%d0%bb%d0%b5%d0%bd%d0%be%d0%b3%d0%be-%d0%ba-2\/","title":{"rendered":"\u0412\u0456\u0434\u043a\u0440\u0438\u0442\u0430 \u0447\u043e\u0440\u043d\u0430 \u043a\u0430\u0440\u0442\u043e\u043d\u043d\u0430 \u043a\u043e\u0440\u043e\u0431\u043a\u0430 600x400\u043c\u043c \u0434\u043b\u044f \u0444\u0440\u0443\u043a\u0442\u0456\u0432, \u043e\u0432\u043e\u0447\u0456\u0432 14\u043a\u0433"},"content":{"rendered":"<h3 data-start=\"0\" data-end=\"47\"><strong data-start=\"0\" data-end=\"45\">\u0412\u0456\u0434\u043a\u0440\u0438\u0442\u0430 \u043a\u043b\u0435\u0454\u043d\u0430 \u043a\u0430\u0440\u0442\u043e\u043d\u043d\u0430 \u0443\u043f\u0430\u043a\u043e\u0432\u043a\u0430 \u0434\u043b\u044f \u0444\u0440\u0443\u043a\u0442\u0456\u0432 \u0442\u0430 \u043e\u0432\u043e\u0447\u0456\u0432<\/strong><\/h3>\n<p data-start=\"49\" data-end=\"389\">\u0421\u043a\u043b\u0435\u0454\u043d\u0430 \u0432\u0456\u0434\u043a\u0440\u0438\u0442\u0430 \u043a\u0430\u0440\u0442\u043e\u043d\u043d\u0430 \u0443\u043f\u0430\u043a\u043e\u0432\u043a\u0430 - \u0446\u0435 \u043d\u0430\u0434\u0456\u0439\u043d\u0435 \u0442\u0430 \u0435\u043a\u043e\u043b\u043e\u0433\u0456\u0447\u043d\u043e \u0447\u0438\u0441\u0442\u0435 \u0440\u0456\u0448\u0435\u043d\u043d\u044f \u0434\u043b\u044f \u0437\u0431\u0435\u0440\u0456\u0433\u0430\u043d\u043d\u044f \u0456 \u0442\u0440\u0430\u043d\u0441\u043f\u043e\u0440\u0442\u0443\u0432\u0430\u043d\u043d\u044f \u0444\u0440\u0443\u043a\u0442\u0456\u0432 \u0442\u0430 \u043e\u0432\u043e\u0447\u0456\u0432. \u0407\u0457 \u043a\u043e\u043d\u0441\u0442\u0440\u0443\u043a\u0446\u0456\u044f \u0437\u0430\u0431\u0435\u0437\u043f\u0435\u0447\u0443\u0454 \u043d\u0430\u043b\u0435\u0436\u043d\u0443 \u0446\u0438\u0440\u043a\u0443\u043b\u044f\u0446\u0456\u044e \u043f\u043e\u0432\u0456\u0442\u0440\u044f, \u0449\u043e \u0434\u043e\u043f\u043e\u043c\u0430\u0433\u0430\u0454 \u0437\u0431\u0435\u0440\u0435\u0433\u0442\u0438 \u043f\u0440\u043e\u0434\u0443\u043a\u0442\u0438 \u0441\u0432\u0456\u0436\u0438\u043c\u0438 \u043f\u0440\u043e\u0442\u044f\u0433\u043e\u043c \u0442\u0440\u0438\u0432\u0430\u043b\u043e\u0433\u043e \u043f\u0435\u0440\u0456\u043e\u0434\u0443 \u0447\u0430\u0441\u0443. \u0412\u043e\u043d\u0430 \u0456\u0434\u0435\u0430\u043b\u044c\u043d\u043e \u043f\u0456\u0434\u0445\u043e\u0434\u0438\u0442\u044c \u0434\u043b\u044f \u043f\u0430\u043a\u0443\u0432\u0430\u043d\u043d\u044f \u043a\u0430\u0440\u0442\u043e\u043f\u043b\u0456, \u0446\u0438\u0431\u0443\u043b\u0456, \u044f\u0431\u043b\u0443\u043a, \u0431\u0443\u0440\u044f\u043a\u0430 \u0442\u0430 \u0456\u043d\u0448\u0438\u0445 \u0441\u0456\u043b\u044c\u0441\u044c\u043a\u043e\u0433\u043e\u0441\u043f\u043e\u0434\u0430\u0440\u0441\u044c\u043a\u0438\u0445 \u043f\u0440\u043e\u0434\u0443\u043a\u0442\u0456\u0432.<\/p>\n<h3 data-start=\"391\" data-end=\"421\"><strong data-start=\"395\" data-end=\"419\">\u041e\u0441\u043d\u043e\u0432\u043d\u0456 \u0445\u0430\u0440\u0430\u043a\u0442\u0435\u0440\u0438\u0441\u0442\u0438\u043a\u0438:<\/strong><\/h3>\n<ul>\n<li data-start=\"422\" data-end=\"963\"><strong data-start=\"424\" data-end=\"451\">\u0415\u043a\u043e\u043b\u043e\u0433\u0456\u0447\u043d\u0435 \u0440\u0456\u0448\u0435\u043d\u043d\u044f<\/strong> - \u0412\u0438\u0433\u043e\u0442\u043e\u0432\u043b\u0435\u043d\u0438\u0439 \u0437 \u043a\u0430\u0440\u0442\u043e\u043d\u0443, \u0449\u043e \u043f\u0456\u0434\u043b\u044f\u0433\u0430\u0454 \u0432\u0442\u043e\u0440\u0438\u043d\u043d\u0456\u0439 \u043f\u0435\u0440\u0435\u0440\u043e\u0431\u0446\u0456, \u0435\u043a\u043e\u043b\u043e\u0433\u0456\u0447\u043d\u043e \u0447\u0438\u0441\u0442\u0438\u0439.<\/li>\n<li data-start=\"422\" data-end=\"963\"><strong data-start=\"532\" data-end=\"562\">\u041f\u043e\u0432\u0456\u0442\u0440\u043e\u043f\u0440\u043e\u043d\u0438\u043a\u043d\u0456\u0441\u0442\u044c<\/strong> - \u0412\u0456\u0434\u043a\u0440\u0438\u0442\u0430 \u043a\u043e\u043d\u0441\u0442\u0440\u0443\u043a\u0446\u0456\u044f \u0437\u0430\u0431\u0435\u0437\u043f\u0435\u0447\u0443\u0454 \u043d\u0430\u043b\u0435\u0436\u043d\u0443 \u0432\u0435\u043d\u0442\u0438\u043b\u044f\u0446\u0456\u044e, \u0437\u0430\u043f\u043e\u0431\u0456\u0433\u0430\u044e\u0447\u0438 \u043d\u0430\u0434\u043c\u0456\u0440\u043d\u043e\u043c\u0443 \u043d\u0430\u043a\u043e\u043f\u0438\u0447\u0435\u043d\u043d\u044e \u0432\u043e\u043b\u043e\u0433\u0438.<\/li>\n<li data-start=\"422\" data-end=\"963\"><strong data-start=\"672\" data-end=\"684\">\u0421\u0442\u0430\u043b\u0438\u0439 \u0440\u043e\u0437\u0432\u0438\u0442\u043e\u043a<\/strong> - \u041c\u0456\u0446\u043d\u0438\u0439 \u043a\u0430\u0440\u0442\u043e\u043d \u0433\u0430\u0440\u0430\u043d\u0442\u0443\u0454 \u0441\u0442\u0456\u0439\u043a\u0456\u0441\u0442\u044c \u0434\u043e \u043d\u0430\u0432\u0430\u043d\u0442\u0430\u0436\u0435\u043d\u044c \u0456 \u043c\u0435\u0445\u0430\u043d\u0456\u0447\u043d\u0438\u0445 \u043f\u043e\u0448\u043a\u043e\u0434\u0436\u0435\u043d\u044c.<\/li>\n<li data-start=\"422\" data-end=\"963\"><strong data-start=\"859\" data-end=\"887\">\u0423\u043d\u0456\u0432\u0435\u0440\u0441\u0430\u043b\u044c\u043d\u0435 \u0432\u0438\u043a\u043e\u0440\u0438\u0441\u0442\u0430\u043d\u043d\u044f<\/strong> - \u0412\u0456\u043d \u043f\u0456\u0434\u0445\u043e\u0434\u0438\u0442\u044c \u044f\u043a \u0434\u043b\u044f \u0437\u0431\u0435\u0440\u0456\u0433\u0430\u043d\u043d\u044f, \u0442\u0430\u043a \u0456 \u0434\u043b\u044f \u0442\u0440\u0430\u043d\u0441\u043f\u043e\u0440\u0442\u0443\u0432\u0430\u043d\u043d\u044f \u0444\u0440\u0443\u043a\u0442\u0456\u0432 \u0456 \u043e\u0432\u043e\u0447\u0456\u0432.<\/li>\n<li data-start=\"422\" data-end=\"963\"><strong>\u0414\u043e\u0432\u0436\u0438\u043d\u0430<\/strong> - 600 \u043c\u043c<\/li>\n<li data-start=\"422\" data-end=\"963\"><strong>\u0428\u0438\u0440\u0438\u043d\u0430<\/strong> - 400 \u043c\u043c<\/li>\n<li data-start=\"422\" data-end=\"963\"><strong>\u0404\u043c\u043d\u0456\u0441\u0442\u044c<\/strong> - 14 \u043a\u0433<\/li>\n<li data-start=\"422\" data-end=\"963\"><strong>\u0422\u0438\u043f<\/strong> - \u041c\u0430\u043b\u044e\u043d\u043e\u043a<\/li>\n<\/ul>\n<h3 data-start=\"965\" data-end=\"988\"><strong data-start=\"969\" data-end=\"986\">\u0417\u0430\u044f\u0432\u043a\u0430:<\/strong><\/h3>\n<ul>\n<li data-start=\"989\" data-end=\"1294\"><strong data-start=\"992\" data-end=\"1038\">\u0417\u0431\u0435\u0440\u0456\u0433\u0430\u043d\u043d\u044f \u0442\u0430 \u0442\u0440\u0430\u043d\u0441\u043f\u043e\u0440\u0442\u0443\u0432\u0430\u043d\u043d\u044f \u0444\u0440\u0443\u043a\u0442\u0456\u0432 \u0456 \u043e\u0432\u043e\u0447\u0456\u0432<\/strong> - \u0406\u0434\u0435\u0430\u043b\u044c\u043d\u043e \u043f\u0456\u0434\u0445\u043e\u0434\u0438\u0442\u044c \u0434\u043b\u044f \u0441\u0456\u043b\u044c\u0441\u044c\u043a\u043e\u0433\u043e\u0441\u043f\u043e\u0434\u0430\u0440\u0441\u044c\u043a\u0438\u0445 \u0432\u0438\u0440\u043e\u0431\u043d\u0438\u043a\u0456\u0432, \u043e\u043f\u0442\u043e\u0432\u0438\u043a\u0456\u0432 \u0442\u0430 \u043c\u0430\u0433\u0430\u0437\u0438\u043d\u0456\u0432.<\/li>\n<li data-start=\"989\" data-end=\"1294\"><strong data-start=\"1099\" data-end=\"1123\">\u0412\u0456\u0434\u043e\u0431\u0440\u0430\u0436\u0435\u043d\u043d\u044f \u0442\u043e\u0432\u0430\u0440\u0443<\/strong> - \u0406\u0434\u0435\u0430\u043b\u044c\u043d\u043e \u043f\u0456\u0434\u0445\u043e\u0434\u0438\u0442\u044c \u0434\u043b\u044f \u043f\u0440\u0435\u0437\u0435\u043d\u0442\u0430\u0446\u0456\u0457 \u0444\u0440\u0443\u043a\u0442\u0456\u0432 \u0456 \u043e\u0432\u043e\u0447\u0456\u0432 \u0432 \u043c\u0430\u0433\u0430\u0437\u0438\u043d\u0430\u0445 \u0456 \u043d\u0430 \u0440\u0438\u043d\u043a\u0430\u0445.<\/li>\n<li data-start=\"989\" data-end=\"1294\"><strong data-start=\"1205\" data-end=\"1236\">\u041f\u0430\u043a\u0443\u0432\u0430\u043d\u043d\u044f \u0441\u0456\u043b\u044c\u0441\u044c\u043a\u043e\u0433\u043e\u0441\u043f\u043e\u0434\u0430\u0440\u0441\u044c\u043a\u043e\u0457 \u043f\u0440\u043e\u0434\u0443\u043a\u0446\u0456\u0457<\/strong> - \u0412\u0438\u043a\u043e\u0440\u0438\u0441\u0442\u043e\u0432\u0443\u0454\u0442\u044c\u0441\u044f \u0432 \u0441\u0456\u043b\u044c\u0441\u044c\u043a\u043e\u043c\u0443 \u0433\u043e\u0441\u043f\u043e\u0434\u0430\u0440\u0441\u0442\u0432\u0456 \u0442\u0430 \u0445\u0430\u0440\u0447\u043e\u0432\u0456\u0439 \u043f\u0440\u043e\u043c\u0438\u0441\u043b\u043e\u0432\u043e\u0441\u0442\u0456.<\/li>\n<\/ul>\n<h3 data-start=\"1296\" data-end=\"1351\"><strong data-start=\"1300\" data-end=\"1349\">\u0427\u043e\u043c\u0443 \u043c\u0438 \u043e\u0431\u0438\u0440\u0430\u0454\u043c\u043e \u0441\u043a\u043b\u0435\u0454\u043d\u0438\u0439 \u0432\u0456\u0434\u043a\u0440\u0438\u0442\u0438\u0439 \u043a\u0430\u0440\u0442\u043e\u043d?<\/strong><\/h3>\n<p data-start=\"1352\" data-end=\"1715\" data-is-last-node=\"\" data-is-only-node=\"\">\u0421\u043a\u043b\u0435\u0454\u043d\u0430 \u0432\u0456\u0434\u043a\u0440\u0438\u0442\u0430 \u043a\u0430\u0440\u0442\u043e\u043d\u043d\u0430 \u0443\u043f\u0430\u043a\u043e\u0432\u043a\u0430 - \u0446\u0435 \u0441\u0442\u0456\u0439\u043a\u0430 \u0442\u0430 \u0435\u043a\u043e\u043b\u043e\u0433\u0456\u0447\u043d\u0430 \u0430\u043b\u044c\u0442\u0435\u0440\u043d\u0430\u0442\u0438\u0432\u0430 \u043f\u043b\u0430\u0441\u0442\u0438\u043a\u043e\u0432\u043e\u043c\u0443 \u043f\u0430\u043a\u0443\u0432\u0430\u043d\u043d\u044e. \u0412\u043e\u043d\u0438 \u043f\u043e\u0432\u043d\u0456\u0441\u0442\u044e \u0431\u0456\u043e\u043b\u043e\u0433\u0456\u0447\u043d\u043e \u0440\u043e\u0437\u043a\u043b\u0430\u0434\u0430\u044e\u0442\u044c\u0441\u044f \u0442\u0430 \u043f\u0440\u0438\u0434\u0430\u0442\u043d\u0456 \u0434\u043b\u044f \u0432\u0442\u043e\u0440\u0438\u043d\u043d\u043e\u0457 \u043f\u0435\u0440\u0435\u0440\u043e\u0431\u043a\u0438, \u0449\u043e \u0440\u043e\u0431\u0438\u0442\u044c \u0457\u0445 \u0447\u0443\u0434\u043e\u0432\u0438\u043c \u0432\u0438\u0431\u043e\u0440\u043e\u043c \u0434\u043b\u044f \u0435\u043a\u043e\u043b\u043e\u0433\u0456\u0447\u043d\u043e \u0441\u0432\u0456\u0434\u043e\u043c\u043e\u0433\u043e \u0431\u0456\u0437\u043d\u0435\u0441\u0443. \u0417\u0430\u0432\u0434\u044f\u043a\u0438 \u0441\u0432\u043e\u0457\u0439 \u043a\u043e\u043d\u0441\u0442\u0440\u0443\u043a\u0446\u0456\u0457 \u0432\u043e\u043d\u0438 \u0437\u0430\u0431\u0435\u0437\u043f\u0435\u0447\u0443\u044e\u0442\u044c \u0437\u0440\u0443\u0447\u043d\u0435 \u0442\u0430 \u0431\u0435\u0437\u043f\u0435\u0447\u043d\u0435 \u0437\u0431\u0435\u0440\u0456\u0433\u0430\u043d\u043d\u044f \u0444\u0440\u0443\u043a\u0442\u0456\u0432 \u0442\u0430 \u043e\u0432\u043e\u0447\u0456\u0432, \u0437\u0430\u0445\u0438\u0449\u0430\u044e\u0447\u0438 \u0457\u0445 \u0432\u0456\u0434 \u043f\u043e\u0448\u043a\u043e\u0434\u0436\u0435\u043d\u044c \u0442\u0430 \u0434\u043e\u0432\u0448\u0435 \u0437\u0431\u0435\u0440\u0456\u0433\u0430\u044e\u0447\u0438 \u0441\u0432\u0456\u0436\u0456\u0441\u0442\u044c.<\/p>","protected":false},"excerpt":{"rendered":"<p>Karton otwarty klejony na warzywa i owoce Karton otwarty klejony to wytrzyma\u0142e i ekologiczne rozwi\u0105zanie do przechowywania oraz transportu warzyw i owoc\u00f3w. Jego konstrukcja zapewnia odpowiedni\u0105 cyrkulacj\u0119 powietrza, co pomaga w utrzymaniu \u015bwie\u017co\u015bci produkt\u00f3w przez d\u0142u\u017cszy czas. Idealnie sprawdzi si\u0119 do pakowania ziemniak\u00f3w, cebuli, jab\u0142ek, burak\u00f3w oraz innych produkt\u00f3w rolnych. Najwa\u017cniejsze cechy: Ekologiczne rozwi\u0105zanie \u2013 [&hellip;]<\/p>","protected":false},"featured_media":4925,"template":"","meta":{"site-sidebar-layout":"default","site-content-layout":"","ast-site-content-layout":"default","site-content-style":"default","site-sidebar-style":"default","ast-global-header-display":"","ast-banner-title-visibility":"","ast-main-header-display":"","ast-hfb-above-header-display":"","ast-hfb-below-header-display":"","ast-hfb-mobile-header-display":"","site-post-title":"","ast-breadcrumbs-content":"","ast-featured-img":"","footer-sml-layout":"","theme-transparent-header-meta":"default","adv-header-id-meta":"","stick-header-meta":"default","header-above-stick-meta":"","header-main-stick-meta":"","header-below-stick-meta":"","astra-migrate-meta-layouts":"set","ast-page-background-enabled":"default","ast-page-background-meta":{"desktop":{"background-color":"var(--ast-global-color-4)","background-image":"","background-repeat":"repeat","background-position":"center center","background-size":"auto","background-attachment":"scroll","background-type":"","background-media":"","overlay-type":"","overlay-color":"","overlay-opacity":"","overlay-gradient":""},"tablet":{"background-color":"","background-image":"","background-repeat":"repeat","background-position":"center center","background-size":"auto","background-attachment":"scroll","background-type":"","background-media":"","overlay-type":"","overlay-color":"","overlay-opacity":"","overlay-gradient":""},"mobile":{"background-color":"","background-image":"","background-repeat":"repeat","background-position":"center center","background-size":"auto","background-attachment":"scroll","background-type":"","background-media":"","overlay-type":"","overlay-color":"","overlay-opacity":"","overlay-gradient":""}},"ast-content-background-meta":{"desktop":{"background-color":"var(--ast-global-color-5)","background-image":"","background-repeat":"repeat","background-position":"center center","background-size":"auto","background-attachment":"scroll","background-type":"","background-media":"","overlay-type":"","overlay-color":"","overlay-opacity":"","overlay-gradient":""},"tablet":{"background-color":"var(--ast-global-color-5)","background-image":"","background-repeat":"repeat","background-position":"center center","background-size":"auto","background-attachment":"scroll","background-type":"","background-media":"","overlay-type":"","overlay-color":"","overlay-opacity":"","overlay-gradient":""},"mobile":{"background-color":"var(--ast-global-color-5)","background-image":"","background-repeat":"repeat","background-position":"center center","background-size":"auto","background-attachment":"scroll","background-type":"","background-media":"","overlay-type":"","overlay-color":"","overlay-opacity":"","overlay-gradient":""}}},"product_brand":[],"product_cat":[368],"product_tag":[],"class_list":{"0":"post-4923","1":"product","2":"type-product","3":"status-publish","4":"has-post-thumbnail","6":"product_cat-14-kg","7":"desktop-align-left","8":"tablet-align-left","9":"mobile-align-left","10":"ast-product-gallery-layout-horizontal","11":"ast-product-tabs-layout-horizontal","13":"first","14":"instock","15":"shipping-taxable","16":"product-type-simple"},"_links":{"self":[{"href":"https:\/\/wimar.net\/uk\/wp-json\/wp\/v2\/product\/4923","targetHints":{"allow":["GET"]}}],"collection":[{"href":"https:\/\/wimar.net\/uk\/wp-json\/wp\/v2\/product"}],"about":[{"href":"https:\/\/wimar.net\/uk\/wp-json\/wp\/v2\/types\/product"}],"version-history":[{"count":3,"href":"https:\/\/wimar.net\/uk\/wp-json\/wp\/v2\/product\/4923\/revisions"}],"predecessor-version":[{"id":6375,"href":"https:\/\/wimar.net\/uk\/wp-json\/wp\/v2\/product\/4923\/revisions\/6375"}],"wp:featuredmedia":[{"embeddable":true,"href":"https:\/\/wimar.net\/uk\/wp-json\/wp\/v2\/media\/4925"}],"wp:attachment":[{"href":"https:\/\/wimar.net\/uk\/wp-json\/wp\/v2\/media?parent=4923"}],"wp:term":[{"taxonomy":"product_brand","embeddable":true,"href":"https:\/\/wimar.net\/uk\/wp-json\/wp\/v2\/product_brand?post=4923"},{"taxonomy":"product_cat","embeddable":true,"href":"https:\/\/wimar.net\/uk\/wp-json\/wp\/v2\/product_cat?post=4923"},{"taxonomy":"product_tag","embeddable":true,"href":"https:\/\/wimar.net\/uk\/wp-json\/wp\/v2\/product_tag?post=4923"}],"curies":[{"name":"wp","href":"https:\/\/api.w.org\/{rel}","templated":true}]}}