{"id":4935,"date":"2025-03-05T13:51:19","date_gmt":"2025-03-05T12:51:19","guid":{"rendered":"https:\/\/wimar.net\/?post_type=product&#038;p=4935"},"modified":"2025-03-05T14:17:37","modified_gmt":"2025-03-05T13:17:37","slug":"%d0%ba%d0%b0%d1%80%d1%82%d0%be%d0%bd%d0%bd%d0%b8%d0%b9-%d0%b1%d1%83%d1%88%d0%b5%d0%bb%d1%8c-%d0%ba%d0%be%d0%bc%d0%bf%d0%b0%d0%ba%d1%82%d0%bd%d0%b8%d0%b9-14%d0%ba%d0%b3-2","status":"publish","type":"product","link":"https:\/\/wimar.net\/uk\/product-2\/%d0%ba%d0%b0%d1%80%d1%82%d0%be%d0%bd%d0%bd%d0%b8%d0%b9-%d0%b1%d1%83%d1%88%d0%b5%d0%bb%d1%8c-%d0%ba%d0%be%d0%bc%d0%bf%d0%b0%d0%ba%d1%82%d0%bd%d0%b8%d0%b9-14%d0%ba%d0%b3-2\/","title":{"rendered":"\u0411\u0443\u0448\u0435\u043b\u044c COMPACT 14\u043a\u0433 \u043a\u0430\u0440\u0442\u043e\u043d\u043d\u0430 \u043a\u043e\u0440\u043e\u0431\u043a\u0430"},"content":{"rendered":"<h3 data-start=\"0\" data-end=\"85\">\u041a\u043e\u043c\u043f\u0430\u043a\u0442\u043d\u0438\u0439 \u043a\u0430\u0440\u0442\u043e\u043d \u0411\u0443\u0448\u0435\u043b\u044f<\/h3>\n<p data-start=\"87\" data-end=\"411\">\u041a\u0430\u0440\u0442\u043e\u043d\u043d\u0430 \u0443\u043f\u0430\u043a\u043e\u0432\u043a\u0430 Bushel Compact - \u0446\u0435 \u043c\u0456\u0446\u043d\u0430 \u0442\u0430 \u0435\u043a\u043e\u043b\u043e\u0433\u0456\u0447\u043d\u043e \u0447\u0438\u0441\u0442\u0430 \u0443\u043f\u0430\u043a\u043e\u0432\u043a\u0430 \u0434\u043b\u044f \u0437\u0431\u0435\u0440\u0456\u0433\u0430\u043d\u043d\u044f \u0456 \u0442\u0440\u0430\u043d\u0441\u043f\u043e\u0440\u0442\u0443\u0432\u0430\u043d\u043d\u044f \u0444\u0440\u0443\u043a\u0442\u0456\u0432 \u0442\u0430 \u043e\u0432\u043e\u0447\u0456\u0432. \u0407\u0457 \u043a\u043e\u043d\u0441\u0442\u0440\u0443\u043a\u0446\u0456\u044f \u0437\u0430\u0431\u0435\u0437\u043f\u0435\u0447\u0443\u0454 \u0434\u043e\u0441\u0442\u0430\u0442\u043d\u044e \u0432\u0435\u043d\u0442\u0438\u043b\u044f\u0446\u0456\u044e, \u0449\u043e\u0431 \u043f\u0440\u043e\u0434\u0443\u043a\u0442\u0438 \u0434\u043e\u0432\u0448\u0435 \u0437\u0430\u043b\u0438\u0448\u0430\u043b\u0438\u0441\u044f \u0441\u0432\u0456\u0436\u0438\u043c\u0438. \u0412\u043e\u043d\u0430 \u0456\u0434\u0435\u0430\u043b\u044c\u043d\u043e \u043f\u0456\u0434\u0445\u043e\u0434\u0438\u0442\u044c \u0434\u043b\u044f \u0444\u0435\u0440\u043c\u0435\u0440\u0441\u044c\u043a\u0438\u0445 \u0433\u043e\u0441\u043f\u043e\u0434\u0430\u0440\u0441\u0442\u0432, \u043e\u043f\u0442\u043e\u0432\u0438\u0445 \u043a\u043e\u043c\u043f\u0430\u043d\u0456\u0439 \u0442\u0430 \u043f\u0440\u043e\u0434\u0443\u043a\u0442\u043e\u0432\u0438\u0445 \u043c\u0430\u0433\u0430\u0437\u0438\u043d\u0456\u0432.<\/p>\n<h3 data-start=\"413\" data-end=\"443\"><strong data-start=\"417\" data-end=\"441\">\u041e\u0441\u043d\u043e\u0432\u043d\u0456 \u0445\u0430\u0440\u0430\u043a\u0442\u0435\u0440\u0438\u0441\u0442\u0438\u043a\u0438:<\/strong><\/h3>\n<ul>\n<li data-start=\"445\" data-end=\"1115\"><strong data-start=\"447\" data-end=\"460\">\u041d\u0430\u043f\u043e\u043b\u0435\u0433\u043b\u0438\u0432\u0456\u0441\u0442\u044c:<\/strong> \u0412\u0438\u0433\u043e\u0442\u043e\u0432\u043b\u0435\u043d\u0430 \u0437 \u043c\u0456\u0446\u043d\u043e\u0433\u043e \u043a\u0430\u0440\u0442\u043e\u043d\u0443, \u0441\u0442\u0456\u0439\u043a\u043e\u0433\u043e \u0434\u043e \u043c\u0435\u0445\u0430\u043d\u0456\u0447\u043d\u0438\u0445 \u043f\u043e\u0448\u043a\u043e\u0434\u0436\u0435\u043d\u044c \u0442\u0430 \u0432\u043e\u043b\u043e\u0433\u0438.<\/li>\n<li data-start=\"445\" data-end=\"1115\"><strong data-start=\"540\" data-end=\"556\">\u041e\u0440\u0433\u0430\u043d\u0456\u0447\u043d\u0456:<\/strong> \u041c\u0430\u0442\u0435\u0440\u0456\u0430\u043b, \u0449\u043e \u043f\u0456\u0434\u043b\u044f\u0433\u0430\u0454 \u0432\u0442\u043e\u0440\u0438\u043d\u043d\u0456\u0439 \u043f\u0435\u0440\u0435\u0440\u043e\u0431\u0446\u0456 - \u0435\u043a\u043e\u043b\u043e\u0433\u0456\u0447\u043d\u043e \u0447\u0438\u0441\u0442\u0438\u0439.<\/li>\n<li data-start=\"445\" data-end=\"1115\"><strong data-start=\"625\" data-end=\"649\">\u041e\u043f\u0442\u0438\u043c\u0430\u043b\u044c\u043d\u0430 \u043f\u043e\u0442\u0443\u0436\u043d\u0456\u0441\u0442\u044c:<\/strong> 14 \u043a\u0433 - \u0456\u0434\u0435\u0430\u043b\u044c\u043d\u043e \u043f\u0456\u0434\u0445\u043e\u0434\u0438\u0442\u044c \u0434\u043b\u044f \u044f\u0431\u043b\u0443\u043a, \u043a\u0430\u0440\u0442\u043e\u043f\u043b\u0456, \u0446\u0438\u0431\u0443\u043b\u0456 \u0442\u0430 \u0456\u043d\u0448\u0438\u0445 \u0444\u0440\u0443\u043a\u0442\u0456\u0432 \u0456 \u043e\u0432\u043e\u0447\u0456\u0432.<\/li>\n<li data-start=\"445\" data-end=\"1115\"><strong data-start=\"887\" data-end=\"911\">\u0417\u0440\u0443\u0447\u043d\u0456\u0441\u0442\u044c \u0437\u0431\u0435\u0440\u0456\u0433\u0430\u043d\u043d\u044f:<\/strong> \u041c\u043e\u0436\u043d\u0430 \u0448\u0442\u0430\u0431\u0435\u043b\u044e\u0432\u0430\u0442\u0438 \u0431\u0435\u0437 \u0440\u0438\u0437\u0438\u043a\u0443 \u043f\u043e\u0448\u043a\u043e\u0434\u0436\u0435\u043d\u043d\u044f \u043f\u0440\u043e\u0434\u0443\u043a\u0442\u0456\u0432.<\/li>\n<li data-start=\"445\" data-end=\"1115\"><strong data-start=\"972\" data-end=\"993\">\u0411\u0430\u0433\u0430\u0442\u043e\u0444\u0443\u043d\u043a\u0446\u0456\u043e\u043d\u0430\u043b\u044c\u043d\u0456\u0441\u0442\u044c:<\/strong> \u0419\u043e\u0433\u043e \u043c\u043e\u0436\u043d\u0430 \u0432\u0438\u043a\u043e\u0440\u0438\u0441\u0442\u043e\u0432\u0443\u0432\u0430\u0442\u0438 \u043d\u0435 \u043b\u0438\u0448\u0435 \u0434\u043b\u044f \u0442\u0440\u0430\u043d\u0441\u043f\u043e\u0440\u0442\u0443\u0432\u0430\u043d\u043d\u044f \u0444\u0440\u0443\u043a\u0442\u0456\u0432 \u0442\u0430 \u043e\u0432\u043e\u0447\u0456\u0432, \u0430\u043b\u0435 \u0439 \u044f\u043a \u0443\u043f\u0430\u043a\u043e\u0432\u043a\u0443 \u0434\u043b\u044f \u0456\u043d\u0448\u043e\u0457 \u0441\u0456\u043b\u044c\u0441\u044c\u043a\u043e\u0433\u043e\u0441\u043f\u043e\u0434\u0430\u0440\u0441\u044c\u043a\u043e\u0457 \u043f\u0440\u043e\u0434\u0443\u043a\u0446\u0456\u0457.<\/li>\n<li data-start=\"445\" data-end=\"1115\"><strong>\u0412\u043d\u0443\u0442\u0440\u0456\u0448\u043d\u0456 \u0440\u043e\u0437\u043c\u0456\u0440\u0438:<\/strong> 480 x 310 x 285 \u043c\u043c<\/li>\n<\/ul>\n<h3 data-start=\"1117\" data-end=\"1140\"><strong data-start=\"1121\" data-end=\"1138\">\u0417\u0430\u044f\u0432\u043a\u0430:<\/strong><\/h3>\n<ul>\n<li data-start=\"1142\" data-end=\"1458\"><strong data-start=\"1145\" data-end=\"1175\">\u0417\u0431\u0435\u0440\u0456\u0433\u0430\u043d\u043d\u044f \u0442\u0430 \u0442\u0440\u0430\u043d\u0441\u043f\u043e\u0440\u0442\u0443\u0432\u0430\u043d\u043d\u044f<\/strong> \u043e\u0432\u043e\u0447\u0456 \u0442\u0430 \u0444\u0440\u0443\u043a\u0442\u0438, \u0442\u0430\u043a\u0456 \u044f\u043a \u044f\u0431\u043b\u0443\u043a\u0430, \u0446\u0438\u0431\u0443\u043b\u044f, \u043a\u0430\u0440\u0442\u043e\u043f\u043b\u044f \u0442\u0430 \u0431\u0443\u0440\u044f\u043a.<\/li>\n<li data-start=\"1142\" data-end=\"1458\"><strong data-start=\"1250\" data-end=\"1275\">\u0414\u0438\u0441\u0442\u0440\u0438\u0431\u0443\u0446\u0456\u044f \u043f\u0440\u043e\u0434\u0443\u043a\u0446\u0456\u0457<\/strong> \u0441\u0456\u043b\u044c\u0441\u044c\u043a\u043e\u0433\u043e\u0441\u043f\u043e\u0434\u0430\u0440\u0441\u044c\u043a\u0430 \u043f\u0440\u043e\u0434\u0443\u043a\u0446\u0456\u044f \u0434\u043b\u044f \u043c\u0430\u0433\u0430\u0437\u0438\u043d\u0456\u0432, \u043e\u043f\u0442\u043e\u0432\u0438\u043a\u0456\u0432 \u0442\u0430 \u044f\u0440\u043c\u0430\u0440\u043a\u0456\u0432.<\/li>\n<li data-start=\"1142\" data-end=\"1458\"><strong data-start=\"1393\" data-end=\"1420\">\u0415\u043a\u043e\u043b\u043e\u0433\u0456\u0447\u043d\u0430 \u0430\u043b\u044c\u0442\u0435\u0440\u043d\u0430\u0442\u0438\u0432\u0430<\/strong> \u0434\u043b\u044f \u043f\u043b\u0430\u0441\u0442\u0438\u043a\u043e\u0432\u0438\u0445 \u044f\u0449\u0438\u043a\u0456\u0432 \u0442\u0430 \u043f\u0430\u043a\u0435\u0442\u0456\u0432.<\/li>\n<\/ul>\n<h3 data-start=\"1460\" data-end=\"1786\"><strong data-start=\"1460\" data-end=\"1514\">\u0427\u043e\u043c\u0443 \u0432\u0430\u0440\u0442\u043e \u043e\u0431\u0440\u0430\u0442\u0438 \u043a\u0430\u0440\u0442\u043e\u043d Bushel Compact?<\/strong><\/h3>\n<p data-start=\"1460\" data-end=\"1786\">\u0426\u0435 \u0441\u0442\u0456\u0439\u043a\u0435, \u0435\u043a\u043e\u043b\u043e\u0433\u0456\u0447\u043d\u0435 \u0442\u0430 \u043f\u0440\u0430\u043a\u0442\u0438\u0447\u043d\u0435 \u0440\u0456\u0448\u0435\u043d\u043d\u044f \u0434\u043b\u044f \u0432\u0438\u0440\u043e\u0431\u043d\u0438\u043a\u0456\u0432 \u0456 \u0434\u0438\u0441\u0442\u0440\u0438\u0431'\u044e\u0442\u043e\u0440\u0456\u0432 \u043f\u0440\u043e\u0434\u0443\u043a\u0442\u0456\u0432 \u0445\u0430\u0440\u0447\u0443\u0432\u0430\u043d\u043d\u044f.<\/p>","protected":false},"excerpt":{"rendered":"<p>Karton Bushel Compact Karton Bushel Compact to wytrzyma\u0142e i ekologiczne opakowanie przeznaczone do przechowywania i transportu owoc\u00f3w oraz warzyw. Jego konstrukcja zapewnia odpowiedni\u0105 wentylacj\u0119, co pozwala zachowa\u0107 \u015bwie\u017co\u015b\u0107 produkt\u00f3w na d\u0142u\u017cej. Doskonale sprawdza si\u0119 w gospodarstwach rolnych, hurtowniach oraz sklepach spo\u017cywczych. Najwa\u017cniejsze cechy: Trwa\u0142o\u015b\u0107: Wykonany z solidnej tektury, odpornej na uszkodzenia mechaniczne i wilgo\u0107. Ekologiczny: [&hellip;]<\/p>","protected":false},"featured_media":4929,"template":"","meta":{"site-sidebar-layout":"default","site-content-layout":"","ast-site-content-layout":"default","site-content-style":"default","site-sidebar-style":"default","ast-global-header-display":"","ast-banner-title-visibility":"","ast-main-header-display":"","ast-hfb-above-header-display":"","ast-hfb-below-header-display":"","ast-hfb-mobile-header-display":"","site-post-title":"","ast-breadcrumbs-content":"","ast-featured-img":"","footer-sml-layout":"","theme-transparent-header-meta":"default","adv-header-id-meta":"","stick-header-meta":"default","header-above-stick-meta":"","header-main-stick-meta":"","header-below-stick-meta":"","astra-migrate-meta-layouts":"set","ast-page-background-enabled":"default","ast-page-background-meta":{"desktop":{"background-color":"var(--ast-global-color-4)","background-image":"","background-repeat":"repeat","background-position":"center center","background-size":"auto","background-attachment":"scroll","background-type":"","background-media":"","overlay-type":"","overlay-color":"","overlay-opacity":"","overlay-gradient":""},"tablet":{"background-color":"","background-image":"","background-repeat":"repeat","background-position":"center center","background-size":"auto","background-attachment":"scroll","background-type":"","background-media":"","overlay-type":"","overlay-color":"","overlay-opacity":"","overlay-gradient":""},"mobile":{"background-color":"","background-image":"","background-repeat":"repeat","background-position":"center center","background-size":"auto","background-attachment":"scroll","background-type":"","background-media":"","overlay-type":"","overlay-color":"","overlay-opacity":"","overlay-gradient":""}},"ast-content-background-meta":{"desktop":{"background-color":"var(--ast-global-color-5)","background-image":"","background-repeat":"repeat","background-position":"center center","background-size":"auto","background-attachment":"scroll","background-type":"","background-media":"","overlay-type":"","overlay-color":"","overlay-opacity":"","overlay-gradient":""},"tablet":{"background-color":"var(--ast-global-color-5)","background-image":"","background-repeat":"repeat","background-position":"center center","background-size":"auto","background-attachment":"scroll","background-type":"","background-media":"","overlay-type":"","overlay-color":"","overlay-opacity":"","overlay-gradient":""},"mobile":{"background-color":"var(--ast-global-color-5)","background-image":"","background-repeat":"repeat","background-position":"center center","background-size":"auto","background-attachment":"scroll","background-type":"","background-media":"","overlay-type":"","overlay-color":"","overlay-opacity":"","overlay-gradient":""}}},"product_brand":[],"product_cat":[371],"product_tag":[],"class_list":{"0":"post-4935","1":"product","2":"type-product","3":"status-publish","4":"has-post-thumbnail","6":"product_cat-karton-compact-14-kg","7":"desktop-align-left","8":"tablet-align-left","9":"mobile-align-left","10":"ast-product-gallery-layout-horizontal","11":"ast-product-tabs-layout-horizontal","13":"first","14":"instock","15":"shipping-taxable","16":"product-type-simple"},"_links":{"self":[{"href":"https:\/\/wimar.net\/uk\/wp-json\/wp\/v2\/product\/4935","targetHints":{"allow":["GET"]}}],"collection":[{"href":"https:\/\/wimar.net\/uk\/wp-json\/wp\/v2\/product"}],"about":[{"href":"https:\/\/wimar.net\/uk\/wp-json\/wp\/v2\/types\/product"}],"version-history":[{"count":3,"href":"https:\/\/wimar.net\/uk\/wp-json\/wp\/v2\/product\/4935\/revisions"}],"predecessor-version":[{"id":4943,"href":"https:\/\/wimar.net\/uk\/wp-json\/wp\/v2\/product\/4935\/revisions\/4943"}],"wp:featuredmedia":[{"embeddable":true,"href":"https:\/\/wimar.net\/uk\/wp-json\/wp\/v2\/media\/4929"}],"wp:attachment":[{"href":"https:\/\/wimar.net\/uk\/wp-json\/wp\/v2\/media?parent=4935"}],"wp:term":[{"taxonomy":"product_brand","embeddable":true,"href":"https:\/\/wimar.net\/uk\/wp-json\/wp\/v2\/product_brand?post=4935"},{"taxonomy":"product_cat","embeddable":true,"href":"https:\/\/wimar.net\/uk\/wp-json\/wp\/v2\/product_cat?post=4935"},{"taxonomy":"product_tag","embeddable":true,"href":"https:\/\/wimar.net\/uk\/wp-json\/wp\/v2\/product_tag?post=4935"}],"curies":[{"name":"wp","href":"https:\/\/api.w.org\/{rel}","templated":true}]}}