{"id":4959,"date":"2025-03-05T15:29:13","date_gmt":"2025-03-05T14:29:13","guid":{"rendered":"https:\/\/wimar.net\/?post_type=product&#038;p=4959"},"modified":"2025-03-05T15:37:01","modified_gmt":"2025-03-05T14:37:01","slug":"%d0%bf%d0%b0%d0%ba%d0%b5%d1%82%d0%b8-%d0%b4%d0%bb%d1%8f-%d1%84%d1%80%d1%83%d0%ba%d1%82%d1%96%d0%b2-xtend-%d0%b4%d0%bb%d1%8f-%d0%ba%d1%83%d1%89%d1%96%d0%b2","status":"publish","type":"product","link":"https:\/\/wimar.net\/uk\/product-2\/%d0%bf%d0%b0%d0%ba%d0%b5%d1%82%d0%b8-%d0%b4%d0%bb%d1%8f-%d1%84%d1%80%d1%83%d0%ba%d1%82%d1%96%d0%b2-xtend-%d0%b4%d0%bb%d1%8f-%d0%ba%d1%83%d1%89%d1%96%d0%b2\/","title":{"rendered":"\u043c\u0456\u0448\u043a\u0438 xtend \u0434\u043b\u044f \u0444\u0440\u0443\u043a\u0442\u0456\u0432, \u043e\u0432\u043e\u0447\u0456\u0432 \u0434\u043b\u044f \u043a\u0443\u0449\u0456\u0432"},"content":{"rendered":"<h3 data-start=\"57\" data-end=\"118\"><strong data-start=\"57\" data-end=\"116\">\u0421\u0443\u043c\u043a\u0438 Xtend - \u0456\u043d\u043d\u043e\u0432\u0430\u0446\u0456\u0439\u043d\u0435 \u0440\u0456\u0448\u0435\u043d\u043d\u044f \u0434\u043b\u044f \u0437\u0431\u0435\u0440\u0456\u0433\u0430\u043d\u043d\u044f<\/strong><\/h3>\n<p data-start=\"120\" data-end=\"385\">\u041f\u0430\u043a\u0435\u0442\u0438 Xtend - \u0446\u0435 \u0441\u0443\u0447\u0430\u0441\u043d\u0435 \u043f\u0430\u043a\u0443\u0432\u0430\u043d\u043d\u044f, \u043f\u0440\u0438\u0437\u043d\u0430\u0447\u0435\u043d\u0435 \u0434\u043b\u044f \u043f\u043e\u0434\u043e\u0432\u0436\u0435\u043d\u043d\u044f \u0441\u0432\u0456\u0436\u043e\u0441\u0442\u0456 \u043f\u0440\u043e\u0434\u0443\u043a\u0442\u0456\u0432, \u0449\u043e \u0437\u0431\u0435\u0440\u0456\u0433\u0430\u044e\u0442\u044c\u0441\u044f. \u0412\u0438\u0433\u043e\u0442\u043e\u0432\u043b\u0435\u043d\u0456 \u0437 \u0432\u0438\u0441\u043e\u043a\u043e\u0442\u0435\u0445\u043d\u043e\u043b\u043e\u0433\u0456\u0447\u043d\u043e\u0457 \u0442\u043a\u0430\u043d\u0438\u043d\u0438, \u0432\u043e\u043d\u0438 \u0437\u0430\u0431\u0435\u0437\u043f\u0435\u0447\u0443\u044e\u0442\u044c \u043e\u043f\u0442\u0438\u043c\u0430\u043b\u044c\u043d\u0456 \u0443\u043c\u043e\u0432\u0438 \u0434\u043b\u044f \u0444\u0440\u0443\u043a\u0442\u0456\u0432, \u043e\u0432\u043e\u0447\u0456\u0432 \u0442\u0430 \u0456\u043d\u0448\u0438\u0445 \u043f\u0440\u043e\u0434\u0443\u043a\u0442\u0456\u0432, \u0449\u043e \u043f\u043e\u0442\u0440\u0435\u0431\u0443\u044e\u0442\u044c \u043a\u043e\u043d\u0442\u0440\u043e\u043b\u044c\u043e\u0432\u0430\u043d\u043e\u0433\u043e \u043c\u0456\u043a\u0440\u043e\u043a\u043b\u0456\u043c\u0430\u0442\u0443.<\/p>\n<h3 data-start=\"387\" data-end=\"417\"><strong data-start=\"391\" data-end=\"415\">\u041e\u0441\u043d\u043e\u0432\u043d\u0456 \u0445\u0430\u0440\u0430\u043a\u0442\u0435\u0440\u0438\u0441\u0442\u0438\u043a\u0438:<\/strong><\/h3>\n<ul>\n<li data-start=\"418\" data-end=\"1059\"><strong data-start=\"420\" data-end=\"442\">\u0422\u0435\u0445\u043d\u043e\u043b\u043e\u0433\u0456\u044f Xtend:<\/strong> \u0417\u0430\u0431\u0435\u0437\u043f\u0435\u0447\u0443\u0454 \u043e\u043f\u0442\u0438\u043c\u0430\u043b\u044c\u043d\u0438\u0439 \u0440\u0456\u0432\u0435\u043d\u044c \u0432\u043e\u043b\u043e\u0433\u043e\u0441\u0442\u0456 \u0442\u0430 \u043f\u043e\u0432\u0456\u0442\u0440\u044f\u043d\u043e\u0433\u043e \u043f\u043e\u0442\u043e\u043a\u0443, \u0441\u043f\u043e\u0432\u0456\u043b\u044c\u043d\u044e\u044e\u0447\u0438 \u043f\u0440\u043e\u0446\u0435\u0441 \u0434\u043e\u0437\u0440\u0456\u0432\u0430\u043d\u043d\u044f \u0442\u0430 \u0441\u0442\u0430\u0440\u0456\u043d\u043d\u044f.<\/li>\n<li data-start=\"418\" data-end=\"1059\"><strong data-start=\"567\" data-end=\"606\">\u0415\u043a\u043e\u043b\u043e\u0433\u0456\u0447\u043d\u043e \u0447\u0438\u0441\u0442\u0438\u0439 \u0456 \u043f\u0440\u0438\u0434\u0430\u0442\u043d\u0438\u0439 \u0434\u043b\u044f \u0431\u0430\u0433\u0430\u0442\u043e\u0440\u0430\u0437\u043e\u0432\u043e\u0433\u043e \u0432\u0438\u043a\u043e\u0440\u0438\u0441\u0442\u0430\u043d\u043d\u044f:<\/strong> \u0412\u0438\u0433\u043e\u0442\u043e\u0432\u043b\u0435\u043d\u0456 \u0437 \u0435\u043a\u043e\u043b\u043e\u0433\u0456\u0447\u043d\u043e \u0447\u0438\u0441\u0442\u0438\u0445 \u043c\u0430\u0442\u0435\u0440\u0456\u0430\u043b\u0456\u0432, \u0432\u043e\u043d\u0438 \u0437\u043c\u0435\u043d\u0448\u0443\u044e\u0442\u044c \u043a\u0456\u043b\u044c\u043a\u0456\u0441\u0442\u044c \u043f\u043b\u0430\u0441\u0442\u0438\u043a\u043e\u0432\u0438\u0445 \u0432\u0456\u0434\u0445\u043e\u0434\u0456\u0432.<\/li>\n<li data-start=\"418\" data-end=\"1059\"><strong data-start=\"694\" data-end=\"718\">\u041a\u043e\u043d\u0442\u0440\u043e\u043b\u044c \u0430\u0442\u043c\u043e\u0441\u0444\u0435\u0440\u0438:<\/strong> \u0412\u0456\u0434\u043f\u043e\u0432\u0456\u0434\u043d\u0438\u0439 \u0434\u0438\u0437\u0430\u0439\u043d \u043c\u0456\u0448\u043a\u0456\u0432 \u0434\u043e\u043f\u043e\u043c\u0430\u0433\u0430\u0454 \u0437\u043c\u0435\u043d\u0448\u0438\u0442\u0438 \u0432\u0442\u0440\u0430\u0442\u0438 \u043f\u0440\u043e\u0434\u0443\u043a\u0442\u0456\u0432, \u0449\u043e \u0437\u0431\u0435\u0440\u0456\u0433\u0430\u044e\u0442\u044c\u0441\u044f.<\/li>\n<li data-start=\"418\" data-end=\"1059\"><strong data-start=\"814\" data-end=\"839\">\u0414\u043e\u0432\u0433\u043e\u0432\u0456\u0447\u043d\u0456\u0441\u0442\u044c \u0456 \u0441\u0442\u0456\u0439\u043a\u0456\u0441\u0442\u044c:<\/strong> \u041c\u0456\u0446\u043d\u0430 \u043a\u043e\u043d\u0441\u0442\u0440\u0443\u043a\u0446\u0456\u044f \u043e\u0437\u043d\u0430\u0447\u0430\u0454, \u0449\u043e \u043c\u0456\u0448\u043a\u0438 Xtend \u043c\u043e\u0436\u043d\u0430 \u0432\u0438\u043a\u043e\u0440\u0438\u0441\u0442\u043e\u0432\u0443\u0432\u0430\u0442\u0438 \u0432 \u0440\u0456\u0437\u043d\u0438\u0445 \u0443\u043c\u043e\u0432\u0430\u0445 \u0437\u0431\u0435\u0440\u0456\u0433\u0430\u043d\u043d\u044f.<\/li>\n<li data-start=\"418\" data-end=\"1059\"><strong data-start=\"942\" data-end=\"973\">\u0423\u043d\u0456\u0432\u0435\u0440\u0441\u0430\u043b\u044c\u043d\u0435 \u0432\u0438\u043a\u043e\u0440\u0438\u0441\u0442\u0430\u043d\u043d\u044f:<\/strong> \u0412\u043e\u043d\u0438 \u043f\u0456\u0434\u0445\u043e\u0434\u044f\u0442\u044c \u044f\u043a \u0434\u043b\u044f \u043f\u043e\u0431\u0443\u0442\u043e\u0432\u043e\u0433\u043e, \u0442\u0430\u043a \u0456 \u0434\u043b\u044f \u043f\u0440\u043e\u0444\u0435\u0441\u0456\u0439\u043d\u043e\u0433\u043e \u0432\u0438\u043a\u043e\u0440\u0438\u0441\u0442\u0430\u043d\u043d\u044f \u0432 \u0441\u0456\u043b\u044c\u0441\u044c\u043a\u043e\u043c\u0443 \u0433\u043e\u0441\u043f\u043e\u0434\u0430\u0440\u0441\u0442\u0432\u0456 \u0442\u0430 \u0442\u043e\u0440\u0433\u0456\u0432\u043b\u0456.<\/li>\n<\/ul>\n<h3 data-start=\"1061\" data-end=\"1084\"><strong data-start=\"1065\" data-end=\"1082\">\u0417\u0430\u044f\u0432\u043a\u0430:<\/strong><\/h3>\n<ul>\n<li data-start=\"1085\" data-end=\"1541\"><strong data-start=\"1088\" data-end=\"1123\">\u0417\u0431\u0435\u0440\u0456\u0433\u0430\u043d\u043d\u044f \u0444\u0440\u0443\u043a\u0442\u0456\u0432 \u0442\u0430 \u043e\u0432\u043e\u0447\u0456\u0432:<\/strong> \u0406\u0434\u0435\u0430\u043b\u044c\u043d\u043e \u043f\u0456\u0434\u0445\u043e\u0434\u0438\u0442\u044c \u0434\u043b\u044f \u043a\u0430\u0440\u0442\u043e\u043f\u043b\u0456, \u0446\u0438\u0431\u0443\u043b\u0456, \u044f\u0431\u043b\u0443\u043a, \u043c\u043e\u0440\u043a\u0432\u0438 \u0442\u0430 \u0446\u0438\u0442\u0440\u0443\u0441\u043e\u0432\u0438\u0445 - \u043f\u043e\u0434\u043e\u0432\u0436\u0443\u0454 \u0457\u0445\u043d\u044e \u0441\u0432\u0456\u0436\u0456\u0441\u0442\u044c.<\/li>\n<li data-start=\"1085\" data-end=\"1541\"><strong data-start=\"1216\" data-end=\"1243\">\u0414\u0438\u0441\u0442\u0440\u0438\u0431\u0443\u0446\u0456\u044f \u0442\u0430 \u043f\u0440\u043e\u0434\u0430\u0436:<\/strong> \u0412\u0438\u043a\u043e\u0440\u0438\u0441\u0442\u043e\u0432\u0443\u0454\u0442\u044c\u0441\u044f \u0432 \u043c\u0430\u0433\u0430\u0437\u0438\u043d\u0430\u0445 \u0456 \u043e\u043f\u0442\u043e\u0432\u0438\u0445 \u043a\u043e\u043c\u043f\u0430\u043d\u0456\u044f\u0445, \u0434\u0435 \u043f\u0456\u0434\u0442\u0440\u0438\u043c\u043a\u0430 \u044f\u043a\u043e\u0441\u0442\u0456 \u043f\u0440\u043e\u0434\u0443\u043a\u0446\u0456\u0457 \u043c\u0430\u0454 \u0432\u0438\u0440\u0456\u0448\u0430\u043b\u044c\u043d\u0435 \u0437\u043d\u0430\u0447\u0435\u043d\u043d\u044f.<\/li>\n<li data-start=\"1085\" data-end=\"1541\"><strong data-start=\"1335\" data-end=\"1367\">\u041f\u0435\u0440\u0435\u0432\u0435\u0437\u0435\u043d\u043d\u044f \u0441\u0456\u043b\u044c\u0441\u044c\u043a\u043e\u0433\u043e\u0441\u043f\u043e\u0434\u0430\u0440\u0441\u044c\u043a\u043e\u0457 \u043f\u0440\u043e\u0434\u0443\u043a\u0446\u0456\u0457:<\/strong> \u0412\u043e\u043d\u0438 \u0437\u0430\u0445\u0438\u0449\u0430\u044e\u0442\u044c \u0432\u043c\u0456\u0441\u0442 \u0432\u0456\u0434 \u0432\u0442\u0440\u0430\u0442\u0438 \u0432\u043e\u043b\u043e\u0433\u0438 \u0442\u0430 \u043f\u0435\u0440\u0435\u0437\u0440\u0456\u0432\u0430\u043d\u043d\u044f.<\/li>\n<li data-start=\"1085\" data-end=\"1541\"><strong data-start=\"1439\" data-end=\"1457\">\u0414\u043b\u044f \u0434\u043e\u043c\u0430\u0448\u043d\u044c\u043e\u0433\u043e \u0432\u0438\u043a\u043e\u0440\u0438\u0441\u0442\u0430\u043d\u043d\u044f:<\/strong> \u0406\u0434\u0435\u0430\u043b\u044c\u043d\u043e \u043f\u0456\u0434\u0445\u043e\u0434\u0438\u0442\u044c \u0434\u043b\u044f \u0442\u0438\u0445, \u0445\u0442\u043e \u043f\u0456\u043a\u043b\u0443\u0454\u0442\u044c\u0441\u044f \u043f\u0440\u043e \u043d\u0430\u0432\u043a\u043e\u043b\u0438\u0448\u043d\u0454 \u0441\u0435\u0440\u0435\u0434\u043e\u0432\u0438\u0449\u0435 \u0442\u0430 \u0441\u0432\u0456\u0436\u0456\u0441\u0442\u044c \u0444\u0440\u0443\u043a\u0442\u0456\u0432 \u0456 \u043e\u0432\u043e\u0447\u0456\u0432, \u0449\u043e \u0437\u0431\u0435\u0440\u0456\u0433\u0430\u044e\u0442\u044c\u0441\u044f.<\/li>\n<\/ul>\n<h3 data-start=\"1543\" data-end=\"1587\"><strong data-start=\"1547\" data-end=\"1585\">\u0427\u043e\u043c\u0443 \u0432\u0430\u0440\u0442\u043e \u043e\u0431\u0438\u0440\u0430\u0442\u0438 \u0441\u0443\u043c\u043a\u0438 Xtend?<\/strong><\/h3>\n<p data-start=\"1588\" data-end=\"1942\">\u041f\u0430\u043a\u0435\u0442\u0438 Xtend - \u0446\u0435 \u0456\u043d\u043d\u043e\u0432\u0430\u0446\u0456\u0439\u043d\u0430 \u0430\u043b\u044c\u0442\u0435\u0440\u043d\u0430\u0442\u0438\u0432\u0430 \u0442\u0440\u0430\u0434\u0438\u0446\u0456\u0439\u043d\u043e\u043c\u0443 \u043f\u0430\u043a\u0443\u0432\u0430\u043d\u043d\u044e. \u0407\u0445 \u043f\u0435\u0440\u0435\u0434\u043e\u0432\u0430 \u0442\u0435\u0445\u043d\u043e\u043b\u043e\u0433\u0456\u044f \u0434\u043e\u0437\u0432\u043e\u043b\u044f\u0454 \u0437\u0431\u0435\u0440\u0456\u0433\u0430\u0442\u0438 \u043f\u0440\u043e\u0434\u0443\u043a\u0442\u0438 \u0434\u043e\u0432\u0448\u0435 \u0431\u0435\u0437 \u0432\u0442\u0440\u0430\u0442\u0438 \u044f\u043a\u043e\u0441\u0442\u0456, \u0437\u043c\u0435\u043d\u0448\u0443\u044e\u0447\u0438 \u043a\u0456\u043b\u044c\u043a\u0456\u0441\u0442\u044c \u0445\u0430\u0440\u0447\u043e\u0432\u0438\u0445 \u0432\u0456\u0434\u0445\u043e\u0434\u0456\u0432. \u0412\u043e\u043d\u0438 \u043c\u0456\u0446\u043d\u0456, \u0431\u0430\u0433\u0430\u0442\u043e\u0440\u0430\u0437\u043e\u0432\u0456 \u0442\u0430 \u0435\u043a\u043e\u043b\u043e\u0433\u0456\u0447\u043d\u043e \u0447\u0438\u0441\u0442\u0456 - \u0456\u0434\u0435\u0430\u043b\u044c\u043d\u043e \u043f\u0456\u0434\u0445\u043e\u0434\u044f\u0442\u044c \u044f\u043a \u0434\u043b\u044f \u0434\u043e\u043c\u0430\u0448\u043d\u044c\u043e\u0433\u043e, \u0442\u0430\u043a \u0456 \u0434\u043b\u044f \u043f\u0440\u043e\u0444\u0435\u0441\u0456\u0439\u043d\u043e\u0433\u043e \u0441\u0456\u043b\u044c\u0441\u044c\u043a\u043e\u0433\u043e\u0441\u043f\u043e\u0434\u0430\u0440\u0441\u044c\u043a\u043e\u0433\u043e \u0442\u0430 \u043a\u043e\u043c\u0435\u0440\u0446\u0456\u0439\u043d\u043e\u0433\u043e \u0432\u0438\u043a\u043e\u0440\u0438\u0441\u0442\u0430\u043d\u043d\u044f.<\/p>","protected":false},"excerpt":{"rendered":"<p>Worki Xtend \u2013 innowacyjne rozwi\u0105zanie do przechowywania Worki Xtend to nowoczesne opakowania stworzone z my\u015bl\u0105 o wyd\u0142u\u017ceniu \u015bwie\u017co\u015bci przechowywanych produkt\u00f3w. Wykonane z zaawansowanej technologicznie tkaniny, zapewniaj\u0105 optymalne warunki dla owoc\u00f3w, warzyw i innych produkt\u00f3w wymagaj\u0105cych kontrolowanego mikroklimatu. Najwa\u017cniejsze cechy: Technologia Xtend: Zapewnia optymalny poziom wilgotno\u015bci i przep\u0142ywu powietrza, spowalniaj\u0105c proces dojrzewania i starzenia si\u0119 produkt\u00f3w. [&hellip;]<\/p>","protected":false},"featured_media":4962,"template":"","meta":{"site-sidebar-layout":"default","site-content-layout":"","ast-site-content-layout":"default","site-content-style":"default","site-sidebar-style":"default","ast-global-header-display":"","ast-banner-title-visibility":"","ast-main-header-display":"","ast-hfb-above-header-display":"","ast-hfb-below-header-display":"","ast-hfb-mobile-header-display":"","site-post-title":"","ast-breadcrumbs-content":"","ast-featured-img":"","footer-sml-layout":"","theme-transparent-header-meta":"default","adv-header-id-meta":"","stick-header-meta":"default","header-above-stick-meta":"","header-main-stick-meta":"","header-below-stick-meta":"","astra-migrate-meta-layouts":"set","ast-page-background-enabled":"default","ast-page-background-meta":{"desktop":{"background-color":"var(--ast-global-color-4)","background-image":"","background-repeat":"repeat","background-position":"center center","background-size":"auto","background-attachment":"scroll","background-type":"","background-media":"","overlay-type":"","overlay-color":"","overlay-opacity":"","overlay-gradient":""},"tablet":{"background-color":"","background-image":"","background-repeat":"repeat","background-position":"center center","background-size":"auto","background-attachment":"scroll","background-type":"","background-media":"","overlay-type":"","overlay-color":"","overlay-opacity":"","overlay-gradient":""},"mobile":{"background-color":"","background-image":"","background-repeat":"repeat","background-position":"center center","background-size":"auto","background-attachment":"scroll","background-type":"","background-media":"","overlay-type":"","overlay-color":"","overlay-opacity":"","overlay-gradient":""}},"ast-content-background-meta":{"desktop":{"background-color":"var(--ast-global-color-5)","background-image":"","background-repeat":"repeat","background-position":"center center","background-size":"auto","background-attachment":"scroll","background-type":"","background-media":"","overlay-type":"","overlay-color":"","overlay-opacity":"","overlay-gradient":""},"tablet":{"background-color":"var(--ast-global-color-5)","background-image":"","background-repeat":"repeat","background-position":"center center","background-size":"auto","background-attachment":"scroll","background-type":"","background-media":"","overlay-type":"","overlay-color":"","overlay-opacity":"","overlay-gradient":""},"mobile":{"background-color":"var(--ast-global-color-5)","background-image":"","background-repeat":"repeat","background-position":"center center","background-size":"auto","background-attachment":"scroll","background-type":"","background-media":"","overlay-type":"","overlay-color":"","overlay-opacity":"","overlay-gradient":""}}},"product_brand":[],"product_cat":[374],"product_tag":[],"class_list":{"0":"post-4959","1":"product","2":"type-product","3":"status-publish","4":"has-post-thumbnail","6":"product_cat-worki-x-tend","7":"desktop-align-left","8":"tablet-align-left","9":"mobile-align-left","10":"ast-product-gallery-layout-horizontal","11":"ast-product-tabs-layout-horizontal","13":"first","14":"instock","15":"shipping-taxable","16":"product-type-simple"},"_links":{"self":[{"href":"https:\/\/wimar.net\/uk\/wp-json\/wp\/v2\/product\/4959","targetHints":{"allow":["GET"]}}],"collection":[{"href":"https:\/\/wimar.net\/uk\/wp-json\/wp\/v2\/product"}],"about":[{"href":"https:\/\/wimar.net\/uk\/wp-json\/wp\/v2\/types\/product"}],"version-history":[{"count":1,"href":"https:\/\/wimar.net\/uk\/wp-json\/wp\/v2\/product\/4959\/revisions"}],"predecessor-version":[{"id":4963,"href":"https:\/\/wimar.net\/uk\/wp-json\/wp\/v2\/product\/4959\/revisions\/4963"}],"wp:featuredmedia":[{"embeddable":true,"href":"https:\/\/wimar.net\/uk\/wp-json\/wp\/v2\/media\/4962"}],"wp:attachment":[{"href":"https:\/\/wimar.net\/uk\/wp-json\/wp\/v2\/media?parent=4959"}],"wp:term":[{"taxonomy":"product_brand","embeddable":true,"href":"https:\/\/wimar.net\/uk\/wp-json\/wp\/v2\/product_brand?post=4959"},{"taxonomy":"product_cat","embeddable":true,"href":"https:\/\/wimar.net\/uk\/wp-json\/wp\/v2\/product_cat?post=4959"},{"taxonomy":"product_tag","embeddable":true,"href":"https:\/\/wimar.net\/uk\/wp-json\/wp\/v2\/product_tag?post=4959"}],"curies":[{"name":"wp","href":"https:\/\/api.w.org\/{rel}","templated":true}]}}