{"id":4981,"date":"2025-03-06T14:24:12","date_gmt":"2025-03-06T13:24:12","guid":{"rendered":"https:\/\/wimar.net\/?post_type=product&#038;p=4981"},"modified":"2025-03-06T14:24:34","modified_gmt":"2025-03-06T13:24:34","slug":"%d1%81%d1%82%d0%b5%d0%b1%d0%be%d1%84%d1%96%d0%ba%d1%81-15-%d1%81%d0%bc-%d0%b4%d0%bb%d1%8f-%d0%b1%d0%b0%d0%bc%d0%b1%d1%83%d0%ba%d0%be%d0%b2%d0%b8%d1%85-%d0%bf%d1%96%d0%bb%d0%be%d0%bd%d1%96%d0%b2","status":"publish","type":"product","link":"https:\/\/wimar.net\/uk\/product-2\/%d1%81%d1%82%d0%b5%d0%b1%d0%be%d1%84%d1%96%d0%ba%d1%81-15-%d1%81%d0%bc-%d0%b4%d0%bb%d1%8f-%d0%b1%d0%b0%d0%bc%d0%b1%d1%83%d0%ba%d0%be%d0%b2%d0%b8%d1%85-%d0%bf%d1%96%d0%bb%d0%be%d0%bd%d1%96%d0%b2\/","title":{"rendered":"Stebofix 15\u0441\u043c \u0434\u043b\u044f \u0431\u0430\u043c\u0431\u0443\u043a\u043e\u0432\u043e\u0433\u043e \u0441\u0442\u043e\u0432\u043f\u0430, \u0434\u044e\u0431\u0435\u043b\u044c"},"content":{"rendered":"<h3 data-start=\"0\" data-end=\"68\"><strong data-start=\"0\" data-end=\"66\">\u0421\u0442\u0435\u0431\u043e\u0444\u0456\u043a\u0441 \u0434\u043b\u044f \u0431\u0430\u043c\u0431\u0443\u043a\u043e\u0432\u043e\u0457 \u043f\u0430\u043b\u0438\u0446\u0456<\/strong><\/h3>\n<p data-start=\"70\" data-end=\"410\">Stebofix - \u0446\u0435 \u0456\u043d\u043d\u043e\u0432\u0430\u0446\u0456\u0439\u043d\u0435 \u0440\u0456\u0448\u0435\u043d\u043d\u044f \u0434\u043b\u044f \u043a\u0440\u0456\u043f\u043b\u0435\u043d\u043d\u044f \u0440\u043e\u0441\u043b\u0438\u043d \u0434\u043e \u0431\u0430\u043c\u0431\u0443\u043a\u043e\u0432\u0438\u0445 \u0441\u0442\u043e\u0432\u043f\u0456\u0432, \u0434\u0435\u0440\u0435\u0432'\u044f\u043d\u0438\u0445 \u0434\u044e\u0431\u0435\u043b\u0456\u0432. \u0412\u0456\u043d \u0432\u0438\u043a\u043e\u0440\u0438\u0441\u0442\u043e\u0432\u0443\u0454 \u043d\u0430\u0442\u044f\u0436\u043d\u0438\u0439 \u0434\u0440\u0456\u0442 \u0434\u043b\u044f \u043d\u0430\u043f\u0440\u0430\u0432\u043b\u0435\u043d\u043d\u044f. \u041c\u0435\u0442\u0430 \u0437\u0430\u0442\u0438\u0441\u043a\u0430\u0447\u0430 - \u0437\u0430\u0444\u0456\u043a\u0441\u0443\u0432\u0430\u0442\u0438 \u0441\u0442\u043e\u0432\u0431\u0443\u0440 \u0434\u0435\u0440\u0435\u0432\u0430 \u0434\u043e \u0441\u0430\u0434\u043e\u0432\u043e\u0457 \u043a\u043e\u043d\u0441\u0442\u0440\u0443\u043a\u0446\u0456\u0457.<\/p>\n<h3 data-start=\"412\" data-end=\"442\"><strong data-start=\"416\" data-end=\"440\">\u041e\u0441\u043d\u043e\u0432\u043d\u0456 \u0445\u0430\u0440\u0430\u043a\u0442\u0435\u0440\u0438\u0441\u0442\u0438\u043a\u0438:<\/strong><\/h3>\n<ul>\n<li data-start=\"443\" data-end=\"920\"><strong data-start=\"445\" data-end=\"460\">\u041f\u0440\u0438\u0440\u043e\u0434\u043d\u0456\u0441\u0442\u044c<\/strong> - \u0432\u0438\u0433\u043e\u0442\u043e\u0432\u043b\u0435\u043d\u0456 \u0437 \u0435\u043a\u043e\u043b\u043e\u0433\u0456\u0447\u043d\u043e\u0457, \u0432\u0456\u0434\u043d\u043e\u0432\u043b\u044e\u0432\u0430\u043d\u043e\u0457 \u0441\u0438\u0440\u043e\u0432\u0438\u043d\u0438, \u0431\u0435\u0437\u043f\u0435\u0447\u043d\u043e\u0457 \u0434\u043b\u044f \u0440\u043e\u0441\u043b\u0438\u043d.<\/li>\n<li data-start=\"443\" data-end=\"920\"><strong data-start=\"539\" data-end=\"566\">\u0415\u043a\u043e\u043b\u043e\u0433\u0456\u0447\u043d\u0435 \u0440\u0456\u0448\u0435\u043d\u043d\u044f<\/strong> - \u0431\u0456\u043e\u043b\u043e\u0433\u0456\u0447\u043d\u043e \u0440\u043e\u0437\u043a\u043b\u0430\u0434\u0430\u0454\u0442\u044c\u0441\u044f \u0442\u0430 \u043f\u0440\u0438\u0434\u0430\u0442\u043d\u0438\u0439 \u0434\u043b\u044f \u0431\u0430\u0433\u0430\u0442\u043e\u0440\u0430\u0437\u043e\u0432\u043e\u0433\u043e \u0432\u0438\u043a\u043e\u0440\u0438\u0441\u0442\u0430\u043d\u043d\u044f \u0431\u0435\u0437 \u043d\u0435\u0433\u0430\u0442\u0438\u0432\u043d\u043e\u0433\u043e \u0432\u043f\u043b\u0438\u0432\u0443 \u043d\u0430 \u043d\u0430\u0432\u043a\u043e\u043b\u0438\u0448\u043d\u0454 \u0441\u0435\u0440\u0435\u0434\u043e\u0432\u0438\u0449\u0435.<\/li>\n<li data-start=\"443\" data-end=\"920\"><strong data-start=\"651\" data-end=\"677\">\u041e\u043f\u0442\u0438\u043c\u0430\u043b\u044c\u043d\u0430 \u0434\u043e\u0432\u0433\u043e\u0432\u0456\u0447\u043d\u0456\u0441\u0442\u044c<\/strong> - \u0430\u0434\u0430\u043f\u0442\u0443\u0454\u0442\u044c\u0441\u044f \u0434\u043e \u0440\u043e\u0441\u0442\u0443 \u0440\u043e\u0441\u043b\u0438\u043d, \u043d\u0435 \u0437\u0430\u0432\u0434\u0430\u044e\u0447\u0438 \u0448\u043a\u043e\u0434\u0438 \u0441\u0442\u0435\u0431\u043b\u0430\u043c.<\/li>\n<li data-start=\"443\" data-end=\"920\"><strong data-start=\"750\" data-end=\"773\">\u041f\u0440\u043e\u0441\u0442\u043e\u0442\u0430 \u0432\u0438\u043a\u043e\u0440\u0438\u0441\u0442\u0430\u043d\u043d\u044f<\/strong> - \u043b\u0435\u0433\u043a\u043e \u0437\u0431\u0438\u0440\u0430\u0454\u0442\u044c\u0441\u044f \u0456 \u0440\u043e\u0437\u0431\u0438\u0440\u0430\u0454\u0442\u044c\u0441\u044f, \u0456\u0434\u0435\u0430\u043b\u044c\u043d\u043e \u043f\u0456\u0434\u0445\u043e\u0434\u0438\u0442\u044c \u0434\u043b\u044f \u0441\u0430\u0434\u0456\u0432\u043d\u0438\u043a\u0456\u0432 \u0456 \u0444\u0435\u0440\u043c\u0435\u0440\u0456\u0432.<\/li>\n<li data-start=\"443\" data-end=\"920\"><strong data-start=\"841\" data-end=\"860\">\u0423\u043d\u0456\u0432\u0435\u0440\u0441\u0430\u043b\u044c\u043d\u0456\u0441\u0442\u044c<\/strong> - \u043f\u0456\u0434\u0445\u043e\u0434\u0438\u0442\u044c \u0434\u043b\u044f \u043e\u0432\u043e\u0447\u0456\u0432, \u0444\u0440\u0443\u043a\u0442\u0456\u0432, \u043a\u0432\u0456\u0442\u0456\u0432 \u0442\u0430 \u0432\u0438\u0442\u043a\u0438\u0445 \u0440\u043e\u0441\u043b\u0438\u043d.<\/li>\n<li data-start=\"443\" data-end=\"920\"><strong>\u0414\u043e\u0432\u0436\u0438\u043d\u0430<\/strong> - 15 \u0441\u043c<\/li>\n<\/ul>\n<h3 data-start=\"922\" data-end=\"945\"><strong data-start=\"926\" data-end=\"943\">\u0417\u0430\u044f\u0432\u043a\u0430:<\/strong><\/h3>\n<ul>\n<li data-start=\"946\" data-end=\"1324\"><strong data-start=\"949\" data-end=\"973\">\u041d\u0430\u043d\u0438\u0437\u0443\u0432\u0430\u043d\u043d\u044f \u0440\u043e\u0441\u043b\u0438\u043d<\/strong> - \u0437\u0430\u0431\u0435\u0437\u043f\u0435\u0447\u0443\u0454 \u0441\u0442\u0456\u0439\u043a\u0456\u0441\u0442\u044c \u0434\u043b\u044f \u0442\u043e\u043c\u0430\u0442\u0456\u0432, \u043e\u0433\u0456\u0440\u043a\u0456\u0432, \u043a\u0432\u0430\u0441\u043e\u043b\u0456, \u0432\u0438\u043d\u043e\u0433\u0440\u0430\u0434\u043d\u043e\u0457 \u043b\u043e\u0437\u0438 \u0442\u0430 \u0456\u043d\u0448\u0438\u0445 \u0432\u0438\u0442\u043a\u0438\u0445 \u0440\u043e\u0441\u043b\u0438\u043d.<\/li>\n<li data-start=\"946\" data-end=\"1324\"><strong data-start=\"1056\" data-end=\"1078\">\u041e\u0440\u0433\u0430\u043d\u0456\u0447\u043d\u0435 \u0437\u0435\u043c\u043b\u0435\u0440\u043e\u0431\u0441\u0442\u0432\u043e<\/strong> - \u043f\u0440\u0438\u0440\u043e\u0434\u043d\u0435 \u043f\u0440\u0438\u043a\u0440\u0456\u043f\u043b\u0435\u043d\u043d\u044f \u0434\u043b\u044f \u043f\u0456\u0434\u0442\u0440\u0438\u043c\u043a\u0438 \u0437\u0434\u043e\u0440\u043e\u0432\u043e\u0433\u043e \u0440\u043e\u0441\u0442\u0443 \u0440\u043e\u0441\u043b\u0438\u043d.<\/li>\n<li data-start=\"946\" data-end=\"1324\"><strong data-start=\"1140\" data-end=\"1161\">\u0421\u0430\u0434 \u0456 \u0442\u0435\u043f\u043b\u0438\u0446\u044f<\/strong> - \u0456\u0434\u0435\u0430\u043b\u044c\u043d\u043e \u043f\u0456\u0434\u0445\u043e\u0434\u0438\u0442\u044c \u044f\u043a \u0434\u043b\u044f \u0430\u043c\u0430\u0442\u043e\u0440\u0441\u044c\u043a\u043e\u0433\u043e, \u0442\u0430\u043a \u0456 \u0434\u043b\u044f \u043f\u0440\u043e\u0444\u0435\u0441\u0456\u0439\u043d\u043e\u0433\u043e \u0432\u0438\u043a\u043e\u0440\u0438\u0441\u0442\u0430\u043d\u043d\u044f.<\/li>\n<\/ul>\n<h3 data-start=\"1326\" data-end=\"1367\"><strong data-start=\"1330\" data-end=\"1365\">\u0427\u043e\u043c\u0443 \u0432\u0430\u0440\u0442\u043e \u043e\u0431\u0440\u0430\u0442\u0438 \u0421\u0442\u0435\u0431\u043e\u0444\u0456\u043a\u0441?<\/strong><\/h3>\n<p data-start=\"1368\" data-end=\"1638\" data-is-last-node=\"\" data-is-only-node=\"\">Stebofix - \u0446\u0435 \u0435\u043a\u043e\u043b\u043e\u0433\u0456\u0447\u043d\u0430 \u0430\u043b\u044c\u0442\u0435\u0440\u043d\u0430\u0442\u0438\u0432\u0430 \u043f\u043b\u0430\u0441\u0442\u0438\u043a\u043e\u0432\u0438\u043c \u0441\u0442\u044f\u0436\u043a\u0430\u043c \u0456 \u0434\u0440\u043e\u0442\u0443. \u041f\u0440\u0438\u0440\u043e\u0434\u043d\u0430 \u043c\u0456\u0446\u043d\u0456\u0441\u0442\u044c \u0456 \u043f\u0440\u043e\u0441\u0442\u043e\u0442\u0430 \u0432\u0438\u043a\u043e\u0440\u0438\u0441\u0442\u0430\u043d\u043d\u044f \u0440\u043e\u0431\u043b\u044f\u0442\u044c \u0439\u043e\u0433\u043e \u043d\u0435\u0437\u0430\u043c\u0456\u043d\u043d\u0438\u043c \u043f\u043e\u043c\u0456\u0447\u043d\u0438\u043a\u043e\u043c \u0443 \u0431\u0443\u0434\u044c-\u044f\u043a\u043e\u043c\u0443 \u0441\u0430\u0434\u0443.<\/p>","protected":false},"excerpt":{"rendered":"<p>Stebofix do tyczki bambusowej Stebofix to innowacyjne rozwi\u0105zanie do mocowania ro\u015blin do tyczek bambusowych, ko\u0142k\u00f3w drewnianych. U\u017cywa si\u0119 w prowadzeniu drut\u00f3w naci\u0105gowych. Zadaniem spinki jest przymocowanie pnia drzewa do konstrukcji sadowniczej. Najwa\u017cniejsze cechy: Naturalno\u015b\u0107 \u2013 wykonany z ekologicznych, odnawialnych surowc\u00f3w, bezpieczny dla ro\u015blin. Ekologiczne rozwi\u0105zanie \u2013 biodegradowalny i wielokrotnego u\u017cytku, bez negatywnego wp\u0142ywu na \u015brodowisko. [&hellip;]<\/p>","protected":false},"featured_media":4975,"template":"","meta":{"site-sidebar-layout":"default","site-content-layout":"","ast-site-content-layout":"default","site-content-style":"default","site-sidebar-style":"default","ast-global-header-display":"","ast-banner-title-visibility":"","ast-main-header-display":"","ast-hfb-above-header-display":"","ast-hfb-below-header-display":"","ast-hfb-mobile-header-display":"","site-post-title":"","ast-breadcrumbs-content":"","ast-featured-img":"","footer-sml-layout":"","theme-transparent-header-meta":"default","adv-header-id-meta":"","stick-header-meta":"default","header-above-stick-meta":"","header-main-stick-meta":"","header-below-stick-meta":"","astra-migrate-meta-layouts":"set","ast-page-background-enabled":"default","ast-page-background-meta":{"desktop":{"background-color":"var(--ast-global-color-4)","background-image":"","background-repeat":"repeat","background-position":"center center","background-size":"auto","background-attachment":"scroll","background-type":"","background-media":"","overlay-type":"","overlay-color":"","overlay-opacity":"","overlay-gradient":""},"tablet":{"background-color":"","background-image":"","background-repeat":"repeat","background-position":"center center","background-size":"auto","background-attachment":"scroll","background-type":"","background-media":"","overlay-type":"","overlay-color":"","overlay-opacity":"","overlay-gradient":""},"mobile":{"background-color":"","background-image":"","background-repeat":"repeat","background-position":"center center","background-size":"auto","background-attachment":"scroll","background-type":"","background-media":"","overlay-type":"","overlay-color":"","overlay-opacity":"","overlay-gradient":""}},"ast-content-background-meta":{"desktop":{"background-color":"var(--ast-global-color-5)","background-image":"","background-repeat":"repeat","background-position":"center center","background-size":"auto","background-attachment":"scroll","background-type":"","background-media":"","overlay-type":"","overlay-color":"","overlay-opacity":"","overlay-gradient":""},"tablet":{"background-color":"var(--ast-global-color-5)","background-image":"","background-repeat":"repeat","background-position":"center center","background-size":"auto","background-attachment":"scroll","background-type":"","background-media":"","overlay-type":"","overlay-color":"","overlay-opacity":"","overlay-gradient":""},"mobile":{"background-color":"var(--ast-global-color-5)","background-image":"","background-repeat":"repeat","background-position":"center center","background-size":"auto","background-attachment":"scroll","background-type":"","background-media":"","overlay-type":"","overlay-color":"","overlay-opacity":"","overlay-gradient":""}}},"product_brand":[],"product_cat":[279],"product_tag":[],"class_list":{"0":"post-4981","1":"product","2":"type-product","3":"status-publish","4":"has-post-thumbnail","6":"product_cat-dlugosc-15-cm","7":"desktop-align-left","8":"tablet-align-left","9":"mobile-align-left","10":"ast-product-gallery-layout-horizontal","11":"ast-product-tabs-layout-horizontal","13":"first","14":"instock","15":"shipping-taxable","16":"product-type-simple"},"_links":{"self":[{"href":"https:\/\/wimar.net\/uk\/wp-json\/wp\/v2\/product\/4981","targetHints":{"allow":["GET"]}}],"collection":[{"href":"https:\/\/wimar.net\/uk\/wp-json\/wp\/v2\/product"}],"about":[{"href":"https:\/\/wimar.net\/uk\/wp-json\/wp\/v2\/types\/product"}],"version-history":[{"count":1,"href":"https:\/\/wimar.net\/uk\/wp-json\/wp\/v2\/product\/4981\/revisions"}],"predecessor-version":[{"id":4982,"href":"https:\/\/wimar.net\/uk\/wp-json\/wp\/v2\/product\/4981\/revisions\/4982"}],"wp:featuredmedia":[{"embeddable":true,"href":"https:\/\/wimar.net\/uk\/wp-json\/wp\/v2\/media\/4975"}],"wp:attachment":[{"href":"https:\/\/wimar.net\/uk\/wp-json\/wp\/v2\/media?parent=4981"}],"wp:term":[{"taxonomy":"product_brand","embeddable":true,"href":"https:\/\/wimar.net\/uk\/wp-json\/wp\/v2\/product_brand?post=4981"},{"taxonomy":"product_cat","embeddable":true,"href":"https:\/\/wimar.net\/uk\/wp-json\/wp\/v2\/product_cat?post=4981"},{"taxonomy":"product_tag","embeddable":true,"href":"https:\/\/wimar.net\/uk\/wp-json\/wp\/v2\/product_tag?post=4981"}],"curies":[{"name":"wp","href":"https:\/\/api.w.org\/{rel}","templated":true}]}}