{"id":4994,"date":"2025-03-06T14:29:46","date_gmt":"2025-03-06T13:29:46","guid":{"rendered":"https:\/\/wimar.net\/?post_type=product&#038;p=4994"},"modified":"2025-03-06T14:34:27","modified_gmt":"2025-03-06T13:34:27","slug":"%d0%b2%d0%b5%d1%80%d1%85%d0%bd%d1%8f-%d1%84%d0%be%d0%bb%d1%8c%d0%b3%d0%b0-%d0%b4%d0%bb%d1%8f-%d0%b4%d0%b5%d1%80%d0%b5%d0%b2%d1%8f%d0%bd%d0%be%d1%97-%d0%ba%d0%be%d1%80%d0%be%d0%b1%d0%ba%d0%b8-%d1%83","status":"publish","type":"product","link":"https:\/\/wimar.net\/uk\/product-2\/%d0%b2%d0%b5%d1%80%d1%85%d0%bd%d1%8f-%d1%84%d0%be%d0%bb%d1%8c%d0%b3%d0%b0-%d0%b4%d0%bb%d1%8f-%d0%b4%d0%b5%d1%80%d0%b5%d0%b2%d1%8f%d0%bd%d0%be%d1%97-%d0%ba%d0%be%d1%80%d0%be%d0%b1%d0%ba%d0%b8-%d1%83\/","title":{"rendered":"\u0412\u0435\u0440\u0445\u043d\u044f \u043f\u043b\u0456\u0432\u043a\u0430 \u0434\u043b\u044f \u0434\u0435\u0440\u0435\u0432'\u044f\u043d\u043e\u0433\u043e \u044f\u0449\u0438\u043a\u0430, \u0448\u043a\u0456\u0440\u043a\u0430 BOSS FRUIT \u0447\u043e\u0440\u043d\u0430 \u0437 \u043f\u0440\u0438\u043d\u0442\u043e\u043c"},"content":{"rendered":"<h3 data-start=\"0\" data-end=\"72\"><strong data-start=\"0\" data-end=\"70\">\u041e\u0431\u0433\u043e\u0440\u0442\u043a\u043e\u0432\u0430 \u043f\u043b\u0456\u0432\u043a\u0430 \u0434\u043b\u044f \u043a\u043e\u0440\u043e\u0431\u043e\u043a \u0456 \u043e\u0431\u043e\u043b\u043e\u043d\u043e\u043a<\/strong><\/h3>\n<p data-start=\"74\" data-end=\"376\">\u0424\u043e\u043b\u044c\u0433\u0430 \u0434\u043b\u044f \u0448\u0438\u043d\u043a\u0438 \u0442\u0430 \u0446\u0438\u0431\u0443\u043b\u0456-\u0448\u0430\u043b\u043e\u0442 - \u0446\u0435 \u0432\u0438\u0441\u043e\u043a\u043e\u044f\u043a\u0456\u0441\u043d\u0438\u0439 \u043c\u0430\u0442\u0435\u0440\u0456\u0430\u043b, \u044f\u043a\u0438\u0439 \u0437\u0430\u0431\u0435\u0437\u043f\u0435\u0447\u0443\u0454 \u0447\u0443\u0434\u043e\u0432\u0438\u0439 \u0437\u0430\u0445\u0438\u0441\u0442 \u0442\u0430 \u0435\u0441\u0442\u0435\u0442\u0438\u0447\u043d\u0438\u0439 \u0432\u0438\u0433\u043b\u044f\u0434 \u0433\u043e\u0442\u043e\u0432\u043e\u0457 \u043f\u0440\u043e\u0434\u0443\u043a\u0446\u0456\u0457. \u0417\u0430\u0432\u0434\u044f\u043a\u0438 \u0441\u0432\u043e\u0457\u043c \u0432\u043b\u0430\u0441\u0442\u0438\u0432\u043e\u0441\u0442\u044f\u043c \u0432\u043e\u043d\u0430 \u0437\u0430\u0445\u0438\u0449\u0430\u0454 \u043f\u0440\u043e\u0434\u0443\u043a\u0442 \u0432\u0456\u0434 \u0432\u0438\u0441\u0438\u0445\u0430\u043d\u043d\u044f \u0442\u0430 \u043d\u0435\u0441\u043f\u0440\u0438\u044f\u0442\u043b\u0438\u0432\u043e\u0433\u043e \u0432\u043f\u043b\u0438\u0432\u0443 \u0437\u043e\u0432\u043d\u0456\u0448\u043d\u0456\u0445 \u0444\u0430\u043a\u0442\u043e\u0440\u0456\u0432, \u0432\u043e\u0434\u043d\u043e\u0447\u0430\u0441 \u0434\u043e\u0437\u0432\u043e\u043b\u044f\u044e\u0447\u0438 \u0439\u043e\u043c\u0443 \u0434\u043e\u0437\u0440\u0456\u0432\u0430\u0442\u0438 \u043d\u0430\u043b\u0435\u0436\u043d\u0438\u043c \u0447\u0438\u043d\u043e\u043c.<\/p>\n<h3 data-start=\"378\" data-end=\"408\"><strong data-start=\"382\" data-end=\"406\">\u041e\u0441\u043d\u043e\u0432\u043d\u0456 \u0445\u0430\u0440\u0430\u043a\u0442\u0435\u0440\u0438\u0441\u0442\u0438\u043a\u0438:<\/strong><\/h3>\n<ul>\n<li data-start=\"410\" data-end=\"1103\"><strong data-start=\"412\" data-end=\"434\">\u0417\u0430\u0445\u0438\u0441\u0442 \u0442\u0430 \u0441\u0442\u0430\u043b\u0456\u0441\u0442\u044c<\/strong> - \u0424\u043e\u043b\u044c\u0433\u0430 \u0435\u0444\u0435\u043a\u0442\u0438\u0432\u043d\u043e \u0437\u0430\u0445\u0438\u0449\u0430\u0454 \u0444\u0440\u0443\u043a\u0442\u0438, \u043e\u0432\u043e\u0447\u0456 \u0442\u0430 \u0456\u043d\u0448\u0456 \u043f\u0440\u043e\u0434\u0443\u043a\u0442\u0438 \u0432\u0456\u0434 \u043d\u0435\u0441\u043f\u0440\u0438\u044f\u0442\u043b\u0438\u0432\u043e\u0433\u043e \u0432\u043f\u043b\u0438\u0432\u0443 \u0437\u043e\u0432\u043d\u0456\u0448\u043d\u0456\u0445 \u0444\u0430\u043a\u0442\u043e\u0440\u0456\u0432.<\/li>\n<li data-start=\"410\" data-end=\"1103\"><strong data-start=\"556\" data-end=\"586\">\u041f\u043e\u0432\u0456\u0442\u0440\u043e\u043f\u0440\u043e\u043d\u0438\u043a\u043d\u0456\u0441\u0442\u044c<\/strong> - \u041e\u0441\u043e\u0431\u043b\u0438\u0432\u0430 \u0441\u0442\u0440\u0443\u043a\u0442\u0443\u0440\u0430 \u043f\u043b\u0456\u0432\u043a\u0438 \u0434\u043e\u0437\u0432\u043e\u043b\u044f\u0454 \u043f\u043e\u0432\u0456\u0442\u0440\u044e \u0432\u0456\u043b\u044c\u043d\u043e \u0446\u0438\u0440\u043a\u0443\u043b\u044e\u0432\u0430\u0442\u0438, \u0449\u043e \u0437\u0430\u043f\u043e\u0431\u0456\u0433\u0430\u0454 \u043d\u0430\u043a\u043e\u043f\u0438\u0447\u0435\u043d\u043d\u044e \u0432\u043e\u043b\u043e\u0433\u0438 \u0442\u0430 \u043f\u043e\u0434\u043e\u0432\u0436\u0443\u0454 \u0441\u0432\u0456\u0436\u0456\u0441\u0442\u044c \u043f\u0440\u043e\u0434\u0443\u043a\u0442\u0456\u0432, \u044f\u043a\u0456 \u0437\u0431\u0435\u0440\u0456\u0433\u0430\u044e\u0442\u044c\u0441\u044f.<\/li>\n<li data-start=\"410\" data-end=\"1103\"><strong data-start=\"742\" data-end=\"769\">\u0415\u043a\u043e\u043b\u043e\u0433\u0456\u0447\u043d\u0435 \u0440\u0456\u0448\u0435\u043d\u043d\u044f<\/strong> - \u0414\u043e\u0441\u0442\u0443\u043f\u043d\u0456 \u0432\u0430\u0440\u0456\u0430\u043d\u0442\u0438 \u043f\u043b\u0456\u0432\u043e\u043a, \u0432\u0438\u0433\u043e\u0442\u043e\u0432\u043b\u0435\u043d\u0456 \u0437 \u043c\u0430\u0442\u0435\u0440\u0456\u0430\u043b\u0456\u0432, \u0449\u043e \u043f\u0456\u0434\u043b\u044f\u0433\u0430\u044e\u0442\u044c \u0432\u0442\u043e\u0440\u0438\u043d\u043d\u0456\u0439 \u043f\u0435\u0440\u0435\u0440\u043e\u0431\u0446\u0456, \u0441\u043f\u0440\u0438\u044f\u044e\u0442\u044c \u0441\u0442\u0430\u043b\u043e\u043c\u0443 \u043f\u043e\u0432\u043e\u0434\u0436\u0435\u043d\u043d\u044e \u0437 \u0432\u0456\u0434\u0445\u043e\u0434\u0430\u043c\u0438.<\/li>\n<li data-start=\"410\" data-end=\"1103\"><b>\u0414\u043e\u0432\u0436\u0438\u043d\u0430 <\/b>- 56 \u0441\u043c<\/li>\n<li data-start=\"410\" data-end=\"1103\"><strong>\u0428\u0438\u0440\u0438\u043d\u0430<\/strong> - 36 \u0441\u043c<\/li>\n<\/ul>\n<h3 data-start=\"1105\" data-end=\"1128\"><strong data-start=\"1109\" data-end=\"1126\">\u0417\u0430\u044f\u0432\u043a\u0430:<\/strong><\/h3>\n<ul>\n<li data-start=\"1130\" data-end=\"1666\"><strong data-start=\"1133\" data-end=\"1162\">\u0422\u0440\u0430\u043d\u0441\u043f\u043e\u0440\u0442\u0443\u0432\u0430\u043d\u043d\u044f \u0442\u0430 \u0437\u0431\u0435\u0440\u0456\u0433\u0430\u043d\u043d\u044f<\/strong> - \u0417\u0430\u0445\u0438\u0441\u0442 \u0444\u0440\u0443\u043a\u0442\u0456\u0432, \u043e\u0432\u043e\u0447\u0456\u0432, \u0433\u0440\u0438\u0431\u0456\u0432 \u0442\u0430 \u0456\u043d\u0448\u0438\u0445 \u0445\u0430\u0440\u0447\u043e\u0432\u0438\u0445 \u043f\u0440\u043e\u0434\u0443\u043a\u0442\u0456\u0432 \u043f\u0456\u0434 \u0447\u0430\u0441 \u0442\u0440\u0430\u043d\u0441\u043f\u043e\u0440\u0442\u0443\u0432\u0430\u043d\u043d\u044f \u0442\u0430 \u0437\u0431\u0435\u0440\u0456\u0433\u0430\u043d\u043d\u044f.<\/li>\n<li data-start=\"1130\" data-end=\"1666\"><strong data-start=\"1268\" data-end=\"1316\">\u0417\u0430\u0445\u0438\u0441\u0442 \u0432\u0456\u0434 \u0432\u043e\u043b\u043e\u0433\u0438 \u0442\u0430 \u0431\u0440\u0443\u0434\u0443<\/strong> - \u0406\u0434\u0435\u0430\u043b\u044c\u043d\u043e \u043f\u0456\u0434\u0445\u043e\u0434\u0438\u0442\u044c \u0434\u043b\u044f \u0437\u0430\u0445\u0438\u0441\u0442\u0443 \u0447\u0443\u0442\u043b\u0438\u0432\u0438\u0445 \u043f\u0440\u043e\u0434\u0443\u043a\u0442\u0456\u0432 \u043d\u0430 \u0441\u043a\u043b\u0430\u0434\u0430\u0445 \u0456 \u0432 \u0442\u043e\u0440\u0433\u043e\u0432\u0438\u0445 \u0442\u043e\u0447\u043a\u0430\u0445.<\/li>\n<li data-start=\"1130\" data-end=\"1666\"><strong data-start=\"1399\" data-end=\"1429\">\u041f\u0456\u0434\u0442\u0440\u0438\u043c\u043a\u0430 \u0437\u0431\u0435\u0440\u0456\u0433\u0430\u043d\u043d\u044f \u0434\u0430\u043d\u0438\u0445<\/strong> - \u041f\u043b\u0456\u0432\u043a\u0430 \u043f\u0440\u043e\u0434\u043e\u0432\u0436\u0443\u0454 \u0441\u0432\u0456\u0436\u0456\u0441\u0442\u044c \u0442\u043e\u0432\u0430\u0440\u0443, \u043c\u0456\u043d\u0456\u043c\u0456\u0437\u0443\u044e\u0447\u0438 \u0432\u0442\u0440\u0430\u0442\u0438, \u043f\u043e\u0432'\u044f\u0437\u0430\u043d\u0456 \u0437 \u043d\u0435\u0441\u043f\u0440\u0438\u044f\u0442\u043b\u0438\u0432\u0438\u043c\u0438 \u0443\u043c\u043e\u0432\u0430\u043c\u0438 \u0437\u0431\u0435\u0440\u0456\u0433\u0430\u043d\u043d\u044f.<\/li>\n<\/ul>\n<h3 data-start=\"1668\" data-end=\"1717\"><strong data-start=\"1672\" data-end=\"1715\">\u0427\u043e\u043c\u0443 \u043e\u0431\u0438\u0440\u0430\u0454\u043c\u043e \u043d\u0430\u0439\u043a\u0440\u0430\u0449\u0443 \u043f\u043b\u0456\u0432\u043a\u0443?<\/strong><\/h3>\n<p data-start=\"1719\" data-end=\"2046\" data-is-last-node=\"\" data-is-only-node=\"\">\u0412\u0435\u0440\u0445\u043d\u044f \u043f\u043b\u0456\u0432\u043a\u0430 \u0434\u043b\u044f \u044f\u0449\u0438\u043a\u0456\u0432 \u0442\u0430 \u043a\u043e\u0440\u043e\u0431\u043e\u043a - \u0446\u0435 \u043f\u0440\u0430\u043a\u0442\u0438\u0447\u043d\u0435, \u0435\u043a\u043e\u043d\u043e\u043c\u0456\u0447\u043d\u0435 \u0442\u0430 \u0435\u043a\u043e\u043b\u043e\u0433\u0456\u0447\u043d\u0435 \u0440\u0456\u0448\u0435\u043d\u043d\u044f, \u044f\u043a\u0435 \u043f\u043e\u043b\u0435\u0433\u0448\u0443\u0454 \u0442\u0440\u0430\u043d\u0441\u043f\u043e\u0440\u0442\u0443\u0432\u0430\u043d\u043d\u044f, \u0437\u0431\u0435\u0440\u0456\u0433\u0430\u043d\u043d\u044f \u0442\u0430 \u0437\u0430\u0445\u0438\u0441\u0442 \u043f\u0440\u043e\u0434\u0443\u043a\u0446\u0456\u0457. \u0417\u0430\u0432\u0434\u044f\u043a\u0438 \u0457\u0457 \u0432\u043b\u0430\u0441\u0442\u0438\u0432\u043e\u0441\u0442\u044f\u043c \u0442\u043e\u0432\u0430\u0440\u0438 \u043c\u043e\u0436\u043d\u0430 \u0435\u0444\u0435\u043a\u0442\u0438\u0432\u043d\u043e \u0437\u0430\u0445\u0438\u0441\u0442\u0438\u0442\u0438 \u0432\u0456\u0434 \u0437\u0430\u0431\u0440\u0443\u0434\u043d\u0435\u043d\u043d\u044f \u0442\u0430 \u0430\u0442\u043c\u043e\u0441\u0444\u0435\u0440\u043d\u0438\u0445 \u0447\u0438\u043d\u043d\u0438\u043a\u0456\u0432, \u0432\u043e\u0434\u043d\u043e\u0447\u0430\u0441 \u0437\u0430\u0431\u0435\u0437\u043f\u0435\u0447\u0443\u044e\u0447\u0438 \u043d\u0430\u043b\u0435\u0436\u043d\u0443 \u0432\u0435\u043d\u0442\u0438\u043b\u044f\u0446\u0456\u044e.<\/p>","protected":false},"excerpt":{"rendered":"<p>Folia wierzchnia do skrzynek i \u0142uszczek Folia wierzchnia do szynek i \u0142uszczek to wysokiej jako\u015bci materia\u0142, kt\u00f3ry zapewnia doskona\u0142\u0105 ochron\u0119 oraz estetyczny wygl\u0105d gotowych wyrob\u00f3w. Dzi\u0119ki swoim w\u0142a\u015bciwo\u015bciom chroni produkt przed wysychaniem i niekorzystnym wp\u0142ywem czynnik\u00f3w zewn\u0119trznych, jednocze\u015bnie umo\u017cliwiaj\u0105c jego prawid\u0142owe dojrzewanie. Najwa\u017cniejsze cechy: Ochrona i trwa\u0142o\u015b\u0107 \u2013 Folia skutecznie zabezpiecza owoce, warzywa oraz inne [&hellip;]<\/p>","protected":false},"featured_media":4996,"template":"","meta":{"site-sidebar-layout":"default","site-content-layout":"","ast-site-content-layout":"default","site-content-style":"default","site-sidebar-style":"default","ast-global-header-display":"","ast-banner-title-visibility":"","ast-main-header-display":"","ast-hfb-above-header-display":"","ast-hfb-below-header-display":"","ast-hfb-mobile-header-display":"","site-post-title":"","ast-breadcrumbs-content":"","ast-featured-img":"","footer-sml-layout":"","theme-transparent-header-meta":"default","adv-header-id-meta":"","stick-header-meta":"default","header-above-stick-meta":"","header-main-stick-meta":"","header-below-stick-meta":"","astra-migrate-meta-layouts":"set","ast-page-background-enabled":"default","ast-page-background-meta":{"desktop":{"background-color":"var(--ast-global-color-4)","background-image":"","background-repeat":"repeat","background-position":"center center","background-size":"auto","background-attachment":"scroll","background-type":"","background-media":"","overlay-type":"","overlay-color":"","overlay-opacity":"","overlay-gradient":""},"tablet":{"background-color":"","background-image":"","background-repeat":"repeat","background-position":"center center","background-size":"auto","background-attachment":"scroll","background-type":"","background-media":"","overlay-type":"","overlay-color":"","overlay-opacity":"","overlay-gradient":""},"mobile":{"background-color":"","background-image":"","background-repeat":"repeat","background-position":"center center","background-size":"auto","background-attachment":"scroll","background-type":"","background-media":"","overlay-type":"","overlay-color":"","overlay-opacity":"","overlay-gradient":""}},"ast-content-background-meta":{"desktop":{"background-color":"var(--ast-global-color-5)","background-image":"","background-repeat":"repeat","background-position":"center center","background-size":"auto","background-attachment":"scroll","background-type":"","background-media":"","overlay-type":"","overlay-color":"","overlay-opacity":"","overlay-gradient":""},"tablet":{"background-color":"var(--ast-global-color-5)","background-image":"","background-repeat":"repeat","background-position":"center center","background-size":"auto","background-attachment":"scroll","background-type":"","background-media":"","overlay-type":"","overlay-color":"","overlay-opacity":"","overlay-gradient":""},"mobile":{"background-color":"var(--ast-global-color-5)","background-image":"","background-repeat":"repeat","background-position":"center center","background-size":"auto","background-attachment":"scroll","background-type":"","background-media":"","overlay-type":"","overlay-color":"","overlay-opacity":"","overlay-gradient":""}}},"product_brand":[],"product_cat":[405],"product_tag":[],"class_list":{"0":"post-4994","1":"product","2":"type-product","3":"status-publish","4":"has-post-thumbnail","6":"product_cat-folia-wierzchnia-boss-fruit","7":"desktop-align-left","8":"tablet-align-left","9":"mobile-align-left","10":"ast-product-gallery-layout-horizontal","11":"ast-product-tabs-layout-horizontal","13":"first","14":"instock","15":"shipping-taxable","16":"product-type-simple"},"_links":{"self":[{"href":"https:\/\/wimar.net\/uk\/wp-json\/wp\/v2\/product\/4994","targetHints":{"allow":["GET"]}}],"collection":[{"href":"https:\/\/wimar.net\/uk\/wp-json\/wp\/v2\/product"}],"about":[{"href":"https:\/\/wimar.net\/uk\/wp-json\/wp\/v2\/types\/product"}],"version-history":[{"count":2,"href":"https:\/\/wimar.net\/uk\/wp-json\/wp\/v2\/product\/4994\/revisions"}],"predecessor-version":[{"id":7342,"href":"https:\/\/wimar.net\/uk\/wp-json\/wp\/v2\/product\/4994\/revisions\/7342"}],"wp:featuredmedia":[{"embeddable":true,"href":"https:\/\/wimar.net\/uk\/wp-json\/wp\/v2\/media\/4996"}],"wp:attachment":[{"href":"https:\/\/wimar.net\/uk\/wp-json\/wp\/v2\/media?parent=4994"}],"wp:term":[{"taxonomy":"product_brand","embeddable":true,"href":"https:\/\/wimar.net\/uk\/wp-json\/wp\/v2\/product_brand?post=4994"},{"taxonomy":"product_cat","embeddable":true,"href":"https:\/\/wimar.net\/uk\/wp-json\/wp\/v2\/product_cat?post=4994"},{"taxonomy":"product_tag","embeddable":true,"href":"https:\/\/wimar.net\/uk\/wp-json\/wp\/v2\/product_tag?post=4994"}],"curies":[{"name":"wp","href":"https:\/\/api.w.org\/{rel}","templated":true}]}}