{"id":5035,"date":"2025-03-10T11:22:23","date_gmt":"2025-03-10T10:22:23","guid":{"rendered":"https:\/\/wimar.net\/?post_type=product&#038;p=5035"},"modified":"2025-12-18T14:50:37","modified_gmt":"2025-12-18T13:50:37","slug":"%d0%bf%d0%bb%d0%b0%d1%81%d1%82%d0%b8%d0%ba%d0%be%d0%b2%d0%b8%d0%b9-%d1%8f%d1%89%d0%b8%d0%ba-%d0%bb%d0%b0%d0%b7%d1%83%d1%80%d0%bd%d0%be-%d0%b7%d0%b5%d0%bb%d0%b5%d0%bd%d0%b8%d0%b9-690%d0%bb","status":"publish","type":"product","link":"https:\/\/wimar.net\/uk\/product-2\/%d0%bf%d0%bb%d0%b0%d1%81%d1%82%d0%b8%d0%ba%d0%be%d0%b2%d0%b8%d0%b9-%d1%8f%d1%89%d0%b8%d0%ba-%d0%bb%d0%b0%d0%b7%d1%83%d1%80%d0%bd%d0%be-%d0%b7%d0%b5%d0%bb%d0%b5%d0%bd%d0%b8%d0%b9-690%d0%bb\/","title":{"rendered":"\u041f\u043b\u0430\u0441\u0442\u0438\u043a\u043e\u0432\u0438\u0439 \u0430\u0436\u0443\u0440\u043d\u0438\u0439 \u043f\u0456\u0434\u0434\u043e\u043d, \u0437\u0435\u043b\u0435\u043d\u0438\u0439 690 \u043b"},"content":{"rendered":"<h3 data-start=\"0\" data-end=\"105\"><strong data-start=\"0\" data-end=\"103\">Skrzyniopalety plastikowe a\u017curowe do przechowywania i transportu<\/strong><\/h3>\n<p data-start=\"108\" data-end=\"441\">\u0410\u0436\u0443\u0440\u043d\u0456 \u043f\u043b\u0430\u0441\u0442\u0438\u043a\u043e\u0432\u0456 \u044f\u0449\u0438\u043a\u0438 - \u0446\u0435 \u043c\u0456\u0446\u043d\u0430 \u0442\u0430\u0440\u0430, \u044f\u043a\u0430 \u0437\u0430\u0432\u0434\u044f\u043a\u0438 \u0441\u0432\u043e\u0457\u0439 \u043a\u043e\u043d\u0441\u0442\u0440\u0443\u043a\u0446\u0456\u0457 \u0437\u0430\u0431\u0435\u0437\u043f\u0435\u0447\u0443\u0454 \u0432\u0456\u043b\u044c\u043d\u0438\u0439 \u0434\u043e\u0441\u0442\u0443\u043f \u043f\u043e\u0432\u0456\u0442\u0440\u044f. \u0412\u043e\u043d\u0438 \u0456\u0434\u0435\u0430\u043b\u044c\u043d\u043e \u043f\u0456\u0434\u0445\u043e\u0434\u044f\u0442\u044c \u0434\u043b\u044f \u0432\u0438\u043a\u043e\u0440\u0438\u0441\u0442\u0430\u043d\u043d\u044f \u0432 \u0445\u0430\u0440\u0447\u043e\u0432\u0456\u0439, \u0441\u0456\u043b\u044c\u0441\u044c\u043a\u043e\u0433\u043e\u0441\u043f\u043e\u0434\u0430\u0440\u0441\u044c\u043a\u0456\u0439 \u0442\u0430 \u043b\u043e\u0433\u0456\u0441\u0442\u0438\u0447\u043d\u0456\u0439 \u0433\u0430\u043b\u0443\u0437\u044f\u0445, \u0437\u0430\u0431\u0435\u0437\u043f\u0435\u0447\u0443\u044e\u0447\u0438 \u0431\u0435\u0437\u043f\u0435\u0447\u043d\u0435 \u0437\u0431\u0435\u0440\u0456\u0433\u0430\u043d\u043d\u044f \u0456 \u0442\u0440\u0430\u043d\u0441\u043f\u043e\u0440\u0442\u0443\u0432\u0430\u043d\u043d\u044f \u0442\u0430\u043a\u0438\u0445 \u043f\u0440\u043e\u0434\u0443\u043a\u0442\u0456\u0432, \u044f\u043a \u043e\u0432\u043e\u0447\u0456, \u0444\u0440\u0443\u043a\u0442\u0438 \u0442\u0430 \u0456\u043d\u0448\u0456 \u0442\u043e\u0432\u0430\u0440\u0438, \u0449\u043e \u043f\u043e\u0442\u0440\u0435\u0431\u0443\u044e\u0442\u044c \u0432\u0435\u043d\u0442\u0438\u043b\u044f\u0446\u0456\u0457.<\/p>\n<h3 data-start=\"443\" data-end=\"473\"><strong data-start=\"447\" data-end=\"471\">\u041e\u0441\u043d\u043e\u0432\u043d\u0456 \u0445\u0430\u0440\u0430\u043a\u0442\u0435\u0440\u0438\u0441\u0442\u0438\u043a\u0438:<\/strong><\/h3>\n<ul>\n<li data-start=\"475\" data-end=\"1256\"><strong data-start=\"477\" data-end=\"493\">\u041d\u0430\u0434\u0456\u0439\u043d\u0456\u0441\u0442\u044c<\/strong> - \u0412\u0438\u0433\u043e\u0442\u043e\u0432\u043b\u0435\u043d\u0438\u0439 \u0437 \u0432\u0438\u0441\u043e\u043a\u043e\u044f\u043a\u0456\u0441\u043d\u043e\u0433\u043e \u043f\u043b\u0430\u0441\u0442\u0438\u043a\u0443, \u0441\u0442\u0456\u0439\u043a\u043e\u0433\u043e \u0434\u043e \u043c\u0435\u0445\u0430\u043d\u0456\u0447\u043d\u0438\u0445 \u043f\u043e\u0448\u043a\u043e\u0434\u0436\u0435\u043d\u044c \u0456 \u043f\u043e\u0433\u043e\u0434\u043d\u0438\u0445 \u0443\u043c\u043e\u0432.<\/li>\n<li data-start=\"475\" data-end=\"1256\"><strong data-start=\"613\" data-end=\"627\">\u0412\u0435\u043d\u0442\u0438\u043b\u044f\u0446\u0456\u044f<\/strong> - \u0410\u0436\u0443\u0440\u043d\u0430 \u043a\u043e\u043d\u0441\u0442\u0440\u0443\u043a\u0446\u0456\u044f \u0437\u0430\u0431\u0435\u0437\u043f\u0435\u0447\u0443\u0454 \u043e\u043f\u0442\u0438\u043c\u0430\u043b\u044c\u043d\u0443 \u0446\u0438\u0440\u043a\u0443\u043b\u044f\u0446\u0456\u044e \u043f\u043e\u0432\u0456\u0442\u0440\u044f, \u0449\u043e \u0434\u043e\u043f\u043e\u043c\u0430\u0433\u0430\u0454 \u0437\u0431\u0435\u0440\u0456\u0433\u0430\u0442\u0438 \u043f\u0440\u043e\u0434\u0443\u043a\u0442\u0438 \u0441\u0432\u0456\u0436\u0438\u043c\u0438.<\/li>\n<li data-start=\"475\" data-end=\"1256\"><strong data-start=\"734\" data-end=\"765\">\u0421\u0442\u0456\u0439\u043a\u0456\u0441\u0442\u044c \u0434\u043e \u0432\u043e\u043b\u043e\u0433\u0438 \u0442\u0430 \u043f\u043b\u0456\u0441\u043d\u044f\u0432\u0438<\/strong> - \u041d\u0430 \u0432\u0456\u0434\u043c\u0456\u043d\u0443 \u0432\u0456\u0434 \u0434\u0435\u0440\u0435\u0432'\u044f\u043d\u0438\u0445 \u043a\u043e\u043d\u0442\u0435\u0439\u043d\u0435\u0440\u0456\u0432, \u0432\u043e\u043d\u0438 \u043d\u0435 \u0432\u0431\u0438\u0440\u0430\u044e\u0442\u044c \u0432\u043e\u043b\u043e\u0433\u0443, \u0449\u043e \u0437\u0430\u043f\u043e\u0431\u0456\u0433\u0430\u0454 \u043f\u043e\u044f\u0432\u0456 \u043f\u043b\u0456\u0441\u043d\u044f\u0432\u0438 \u0442\u0430 \u0433\u043d\u0438\u0442\u0442\u044f.<\/li>\n<li data-start=\"475\" data-end=\"1256\"><strong data-start=\"878\" data-end=\"903\">\u041b\u0435\u0433\u043a\u043e \u0447\u0438\u0441\u0442\u0438\u0442\u044c\u0441\u044f<\/strong> - \u0407\u0445 \u043c\u043e\u0436\u043d\u0430 \u043c\u0438\u0442\u0438 \u0442\u0430 \u0434\u0435\u0437\u0456\u043d\u0444\u0456\u043a\u0443\u0432\u0430\u0442\u0438, \u0437\u0430\u0432\u0434\u044f\u043a\u0438 \u0447\u043e\u043c\u0443 \u0432\u043e\u043d\u0438 \u0432\u0456\u0434\u043f\u043e\u0432\u0456\u0434\u0430\u044e\u0442\u044c \u0433\u0456\u0433\u0456\u0454\u043d\u0456\u0447\u043d\u0438\u043c \u0441\u0442\u0430\u043d\u0434\u0430\u0440\u0442\u0430\u043c, \u0449\u043e \u0432\u0438\u043c\u0430\u0433\u0430\u044e\u0442\u044c\u0441\u044f \u0432 \u0445\u0430\u0440\u0447\u043e\u0432\u0456\u0439 \u043f\u0440\u043e\u043c\u0438\u0441\u043b\u043e\u0432\u043e\u0441\u0442\u0456.<\/li>\n<li data-start=\"475\" data-end=\"1256\"><strong data-start=\"1016\" data-end=\"1043\">\u041c\u043e\u0434\u0443\u043b\u044c\u043d\u0456\u0441\u0442\u044c \u0456 \u0441\u0442\u0430\u0431\u0456\u043b\u044c\u043d\u0456\u0441\u0442\u044c<\/strong> - \u041c\u043e\u0436\u043b\u0438\u0432\u0456\u0441\u0442\u044c \u0448\u0442\u0430\u0431\u0435\u043b\u044e\u0432\u0430\u043d\u043d\u044f \u0434\u043e\u0437\u0432\u043e\u043b\u044f\u0454 \u0435\u0444\u0435\u043a\u0442\u0438\u0432\u043d\u043e \u0432\u0438\u043a\u043e\u0440\u0438\u0441\u0442\u043e\u0432\u0443\u0432\u0430\u0442\u0438 \u043f\u0440\u043e\u0441\u0442\u0456\u0440 \u0434\u043b\u044f \u0437\u0431\u0435\u0440\u0456\u0433\u0430\u043d\u043d\u044f \u0456 \u0442\u0440\u0430\u043d\u0441\u043f\u043e\u0440\u0442\u0443\u0432\u0430\u043d\u043d\u044f.<\/li>\n<li data-start=\"475\" data-end=\"1256\"><strong data-start=\"1149\" data-end=\"1166\">\u0415\u043a\u043e\u043b\u043e\u0433\u0456\u0447\u043d\u0456\u0441\u0442\u044c<\/strong> - \u041f\u0440\u0438\u0434\u0430\u0442\u043d\u0456 \u0434\u043b\u044f \u0431\u0430\u0433\u0430\u0442\u043e\u0440\u0430\u0437\u043e\u0432\u043e\u0433\u043e \u0432\u0438\u043a\u043e\u0440\u0438\u0441\u0442\u0430\u043d\u043d\u044f, \u0432\u043e\u043d\u0438 \u043f\u0456\u0434\u0434\u0430\u044e\u0442\u044c\u0441\u044f \u043f\u0435\u0440\u0435\u0440\u043e\u0431\u0446\u0456, \u0449\u043e \u0437\u043c\u0435\u043d\u0448\u0443\u0454 \u0457\u0445\u043d\u0456\u0439 \u0432\u043f\u043b\u0438\u0432 \u043d\u0430 \u043d\u0430\u0432\u043a\u043e\u043b\u0438\u0448\u043d\u0454 \u0441\u0435\u0440\u0435\u0434\u043e\u0432\u0438\u0449\u0435.<\/li>\n<li><strong>\u041f\u043e\u043b\u0435\u0433\u0448\u0435\u043d\u043d\u044f \u0437\u043b\u0438\u0432\u0443 \u0432\u043e\u0434\u0438<\/strong> \u043f\u0456\u0434'\u0457\u0437\u0434 \u043d\u0430\u0432\u0430\u043d\u0442\u0430\u0436\u0443\u0432\u0430\u0447\u0430 \u0437 4-\u0445 \u0441\u0442\u043e\u0440\u0456\u043d \u043a\u0443\u0437\u043e\u0432\u0430.<\/li>\n<li data-start=\"500\" data-end=\"1284\"><strong>\u0414\u043e\u0441\u0442\u0443\u043f\u043d\u0456 \u0442\u0438\u043f\u0438<\/strong> - \u043d\u0430 \u043d\u043e\u0433\u0430\u0445, \u043d\u0430 2 \u0430\u0431\u043e 3 \u043f\u043e\u043b\u043e\u0437\u0430\u0445<\/li>\n<li data-start=\"500\" data-end=\"1284\"><strong>\u0404\u043c\u043d\u0456\u0441\u0442\u044c<\/strong> - 690 l<\/li>\n<li data-start=\"500\" data-end=\"1284\"><strong>\u0420\u043e\u0437\u043c\u0456\u0440\u0438<\/strong> - 1200 x 1000 x 785 \u043c\u043c<\/li>\n<li data-start=\"500\" data-end=\"1284\"><strong>\u041c\u0430\u043a\u0441\u0438\u043c\u0430\u043b\u044c\u043d\u0435 \u043d\u0430\u0432\u0430\u043d\u0442\u0430\u0436\u0435\u043d\u043d\u044f<\/strong> - 500 \u043a\u0433<\/li>\n<\/ul>\n<h3 data-start=\"1258\" data-end=\"1281\"><strong data-start=\"1262\" data-end=\"1279\">\u0417\u0430\u044f\u0432\u043a\u0430:<\/strong><\/h3>\n<ul>\n<li data-start=\"1283\" data-end=\"1833\"><strong data-start=\"1286\" data-end=\"1317\">\u041f\u0440\u043e\u0434\u043e\u0432\u043e\u043b\u044c\u0447\u0438\u0439 \u0442\u0430 \u0441\u0456\u043b\u044c\u0441\u044c\u043a\u043e\u0433\u043e\u0441\u043f\u043e\u0434\u0430\u0440\u0441\u044c\u043a\u0438\u0439 \u0441\u0435\u043a\u0442\u043e\u0440<\/strong> - \u0406\u0434\u0435\u0430\u043b\u044c\u043d\u043e \u043f\u0456\u0434\u0445\u043e\u0434\u0438\u0442\u044c \u0434\u043b\u044f \u0437\u0431\u0435\u0440\u0456\u0433\u0430\u043d\u043d\u044f \u0456 \u0442\u0440\u0430\u043d\u0441\u043f\u043e\u0440\u0442\u0443\u0432\u0430\u043d\u043d\u044f \u043e\u0432\u043e\u0447\u0456\u0432, \u0444\u0440\u0443\u043a\u0442\u0456\u0432, \u0433\u043e\u0440\u0456\u0445\u0456\u0432 \u0430\u0431\u043e \u0433\u0440\u0438\u0431\u0456\u0432.<\/li>\n<li data-start=\"1283\" data-end=\"1833\"><strong data-start=\"1402\" data-end=\"1431\">\u0421\u043a\u043b\u0430\u0434\u0443\u0432\u0430\u043d\u043d\u044f \u0442\u0430 \u043b\u043e\u0433\u0456\u0441\u0442\u0438\u043a\u0430<\/strong> - \u0412\u0438\u043a\u043e\u0440\u0438\u0441\u0442\u043e\u0432\u0443\u0454\u0442\u044c\u0441\u044f \u0432 \u0440\u043e\u0437\u043f\u043e\u0434\u0456\u043b\u044c\u0447\u0438\u0445 \u0446\u0435\u043d\u0442\u0440\u0430\u0445 \u0456 \u043d\u0430 \u043f\u0435\u0440\u0435\u0440\u043e\u0431\u043d\u0438\u0445 \u043f\u0456\u0434\u043f\u0440\u0438\u0454\u043c\u0441\u0442\u0432\u0430\u0445.<\/li>\n<li data-start=\"1283\" data-end=\"1833\"><strong data-start=\"1511\" data-end=\"1550\">\u0424\u0430\u0440\u043c\u0430\u0446\u0435\u0432\u0442\u0438\u0447\u043d\u0430 \u0442\u0430 \u0445\u0456\u043c\u0456\u0447\u043d\u0430 \u043f\u0440\u043e\u043c\u0438\u0441\u043b\u043e\u0432\u0456\u0441\u0442\u044c<\/strong> - \u0412\u043e\u043d\u0438 \u043f\u0456\u0434\u0445\u043e\u0434\u044f\u0442\u044c \u0434\u043b\u044f \u0437\u0431\u0435\u0440\u0456\u0433\u0430\u043d\u043d\u044f \u043c\u0430\u0442\u0435\u0440\u0456\u0430\u043b\u0456\u0432, \u0449\u043e \u0432\u0438\u043c\u0430\u0433\u0430\u044e\u0442\u044c \u0433\u0456\u0433\u0456\u0454\u043d\u0456\u0447\u043d\u0438\u0445 \u0443\u043c\u043e\u0432.<\/li>\n<li data-start=\"1283\" data-end=\"1833\"><strong data-start=\"1635\" data-end=\"1670\">\u041f\u0435\u0440\u0435\u0440\u043e\u0431\u043a\u0430 \u0442\u0430 \u0443\u0442\u0438\u043b\u0456\u0437\u0430\u0446\u0456\u044f \u0432\u0456\u0434\u0445\u043e\u0434\u0456\u0432<\/strong> - \u0412\u0438\u043a\u043e\u0440\u0438\u0441\u0442\u043e\u0432\u0443\u0454\u0442\u044c\u0441\u044f \u0434\u043b\u044f \u0441\u043e\u0440\u0442\u0443\u0432\u0430\u043d\u043d\u044f \u0442\u0430 \u0442\u0440\u0430\u043d\u0441\u043f\u043e\u0440\u0442\u0443\u0432\u0430\u043d\u043d\u044f \u043c\u0430\u0442\u0435\u0440\u0456\u0430\u043b\u0456\u0432, \u0449\u043e \u043f\u0456\u0434\u043b\u044f\u0433\u0430\u044e\u0442\u044c \u0432\u0442\u043e\u0440\u0438\u043d\u043d\u0456\u0439 \u043f\u0435\u0440\u0435\u0440\u043e\u0431\u0446\u0456.<\/li>\n<li data-start=\"1283\" data-end=\"1833\"><strong data-start=\"1732\" data-end=\"1773\">\u0417\u0431\u0435\u0440\u0456\u0433\u0430\u043d\u043d\u044f \u0456\u043d\u0441\u0442\u0440\u0443\u043c\u0435\u043d\u0442\u0456\u0432 \u0456 \u043a\u043e\u043c\u043f\u043e\u043d\u0435\u043d\u0442\u0456\u0432<\/strong> - \u0423 \u043c\u0430\u0439\u0441\u0442\u0435\u0440\u043d\u044f\u0445, \u0441\u043a\u043b\u0430\u0434\u0430\u0445 \u0456 \u0432\u0438\u0440\u043e\u0431\u043d\u0438\u0447\u0438\u0445 \u043f\u0440\u0438\u043c\u0456\u0449\u0435\u043d\u043d\u044f\u0445.<\/li>\n<\/ul>\n<h3 data-start=\"1835\" data-end=\"1901\"><strong data-start=\"1839\" data-end=\"1899\">\u0427\u043e\u043c\u0443 \u0432\u0430\u0440\u0442\u043e \u043e\u0431\u0438\u0440\u0430\u0442\u0438 \u0430\u0436\u0443\u0440\u043d\u0456 \u043f\u043b\u0430\u0441\u0442\u0438\u043a\u043e\u0432\u0456 \u044f\u0449\u0438\u043a\u0438?<\/strong><\/h3>\n<p data-start=\"1903\" data-end=\"2348\" data-is-last-node=\"\" data-is-only-node=\"\">\u0410\u0436\u0443\u0440\u043d\u0456 \u043f\u043b\u0430\u0441\u0442\u0438\u043a\u043e\u0432\u0456 \u044f\u0449\u0438\u043a\u0438 - \u0441\u0443\u0447\u0430\u0441\u043d\u0430 \u0430\u043b\u044c\u0442\u0435\u0440\u043d\u0430\u0442\u0438\u0432\u0430 \u0434\u0435\u0440\u0435\u0432'\u044f\u043d\u0456\u0439 \u0442\u0430\u0440\u0456. \u0412\u043e\u043d\u0438 \u043b\u0435\u0433\u043a\u0456, \u043c\u0456\u0446\u043d\u0456 \u0442\u0430 \u0441\u0442\u0456\u0439\u043a\u0456 \u0434\u043e \u0437\u043e\u0432\u043d\u0456\u0448\u043d\u0456\u0445 \u0444\u0430\u043a\u0442\u043e\u0440\u0456\u0432. \u0417\u0430\u0432\u0434\u044f\u043a\u0438 \u043c\u043e\u0436\u043b\u0438\u0432\u043e\u0441\u0442\u0456 \u0431\u0430\u0433\u0430\u0442\u043e\u0440\u0430\u0437\u043e\u0432\u043e\u0433\u043e \u0432\u0438\u043a\u043e\u0440\u0438\u0441\u0442\u0430\u043d\u043d\u044f \u0442\u0430 \u043f\u0435\u0440\u0435\u0440\u043e\u0431\u043a\u0438, \u0432\u043e\u043d\u0438 \u0454 \u0435\u043a\u043e\u043d\u043e\u043c\u0456\u0447\u043d\u0438\u043c \u0442\u0430 \u0435\u043a\u043e\u043b\u043e\u0433\u0456\u0447\u043d\u0438\u043c \u0440\u0456\u0448\u0435\u043d\u043d\u044f\u043c \u0434\u043b\u044f \u0440\u0456\u0437\u043d\u0438\u0445 \u0433\u0430\u043b\u0443\u0437\u0435\u0439 \u043f\u0440\u043e\u043c\u0438\u0441\u043b\u043e\u0432\u043e\u0441\u0442\u0456. \u0423\u043d\u0456\u0432\u0435\u0440\u0441\u0430\u043b\u044c\u043d\u0456\u0441\u0442\u044c \u0456 \u043b\u0435\u0433\u043a\u0456\u0441\u0442\u044c \u043e\u0447\u0438\u0449\u0435\u043d\u043d\u044f \u0440\u043e\u0431\u043b\u044f\u0442\u044c \u0457\u0445 \u0456\u0434\u0435\u0430\u043b\u044c\u043d\u0438\u043c \u0432\u0438\u0431\u043e\u0440\u043e\u043c \u0434\u043b\u044f \u043a\u043e\u043c\u043f\u0430\u043d\u0456\u0439, \u044f\u043a\u0456 \u0448\u0443\u043a\u0430\u044e\u0442\u044c \u0434\u043e\u0432\u0433\u043e\u0432\u0456\u0447\u043d\u0456 \u0442\u0430 \u0433\u0456\u0433\u0456\u0454\u043d\u0456\u0447\u043d\u0456 \u043a\u043e\u043d\u0442\u0435\u0439\u043d\u0435\u0440\u0438 \u0434\u043b\u044f \u0437\u0431\u0435\u0440\u0456\u0433\u0430\u043d\u043d\u044f \u0456 \u0442\u0440\u0430\u043d\u0441\u043f\u043e\u0440\u0442\u0443\u0432\u0430\u043d\u043d\u044f.<\/p>","protected":false},"excerpt":{"rendered":"<p>Skrzyniopalety plastikowe a\u017curowe do przechowywania i transportu Skrzyniopalety plastikowe a\u017curowe to wytrzyma\u0142e pojemniki, kt\u00f3re dzi\u0119ki swojej konstrukcji zapewniaj\u0105 swobodny przep\u0142yw powietrza. Doskonale sprawdzaj\u0105 si\u0119 w bran\u017cy spo\u017cywczej, rolniczej i logistycznej, umo\u017cliwiaj\u0105c bezpieczne przechowywanie oraz transport produkt\u00f3w takich jak warzywa, owoce czy inne towary wymagaj\u0105ce wentylacji. Najwa\u017cniejsze cechy: Wytrzyma\u0142o\u015b\u0107 \u2013 Wykonane z wysokiej jako\u015bci tworzywa sztucznego [&hellip;]<\/p>","protected":false},"featured_media":5040,"template":"","meta":{"site-sidebar-layout":"default","site-content-layout":"","ast-site-content-layout":"default","site-content-style":"default","site-sidebar-style":"default","ast-global-header-display":"","ast-banner-title-visibility":"","ast-main-header-display":"","ast-hfb-above-header-display":"","ast-hfb-below-header-display":"","ast-hfb-mobile-header-display":"","site-post-title":"","ast-breadcrumbs-content":"","ast-featured-img":"","footer-sml-layout":"","theme-transparent-header-meta":"default","adv-header-id-meta":"","stick-header-meta":"default","header-above-stick-meta":"","header-main-stick-meta":"","header-below-stick-meta":"","astra-migrate-meta-layouts":"set","ast-page-background-enabled":"default","ast-page-background-meta":{"desktop":{"background-color":"var(--ast-global-color-4)","background-image":"","background-repeat":"repeat","background-position":"center center","background-size":"auto","background-attachment":"scroll","background-type":"","background-media":"","overlay-type":"","overlay-color":"","overlay-opacity":"","overlay-gradient":""},"tablet":{"background-color":"","background-image":"","background-repeat":"repeat","background-position":"center center","background-size":"auto","background-attachment":"scroll","background-type":"","background-media":"","overlay-type":"","overlay-color":"","overlay-opacity":"","overlay-gradient":""},"mobile":{"background-color":"","background-image":"","background-repeat":"repeat","background-position":"center center","background-size":"auto","background-attachment":"scroll","background-type":"","background-media":"","overlay-type":"","overlay-color":"","overlay-opacity":"","overlay-gradient":""}},"ast-content-background-meta":{"desktop":{"background-color":"var(--ast-global-color-5)","background-image":"","background-repeat":"repeat","background-position":"center center","background-size":"auto","background-attachment":"scroll","background-type":"","background-media":"","overlay-type":"","overlay-color":"","overlay-opacity":"","overlay-gradient":""},"tablet":{"background-color":"var(--ast-global-color-5)","background-image":"","background-repeat":"repeat","background-position":"center center","background-size":"auto","background-attachment":"scroll","background-type":"","background-media":"","overlay-type":"","overlay-color":"","overlay-opacity":"","overlay-gradient":""},"mobile":{"background-color":"var(--ast-global-color-5)","background-image":"","background-repeat":"repeat","background-position":"center center","background-size":"auto","background-attachment":"scroll","background-type":"","background-media":"","overlay-type":"","overlay-color":"","overlay-opacity":"","overlay-gradient":""}}},"product_brand":[],"product_cat":[417],"product_tag":[],"class_list":{"0":"post-5035","1":"product","2":"type-product","3":"status-publish","4":"has-post-thumbnail","6":"product_cat-plastikowe-azurowe","7":"desktop-align-left","8":"tablet-align-left","9":"mobile-align-left","10":"ast-product-gallery-layout-horizontal","11":"ast-product-tabs-layout-horizontal","13":"first","14":"instock","15":"shipping-taxable","16":"product-type-simple"},"_links":{"self":[{"href":"https:\/\/wimar.net\/uk\/wp-json\/wp\/v2\/product\/5035","targetHints":{"allow":["GET"]}}],"collection":[{"href":"https:\/\/wimar.net\/uk\/wp-json\/wp\/v2\/product"}],"about":[{"href":"https:\/\/wimar.net\/uk\/wp-json\/wp\/v2\/types\/product"}],"version-history":[{"count":2,"href":"https:\/\/wimar.net\/uk\/wp-json\/wp\/v2\/product\/5035\/revisions"}],"predecessor-version":[{"id":7339,"href":"https:\/\/wimar.net\/uk\/wp-json\/wp\/v2\/product\/5035\/revisions\/7339"}],"wp:featuredmedia":[{"embeddable":true,"href":"https:\/\/wimar.net\/uk\/wp-json\/wp\/v2\/media\/5040"}],"wp:attachment":[{"href":"https:\/\/wimar.net\/uk\/wp-json\/wp\/v2\/media?parent=5035"}],"wp:term":[{"taxonomy":"product_brand","embeddable":true,"href":"https:\/\/wimar.net\/uk\/wp-json\/wp\/v2\/product_brand?post=5035"},{"taxonomy":"product_cat","embeddable":true,"href":"https:\/\/wimar.net\/uk\/wp-json\/wp\/v2\/product_cat?post=5035"},{"taxonomy":"product_tag","embeddable":true,"href":"https:\/\/wimar.net\/uk\/wp-json\/wp\/v2\/product_tag?post=5035"}],"curies":[{"name":"wp","href":"https:\/\/api.w.org\/{rel}","templated":true}]}}