{"id":5058,"date":"2025-03-11T14:31:07","date_gmt":"2025-03-11T13:31:07","guid":{"rendered":"https:\/\/wimar.net\/?post_type=product&#038;p=5058"},"modified":"2025-03-24T15:45:55","modified_gmt":"2025-03-24T14:45:55","slug":"%d1%86%d0%b5%d0%bb%d1%8e%d0%bb%d0%be%d0%b7%d0%bd%d0%b8%d0%b9-%d0%ba%d0%be%d0%bd%d1%82%d0%b5%d0%b9%d0%bd%d0%b5%d1%80-%d0%b4%d0%bb%d1%8f-%d1%84%d1%80%d1%83%d0%ba%d1%82%d1%96%d0%b2-%d0%b1%d0%b5%d1%80","status":"publish","type":"product","link":"https:\/\/wimar.net\/uk\/product-2\/%d1%86%d0%b5%d0%bb%d1%8e%d0%bb%d0%be%d0%b7%d0%bd%d0%b8%d0%b9-%d0%ba%d0%be%d0%bd%d1%82%d0%b5%d0%b9%d0%bd%d0%b5%d1%80-%d0%b4%d0%bb%d1%8f-%d1%84%d1%80%d1%83%d0%ba%d1%82%d1%96%d0%b2-%d0%b1%d0%b5%d1%80\/","title":{"rendered":"\u0426\u0435\u043b\u044e\u043b\u043e\u0437\u043d\u0438\u0439 \u043a\u043e\u043d\u0442\u0435\u0439\u043d\u0435\u0440 \u0434\u043b\u044f \u0444\u0440\u0443\u043a\u0442\u0456\u0432, \u0431\u0435\u0440\u0438\u0433\u0430\u0440\u0434 500\u0433, \u043a\u0430\u0440\u0442\u043e\u043d 400\u0448\u0442"},"content":{"rendered":"<h3 data-start=\"0\" data-end=\"41\"><strong data-start=\"0\" data-end=\"39\">\u0426\u0435\u043b\u043e\u0444\u0430\u043d\u043e\u0432\u0438\u0439 \u043a\u043e\u043d\u0442\u0435\u0439\u043d\u0435\u0440 \u0434\u043b\u044f \u043c\u0430\u043b\u0438\u043d\u0438 500 \u0433<\/strong><\/h3>\n<p data-start=\"43\" data-end=\"318\">\u0426\u0435\u043b\u044e\u043b\u043e\u0437\u043d\u0438\u0439 \u043a\u043e\u043d\u0442\u0435\u0439\u043d\u0435\u0440 \u0434\u043b\u044f \u043c\u0430\u043b\u0438\u043d\u0438 - \u0446\u0435 \u0435\u043a\u043e\u043b\u043e\u0433\u0456\u0447\u043d\u0435 \u0442\u0430 \u0444\u0443\u043d\u043a\u0446\u0456\u043e\u043d\u0430\u043b\u044c\u043d\u0435 \u0440\u0456\u0448\u0435\u043d\u043d\u044f \u0434\u043b\u044f \u0437\u0431\u0435\u0440\u0456\u0433\u0430\u043d\u043d\u044f \u0456 \u0442\u0440\u0430\u043d\u0441\u043f\u043e\u0440\u0442\u0443\u0432\u0430\u043d\u043d\u044f \u0444\u0440\u0443\u043a\u0442\u0456\u0432. \u0412\u0438\u0433\u043e\u0442\u043e\u0432\u043b\u0435\u043d\u0438\u0439 \u0437 \u0431\u0456\u043e\u0440\u043e\u0437\u043a\u043b\u0430\u0434\u043d\u043e\u0433\u043e \u043c\u0430\u0442\u0435\u0440\u0456\u0430\u043b\u0443, \u0432\u0456\u043d \u0437\u0430\u0431\u0435\u0437\u043f\u0435\u0447\u0443\u0454 \u043d\u0430\u043b\u0435\u0436\u043d\u0443 \u0432\u0435\u043d\u0442\u0438\u043b\u044f\u0446\u0456\u044e, \u0437\u0430\u0445\u0438\u0449\u0430\u044e\u0447\u0438 \u043c\u0430\u043b\u0438\u043d\u0443 \u0432\u0456\u0434 \u0432\u043e\u043b\u043e\u0433\u0438 \u0442\u0430 \u043f\u043b\u0456\u0441\u043d\u044f\u0432\u0438, \u0437\u0431\u0435\u0440\u0456\u0433\u0430\u044e\u0447\u0438 \u0457\u0457 \u0441\u0432\u0456\u0436\u043e\u044e \u0434\u043e\u0432\u0448\u0435.<\/p>\n<h3 data-start=\"320\" data-end=\"350\"><strong data-start=\"324\" data-end=\"348\">\u041e\u0441\u043d\u043e\u0432\u043d\u0456 \u0445\u0430\u0440\u0430\u043a\u0442\u0435\u0440\u0438\u0441\u0442\u0438\u043a\u0438:<\/strong><\/h3>\n<ul>\n<li data-start=\"351\" data-end=\"837\"><strong data-start=\"353\" data-end=\"368\">\u041e\u0440\u0433\u0430\u043d\u0456\u0447\u043d\u0438\u0439<\/strong> - \u0432\u0438\u0433\u043e\u0442\u043e\u0432\u043b\u0435\u043d\u0456 \u0437 \u0432\u0456\u0434\u043d\u043e\u0432\u043b\u044e\u0432\u0430\u043d\u043e\u0457 \u0446\u0435\u043b\u044e\u043b\u043e\u0437\u0438, \u043f\u043e\u0432\u043d\u0456\u0441\u0442\u044e \u0431\u0456\u043e\u043b\u043e\u0433\u0456\u0447\u043d\u043e \u0440\u043e\u0437\u043a\u043b\u0430\u0434\u0430\u044e\u0442\u044c\u0441\u044f \u0456 \u043f\u0456\u0434\u0434\u0430\u044e\u0442\u044c\u0441\u044f \u043a\u043e\u043c\u043f\u043e\u0441\u0442\u0443\u0432\u0430\u043d\u043d\u044e.<\/li>\n<li data-start=\"351\" data-end=\"837\"><strong data-start=\"449\" data-end=\"479\">\u041f\u043e\u0432\u0456\u0442\u0440\u043e\u043f\u0440\u043e\u043d\u0438\u043a\u043d\u0456\u0441\u0442\u044c<\/strong> - \u0432\u0456\u0434\u043a\u0440\u0438\u0442\u0430 \u0441\u0442\u0440\u0443\u043a\u0442\u0443\u0440\u0430 \u043c\u0430\u0442\u0435\u0440\u0456\u0430\u043b\u0443 \u043f\u0435\u0440\u0435\u0448\u043a\u043e\u0434\u0436\u0430\u0454 \u043d\u0430\u043a\u043e\u043f\u0438\u0447\u0435\u043d\u043d\u044e \u0432\u043e\u043b\u043e\u0433\u0438.<\/li>\n<li data-start=\"351\" data-end=\"837\"><strong data-start=\"549\" data-end=\"576\">\u0411\u0435\u0437\u043f\u0435\u0447\u043d\u0438\u0439 \u0434\u043b\u044f \u0445\u0430\u0440\u0447\u043e\u0432\u0438\u0445 \u043f\u0440\u043e\u0434\u0443\u043a\u0442\u0456\u0432<\/strong> - \u043d\u0435\u0442\u043e\u043a\u0441\u0438\u0447\u043d\u0438\u0439, \u0431\u0435\u0437 \u0448\u0442\u0443\u0447\u043d\u0438\u0445 \u0434\u043e\u0431\u0430\u0432\u043e\u043a, \u0456\u0434\u0435\u0430\u043b\u044c\u043d\u043e \u043f\u0456\u0434\u0445\u043e\u0434\u0438\u0442\u044c \u0434\u043b\u044f \u0441\u0432\u0456\u0436\u0438\u0445 \u0444\u0440\u0443\u043a\u0442\u0456\u0432.<\/li>\n<li data-start=\"351\" data-end=\"837\"><strong data-start=\"650\" data-end=\"668\">\u041b\u0435\u0433\u043a\u0438\u0439 \u0456 \u043c\u0456\u0446\u043d\u0438\u0439<\/strong> - \u0441\u0442\u0456\u0439\u043a\u0438\u0439 \u0434\u043e \u0432\u043e\u043b\u043e\u0433\u0438 \u0442\u0430 \u043c\u0435\u0445\u0430\u043d\u0456\u0447\u043d\u0438\u0445 \u043f\u043e\u0448\u043a\u043e\u0434\u0436\u0435\u043d\u044c, \u0441\u0442\u0430\u0431\u0456\u043b\u044c\u043d\u0438\u0439 \u043f\u0440\u0438 \u0442\u0440\u0430\u043d\u0441\u043f\u043e\u0440\u0442\u0443\u0432\u0430\u043d\u043d\u0456.<\/li>\n<li data-start=\"351\" data-end=\"837\"><strong data-start=\"744\" data-end=\"768\">\u0415\u043a\u043e\u043b\u043e\u0433\u0456\u0447\u043d\u043e \u0447\u0438\u0441\u0442\u0438\u0439<\/strong> - \u0430\u043b\u044c\u0442\u0435\u0440\u043d\u0430\u0442\u0438\u0432\u0430 \u043f\u043b\u0430\u0441\u0442\u0438\u043a\u043e\u0432\u043e\u043c\u0443 \u043f\u0430\u043a\u0443\u0432\u0430\u043d\u043d\u044e, \u0449\u043e \u0437\u043c\u0435\u043d\u0448\u0443\u0454 \u043a\u0456\u043b\u044c\u043a\u0456\u0441\u0442\u044c \u0432\u0456\u0434\u0445\u043e\u0434\u0456\u0432.<\/li>\n<li data-start=\"351\" data-end=\"837\"><strong>\u0404\u043c\u043d\u0456\u0441\u0442\u044c<\/strong> - 500 g<\/li>\n<li data-start=\"351\" data-end=\"837\"><strong>\u041f\u0430\u043a\u0443\u0432\u0430\u043d\u043d\u044f<\/strong> - 400 \u0448\u0442<\/li>\n<\/ul>\n<h3 data-start=\"839\" data-end=\"862\"><strong data-start=\"843\" data-end=\"860\">\u0417\u0430\u044f\u0432\u043a\u0430:<\/strong><\/h3>\n<ul>\n<li data-start=\"863\" data-end=\"1201\"><strong data-start=\"866\" data-end=\"902\">\u0422\u0440\u0430\u043d\u0441\u043f\u043e\u0440\u0442\u0443\u0432\u0430\u043d\u043d\u044f \u0442\u0430 \u0437\u0431\u0435\u0440\u0456\u0433\u0430\u043d\u043d\u044f \u043c\u0430\u043b\u0438\u043d\u0438<\/strong> - \u0456\u0434\u0435\u0430\u043b\u044c\u043d\u043e \u043f\u0456\u0434\u0445\u043e\u0434\u0438\u0442\u044c \u0434\u043b\u044f \u0441\u0432\u0456\u0436\u0438\u0445 \u0444\u0440\u0443\u043a\u0442\u0456\u0432 \u0443 \u043c\u0430\u0433\u0430\u0437\u0438\u043d\u0430\u0445, \u043d\u0430 \u0440\u0438\u043d\u043a\u0430\u0445 \u0442\u0430 \u0444\u0435\u0440\u043c\u0430\u0445.<\/li>\n<li data-start=\"863\" data-end=\"1201\"><strong data-start=\"988\" data-end=\"1026\">\u041f\u0430\u043a\u0443\u0432\u0430\u043d\u043d\u044f \u0456\u043d\u0448\u0438\u0445 \u044f\u0433\u0456\u0434<\/strong> - \u0442\u0430\u043a\u043e\u0436 \u0447\u0443\u0434\u043e\u0432\u043e \u043f\u0456\u0434\u0445\u043e\u0434\u0438\u0442\u044c \u0434\u043b\u044f \u043f\u043e\u043b\u0443\u043d\u0438\u0446\u0456, \u0447\u043e\u0440\u043d\u0438\u0446\u0456, \u0441\u043c\u043e\u0440\u043e\u0434\u0438\u043d\u0438 \u0430\u0431\u043e \u043e\u0436\u0438\u043d\u0438.<\/li>\n<li data-start=\"863\" data-end=\"1201\"><strong data-start=\"1093\" data-end=\"1110\">\u041a\u043e\u043c\u043f\u043e\u0441\u0442\u0443\u0432\u0430\u043d\u043d\u044f<\/strong> - \u043f\u0456\u0441\u043b\u044f \u0432\u0438\u043a\u043e\u0440\u0438\u0441\u0442\u0430\u043d\u043d\u044f \u0439\u043e\u0433\u043e \u043c\u043e\u0436\u043d\u0430 \u043f\u0435\u0440\u0435\u0440\u043e\u0431\u043b\u044f\u0442\u0438 \u0430\u0431\u043e \u043a\u043e\u043c\u043f\u043e\u0441\u0442\u0443\u0432\u0430\u0442\u0438 \u0431\u0435\u0437 \u0448\u043a\u043e\u0434\u0438 \u0434\u043b\u044f \u0434\u043e\u0432\u043a\u0456\u043b\u043b\u044f.<\/li>\n<\/ul>\n<h3 data-start=\"1203\" data-end=\"1536\"><strong data-start=\"1203\" data-end=\"1249\">\u0427\u043e\u043c\u0443 \u0432\u0430\u0440\u0442\u043e \u043e\u0431\u0440\u0430\u0442\u0438 \u0446\u0435\u043b\u044e\u043b\u043e\u0437\u043d\u0438\u0439 \u043a\u043e\u043d\u0442\u0435\u0439\u043d\u0435\u0440?<\/strong><\/h3>\n<p data-start=\"1203\" data-end=\"1536\">\u0426\u0435\u043b\u044e\u043b\u043e\u0437\u043d\u0456 \u043a\u043e\u043d\u0442\u0435\u0439\u043d\u0435\u0440\u0438 - \u0446\u0435 \u043d\u0430\u0442\u0443\u0440\u0430\u043b\u044c\u043d\u0430 \u0442\u0430 \u0435\u043a\u043e\u043b\u043e\u0433\u0456\u0447\u043d\u0430 \u0430\u043b\u044c\u0442\u0435\u0440\u043d\u0430\u0442\u0438\u0432\u0430 \u043f\u043b\u0430\u0441\u0442\u0438\u043a\u043e\u0432\u0456\u0439 \u0443\u043f\u0430\u043a\u043e\u0432\u0446\u0456. \u0417\u0430\u0432\u0434\u044f\u043a\u0438 \u0437\u0434\u0430\u0442\u043d\u043e\u0441\u0442\u0456 \u0434\u043e \u0431\u0456\u043e\u043b\u043e\u0433\u0456\u0447\u043d\u043e\u0433\u043e \u0440\u043e\u0437\u043a\u043b\u0430\u0434\u0430\u043d\u043d\u044f \u0442\u0430 \u043f\u0440\u0438\u0434\u0430\u0442\u043d\u043e\u0441\u0442\u0456 \u0434\u043e \u0437\u0431\u0435\u0440\u0456\u0433\u0430\u043d\u043d\u044f \u0432\u043e\u043d\u0438 \u0454 \u0456\u0434\u0435\u0430\u043b\u044c\u043d\u0438\u043c \u0440\u0456\u0448\u0435\u043d\u043d\u044f\u043c \u0434\u043b\u044f \u0432\u0438\u0440\u043e\u0431\u043d\u0438\u043a\u0456\u0432 \u0444\u0440\u0443\u043a\u0442\u0456\u0432 \u0442\u0430 \u0440\u043e\u0437\u0434\u0440\u0456\u0431\u043d\u0438\u0445 \u0442\u043e\u0440\u0433\u043e\u0432\u0446\u0456\u0432, \u044f\u043a\u0456 \u043f\u0456\u043a\u043b\u0443\u044e\u0442\u044c\u0441\u044f \u043f\u0440\u043e \u043d\u0430\u0432\u043a\u043e\u043b\u0438\u0448\u043d\u0454 \u0441\u0435\u0440\u0435\u0434\u043e\u0432\u0438\u0449\u0435 \u0442\u0430 \u044f\u043a\u0456\u0441\u0442\u044c \u0441\u0432\u043e\u0454\u0457 \u043f\u0440\u043e\u0434\u0443\u043a\u0446\u0456\u0457.<\/p>","protected":false},"excerpt":{"rendered":"<p>Celulozowy pojemnik na maliny 500 g Celulozowy pojemnik na maliny to ekologiczne i funkcjonalne rozwi\u0105zanie do przechowywania i transportu owoc\u00f3w. Wykonany z biodegradowalnego materia\u0142u, zapewnia odpowiedni\u0105 wentylacj\u0119, chroni\u0105c maliny przed wilgoci\u0105 i ple\u015bni\u0105, jednocze\u015bnie zachowuj\u0105c ich \u015bwie\u017co\u015b\u0107 na d\u0142u\u017cej. Najwa\u017cniejsze cechy: Ekologiczny \u2013 wykonany z odnawialnej celulozy, w pe\u0142ni biodegradowalny i kompostowalny. Przepuszczalno\u015b\u0107 powietrza \u2013 [&hellip;]<\/p>","protected":false},"featured_media":5060,"template":"","meta":{"site-sidebar-layout":"default","site-content-layout":"","ast-site-content-layout":"default","site-content-style":"default","site-sidebar-style":"default","ast-global-header-display":"","ast-banner-title-visibility":"","ast-main-header-display":"","ast-hfb-above-header-display":"","ast-hfb-below-header-display":"","ast-hfb-mobile-header-display":"","site-post-title":"","ast-breadcrumbs-content":"","ast-featured-img":"","footer-sml-layout":"","theme-transparent-header-meta":"default","adv-header-id-meta":"","stick-header-meta":"default","header-above-stick-meta":"","header-main-stick-meta":"","header-below-stick-meta":"","astra-migrate-meta-layouts":"set","ast-page-background-enabled":"default","ast-page-background-meta":{"desktop":{"background-color":"var(--ast-global-color-4)","background-image":"","background-repeat":"repeat","background-position":"center center","background-size":"auto","background-attachment":"scroll","background-type":"","background-media":"","overlay-type":"","overlay-color":"","overlay-opacity":"","overlay-gradient":""},"tablet":{"background-color":"","background-image":"","background-repeat":"repeat","background-position":"center center","background-size":"auto","background-attachment":"scroll","background-type":"","background-media":"","overlay-type":"","overlay-color":"","overlay-opacity":"","overlay-gradient":""},"mobile":{"background-color":"","background-image":"","background-repeat":"repeat","background-position":"center center","background-size":"auto","background-attachment":"scroll","background-type":"","background-media":"","overlay-type":"","overlay-color":"","overlay-opacity":"","overlay-gradient":""}},"ast-content-background-meta":{"desktop":{"background-color":"var(--ast-global-color-5)","background-image":"","background-repeat":"repeat","background-position":"center center","background-size":"auto","background-attachment":"scroll","background-type":"","background-media":"","overlay-type":"","overlay-color":"","overlay-opacity":"","overlay-gradient":""},"tablet":{"background-color":"var(--ast-global-color-5)","background-image":"","background-repeat":"repeat","background-position":"center center","background-size":"auto","background-attachment":"scroll","background-type":"","background-media":"","overlay-type":"","overlay-color":"","overlay-opacity":"","overlay-gradient":""},"mobile":{"background-color":"var(--ast-global-color-5)","background-image":"","background-repeat":"repeat","background-position":"center center","background-size":"auto","background-attachment":"scroll","background-type":"","background-media":"","overlay-type":"","overlay-color":"","overlay-opacity":"","overlay-gradient":""}}},"product_brand":[],"product_cat":[364],"product_tag":[],"class_list":{"0":"post-5058","1":"product","2":"type-product","3":"status-publish","4":"has-post-thumbnail","6":"product_cat-pojemnik-berigard-500-g","7":"desktop-align-left","8":"tablet-align-left","9":"mobile-align-left","10":"ast-product-gallery-layout-horizontal","11":"ast-product-tabs-layout-horizontal","13":"first","14":"instock","15":"shipping-taxable","16":"product-type-simple"},"_links":{"self":[{"href":"https:\/\/wimar.net\/uk\/wp-json\/wp\/v2\/product\/5058","targetHints":{"allow":["GET"]}}],"collection":[{"href":"https:\/\/wimar.net\/uk\/wp-json\/wp\/v2\/product"}],"about":[{"href":"https:\/\/wimar.net\/uk\/wp-json\/wp\/v2\/types\/product"}],"version-history":[{"count":2,"href":"https:\/\/wimar.net\/uk\/wp-json\/wp\/v2\/product\/5058\/revisions"}],"predecessor-version":[{"id":6379,"href":"https:\/\/wimar.net\/uk\/wp-json\/wp\/v2\/product\/5058\/revisions\/6379"}],"wp:featuredmedia":[{"embeddable":true,"href":"https:\/\/wimar.net\/uk\/wp-json\/wp\/v2\/media\/5060"}],"wp:attachment":[{"href":"https:\/\/wimar.net\/uk\/wp-json\/wp\/v2\/media?parent=5058"}],"wp:term":[{"taxonomy":"product_brand","embeddable":true,"href":"https:\/\/wimar.net\/uk\/wp-json\/wp\/v2\/product_brand?post=5058"},{"taxonomy":"product_cat","embeddable":true,"href":"https:\/\/wimar.net\/uk\/wp-json\/wp\/v2\/product_cat?post=5058"},{"taxonomy":"product_tag","embeddable":true,"href":"https:\/\/wimar.net\/uk\/wp-json\/wp\/v2\/product_tag?post=5058"}],"curies":[{"name":"wp","href":"https:\/\/api.w.org\/{rel}","templated":true}]}}