{"id":5140,"date":"2025-03-13T09:19:04","date_gmt":"2025-03-13T08:19:04","guid":{"rendered":"https:\/\/wimar.net\/?post_type=product&#038;p=5140"},"modified":"2025-03-21T14:51:23","modified_gmt":"2025-03-21T13:51:23","slug":"%d0%bf%d0%bb%d1%96%d0%b2%d0%ba%d0%b0-%d0%b4%d0%bb%d1%8f-%d1%81%d1%96%d0%bd%d0%b0%d0%b6%d1%83-%d1%81%d0%b2%d1%96%d1%82%d0%bb%d0%be-%d0%b7%d0%b5%d0%bb%d0%b5%d0%bd%d0%b0-750x1650-22%d0%bc%d0%ba%d0%bc","status":"publish","type":"product","link":"https:\/\/wimar.net\/uk\/product-2\/%d0%bf%d0%bb%d1%96%d0%b2%d0%ba%d0%b0-%d0%b4%d0%bb%d1%8f-%d1%81%d1%96%d0%bd%d0%b0%d0%b6%d1%83-%d1%81%d0%b2%d1%96%d1%82%d0%bb%d0%be-%d0%b7%d0%b5%d0%bb%d0%b5%d0%bd%d0%b0-750x1650-22%d0%bc%d0%ba%d0%bc\/","title":{"rendered":"\u0421\u0432\u0456\u0442\u043b\u043e-\u0437\u0435\u043b\u0435\u043d\u0430 \u043f\u043b\u0456\u0432\u043a\u0430 \u0434\u043b\u044f \u0441\u0456\u043d\u0430\u0436\u0443 750\u00d71650 22 \u043c\u043a\u043c"},"content":{"rendered":"<h3 data-start=\"0\" data-end=\"40\"><strong data-start=\"0\" data-end=\"38\">\u041f\u043b\u0456\u0432\u043a\u0430 \u0434\u043b\u044f \u0441\u0456\u043d\u0430\u0436\u0443<\/strong><\/h3>\n<p data-start=\"42\" data-end=\"366\">\u041f\u043b\u0456\u0432\u043a\u0430 \u0434\u043b\u044f \u0441\u0456\u043d\u0430\u0436\u0443 \u0442\u043e\u0432\u0449\u0438\u043d\u043e\u044e 22 \u043c\u043a\u043c - \u0446\u0435 \u0432\u0438\u0441\u043e\u043a\u043e\u044f\u043a\u0456\u0441\u043d\u0438\u0439 \u043f\u0440\u043e\u0434\u0443\u043a\u0442, \u043f\u0440\u0438\u0437\u043d\u0430\u0447\u0435\u043d\u0438\u0439 \u0434\u043b\u044f \u0437\u0430\u0445\u0438\u0441\u0442\u0443 \u0441\u0438\u043b\u043e\u0441\u0443 \u0442\u0430 \u0437\u0430\u0431\u0435\u0437\u043f\u0435\u0447\u0435\u043d\u043d\u044f \u043e\u043f\u0442\u0438\u043c\u0430\u043b\u044c\u043d\u0438\u0445 \u0443\u043c\u043e\u0432 \u0444\u0435\u0440\u043c\u0435\u043d\u0442\u0430\u0446\u0456\u0457. \u0417\u0430\u0432\u0434\u044f\u043a\u0438 \u0441\u0432\u043e\u0457\u0439 \u043c\u0456\u0446\u043d\u043e\u0441\u0442\u0456 \u0442\u0430 \u0433\u043d\u0443\u0447\u043a\u043e\u0441\u0442\u0456 \u0432\u043e\u043d\u0430 \u0435\u0444\u0435\u043a\u0442\u0438\u0432\u043d\u043e \u0437\u0430\u0445\u0438\u0449\u0430\u0454 \u043a\u043e\u0440\u043c \u0432\u0456\u0434 \u0437\u043e\u0432\u043d\u0456\u0448\u043d\u0456\u0445 \u0432\u043f\u043b\u0438\u0432\u0456\u0432, \u0442\u0430\u043a\u0438\u0445 \u044f\u043a \u0432\u043e\u043b\u043e\u0433\u0430, \u043f\u043e\u0432\u0456\u0442\u0440\u044f \u0442\u0430 \u0443\u043b\u044c\u0442\u0440\u0430\u0444\u0456\u043e\u043b\u0435\u0442\u043e\u0432\u0435 \u0432\u0438\u043f\u0440\u043e\u043c\u0456\u043d\u044e\u0432\u0430\u043d\u043d\u044f.<\/p>\n<h3 data-start=\"368\" data-end=\"398\"><strong data-start=\"372\" data-end=\"396\">\u041e\u0441\u043d\u043e\u0432\u043d\u0456 \u0445\u0430\u0440\u0430\u043a\u0442\u0435\u0440\u0438\u0441\u0442\u0438\u043a\u0438:<\/strong><\/h3>\n<ul>\n<li data-start=\"400\" data-end=\"942\"><strong data-start=\"402\" data-end=\"418\">\u041d\u0430\u0434\u0456\u0439\u043d\u0456\u0441\u0442\u044c<\/strong> - 22-\u043c\u0456\u043a\u0440\u043e\u043d\u043d\u0430 \u043f\u043b\u0456\u0432\u043a\u0430 \u043c\u0430\u0454 \u0432\u0438\u0441\u043e\u043a\u0443 \u0441\u0442\u0456\u0439\u043a\u0456\u0441\u0442\u044c \u0434\u043e \u0440\u043e\u0437\u0440\u0438\u0432\u0456\u0432 \u0456 \u043f\u0440\u043e\u043a\u043e\u043b\u0456\u0432 - 350g \u0437\u0430 \u043c\u0435\u0442\u043e\u0434\u0438\u043a\u043e\u044e \u043f\u0430\u0434\u0430\u044e\u0447\u043e\u0457 \u0441\u0442\u0440\u0456\u043b\u0438 *- \u0433\u0430\u0440\u0430\u043d\u0442\u0443\u044e\u0447\u0438 \u0434\u0443\u0436\u0435 \u0445\u043e\u0440\u043e\u0448\u0438\u0439 \u0437\u0430\u0445\u0438\u0441\u0442 \u0432\u0456\u0434 \u043d\u0435\u0433\u043e\u0434\u0438.<\/li>\n<li data-start=\"400\" data-end=\"942\"><strong data-start=\"511\" data-end=\"535\">\u0412\u0456\u0434\u043c\u0456\u043d\u043d\u0430 \u0433\u0435\u0440\u043c\u0435\u0442\u0438\u0447\u043d\u0456\u0441\u0442\u044c<\/strong> - \u0437 \u0432\u0438\u043a\u043e\u0440\u0438\u0441\u0442\u0430\u043d\u043d\u044f\u043c \u0456\u043d\u043d\u043e\u0432\u0430\u0446\u0456\u0439\u043d\u043e\u0433\u043e, \u0440\u0456\u0432\u043d\u043e\u043c\u0456\u0440\u043d\u043e \u0440\u043e\u0437\u043f\u043e\u0434\u0456\u043b\u0435\u043d\u043e\u0433\u043e \u043a\u043b\u0435\u044e, \u0435\u0444\u0435\u043a\u0442\u0438\u0432\u043d\u043e \u0437\u0430\u043f\u043e\u0431\u0456\u0433\u0430\u0454 \u043f\u0440\u043e\u043d\u0438\u043a\u043d\u0435\u043d\u043d\u044e \u043f\u043e\u0432\u0456\u0442\u0440\u044f, \u0442\u0430\u043a\u0438\u043c \u0447\u0438\u043d\u043e\u043c \u0437\u0430\u0431\u0435\u0437\u043f\u0435\u0447\u0443\u044e\u0447\u0438 \u0456\u0434\u0435\u0430\u043b\u044c\u043d\u0456 \u0443\u043c\u043e\u0432\u0438 \u0434\u043b\u044f \u0444\u0435\u0440\u043c\u0435\u043d\u0442\u0430\u0446\u0456\u0457.<\/li>\n<li data-start=\"400\" data-end=\"942\"><strong data-start=\"628\" data-end=\"647\">\u0421\u0442\u0456\u0439\u043a\u0456\u0441\u0442\u044c \u0434\u043e \u0443\u043b\u044c\u0442\u0440\u0430\u0444\u0456\u043e\u043b\u0435\u0442\u0443<\/strong> - \u0433\u0430\u0440\u0430\u043d\u0442\u043e\u0432\u0430\u043d\u0438\u0439 \u0435\u0444\u0435\u043a\u0442\u0438\u0432\u043d\u0438\u0439 \u0437\u0430\u0445\u0438\u0441\u0442 \u0441\u0438\u043b\u043e\u0441\u0443 \u0432\u0456\u0434 \u0448\u043a\u0456\u0434\u043b\u0438\u0432\u043e\u0433\u043e \u0432\u043f\u043b\u0438\u0432\u0443 \u0441\u043e\u043d\u044f\u0447\u043d\u0438\u0445 \u043f\u0440\u043e\u043c\u0435\u043d\u0456\u0432 \u043f\u0440\u043e\u0442\u044f\u0433\u043e\u043c 12 \u043c\u0456\u0441\u044f\u0446\u0456\u0432.<\/li>\n<li data-start=\"400\" data-end=\"942\"><strong data-start=\"731\" data-end=\"747\">\u0413\u043d\u0443\u0447\u043a\u0456\u0441\u0442\u044c<\/strong> - \u043b\u0435\u0433\u043a\u0435 \u043f\u0440\u0438\u043b\u044f\u0433\u0430\u043d\u043d\u044f \u0434\u043e \u0442\u044e\u043a\u0430, \u0449\u043e \u043c\u0456\u043d\u0456\u043c\u0456\u0437\u0443\u0454 \u0440\u0438\u0437\u0438\u043a \u0439\u043e\u0433\u043e \u043f\u043e\u0448\u043a\u043e\u0434\u0436\u0435\u043d\u043d\u044f.<\/li>\n<li data-start=\"400\" data-end=\"942\"><strong data-start=\"815\" data-end=\"843\">\u0411\u0435\u0437\u043f\u0435\u043a\u0430 \u043a\u043e\u0440\u043c\u0456\u0432<\/strong> - \u041f\u043b\u0456\u0432\u043a\u0430 \u043d\u0435 \u043c\u0456\u0441\u0442\u0438\u0442\u044c \u0448\u043a\u0456\u0434\u043b\u0438\u0432\u0438\u0445 \u0440\u0435\u0447\u043e\u0432\u0438\u043d, \u0449\u043e \u0433\u0430\u0440\u0430\u043d\u0442\u0443\u0454 \u0432\u0438\u0441\u043e\u043a\u0443 \u044f\u043a\u0456\u0441\u0442\u044c \u0441\u0438\u043b\u043e\u0441\u0443, \u044f\u043a\u0438\u0439 \u0437\u0431\u0435\u0440\u0456\u0433\u0430\u0454\u0442\u044c\u0441\u044f.<\/li>\n<li data-start=\"400\" data-end=\"942\"><strong>\u0428\u0438\u0440\u0438\u043d\u0430<\/strong> - 750 \u043c\u043c<\/li>\n<li data-start=\"400\" data-end=\"942\"><strong>\u0414\u043e\u0432\u0436\u0438\u043d\u0430<\/strong> - 1650 \u043c - \u043d\u0430 150 \u043c \u0431\u0456\u043b\u044c\u0448\u0435 \u0441\u0442\u0430\u043d\u0434\u0430\u0440\u0442\u043d\u043e\u0457 \u0434\u043e\u0432\u0436\u0438\u043d\u0438 \u0440\u0443\u043b\u043e\u043d\u0443, \u0442\u043e\u043c\u0443 \u043c\u043e\u0436\u043d\u0430 \u043e\u0431\u043c\u043e\u0442\u0430\u0442\u0438 \u0431\u0456\u043b\u044c\u0448\u0435 \u0440\u0443\u043b\u043e\u043d\u0456\u0432.<\/li>\n<li data-start=\"400\" data-end=\"942\"><strong>\u0422\u043e\u0432\u0449\u0438\u043d\u0430<\/strong> - 22 \u043c\u043a\u043c<\/li>\n<li data-start=\"400\" data-end=\"942\"><strong>\u0428\u0430\u0440\u0438<\/strong> &#8211; 7<\/li>\n<\/ul>\n<p>*\u0412\u0438\u043f\u0440\u043e\u0431\u0443\u0432\u0430\u043d\u043d\u044f \u043d\u0430 \u0443\u0434\u0430\u0440\u043e\u0441\u0442\u0456\u0439\u043a\u0456\u0441\u0442\u044c UNE-EN ISO 7765-1 \u041c\u0435\u0442\u043e\u0434 A (\u0432\u0438\u043f\u0440\u043e\u0431\u0443\u0432\u0430\u043d\u043d\u044f \u043d\u0430 \u043f\u0430\u0434\u0456\u043d\u043d\u044f)<\/p>\n<h3 data-start=\"944\" data-end=\"967\"><strong data-start=\"948\" data-end=\"965\">\u0417\u0430\u044f\u0432\u043a\u0430:<\/strong><\/h3>\n<ul>\n<li data-start=\"969\" data-end=\"1265\"><strong data-start=\"972\" data-end=\"999\">\u0412\u0438\u0440\u043e\u0431\u043d\u0438\u0446\u0442\u0432\u043e \u0441\u0456\u043d\u0430\u0436\u0443<\/strong> - \u0406\u0434\u0435\u0430\u043b\u044c\u043d\u043e \u043f\u0456\u0434\u0445\u043e\u0434\u0438\u0442\u044c \u0434\u043b\u044f \u043e\u0431\u043c\u043e\u0442\u0443\u0432\u0430\u043d\u043d\u044f \u0442\u044e\u043a\u0456\u0432 \u0442\u0440\u0430\u0432\u0438, \u043b\u044e\u0446\u0435\u0440\u043d\u0438 \u0442\u0430 \u0456\u043d\u0448\u0438\u0445 \u043a\u043e\u0440\u043c\u0456\u0432.<\/li>\n<li data-start=\"969\" data-end=\"1265\"><strong data-start=\"1068\" data-end=\"1085\">\u0417\u0430\u0445\u0438\u0441\u0442 \u043a\u043e\u0440\u043c\u0456\u0432<\/strong> - \u0435\u0444\u0435\u043a\u0442\u0438\u0432\u043d\u043e \u0437\u0430\u0445\u0438\u0449\u0430\u0454 \u0441\u0438\u043b\u043e\u0441 \u0432\u0456\u0434 \u043f\u043b\u0456\u0441\u043d\u044f\u0432\u0438, \u0431\u0430\u043a\u0442\u0435\u0440\u0456\u0439 \u0442\u0430 \u0437\u0430\u0431\u0440\u0443\u0434\u043d\u0435\u043d\u043d\u044f.<\/li>\n<li data-start=\"969\" data-end=\"1265\"><strong data-start=\"1173\" data-end=\"1202\">\u0422\u0440\u0438\u0432\u0430\u043b\u0435 \u0437\u0431\u0435\u0440\u0456\u0433\u0430\u043d\u043d\u044f<\/strong> - \u043d\u0430\u0434\u043e\u0432\u0433\u043e \u0437\u0431\u0435\u0440\u0456\u0433\u0430\u0454 \u0441\u0432\u0456\u0436\u0456\u0441\u0442\u044c \u0456 \u043f\u043e\u0436\u0438\u0432\u043d\u0443 \u0446\u0456\u043d\u043d\u0456\u0441\u0442\u044c \u043a\u043e\u0440\u043c\u0443.<\/li>\n<\/ul>\n<h3 data-start=\"1267\" data-end=\"1334\"><strong data-start=\"1271\" data-end=\"1332\">\u0427\u043e\u043c\u0443 \u0432\u0430\u0440\u0442\u043e \u043e\u0431\u0440\u0430\u0442\u0438 \u043f\u043b\u0456\u0432\u043a\u0443 \u0434\u043b\u044f \u0441\u0456\u043d\u0430\u0436\u0443?<\/strong><\/h3>\n<p data-start=\"1336\" data-end=\"1633\" data-is-last-node=\"\" data-is-only-node=\"\">\u041f\u043b\u0456\u0432\u043a\u0430 \u0434\u043b\u044f \u0441\u0456\u043d\u0430\u0436\u0443 \u0454 \u043d\u0435\u0437\u0430\u043c\u0456\u043d\u043d\u0438\u043c \u0440\u0456\u0448\u0435\u043d\u043d\u044f\u043c \u0434\u043b\u044f \u0444\u0435\u0440\u043c\u0435\u0440\u0456\u0432, \u044f\u043a\u0456 \u0445\u043e\u0447\u0443\u0442\u044c \u0437\u0430\u0431\u0435\u0437\u043f\u0435\u0447\u0438\u0442\u0438 \u0441\u0432\u043e\u0457\u0445 \u0442\u0432\u0430\u0440\u0438\u043d \u0432\u0438\u0441\u043e\u043a\u043e\u044f\u043a\u0456\u0441\u043d\u0438\u043c \u043a\u043e\u0440\u043c\u043e\u043c. \u041c\u0456\u0446\u043d\u0456\u0441\u0442\u044c, \u043f\u043e\u0432\u0456\u0442\u0440\u043e\u043d\u0435\u043f\u0440\u043e\u043d\u0438\u043a\u043d\u0456\u0441\u0442\u044c \u0456 \u0441\u0442\u0456\u0439\u043a\u0456\u0441\u0442\u044c \u0434\u043e \u0430\u0442\u043c\u043e\u0441\u0444\u0435\u0440\u043d\u0438\u0445 \u0432\u043f\u043b\u0438\u0432\u0456\u0432 \u0440\u043e\u0431\u043b\u044f\u0442\u044c \u0457\u0457 \u0435\u043a\u043e\u043d\u043e\u043c\u0456\u0447\u043d\u0438\u043c \u0456 \u0435\u0444\u0435\u043a\u0442\u0438\u0432\u043d\u0438\u043c \u0440\u0456\u0448\u0435\u043d\u043d\u044f\u043c \u0434\u043b\u044f \u0437\u0431\u0435\u0440\u0456\u0433\u0430\u043d\u043d\u044f \u0441\u0456\u043d\u0430\u0436\u0443 \u043f\u0440\u043e\u0442\u044f\u0433\u043e\u043c \u0443\u0441\u044c\u043e\u0433\u043e \u0441\u0435\u0437\u043e\u043d\u0443.<\/p>","protected":false},"excerpt":{"rendered":"<p>Folia do sianokiszonki Folia do sianokiszonki o grubo\u015bci 22 mikron\u00f3w to wysokiej jako\u015bci produkt przeznaczony do zabezpieczania kiszonki i zapewnienia optymalnych warunk\u00f3w fermentacji. Dzi\u0119ki swojej wytrzyma\u0142o\u015bci i elastyczno\u015bci skutecznie chroni pasz\u0119 przed dzia\u0142aniem czynnik\u00f3w zewn\u0119trznych, takich jak wilgo\u0107, powietrze czy promieniowanie UV. Najwa\u017cniejsze cechy: Wytrzyma\u0142o\u015b\u0107 \u2013\u00a0folia o grubo\u015bci 22 mikron\u00f3w cechuje si\u0119 wysok\u0105 odporno\u015bci\u0105 na [&hellip;]<\/p>","protected":false},"featured_media":5141,"template":"","meta":{"site-sidebar-layout":"default","site-content-layout":"","ast-site-content-layout":"default","site-content-style":"default","site-sidebar-style":"default","ast-global-header-display":"","ast-banner-title-visibility":"","ast-main-header-display":"","ast-hfb-above-header-display":"","ast-hfb-below-header-display":"","ast-hfb-mobile-header-display":"","site-post-title":"","ast-breadcrumbs-content":"","ast-featured-img":"","footer-sml-layout":"","theme-transparent-header-meta":"default","adv-header-id-meta":"","stick-header-meta":"default","header-above-stick-meta":"","header-main-stick-meta":"","header-below-stick-meta":"","astra-migrate-meta-layouts":"set","ast-page-background-enabled":"default","ast-page-background-meta":{"desktop":{"background-color":"var(--ast-global-color-4)","background-image":"","background-repeat":"repeat","background-position":"center center","background-size":"auto","background-attachment":"scroll","background-type":"","background-media":"","overlay-type":"","overlay-color":"","overlay-opacity":"","overlay-gradient":""},"tablet":{"background-color":"","background-image":"","background-repeat":"repeat","background-position":"center center","background-size":"auto","background-attachment":"scroll","background-type":"","background-media":"","overlay-type":"","overlay-color":"","overlay-opacity":"","overlay-gradient":""},"mobile":{"background-color":"","background-image":"","background-repeat":"repeat","background-position":"center center","background-size":"auto","background-attachment":"scroll","background-type":"","background-media":"","overlay-type":"","overlay-color":"","overlay-opacity":"","overlay-gradient":""}},"ast-content-background-meta":{"desktop":{"background-color":"var(--ast-global-color-5)","background-image":"","background-repeat":"repeat","background-position":"center center","background-size":"auto","background-attachment":"scroll","background-type":"","background-media":"","overlay-type":"","overlay-color":"","overlay-opacity":"","overlay-gradient":""},"tablet":{"background-color":"var(--ast-global-color-5)","background-image":"","background-repeat":"repeat","background-position":"center center","background-size":"auto","background-attachment":"scroll","background-type":"","background-media":"","overlay-type":"","overlay-color":"","overlay-opacity":"","overlay-gradient":""},"mobile":{"background-color":"var(--ast-global-color-5)","background-image":"","background-repeat":"repeat","background-position":"center center","background-size":"auto","background-attachment":"scroll","background-type":"","background-media":"","overlay-type":"","overlay-color":"","overlay-opacity":"","overlay-gradient":""}}},"product_brand":[],"product_cat":[214],"product_tag":[],"class_list":{"0":"post-5140","1":"product","2":"type-product","3":"status-publish","4":"has-post-thumbnail","6":"product_cat-folia-do-sianokiszonki","7":"desktop-align-left","8":"tablet-align-left","9":"mobile-align-left","10":"ast-product-gallery-layout-horizontal","11":"ast-product-gallery-with-no-image","12":"ast-product-tabs-layout-horizontal","14":"first","15":"instock","16":"shipping-taxable","17":"product-type-simple"},"_links":{"self":[{"href":"https:\/\/wimar.net\/uk\/wp-json\/wp\/v2\/product\/5140","targetHints":{"allow":["GET"]}}],"collection":[{"href":"https:\/\/wimar.net\/uk\/wp-json\/wp\/v2\/product"}],"about":[{"href":"https:\/\/wimar.net\/uk\/wp-json\/wp\/v2\/types\/product"}],"version-history":[{"count":4,"href":"https:\/\/wimar.net\/uk\/wp-json\/wp\/v2\/product\/5140\/revisions"}],"predecessor-version":[{"id":6001,"href":"https:\/\/wimar.net\/uk\/wp-json\/wp\/v2\/product\/5140\/revisions\/6001"}],"wp:featuredmedia":[{"embeddable":true,"href":"https:\/\/wimar.net\/uk\/wp-json\/wp\/v2\/media\/5141"}],"wp:attachment":[{"href":"https:\/\/wimar.net\/uk\/wp-json\/wp\/v2\/media?parent=5140"}],"wp:term":[{"taxonomy":"product_brand","embeddable":true,"href":"https:\/\/wimar.net\/uk\/wp-json\/wp\/v2\/product_brand?post=5140"},{"taxonomy":"product_cat","embeddable":true,"href":"https:\/\/wimar.net\/uk\/wp-json\/wp\/v2\/product_cat?post=5140"},{"taxonomy":"product_tag","embeddable":true,"href":"https:\/\/wimar.net\/uk\/wp-json\/wp\/v2\/product_tag?post=5140"}],"curies":[{"name":"wp","href":"https:\/\/api.w.org\/{rel}","templated":true}]}}