{"id":5158,"date":"2025-03-13T11:09:47","date_gmt":"2025-03-13T10:09:47","guid":{"rendered":"https:\/\/wimar.net\/?post_type=product&#038;p=5158"},"modified":"2025-03-13T11:12:50","modified_gmt":"2025-03-13T10:12:50","slug":"%d1%81%d1%96%d0%bb%d1%8c%d1%81%d1%8c%d0%ba%d0%be%d0%b3%d0%be%d1%81%d0%bf%d0%be%d0%b4%d0%b0%d1%80%d1%81%d1%8c%d0%ba%d0%b8%d0%b9-%d0%bf%d0%be%d0%bb%d1%96%d0%bf%d1%80%d0%be%d0%bf%d1%96%d0%bb%d0%b5%d0%bd-2","status":"publish","type":"product","link":"https:\/\/wimar.net\/uk\/product-2\/%d1%81%d1%96%d0%bb%d1%8c%d1%81%d1%8c%d0%ba%d0%be%d0%b3%d0%be%d1%81%d0%bf%d0%be%d0%b4%d0%b0%d1%80%d1%81%d1%8c%d0%ba%d0%b8%d0%b9-%d0%bf%d0%be%d0%bb%d1%96%d0%bf%d1%80%d0%be%d0%bf%d1%96%d0%bb%d0%b5%d0%bd-2\/","title":{"rendered":"\u041f\u043e\u043b\u0456\u043f\u0440\u043e\u043f\u0456\u043b\u0435\u043d\u043e\u0432\u0438\u0439 \u0441\u0456\u043b\u044c\u0441\u044c\u043a\u043e\u0433\u043e\u0441\u043f\u043e\u0434\u0430\u0440\u0441\u044c\u043a\u0438\u0439 \u0448\u043f\u0430\u0433\u0430\u0442 TEX 7700"},"content":{"rendered":"<h3 data-start=\"86\" data-end=\"461\">\u041f\u043e\u043b\u0456\u043f\u0440\u043e\u043f\u0456\u043b\u0435\u043d\u043e\u0432\u0438\u0439 \u0441\u0456\u043b\u044c\u0441\u044c\u043a\u043e\u0433\u043e\u0441\u043f\u043e\u0434\u0430\u0440\u0441\u044c\u043a\u0438\u0439 \u0448\u043f\u0430\u0433\u0430\u0442<\/h3>\n<p data-start=\"86\" data-end=\"461\">\u041f\u043e\u043b\u0456\u043f\u0440\u043e\u043f\u0456\u043b\u0435\u043d\u043e\u0432\u0438\u0439 \u0441\u0456\u043b\u044c\u0441\u044c\u043a\u043e\u0433\u043e\u0441\u043f\u043e\u0434\u0430\u0440\u0441\u044c\u043a\u0438\u0439 \u0448\u043f\u0430\u0433\u0430\u0442 - \u0446\u0435 \u0432\u0438\u0441\u043e\u043a\u043e\u044f\u043a\u0456\u0441\u043d\u0438\u0439 \u043f\u0440\u043e\u0434\u0443\u043a\u0442, \u044f\u043a\u0438\u0439 \u0432\u0438\u043a\u043e\u0440\u0438\u0441\u0442\u043e\u0432\u0443\u0454\u0442\u044c\u0441\u044f \u0432 \u0441\u0456\u043b\u044c\u0441\u044c\u043a\u043e\u043c\u0443 \u0433\u043e\u0441\u043f\u043e\u0434\u0430\u0440\u0441\u0442\u0432\u0456 \u0442\u0430 \u0441\u0430\u0434\u0456\u0432\u043d\u0438\u0446\u0442\u0432\u0456. \u0412\u0438\u0433\u043e\u0442\u043e\u0432\u043b\u0435\u043d\u0438\u0439 \u0437 \u043c\u0456\u0446\u043d\u043e\u0433\u043e \u0441\u0438\u043d\u0442\u0435\u0442\u0438\u0447\u043d\u043e\u0433\u043e \u0432\u043e\u043b\u043e\u043a\u043d\u0430, \u0432\u0456\u043d \u043c\u0430\u0454 \u0432\u0438\u0441\u043e\u043a\u0443 \u043c\u0456\u0446\u043d\u0456\u0441\u0442\u044c \u043d\u0430 \u0440\u043e\u0437\u0440\u0438\u0432 \u0456 \u0441\u0442\u0456\u0439\u043a\u0456\u0441\u0442\u044c \u0434\u043e \u0430\u0442\u043c\u043e\u0441\u0444\u0435\u0440\u043d\u0438\u0445 \u0432\u043f\u043b\u0438\u0432\u0456\u0432. \u0412\u0456\u043d \u0456\u0434\u0435\u0430\u043b\u044c\u043d\u043e \u043f\u0456\u0434\u0445\u043e\u0434\u0438\u0442\u044c \u0434\u043b\u044f \u0442\u044e\u043a\u0443\u0432\u0430\u043d\u043d\u044f \u0441\u0456\u043d\u0430 \u0442\u0430 \u0441\u043e\u043b\u043e\u043c\u0438, \u043f\u0456\u0434\u0432'\u044f\u0437\u0443\u0432\u0430\u043d\u043d\u044f \u0440\u043e\u0441\u043b\u0438\u043d, \u0430 \u0442\u0430\u043a\u043e\u0436 \u0434\u043b\u044f \u0456\u043d\u0448\u0438\u0445 \u0446\u0456\u043b\u0435\u0439, \u044f\u043a\u0456 \u043f\u043e\u0442\u0440\u0435\u0431\u0443\u044e\u0442\u044c \u043c\u0456\u0446\u043d\u043e\u0433\u043e \u043a\u0440\u0456\u043f\u043b\u0435\u043d\u043d\u044f.<\/p>\n<h3 data-start=\"463\" data-end=\"489\"><strong data-start=\"463\" data-end=\"487\">\u041e\u0441\u043d\u043e\u0432\u043d\u0456 \u0445\u0430\u0440\u0430\u043a\u0442\u0435\u0440\u0438\u0441\u0442\u0438\u043a\u0438:<\/strong><\/h3>\n<ul>\n<li data-start=\"491\" data-end=\"1049\"><strong data-start=\"493\" data-end=\"505\">\u0421\u0442\u0430\u043b\u0438\u0439 \u0440\u043e\u0437\u0432\u0438\u0442\u043e\u043a<\/strong> - \u0421\u0442\u0456\u0439\u043a\u0438\u0439 \u0434\u043e \u0440\u043e\u0437\u0440\u0438\u0432\u0456\u0432, \u0443\u043b\u044c\u0442\u0440\u0430\u0444\u0456\u043e\u043b\u0435\u0442\u043e\u0432\u043e\u0433\u043e \u0432\u0438\u043f\u0440\u043e\u043c\u0456\u043d\u044e\u0432\u0430\u043d\u043d\u044f \u0442\u0430 \u0432\u043e\u043b\u043e\u0433\u0438 \u043f\u0440\u043e\u0442\u044f\u0433\u043e\u043c \u0442\u0440\u0438\u0432\u0430\u043b\u043e\u0433\u043e \u0442\u0435\u0440\u043c\u0456\u043d\u0443 \u0441\u043b\u0443\u0436\u0431\u0438.<\/li>\n<li data-start=\"491\" data-end=\"1049\"><strong data-start=\"597\" data-end=\"623\">\u041b\u0435\u0433\u043a\u0456\u0441\u0442\u044c \u0456 \u0433\u043d\u0443\u0447\u043a\u0456\u0441\u0442\u044c<\/strong> - \u041f\u0440\u043e\u0441\u0442\u0438\u0439 \u0443 \u0432\u0438\u043a\u043e\u0440\u0438\u0441\u0442\u0430\u043d\u043d\u0456, \u0432\u0456\u043d \u0434\u043e\u0437\u0432\u043e\u043b\u044f\u0454 \u0448\u0432\u0438\u0434\u043a\u043e \u043f\u0440\u0438\u0432'\u044f\u0437\u0443\u0432\u0430\u0442\u0438 \u0442\u0430 \u0437\u0430\u043a\u0440\u0456\u043f\u043b\u044e\u0432\u0430\u0442\u0438 \u0432\u0430\u043d\u0442\u0430\u0436\u0456.<\/li>\n<li data-start=\"491\" data-end=\"1049\"><strong data-start=\"700\" data-end=\"738\">\u0421\u0442\u0456\u0439\u043a\u0456\u0441\u0442\u044c \u0434\u043e \u043f\u043e\u0433\u043e\u0434\u043d\u0438\u0445 \u0443\u043c\u043e\u0432<\/strong> - \u0412\u0456\u043d \u043d\u0435 \u0433\u043d\u0438\u0454 \u0456 \u043d\u0435 \u0440\u043e\u0437\u043a\u043b\u0430\u0434\u0430\u0454\u0442\u044c\u0441\u044f, \u0449\u043e \u0440\u043e\u0431\u0438\u0442\u044c \u0439\u043e\u0433\u043e \u0441\u0442\u0456\u0439\u043a\u0438\u043c \u0434\u043e \u0434\u043e\u0449\u0443 \u0456 \u0441\u043d\u0456\u0433\u0443.<\/li>\n<li data-start=\"491\" data-end=\"1049\"><strong data-start=\"822\" data-end=\"835\">\u041f\u0440\u043e\u0434\u0443\u043a\u0442\u0438\u0432\u043d\u0456\u0441\u0442\u044c<\/strong> - \u0414\u043e\u0441\u0442\u0443\u043f\u043d\u0456 \u0432 \u0440\u0456\u0437\u043d\u0438\u0445 \u0442\u043e\u0432\u0449\u0438\u043d\u0430\u0445 \u0456 \u0434\u043e\u0432\u0436\u0438\u043d\u0430\u0445, \u0449\u043e \u0434\u043e\u0437\u0432\u043e\u043b\u044f\u0454 \u0432\u0438\u0433\u043e\u0442\u043e\u0432\u043b\u044f\u0442\u0438 \u0432\u0438\u0440\u043e\u0431\u0438 \u0437\u0430 \u0456\u043d\u0434\u0438\u0432\u0456\u0434\u0443\u0430\u043b\u044c\u043d\u0438\u043c \u0437\u0430\u043c\u043e\u0432\u043b\u0435\u043d\u043d\u044f\u043c.<\/li>\n<li data-start=\"491\" data-end=\"1049\"><strong data-start=\"945\" data-end=\"964\">\u0423\u043d\u0456\u0432\u0435\u0440\u0441\u0430\u043b\u044c\u043d\u0456\u0441\u0442\u044c<\/strong> - \u0412\u0438\u043a\u043e\u0440\u0438\u0441\u0442\u043e\u0432\u0443\u0454\u0442\u044c\u0441\u044f \u0432 \u0441\u0456\u043b\u044c\u0441\u044c\u043a\u043e\u043c\u0443 \u0433\u043e\u0441\u043f\u043e\u0434\u0430\u0440\u0441\u0442\u0432\u0456, \u0441\u0430\u0434\u0456\u0432\u043d\u0438\u0446\u0442\u0432\u0456, \u0431\u0443\u0434\u0456\u0432\u043d\u0438\u0446\u0442\u0432\u0456 \u0442\u0430 \u0442\u0440\u0430\u043d\u0441\u043f\u043e\u0440\u0442\u0456.<\/li>\n<li data-start=\"491\" data-end=\"1049\"><strong>\u0414\u043e\u0432\u0436\u0438\u043d\u0430<\/strong> - 1170 m<\/li>\n<li data-start=\"491\" data-end=\"1049\"><strong>\u041a\u0456\u043b\u044c\u043a\u0456\u0441\u0442\u044c<\/strong> - 130 \u043c\/\u043a\u0433<\/li>\n<li data-start=\"491\" data-end=\"1049\"><strong>\u0412\u0430\u0433\u0430<\/strong> - 9,0 \u043a\u0433<\/li>\n<\/ul>\n<h3 data-start=\"1051\" data-end=\"1070\"><strong data-start=\"1051\" data-end=\"1068\">\u0417\u0430\u044f\u0432\u043a\u0430:<\/strong><\/h3>\n<ul>\n<li data-start=\"1072\" data-end=\"1497\"><strong data-start=\"1075\" data-end=\"1098\">\u0421\u0456\u043b\u044c\u0441\u044c\u043a\u0435 \u0433\u043e\u0441\u043f\u043e\u0434\u0430\u0440\u0441\u0442\u0432\u043e \u0442\u0430 \u0442\u0432\u0430\u0440\u0438\u043d\u043d\u0438\u0446\u0442\u0432\u043e<\/strong> - \u0406\u0434\u0435\u0430\u043b\u044c\u043d\u043e \u043f\u0456\u0434\u0445\u043e\u0434\u0438\u0442\u044c \u0434\u043b\u044f \u0442\u044e\u043a\u0443\u0432\u0430\u043d\u043d\u044f \u0441\u0456\u043d\u0430 \u0442\u0430 \u0441\u043e\u043b\u043e\u043c\u0438, \u043f\u0456\u0434\u0432'\u044f\u0437\u0443\u0432\u0430\u043d\u043d\u044f \u0440\u043e\u0441\u043b\u0438\u043d \u0442\u0430 \u0437\u0430\u0445\u0438\u0441\u0442\u0443 \u0432\u0440\u043e\u0436\u0430\u044e.<\/li>\n<li data-start=\"1072\" data-end=\"1497\"><strong data-start=\"1188\" data-end=\"1203\">\u0421\u0430\u0434 \u0456 \u0433\u043e\u0440\u043e\u0434<\/strong> - \u0412\u0438\u043a\u043e\u0440\u0438\u0441\u0442\u043e\u0432\u0443\u0454\u0442\u044c\u0441\u044f \u0434\u043b\u044f \u0437\u0432'\u044f\u0437\u0443\u0432\u0430\u043d\u043d\u044f \u0434\u0435\u0440\u0435\u0432, \u043a\u0443\u0449\u0456\u0432 \u0442\u0430 \u0432\u0438\u0442\u043a\u0438\u0445 \u0440\u043e\u0441\u043b\u0438\u043d.<\/li>\n<li data-start=\"1072\" data-end=\"1497\"><strong data-start=\"1278\" data-end=\"1305\">\u0411\u0443\u0434\u0456\u0432\u043d\u0438\u0446\u0442\u0432\u043e \u0442\u0430 \u0442\u0440\u0430\u043d\u0441\u043f\u043e\u0440\u0442<\/strong> - \u0412\u0438\u043a\u043e\u0440\u0438\u0441\u0442\u043e\u0432\u0443\u0454\u0442\u044c\u0441\u044f \u0434\u043b\u044f \u043f\u0430\u043a\u0443\u0432\u0430\u043d\u043d\u044f, \u043a\u0440\u0456\u043f\u043b\u0435\u043d\u043d\u044f \u0432\u0430\u043d\u0442\u0430\u0436\u0456\u0432 \u0442\u0430 \u0437\u0432'\u044f\u0437\u0443\u0432\u0430\u043d\u043d\u044f \u043c\u0430\u0442\u0435\u0440\u0456\u0430\u043b\u0456\u0432.<\/li>\n<li data-start=\"1072\" data-end=\"1497\"><strong data-start=\"1387\" data-end=\"1409\">\u0414\u0456\u043c \u0456 \u0433\u043e\u0441\u043f\u043e\u0434\u0430\u0440\u0441\u0442\u0432\u043e<\/strong> - \u0406\u0434\u0435\u0430\u043b\u044c\u043d\u043e \u043f\u0456\u0434\u0445\u043e\u0434\u0438\u0442\u044c \u0434\u043b\u044f \u0440\u0456\u0437\u043d\u043e\u043c\u0430\u043d\u0456\u0442\u043d\u0438\u0445 \u0434\u043e\u043c\u0430\u0448\u043d\u0456\u0445 \u0440\u043e\u0431\u0456\u0442, \u0432\u043a\u043b\u044e\u0447\u0430\u044e\u0447\u0438 \u0440\u0435\u043c\u043e\u043d\u0442 \u0442\u0430 \u043e\u0440\u0433\u0430\u043d\u0456\u0437\u0430\u0446\u0456\u044e \u043f\u0440\u043e\u0441\u0442\u043e\u0440\u0443.<\/li>\n<\/ul>\n<h3 data-start=\"1499\" data-end=\"1840\"><strong data-start=\"1499\" data-end=\"1558\">\u0427\u043e\u043c\u0443 \u0432\u0430\u0440\u0442\u043e \u043e\u0431\u0440\u0430\u0442\u0438 \u043f\u043e\u043b\u0456\u043f\u0440\u043e\u043f\u0456\u043b\u0435\u043d\u043e\u0432\u0438\u0439 \u0441\u0456\u043b\u044c\u0441\u044c\u043a\u043e\u0433\u043e\u0441\u043f\u043e\u0434\u0430\u0440\u0441\u044c\u043a\u0438\u0439 \u0448\u043f\u0430\u0433\u0430\u0442?<\/strong><\/h3>\n<p data-start=\"1499\" data-end=\"1840\">\u041f\u043e\u043b\u0456\u043f\u0440\u043e\u043f\u0456\u043b\u0435\u043d\u043e\u0432\u0438\u0439 \u0448\u043f\u0430\u0433\u0430\u0442 - \u043d\u0435\u0437\u0430\u043c\u0456\u043d\u043d\u0438\u0439 \u0456\u043d\u0441\u0442\u0440\u0443\u043c\u0435\u043d\u0442 \u0434\u043b\u044f \u043a\u043e\u0436\u043d\u043e\u0457 \u0444\u0435\u0440\u043c\u0438 \u0442\u0430 \u0441\u0430\u0434\u0443. \u0412\u0438\u0441\u043e\u043a\u0430 \u043c\u0456\u0446\u043d\u0456\u0441\u0442\u044c, \u0441\u0442\u0456\u0439\u043a\u0456\u0441\u0442\u044c \u0434\u043e \u043f\u043e\u0433\u043e\u0434\u043d\u0438\u0445 \u0443\u043c\u043e\u0432 \u0442\u0430 \u0443\u043d\u0456\u0432\u0435\u0440\u0441\u0430\u043b\u044c\u043d\u0456\u0441\u0442\u044c \u0440\u043e\u0431\u043b\u044f\u0442\u044c \u0439\u043e\u0433\u043e \u043d\u0430\u0434\u0456\u0439\u043d\u0438\u043c \u0432\u0438\u0431\u043e\u0440\u043e\u043c \u044f\u043a \u0434\u043b\u044f \u0444\u0435\u0440\u043c\u0435\u0440\u0456\u0432, \u0442\u0430\u043a \u0456 \u0434\u043b\u044f \u0434\u043e\u043c\u0430\u0448\u043d\u0456\u0445 \u043c\u0430\u0439\u0441\u0442\u0440\u0456\u0432.<\/p>","protected":false},"excerpt":{"rendered":"<p>Sznurek rolniczy polipropylenowy Sznurek rolniczy polipropylenowy to wysokiej jako\u015bci produkt stosowany w rolnictwie i ogrodnictwie. Wykonany z mocnego, syntetycznego w\u0142\u00f3kna, charakteryzuje si\u0119 du\u017c\u0105 wytrzyma\u0142o\u015bci\u0105 na rozci\u0105ganie oraz odporno\u015bci\u0105 na warunki atmosferyczne. Idealny do prasowania siana i s\u0142omy, wi\u0105zania ro\u015blin, a tak\u017ce innych zastosowa\u0144 wymagaj\u0105cych solidnego mocowania. Najwa\u017cniejsze cechy: Trwa\u0142o\u015b\u0107 \u2013 Odporny na zerwanie, dzia\u0142anie promieni [&hellip;]<\/p>","protected":false},"featured_media":5159,"template":"","meta":{"site-sidebar-layout":"default","site-content-layout":"","ast-site-content-layout":"default","site-content-style":"default","site-sidebar-style":"default","ast-global-header-display":"","ast-banner-title-visibility":"","ast-main-header-display":"","ast-hfb-above-header-display":"","ast-hfb-below-header-display":"","ast-hfb-mobile-header-display":"","site-post-title":"","ast-breadcrumbs-content":"","ast-featured-img":"","footer-sml-layout":"","theme-transparent-header-meta":"default","adv-header-id-meta":"","stick-header-meta":"default","header-above-stick-meta":"","header-main-stick-meta":"","header-below-stick-meta":"","astra-migrate-meta-layouts":"set","ast-page-background-enabled":"default","ast-page-background-meta":{"desktop":{"background-color":"var(--ast-global-color-4)","background-image":"","background-repeat":"repeat","background-position":"center center","background-size":"auto","background-attachment":"scroll","background-type":"","background-media":"","overlay-type":"","overlay-color":"","overlay-opacity":"","overlay-gradient":""},"tablet":{"background-color":"","background-image":"","background-repeat":"repeat","background-position":"center center","background-size":"auto","background-attachment":"scroll","background-type":"","background-media":"","overlay-type":"","overlay-color":"","overlay-opacity":"","overlay-gradient":""},"mobile":{"background-color":"","background-image":"","background-repeat":"repeat","background-position":"center center","background-size":"auto","background-attachment":"scroll","background-type":"","background-media":"","overlay-type":"","overlay-color":"","overlay-opacity":"","overlay-gradient":""}},"ast-content-background-meta":{"desktop":{"background-color":"var(--ast-global-color-5)","background-image":"","background-repeat":"repeat","background-position":"center center","background-size":"auto","background-attachment":"scroll","background-type":"","background-media":"","overlay-type":"","overlay-color":"","overlay-opacity":"","overlay-gradient":""},"tablet":{"background-color":"var(--ast-global-color-5)","background-image":"","background-repeat":"repeat","background-position":"center center","background-size":"auto","background-attachment":"scroll","background-type":"","background-media":"","overlay-type":"","overlay-color":"","overlay-opacity":"","overlay-gradient":""},"mobile":{"background-color":"var(--ast-global-color-5)","background-image":"","background-repeat":"repeat","background-position":"center center","background-size":"auto","background-attachment":"scroll","background-type":"","background-media":"","overlay-type":"","overlay-color":"","overlay-opacity":"","overlay-gradient":""}}},"product_brand":[],"product_cat":[225],"product_tag":[],"class_list":{"0":"post-5158","1":"product","2":"type-product","3":"status-publish","4":"has-post-thumbnail","6":"product_cat-tex-7700-rolka-1170m-90kg","7":"desktop-align-left","8":"tablet-align-left","9":"mobile-align-left","10":"ast-product-gallery-layout-horizontal","11":"ast-product-gallery-with-no-image","12":"ast-product-tabs-layout-horizontal","14":"first","15":"instock","16":"shipping-taxable","17":"product-type-simple"},"_links":{"self":[{"href":"https:\/\/wimar.net\/uk\/wp-json\/wp\/v2\/product\/5158","targetHints":{"allow":["GET"]}}],"collection":[{"href":"https:\/\/wimar.net\/uk\/wp-json\/wp\/v2\/product"}],"about":[{"href":"https:\/\/wimar.net\/uk\/wp-json\/wp\/v2\/types\/product"}],"version-history":[{"count":1,"href":"https:\/\/wimar.net\/uk\/wp-json\/wp\/v2\/product\/5158\/revisions"}],"predecessor-version":[{"id":5160,"href":"https:\/\/wimar.net\/uk\/wp-json\/wp\/v2\/product\/5158\/revisions\/5160"}],"wp:featuredmedia":[{"embeddable":true,"href":"https:\/\/wimar.net\/uk\/wp-json\/wp\/v2\/media\/5159"}],"wp:attachment":[{"href":"https:\/\/wimar.net\/uk\/wp-json\/wp\/v2\/media?parent=5158"}],"wp:term":[{"taxonomy":"product_brand","embeddable":true,"href":"https:\/\/wimar.net\/uk\/wp-json\/wp\/v2\/product_brand?post=5158"},{"taxonomy":"product_cat","embeddable":true,"href":"https:\/\/wimar.net\/uk\/wp-json\/wp\/v2\/product_cat?post=5158"},{"taxonomy":"product_tag","embeddable":true,"href":"https:\/\/wimar.net\/uk\/wp-json\/wp\/v2\/product_tag?post=5158"}],"curies":[{"name":"wp","href":"https:\/\/api.w.org\/{rel}","templated":true}]}}