{"id":5226,"date":"2025-03-13T15:21:23","date_gmt":"2025-03-13T14:21:23","guid":{"rendered":"https:\/\/wimar.net\/?post_type=product&#038;p=5226"},"modified":"2025-03-25T09:40:26","modified_gmt":"2025-03-25T08:40:26","slug":"%d1%82%d0%b8%d1%81%d0%bd%d0%b5%d0%bd%d0%bd%d1%8f-%d0%bd%d0%b0-%d1%87%d0%be%d1%80%d0%bd%d0%be%d0%bc%d1%83-%d0%bf%d0%b0%d0%bf%d0%b5%d1%80%d1%96-%d0%b4%d0%bb%d1%8f-%d0%ba%d0%b0%d1%80%d1%82%d0%be%d0%bd","status":"publish","type":"product","link":"https:\/\/wimar.net\/uk\/product-2\/%d1%82%d0%b8%d1%81%d0%bd%d0%b5%d0%bd%d0%bd%d1%8f-%d0%bd%d0%b0-%d1%87%d0%be%d1%80%d0%bd%d0%be%d0%bc%d1%83-%d0%bf%d0%b0%d0%bf%d0%b5%d1%80%d1%96-%d0%b4%d0%bb%d1%8f-%d0%ba%d0%b0%d1%80%d1%82%d0%be%d0%bd\/","title":{"rendered":"\u0415\u043a\u0441\u0442\u0440\u0443\u0437\u0456\u044f \u043f\u0430\u043f\u0435\u0440\u0443 \u0447\u043e\u0440\u043d\u0430 \u0434\u043b\u044f \u043a\u0430\u0440\u0442\u043e\u043d\u0443 600x400\u043c\u043c"},"content":{"rendered":"<h3 data-start=\"0\" data-end=\"80\"><strong data-start=\"0\" data-end=\"78\">\u0422\u0438\u0441\u043d\u0435\u043d\u043d\u044f \u043d\u0430 \u0447\u043e\u0440\u043d\u043e\u043c\u0443 \u043f\u0430\u043f\u0435\u0440\u0456<\/strong><\/h3>\n<p data-start=\"0\" data-end=\"80\">\u041f\u0430\u043f\u0435\u0440\u043e\u0432\u0430 \u043a\u0430\u0440\u0442\u043e\u043d\u043d\u0430 \u0443\u043f\u0430\u043a\u043e\u0432\u043a\u0430 - \u0446\u0435 \u043c\u0456\u0446\u043d\u0435, \u043b\u0435\u0433\u043a\u0435 \u0442\u0430 \u0435\u043a\u043e\u043b\u043e\u0433\u0456\u0447\u043d\u043e \u0447\u0438\u0441\u0442\u0435 \u0440\u0456\u0448\u0435\u043d\u043d\u044f \u0434\u043b\u044f \u0437\u0430\u0445\u0438\u0441\u0442\u0443 \u043f\u0440\u043e\u0434\u0443\u043a\u0446\u0456\u0457 \u043f\u0456\u0434 \u0447\u0430\u0441 \u0442\u0440\u0430\u043d\u0441\u043f\u043e\u0440\u0442\u0443\u0432\u0430\u043d\u043d\u044f \u0442\u0430 \u0437\u0431\u0435\u0440\u0456\u0433\u0430\u043d\u043d\u044f. \u0412\u0438\u0433\u043e\u0442\u043e\u0432\u043b\u0435\u043d\u0456 \u0437 \u0431\u0456\u043e\u0440\u043e\u0437\u043a\u043b\u0430\u0434\u043d\u0438\u0445 \u043c\u0430\u0442\u0435\u0440\u0456\u0430\u043b\u0456\u0432, \u0432\u043e\u043d\u0438 \u0437\u0430\u0431\u0435\u0437\u043f\u0435\u0447\u0443\u044e\u0442\u044c \u0435\u0444\u0435\u043a\u0442\u0438\u0432\u043d\u0438\u0439 \u0437\u0430\u0445\u0438\u0441\u0442 \u0432\u0456\u0434 \u043c\u0435\u0445\u0430\u043d\u0456\u0447\u043d\u0438\u0445 \u043f\u043e\u0448\u043a\u043e\u0434\u0436\u0435\u043d\u044c. \u0417\u0430\u0432\u0434\u044f\u043a\u0438 \u0441\u0432\u043e\u0457\u0439 \u0441\u0442\u0440\u0443\u043a\u0442\u0443\u0440\u0456 \u0432\u043e\u043d\u0438 \u043f\u0440\u043e\u043f\u0443\u0441\u043a\u0430\u044e\u0442\u044c \u043f\u043e\u0432\u0456\u0442\u0440\u044f, \u0449\u043e \u0440\u043e\u0431\u0438\u0442\u044c \u0457\u0445 \u0456\u0434\u0435\u0430\u043b\u044c\u043d\u0438\u043c\u0438 \u0434\u043b\u044f \u0437\u0431\u0435\u0440\u0456\u0433\u0430\u043d\u043d\u044f \u0434\u0435\u043b\u0456\u043a\u0430\u0442\u043d\u0438\u0445 \u043f\u0440\u043e\u0434\u0443\u043a\u0442\u0456\u0432, \u0442\u0430\u043a\u0438\u0445 \u044f\u043a \u0444\u0440\u0443\u043a\u0442\u0438, \u043e\u0432\u043e\u0447\u0456.<\/p>\n<h3 data-start=\"421\" data-end=\"1064\"><strong data-start=\"421\" data-end=\"445\">\u041e\u0441\u043d\u043e\u0432\u043d\u0456 \u0445\u0430\u0440\u0430\u043a\u0442\u0435\u0440\u0438\u0441\u0442\u0438\u043a\u0438:<\/strong><\/h3>\n<ul>\n<li data-start=\"421\" data-end=\"1064\"><strong data-start=\"553\" data-end=\"568\">\u0415\u043a\u043e\u043b\u043e\u0433\u0456\u0447\u043d\u0456\u0441\u0442\u044c<\/strong> - \u0432\u0438\u0433\u043e\u0442\u043e\u0432\u043b\u0435\u043d\u0456 \u0437 \u043f\u0435\u0440\u0435\u0440\u043e\u0431\u043b\u0435\u043d\u043e\u0433\u043e \u043f\u0430\u043f\u0435\u0440\u0443, \u043f\u043e\u0432\u043d\u0456\u0441\u0442\u044e \u0431\u0456\u043e\u043b\u043e\u0433\u0456\u0447\u043d\u043e \u0440\u043e\u0437\u043a\u043b\u0430\u0434\u0430\u044e\u0442\u044c\u0441\u044f \u0442\u0430 \u0454 \u0435\u043a\u043e\u043b\u043e\u0433\u0456\u0447\u043d\u043e \u0447\u0438\u0441\u0442\u0438\u043c\u0438.<\/li>\n<li data-start=\"421\" data-end=\"1064\"><strong data-start=\"664\" data-end=\"690\">\u041b\u0435\u0433\u043a\u0438\u0439 \u0456 \u043c\u0456\u0446\u043d\u0438\u0439<\/strong> - \u0437\u0430\u0431\u0435\u0437\u043f\u0435\u0447\u0438\u0442\u0438 \u0437\u0430\u0445\u0438\u0441\u0442 \u043f\u0440\u043e\u0434\u0443\u043a\u0446\u0456\u0457 \u0431\u0435\u0437 \u0434\u043e\u0434\u0430\u0442\u043a\u043e\u0432\u043e\u0433\u043e \u043d\u0430\u0432\u0430\u043d\u0442\u0430\u0436\u0435\u043d\u043d\u044f \u043d\u0430 \u0443\u043f\u0430\u043a\u043e\u0432\u043a\u0443.<\/li>\n<li data-start=\"421\" data-end=\"1064\"><strong data-start=\"765\" data-end=\"795\">\u041f\u043e\u0432\u0456\u0442\u0440\u043e\u043f\u0440\u043e\u043d\u0438\u043a\u043d\u0456\u0441\u0442\u044c<\/strong> - \u0437\u043c\u0435\u043d\u0448\u0443\u044e\u0442\u044c \u0440\u0438\u0437\u0438\u043a \u043f\u043e\u044f\u0432\u0438 \u0432\u043e\u0433\u043a\u043e\u0441\u0442\u0456 \u0442\u0430 \u043f\u043b\u0456\u0441\u043d\u044f\u0432\u0438, \u0456\u0434\u0435\u0430\u043b\u044c\u043d\u043e \u043f\u0456\u0434\u0445\u043e\u0434\u044f\u0442\u044c \u0434\u043b\u044f \u0437\u0431\u0435\u0440\u0456\u0433\u0430\u043d\u043d\u044f \u043f\u0440\u043e\u0434\u0443\u043a\u0442\u0456\u0432 \u0445\u0430\u0440\u0447\u0443\u0432\u0430\u043d\u043d\u044f.<\/li>\n<li data-start=\"421\" data-end=\"1064\"><strong data-start=\"879\" data-end=\"904\">\u041f\u043e\u0433\u043b\u0438\u043d\u0430\u043d\u043d\u044f \u0443\u0434\u0430\u0440\u0456\u0432<\/strong> - \u0421\u0442\u0440\u0443\u043a\u0442\u0443\u0440\u0430 \u0435\u043a\u0441\u0442\u0440\u0443\u0437\u0456\u0457 \u0435\u0444\u0435\u043a\u0442\u0438\u0432\u043d\u043e \u043f\u043e\u0433\u043b\u0438\u043d\u0430\u0454 \u0443\u0434\u0430\u0440\u0438, \u0437\u0430\u0445\u0438\u0449\u0430\u044e\u0447\u0438 \u043a\u0440\u0438\u0445\u043a\u0456 \u043f\u0440\u0435\u0434\u043c\u0435\u0442\u0438.<\/li>\n<li data-start=\"421\" data-end=\"1064\"><strong data-start=\"994\" data-end=\"1011\">\u0423\u043d\u0456\u0432\u0435\u0440\u0441\u0430\u043b\u044c\u043d\u0456\u0441\u0442\u044c<\/strong> - \u0448\u0438\u0440\u043e\u043a\u0435 \u0437\u0430\u0441\u0442\u043e\u0441\u0443\u0432\u0430\u043d\u043d\u044f \u0432 \u0440\u0456\u0437\u043d\u0438\u0445 \u0433\u0430\u043b\u0443\u0437\u044f\u0445 \u043f\u0440\u043e\u043c\u0438\u0441\u043b\u043e\u0432\u043e\u0441\u0442\u0456, \u0432\u0456\u0434 \u0445\u0430\u0440\u0447\u043e\u0432\u043e\u0457 \u0434\u043e \u0435\u043b\u0435\u043a\u0442\u0440\u043e\u043d\u043d\u043e\u0457.<\/li>\n<li data-start=\"421\" data-end=\"1064\"><strong>\u0420\u043e\u0437\u043c\u0456\u0440\u0438 \u043a\u043e\u0440\u043e\u0431\u043a\u0438<\/strong> - 600 x 400 \u043c\u043c<\/li>\n<li data-start=\"421\" data-end=\"1064\"><strong>\u0420\u043e\u0437\u043c\u0456\u0440\u0438 \u0435\u043a\u0441\u0442\u0440\u0443\u0437\u0456\u0457<\/strong> - 590 x 390 \u043c\u043c<\/li>\n<\/ul>\n<p><img fetchpriority=\"high\" decoding=\"async\" class=\"wp-image-5094 aligncenter\" src=\"https:\/\/wimar.net\/wp-content\/uploads\/2025\/03\/tabelka-300x147.jpg\" alt=\"\" width=\"543\" height=\"266\" srcset=\"https:\/\/wimar.net\/wp-content\/uploads\/2025\/03\/tabelka-300x147.jpg 300w, https:\/\/wimar.net\/wp-content\/uploads\/2025\/03\/tabelka-1024x503.jpg 1024w, https:\/\/wimar.net\/wp-content\/uploads\/2025\/03\/tabelka-768x377.jpg 768w, https:\/\/wimar.net\/wp-content\/uploads\/2025\/03\/tabelka-600x294.jpg 600w, https:\/\/wimar.net\/wp-content\/uploads\/2025\/03\/tabelka-64x31.jpg 64w, https:\/\/wimar.net\/wp-content\/uploads\/2025\/03\/tabelka.jpg 1524w\" sizes=\"(max-width: 543px) 100vw, 543px\" \/><\/p>\n<h3 data-start=\"1066\" data-end=\"1525\"><strong data-start=\"1066\" data-end=\"1083\">\u0417\u0430\u044f\u0432\u043a\u0430:<\/strong><\/h3>\n<ul>\n<li data-start=\"1066\" data-end=\"1525\"><strong data-start=\"1243\" data-end=\"1272\">\u0412\u0438\u0440\u043e\u0431\u043d\u0438\u0446\u0442\u0432\u043e \u0442\u0430 \u0437\u0431\u0435\u0440\u0456\u0433\u0430\u043d\u043d\u044f<\/strong> - \u0412\u043e\u043d\u0438 \u0434\u043e\u043f\u043e\u043c\u0430\u0433\u0430\u044e\u0442\u044c \u043e\u0440\u0433\u0430\u043d\u0456\u0437\u0443\u0432\u0430\u0442\u0438 \u043a\u043e\u043c\u043f\u043e\u043d\u0435\u043d\u0442\u0438 \u043d\u0430 \u0432\u0438\u0440\u043e\u0431\u043d\u0438\u0446\u0442\u0432\u0456 \u0442\u0430 \u0441\u043a\u043b\u0430\u0434\u0430\u0445.<\/li>\n<li data-start=\"1066\" data-end=\"1525\"><strong data-start=\"1355\" data-end=\"1375\">\u0425\u0430\u0440\u0447\u043e\u0432\u0430 \u043f\u0440\u043e\u043c\u0438\u0441\u043b\u043e\u0432\u0456\u0441\u0442\u044c<\/strong> - \u0412\u0438\u043a\u043e\u0440\u0438\u0441\u0442\u043e\u0432\u0443\u0454\u0442\u044c\u0441\u044f \u0434\u043b\u044f \u043a\u043e\u043d\u0441\u0435\u0440\u0432\u0443\u0432\u0430\u043d\u043d\u044f \u043f\u0440\u043e\u0434\u0443\u043a\u0442\u0456\u0432 \u0445\u0430\u0440\u0447\u0443\u0432\u0430\u043d\u043d\u044f.<\/li>\n<\/ul>\n<h3 data-start=\"1527\" data-end=\"1839\"><strong data-start=\"1527\" data-end=\"1585\">\u0427\u043e\u043c\u0443 \u0432\u0430\u0440\u0442\u043e \u043e\u0431\u0438\u0440\u0430\u0442\u0438 \u043d\u0430\u0448\u0456 \u043f\u043e\u043b\u0456\u043f\u0440\u043e\u043f\u0456\u043b\u0435\u043d\u043e\u0432\u0456 \u0435\u043a\u0441\u0442\u0440\u0443\u0437\u0456\u0457?<\/strong><\/h3>\n<p data-start=\"1527\" data-end=\"1839\">\u041d\u0430\u0448\u0456 \u0435\u043a\u0441\u0442\u0440\u0443\u0437\u0456\u0457 - \u0456\u0434\u0435\u0430\u043b\u044c\u043d\u0435 \u0440\u0456\u0448\u0435\u043d\u043d\u044f \u0434\u043b\u044f \u043a\u043e\u043c\u043f\u0430\u043d\u0456\u0439, \u044f\u043a\u0456 \u0448\u0443\u043a\u0430\u044e\u0442\u044c \u043d\u0430\u0434\u0456\u0439\u043d\u0456 \u0442\u0430 \u0434\u043e\u0432\u0433\u043e\u0432\u0456\u0447\u043d\u0456 \u043f\u0430\u043a\u0443\u0432\u0430\u043b\u044c\u043d\u0456 \u0432\u0441\u0442\u0430\u0432\u043a\u0438. \u0407\u0445 \u0443\u043d\u0456\u0432\u0435\u0440\u0441\u0430\u043b\u044c\u043d\u0456\u0441\u0442\u044c, \u0441\u0442\u0456\u0439\u043a\u0456\u0441\u0442\u044c \u0434\u043e \u043f\u043e\u0448\u043a\u043e\u0434\u0436\u0435\u043d\u044c \u0456 \u043c\u043e\u0436\u043b\u0438\u0432\u0456\u0441\u0442\u044c \u0431\u0430\u0433\u0430\u0442\u043e\u0440\u0430\u0437\u043e\u0432\u043e\u0433\u043e \u0432\u0438\u043a\u043e\u0440\u0438\u0441\u0442\u0430\u043d\u043d\u044f \u0440\u043e\u0431\u043b\u044f\u0442\u044c \u0457\u0445 \u043d\u0435 \u0442\u0456\u043b\u044c\u043a\u0438 \u043f\u0440\u0430\u043a\u0442\u0438\u0447\u043d\u0438\u043c, \u0430\u043b\u0435 \u0439 \u0435\u043a\u043e\u043b\u043e\u0433\u0456\u0447\u043d\u0438\u043c \u0432\u0438\u0431\u043e\u0440\u043e\u043c.<\/p>","protected":false},"excerpt":{"rendered":"<p>Wyt\u0142oczki papierowe czarne Wyt\u0142oczki papierowe do kartonu to trwa\u0142e, lekkie i ekologiczne rozwi\u0105zanie do zabezpieczania produkt\u00f3w podczas transportu i przechowywania. Wykonane z biodegradowalnych materia\u0142\u00f3w, zapewniaj\u0105 skuteczn\u0105 ochron\u0119 przed uszkodzeniami mechanicznymi. Dzi\u0119ki swojej strukturze umo\u017cliwiaj\u0105 przep\u0142yw powietrza, co sprawia, \u017ce s\u0105 idealne do przechowywania delikatnych produkt\u00f3w, takich jak owoce, warzywa. Najwa\u017cniejsze cechy: Ekologiczne \u2013 wykonane z [&hellip;]<\/p>","protected":false},"featured_media":5227,"template":"","meta":{"site-sidebar-layout":"default","site-content-layout":"","ast-site-content-layout":"default","site-content-style":"default","site-sidebar-style":"default","ast-global-header-display":"","ast-banner-title-visibility":"","ast-main-header-display":"","ast-hfb-above-header-display":"","ast-hfb-below-header-display":"","ast-hfb-mobile-header-display":"","site-post-title":"","ast-breadcrumbs-content":"","ast-featured-img":"","footer-sml-layout":"","theme-transparent-header-meta":"default","adv-header-id-meta":"","stick-header-meta":"default","header-above-stick-meta":"","header-main-stick-meta":"","header-below-stick-meta":"","astra-migrate-meta-layouts":"set","ast-page-background-enabled":"default","ast-page-background-meta":{"desktop":{"background-color":"var(--ast-global-color-4)","background-image":"","background-repeat":"repeat","background-position":"center center","background-size":"auto","background-attachment":"scroll","background-type":"","background-media":"","overlay-type":"","overlay-color":"","overlay-opacity":"","overlay-gradient":""},"tablet":{"background-color":"","background-image":"","background-repeat":"repeat","background-position":"center center","background-size":"auto","background-attachment":"scroll","background-type":"","background-media":"","overlay-type":"","overlay-color":"","overlay-opacity":"","overlay-gradient":""},"mobile":{"background-color":"","background-image":"","background-repeat":"repeat","background-position":"center center","background-size":"auto","background-attachment":"scroll","background-type":"","background-media":"","overlay-type":"","overlay-color":"","overlay-opacity":"","overlay-gradient":""}},"ast-content-background-meta":{"desktop":{"background-color":"var(--ast-global-color-5)","background-image":"","background-repeat":"repeat","background-position":"center center","background-size":"auto","background-attachment":"scroll","background-type":"","background-media":"","overlay-type":"","overlay-color":"","overlay-opacity":"","overlay-gradient":""},"tablet":{"background-color":"var(--ast-global-color-5)","background-image":"","background-repeat":"repeat","background-position":"center center","background-size":"auto","background-attachment":"scroll","background-type":"","background-media":"","overlay-type":"","overlay-color":"","overlay-opacity":"","overlay-gradient":""},"mobile":{"background-color":"var(--ast-global-color-5)","background-image":"","background-repeat":"repeat","background-position":"center center","background-size":"auto","background-attachment":"scroll","background-type":"","background-media":"","overlay-type":"","overlay-color":"","overlay-opacity":"","overlay-gradient":""}}},"product_brand":[],"product_cat":[393,384],"product_tag":[],"class_list":{"0":"post-5226","1":"product","2":"type-product","3":"status-publish","4":"has-post-thumbnail","6":"product_cat-czarne-papierowe","7":"product_cat-wytloczki-do-kartonu-600x400","8":"desktop-align-left","9":"tablet-align-left","10":"mobile-align-left","11":"ast-product-gallery-layout-horizontal","12":"ast-product-tabs-layout-horizontal","14":"first","15":"instock","16":"shipping-taxable","17":"product-type-simple"},"_links":{"self":[{"href":"https:\/\/wimar.net\/uk\/wp-json\/wp\/v2\/product\/5226","targetHints":{"allow":["GET"]}}],"collection":[{"href":"https:\/\/wimar.net\/uk\/wp-json\/wp\/v2\/product"}],"about":[{"href":"https:\/\/wimar.net\/uk\/wp-json\/wp\/v2\/types\/product"}],"version-history":[{"count":3,"href":"https:\/\/wimar.net\/uk\/wp-json\/wp\/v2\/product\/5226\/revisions"}],"predecessor-version":[{"id":6401,"href":"https:\/\/wimar.net\/uk\/wp-json\/wp\/v2\/product\/5226\/revisions\/6401"}],"wp:featuredmedia":[{"embeddable":true,"href":"https:\/\/wimar.net\/uk\/wp-json\/wp\/v2\/media\/5227"}],"wp:attachment":[{"href":"https:\/\/wimar.net\/uk\/wp-json\/wp\/v2\/media?parent=5226"}],"wp:term":[{"taxonomy":"product_brand","embeddable":true,"href":"https:\/\/wimar.net\/uk\/wp-json\/wp\/v2\/product_brand?post=5226"},{"taxonomy":"product_cat","embeddable":true,"href":"https:\/\/wimar.net\/uk\/wp-json\/wp\/v2\/product_cat?post=5226"},{"taxonomy":"product_tag","embeddable":true,"href":"https:\/\/wimar.net\/uk\/wp-json\/wp\/v2\/product_tag?post=5226"}],"curies":[{"name":"wp","href":"https:\/\/api.w.org\/{rel}","templated":true}]}}