{"id":5251,"date":"2025-03-14T10:13:15","date_gmt":"2025-03-14T09:13:15","guid":{"rendered":"https:\/\/wimar.net\/?post_type=product&#038;p=5251"},"modified":"2025-03-19T14:21:12","modified_gmt":"2025-03-19T13:21:12","slug":"%d0%b4%d0%b8%d1%82%d1%8f%d1%87%d1%96-%d0%b3%d0%be%d1%80%d1%89%d0%b8%d0%ba%d0%b8-70%d0%bb-56%d1%81%d0%bc-%d0%bc%d1%96%d1%86%d0%bd%d1%96","status":"publish","type":"product","link":"https:\/\/wimar.net\/uk\/product-2\/%d0%b4%d0%b8%d1%82%d1%8f%d1%87%d1%96-%d0%b3%d0%be%d1%80%d1%89%d0%b8%d0%ba%d0%b8-70%d0%bb-56%d1%81%d0%bc-%d0%bc%d1%96%d1%86%d0%bd%d1%96\/","title":{"rendered":"\u041c\u0456\u0446\u043d\u0456 \u0434\u0438\u0442\u044f\u0447\u0456 \u0433\u043e\u0440\u0449\u0438\u043a\u0438 FENICE \u0434\u043e\u0441\u0442\u0443\u043f\u043d\u0456 \u0432 \u0440\u0456\u0437\u043d\u0438\u0445 \u0440\u043e\u0437\u043c\u0456\u0440\u0430\u0445"},"content":{"rendered":"<h3 data-start=\"0\" data-end=\"80\"><strong data-start=\"0\" data-end=\"78\">\u0413\u043e\u0440\u0449\u0438\u043a\u0438 \u0434\u043b\u044f \u0440\u043e\u0437\u0441\u0430\u0434\u043d\u0438\u043a\u0430<\/strong><\/h3>\n<p data-start=\"69\" data-end=\"283\">\u0420\u043e\u0437\u0441\u0430\u0434\u043d\u0438\u043a\u0438 - \u0446\u0435 \u043c\u0456\u0446\u043d\u0456 \u0442\u0430 \u0444\u0443\u043d\u043a\u0446\u0456\u043e\u043d\u0430\u043b\u044c\u043d\u0456 \u043a\u043e\u043d\u0442\u0435\u0439\u043d\u0435\u0440\u0438 \u0434\u043b\u044f \u0432\u0438\u0440\u043e\u0449\u0443\u0432\u0430\u043d\u043d\u044f \u0440\u043e\u0441\u043b\u0438\u043d. \u0412\u0438\u0433\u043e\u0442\u043e\u0432\u043b\u0435\u043d\u0456 \u0437 \u0432\u0438\u0441\u043e\u043a\u043e\u044f\u043a\u0456\u0441\u043d\u0438\u0445 \u043c\u0430\u0442\u0435\u0440\u0456\u0430\u043b\u0456\u0432, \u0432\u043e\u043d\u0438 \u0437\u0430\u0431\u0435\u0437\u043f\u0435\u0447\u0443\u044e\u0442\u044c \u043e\u043f\u0442\u0438\u043c\u0430\u043b\u044c\u043d\u0456 \u0443\u043c\u043e\u0432\u0438 \u0434\u043b\u044f \u0440\u043e\u0441\u0442\u0443 \u0440\u043e\u0437\u0441\u0430\u0434\u0438, \u0433\u0430\u0440\u0430\u043d\u0442\u0443\u044e\u0447\u0438 \u0457\u0457 \u0437\u0434\u043e\u0440\u043e\u0432\u0438\u0439 \u0440\u043e\u0437\u0432\u0438\u0442\u043e\u043a.<\/p>\n<h4 data-start=\"285\" data-end=\"316\"><strong data-start=\"290\" data-end=\"314\">\u041e\u0441\u043d\u043e\u0432\u043d\u0456 \u0445\u0430\u0440\u0430\u043a\u0442\u0435\u0440\u0438\u0441\u0442\u0438\u043a\u0438:<\/strong><\/h4>\n<ul>\n<li data-start=\"318\" data-end=\"878\"><strong data-start=\"320\" data-end=\"332\">\u0421\u0442\u0430\u043b\u0438\u0439 \u0440\u043e\u0437\u0432\u0438\u0442\u043e\u043a<\/strong> - \u0412\u0438\u0433\u043e\u0442\u043e\u0432\u043b\u0435\u043d\u0438\u0439 \u0437 \u043c\u0456\u0446\u043d\u043e\u0433\u043e, \u0441\u0442\u0456\u0439\u043a\u043e\u0433\u043e \u0434\u043e \u043f\u043e\u0448\u043a\u043e\u0434\u0436\u0435\u043d\u044c \u043c\u0430\u0442\u0435\u0440\u0456\u0430\u043b\u0443 \u0434\u043b\u044f \u0442\u0440\u0438\u0432\u0430\u043b\u043e\u0433\u043e \u0432\u0438\u043a\u043e\u0440\u0438\u0441\u0442\u0430\u043d\u043d\u044f.<\/li>\n<li data-start=\"318\" data-end=\"878\"><strong data-start=\"438\" data-end=\"453\">\u0415\u043a\u043e\u043b\u043e\u0433\u0456\u0447\u043d\u0456\u0441\u0442\u044c<\/strong> - \u041f\u0440\u0438\u0434\u0430\u0442\u043d\u0456\u0441\u0442\u044c \u0434\u043e \u0432\u0442\u043e\u0440\u0438\u043d\u043d\u043e\u0457 \u043f\u0435\u0440\u0435\u0440\u043e\u0431\u043a\u0438 \u0440\u043e\u0431\u0438\u0442\u044c \u0457\u0445 \u0435\u043a\u043e\u043b\u043e\u0433\u0456\u0447\u043d\u043e \u0447\u0438\u0441\u0442\u0438\u043c\u0438.<\/li>\n<li data-start=\"318\" data-end=\"878\"><strong data-start=\"522\" data-end=\"559\">\u041f\u043e\u0432\u0456\u0442\u0440\u043e- \u0442\u0430 \u0432\u043e\u0434\u043e\u043f\u0440\u043e\u043d\u0438\u043a\u043d\u0456\u0441\u0442\u044c<\/strong> - \u041f\u0440\u0430\u0432\u0438\u043b\u044c\u043d\u043e \u0441\u043f\u0440\u043e\u0435\u043a\u0442\u043e\u0432\u0430\u043d\u0456 \u0434\u0440\u0435\u043d\u0430\u0436\u043d\u0456 \u043e\u0442\u0432\u043e\u0440\u0438 \u0437\u0430\u043f\u043e\u0431\u0456\u0433\u0430\u044e\u0442\u044c \u0437\u0430\u0441\u0442\u043e\u044e \u0432\u043e\u0434\u0438 \u0442\u0430 \u0437\u0430\u0433\u043d\u0438\u0432\u0430\u043d\u043d\u044e \u043a\u043e\u0440\u0435\u043d\u0456\u0432.<\/li>\n<li data-start=\"318\" data-end=\"878\"><strong data-start=\"655\" data-end=\"675\">\u041b\u0435\u0433\u043a\u0438\u0439 \u0456 \u0437\u0440\u0443\u0447\u043d\u0438\u0439<\/strong> - \u041b\u0435\u0433\u043a\u043e \u043f\u0435\u0440\u0435\u043d\u043e\u0441\u0438\u0442\u0438 \u0456 \u0437\u0431\u0435\u0440\u0456\u0433\u0430\u0442\u0438 \u0434\u043b\u044f \u0437\u0440\u0443\u0447\u043d\u043e\u0441\u0442\u0456 \u0432\u0438\u043a\u043e\u0440\u0438\u0441\u0442\u0430\u043d\u043d\u044f \u0432 \u0434\u0438\u0442\u044f\u0447\u0438\u0445 \u0441\u0430\u0434\u043a\u0430\u0445 \u0456 \u0441\u0430\u0434\u0430\u0445.<\/li>\n<li data-start=\"318\" data-end=\"878\"><strong>\u0421\u0442\u0456\u0439\u043a\u0456\u0441\u0442\u044c \u0434\u043e \u043f\u043e\u0433\u043e\u0434\u043d\u0438\u0445 \u0443\u043c\u043e\u0432<\/strong> - \u0423\u0424-\u0441\u0442\u0430\u0431\u0456\u043b\u0456\u0437\u0430\u0446\u0456\u044f, \u0441\u0442\u0456\u0439\u043a\u0456\u0441\u0442\u044c \u0434\u043e \u0442\u0435\u043c\u043f\u0435\u0440\u0430\u0442\u0443\u0440\u0438 \u0434\u043e -65<em>\u00b0C<\/em>\u00a0 \u00a0+85<em>\u00b0C<\/em><\/li>\n<li data-start=\"318\" data-end=\"878\"><strong>\u041a\u0440\u0430\u0457\u043d\u0430 \u0432\u0438\u0440\u043e\u0431\u043d\u0438\u0446\u0442\u0432\u0430<\/strong> - \u0406\u0442\u0430\u043b\u0456\u044f<\/li>\n<li data-start=\"318\" data-end=\"878\"><strong>\u0414\u041e\u0421\u0422\u0423\u041f\u041d\u0406 \u0420\u041e\u0417\u041c\u0406\u0420\u0418:<\/strong><\/li>\n<\/ul>\n<p><img fetchpriority=\"high\" decoding=\"async\" class=\"wp-image-5899 aligncenter\" src=\"https:\/\/wimar.net\/wp-content\/uploads\/2025\/03\/FENICE-2B-300x149.jpg\" alt=\"\" width=\"582\" height=\"289\" srcset=\"https:\/\/wimar.net\/wp-content\/uploads\/2025\/03\/FENICE-2B-300x149.jpg 300w, https:\/\/wimar.net\/wp-content\/uploads\/2025\/03\/FENICE-2B-1024x508.jpg 1024w, https:\/\/wimar.net\/wp-content\/uploads\/2025\/03\/FENICE-2B-768x381.jpg 768w, https:\/\/wimar.net\/wp-content\/uploads\/2025\/03\/FENICE-2B-600x298.jpg 600w, https:\/\/wimar.net\/wp-content\/uploads\/2025\/03\/FENICE-2B-64x32.jpg 64w, https:\/\/wimar.net\/wp-content\/uploads\/2025\/03\/FENICE-2B.jpg 1140w\" sizes=\"(max-width: 582px) 100vw, 582px\" \/><\/p>\n<h4 data-start=\"880\" data-end=\"904\"><strong data-start=\"885\" data-end=\"902\">\u0417\u0430\u044f\u0432\u043a\u0430:<\/strong><\/h4>\n<ul>\n<li data-start=\"906\" data-end=\"1320\"><strong data-start=\"909\" data-end=\"936\">\u0420\u043e\u0437\u043c\u043d\u043e\u0436\u0435\u043d\u043d\u044f \u0442\u0430 \u0432\u0438\u0440\u043e\u0449\u0443\u0432\u0430\u043d\u043d\u044f \u0440\u043e\u0441\u043b\u0438\u043d<\/strong> - \u0406\u0434\u0435\u0430\u043b\u044c\u043d\u043e \u043f\u0456\u0434\u0445\u043e\u0434\u0438\u0442\u044c \u0434\u043b\u044f \u0434\u0435\u0440\u0435\u0432, \u043a\u0443\u0449\u0456\u0432, \u043e\u0432\u043e\u0447\u0456\u0432 \u0456 \u043a\u0432\u0456\u0442\u0456\u0432.<\/li>\n<li data-start=\"906\" data-end=\"1320\"><strong data-start=\"992\" data-end=\"1028\">\u0412\u0438\u0440\u043e\u0449\u0443\u0432\u0430\u043d\u043d\u044f \u0432 \u0442\u0443\u043d\u0435\u043b\u044f\u0445 \u0456 \u0442\u0435\u043f\u043b\u0438\u0446\u044f\u0445<\/strong> - \u0412\u043e\u043d\u0438 \u0434\u043e\u0437\u0432\u043e\u043b\u044f\u044e\u0442\u044c \u043a\u043e\u043d\u0442\u0440\u043e\u043b\u044e\u0432\u0430\u0442\u0438 \u0440\u0456\u0441\u0442 \u0440\u043e\u0441\u043b\u0438\u043d \u0443 \u043f\u0440\u043e\u0444\u0435\u0441\u0456\u0439\u043d\u0438\u0445 \u0443\u043c\u043e\u0432\u0430\u0445.<\/li>\n<li data-start=\"906\" data-end=\"1320\"><strong data-start=\"1104\" data-end=\"1126\">\u0422\u0440\u0430\u043d\u0441\u043f\u043e\u0440\u0442\u0443\u0432\u0430\u043d\u043d\u044f \u0441\u0430\u0434\u0436\u0430\u043d\u0446\u0456\u0432<\/strong> - \u0417\u0430\u0432\u0434\u044f\u043a\u0438 \u0441\u0432\u043e\u0457\u0439 \u043c\u0456\u0446\u043d\u043e\u0441\u0442\u0456 \u0433\u043e\u0440\u0449\u0438\u043a\u0438 \u0437\u0430\u0445\u0438\u0449\u0430\u044e\u0442\u044c \u0440\u043e\u0441\u043b\u0438\u043d\u0438 \u043f\u0456\u0434 \u0447\u0430\u0441 \u0442\u0440\u0430\u043d\u0441\u043f\u043e\u0440\u0442\u0443\u0432\u0430\u043d\u043d\u044f.<\/li>\n<li data-start=\"906\" data-end=\"1320\"><strong data-start=\"1201\" data-end=\"1230\">\u0414\u043e\u043c\u0430\u0448\u043d\u0456 \u0442\u0430 \u0431\u0430\u043b\u043a\u043e\u043d\u043d\u0456 \u0441\u0430\u0434\u0438<\/strong> - \u0427\u0443\u0434\u043e\u0432\u0430 \u0430\u043b\u044c\u0442\u0435\u0440\u043d\u0430\u0442\u0438\u0432\u0430 \u0442\u0440\u0430\u0434\u0438\u0446\u0456\u0439\u043d\u0438\u043c \u0433\u043e\u0440\u0449\u0438\u043a\u0430\u043c, \u0449\u043e \u0434\u043e\u0437\u0432\u043e\u043b\u044f\u0454 \u043b\u0435\u0433\u043a\u043e \u043f\u0435\u0440\u0435\u0441\u0430\u0434\u0436\u0443\u0432\u0430\u0442\u0438 \u0440\u043e\u0441\u043b\u0438\u043d\u0438.<\/li>\n<\/ul>\n<h4 data-start=\"1322\" data-end=\"1377\"><strong data-start=\"1327\" data-end=\"1375\">\u0427\u043e\u043c\u0443 \u0432\u0430\u0440\u0442\u043e \u0432\u0438\u0431\u0438\u0440\u0430\u0442\u0438 \u0434\u0438\u0442\u044f\u0447\u0456 \u0433\u043e\u0440\u0449\u0438\u043a\u0438?<\/strong><\/h4>\n<p data-start=\"1379\" data-end=\"1607\" data-is-last-node=\"\" data-is-only-node=\"\">\u0420\u043e\u0437\u0441\u0430\u0434\u043d\u0438\u043a\u0438 - \u0446\u0435 \u043d\u0430\u0434\u0456\u0439\u043d\u0435 \u0442\u0430 \u0435\u043a\u043e\u043d\u043e\u043c\u0456\u0447\u043d\u0435 \u0440\u0456\u0448\u0435\u043d\u043d\u044f \u044f\u043a \u0434\u043b\u044f \u043f\u0440\u043e\u0444\u0435\u0441\u0456\u0439\u043d\u0438\u0445 \u0440\u043e\u0437\u0441\u0430\u0434\u043d\u0438\u043a\u0456\u0432, \u0442\u0430\u043a \u0456 \u0434\u043b\u044f \u0441\u0430\u0434\u0456\u0432\u043d\u0438\u043a\u0456\u0432-\u043b\u044e\u0431\u0438\u0442\u0435\u043b\u0456\u0432. \u041c\u0456\u0446\u043d\u0456\u0441\u0442\u044c, \u0444\u0443\u043d\u043a\u0446\u0456\u043e\u043d\u0430\u043b\u044c\u043d\u0456\u0441\u0442\u044c \u0442\u0430 \u0435\u043a\u043e\u043b\u043e\u0433\u0456\u0447\u043d\u0456\u0441\u0442\u044c \u0440\u043e\u0431\u043b\u044f\u0442\u044c \u0457\u0445 \u0447\u0443\u0434\u043e\u0432\u0438\u043c \u0432\u0438\u0431\u043e\u0440\u043e\u043c \u043d\u0430 \u0434\u043e\u0432\u0433\u0456 \u0440\u043e\u043a\u0438.<\/p>","protected":false},"excerpt":{"rendered":"<p>Doniczki szk\u00f3\u0142karskie Doniczki szk\u00f3\u0142karskie to wytrzyma\u0142e i funkcjonalne pojemniki przeznaczone do uprawy ro\u015blin. Wykonane z wysokiej jako\u015bci materia\u0142\u00f3w, zapewniaj\u0105 optymalne warunki do wzrostu sadzonek, gwarantuj\u0105c ich zdrowy rozw\u00f3j. Najwa\u017cniejsze cechy: Trwa\u0142o\u015b\u0107 \u2013 Wykonane z mocnego, odpornego na uszkodzenia materia\u0142u, kt\u00f3ry zapewnia d\u0142ugowieczno\u015b\u0107 u\u017cytkowania. Ekologiczne \u2013 Mo\u017cliwo\u015b\u0107 recyklingu sprawia, \u017ce s\u0105 przyjazne dla \u015brodowiska. Przepuszczalno\u015b\u0107 powietrza [&hellip;]<\/p>","protected":false},"featured_media":5252,"template":"","meta":{"site-sidebar-layout":"default","site-content-layout":"","ast-site-content-layout":"default","site-content-style":"default","site-sidebar-style":"default","ast-global-header-display":"","ast-banner-title-visibility":"","ast-main-header-display":"","ast-hfb-above-header-display":"","ast-hfb-below-header-display":"","ast-hfb-mobile-header-display":"","site-post-title":"","ast-breadcrumbs-content":"","ast-featured-img":"","footer-sml-layout":"","theme-transparent-header-meta":"default","adv-header-id-meta":"","stick-header-meta":"default","header-above-stick-meta":"","header-main-stick-meta":"","header-below-stick-meta":"","astra-migrate-meta-layouts":"set","ast-page-background-enabled":"default","ast-page-background-meta":{"desktop":{"background-color":"var(--ast-global-color-4)","background-image":"","background-repeat":"repeat","background-position":"center center","background-size":"auto","background-attachment":"scroll","background-type":"","background-media":"","overlay-type":"","overlay-color":"","overlay-opacity":"","overlay-gradient":""},"tablet":{"background-color":"","background-image":"","background-repeat":"repeat","background-position":"center center","background-size":"auto","background-attachment":"scroll","background-type":"","background-media":"","overlay-type":"","overlay-color":"","overlay-opacity":"","overlay-gradient":""},"mobile":{"background-color":"","background-image":"","background-repeat":"repeat","background-position":"center center","background-size":"auto","background-attachment":"scroll","background-type":"","background-media":"","overlay-type":"","overlay-color":"","overlay-opacity":"","overlay-gradient":""}},"ast-content-background-meta":{"desktop":{"background-color":"var(--ast-global-color-5)","background-image":"","background-repeat":"repeat","background-position":"center center","background-size":"auto","background-attachment":"scroll","background-type":"","background-media":"","overlay-type":"","overlay-color":"","overlay-opacity":"","overlay-gradient":""},"tablet":{"background-color":"var(--ast-global-color-5)","background-image":"","background-repeat":"repeat","background-position":"center center","background-size":"auto","background-attachment":"scroll","background-type":"","background-media":"","overlay-type":"","overlay-color":"","overlay-opacity":"","overlay-gradient":""},"mobile":{"background-color":"var(--ast-global-color-5)","background-image":"","background-repeat":"repeat","background-position":"center center","background-size":"auto","background-attachment":"scroll","background-type":"","background-media":"","overlay-type":"","overlay-color":"","overlay-opacity":"","overlay-gradient":""}}},"product_brand":[],"product_cat":[246],"product_tag":[],"class_list":{"0":"post-5251","1":"product","2":"type-product","3":"status-publish","4":"has-post-thumbnail","6":"product_cat-doniczki-szkolkarskie-doniczki-i-kontenery","7":"desktop-align-left","8":"tablet-align-left","9":"mobile-align-left","10":"ast-product-gallery-layout-horizontal","11":"ast-product-tabs-layout-horizontal","13":"first","14":"instock","15":"shipping-taxable","16":"product-type-simple"},"_links":{"self":[{"href":"https:\/\/wimar.net\/uk\/wp-json\/wp\/v2\/product\/5251","targetHints":{"allow":["GET"]}}],"collection":[{"href":"https:\/\/wimar.net\/uk\/wp-json\/wp\/v2\/product"}],"about":[{"href":"https:\/\/wimar.net\/uk\/wp-json\/wp\/v2\/types\/product"}],"version-history":[{"count":5,"href":"https:\/\/wimar.net\/uk\/wp-json\/wp\/v2\/product\/5251\/revisions"}],"predecessor-version":[{"id":5893,"href":"https:\/\/wimar.net\/uk\/wp-json\/wp\/v2\/product\/5251\/revisions\/5893"}],"wp:featuredmedia":[{"embeddable":true,"href":"https:\/\/wimar.net\/uk\/wp-json\/wp\/v2\/media\/5252"}],"wp:attachment":[{"href":"https:\/\/wimar.net\/uk\/wp-json\/wp\/v2\/media?parent=5251"}],"wp:term":[{"taxonomy":"product_brand","embeddable":true,"href":"https:\/\/wimar.net\/uk\/wp-json\/wp\/v2\/product_brand?post=5251"},{"taxonomy":"product_cat","embeddable":true,"href":"https:\/\/wimar.net\/uk\/wp-json\/wp\/v2\/product_cat?post=5251"},{"taxonomy":"product_tag","embeddable":true,"href":"https:\/\/wimar.net\/uk\/wp-json\/wp\/v2\/product_tag?post=5251"}],"curies":[{"name":"wp","href":"https:\/\/api.w.org\/{rel}","templated":true}]}}