{"id":5271,"date":"2025-03-14T11:00:00","date_gmt":"2025-03-14T10:00:00","guid":{"rendered":"https:\/\/wimar.net\/?post_type=product&#038;p=5271"},"modified":"2025-03-14T12:33:36","modified_gmt":"2025-03-14T11:33:36","slug":"%d0%bc%d1%96%d1%86%d0%bd%d1%96-%d0%b3%d0%be%d1%80%d1%89%d0%b8%d0%ba%d0%b8-%d0%b4%d0%bb%d1%8f-%d1%80%d0%be%d0%b7%d1%81%d0%b0%d0%b4%d0%b8-500%d0%bb-120%d1%81%d0%bc","status":"publish","type":"product","link":"https:\/\/wimar.net\/uk\/product-2\/%d0%bc%d1%96%d1%86%d0%bd%d1%96-%d0%b3%d0%be%d1%80%d1%89%d0%b8%d0%ba%d0%b8-%d0%b4%d0%bb%d1%8f-%d1%80%d0%be%d0%b7%d1%81%d0%b0%d0%b4%d0%b8-500%d0%bb-120%d1%81%d0%bc\/","title":{"rendered":"\u041a\u0430\u0448\u043f\u043e \u0434\u043b\u044f \u0434\u0438\u0442\u044f\u0447\u0438\u0445 \u0433\u043e\u0440\u0449\u0438\u043a\u0456\u0432 ERCOLE, 90\u043b, 60\u0441\u043c"},"content":{"rendered":"<h3 data-start=\"0\" data-end=\"80\"><strong data-start=\"0\" data-end=\"78\">\u041a\u0430\u0448\u043f\u043e \u0434\u043b\u044f \u0434\u0438\u0442\u044f\u0447\u0438\u0445 \u0433\u043e\u0440\u0449\u0438\u043a\u0456\u0432<\/strong><\/h3>\n<p data-start=\"42\" data-end=\"307\">\u0413\u043e\u0440\u0449\u0438\u043a\u0438 Ercole - \u0446\u0435 \u0456\u043d\u043d\u043e\u0432\u0430\u0446\u0456\u0439\u043d\u0435 \u0440\u0456\u0448\u0435\u043d\u043d\u044f \u0434\u043b\u044f \u0432\u0438\u0440\u043e\u0449\u0443\u0432\u0430\u043d\u043d\u044f \u0440\u043e\u0441\u043b\u0438\u043d, \u043f\u0440\u0438\u0437\u043d\u0430\u0447\u0435\u043d\u0435 \u0434\u043b\u044f \u043e\u043f\u0442\u0438\u043c\u0430\u043b\u044c\u043d\u043e\u0433\u043e \u0440\u043e\u0437\u0432\u0438\u0442\u043a\u0443 \u043a\u043e\u0440\u0435\u043d\u0435\u0432\u043e\u0457 \u0441\u0438\u0441\u0442\u0435\u043c\u0438. \u0412\u0438\u0433\u043e\u0442\u043e\u0432\u043b\u0435\u043d\u0456 \u0437 \u043c\u0456\u0446\u043d\u043e\u0433\u043e \u043f\u0435\u0440\u0444\u043e\u0440\u043e\u0432\u0430\u043d\u043e\u0433\u043e \u043f\u043b\u0430\u0441\u0442\u0438\u043a\u0443, \u0432\u043e\u043d\u0438 \u0437\u0430\u0431\u0435\u0437\u043f\u0435\u0447\u0443\u044e\u0442\u044c \u0432\u0456\u0434\u043c\u0456\u043d\u043d\u0443 \u0446\u0438\u0440\u043a\u0443\u043b\u044f\u0446\u0456\u044e \u043f\u043e\u0432\u0456\u0442\u0440\u044f, \u0449\u043e \u0441\u043f\u0440\u0438\u044f\u0454 \u0437\u0434\u043e\u0440\u043e\u0432\u043e\u043c\u0443 \u0440\u043e\u0441\u0442\u0443 \u0440\u043e\u0441\u043b\u0438\u043d.<\/p>\n<h3 data-start=\"309\" data-end=\"339\"><strong data-start=\"313\" data-end=\"337\">\u041e\u0441\u043d\u043e\u0432\u043d\u0456 \u0445\u0430\u0440\u0430\u043a\u0442\u0435\u0440\u0438\u0441\u0442\u0438\u043a\u0438:<\/strong><\/h3>\n<ul>\n<li data-start=\"341\" data-end=\"1011\"><strong data-start=\"343\" data-end=\"369\">\u041e\u043f\u0442\u0438\u043c\u0456\u0437\u0430\u0446\u0456\u044f \u0437\u0440\u043e\u0441\u0442\u0430\u043d\u043d\u044f:<\/strong> \u0423\u043d\u0456\u043a\u0430\u043b\u044c\u043d\u0438\u0439 \u0434\u0438\u0437\u0430\u0439\u043d \u0433\u043e\u0440\u0449\u0438\u043a\u0430 \u0437\u0430\u043f\u043e\u0431\u0456\u0433\u0430\u0454 \u0441\u043f\u0456\u0440\u0430\u043b\u044c\u043d\u043e\u043c\u0443 \u0441\u043a\u0440\u0443\u0447\u0443\u0432\u0430\u043d\u043d\u044e \u043a\u043e\u0440\u0435\u043d\u0456\u0432 \u0456 \u0441\u043f\u0440\u0438\u044f\u0454 \u043f\u0440\u0438\u0440\u043e\u0434\u043d\u043e\u043c\u0443 \u0440\u043e\u0437\u0433\u0430\u043b\u0443\u0436\u0435\u043d\u043d\u044e.<\/li>\n<li data-start=\"341\" data-end=\"1011\"><strong data-start=\"483\" data-end=\"502\">\u041f\u043e\u043a\u0440\u0430\u0449\u0435\u043d\u0430 \u0430\u0435\u0440\u0430\u0446\u0456\u044f:<\/strong> \u0417\u0430\u0432\u0434\u044f\u043a\u0438 \u043e\u0442\u0432\u043e\u0440\u0430\u043c \u0443 \u0441\u0442\u0456\u043d\u043a\u0430\u0445 \u0433\u043e\u0440\u0449\u0438\u043a\u0430 \u043a\u043e\u0440\u0456\u043d\u043d\u044f \u043c\u0430\u0454 \u043f\u043e\u0441\u0442\u0456\u0439\u043d\u0438\u0439 \u0434\u043e\u0441\u0442\u0443\u043f \u0434\u043e \u043a\u0438\u0441\u043d\u044e, \u0449\u043e \u0441\u043f\u0440\u0438\u044f\u0454 \u0439\u043e\u0433\u043e \u0437\u0434\u043e\u0440\u043e\u0432'\u044e \u0442\u0430 \u0448\u0432\u0438\u0434\u043a\u043e\u043c\u0443 \u0440\u043e\u0441\u0442\u0443.<\/li>\n<li data-start=\"341\" data-end=\"1011\"><strong data-start=\"628\" data-end=\"667\">\u0414\u043e\u0432\u0433\u043e\u0432\u0456\u0447\u043d\u0456\u0441\u0442\u044c \u0456 \u0431\u0430\u0433\u0430\u0442\u043e\u0440\u0430\u0437\u043e\u0432\u0435 \u0432\u0438\u043a\u043e\u0440\u0438\u0441\u0442\u0430\u043d\u043d\u044f:<\/strong> \u0412\u0438\u0433\u043e\u0442\u043e\u0432\u043b\u0435\u043d\u0438\u0439 \u0437 \u043c\u0456\u0446\u043d\u043e\u0433\u043e, \u0441\u0442\u0456\u0439\u043a\u043e\u0433\u043e \u0434\u043e \u043f\u043e\u0433\u043e\u0434\u043d\u0438\u0445 \u0443\u043c\u043e\u0432 \u043c\u0430\u0442\u0435\u0440\u0456\u0430\u043b\u0443 \u0434\u043b\u044f \u0442\u0440\u0438\u0432\u0430\u043b\u043e\u0433\u043e \u0442\u0435\u0440\u043c\u0456\u043d\u0443 \u0441\u043b\u0443\u0436\u0431\u0438.<\/li>\n<li data-start=\"341\" data-end=\"1011\"><strong data-start=\"772\" data-end=\"794\">\u0410\u0434\u0435\u043a\u0432\u0430\u0442\u043d\u0438\u0439 \u0434\u0440\u0435\u043d\u0430\u0436:<\/strong> \u041f\u0435\u0440\u0444\u043e\u0440\u043e\u0432\u0430\u043d\u0430 \u0441\u0442\u0440\u0443\u043a\u0442\u0443\u0440\u0430 \u0435\u0444\u0435\u043a\u0442\u0438\u0432\u043d\u043e \u0437\u0430\u043f\u043e\u0431\u0456\u0433\u0430\u0454 \u0437\u0430\u0442\u0440\u0438\u043c\u0446\u0456 \u0432\u043e\u0434\u0438, \u043c\u0456\u043d\u0456\u043c\u0456\u0437\u0443\u044e\u0447\u0438 \u0440\u0438\u0437\u0438\u043a \u0437\u0430\u0433\u043d\u0438\u0432\u0430\u043d\u043d\u044f \u043a\u043e\u0440\u0435\u043d\u0456\u0432.<\/li>\n<li data-start=\"341\" data-end=\"1011\"><strong data-start=\"895\" data-end=\"923\">\u0415\u043a\u043e\u043b\u043e\u0433\u0456\u0447\u043d\u0435 \u0440\u0456\u0448\u0435\u043d\u043d\u044f:<\/strong> \u0413\u043e\u0440\u0449\u0438\u043a\u0438 \u043c\u043e\u0436\u043d\u0430 \u0432\u0438\u043a\u043e\u0440\u0438\u0441\u0442\u043e\u0432\u0443\u0432\u0430\u0442\u0438 \u0431\u0430\u0433\u0430\u0442\u043e\u0440\u0430\u0437\u043e\u0432\u043e, \u0449\u043e \u0437\u043c\u0435\u043d\u0448\u0443\u0454 \u043a\u0456\u043b\u044c\u043a\u0456\u0441\u0442\u044c \u0432\u0456\u0434\u0445\u043e\u0434\u0456\u0432 \u0443 \u0441\u0430\u0434\u0456\u0432\u043d\u0438\u0446\u0442\u0432\u0456.<\/li>\n<li data-start=\"341\" data-end=\"1011\"><strong>\u0414\u0456\u0430\u043c\u0435\u0442\u0440<\/strong> - 60 \u0441\u043c<\/li>\n<li data-start=\"341\" data-end=\"1011\"><strong>\u0412\u0438\u0441\u043e\u0442\u0430<\/strong> - 46 \u0441\u043c<\/li>\n<li data-start=\"341\" data-end=\"1011\"><strong>\u0404\u043c\u043d\u0456\u0441\u0442\u044c<\/strong> - 90 l<\/li>\n<li data-start=\"341\" data-end=\"1011\"><strong>\u041a\u0440\u0430\u0457\u043d\u0430 \u0432\u0438\u0440\u043e\u0431\u043d\u0438\u0446\u0442\u0432\u0430<\/strong> - \u0406\u0442\u0430\u043b\u0456\u044f<\/li>\n<\/ul>\n<h3 data-start=\"1013\" data-end=\"1036\"><strong data-start=\"1017\" data-end=\"1034\">\u0417\u0430\u044f\u0432\u043a\u0430:<\/strong><\/h3>\n<ul>\n<li data-start=\"1038\" data-end=\"1508\"><strong data-start=\"1041\" data-end=\"1081\">\u0412\u0438\u0440\u043e\u0449\u0443\u0432\u0430\u043d\u043d\u044f \u0434\u0435\u043a\u043e\u0440\u0430\u0442\u0438\u0432\u043d\u0438\u0445 \u0456 \u043a\u043e\u0440\u0438\u0441\u043d\u0438\u0445 \u0440\u043e\u0441\u043b\u0438\u043d<\/strong> - \u0456\u0434\u0435\u0430\u043b\u044c\u043d\u043e \u043f\u0456\u0434\u0445\u043e\u0434\u0438\u0442\u044c \u0434\u043b\u044f \u0434\u0435\u0440\u0435\u0432, \u043a\u0443\u0449\u0456\u0432, \u043e\u0432\u043e\u0447\u0456\u0432 \u0442\u0430 \u0440\u043e\u0441\u043b\u0438\u043d \u0443 \u0433\u043e\u0440\u0449\u0438\u043a\u0430\u0445.<\/li>\n<li data-start=\"1038\" data-end=\"1508\"><strong data-start=\"1147\" data-end=\"1172\">\u0420\u043e\u0437\u0441\u0430\u0434\u043d\u0438\u0446\u0442\u0432\u043e<\/strong> - \u0449\u043e \u0432\u0438\u043a\u043e\u0440\u0438\u0441\u0442\u043e\u0432\u0443\u044e\u0442\u044c\u0441\u044f \u0443 \u043f\u0440\u043e\u0444\u0435\u0441\u0456\u0439\u043d\u043e\u043c\u0443 \u0432\u0438\u0440\u043e\u0449\u0443\u0432\u0430\u043d\u043d\u0456 \u0440\u043e\u0441\u043b\u0438\u043d, \u0437\u0430\u0431\u0435\u0437\u043f\u0435\u0447\u0443\u044e\u0442\u044c \u0448\u0432\u0438\u0434\u0448\u0438\u0439 \u0456 \u0437\u0434\u043e\u0440\u043e\u0432\u0456\u0448\u0438\u0439 \u0440\u043e\u0437\u0432\u0438\u0442\u043e\u043a \u043a\u043e\u0440\u0435\u043d\u0435\u0432\u043e\u0457 \u0441\u0438\u0441\u0442\u0435\u043c\u0438.<\/li>\n<li data-start=\"1038\" data-end=\"1508\"><strong data-start=\"1285\" data-end=\"1316\">\u0413\u0456\u0434\u0440\u043e\u043f\u043e\u043d\u0456\u043a\u0430 \u0442\u0430 \u0434\u043e\u043c\u0430\u0448\u043d\u0454 \u0432\u0438\u0440\u043e\u0449\u0443\u0432\u0430\u043d\u043d\u044f<\/strong> - \u0456\u0434\u0435\u0430\u043b\u044c\u043d\u043e \u043f\u0456\u0434\u0445\u043e\u0434\u0438\u0442\u044c \u0434\u043b\u044f \u0431\u0435\u0437\u0491\u0440\u0443\u043d\u0442\u043e\u0432\u0438\u0445 \u0441\u0438\u0441\u0442\u0435\u043c \u0432\u0438\u0440\u043e\u0449\u0443\u0432\u0430\u043d\u043d\u044f \u0442\u0430 \u0432\u0438\u0440\u043e\u0449\u0443\u0432\u0430\u043d\u043d\u044f \u0440\u043e\u0441\u043b\u0438\u043d \u0432 \u0434\u043e\u043c\u0430\u0448\u043d\u0456\u0445 \u0443\u043c\u043e\u0432\u0430\u0445.<\/li>\n<li data-start=\"1038\" data-end=\"1508\"><strong data-start=\"1407\" data-end=\"1430\">\u041f\u0435\u0440\u0435\u0441\u0430\u0434\u043a\u0430 \u0440\u043e\u0441\u043b\u0438\u043d<\/strong> - \u043f\u043e\u043b\u0435\u0433\u0448\u0443\u044e\u0442\u044c \u043f\u0435\u0440\u0435\u043c\u0456\u0449\u0435\u043d\u043d\u044f \u0442\u0430 \u0430\u0434\u0430\u043f\u0442\u0430\u0446\u0456\u044e \u0440\u043e\u0441\u043b\u0438\u043d \u0431\u0435\u0437 \u0440\u0438\u0437\u0438\u043a\u0443 \u043f\u043e\u0448\u043a\u043e\u0434\u0436\u0435\u043d\u043d\u044f \u043a\u043e\u0440\u0435\u043d\u0456\u0432.<\/li>\n<\/ul>\n<h3 data-start=\"1510\" data-end=\"1565\"><strong data-start=\"1514\" data-end=\"1563\">\u0427\u043e\u043c\u0443 \u0432\u0430\u0440\u0442\u043e \u0432\u0438\u0431\u0440\u0430\u0442\u0438 \u0432\u0430\u0437\u043e\u043d\u0438 Ercole?<\/strong><\/h3>\n<p data-start=\"1567\" data-end=\"1887\" data-is-last-node=\"\" data-is-only-node=\"\">\u0413\u043e\u0440\u0449\u0438\u043a\u0438 AirPot Ercole - \u0446\u0435 \u0440\u0435\u0432\u043e\u043b\u044e\u0446\u0456\u0439\u043d\u0435 \u0440\u0456\u0448\u0435\u043d\u043d\u044f \u0434\u043b\u044f \u0432\u0441\u0456\u0445, \u0445\u0442\u043e \u0445\u043e\u0447\u0435 \u043c\u0430\u0442\u0438 \u0437\u0434\u043e\u0440\u043e\u0432\u0456 \u0442\u0430 \u0441\u0438\u043b\u044c\u043d\u0456 \u0440\u043e\u0441\u043b\u0438\u043d\u0438. \u0407\u0445 \u0443\u043d\u0456\u043a\u0430\u043b\u044c\u043d\u0438\u0439 \u0434\u0438\u0437\u0430\u0439\u043d \u0441\u043f\u0440\u0438\u044f\u0454 \u043a\u0440\u0430\u0449\u043e\u043c\u0443 \u0443\u043a\u043e\u0440\u0456\u043d\u0435\u043d\u043d\u044e, \u0430 \u0432\u0438\u0441\u043e\u043a\u0430 \u044f\u043a\u0456\u0441\u0442\u044c \u0432\u0438\u0433\u043e\u0442\u043e\u0432\u043b\u0435\u043d\u043d\u044f \u0433\u0430\u0440\u0430\u043d\u0442\u0443\u0454 \u0431\u0430\u0433\u0430\u0442\u043e\u0440\u0456\u0447\u043d\u0435 \u0432\u0438\u043a\u043e\u0440\u0438\u0441\u0442\u0430\u043d\u043d\u044f. \u0426\u0435 \u0456\u043d\u0432\u0435\u0441\u0442\u0438\u0446\u0456\u044f \u0432 \u043f\u0440\u043e\u0444\u0435\u0441\u0456\u0439\u043d\u0435 \u0441\u0430\u0434\u0456\u0432\u043d\u0438\u0446\u0442\u0432\u043e \u0442\u0430 \u0431\u0456\u043b\u044c\u0448 \u0435\u043a\u043e\u043b\u043e\u0433\u0456\u0447\u043d\u0438\u0439 \u043f\u0456\u0434\u0445\u0456\u0434 \u0434\u043e \u0432\u0438\u0440\u043e\u0449\u0443\u0432\u0430\u043d\u043d\u044f \u0440\u043e\u0441\u043b\u0438\u043d.<\/p>","protected":false},"excerpt":{"rendered":"<p>Doniczki szk\u00f3\u0142karskie airpot Doniczki Ercole to innowacyjne rozwi\u0105zanie w uprawie ro\u015blin, zaprojektowane z my\u015bl\u0105 o optymalnym rozwoju systemu korzeniowego. Wykonane z wytrzyma\u0142ego, perforowanego tworzywa, zapewniaj\u0105 doskona\u0142\u0105 cyrkulacj\u0119 powietrza, co sprzyja zdrowemu wzrostowi ro\u015blin. Najwa\u017cniejsze cechy: Optymalizacja wzrostu: Unikalna konstrukcja doniczki zapobiega spiralnemu skr\u0119caniu korzeni i wspomaga ich naturalne rozga\u0142\u0119zianie. Lepsza aeracja: Dzi\u0119ki otworom w \u015bcianach [&hellip;]<\/p>","protected":false},"featured_media":5277,"template":"","meta":{"site-sidebar-layout":"default","site-content-layout":"","ast-site-content-layout":"default","site-content-style":"default","site-sidebar-style":"default","ast-global-header-display":"","ast-banner-title-visibility":"","ast-main-header-display":"","ast-hfb-above-header-display":"","ast-hfb-below-header-display":"","ast-hfb-mobile-header-display":"","site-post-title":"","ast-breadcrumbs-content":"","ast-featured-img":"","footer-sml-layout":"","theme-transparent-header-meta":"default","adv-header-id-meta":"","stick-header-meta":"default","header-above-stick-meta":"","header-main-stick-meta":"","header-below-stick-meta":"","astra-migrate-meta-layouts":"set","ast-page-background-enabled":"default","ast-page-background-meta":{"desktop":{"background-color":"var(--ast-global-color-4)","background-image":"","background-repeat":"repeat","background-position":"center center","background-size":"auto","background-attachment":"scroll","background-type":"","background-media":"","overlay-type":"","overlay-color":"","overlay-opacity":"","overlay-gradient":""},"tablet":{"background-color":"","background-image":"","background-repeat":"repeat","background-position":"center center","background-size":"auto","background-attachment":"scroll","background-type":"","background-media":"","overlay-type":"","overlay-color":"","overlay-opacity":"","overlay-gradient":""},"mobile":{"background-color":"","background-image":"","background-repeat":"repeat","background-position":"center center","background-size":"auto","background-attachment":"scroll","background-type":"","background-media":"","overlay-type":"","overlay-color":"","overlay-opacity":"","overlay-gradient":""}},"ast-content-background-meta":{"desktop":{"background-color":"var(--ast-global-color-5)","background-image":"","background-repeat":"repeat","background-position":"center center","background-size":"auto","background-attachment":"scroll","background-type":"","background-media":"","overlay-type":"","overlay-color":"","overlay-opacity":"","overlay-gradient":""},"tablet":{"background-color":"var(--ast-global-color-5)","background-image":"","background-repeat":"repeat","background-position":"center center","background-size":"auto","background-attachment":"scroll","background-type":"","background-media":"","overlay-type":"","overlay-color":"","overlay-opacity":"","overlay-gradient":""},"mobile":{"background-color":"var(--ast-global-color-5)","background-image":"","background-repeat":"repeat","background-position":"center center","background-size":"auto","background-attachment":"scroll","background-type":"","background-media":"","overlay-type":"","overlay-color":"","overlay-opacity":"","overlay-gradient":""}}},"product_brand":[],"product_cat":[246],"product_tag":[],"class_list":{"0":"post-5271","1":"product","2":"type-product","3":"status-publish","4":"has-post-thumbnail","6":"product_cat-doniczki-szkolkarskie-doniczki-i-kontenery","7":"desktop-align-left","8":"tablet-align-left","9":"mobile-align-left","10":"ast-product-gallery-layout-horizontal","11":"ast-product-tabs-layout-horizontal","13":"first","14":"instock","15":"shipping-taxable","16":"product-type-simple"},"_links":{"self":[{"href":"https:\/\/wimar.net\/uk\/wp-json\/wp\/v2\/product\/5271","targetHints":{"allow":["GET"]}}],"collection":[{"href":"https:\/\/wimar.net\/uk\/wp-json\/wp\/v2\/product"}],"about":[{"href":"https:\/\/wimar.net\/uk\/wp-json\/wp\/v2\/types\/product"}],"version-history":[{"count":3,"href":"https:\/\/wimar.net\/uk\/wp-json\/wp\/v2\/product\/5271\/revisions"}],"predecessor-version":[{"id":5279,"href":"https:\/\/wimar.net\/uk\/wp-json\/wp\/v2\/product\/5271\/revisions\/5279"}],"wp:featuredmedia":[{"embeddable":true,"href":"https:\/\/wimar.net\/uk\/wp-json\/wp\/v2\/media\/5277"}],"wp:attachment":[{"href":"https:\/\/wimar.net\/uk\/wp-json\/wp\/v2\/media?parent=5271"}],"wp:term":[{"taxonomy":"product_brand","embeddable":true,"href":"https:\/\/wimar.net\/uk\/wp-json\/wp\/v2\/product_brand?post=5271"},{"taxonomy":"product_cat","embeddable":true,"href":"https:\/\/wimar.net\/uk\/wp-json\/wp\/v2\/product_cat?post=5271"},{"taxonomy":"product_tag","embeddable":true,"href":"https:\/\/wimar.net\/uk\/wp-json\/wp\/v2\/product_tag?post=5271"}],"curies":[{"name":"wp","href":"https:\/\/api.w.org\/{rel}","templated":true}]}}