{"id":5288,"date":"2025-03-14T11:39:29","date_gmt":"2025-03-14T10:39:29","guid":{"rendered":"https:\/\/wimar.net\/?post_type=product&#038;p=5288"},"modified":"2025-03-19T15:20:01","modified_gmt":"2025-03-19T14:20:01","slug":"%d0%b4%d0%b8%d1%82%d1%8f%d1%87%d1%96-%d0%b3%d0%be%d1%80%d1%89%d0%b8%d0%ba%d0%b8-mastello-500%d0%bb-102%d1%81%d0%bc","status":"publish","type":"product","link":"https:\/\/wimar.net\/uk\/product-2\/%d0%b4%d0%b8%d1%82%d1%8f%d1%87%d1%96-%d0%b3%d0%be%d1%80%d1%89%d0%b8%d0%ba%d0%b8-mastello-500%d0%bb-102%d1%81%d0%bc\/","title":{"rendered":"\u041f\u043b\u0430\u0441\u0442\u0438\u043a\u043e\u0432\u0456 \u0431\u043b\u044e\u0434\u0446\u044f \u0434\u043b\u044f \u0432\u0430\u0437\u043e\u043d\u0456\u0432 \u0440\u0456\u0437\u043d\u0438\u0445 \u0440\u043e\u0437\u043c\u0456\u0440\u0456\u0432"},"content":{"rendered":"<h3 data-start=\"0\" data-end=\"80\"><strong data-start=\"0\" data-end=\"78\">\u041f\u0456\u0434\u0441\u0442\u0430\u0432\u043a\u0438 \u0434\u043b\u044f \u0433\u043e\u0440\u0449\u0438\u043a\u0456\u0432<\/strong><\/h3>\n<p data-start=\"75\" data-end=\"347\">\u041f\u043b\u0430\u0441\u0442\u0438\u043a\u043e\u0432\u0456 \u043f\u0456\u0434\u0441\u0442\u0430\u0432\u043a\u0438 \u0434\u043b\u044f \u0433\u043e\u0440\u0449\u0438\u043a\u0456\u0432 - \u0432\u0430\u0436\u043b\u0438\u0432\u0430 \u0440\u0456\u0447 \u0434\u043b\u044f \u0431\u0443\u0434\u044c-\u044f\u043a\u043e\u0433\u043e \u043b\u044e\u0431\u0438\u0442\u0435\u043b\u044f \u0440\u043e\u0441\u043b\u0438\u043d. \u0412\u0438\u0433\u043e\u0442\u043e\u0432\u043b\u0435\u043d\u0456 \u0437 \u043c\u0456\u0446\u043d\u043e\u0433\u043e \u043f\u043b\u0430\u0441\u0442\u0438\u043a\u0443, \u0432\u043e\u043d\u0438 \u0435\u0444\u0435\u043a\u0442\u0438\u0432\u043d\u043e \u0437\u0430\u0445\u0438\u0449\u0430\u044e\u0442\u044c \u043f\u043e\u0432\u0435\u0440\u0445\u043d\u0456 \u0432\u0456\u0434 \u0432\u043e\u043b\u043e\u0433\u0438 \u0442\u0430 \u0431\u0440\u0443\u0434\u0443, \u0432\u043e\u0434\u043d\u043e\u0447\u0430\u0441 \u043f\u043e\u043b\u0435\u0433\u0448\u0443\u044e\u0447\u0438 \u043f\u043e\u043b\u0438\u0432 \u0440\u043e\u0441\u043b\u0438\u043d.<\/p>\n<h3 data-start=\"349\" data-end=\"379\"><strong data-start=\"353\" data-end=\"377\">\u041e\u0441\u043d\u043e\u0432\u043d\u0456 \u0445\u0430\u0440\u0430\u043a\u0442\u0435\u0440\u0438\u0441\u0442\u0438\u043a\u0438:<\/strong><\/h3>\n<ul>\n<li data-start=\"381\" data-end=\"793\"><strong data-start=\"383\" data-end=\"399\">\u041d\u0430\u0434\u0456\u0439\u043d\u0456\u0441\u0442\u044c<\/strong> - \u0412\u0438\u0433\u043e\u0442\u043e\u0432\u043b\u0435\u043d\u0438\u0439 \u0437 \u043c\u0456\u0446\u043d\u043e\u0433\u043e \u043f\u043b\u0430\u0441\u0442\u0438\u043a\u0443, \u0441\u0442\u0456\u0439\u043a\u043e\u0433\u043e \u0434\u043e \u043f\u043e\u0448\u043a\u043e\u0434\u0436\u0435\u043d\u044c \u0456 \u043f\u043e\u043b\u043e\u043c\u043e\u043a.<\/li>\n<li data-start=\"381\" data-end=\"793\"><strong data-start=\"474\" data-end=\"497\">\u0417\u0430\u0445\u0438\u0441\u0442 \u043f\u043e\u0432\u0435\u0440\u0445\u043d\u0456<\/strong> - \u0412\u043e\u043d\u0438 \u0437\u0430\u043f\u043e\u0431\u0456\u0433\u0430\u044e\u0442\u044c \u043f\u0440\u043e\u0442\u0456\u043a\u0430\u043d\u043d\u044e \u0432\u043e\u0434\u0438 \u043d\u0430 \u043c\u0435\u0431\u043b\u0456, \u043f\u0456\u0434\u0432\u0456\u043a\u043e\u043d\u043d\u044f \u0430\u0431\u043e \u043f\u0456\u0434\u043b\u043e\u0433\u0443.<\/li>\n<li data-start=\"381\" data-end=\"793\"><strong data-start=\"641\" data-end=\"658\">\u0423\u043d\u0456\u0432\u0435\u0440\u0441\u0430\u043b\u044c\u043d\u0456\u0441\u0442\u044c<\/strong> - \u0414\u043e\u0441\u0442\u0443\u043f\u043d\u0456 \u0432 \u0440\u0456\u0437\u043d\u0438\u0445 \u0440\u043e\u0437\u043c\u0456\u0440\u0430\u0445 \u0456 \u0444\u043e\u0440\u043c\u0430\u0445, \u044f\u043a\u0456 \u043f\u0456\u0434\u0445\u043e\u0434\u044f\u0442\u044c \u0434\u043b\u044f \u0431\u0456\u043b\u044c\u0448\u043e\u0441\u0442\u0456 \u0433\u043e\u0440\u0449\u0438\u043a\u0456\u0432.<\/li>\n<li data-start=\"381\" data-end=\"793\"><strong data-start=\"742\" data-end=\"753\">\u041b\u0435\u0433\u043a\u0456\u0441\u0442\u044c<\/strong> - \u041b\u0435\u0433\u043a\u043e \u043f\u0435\u0440\u0435\u043d\u043e\u0441\u0438\u0442\u0438 \u0442\u0430 \u0432\u0438\u043a\u043e\u0440\u0438\u0441\u0442\u043e\u0432\u0443\u0432\u0430\u0442\u0438.<\/li>\n<li data-start=\"381\" data-end=\"793\"><b>\u0414\u041e\u0421\u0422\u0423\u041f\u041d\u0406 \u0420\u041e\u0417\u041c\u0406\u0420\u0418:<\/b><\/li>\n<\/ul>\n<p><img fetchpriority=\"high\" decoding=\"async\" class=\"wp-image-5912  aligncenter\" src=\"https:\/\/wimar.net\/wp-content\/uploads\/2025\/03\/podstawki-300x110.jpg\" alt=\"\" width=\"600\" height=\"220\" srcset=\"https:\/\/wimar.net\/wp-content\/uploads\/2025\/03\/podstawki-300x110.jpg 300w, https:\/\/wimar.net\/wp-content\/uploads\/2025\/03\/podstawki-1024x377.jpg 1024w, https:\/\/wimar.net\/wp-content\/uploads\/2025\/03\/podstawki-768x283.jpg 768w, https:\/\/wimar.net\/wp-content\/uploads\/2025\/03\/podstawki-600x221.jpg 600w, https:\/\/wimar.net\/wp-content\/uploads\/2025\/03\/podstawki-64x24.jpg 64w, https:\/\/wimar.net\/wp-content\/uploads\/2025\/03\/podstawki.jpg 1312w\" sizes=\"(max-width: 600px) 100vw, 600px\" \/><\/p>\n<h3 data-start=\"795\" data-end=\"818\"><strong data-start=\"799\" data-end=\"816\">\u0417\u0430\u044f\u0432\u043a\u0430:<\/strong><\/h3>\n<ul>\n<li data-start=\"820\" data-end=\"1163\"><strong data-start=\"823\" data-end=\"843\">\u0414\u0456\u043c \u0456 \u0434\u0456\u043c<\/strong> - \u0406\u0434\u0435\u0430\u043b\u044c\u043d\u043e \u043f\u0456\u0434\u0445\u043e\u0434\u0438\u0442\u044c \u0434\u043b\u044f \u0437\u0430\u0445\u0438\u0441\u0442\u0443 \u043c\u0435\u0431\u043b\u0456\u0432 \u0456 \u043f\u0456\u0434\u0432\u0456\u043a\u043e\u043d\u044c \u0432\u0456\u0434 \u0432\u043e\u043b\u043e\u0433\u0438.<\/li>\n<li data-start=\"820\" data-end=\"1163\"><strong data-start=\"904\" data-end=\"922\">\u0411\u0430\u043b\u043a\u043e\u043d \u0456 \u0442\u0435\u0440\u0430\u0441\u0430<\/strong> - \u0412\u043e\u043d\u0438 \u0434\u043e\u043f\u043e\u043c\u0430\u0433\u0430\u044e\u0442\u044c \u043f\u0456\u0434\u0442\u0440\u0438\u043c\u0443\u0432\u0430\u0442\u0438 \u043f\u043e\u0440\u044f\u0434\u043e\u043a \u0456 \u0437\u0430\u043f\u043e\u0431\u0456\u0433\u0430\u044e\u0442\u044c \u043d\u0430\u043a\u043e\u043f\u0438\u0447\u0435\u043d\u043d\u044e \u0432\u043e\u0434\u0438.<\/li>\n<li data-start=\"820\" data-end=\"1163\"><strong data-start=\"993\" data-end=\"1015\">\u0422\u0435\u043f\u043b\u0438\u0446\u0456 \u0442\u0430 \u0441\u0430\u0434\u0438<\/strong> - \u0412\u043e\u043d\u0438 \u043f\u043e\u043b\u0435\u0433\u0448\u0443\u044e\u0442\u044c \u043e\u0440\u0433\u0430\u043d\u0456\u0437\u0430\u0446\u0456\u044e \u043f\u0440\u043e\u0441\u0442\u043e\u0440\u0443 \u0442\u0430 \u0434\u043e\u0433\u043b\u044f\u0434 \u0437\u0430 \u0440\u043e\u0441\u043b\u0438\u043d\u0430\u043c\u0438.<\/li>\n<li data-start=\"820\" data-end=\"1163\"><strong data-start=\"1079\" data-end=\"1099\">\u041e\u0437\u0434\u043e\u0431\u043b\u0435\u043d\u043d\u044f \u0456\u043d\u0442\u0435\u0440'\u0454\u0440\u0443<\/strong> - \u0415\u0441\u0442\u0435\u0442\u0438\u0447\u043d\u043e \u043f\u0440\u0438\u0432\u0430\u0431\u043b\u0438\u0432\u0435 \u0434\u043e\u043f\u043e\u0432\u043d\u0435\u043d\u043d\u044f \u0434\u043e \u0433\u043e\u0440\u0449\u0438\u043a\u0456\u0432, \u0449\u043e \u043f\u0456\u0434\u0445\u043e\u0434\u0438\u0442\u044c \u0434\u043b\u044f \u0440\u0456\u0437\u043d\u043e\u043c\u0430\u043d\u0456\u0442\u043d\u0438\u0445 \u043a\u043e\u043c\u043f\u043e\u0437\u0438\u0446\u0456\u0439.<\/li>\n<\/ul>\n<h3 data-start=\"1165\" data-end=\"1231\"><strong data-start=\"1169\" data-end=\"1229\">\u0427\u043e\u043c\u0443 \u0432\u0430\u0440\u0442\u043e \u043e\u0431\u0438\u0440\u0430\u0442\u0438 \u043f\u043b\u0430\u0441\u0442\u0438\u043a\u043e\u0432\u0456 \u043f\u0456\u0434\u0441\u0442\u0430\u0432\u043a\u0438 \u0434\u043b\u044f \u0433\u043e\u0440\u0449\u0438\u043a\u0456\u0432?<\/strong><\/h3>\n<p data-start=\"1233\" data-end=\"1559\" data-is-last-node=\"\" data-is-only-node=\"\">\u041f\u043b\u0430\u0441\u0442\u0438\u043a\u043e\u0432\u0456 \u043f\u0456\u0434\u0441\u0442\u0430\u0432\u043a\u0438 - \u0446\u0435 \u0437\u0440\u0443\u0447\u043d\u0435 \u0442\u0430 \u0434\u043e\u0432\u0433\u043e\u0432\u0456\u0447\u043d\u0435 \u0440\u0456\u0448\u0435\u043d\u043d\u044f, \u044f\u043a\u0435 \u043f\u043e\u043b\u0435\u0433\u0448\u0443\u0454 \u0434\u043e\u0433\u043b\u044f\u0434 \u0437\u0430 \u0440\u043e\u0441\u043b\u0438\u043d\u0430\u043c\u0438, \u0437\u0430\u0445\u0438\u0449\u0430\u0454 \u043f\u043e\u0432\u0435\u0440\u0445\u043d\u0456 \u0432\u0456\u0434 \u0432\u043e\u043b\u043e\u0433\u0438 \u0442\u0430 \u0437\u0431\u0435\u0440\u0456\u0433\u0430\u0454 \u0432\u0430\u0448 \u0456\u043d\u0442\u0435\u0440'\u0454\u0440 \u0435\u0441\u0442\u0435\u0442\u0438\u0447\u043d\u043e \u043f\u0440\u0438\u0432\u0430\u0431\u043b\u0438\u0432\u0438\u043c. \u0417\u0430\u0432\u0434\u044f\u043a\u0438 \u0440\u0456\u0437\u043d\u043e\u043c\u0430\u043d\u0456\u0442\u043d\u043e\u0441\u0442\u0456 \u0444\u043e\u0440\u043c \u0456 \u0440\u043e\u0437\u043c\u0456\u0440\u0456\u0432, \u0432\u0438 \u043c\u043e\u0436\u0435\u0442\u0435 \u043b\u0435\u0433\u043a\u043e \u0430\u0434\u0430\u043f\u0442\u0443\u0432\u0430\u0442\u0438 \u0457\u0445 \u0434\u043e \u0441\u0432\u043e\u0457\u0445 \u043f\u043e\u0442\u0440\u0435\u0431. \u0406\u0434\u0435\u0430\u043b\u044c\u043d\u0438\u0439 \u0432\u0438\u0431\u0456\u0440 \u0434\u043b\u044f \u0442\u0438\u0445, \u0445\u0442\u043e \u0446\u0456\u043d\u0443\u0454 \u0444\u0443\u043d\u043a\u0446\u0456\u043e\u043d\u0430\u043b\u044c\u043d\u0456\u0441\u0442\u044c \u0442\u0430 \u043e\u0445\u0430\u0439\u043d\u0456\u0441\u0442\u044c!<\/p>","protected":false},"excerpt":{"rendered":"<p>Podstawki pod doniczki Podstawki plastikowe pod doniczki to niezb\u0119dny element dla ka\u017cdego mi\u0142o\u015bnika ro\u015blin. Wykonane z wytrzyma\u0142ego tworzywa sztucznego, skutecznie chroni\u0105 powierzchnie przed wilgoci\u0105 i zabrudzeniami, jednocze\u015bnie u\u0142atwiaj\u0105c utrzymanie odpowiedniego poziomu nawodnienia ro\u015blin. Najwa\u017cniejsze cechy: Wytrzyma\u0142o\u015b\u0107 \u2013 Wykonane z solidnego plastiku odpornego na uszkodzenia i p\u0119kni\u0119cia. Ochrona powierzchni \u2013 Zapobiegaj\u0105 przeciekaniu wody na meble, parapety [&hellip;]<\/p>","protected":false},"featured_media":5293,"template":"","meta":{"site-sidebar-layout":"default","site-content-layout":"","ast-site-content-layout":"default","site-content-style":"default","site-sidebar-style":"default","ast-global-header-display":"","ast-banner-title-visibility":"","ast-main-header-display":"","ast-hfb-above-header-display":"","ast-hfb-below-header-display":"","ast-hfb-mobile-header-display":"","site-post-title":"","ast-breadcrumbs-content":"","ast-featured-img":"","footer-sml-layout":"","theme-transparent-header-meta":"default","adv-header-id-meta":"","stick-header-meta":"default","header-above-stick-meta":"","header-main-stick-meta":"","header-below-stick-meta":"","astra-migrate-meta-layouts":"set","ast-page-background-enabled":"default","ast-page-background-meta":{"desktop":{"background-color":"var(--ast-global-color-4)","background-image":"","background-repeat":"repeat","background-position":"center center","background-size":"auto","background-attachment":"scroll","background-type":"","background-media":"","overlay-type":"","overlay-color":"","overlay-opacity":"","overlay-gradient":""},"tablet":{"background-color":"","background-image":"","background-repeat":"repeat","background-position":"center center","background-size":"auto","background-attachment":"scroll","background-type":"","background-media":"","overlay-type":"","overlay-color":"","overlay-opacity":"","overlay-gradient":""},"mobile":{"background-color":"","background-image":"","background-repeat":"repeat","background-position":"center center","background-size":"auto","background-attachment":"scroll","background-type":"","background-media":"","overlay-type":"","overlay-color":"","overlay-opacity":"","overlay-gradient":""}},"ast-content-background-meta":{"desktop":{"background-color":"var(--ast-global-color-5)","background-image":"","background-repeat":"repeat","background-position":"center center","background-size":"auto","background-attachment":"scroll","background-type":"","background-media":"","overlay-type":"","overlay-color":"","overlay-opacity":"","overlay-gradient":""},"tablet":{"background-color":"var(--ast-global-color-5)","background-image":"","background-repeat":"repeat","background-position":"center center","background-size":"auto","background-attachment":"scroll","background-type":"","background-media":"","overlay-type":"","overlay-color":"","overlay-opacity":"","overlay-gradient":""},"mobile":{"background-color":"var(--ast-global-color-5)","background-image":"","background-repeat":"repeat","background-position":"center center","background-size":"auto","background-attachment":"scroll","background-type":"","background-media":"","overlay-type":"","overlay-color":"","overlay-opacity":"","overlay-gradient":""}}},"product_brand":[],"product_cat":[246],"product_tag":[],"class_list":{"0":"post-5288","1":"product","2":"type-product","3":"status-publish","4":"has-post-thumbnail","6":"product_cat-doniczki-szkolkarskie-doniczki-i-kontenery","7":"desktop-align-left","8":"tablet-align-left","9":"mobile-align-left","10":"ast-product-gallery-layout-horizontal","11":"ast-product-tabs-layout-horizontal","13":"first","14":"instock","15":"shipping-taxable","16":"product-type-simple"},"_links":{"self":[{"href":"https:\/\/wimar.net\/uk\/wp-json\/wp\/v2\/product\/5288","targetHints":{"allow":["GET"]}}],"collection":[{"href":"https:\/\/wimar.net\/uk\/wp-json\/wp\/v2\/product"}],"about":[{"href":"https:\/\/wimar.net\/uk\/wp-json\/wp\/v2\/types\/product"}],"version-history":[{"count":5,"href":"https:\/\/wimar.net\/uk\/wp-json\/wp\/v2\/product\/5288\/revisions"}],"predecessor-version":[{"id":5292,"href":"https:\/\/wimar.net\/uk\/wp-json\/wp\/v2\/product\/5288\/revisions\/5292"}],"wp:featuredmedia":[{"embeddable":true,"href":"https:\/\/wimar.net\/uk\/wp-json\/wp\/v2\/media\/5293"}],"wp:attachment":[{"href":"https:\/\/wimar.net\/uk\/wp-json\/wp\/v2\/media?parent=5288"}],"wp:term":[{"taxonomy":"product_brand","embeddable":true,"href":"https:\/\/wimar.net\/uk\/wp-json\/wp\/v2\/product_brand?post=5288"},{"taxonomy":"product_cat","embeddable":true,"href":"https:\/\/wimar.net\/uk\/wp-json\/wp\/v2\/product_cat?post=5288"},{"taxonomy":"product_tag","embeddable":true,"href":"https:\/\/wimar.net\/uk\/wp-json\/wp\/v2\/product_tag?post=5288"}],"curies":[{"name":"wp","href":"https:\/\/api.w.org\/{rel}","templated":true}]}}