{"id":5340,"date":"2025-03-14T13:09:33","date_gmt":"2025-03-14T12:09:33","guid":{"rendered":"https:\/\/wimar.net\/?post_type=product&#038;p=5340"},"modified":"2025-03-25T09:36:52","modified_gmt":"2025-03-25T08:36:52","slug":"%d1%87%d0%be%d1%80%d0%bd%d1%96-%d1%86%d0%b5%d0%bb%d1%8e%d0%bb%d0%be%d0%b7%d0%bd%d1%96-%d0%b5%d0%ba%d1%81%d1%82%d1%80%d1%83%d0%b7%d1%96%d1%97-%d0%b4%d0%bb%d1%8f-%d0%ba%d0%b0%d1%80%d1%82%d0%be%d0%bd-2","status":"publish","type":"product","link":"https:\/\/wimar.net\/uk\/product-2\/%d1%87%d0%be%d1%80%d0%bd%d1%96-%d1%86%d0%b5%d0%bb%d1%8e%d0%bb%d0%be%d0%b7%d0%bd%d1%96-%d0%b5%d0%ba%d1%81%d1%82%d1%80%d1%83%d0%b7%d1%96%d1%97-%d0%b4%d0%bb%d1%8f-%d0%ba%d0%b0%d1%80%d1%82%d0%be%d0%bd-2\/","title":{"rendered":"\u0415\u043a\u0441\u0442\u0440\u0443\u0437\u0456\u044f \u0437 \u0447\u043e\u0440\u043d\u043e\u0457 \u0446\u0435\u043b\u044e\u043b\u043e\u0437\u0438 \u0434\u043b\u044f \u043a\u0430\u0440\u0442\u043e\u043d\u0443 600x400 \u043c\u043c"},"content":{"rendered":"<h3 data-start=\"0\" data-end=\"80\"><strong data-start=\"0\" data-end=\"78\">\u0415\u043a\u0441\u0442\u0440\u0443\u0437\u0456\u0457 \u0437 \u0447\u043e\u0440\u043d\u043e\u0457 \u0446\u0435\u043b\u044e\u043b\u043e\u0437\u0438<\/strong><\/h3>\n<p data-start=\"0\" data-end=\"80\">\u0415\u043a\u0441\u0442\u0440\u0443\u0434\u043e\u0432\u0430\u043d\u0430 \u0446\u0435\u043b\u044e\u043b\u043e\u0437\u043d\u0430 \u043a\u0430\u0440\u0442\u043e\u043d\u043d\u0430 \u0443\u043f\u0430\u043a\u043e\u0432\u043a\u0430 Bushel - \u0446\u0435 \u0435\u043a\u043e\u043b\u043e\u0433\u0456\u0447\u043d\u0435 \u0442\u0430 \u0444\u0443\u043d\u043a\u0446\u0456\u043e\u043d\u0430\u043b\u044c\u043d\u0435 \u0440\u0456\u0448\u0435\u043d\u043d\u044f \u0434\u043b\u044f \u0431\u0435\u0437\u043f\u0435\u0447\u043d\u043e\u0433\u043e \u0437\u0431\u0435\u0440\u0456\u0433\u0430\u043d\u043d\u044f \u0442\u0430 \u0442\u0440\u0430\u043d\u0441\u043f\u043e\u0440\u0442\u0443\u0432\u0430\u043d\u043d\u044f \u0444\u0440\u0443\u043a\u0442\u0456\u0432 \u0456 \u043e\u0432\u043e\u0447\u0456\u0432. \u0412\u0438\u0433\u043e\u0442\u043e\u0432\u043b\u0435\u043d\u0456 \u0437 \u0432\u0456\u0434\u043d\u043e\u0432\u043b\u044e\u0432\u0430\u043d\u043e\u0457 \u0446\u0435\u043b\u044e\u043b\u043e\u0437\u043d\u043e\u0457 \u043c\u0430\u0441\u0438, \u0432\u043e\u043d\u0438 \u0437\u0430\u0431\u0435\u0437\u043f\u0435\u0447\u0443\u044e\u0442\u044c \u0441\u0442\u0430\u0431\u0456\u043b\u0456\u0437\u0430\u0446\u0456\u044e \u043f\u0440\u043e\u0434\u0443\u043a\u0442\u0443, \u043c\u0456\u043d\u0456\u043c\u0456\u0437\u0443\u044e\u0447\u0438 \u0440\u0438\u0437\u0438\u043a \u043c\u0435\u0445\u0430\u043d\u0456\u0447\u043d\u0438\u0445 \u043f\u043e\u0448\u043a\u043e\u0434\u0436\u0435\u043d\u044c.<\/p>\n<h3 data-start=\"421\" data-end=\"1064\"><strong data-start=\"421\" data-end=\"445\">\u041e\u0441\u043d\u043e\u0432\u043d\u0456 \u0445\u0430\u0440\u0430\u043a\u0442\u0435\u0440\u0438\u0441\u0442\u0438\u043a\u0438:<\/strong><\/h3>\n<ul>\n<li data-start=\"385\" data-end=\"824\"><strong data-start=\"387\" data-end=\"402\">\u0415\u043a\u043e\u043b\u043e\u0433\u0456\u0447\u043d\u0456\u0441\u0442\u044c<\/strong> - \u0412\u0438\u0433\u043e\u0442\u043e\u0432\u043b\u0435\u043d\u0438\u0439 \u0437 \u0431\u0456\u043e\u0440\u043e\u0437\u043a\u043b\u0430\u0434\u043d\u043e\u0457, \u0435\u043a\u043e\u043b\u043e\u0433\u0456\u0447\u043d\u043e \u0447\u0438\u0441\u0442\u043e\u0457 \u0446\u0435\u043b\u044e\u043b\u043e\u0437\u0438.<\/li>\n<li data-start=\"385\" data-end=\"824\"><strong data-start=\"474\" data-end=\"495\">\u0417\u0430\u0445\u0438\u0441\u0442 \u043f\u0440\u043e\u0434\u0443\u043a\u0442\u0443<\/strong> - \u0412\u043e\u043d\u0438 \u0437\u0430\u0445\u0438\u0449\u0430\u044e\u0442\u044c \u0444\u0440\u0443\u043a\u0442\u0438 \u0442\u0430 \u043e\u0432\u043e\u0447\u0456 \u0432\u0456\u0434 \u0440\u043e\u0437\u0447\u0430\u0432\u043b\u044e\u0432\u0430\u043d\u043d\u044f \u0442\u0430 \u0443\u0434\u0430\u0440\u0456\u0432.<\/li>\n<li data-start=\"385\" data-end=\"824\"><strong data-start=\"556\" data-end=\"576\">\u0425\u043e\u0440\u043e\u0448\u0430 \u0432\u0435\u043d\u0442\u0438\u043b\u044f\u0446\u0456\u044f<\/strong> - \u0412\u043e\u043d\u0438 \u0434\u043e\u0437\u0432\u043e\u043b\u044f\u044e\u0442\u044c \u043f\u043e\u0432\u0456\u0442\u0440\u044e \u0446\u0438\u0440\u043a\u0443\u043b\u044e\u0432\u0430\u0442\u0438, \u0449\u043e \u0434\u043e\u043f\u043e\u043c\u0430\u0433\u0430\u0454 \u0437\u0431\u0435\u0440\u0456\u0433\u0430\u0442\u0438 \u043f\u0440\u043e\u0434\u0443\u043a\u0442\u0438 \u0441\u0432\u0456\u0436\u0438\u043c\u0438.<\/li>\n<li data-start=\"385\" data-end=\"824\"><strong data-start=\"656\" data-end=\"682\">\u041b\u0435\u0433\u043a\u0438\u0439 \u0456 \u043c\u0456\u0446\u043d\u0438\u0439<\/strong> - \u041c\u0456\u0446\u043d\u0430 \u043a\u043e\u043d\u0441\u0442\u0440\u0443\u043a\u0446\u0456\u044f \u0437 \u043d\u0435\u0432\u0435\u043b\u0438\u043a\u043e\u044e \u0432\u0430\u0433\u043e\u044e.<\/li>\n<li data-start=\"421\" data-end=\"1064\"><strong>\u0420\u043e\u0437\u043c\u0456\u0440\u0438 \u043a\u043e\u0440\u043e\u0431\u043a\u0438<\/strong> - 600 x 400 \u043c\u043c<\/li>\n<li data-start=\"421\" data-end=\"1064\"><strong>\u0420\u043e\u0437\u043c\u0456\u0440\u0438 \u0435\u043a\u0441\u0442\u0440\u0443\u0437\u0456\u0457<\/strong> - 590 x 390 \u043c\u043c<\/li>\n<\/ul>\n<p><img fetchpriority=\"high\" decoding=\"async\" class=\"wp-image-5094 aligncenter\" src=\"https:\/\/wimar.net\/wp-content\/uploads\/2025\/03\/tabelka-300x147.jpg\" alt=\"\" width=\"543\" height=\"266\" srcset=\"https:\/\/wimar.net\/wp-content\/uploads\/2025\/03\/tabelka-300x147.jpg 300w, https:\/\/wimar.net\/wp-content\/uploads\/2025\/03\/tabelka-1024x503.jpg 1024w, https:\/\/wimar.net\/wp-content\/uploads\/2025\/03\/tabelka-768x377.jpg 768w, https:\/\/wimar.net\/wp-content\/uploads\/2025\/03\/tabelka-600x294.jpg 600w, https:\/\/wimar.net\/wp-content\/uploads\/2025\/03\/tabelka-64x31.jpg 64w, https:\/\/wimar.net\/wp-content\/uploads\/2025\/03\/tabelka.jpg 1524w\" sizes=\"(max-width: 543px) 100vw, 543px\" \/><\/p>\n<h3 data-start=\"1066\" data-end=\"1525\"><strong data-start=\"1066\" data-end=\"1083\">\u0417\u0430\u044f\u0432\u043a\u0430:<\/strong><\/h3>\n<ul>\n<li style=\"list-style-type: none;\" data-start=\"1066\" data-end=\"1525\">\n<ul>\n<li data-start=\"847\" data-end=\"1217\"><strong data-start=\"850\" data-end=\"884\">\u0417\u0431\u0435\u0440\u0456\u0433\u0430\u043d\u043d\u044f \u0444\u0440\u0443\u043a\u0442\u0456\u0432 \u0442\u0430 \u043e\u0432\u043e\u0447\u0456\u0432<\/strong> - \u0406\u0434\u0435\u0430\u043b\u044c\u043d\u043e \u043f\u0456\u0434\u0445\u043e\u0434\u0438\u0442\u044c \u0434\u043b\u044f \u044f\u0431\u043b\u0443\u043a, \u0433\u0440\u0443\u0448, \u043f\u0435\u0440\u0441\u0438\u043a\u0456\u0432 \u0430\u0431\u043e \u043f\u043e\u043c\u0456\u0434\u043e\u0440\u0456\u0432.<\/li>\n<li data-start=\"847\" data-end=\"1217\"><strong data-start=\"946\" data-end=\"968\">\u0421\u0456\u043b\u044c\u0441\u044c\u043a\u043e\u0433\u043e\u0441\u043f\u043e\u0434\u0430\u0440\u0441\u044c\u043a\u0438\u0439 \u0442\u0440\u0430\u043d\u0441\u043f\u043e\u0440\u0442<\/strong> - \u0412\u043e\u043d\u0438 \u043f\u043e\u043b\u0435\u0433\u0448\u0443\u044e\u0442\u044c \u043e\u0440\u0433\u0430\u043d\u0456\u0437\u0430\u0446\u0456\u044e \u043f\u0440\u043e\u0434\u0443\u043a\u0446\u0456\u0457 \u043f\u0456\u0434 \u0447\u0430\u0441 \u0442\u0440\u0430\u043d\u0441\u043f\u043e\u0440\u0442\u0443\u0432\u0430\u043d\u043d\u044f.<\/li>\n<li data-start=\"847\" data-end=\"1217\"><strong data-start=\"1026\" data-end=\"1043\">\u0417\u0431\u0435\u0440\u0456\u0433\u0430\u043d\u043d\u044f<\/strong> - \u0412\u043e\u043d\u0438 \u0434\u043e\u043f\u043e\u043c\u0430\u0433\u0430\u044e\u0442\u044c \u0443 \u0431\u0435\u0437\u043f\u0435\u0447\u043d\u043e\u043c\u0443 \u0437\u0431\u0435\u0440\u0456\u0433\u0430\u043d\u043d\u0456 \u0432\u0440\u043e\u0436\u0430\u044e \u0432 \u0445\u043e\u043b\u043e\u0434\u0438\u043b\u044c\u043d\u0438\u0445 \u043a\u0430\u043c\u0435\u0440\u0430\u0445 \u0456 \u043d\u0430 \u0441\u043a\u043b\u0430\u0434\u0430\u0445.<\/li>\n<li data-start=\"847\" data-end=\"1217\"><strong data-start=\"1120\" data-end=\"1145\">\u0415\u043a\u043e\u043b\u043e\u0433\u0456\u0447\u043d\u0435 \u043f\u0430\u043a\u0443\u0432\u0430\u043d\u043d\u044f<\/strong> - \u0410\u043b\u044c\u0442\u0435\u0440\u043d\u0430\u0442\u0438\u0432\u0430 \u043f\u043b\u0430\u0441\u0442\u0438\u043a\u043e\u0432\u0438\u043c \u0441\u0435\u043f\u0430\u0440\u0430\u0442\u043e\u0440\u0430\u043c \u0434\u043b\u044f \u0441\u0438\u043f\u0443\u0447\u0438\u0445 \u043f\u0440\u043e\u0434\u0443\u043a\u0442\u0456\u0432.<\/li>\n<\/ul>\n<h3 data-start=\"1219\" data-end=\"1579\"><\/h3>\n<\/li>\n<\/ul>\n<h3 data-start=\"1219\" data-end=\"1579\"><strong data-start=\"1219\" data-end=\"1272\">\u0427\u043e\u043c\u0443 \u0432\u0430\u0440\u0442\u043e \u043e\u0431\u0438\u0440\u0430\u0442\u0438 \u043d\u0430\u0448\u0456 \u0446\u0435\u043b\u044e\u043b\u043e\u0437\u043d\u0456 \u0435\u043a\u0441\u0442\u0440\u0443\u0437\u0456\u0457?<\/strong><\/h3>\n<p data-start=\"1219\" data-end=\"1579\">\u0426\u0435\u043b\u044e\u043b\u043e\u0437\u043d\u0456 \u0435\u043a\u0441\u0442\u0440\u0443\u0434\u043e\u0432\u0430\u043d\u0456 \u043a\u043e\u043d\u0442\u0435\u0439\u043d\u0435\u0440\u0438 - \u0446\u0435 \u0435\u043a\u043e\u043b\u043e\u0433\u0456\u0447\u043d\u0430 \u0442\u0430 \u043f\u0440\u0430\u043a\u0442\u0438\u0447\u043d\u0430 \u0430\u043b\u044c\u0442\u0435\u0440\u043d\u0430\u0442\u0438\u0432\u0430 \u043f\u043b\u0430\u0441\u0442\u0438\u043a\u043e\u0432\u0438\u043c \u043a\u0430\u0440\u0442\u043e\u043d\u043d\u0438\u043c \u0432\u043a\u043b\u0430\u0434\u0438\u0448\u0430\u043c. \u0417\u0430\u0432\u0434\u044f\u043a\u0438 \u0431\u0456\u043e\u0440\u043e\u0437\u043a\u043b\u0430\u0434\u043d\u043e\u043c\u0443 \u043c\u0430\u0442\u0435\u0440\u0456\u0430\u043b\u0443 \u0442\u0430 \u043c\u0456\u0446\u043d\u0456\u0439 \u043a\u043e\u043d\u0441\u0442\u0440\u0443\u043a\u0446\u0456\u0457 \u0432\u043e\u043d\u0438 \u0456\u0434\u0435\u0430\u043b\u044c\u043d\u043e \u043f\u0456\u0434\u0445\u043e\u0434\u044f\u0442\u044c \u0434\u043b\u044f \u0442\u0440\u0430\u043d\u0441\u043f\u043e\u0440\u0442\u0443\u0432\u0430\u043d\u043d\u044f \u0442\u0430 \u0437\u0431\u0435\u0440\u0456\u0433\u0430\u043d\u043d\u044f \u0444\u0440\u0443\u043a\u0442\u0456\u0432 \u0456 \u043e\u0432\u043e\u0447\u0456\u0432. \u041e\u0431\u0438\u0440\u0430\u044e\u0447\u0438 \u0457\u0445, \u0432\u0438 \u0434\u0431\u0430\u0454\u0442\u0435 \u043f\u0440\u043e \u043d\u0430\u0432\u043a\u043e\u043b\u0438\u0448\u043d\u0454 \u0441\u0435\u0440\u0435\u0434\u043e\u0432\u0438\u0449\u0435 \u0442\u0430 \u044f\u043a\u0456\u0441\u0442\u044c \u043f\u0440\u043e\u0434\u0443\u043a\u0442\u0456\u0432, \u044f\u043a\u0456 \u0437\u0431\u0435\u0440\u0456\u0433\u0430\u0454\u0442\u0435.<\/p>","protected":false},"excerpt":{"rendered":"<p>Wyt\u0142oczki celulozowe czarne Wyt\u0142oczki celulozowe do kartonu bushel to ekologiczne i funkcjonalne rozwi\u0105zanie do bezpiecznego przechowywania oraz transportu owoc\u00f3w i warzyw. Wykonane z odnawialnej masy celulozowej, zapewniaj\u0105 stabilizacj\u0119 produkt\u00f3w, minimalizuj\u0105c ryzyko uszkodze\u0144 mechanicznych. Najwa\u017cniejsze cechy: Ekologiczne \u2013 Wykonane z biodegradowalnej celulozy, przyjaznej dla \u015brodowiska. Ochrona produkt\u00f3w \u2013 Chroni\u0105 owoce i warzywa przed zgnieceniem i obiciami. [&hellip;]<\/p>","protected":false},"featured_media":5341,"template":"","meta":{"site-sidebar-layout":"default","site-content-layout":"","ast-site-content-layout":"default","site-content-style":"default","site-sidebar-style":"default","ast-global-header-display":"","ast-banner-title-visibility":"","ast-main-header-display":"","ast-hfb-above-header-display":"","ast-hfb-below-header-display":"","ast-hfb-mobile-header-display":"","site-post-title":"","ast-breadcrumbs-content":"","ast-featured-img":"","footer-sml-layout":"","theme-transparent-header-meta":"default","adv-header-id-meta":"","stick-header-meta":"default","header-above-stick-meta":"","header-main-stick-meta":"","header-below-stick-meta":"","astra-migrate-meta-layouts":"set","ast-page-background-enabled":"default","ast-page-background-meta":{"desktop":{"background-color":"var(--ast-global-color-4)","background-image":"","background-repeat":"repeat","background-position":"center center","background-size":"auto","background-attachment":"scroll","background-type":"","background-media":"","overlay-type":"","overlay-color":"","overlay-opacity":"","overlay-gradient":""},"tablet":{"background-color":"","background-image":"","background-repeat":"repeat","background-position":"center center","background-size":"auto","background-attachment":"scroll","background-type":"","background-media":"","overlay-type":"","overlay-color":"","overlay-opacity":"","overlay-gradient":""},"mobile":{"background-color":"","background-image":"","background-repeat":"repeat","background-position":"center center","background-size":"auto","background-attachment":"scroll","background-type":"","background-media":"","overlay-type":"","overlay-color":"","overlay-opacity":"","overlay-gradient":""}},"ast-content-background-meta":{"desktop":{"background-color":"var(--ast-global-color-5)","background-image":"","background-repeat":"repeat","background-position":"center center","background-size":"auto","background-attachment":"scroll","background-type":"","background-media":"","overlay-type":"","overlay-color":"","overlay-opacity":"","overlay-gradient":""},"tablet":{"background-color":"var(--ast-global-color-5)","background-image":"","background-repeat":"repeat","background-position":"center center","background-size":"auto","background-attachment":"scroll","background-type":"","background-media":"","overlay-type":"","overlay-color":"","overlay-opacity":"","overlay-gradient":""},"mobile":{"background-color":"var(--ast-global-color-5)","background-image":"","background-repeat":"repeat","background-position":"center center","background-size":"auto","background-attachment":"scroll","background-type":"","background-media":"","overlay-type":"","overlay-color":"","overlay-opacity":"","overlay-gradient":""}}},"product_brand":[],"product_cat":[390,384],"product_tag":[],"class_list":{"0":"post-5340","1":"product","2":"type-product","3":"status-publish","4":"has-post-thumbnail","6":"product_cat-czarne-celulozowe","7":"product_cat-wytloczki-do-kartonu-600x400","8":"desktop-align-left","9":"tablet-align-left","10":"mobile-align-left","11":"ast-product-gallery-layout-horizontal","12":"ast-product-tabs-layout-horizontal","14":"first","15":"instock","16":"shipping-taxable","17":"product-type-simple"},"_links":{"self":[{"href":"https:\/\/wimar.net\/uk\/wp-json\/wp\/v2\/product\/5340","targetHints":{"allow":["GET"]}}],"collection":[{"href":"https:\/\/wimar.net\/uk\/wp-json\/wp\/v2\/product"}],"about":[{"href":"https:\/\/wimar.net\/uk\/wp-json\/wp\/v2\/types\/product"}],"version-history":[{"count":4,"href":"https:\/\/wimar.net\/uk\/wp-json\/wp\/v2\/product\/5340\/revisions"}],"predecessor-version":[{"id":5346,"href":"https:\/\/wimar.net\/uk\/wp-json\/wp\/v2\/product\/5340\/revisions\/5346"}],"wp:featuredmedia":[{"embeddable":true,"href":"https:\/\/wimar.net\/uk\/wp-json\/wp\/v2\/media\/5341"}],"wp:attachment":[{"href":"https:\/\/wimar.net\/uk\/wp-json\/wp\/v2\/media?parent=5340"}],"wp:term":[{"taxonomy":"product_brand","embeddable":true,"href":"https:\/\/wimar.net\/uk\/wp-json\/wp\/v2\/product_brand?post=5340"},{"taxonomy":"product_cat","embeddable":true,"href":"https:\/\/wimar.net\/uk\/wp-json\/wp\/v2\/product_cat?post=5340"},{"taxonomy":"product_tag","embeddable":true,"href":"https:\/\/wimar.net\/uk\/wp-json\/wp\/v2\/product_tag?post=5340"}],"curies":[{"name":"wp","href":"https:\/\/api.w.org\/{rel}","templated":true}]}}