{"id":5355,"date":"2025-03-14T14:32:40","date_gmt":"2025-03-14T13:32:40","guid":{"rendered":"https:\/\/wimar.net\/?post_type=product&#038;p=5355"},"modified":"2025-03-25T08:29:01","modified_gmt":"2025-03-25T07:29:01","slug":"%d0%b7%d0%b0%d1%85%d0%b2%d0%b0%d1%82-%d0%bf%d0%bb%d1%8e%d1%81-%d0%b2%d0%b5%d0%bb%d0%b8%d0%ba%d0%b8%d0%b9-325-420%d0%bc%d0%bc-%d0%bc%d0%b0%d0%ba%d1%81-600%d0%ba%d0%b3-%d0%b4%d0%bb%d1%8f-%d0%b4%d1%80","status":"publish","type":"product","link":"https:\/\/wimar.net\/uk\/product-2\/%d0%b7%d0%b0%d1%85%d0%b2%d0%b0%d1%82-%d0%bf%d0%bb%d1%8e%d1%81-%d0%b2%d0%b5%d0%bb%d0%b8%d0%ba%d0%b8%d0%b9-325-420%d0%bc%d0%bc-%d0%bc%d0%b0%d0%ba%d1%81-600%d0%ba%d0%b3-%d0%b4%d0%bb%d1%8f-%d0%b4%d1%80\/","title":{"rendered":"\u0424\u0456\u0442\u0438\u043d\u0433\u0438 Gripple Plus Large 3,25-4,20 \u043c\u043c \u043c\u0430\u043a\u0441. 600 \u043a\u0433 \u0434\u043b\u044f \u0434\u0440\u043e\u0442\u0443"},"content":{"rendered":"<h3 data-start=\"0\" data-end=\"63\"><strong data-start=\"0\" data-end=\"61\">\u0424\u0456\u0442\u0438\u043d\u0433\u0438 Gripple Plus Large 3,25-4,20 \u043c\u043c \u043c\u0430\u043a\u0441. 600 \u043a\u0433 \u0434\u043b\u044f \u0434\u0440\u043e\u0442\u0443<\/strong><\/h3>\n<p data-start=\"65\" data-end=\"331\">\u0417'\u0454\u0434\u043d\u0443\u0432\u0430\u0447\u0456 Gripple Plus Large - \u0446\u0435 \u043d\u0430\u0434\u0456\u0439\u043d\u0435 \u0456 \u043f\u0440\u043e\u0441\u0442\u0435 \u0443 \u0432\u0438\u043a\u043e\u0440\u0438\u0441\u0442\u0430\u043d\u043d\u0456 \u0440\u0456\u0448\u0435\u043d\u043d\u044f \u0434\u043b\u044f \u0437'\u0454\u0434\u043d\u0430\u043d\u043d\u044f \u0456 \u043d\u0430\u0442\u044f\u0433\u0443\u0432\u0430\u043d\u043d\u044f \u0434\u0440\u043e\u0442\u0456\u0432 \u0443 \u0441\u0456\u043b\u044c\u0441\u044c\u043a\u043e\u043c\u0443 \u0433\u043e\u0441\u043f\u043e\u0434\u0430\u0440\u0441\u0442\u0432\u0456, \u0441\u0430\u0434\u0456\u0432\u043d\u0438\u0446\u0442\u0432\u0456 \u0442\u0430 \u0431\u0443\u0434\u0456\u0432\u043d\u0438\u0446\u0442\u0432\u0456 \u043e\u0433\u043e\u0440\u043e\u0436. \u0417\u0430\u0432\u0434\u044f\u043a\u0438 \u0432\u0434\u043e\u0441\u043a\u043e\u043d\u0430\u043b\u0435\u043d\u0456\u0439 \u043a\u043e\u043d\u0441\u0442\u0440\u0443\u043a\u0446\u0456\u0457, \u0432\u043e\u043d\u0438 \u0434\u043e\u0437\u0432\u043e\u043b\u044f\u044e\u0442\u044c \u0448\u0432\u0438\u0434\u043a\u043e \u0432\u0441\u0442\u0430\u043d\u043e\u0432\u043b\u044e\u0432\u0430\u0442\u0438 \u0442\u0430 \u0437\u0430\u0431\u0435\u0437\u043f\u0435\u0447\u0443\u044e\u0442\u044c \u0434\u043e\u0432\u0433\u043e\u0432\u0456\u0447\u043d\u0456\u0441\u0442\u044c \u0437'\u0454\u0434\u043d\u0430\u043d\u044c.<\/p>\n<h3 data-start=\"333\" data-end=\"363\"><strong data-start=\"337\" data-end=\"361\">\u041e\u0441\u043d\u043e\u0432\u043d\u0456 \u0445\u0430\u0440\u0430\u043a\u0442\u0435\u0440\u0438\u0441\u0442\u0438\u043a\u0438:<\/strong><\/h3>\n<ul>\n<li data-start=\"364\" data-end=\"907\"><strong data-start=\"366\" data-end=\"383\">\u0421\u0442\u0456\u0439\u043a\u0456\u0441\u0442\u044c:<\/strong> \u041c\u0430\u043a\u0441\u0438\u043c\u0430\u043b\u044c\u043d\u0435 \u043d\u0430\u0432\u0430\u043d\u0442\u0430\u0436\u0435\u043d\u043d\u044f \u0434\u043e <strong>600 \u043a\u0433<\/strong>\u0437\u0430\u0431\u0435\u0437\u043f\u0435\u0447\u0435\u043d\u043d\u044f \u043c\u0456\u0446\u043d\u0438\u0445 \u0456 \u0434\u043e\u0432\u0433\u043e\u0432\u0456\u0447\u043d\u0438\u0445 \u0437'\u0454\u0434\u043d\u0430\u043d\u044c.<\/li>\n<li data-start=\"364\" data-end=\"907\"><strong data-start=\"467\" data-end=\"492\">\u0414\u0456\u0430\u043f\u0430\u0437\u043e\u043d \u0434\u0456\u0430\u043c\u0435\u0442\u0440\u0456\u0432 \u0434\u0440\u043e\u0442\u0443:<\/strong> \u0421\u0443\u043c\u0456\u0441\u043d\u0456\u0441\u0442\u044c \u0437 \u0440\u0456\u0437\u043d\u0438\u043c\u0438 \u0434\u0456\u0430\u043c\u0435\u0442\u0440\u0430\u043c\u0438 \u0434\u0440\u043e\u0442\u0443 <strong>3,25-4,20 \u043c\u043c<\/strong>\u0449\u043e \u0434\u043e\u0437\u0432\u043e\u043b\u044f\u0454 \u0432\u0438\u043a\u043e\u0440\u0438\u0441\u0442\u043e\u0432\u0443\u0432\u0430\u0442\u0438 \u0439\u043e\u0433\u043e \u0432 \u0448\u0438\u0440\u043e\u043a\u043e\u043c\u0443 \u0434\u0456\u0430\u043f\u0430\u0437\u043e\u043d\u0456 \u0437\u0430\u0441\u0442\u043e\u0441\u0443\u0432\u0430\u043d\u044c.<\/li>\n<li data-start=\"364\" data-end=\"907\"><strong data-start=\"586\" data-end=\"605\">\u041f\u0440\u043e\u0441\u0442\u043e\u0442\u0430 \u0432\u0438\u043a\u043e\u0440\u0438\u0441\u0442\u0430\u043d\u043d\u044f:<\/strong> \u0411\u0435\u0437\u043f\u0440\u043e\u0431\u043b\u0435\u043c\u043d\u0438\u0439 \u0456 \u0448\u0432\u0438\u0434\u043a\u0438\u0439 \u043c\u043e\u043d\u0442\u0430\u0436 \u0431\u0435\u0437 \u0432\u0438\u043a\u043e\u0440\u0438\u0441\u0442\u0430\u043d\u043d\u044f \u0432\u0443\u0437\u043b\u0456\u0432 \u0430\u0431\u043e \u0445\u043e\u043c\u0443\u0442\u0456\u0432.<\/li>\n<li data-start=\"364\" data-end=\"907\"><strong data-start=\"685\" data-end=\"703\">\u0421\u0430\u043c\u043e\u0440\u0435\u0433\u0443\u043b\u044f\u0446\u0456\u044f:<\/strong> \u041c\u0435\u0445\u0430\u043d\u0456\u0437\u043c \u0430\u0432\u0442\u043e\u043c\u0430\u0442\u0438\u0447\u043d\u043e\u0433\u043e \u0431\u043b\u043e\u043a\u0443\u0432\u0430\u043d\u043d\u044f \u0434\u043e\u0437\u0432\u043e\u043b\u044f\u0454 \u0442\u043e\u0447\u043d\u043e \u0440\u0435\u0433\u0443\u043b\u044e\u0432\u0430\u0442\u0438 \u043d\u0430\u0442\u044f\u0433.<\/li>\n<li data-start=\"364\" data-end=\"907\"><strong data-start=\"787\" data-end=\"812\">\u0421\u0442\u0456\u0439\u043a\u0456\u0441\u0442\u044c \u0434\u043e \u043a\u043e\u0440\u043e\u0437\u0456\u0457:<\/strong> \u0412\u0438\u0441\u043e\u043a\u043e\u044f\u043a\u0456\u0441\u043d\u0456 \u043c\u0430\u0442\u0435\u0440\u0456\u0430\u043b\u0438 \u0437\u0430\u0431\u0435\u0437\u043f\u0435\u0447\u0443\u044e\u0442\u044c \u0434\u043e\u0432\u0433\u043e\u0432\u0456\u0447\u043d\u0456\u0441\u0442\u044c \u043d\u0430\u0432\u0456\u0442\u044c \u0443 \u0441\u0443\u0432\u043e\u0440\u0438\u0445 \u043f\u043e\u0433\u043e\u0434\u043d\u0438\u0445 \u0443\u043c\u043e\u0432\u0430\u0445.<\/li>\n<\/ul>\n<h3 data-start=\"909\" data-end=\"932\"><strong data-start=\"913\" data-end=\"930\">\u0417\u0430\u044f\u0432\u043a\u0430:<\/strong><\/h3>\n<ul>\n<li data-start=\"933\" data-end=\"1308\"><strong data-start=\"936\" data-end=\"964\">\u0421\u0456\u043b\u044c\u0441\u044c\u043a\u0435 \u0433\u043e\u0441\u043f\u043e\u0434\u0430\u0440\u0441\u0442\u0432\u043e \u0442\u0430 \u0441\u0430\u0434\u0456\u0432\u043d\u0438\u0446\u0442\u0432\u043e:<\/strong> \u041c\u043e\u043d\u0442\u0430\u0436 \u0456 \u043d\u0430\u0442\u044f\u0433\u043d\u0435\u043d\u043d\u044f \u043f\u0440\u043e\u0432\u043e\u0434\u0456\u0432 \u0432 \u0441\u0438\u0441\u0442\u0435\u043c\u0430\u0445 \u043f\u0456\u0434\u0442\u0440\u0438\u043c\u043a\u0438 \u0440\u043e\u0441\u043b\u0438\u043d.<\/li>\n<li data-start=\"933\" data-end=\"1308\"><strong data-start=\"1033\" data-end=\"1048\">\u041f\u0430\u0440\u043a\u0430\u043d\u0438:<\/strong> \u0417\u0440\u043e\u0449\u0443\u0432\u0430\u043d\u043d\u044f \u0442\u0430 \u0440\u0435\u043c\u043e\u043d\u0442 \u0434\u0440\u043e\u0442\u0443 \u0432 \u043f\u0430\u0441\u043e\u0432\u0438\u0449\u043d\u0438\u0445 \u0442\u0430 \u043f\u0440\u043e\u043c\u0438\u0441\u043b\u043e\u0432\u0438\u0445 \u043e\u0433\u043e\u0440\u043e\u0436\u0430\u0445.<\/li>\n<li data-start=\"933\" data-end=\"1308\"><strong data-start=\"1126\" data-end=\"1149\">\u0420\u0435\u0448\u0456\u0442\u0447\u0430\u0441\u0442\u0456 \u0441\u0438\u0441\u0442\u0435\u043c\u0438:<\/strong> \u0421\u0442\u0430\u0431\u0456\u043b\u0456\u0437\u0430\u0446\u0456\u044f \u0442\u0430 \u0441\u0442\u0440\u0443\u043a\u0442\u0443\u0440\u043d\u0430 \u043f\u0456\u0434\u0442\u0440\u0438\u043c\u043a\u0430 \u0432\u0438\u043d\u043e\u0433\u0440\u0430\u0434\u043d\u043e\u0457 \u043b\u043e\u0437\u0438, \u043c\u0430\u043b\u0438\u043d\u0438 \u0442\u0430 \u0456\u043d\u0448\u0438\u0445 \u043a\u0443\u043b\u044c\u0442\u0443\u0440.<\/li>\n<li data-start=\"933\" data-end=\"1308\"><strong data-start=\"1230\" data-end=\"1247\">\u0420\u043e\u0437\u043f\u043b\u0456\u0434\u043d\u0438\u043a:<\/strong> \u0417\u043c\u0456\u0446\u043d\u0435\u043d\u043d\u044f \u043a\u043e\u043d\u0441\u0442\u0440\u0443\u043a\u0446\u0456\u0439, \u0449\u043e \u043f\u0456\u0434\u0442\u0440\u0438\u043c\u0443\u044e\u0442\u044c \u043c\u043e\u043b\u043e\u0434\u0456 \u0434\u0435\u0440\u0435\u0432\u0430 \u0442\u0430 \u0440\u043e\u0441\u043b\u0438\u043d\u0438.<\/li>\n<\/ul>\n<h3 data-start=\"1310\" data-end=\"1369\"><strong data-start=\"1314\" data-end=\"1367\">\u0427\u043e\u043c\u0443 \u0432\u0430\u0440\u0442\u043e \u043e\u0431\u0438\u0440\u0430\u0442\u0438 \u0440\u043e\u0437'\u0454\u043c\u0438 Gripple Plus Large?<\/strong><\/h3>\n<p data-start=\"1370\" data-end=\"1675\" data-is-last-node=\"\" data-is-only-node=\"\">\u0417'\u0454\u0434\u043d\u0443\u0432\u0430\u0447\u0456 Gripple Plus Large - \u0446\u0435 \u0456\u043d\u043d\u043e\u0432\u0430\u0446\u0456\u0439\u043d\u0435 \u0440\u0456\u0448\u0435\u043d\u043d\u044f, \u044f\u043a\u0435 \u0437\u043d\u0430\u0447\u043d\u043e \u0441\u043a\u043e\u0440\u043e\u0447\u0443\u0454 \u0447\u0430\u0441 \u043d\u0430 \u0432\u0441\u0442\u0430\u043d\u043e\u0432\u043b\u0435\u043d\u043d\u044f \u0442\u0430 \u043e\u0431\u0441\u043b\u0443\u0433\u043e\u0432\u0443\u0432\u0430\u043d\u043d\u044f \u0434\u0440\u043e\u0442\u0443. \u041c\u0456\u0446\u043d\u0430 \u043a\u043e\u043d\u0441\u0442\u0440\u0443\u043a\u0446\u0456\u044f, \u043f\u0440\u043e\u0441\u0442\u043e\u0442\u0430 \u043c\u043e\u043d\u0442\u0430\u0436\u0443 \u0456 \u0448\u0438\u0440\u043e\u043a\u0438\u0439 \u0441\u043f\u0435\u043a\u0442\u0440 \u0437\u0430\u0441\u0442\u043e\u0441\u0443\u0432\u0430\u043d\u043d\u044f \u0440\u043e\u0431\u043b\u044f\u0442\u044c \u0457\u0445 \u0456\u0434\u0435\u0430\u043b\u044c\u043d\u0438\u043c \u0432\u0438\u0431\u043e\u0440\u043e\u043c \u0434\u043b\u044f \u043f\u0440\u043e\u0444\u0435\u0441\u0456\u043e\u043d\u0430\u043b\u0456\u0432 \u0456 \u043b\u044e\u0431\u0438\u0442\u0435\u043b\u0456\u0432, \u044f\u043a\u0456 \u0437\u0430\u0439\u043c\u0430\u044e\u0442\u044c\u0441\u044f \u0432\u0438\u0440\u043e\u0449\u0443\u0432\u0430\u043d\u043d\u044f\u043c \u0456 \u043e\u0433\u043e\u0440\u043e\u0436\u0435\u044e.<\/p>","protected":false},"excerpt":{"rendered":"<p>Z\u0142\u0105czki Gripple Plus Large 3,25-4,20mm max 600kg do drutu Z\u0142\u0105czki Gripple Plus Large to wytrzyma\u0142e i \u0142atwe w u\u017cyciu rozwi\u0105zanie do \u0142\u0105czenia i napinania drut\u00f3w w rolnictwie, sadownictwie oraz budownictwie ogrodzeniowym. Dzi\u0119ki zaawansowanej konstrukcji pozwalaj\u0105 na szybki monta\u017c i zapewniaj\u0105 d\u0142ugotrwa\u0142\u0105 trwa\u0142o\u015b\u0107 po\u0142\u0105cze\u0144. Najwa\u017cniejsze cechy: Wytrzyma\u0142o\u015b\u0107: Maksymalne obci\u0105\u017cenie do 600 kg, zapewniaj\u0105ce solidne i trwa\u0142e [&hellip;]<\/p>","protected":false},"featured_media":5357,"template":"","meta":{"site-sidebar-layout":"default","site-content-layout":"","ast-site-content-layout":"default","site-content-style":"default","site-sidebar-style":"default","ast-global-header-display":"","ast-banner-title-visibility":"","ast-main-header-display":"","ast-hfb-above-header-display":"","ast-hfb-below-header-display":"","ast-hfb-mobile-header-display":"","site-post-title":"","ast-breadcrumbs-content":"","ast-featured-img":"","footer-sml-layout":"","theme-transparent-header-meta":"default","adv-header-id-meta":"","stick-header-meta":"default","header-above-stick-meta":"","header-main-stick-meta":"","header-below-stick-meta":"","astra-migrate-meta-layouts":"set","ast-page-background-enabled":"default","ast-page-background-meta":{"desktop":{"background-color":"var(--ast-global-color-4)","background-image":"","background-repeat":"repeat","background-position":"center center","background-size":"auto","background-attachment":"scroll","background-type":"","background-media":"","overlay-type":"","overlay-color":"","overlay-opacity":"","overlay-gradient":""},"tablet":{"background-color":"","background-image":"","background-repeat":"repeat","background-position":"center center","background-size":"auto","background-attachment":"scroll","background-type":"","background-media":"","overlay-type":"","overlay-color":"","overlay-opacity":"","overlay-gradient":""},"mobile":{"background-color":"","background-image":"","background-repeat":"repeat","background-position":"center center","background-size":"auto","background-attachment":"scroll","background-type":"","background-media":"","overlay-type":"","overlay-color":"","overlay-opacity":"","overlay-gradient":""}},"ast-content-background-meta":{"desktop":{"background-color":"var(--ast-global-color-5)","background-image":"","background-repeat":"repeat","background-position":"center center","background-size":"auto","background-attachment":"scroll","background-type":"","background-media":"","overlay-type":"","overlay-color":"","overlay-opacity":"","overlay-gradient":""},"tablet":{"background-color":"var(--ast-global-color-5)","background-image":"","background-repeat":"repeat","background-position":"center center","background-size":"auto","background-attachment":"scroll","background-type":"","background-media":"","overlay-type":"","overlay-color":"","overlay-opacity":"","overlay-gradient":""},"mobile":{"background-color":"var(--ast-global-color-5)","background-image":"","background-repeat":"repeat","background-position":"center center","background-size":"auto","background-attachment":"scroll","background-type":"","background-media":"","overlay-type":"","overlay-color":"","overlay-opacity":"","overlay-gradient":""}}},"product_brand":[],"product_cat":[308],"product_tag":[],"class_list":{"0":"post-5355","1":"product","2":"type-product","3":"status-publish","4":"has-post-thumbnail","6":"product_cat-large","7":"desktop-align-left","8":"tablet-align-left","9":"mobile-align-left","10":"ast-product-gallery-layout-horizontal","11":"ast-product-tabs-layout-horizontal","13":"first","14":"instock","15":"shipping-taxable","16":"product-type-simple"},"_links":{"self":[{"href":"https:\/\/wimar.net\/uk\/wp-json\/wp\/v2\/product\/5355","targetHints":{"allow":["GET"]}}],"collection":[{"href":"https:\/\/wimar.net\/uk\/wp-json\/wp\/v2\/product"}],"about":[{"href":"https:\/\/wimar.net\/uk\/wp-json\/wp\/v2\/types\/product"}],"version-history":[{"count":3,"href":"https:\/\/wimar.net\/uk\/wp-json\/wp\/v2\/product\/5355\/revisions"}],"predecessor-version":[{"id":6381,"href":"https:\/\/wimar.net\/uk\/wp-json\/wp\/v2\/product\/5355\/revisions\/6381"}],"wp:featuredmedia":[{"embeddable":true,"href":"https:\/\/wimar.net\/uk\/wp-json\/wp\/v2\/media\/5357"}],"wp:attachment":[{"href":"https:\/\/wimar.net\/uk\/wp-json\/wp\/v2\/media?parent=5355"}],"wp:term":[{"taxonomy":"product_brand","embeddable":true,"href":"https:\/\/wimar.net\/uk\/wp-json\/wp\/v2\/product_brand?post=5355"},{"taxonomy":"product_cat","embeddable":true,"href":"https:\/\/wimar.net\/uk\/wp-json\/wp\/v2\/product_cat?post=5355"},{"taxonomy":"product_tag","embeddable":true,"href":"https:\/\/wimar.net\/uk\/wp-json\/wp\/v2\/product_tag?post=5355"}],"curies":[{"name":"wp","href":"https:\/\/api.w.org\/{rel}","templated":true}]}}