{"id":5366,"date":"2025-03-14T15:20:50","date_gmt":"2025-03-14T14:20:50","guid":{"rendered":"https:\/\/wimar.net\/?post_type=product&#038;p=5366"},"modified":"2025-03-14T15:21:33","modified_gmt":"2025-03-14T14:21:33","slug":"%d1%80%d0%b5%d1%94%d1%81%d1%82%d1%80%d0%b0%d1%82%d0%be%d1%80-%d1%82%d0%b5%d0%bc%d0%bf%d0%b5%d1%80%d0%b0%d1%82%d1%83%d1%80%d0%b8-usb-%d1%80%d0%b5%d1%94%d1%81%d1%82%d1%80%d0%b0%d1%82%d0%be%d1%80-%d0%b4-2","status":"publish","type":"product","link":"https:\/\/wimar.net\/uk\/product-2\/%d1%80%d0%b5%d1%94%d1%81%d1%82%d1%80%d0%b0%d1%82%d0%be%d1%80-%d1%82%d0%b5%d0%bc%d0%bf%d0%b5%d1%80%d0%b0%d1%82%d1%83%d1%80%d0%b8-usb-%d1%80%d0%b5%d1%94%d1%81%d1%82%d1%80%d0%b0%d1%82%d0%be%d1%80-%d0%b4-2\/","title":{"rendered":"\u0420\u0435\u0454\u0441\u0442\u0440\u0430\u0442\u043e\u0440 \u0442\u0435\u043c\u043f\u0435\u0440\u0430\u0442\u0443\u0440\u0438 usb \u0440\u0435\u0454\u0441\u0442\u0440\u0430\u0442\u043e\u0440 \u0434\u0430\u043d\u0438\u0445 60 \u0434\u043d\u0456\u0432"},"content":{"rendered":"<h3 data-start=\"0\" data-end=\"63\"><strong data-start=\"0\" data-end=\"61\">\u0420\u0435\u0454\u0441\u0442\u0440\u0430\u0442\u043e\u0440 \u0442\u0435\u043c\u043f\u0435\u0440\u0430\u0442\u0443\u0440\u0438<\/strong><\/h3>\n<p data-start=\"47\" data-end=\"464\">\u041e\u0434\u043d\u043e\u0440\u0430\u0437\u043e\u0432\u0438\u0439 USB-\u0442\u0435\u0440\u043c\u043e\u043c\u0435\u0442\u0440 - \u0446\u0435 \u043a\u043e\u043c\u043f\u0430\u043a\u0442\u043d\u0438\u0439, \u043f\u0440\u043e\u0441\u0442\u0438\u0439 \u0443 \u0432\u0438\u043a\u043e\u0440\u0438\u0441\u0442\u0430\u043d\u043d\u0456 \u043f\u0440\u0438\u0441\u0442\u0440\u0456\u0439, \u044f\u043a\u0438\u0439 \u0434\u043e\u0437\u0432\u043e\u043b\u044f\u0454 \u0442\u043e\u0447\u043d\u043e \u043a\u043e\u043d\u0442\u0440\u043e\u043b\u044e\u0432\u0430\u0442\u0438 \u0442\u0435\u043c\u043f\u0435\u0440\u0430\u0442\u0443\u0440\u0443 \u043f\u0456\u0434 \u0447\u0430\u0441 \u0442\u0440\u0430\u043d\u0441\u043f\u043e\u0440\u0442\u0443\u0432\u0430\u043d\u043d\u044f \u0442\u0430 \u0437\u0431\u0435\u0440\u0456\u0433\u0430\u043d\u043d\u044f \u0447\u0443\u0442\u043b\u0438\u0432\u0438\u0445 \u043f\u0440\u043e\u0434\u0443\u043a\u0442\u0456\u0432. \u0417\u0430\u0432\u0434\u044f\u043a\u0438 \u0432\u0431\u0443\u0434\u043e\u0432\u0430\u043d\u043e\u043c\u0443 \u0434\u0430\u0442\u0447\u0438\u043a\u0443 \u0432\u0456\u043d \u0440\u0435\u0454\u0441\u0442\u0440\u0443\u0454 \u0442\u0435\u043c\u043f\u0435\u0440\u0430\u0442\u0443\u0440\u0443 \u0447\u0435\u0440\u0435\u0437 \u043f\u0435\u0432\u043d\u0456 \u043f\u0440\u043e\u043c\u0456\u0436\u043a\u0438 \u0447\u0430\u0441\u0443, \u0437\u0430\u0431\u0435\u0437\u043f\u0435\u0447\u0443\u044e\u0447\u0438 \u043f\u043e\u0432\u043d\u0438\u0439 \u043a\u043e\u043d\u0442\u0440\u043e\u043b\u044c \u043d\u0430\u0434 \u0443\u043c\u043e\u0432\u0430\u043c\u0438 \u0442\u0440\u0430\u043d\u0441\u043f\u043e\u0440\u0442\u0443\u0432\u0430\u043d\u043d\u044f \u043f\u0440\u043e\u0434\u0443\u043a\u0442\u0456\u0432 \u0445\u0430\u0440\u0447\u0443\u0432\u0430\u043d\u043d\u044f, \u043c\u0435\u0434\u0438\u043a\u0430\u043c\u0435\u043d\u0442\u0456\u0432 \u0442\u0430 \u0456\u043d\u0448\u0438\u0445 \u0442\u043e\u0432\u0430\u0440\u0456\u0432, \u0449\u043e \u043f\u043e\u0442\u0440\u0435\u0431\u0443\u044e\u0442\u044c \u0441\u0442\u0430\u0431\u0456\u043b\u044c\u043d\u043e\u0457 \u0442\u0435\u043c\u043f\u0435\u0440\u0430\u0442\u0443\u0440\u0438.<\/p>\n<h3 data-start=\"466\" data-end=\"492\"><strong data-start=\"466\" data-end=\"490\">\u041e\u0441\u043d\u043e\u0432\u043d\u0456 \u0445\u0430\u0440\u0430\u043a\u0442\u0435\u0440\u0438\u0441\u0442\u0438\u043a\u0438:<\/strong><\/h3>\n<ul data-start=\"494\" data-end=\"1328\">\n<li data-start=\"494\" data-end=\"622\"><strong data-start=\"496\" data-end=\"514\">\u041f\u0440\u043e\u0441\u0442\u0438\u0439 \u0443 \u0432\u0438\u043a\u043e\u0440\u0438\u0441\u0442\u0430\u043d\u043d\u0456:<\/strong> \u0410\u0432\u0442\u043e\u043c\u0430\u0442\u0438\u0447\u043d\u0430 \u0433\u0435\u043d\u0435\u0440\u0430\u0446\u0456\u044f \u0437\u0432\u0456\u0442\u0443 \u0443 \u0444\u043e\u0440\u043c\u0430\u0442\u0456 PDF \u043f\u0440\u0438 \u043f\u0456\u0434\u043a\u043b\u044e\u0447\u0435\u043d\u043d\u0456 \u0434\u043e \u041f\u041a, \u0431\u0435\u0437 \u043d\u0435\u043e\u0431\u0445\u0456\u0434\u043d\u043e\u0441\u0442\u0456 \u0432\u0441\u0442\u0430\u043d\u043e\u0432\u043b\u0435\u043d\u043d\u044f \u043f\u0440\u043e\u0433\u0440\u0430\u043c\u043d\u043e\u0433\u043e \u0437\u0430\u0431\u0435\u0437\u043f\u0435\u0447\u0435\u043d\u043d\u044f.<\/li>\n<li data-start=\"623\" data-end=\"770\"><strong data-start=\"625\" data-end=\"648\">\u0422\u043e\u0447\u043d\u0456\u0441\u0442\u044c \u0432\u0438\u043c\u0456\u0440\u044e\u0432\u0430\u043d\u044c:<\/strong> \u0412\u0438\u0441\u043e\u043a\u0430 \u0442\u043e\u0447\u043d\u0456\u0441\u0442\u044c \u0440\u0435\u0454\u0441\u0442\u0440\u0430\u0446\u0456\u0457 \u0442\u0435\u043c\u043f\u0435\u0440\u0430\u0442\u0443\u0440\u0438 \u0434\u043e\u0437\u0432\u043e\u043b\u044f\u0454 \u0435\u0444\u0435\u043a\u0442\u0438\u0432\u043d\u043e \u043a\u043e\u043d\u0442\u0440\u043e\u043b\u044e\u0432\u0430\u0442\u0438 \u043f\u0440\u043e\u0434\u0443\u043a\u0442\u0438, \u0449\u043e \u0432\u0438\u043c\u0430\u0433\u0430\u044e\u0442\u044c \u0441\u043f\u0435\u0446\u0438\u0444\u0456\u0447\u043d\u0438\u0445 \u0443\u043c\u043e\u0432.<\/li>\n<li data-start=\"771\" data-end=\"900\"><strong data-start=\"773\" data-end=\"796\">\u041a\u043e\u043c\u043f\u0430\u043a\u0442\u043d\u0438\u0439 \u0440\u043e\u0437\u043c\u0456\u0440:<\/strong> \u0417\u0430\u0432\u0434\u044f\u043a\u0438 \u043d\u0435\u0432\u0435\u043b\u0438\u043a\u0456\u0439 \u0456 \u043b\u0435\u0433\u043a\u0456\u0439 \u043a\u043e\u043d\u0441\u0442\u0440\u0443\u043a\u0446\u0456\u0457 \u0434\u0438\u043a\u0442\u043e\u0444\u043e\u043d \u043b\u0435\u0433\u043a\u043e \u043f\u043e\u043c\u0456\u0449\u0430\u0454\u0442\u044c\u0441\u044f \u0432 \u043f\u043e\u0441\u0438\u043b\u043a\u0443 \u0430\u0431\u043e \u043f\u0430\u043a\u0443\u043d\u043e\u043a.<\/li>\n<li data-start=\"901\" data-end=\"1048\"><strong data-start=\"903\" data-end=\"932\">\u041e\u0434\u043d\u043e\u0440\u0430\u0437\u043e\u0432\u0435 \u0432\u0438\u043a\u043e\u0440\u0438\u0441\u0442\u0430\u043d\u043d\u044f:<\/strong> \u041f\u0440\u0438\u0437\u043d\u0430\u0447\u0435\u043d\u0438\u0439 \u0434\u043b\u044f \u043e\u0434\u043d\u043e\u0440\u0430\u0437\u043e\u0432\u043e\u0433\u043e \u0432\u0438\u043a\u043e\u0440\u0438\u0441\u0442\u0430\u043d\u043d\u044f, \u0449\u043e \u0432\u0438\u043a\u043b\u044e\u0447\u0430\u0454 \u0440\u0438\u0437\u0438\u043a \u043f\u043e\u0432\u0442\u043e\u0440\u043d\u043e\u0433\u043e \u0432\u0438\u043a\u043e\u0440\u0438\u0441\u0442\u0430\u043d\u043d\u044f \u0442\u0430 \u0437\u0430\u0431\u0435\u0437\u043f\u0435\u0447\u0443\u0454 \u043d\u0430\u0434\u0456\u0439\u043d\u0456\u0441\u0442\u044c \u0434\u0430\u043d\u0438\u0445.<\/li>\n<li data-start=\"1049\" data-end=\"1169\"><strong data-start=\"1051\" data-end=\"1078\">\u0414\u043e\u0432\u0433\u0438\u0439 \u0447\u0430\u0441 \u0440\u0435\u0454\u0441\u0442\u0440\u0430\u0446\u0456\u0457:<\/strong> \u041c\u043e\u0436\u043b\u0438\u0432\u0456\u0441\u0442\u044c \u0432\u0456\u0434\u0441\u0442\u0435\u0436\u0443\u0432\u0430\u0442\u0438 \u0442\u0435\u043c\u043f\u0435\u0440\u0430\u0442\u0443\u0440\u0443 \u043f\u0440\u043e\u0442\u044f\u0433\u043e\u043c \u0434\u0435\u043a\u0456\u043b\u044c\u043a\u043e\u0445 \u0434\u043d\u0456\u0432 \u0430\u0431\u043e \u0442\u0438\u0436\u043d\u0456\u0432, \u0437\u0430\u043b\u0435\u0436\u043d\u043e \u0432\u0456\u0434 \u043c\u043e\u0434\u0435\u043b\u0456.<\/li>\n<li data-start=\"1170\" data-end=\"1328\"><strong data-start=\"1172\" data-end=\"1202\">\u0410\u0432\u0442\u043e\u043c\u0430\u0442\u0438\u0447\u043d\u0430 \u0437\u0432\u0456\u0442\u043d\u0456\u0441\u0442\u044c:<\/strong> \u041f\u0456\u0441\u043b\u044f \u0437\u0430\u0432\u0435\u0440\u0448\u0435\u043d\u043d\u044f \u0437\u0430\u043f\u0438\u0441\u0443 \u043f\u0440\u0438\u0441\u0442\u0440\u0456\u0439 \u0441\u0442\u0432\u043e\u0440\u044e\u0454 \u0437\u0432\u0456\u0442 \u0443 \u0444\u043e\u0440\u043c\u0430\u0442\u0456 PDF \u0437 \u0434\u0435\u0442\u0430\u043b\u044c\u043d\u0438\u043c\u0438 \u0434\u0430\u043d\u0438\u043c\u0438 \u0432\u0438\u043c\u0456\u0440\u044e\u0432\u0430\u043d\u044c, \u0432\u043a\u043b\u044e\u0447\u0430\u044e\u0447\u0438 \u0433\u0440\u0430\u0444\u0456\u043a.<\/li>\n<li data-start=\"1170\" data-end=\"1328\"><strong>\u0414\u0456\u0430\u043f\u0430\u0437\u043e\u043d \u0432\u0438\u043c\u0456\u0440\u044e\u0432\u0430\u043d\u043d\u044f:<\/strong> \u0432\u0456\u0434 -30 \u0434\u043e 60 \u00b0C<\/li>\n<li data-start=\"1170\" data-end=\"1328\"><strong>\u041f\u0430\u043c'\u044f\u0442\u044c:<\/strong> 10 000 \u0437\u0430\u043f\u0438\u0441\u0456\u0432 \u0434\u0430\u043d\u0438\u0445<\/li>\n<\/ul>\n<h3 data-start=\"1330\" data-end=\"1349\"><strong data-start=\"1330\" data-end=\"1347\">\u0417\u0430\u044f\u0432\u043a\u0430:<\/strong><\/h3>\n<ul data-start=\"1351\" data-end=\"1801\">\n<li data-start=\"1351\" data-end=\"1465\"><strong data-start=\"1353\" data-end=\"1376\">\u0425\u0430\u0440\u0447\u043e\u0432\u0456 \u043f\u0435\u0440\u0435\u0432\u0435\u0437\u0435\u043d\u043d\u044f:<\/strong> \u0406\u0434\u0435\u0430\u043b\u044c\u043d\u043e \u043f\u0456\u0434\u0445\u043e\u0434\u0438\u0442\u044c \u0434\u043b\u044f \u043c\u043e\u043d\u0456\u0442\u043e\u0440\u0438\u043d\u0433\u0443 \u0443\u043c\u043e\u0432 \u0442\u0440\u0430\u043d\u0441\u043f\u043e\u0440\u0442\u0443\u0432\u0430\u043d\u043d\u044f \u0441\u0432\u0456\u0436\u0438\u0445 \u0456 \u0437\u0430\u043c\u043e\u0440\u043e\u0436\u0435\u043d\u0438\u0445 \u0445\u0430\u0440\u0447\u043e\u0432\u0438\u0445 \u043f\u0440\u043e\u0434\u0443\u043a\u0442\u0456\u0432.<\/li>\n<li data-start=\"1466\" data-end=\"1583\"><strong data-start=\"1468\" data-end=\"1494\">\u0424\u0430\u0440\u043c\u0430\u0446\u0435\u0432\u0442\u0438\u0447\u043d\u0430 \u043f\u0440\u043e\u043c\u0438\u0441\u043b\u043e\u0432\u0456\u0441\u0442\u044c:<\/strong> \u041d\u0435\u043e\u0431\u0445\u0456\u0434\u043d\u0456 \u0434\u043b\u044f \u0442\u0440\u0430\u043d\u0441\u043f\u043e\u0440\u0442\u0443\u0432\u0430\u043d\u043d\u044f \u043b\u0456\u043a\u0456\u0432 \u0456 \u0432\u0430\u043a\u0446\u0438\u043d, \u044f\u043a\u0456 \u043f\u043e\u0442\u0440\u0435\u0431\u0443\u044e\u0442\u044c \u043a\u043e\u043d\u0442\u0440\u043e\u043b\u044c\u043e\u0432\u0430\u043d\u043e\u0457 \u0442\u0435\u043c\u043f\u0435\u0440\u0430\u0442\u0443\u0440\u0438.<\/li>\n<li data-start=\"1584\" data-end=\"1692\"><strong data-start=\"1586\" data-end=\"1616\">\u041b\u043e\u0433\u0456\u0441\u0442\u0438\u043a\u0430 \u0442\u0430 \u0441\u043a\u043b\u0430\u0434\u0443\u0432\u0430\u043d\u043d\u044f:<\/strong> \u041a\u043e\u043d\u0442\u0440\u043e\u043b\u044c \u0443\u043c\u043e\u0432 \u0437\u0431\u0435\u0440\u0456\u0433\u0430\u043d\u043d\u044f \u043d\u0430 \u0441\u043a\u043b\u0430\u0434\u0430\u0445 \u0456 \u0440\u043e\u0437\u043f\u043e\u0434\u0456\u043b\u044c\u0447\u0438\u0445 \u0446\u0435\u043d\u0442\u0440\u0430\u0445.<\/li>\n<li data-start=\"1693\" data-end=\"1801\"><strong data-start=\"1695\" data-end=\"1716\">\u0425\u0456\u043c\u0456\u0447\u043d\u0430 \u043f\u0440\u043e\u043c\u0438\u0441\u043b\u043e\u0432\u0456\u0441\u0442\u044c:<\/strong> \u0417\u0430\u0431\u0435\u0437\u043f\u0435\u0447\u0435\u043d\u043d\u044f \u043d\u0430\u043b\u0435\u0436\u043d\u0438\u0445 \u0443\u043c\u043e\u0432 \u0442\u0440\u0430\u043d\u0441\u043f\u043e\u0440\u0442\u0443\u0432\u0430\u043d\u043d\u044f \u0447\u0443\u0442\u043b\u0438\u0432\u0438\u0445 \u0434\u043e \u0442\u0435\u043c\u043f\u0435\u0440\u0430\u0442\u0443\u0440\u0438 \u0440\u0435\u0447\u043e\u0432\u0438\u043d.<\/li>\n<\/ul>\n<h3 data-start=\"1803\" data-end=\"2266\"><strong data-start=\"1803\" data-end=\"1869\">\u0427\u043e\u043c\u0443 \u0432\u0430\u0440\u0442\u043e \u043e\u0431\u0440\u0430\u0442\u0438 \u043e\u0434\u043d\u043e\u0440\u0430\u0437\u043e\u0432\u0438\u0439 USB-\u043b\u043e\u0433\u0433\u0435\u0440 \u0442\u0435\u043c\u043f\u0435\u0440\u0430\u0442\u0443\u0440\u0438?<\/strong><\/h3>\n<p data-start=\"1803\" data-end=\"2266\">\u0426\u0435 \u043d\u0430\u0434\u0456\u0439\u043d\u0435 \u0442\u0430 \u0435\u043a\u043e\u043d\u043e\u043c\u0456\u0447\u043d\u043e \u0435\u0444\u0435\u043a\u0442\u0438\u0432\u043d\u0435 \u0440\u0456\u0448\u0435\u043d\u043d\u044f \u0434\u043b\u044f \u0442\u0440\u0430\u043d\u0441\u043f\u043e\u0440\u0442\u043d\u0438\u0445 \u0442\u0430 \u043b\u043e\u0433\u0456\u0441\u0442\u0438\u0447\u043d\u0438\u0445 \u043a\u043e\u043c\u043f\u0430\u043d\u0456\u0439, \u044f\u043a\u0456 \u0445\u043e\u0447\u0443\u0442\u044c \u0437\u0430\u0431\u0435\u0437\u043f\u0435\u0447\u0438\u0442\u0438 \u0431\u0435\u0437\u043f\u0435\u043a\u0443 \u0442\u0430 \u0434\u043e\u0442\u0440\u0438\u043c\u0430\u043d\u043d\u044f \u0442\u0435\u043c\u043f\u0435\u0440\u0430\u0442\u0443\u0440\u043d\u043e\u0433\u043e \u0440\u0435\u0436\u0438\u043c\u0443 \u043f\u0440\u043e\u0434\u0443\u043a\u0442\u0456\u0432. \u0410\u0432\u0442\u043e\u043c\u0430\u0442\u0438\u0447\u043d\u0430 \u0437\u0432\u0456\u0442\u043d\u0456\u0441\u0442\u044c \u0456 \u0432\u0456\u0434\u0441\u0443\u0442\u043d\u0456\u0441\u0442\u044c \u043d\u0435\u043e\u0431\u0445\u0456\u0434\u043d\u043e\u0441\u0442\u0456 \u0432\u0441\u0442\u0430\u043d\u043e\u0432\u043b\u0435\u043d\u043d\u044f \u0434\u043e\u0434\u0430\u0442\u043a\u043e\u0432\u043e\u0433\u043e \u043f\u0440\u043e\u0433\u0440\u0430\u043c\u043d\u043e\u0433\u043e \u0437\u0430\u0431\u0435\u0437\u043f\u0435\u0447\u0435\u043d\u043d\u044f \u0440\u043e\u0431\u043b\u044f\u0442\u044c \u0439\u043e\u0433\u043e \u043d\u0430\u0434\u0437\u0432\u0438\u0447\u0430\u0439\u043d\u043e \u0437\u0440\u0443\u0447\u043d\u0438\u043c \u0456\u043d\u0441\u0442\u0440\u0443\u043c\u0435\u043d\u0442\u043e\u043c \u0434\u043b\u044f \u0432\u0441\u0456\u0445, \u043a\u043e\u043c\u0443 \u043f\u043e\u0442\u0440\u0456\u0431\u043d\u043e \u0448\u0432\u0438\u0434\u043a\u043e \u0456 \u0435\u0444\u0435\u043a\u0442\u0438\u0432\u043d\u043e \u043a\u043e\u043d\u0442\u0440\u043e\u043b\u044e\u0432\u0430\u0442\u0438 \u0442\u0435\u043c\u043f\u0435\u0440\u0430\u0442\u0443\u0440\u0443.<\/p>","protected":false},"excerpt":{"rendered":"<p>Rejestrator temperatury Jednorazowy rejestrator temperatury USB to kompaktowe, \u0142atwe w u\u017cyciu urz\u0105dzenie, kt\u00f3re umo\u017cliwia precyzyjny monitoring temperatury podczas transportu i przechowywania wra\u017cliwych produkt\u00f3w. Dzi\u0119ki wbudowanemu czujnikowi rejestruje temperatur\u0119 w regularnych odst\u0119pach czasu, zapewniaj\u0105c pe\u0142n\u0105 kontrol\u0119 nad warunkami przewozu \u017cywno\u015bci, lek\u00f3w czy innych towar\u00f3w wymagaj\u0105cych stabilnej temperatury. Najwa\u017cniejsze cechy: \u0141atwa obs\u0142uga: Automatyczne generowanie raportu PDF po [&hellip;]<\/p>","protected":false},"featured_media":5367,"template":"","meta":{"site-sidebar-layout":"default","site-content-layout":"","ast-site-content-layout":"default","site-content-style":"default","site-sidebar-style":"default","ast-global-header-display":"","ast-banner-title-visibility":"","ast-main-header-display":"","ast-hfb-above-header-display":"","ast-hfb-below-header-display":"","ast-hfb-mobile-header-display":"","site-post-title":"","ast-breadcrumbs-content":"","ast-featured-img":"","footer-sml-layout":"","theme-transparent-header-meta":"default","adv-header-id-meta":"","stick-header-meta":"default","header-above-stick-meta":"","header-main-stick-meta":"","header-below-stick-meta":"","astra-migrate-meta-layouts":"set","ast-page-background-enabled":"default","ast-page-background-meta":{"desktop":{"background-color":"var(--ast-global-color-4)","background-image":"","background-repeat":"repeat","background-position":"center center","background-size":"auto","background-attachment":"scroll","background-type":"","background-media":"","overlay-type":"","overlay-color":"","overlay-opacity":"","overlay-gradient":""},"tablet":{"background-color":"","background-image":"","background-repeat":"repeat","background-position":"center center","background-size":"auto","background-attachment":"scroll","background-type":"","background-media":"","overlay-type":"","overlay-color":"","overlay-opacity":"","overlay-gradient":""},"mobile":{"background-color":"","background-image":"","background-repeat":"repeat","background-position":"center center","background-size":"auto","background-attachment":"scroll","background-type":"","background-media":"","overlay-type":"","overlay-color":"","overlay-opacity":"","overlay-gradient":""}},"ast-content-background-meta":{"desktop":{"background-color":"var(--ast-global-color-5)","background-image":"","background-repeat":"repeat","background-position":"center center","background-size":"auto","background-attachment":"scroll","background-type":"","background-media":"","overlay-type":"","overlay-color":"","overlay-opacity":"","overlay-gradient":""},"tablet":{"background-color":"var(--ast-global-color-5)","background-image":"","background-repeat":"repeat","background-position":"center center","background-size":"auto","background-attachment":"scroll","background-type":"","background-media":"","overlay-type":"","overlay-color":"","overlay-opacity":"","overlay-gradient":""},"mobile":{"background-color":"var(--ast-global-color-5)","background-image":"","background-repeat":"repeat","background-position":"center center","background-size":"auto","background-attachment":"scroll","background-type":"","background-media":"","overlay-type":"","overlay-color":"","overlay-opacity":"","overlay-gradient":""}}},"product_brand":[],"product_cat":[378],"product_tag":[],"class_list":{"0":"post-5366","1":"product","2":"type-product","3":"status-publish","4":"has-post-thumbnail","6":"product_cat-rejestrator-temperatury-gps-2g-60-dni","7":"desktop-align-left","8":"tablet-align-left","9":"mobile-align-left","10":"ast-product-gallery-layout-horizontal","11":"ast-product-gallery-with-no-image","12":"ast-product-tabs-layout-horizontal","14":"first","15":"instock","16":"shipping-taxable","17":"product-type-simple"},"_links":{"self":[{"href":"https:\/\/wimar.net\/uk\/wp-json\/wp\/v2\/product\/5366","targetHints":{"allow":["GET"]}}],"collection":[{"href":"https:\/\/wimar.net\/uk\/wp-json\/wp\/v2\/product"}],"about":[{"href":"https:\/\/wimar.net\/uk\/wp-json\/wp\/v2\/types\/product"}],"version-history":[{"count":2,"href":"https:\/\/wimar.net\/uk\/wp-json\/wp\/v2\/product\/5366\/revisions"}],"predecessor-version":[{"id":5369,"href":"https:\/\/wimar.net\/uk\/wp-json\/wp\/v2\/product\/5366\/revisions\/5369"}],"wp:featuredmedia":[{"embeddable":true,"href":"https:\/\/wimar.net\/uk\/wp-json\/wp\/v2\/media\/5367"}],"wp:attachment":[{"href":"https:\/\/wimar.net\/uk\/wp-json\/wp\/v2\/media?parent=5366"}],"wp:term":[{"taxonomy":"product_brand","embeddable":true,"href":"https:\/\/wimar.net\/uk\/wp-json\/wp\/v2\/product_brand?post=5366"},{"taxonomy":"product_cat","embeddable":true,"href":"https:\/\/wimar.net\/uk\/wp-json\/wp\/v2\/product_cat?post=5366"},{"taxonomy":"product_tag","embeddable":true,"href":"https:\/\/wimar.net\/uk\/wp-json\/wp\/v2\/product_tag?post=5366"}],"curies":[{"name":"wp","href":"https:\/\/api.w.org\/{rel}","templated":true}]}}