{"id":5370,"date":"2025-03-17T08:54:53","date_gmt":"2025-03-17T07:54:53","guid":{"rendered":"https:\/\/wimar.net\/?post_type=product&#038;p=5370"},"modified":"2025-03-17T09:13:31","modified_gmt":"2025-03-17T08:13:31","slug":"%d1%81%d1%82%d1%80%d1%96%d1%87%d0%ba%d0%b0-%d0%b4%d0%bb%d1%8f-%d1%89%d0%b5%d0%bf%d0%bb%d0%b5%d0%bd%d0%bd%d1%8f-%d1%82%d0%b0-%d0%be%d0%ba%d1%83%d0%bb%d1%96%d1%80%d1%83%d0%b2%d0%b0%d0%bd%d0%bd%d1%8f-25","status":"publish","type":"product","link":"https:\/\/wimar.net\/uk\/product-2\/%d1%81%d1%82%d1%80%d1%96%d1%87%d0%ba%d0%b0-%d0%b4%d0%bb%d1%8f-%d1%89%d0%b5%d0%bf%d0%bb%d0%b5%d0%bd%d0%bd%d1%8f-%d1%82%d0%b0-%d0%be%d0%ba%d1%83%d0%bb%d1%96%d1%80%d1%83%d0%b2%d0%b0%d0%bd%d0%bd%d1%8f-25\/","title":{"rendered":"\u0421\u0442\u0440\u0456\u0447\u043a\u0430 Buddy 25\u043c\u043c\u044540\u043c\u043c\u044560\u043c \u0437 \u043f\u0435\u0440\u0444\u043e\u0440\u0430\u0446\u0456\u0454\u044e \u0434\u043b\u044f \u0449\u0435\u043f\u043b\u0435\u043d\u043d\u044f \u0442\u0430 \u043e\u043a\u0443\u043b\u0456\u0440\u0443\u0432\u0430\u043d\u043d\u044f"},"content":{"rendered":"<h3 data-start=\"0\" data-end=\"72\"><strong data-start=\"0\" data-end=\"72\">\u0421\u0442\u0440\u0456\u0447\u043a\u0430 Buddy \u0434\u043b\u044f \u0449\u0435\u043f\u043b\u0435\u043d\u043d\u044f \u0442\u0430 \u043a\u0430\u0443\u043b\u0456\u0437\u0430\u0446\u0456\u0457<\/strong><\/h3>\n<p data-start=\"74\" data-end=\"318\">\u0421\u0442\u0440\u0456\u0447\u043a\u0430 Buddy Tape - \u0446\u0435 \u0441\u043f\u0435\u0446\u0456\u0430\u043b\u0456\u0437\u043e\u0432\u0430\u043d\u0438\u0439 \u043f\u0440\u043e\u0434\u0443\u043a\u0442, \u0440\u043e\u0437\u0440\u043e\u0431\u043b\u0435\u043d\u0438\u0439 \u0434\u043b\u044f \u0443\u0441\u043f\u0456\u0448\u043d\u043e\u0433\u043e \u0449\u0435\u043f\u043b\u0435\u043d\u043d\u044f \u0442\u0430 \u043a\u043e\u043d\u043e\u043f\u0430\u0447\u0435\u043d\u043d\u044f \u0440\u043e\u0441\u043b\u0438\u043d. \u0417\u0430\u0432\u0434\u044f\u043a\u0438 \u0441\u0432\u043e\u0457\u0439 \u0443\u043d\u0456\u043a\u0430\u043b\u044c\u043d\u0456\u0439 \u043a\u043e\u043d\u0441\u0442\u0440\u0443\u043a\u0446\u0456\u0457 \u0432\u043e\u043d\u0430 \u0437\u0430\u0431\u0435\u0437\u043f\u0435\u0447\u0443\u0454 \u043e\u043f\u0442\u0438\u043c\u0430\u043b\u044c\u043d\u0456 \u0443\u043c\u043e\u0432\u0438 \u0434\u043b\u044f \u0441\u043a\u043b\u0435\u044e\u0432\u0430\u043d\u043d\u044f \u0442\u043a\u0430\u043d\u0438\u043d, \u043e\u0434\u043d\u043e\u0447\u0430\u0441\u043d\u043e \u0437\u0430\u0445\u0438\u0449\u0430\u044e\u0447\u0438 \u0457\u0445 \u0432\u0456\u0434 \u0432\u0438\u0441\u0438\u0445\u0430\u043d\u043d\u044f \u0442\u0430 \u0456\u043d\u0444\u0435\u043a\u0446\u0456\u0439.<\/p>\n<h3 data-start=\"320\" data-end=\"350\"><strong data-start=\"324\" data-end=\"348\">\u041e\u0441\u043d\u043e\u0432\u043d\u0456 \u0445\u0430\u0440\u0430\u043a\u0442\u0435\u0440\u0438\u0441\u0442\u0438\u043a\u0438:<\/strong><\/h3>\n<ul>\n<li data-start=\"352\" data-end=\"936\"><strong data-start=\"354\" data-end=\"370\">\u0413\u043d\u0443\u0447\u043a\u0456\u0441\u0442\u044c<\/strong> - \u0415\u043b\u0430\u0441\u0442\u0438\u0447\u043d\u0430 \u0441\u0442\u0440\u0443\u043a\u0442\u0443\u0440\u0430 \u0441\u0442\u0440\u0456\u0447\u043a\u0438 \u0434\u043e\u0437\u0432\u043e\u043b\u044f\u0454 \u0456\u0434\u0435\u0430\u043b\u044c\u043d\u043e \u043f\u0440\u0438\u043b\u044f\u0433\u0430\u0442\u0438 \u0434\u043e \u0440\u043e\u0441\u043b\u0438\u043d\u0438, \u043d\u0435 \u043f\u043e\u0448\u043a\u043e\u0434\u0436\u0443\u044e\u0447\u0438 \u0457\u0457. \u0420\u043e\u0437\u0442\u044f\u0433\u0443\u0454\u0442\u044c\u0441\u044f \u0434\u043e 8 \u0440\u0430\u0437\u0456\u0432 \u0432\u0456\u0434 \u043f\u043e\u0447\u0430\u0442\u043a\u043e\u0432\u043e\u0457 \u0434\u043e\u0432\u0436\u0438\u043d\u0438<\/li>\n<li data-start=\"352\" data-end=\"936\"><strong data-start=\"467\" data-end=\"486\">\u0421\u0430\u043c\u043e\u043a\u043b\u0435\u0439\u043a\u0430<\/strong> - \u0411\u0435\u0437 \u043d\u0435\u043e\u0431\u0445\u0456\u0434\u043d\u043e\u0441\u0442\u0456 \u0434\u043e\u0434\u0430\u0442\u043a\u043e\u0432\u043e\u0433\u043e \u0441\u043a\u0440\u0456\u043f\u043b\u0435\u043d\u043d\u044f \u0441\u0442\u0440\u0456\u0447\u043a\u0430 \u043f\u0440\u0438\u043a\u043b\u0435\u044e\u0454\u0442\u044c\u0441\u044f \u0441\u0430\u043c\u0430, \u0437\u0430\u0431\u0435\u0437\u043f\u0435\u0447\u0443\u044e\u0447\u0438 \u0441\u0442\u0430\u0431\u0456\u043b\u044c\u043d\u0456\u0441\u0442\u044c \u0449\u0435\u043f\u043b\u0435\u043d\u043d\u044f.<\/li>\n<li data-start=\"352\" data-end=\"936\"><strong data-start=\"603\" data-end=\"624\">\u0417\u0434\u0430\u0442\u043d\u0456\u0441\u0442\u044c \u0434\u043e \u0431\u0456\u043e\u043b\u043e\u0433\u0456\u0447\u043d\u043e\u0433\u043e \u0440\u043e\u0437\u043a\u043b\u0430\u0434\u0430\u043d\u043d\u044f<\/strong> - \u0421\u0442\u0440\u0456\u0447\u043a\u0430 \u0440\u043e\u0437\u043a\u043b\u0430\u0434\u0430\u0454\u0442\u044c\u0441\u044f \u043f\u0440\u0438\u0440\u043e\u0434\u043d\u0438\u043c \u0447\u0438\u043d\u043e\u043c, \u0449\u043e \u043f\u043e\u0437\u0431\u0430\u0432\u043b\u044f\u0454 \u0432\u0456\u0434 \u043d\u0435\u043e\u0431\u0445\u0456\u0434\u043d\u043e\u0441\u0442\u0456 \u0432\u0438\u0434\u0430\u043b\u044f\u0442\u0438 \u0457\u0457 \u043f\u0456\u0441\u043b\u044f \u0437\u0430\u0432\u0435\u0440\u0448\u0435\u043d\u043d\u044f \u043f\u0440\u043e\u0446\u0435\u0441\u0443 \u0441\u0438\u043d\u0442\u0435\u0437\u0443.<\/li>\n<li data-start=\"352\" data-end=\"936\"><strong data-start=\"723\" data-end=\"763\">\u041f\u043e\u0432\u0456\u0442\u0440\u043e- \u0442\u0430 \u0432\u043e\u043b\u043e\u0433\u043e\u043f\u0440\u043e\u043d\u0438\u043a\u043d\u0456\u0441\u0442\u044c<\/strong> - \u0421\u0442\u0432\u043e\u0440\u044e\u0454 \u043c\u0456\u043a\u0440\u043e\u043a\u043b\u0456\u043c\u0430\u0442, \u044f\u043a\u0438\u0439 \u0441\u043f\u0440\u0438\u044f\u0454 \u0448\u0432\u0438\u0434\u043a\u043e\u043c\u0443 \u0437\u0430\u0433\u043e\u0454\u043d\u043d\u044e \u043c\u0456\u0441\u0446\u044f \u0449\u0435\u043f\u043b\u0435\u043d\u043d\u044f.<\/li>\n<li data-start=\"352\" data-end=\"936\"><strong data-start=\"844\" data-end=\"868\">\u041f\u0435\u0440\u0444\u043e\u0440\u0430\u0446\u0456\u044f<\/strong> - \u041a\u043e\u0436\u043d\u0456 40 \u043c\u043c \u043f\u043e\u043b\u0435\u0433\u0448\u0443\u044e\u0442\u044c \u0442\u043e\u0447\u043d\u0435 \u0434\u043e\u0437\u0443\u0432\u0430\u043d\u043d\u044f \u0441\u0442\u0440\u0456\u0447\u043a\u0438, \u0437\u043c\u0435\u043d\u0448\u0443\u044e\u0447\u0438 \u0432\u0442\u0440\u0430\u0442\u0438 \u043c\u0430\u0442\u0435\u0440\u0456\u0430\u043b\u0443.<\/li>\n<li data-start=\"352\" data-end=\"936\"><strong>\u0428\u0438\u0440\u0438\u043d\u0430<\/strong> - 25 \u043c\u043c<\/li>\n<li data-start=\"352\" data-end=\"936\"><strong>\u0414\u043e\u0432\u0436\u0438\u043d\u0430<\/strong> - 60 m<\/li>\n<li data-start=\"352\" data-end=\"936\"><strong>\u041f\u0430\u043a\u0443\u0432\u0430\u043d\u043d\u044f<\/strong> - 5 \u0448\u0442.<\/li>\n<\/ul>\n<h3 data-start=\"938\" data-end=\"961\"><strong data-start=\"942\" data-end=\"959\">\u0417\u0430\u044f\u0432\u043a\u0430:<\/strong><\/h3>\n<ul>\n<li data-start=\"963\" data-end=\"1295\"><strong data-start=\"966\" data-end=\"994\">\u0412\u0430\u043a\u0446\u0438\u043d\u0430\u0446\u0456\u044f \u0442\u0430 \u043e\u043a\u0443\u043b\u0456\u0440\u0443\u0432\u0430\u043d\u043d\u044f<\/strong> - \u0406\u0434\u0435\u0430\u043b\u044c\u043d\u043e \u043f\u0456\u0434\u0445\u043e\u0434\u0438\u0442\u044c \u0434\u043b\u044f \u0432\u0438\u043a\u043e\u0440\u0438\u0441\u0442\u0430\u043d\u043d\u044f \u0432 \u0441\u0430\u0434\u0430\u0445, \u0440\u043e\u0437\u043f\u043b\u0456\u0434\u043d\u0438\u043a\u0430\u0445 \u0456 \u0441\u0430\u0434\u0456\u0432\u043d\u0438\u0446\u0442\u0432\u0456.<\/li>\n<li data-start=\"963\" data-end=\"1295\"><strong data-start=\"1070\" data-end=\"1098\">\u0424\u0440\u0443\u043a\u0442\u043e\u0432\u0456 \u0442\u0430 \u0434\u0435\u043a\u043e\u0440\u0430\u0442\u0438\u0432\u043d\u0456 \u0434\u0435\u0440\u0435\u0432\u0430<\/strong> - \u0427\u0443\u0434\u043e\u0432\u043e \u043f\u0456\u0434\u0445\u043e\u0434\u0438\u0442\u044c \u0434\u043b\u044f \u044f\u0431\u043b\u0443\u043d\u0456, \u0432\u0438\u0448\u043d\u0456, \u0442\u0440\u043e\u044f\u043d\u0434\u0438 \u0442\u0430 \u0456\u043d\u0448\u0438\u0445 \u0440\u043e\u0441\u043b\u0438\u043d, \u0449\u043e \u043f\u043e\u0442\u0440\u0435\u0431\u0443\u044e\u0442\u044c \u0449\u0435\u043f\u043b\u0435\u043d\u043d\u044f.<\/li>\n<li data-start=\"963\" data-end=\"1295\"><strong data-start=\"1184\" data-end=\"1220\">\u0412\u0438\u043d\u043e\u0433\u0440\u0430\u0434\u043d\u0430 \u043b\u043e\u0437\u0430 \u0442\u0430 \u0435\u043a\u0437\u043e\u0442\u0438\u0447\u043d\u0456 \u0440\u043e\u0441\u043b\u0438\u043d\u0438<\/strong> - \u0414\u043e\u043f\u043e\u043c\u0430\u0433\u0430\u0454 \u0435\u0444\u0435\u043a\u0442\u0438\u0432\u043d\u043e \u0437\u0440\u043e\u0449\u0443\u0432\u0430\u0442\u0438 \u043f\u0430\u0433\u043e\u043d\u0438 \u0432\u0438\u043d\u043e\u0433\u0440\u0430\u0434\u043d\u043e\u0457 \u043b\u043e\u0437\u0438, \u0446\u0438\u0442\u0440\u0443\u0441\u043e\u0432\u0438\u0445 \u0442\u0430 \u0456\u043d\u0448\u0438\u0445 \u043a\u0443\u043b\u044c\u0442\u0443\u0440.<\/li>\n<\/ul>\n<h3 data-start=\"1297\" data-end=\"1346\"><strong data-start=\"1301\" data-end=\"1344\">\u0427\u043e\u043c\u0443 \u0432\u0430\u0440\u0442\u043e \u043e\u0431\u0440\u0430\u0442\u0438 Buddy Tape?<\/strong><\/h3>\n<p data-start=\"1348\" data-end=\"1661\" data-is-last-node=\"\" data-is-only-node=\"\">\u0421\u0442\u0440\u0456\u0447\u043a\u0430 Buddy Tape \u0434\u043b\u044f \u0449\u0435\u043f\u043b\u0435\u043d\u043d\u044f - \u0446\u0435 \u0456\u043d\u043d\u043e\u0432\u0430\u0446\u0456\u0439\u043d\u0435 \u0440\u0456\u0448\u0435\u043d\u043d\u044f, \u044f\u043a\u0435 \u043f\u0440\u0438\u0441\u043a\u043e\u0440\u044e\u0454 \u0456 \u043f\u043e\u043b\u0435\u0433\u0448\u0443\u0454 \u043f\u0440\u043e\u0446\u0435\u0441 \u043e\u043a\u0443\u043b\u0456\u0440\u0443\u0432\u0430\u043d\u043d\u044f. \u0417\u0430\u0432\u0434\u044f\u043a\u0438 \u0441\u0432\u043e\u0457\u043c \u0431\u0456\u043e\u0440\u043e\u0437\u043a\u043b\u0430\u0434\u043d\u0438\u043c \u0432\u043b\u0430\u0441\u0442\u0438\u0432\u043e\u0441\u0442\u044f\u043c \u0432\u043e\u043d\u0430 \u0431\u0435\u0437\u043f\u0435\u0447\u043d\u0430 \u0434\u043b\u044f \u043d\u0430\u0432\u043a\u043e\u043b\u0438\u0448\u043d\u044c\u043e\u0433\u043e \u0441\u0435\u0440\u0435\u0434\u043e\u0432\u0438\u0449\u0430, \u0430 \u0457\u0457 \u0433\u043d\u0443\u0447\u043a\u0456\u0441\u0442\u044c \u0456 \u0441\u0430\u043c\u043e\u043a\u043b\u0435\u044e\u0447\u0456 \u0432\u043b\u0430\u0441\u0442\u0438\u0432\u043e\u0441\u0442\u0456 \u0440\u043e\u0431\u043b\u044f\u0442\u044c \u0457\u0457 \u0437\u0440\u0443\u0447\u043d\u0438\u043c \u0456 \u0435\u0444\u0435\u043a\u0442\u0438\u0432\u043d\u0438\u043c \u0456\u043d\u0441\u0442\u0440\u0443\u043c\u0435\u043d\u0442\u043e\u043c \u0434\u043b\u044f \u043f\u0440\u043e\u0444\u0435\u0441\u0456\u0439\u043d\u0438\u0445 \u0441\u0430\u0434\u0456\u0432\u043d\u0438\u043a\u0456\u0432 \u0456 \u043f\u043b\u043e\u0434\u0456\u0432\u043d\u0438\u043a\u0456\u0432.<\/p>","protected":false},"excerpt":{"rendered":"<p>Ta\u015bma do szczepienia i okulizacji Buddy Tape Ta\u015bma Buddy Tape to specjalistyczny produkt stworzony z my\u015bl\u0105 o skutecznym szczepieniu i okulizacji ro\u015blin. Dzi\u0119ki unikalnej konstrukcji zapewnia optymalne warunki do zrastania si\u0119 tkanek, chroni\u0105c jednocze\u015bnie przed wysychaniem i infekcjami. Najwa\u017cniejsze cechy: Elastyczno\u015b\u0107 \u2013 Rozci\u0105gliwa struktura ta\u015bmy umo\u017cliwia idealne dopasowanie do ro\u015bliny bez jej uszkadzania. Jest rozci\u0105gliwa [&hellip;]<\/p>","protected":false},"featured_media":5371,"template":"","meta":{"site-sidebar-layout":"default","site-content-layout":"","ast-site-content-layout":"default","site-content-style":"default","site-sidebar-style":"default","ast-global-header-display":"","ast-banner-title-visibility":"","ast-main-header-display":"","ast-hfb-above-header-display":"","ast-hfb-below-header-display":"","ast-hfb-mobile-header-display":"","site-post-title":"","ast-breadcrumbs-content":"","ast-featured-img":"","footer-sml-layout":"","theme-transparent-header-meta":"default","adv-header-id-meta":"","stick-header-meta":"default","header-above-stick-meta":"","header-main-stick-meta":"","header-below-stick-meta":"","astra-migrate-meta-layouts":"set","ast-page-background-enabled":"default","ast-page-background-meta":{"desktop":{"background-color":"var(--ast-global-color-4)","background-image":"","background-repeat":"repeat","background-position":"center center","background-size":"auto","background-attachment":"scroll","background-type":"","background-media":"","overlay-type":"","overlay-color":"","overlay-opacity":"","overlay-gradient":""},"tablet":{"background-color":"","background-image":"","background-repeat":"repeat","background-position":"center center","background-size":"auto","background-attachment":"scroll","background-type":"","background-media":"","overlay-type":"","overlay-color":"","overlay-opacity":"","overlay-gradient":""},"mobile":{"background-color":"","background-image":"","background-repeat":"repeat","background-position":"center center","background-size":"auto","background-attachment":"scroll","background-type":"","background-media":"","overlay-type":"","overlay-color":"","overlay-opacity":"","overlay-gradient":""}},"ast-content-background-meta":{"desktop":{"background-color":"var(--ast-global-color-5)","background-image":"","background-repeat":"repeat","background-position":"center center","background-size":"auto","background-attachment":"scroll","background-type":"","background-media":"","overlay-type":"","overlay-color":"","overlay-opacity":"","overlay-gradient":""},"tablet":{"background-color":"var(--ast-global-color-5)","background-image":"","background-repeat":"repeat","background-position":"center center","background-size":"auto","background-attachment":"scroll","background-type":"","background-media":"","overlay-type":"","overlay-color":"","overlay-opacity":"","overlay-gradient":""},"mobile":{"background-color":"var(--ast-global-color-5)","background-image":"","background-repeat":"repeat","background-position":"center center","background-size":"auto","background-attachment":"scroll","background-type":"","background-media":"","overlay-type":"","overlay-color":"","overlay-opacity":"","overlay-gradient":""}}},"product_brand":[],"product_cat":[356],"product_tag":[],"class_list":{"0":"post-5370","1":"product","2":"type-product","3":"status-publish","4":"has-post-thumbnail","6":"product_cat-tasma-buddy-tape-25-mm-x-40-mm-x-60-m-z-perforacja","7":"desktop-align-left","8":"tablet-align-left","9":"mobile-align-left","10":"ast-product-gallery-layout-horizontal","11":"ast-product-tabs-layout-horizontal","13":"first","14":"instock","15":"shipping-taxable","16":"product-type-simple"},"_links":{"self":[{"href":"https:\/\/wimar.net\/uk\/wp-json\/wp\/v2\/product\/5370","targetHints":{"allow":["GET"]}}],"collection":[{"href":"https:\/\/wimar.net\/uk\/wp-json\/wp\/v2\/product"}],"about":[{"href":"https:\/\/wimar.net\/uk\/wp-json\/wp\/v2\/types\/product"}],"version-history":[{"count":2,"href":"https:\/\/wimar.net\/uk\/wp-json\/wp\/v2\/product\/5370\/revisions"}],"predecessor-version":[{"id":7324,"href":"https:\/\/wimar.net\/uk\/wp-json\/wp\/v2\/product\/5370\/revisions\/7324"}],"wp:featuredmedia":[{"embeddable":true,"href":"https:\/\/wimar.net\/uk\/wp-json\/wp\/v2\/media\/5371"}],"wp:attachment":[{"href":"https:\/\/wimar.net\/uk\/wp-json\/wp\/v2\/media?parent=5370"}],"wp:term":[{"taxonomy":"product_brand","embeddable":true,"href":"https:\/\/wimar.net\/uk\/wp-json\/wp\/v2\/product_brand?post=5370"},{"taxonomy":"product_cat","embeddable":true,"href":"https:\/\/wimar.net\/uk\/wp-json\/wp\/v2\/product_cat?post=5370"},{"taxonomy":"product_tag","embeddable":true,"href":"https:\/\/wimar.net\/uk\/wp-json\/wp\/v2\/product_tag?post=5370"}],"curies":[{"name":"wp","href":"https:\/\/api.w.org\/{rel}","templated":true}]}}