{"id":5397,"date":"2025-03-17T13:42:06","date_gmt":"2025-03-17T12:42:06","guid":{"rendered":"https:\/\/wimar.net\/?post_type=product&#038;p=5397"},"modified":"2025-03-17T14:00:06","modified_gmt":"2025-03-17T13:00:06","slug":"tapener-max-hr-f-%d1%81%d0%b0%d0%b4%d1%96%d0%b2%d0%bd%d0%b8%d1%87%d0%b8%d0%b9-%d0%bd%d0%b0%d0%b2%d1%87%d0%b0%d0%bb%d1%8c%d0%bd%d0%b8%d0%b9-%d1%81%d1%82%d0%b5%d0%bf%d0%bb%d0%b5%d1%80-%d0%b4%d0%bb%d1%8f","status":"publish","type":"product","link":"https:\/\/wimar.net\/uk\/product-2\/tapener-max-hr-f-%d1%81%d0%b0%d0%b4%d1%96%d0%b2%d0%bd%d0%b8%d1%87%d0%b8%d0%b9-%d0%bd%d0%b0%d0%b2%d1%87%d0%b0%d0%bb%d1%8c%d0%bd%d0%b8%d0%b9-%d1%81%d1%82%d0%b5%d0%bf%d0%bb%d0%b5%d1%80-%d0%b4%d0%bb%d1%8f\/","title":{"rendered":"\u0421\u043a\u0440\u0456\u043f\u043b\u044e\u0432\u0430\u0447 MAX HR-F, \u0434\u0438\u0442\u044f\u0447\u0438\u0439 \u0441\u0430\u0434\u043e\u0432\u0438\u0439 \u0441\u0442\u0435\u043f\u043b\u0435\u0440 \u0434\u043b\u044f \u0448\u043b\u0430\u043d\u0433\u0430"},"content":{"rendered":"<h3 data-start=\"0\" data-end=\"66\"><strong data-start=\"0\" data-end=\"64\">\u0421\u0442\u0435\u043f\u043b\u0435\u0440 MAX HR-F - \u043f\u043e\u0442\u0443\u0436\u043d\u0438\u0439, \u043f\u043e\u043c\u0430\u0440\u0430\u043d\u0447\u0435\u0432\u0438\u0439 \u0441\u0442\u0435\u043f\u043b\u0435\u0440 \u0434\u043b\u044f \u0440\u043e\u0441\u043b\u0438\u043d - \u043f\u043e\u0442\u0443\u0436\u043d\u0438\u0439, \u043f\u043e\u043c\u0430\u0440\u0430\u043d\u0447\u0435\u0432\u0438\u0439 \u0441\u0442\u0435\u043f\u043b\u0435\u0440 \u0434\u043b\u044f \u0440\u043e\u0441\u043b\u0438\u043d.<\/strong><\/h3>\n<p data-start=\"0\" data-end=\"343\">Tapener MAX HR-F - \u0446\u0435 \u0441\u0443\u0447\u0430\u0441\u043d\u0438\u0439 \u0441\u0442\u0435\u043f\u043b\u0435\u0440 \u0434\u043b\u044f \u0441\u0430\u0434\u0456\u0432\u043d\u0438\u0447\u0438\u0445 \u0440\u043e\u0437\u0441\u0430\u0434\u043d\u0438\u043a\u0456\u0432, \u043f\u0440\u0438\u0437\u043d\u0430\u0447\u0435\u043d\u0438\u0439 \u0434\u043b\u044f \u0448\u043b\u0430\u043d\u0433\u0456\u0432, \u0449\u043e \u0437\u0430\u0431\u0435\u0437\u043f\u0435\u0447\u0443\u0454 \u043d\u0430\u0434\u0456\u0439\u043d\u0443 \u0434\u043e\u043f\u043e\u043c\u043e\u0433\u0443 \u0443 \u0441\u0442\u0432\u043e\u0440\u0435\u043d\u043d\u0456 \u0442\u0430 \u043f\u0456\u0434\u0442\u0440\u0438\u043c\u0446\u0456 \u0437\u0434\u043e\u0440\u043e\u0432\u0438\u0445 \u0440\u043e\u0441\u043b\u0438\u043d. \u0417\u0430\u0432\u0434\u044f\u043a\u0438 \u0441\u0432\u043e\u0457\u0439 \u0443\u043d\u0456\u043a\u0430\u043b\u044c\u043d\u0456\u0439 \u043a\u043e\u043d\u0441\u0442\u0440\u0443\u043a\u0446\u0456\u0457 \u0456 \u0432\u0438\u043a\u043e\u0440\u0438\u0441\u0442\u043e\u0432\u0443\u0432\u0430\u043d\u0456\u0439 \u0442\u0435\u0445\u043d\u043e\u043b\u043e\u0433\u0456\u0457, Tapener MAX HR-F \u0456\u0434\u0435\u0430\u043b\u044c\u043d\u043e \u043f\u0456\u0434\u0445\u043e\u0434\u0438\u0442\u044c \u0434\u043b\u044f \u0448\u0432\u0438\u0434\u043a\u043e\u0433\u043e \u0456 \u0435\u0444\u0435\u043a\u0442\u0438\u0432\u043d\u043e\u0433\u043e \u043f\u0456\u0434\u0432'\u044f\u0437\u0443\u0432\u0430\u043d\u043d\u044f \u0440\u043e\u0441\u043b\u0438\u043d, \u0449\u043e \u043c\u0430\u0454 \u0432\u0438\u0440\u0456\u0448\u0430\u043b\u044c\u043d\u0435 \u0437\u043d\u0430\u0447\u0435\u043d\u043d\u044f \u0432 \u0440\u043e\u0437\u0441\u0430\u0434\u043d\u0438\u043a\u0430\u0445.<\/p>\n<h3 data-start=\"345\" data-end=\"386\">\u041e\u0441\u043d\u043e\u0432\u043d\u0456 \u0445\u0430\u0440\u0430\u043a\u0442\u0435\u0440\u0438\u0441\u0442\u0438\u043a\u0438:<\/h3>\n<ul data-start=\"387\" data-end=\"1131\">\n<li data-start=\"387\" data-end=\"530\"><strong data-start=\"389\" data-end=\"424\">\u0415\u0444\u0435\u043a\u0442\u0438\u0432\u043d\u0456\u0441\u0442\u044c \u0456 \u043f\u0440\u043e\u0441\u0442\u043e\u0442\u0430 \u0432\u0438\u043a\u043e\u0440\u0438\u0441\u0442\u0430\u043d\u043d\u044f<\/strong>\u041c\u0435\u0442\u0430: \u0421\u0442\u0435\u043f\u043b\u0435\u0440 \u043c\u0430\u0454 \u0435\u0440\u0433\u043e\u043d\u043e\u043c\u0456\u0447\u043d\u0443 \u043a\u043e\u043d\u0441\u0442\u0440\u0443\u043a\u0446\u0456\u044e \u0434\u043b\u044f \u043a\u043e\u043c\u0444\u043e\u0440\u0442\u043d\u043e\u0433\u043e \u0432\u0438\u043a\u043e\u0440\u0438\u0441\u0442\u0430\u043d\u043d\u044f \u043f\u0440\u043e\u0442\u044f\u0433\u043e\u043c \u0442\u0440\u0438\u0432\u0430\u043b\u043e\u0433\u043e \u0447\u0430\u0441\u0443.<\/li>\n<li data-start=\"531\" data-end=\"650\"><strong data-start=\"533\" data-end=\"556\">\u0422\u043e\u0447\u043d\u0430 \u043f\u0430\u043b\u0456\u0442\u0443\u0440\u043a\u0430<\/strong>\u0417\u0430\u0431\u0435\u0437\u043f\u0435\u0447\u0443\u0454 \u043c\u0456\u0446\u043d\u0456 \u0442\u0430 \u0434\u043e\u0432\u0433\u043e\u0432\u0456\u0447\u043d\u0456 \u0437\u0432'\u044f\u0437\u043a\u0438, \u044f\u043a\u0456 \u0435\u0444\u0435\u043a\u0442\u0438\u0432\u043d\u043e \u0443\u0442\u0440\u0438\u043c\u0443\u044e\u0442\u044c \u0440\u043e\u0441\u043b\u0438\u043d\u0438 \u0432 \u043f\u043e\u0442\u0440\u0456\u0431\u043d\u043e\u043c\u0443 \u043f\u043e\u043b\u043e\u0436\u0435\u043d\u043d\u0456.<\/li>\n<li data-start=\"651\" data-end=\"825\"><strong data-start=\"653\" data-end=\"681\">\u0410\u0434\u0430\u043f\u0442\u0430\u0446\u0456\u044f \u0434\u043e \u0448\u043b\u0430\u043d\u0433\u0430<\/strong>\u0406\u0434\u0435\u0430\u043b\u044c\u043d\u043e \u043f\u0456\u0434\u0445\u043e\u0434\u0438\u0442\u044c \u0434\u043b\u044f \u0440\u043e\u0431\u043e\u0442\u0438 \u0437 \u0441\u0430\u0434\u043e\u0432\u0438\u043c\u0438 \u0448\u043b\u0430\u043d\u0433\u0430\u043c\u0438, \u0449\u043e \u0440\u043e\u0431\u0438\u0442\u044c \u0439\u043e\u0433\u043e \u0456\u0434\u0435\u0430\u043b\u044c\u043d\u0438\u043c \u0456\u043d\u0441\u0442\u0440\u0443\u043c\u0435\u043d\u0442\u043e\u043c \u0434\u043b\u044f \u0440\u043e\u0437\u043f\u043b\u0456\u0434\u043d\u0438\u043a\u0456\u0432, \u0441\u0430\u0434\u0456\u0432 \u0442\u0430 \u0456\u043d\u0448\u0438\u0445 \u0437\u043e\u043d \u0432\u0438\u0440\u043e\u0449\u0443\u0432\u0430\u043d\u043d\u044f.<\/li>\n<li data-start=\"826\" data-end=\"969\"><strong data-start=\"828\" data-end=\"855\">\u0414\u043e\u0432\u0433\u043e\u0432\u0456\u0447\u043d\u0456\u0441\u0442\u044c \u0456 \u043d\u0430\u0434\u0456\u0439\u043d\u0456\u0441\u0442\u044c<\/strong>\u0421\u0442\u0435\u043f\u043b\u0435\u0440 \u043f\u0440\u0438\u0437\u043d\u0430\u0447\u0435\u043d\u0438\u0439 \u0434\u043b\u044f \u0456\u043d\u0442\u0435\u043d\u0441\u0438\u0432\u043d\u043e\u0433\u043e \u0432\u0438\u043a\u043e\u0440\u0438\u0441\u0442\u0430\u043d\u043d\u044f, \u0430 \u0439\u043e\u0433\u043e \u043c\u0456\u0446\u043d\u0430 \u043a\u043e\u043d\u0441\u0442\u0440\u0443\u043a\u0446\u0456\u044f \u0433\u0430\u0440\u0430\u043d\u0442\u0443\u0454 \u0434\u043e\u0432\u0433\u043e\u0432\u0456\u0447\u043d\u0456\u0441\u0442\u044c.<\/li>\n<li data-start=\"970\" data-end=\"1131\"><strong data-start=\"972\" data-end=\"992\">\u0411\u0430\u0433\u0430\u0442\u043e\u0444\u0443\u043d\u043a\u0446\u0456\u043e\u043d\u0430\u043b\u044c\u043d\u0456\u0441\u0442\u044c<\/strong>\u0417\u0430\u0441\u0442\u043e\u0441\u0443\u0432\u0430\u043d\u043d\u044f: \u041c\u043e\u0436\u0435 \u0432\u0438\u043a\u043e\u0440\u0438\u0441\u0442\u043e\u0432\u0443\u0432\u0430\u0442\u0438\u0441\u044f \u0432 \u0448\u0438\u0440\u043e\u043a\u043e\u043c\u0443 \u0441\u043f\u0435\u043a\u0442\u0440\u0456 \u0441\u0430\u0434\u0456\u0432\u043d\u0438\u0447\u0438\u0445 \u0440\u043e\u0431\u0456\u0442, \u0432\u043a\u043b\u044e\u0447\u0430\u044e\u0447\u0438 \u0433\u043e\u0440\u0448\u043a\u043e\u0432\u0456 \u0440\u043e\u0441\u043b\u0438\u043d\u0438, \u0444\u0440\u0443\u043a\u0442\u043e\u0432\u0456 \u0434\u0435\u0440\u0435\u0432\u0430 \u0442\u0430 \u043e\u0432\u043e\u0447\u0435\u0432\u0456 \u043a\u0443\u043b\u044c\u0442\u0443\u0440\u0438.<\/li>\n<\/ul>\n<h3 data-start=\"1133\" data-end=\"1150\">\u0417\u0430\u044f\u0432\u043a\u0430:<\/h3>\n<ul data-start=\"1151\" data-end=\"1661\">\n<li data-start=\"1151\" data-end=\"1274\"><strong data-start=\"1153\" data-end=\"1185\">\u0420\u043e\u0431\u043e\u0442\u0430 \u0432 \u0440\u043e\u0437\u043f\u043b\u0456\u0434\u043d\u0438\u043a\u0430\u0445 \u0456 \u0441\u0430\u0434\u0430\u0445<\/strong>\u041f\u0440\u0438\u0437\u043d\u0430\u0447\u0435\u043d\u043d\u044f: \u0427\u0443\u0434\u043e\u0432\u043e \u043f\u0456\u0434\u0445\u043e\u0434\u0438\u0442\u044c \u0434\u043b\u044f \u043f\u0456\u0434\u0432'\u044f\u0437\u0443\u0432\u0430\u043d\u043d\u044f \u0440\u043e\u0441\u043b\u0438\u043d \u0443 \u0440\u043e\u0437\u0441\u0430\u0434\u043d\u0438\u043a\u0430\u0445, \u043e\u0431\u0440\u0456\u0437\u043a\u0438 \u0441\u0442\u0435\u0431\u0435\u043b, \u043f\u0456\u0434\u0432'\u044f\u0437\u0443\u0432\u0430\u043d\u043d\u044f \u0440\u043e\u0441\u043b\u0438\u043d \u0434\u043e \u043e\u043f\u043e\u0440.<\/li>\n<li data-start=\"1275\" data-end=\"1426\"><strong data-start=\"1277\" data-end=\"1316\">\u041a\u0443\u043b\u044c\u0442\u0443\u0440\u0438, \u0449\u043e \u043f\u043e\u0442\u0440\u0435\u0431\u0443\u044e\u0442\u044c \u043f\u0456\u0434\u0442\u0440\u0438\u043c\u043a\u0438<\/strong>: \u0414\u043e\u0431\u0440\u0435 \u043f\u0456\u0434\u0445\u043e\u0434\u0438\u0442\u044c \u0434\u043b\u044f \u0440\u043e\u0441\u043b\u0438\u043d, \u044f\u043a\u0456 \u043f\u043e\u0442\u0440\u0435\u0431\u0443\u044e\u0442\u044c \u0441\u0442\u0430\u0431\u0456\u043b\u0456\u0437\u0430\u0446\u0456\u0457, \u0442\u0430\u043a\u0438\u0445 \u044f\u043a \u0432\u0438\u043d\u043e\u0433\u0440\u0430\u0434, \u043f\u043e\u043c\u0456\u0434\u043e\u0440\u0438 \u0442\u0430 \u0456\u043d\u0448\u0456 \u043a\u0443\u0449\u0456.<\/li>\n<li data-start=\"1427\" data-end=\"1544\"><strong data-start=\"1429\" data-end=\"1463\">\u041f\u0456\u0434\u0432'\u044f\u0437\u0443\u0432\u0430\u043d\u043d\u044f \u043f\u0430\u0433\u043e\u043d\u0456\u0432 \u043f\u043b\u043e\u0434\u043e\u0432\u0438\u0445 \u0434\u0435\u0440\u0435\u0432<\/strong>: \u041a\u043e\u0440\u0438\u0441\u043d\u0438\u0439 \u0432 \u0441\u0430\u0434\u0456\u0432\u043d\u0438\u0446\u0442\u0432\u0456 \u0434\u043b\u044f \u043a\u043e\u043d\u0442\u0440\u043e\u043b\u044e \u0440\u043e\u0441\u0442\u0443 \u0442\u0430 \u0444\u043e\u0440\u043c\u0443\u0432\u0430\u043d\u043d\u044f \u043c\u043e\u043b\u043e\u0434\u0438\u0445 \u0434\u0435\u0440\u0435\u0432.<\/li>\n<li data-start=\"1545\" data-end=\"1661\"><strong data-start=\"1547\" data-end=\"1579\">\u041f\u0456\u0434\u0442\u0440\u0438\u043c\u043a\u0430 \u0432\u0440\u043e\u0436\u0430\u044e \u0432 \u0441\u0430\u0434\u0430\u0445<\/strong>\u041d\u0435\u0437\u0430\u043c\u0456\u043d\u043d\u0438\u0439 \u0434\u043b\u044f \u0434\u043e\u0433\u043b\u044f\u0434\u0443 \u0437\u0430 \u0441\u0430\u0434\u043e\u0432\u0438\u043c\u0438 \u043a\u0432\u0456\u0442\u0430\u043c\u0438, \u043a\u0443\u0449\u0430\u043c\u0438 \u0430\u0431\u043e \u0434\u0435\u043a\u043e\u0440\u0430\u0442\u0438\u0432\u043d\u0438\u043c\u0438 \u0440\u043e\u0441\u043b\u0438\u043d\u0430\u043c\u0438.<\/li>\n<\/ul>\n<h3 data-start=\"1663\" data-end=\"1706\">\u0427\u043e\u043c\u0443 \u0432\u0430\u0440\u0442\u043e \u0432\u0438\u0431\u0440\u0430\u0442\u0438 Tapener MAX HR-F?<\/h3>\n<p data-start=\"1707\" data-end=\"2109\" data-is-last-node=\"\" data-is-only-node=\"\">\u0421\u0442\u0435\u043f\u043b\u0435\u0440 Tapener MAX HR-F - \u0446\u0435 \u043d\u0430\u0434\u0456\u0439\u043d\u0438\u0439 \u0456\u043d\u0441\u0442\u0440\u0443\u043c\u0435\u043d\u0442 \u0434\u043b\u044f \u0448\u0432\u0438\u0434\u043a\u043e\u0433\u043e, \u0431\u0435\u0437\u043f\u0435\u0447\u043d\u043e\u0433\u043e \u0442\u0430 \u043c\u0456\u0446\u043d\u043e\u0433\u043e \u0441\u043a\u0440\u0456\u043f\u043b\u0435\u043d\u043d\u044f \u0440\u043e\u0441\u043b\u0438\u043d. \u0417\u0430\u0432\u0434\u044f\u043a\u0438 \u0441\u0432\u043e\u0457\u0439 \u0443\u043d\u0456\u0432\u0435\u0440\u0441\u0430\u043b\u044c\u043d\u043e\u0441\u0442\u0456, \u043f\u0440\u043e\u0441\u0442\u043e\u0442\u0456 \u0432\u0438\u043a\u043e\u0440\u0438\u0441\u0442\u0430\u043d\u043d\u044f \u0456 \u0434\u043e\u0432\u0433\u043e\u0432\u0456\u0447\u043d\u043e\u0441\u0442\u0456, \u0432\u0456\u043d \u0454 \u0432\u0456\u0434\u043c\u0456\u043d\u043d\u0438\u043c \u0432\u0438\u0431\u043e\u0440\u043e\u043c \u0434\u043b\u044f \u043f\u0440\u043e\u0444\u0435\u0441\u0456\u043e\u043d\u0430\u043b\u0456\u0432 \u0456 \u043b\u044e\u0431\u0438\u0442\u0435\u043b\u0456\u0432, \u044f\u043a\u0456 \u0437\u0430\u0439\u043c\u0430\u044e\u0442\u044c\u0441\u044f \u0441\u0430\u0434\u0456\u0432\u043d\u0438\u0446\u0442\u0432\u043e\u043c. \u0412\u0456\u043d \u0437\u0430\u0431\u0435\u0437\u043f\u0435\u0447\u0443\u0454 \u0437\u0440\u0443\u0447\u043d\u0456\u0441\u0442\u044c \u0456 \u043f\u0440\u0438\u0441\u043a\u043e\u0440\u044e\u0454 \u043f\u0440\u043e\u0446\u0435\u0441 \u0434\u043e\u0433\u043b\u044f\u0434\u0443 \u0437\u0430 \u0440\u043e\u0441\u043b\u0438\u043d\u0430\u043c\u0438, \u0437\u043d\u0430\u0447\u043d\u043e \u043f\u0456\u0434\u0432\u0438\u0449\u0443\u044e\u0447\u0438 \u0435\u0444\u0435\u043a\u0442\u0438\u0432\u043d\u0456\u0441\u0442\u044c \u0440\u043e\u0437\u043f\u043b\u0456\u0434\u043d\u0438\u043a\u0456\u0432 \u0456 \u0441\u0430\u0434\u0456\u0432.<\/p>","protected":false},"excerpt":{"rendered":"<p>Tapener MAX HR-F \u2013 Mocny, pomara\u0144czowy zszywacz do ro\u015blin Tapener MAX HR-F to zaawansowany zszywacz ogrodniczy szk\u00f3\u0142karski przeznaczony do w\u0119\u017cyka, zapewniaj\u0105cy niezawodn\u0105 pomoc w tworzeniu i utrzymaniu zdrowych ro\u015blin. Dzi\u0119ki wyj\u0105tkowej konstrukcji i zastosowanej technologii, tapener MAX HR-F idealnie nadaje si\u0119 do szybkiego i skutecznego wi\u0105zania ro\u015blin, co jest kluczowe w produkcji szk\u00f3\u0142karskiej. Najwa\u017cniejsze cechy: [&hellip;]<\/p>","protected":false},"featured_media":5398,"template":"","meta":{"site-sidebar-layout":"default","site-content-layout":"","ast-site-content-layout":"default","site-content-style":"default","site-sidebar-style":"default","ast-global-header-display":"","ast-banner-title-visibility":"","ast-main-header-display":"","ast-hfb-above-header-display":"","ast-hfb-below-header-display":"","ast-hfb-mobile-header-display":"","site-post-title":"","ast-breadcrumbs-content":"","ast-featured-img":"","footer-sml-layout":"","theme-transparent-header-meta":"default","adv-header-id-meta":"","stick-header-meta":"default","header-above-stick-meta":"","header-main-stick-meta":"","header-below-stick-meta":"","astra-migrate-meta-layouts":"set","ast-page-background-enabled":"default","ast-page-background-meta":{"desktop":{"background-color":"var(--ast-global-color-4)","background-image":"","background-repeat":"repeat","background-position":"center center","background-size":"auto","background-attachment":"scroll","background-type":"","background-media":"","overlay-type":"","overlay-color":"","overlay-opacity":"","overlay-gradient":""},"tablet":{"background-color":"","background-image":"","background-repeat":"repeat","background-position":"center center","background-size":"auto","background-attachment":"scroll","background-type":"","background-media":"","overlay-type":"","overlay-color":"","overlay-opacity":"","overlay-gradient":""},"mobile":{"background-color":"","background-image":"","background-repeat":"repeat","background-position":"center center","background-size":"auto","background-attachment":"scroll","background-type":"","background-media":"","overlay-type":"","overlay-color":"","overlay-opacity":"","overlay-gradient":""}},"ast-content-background-meta":{"desktop":{"background-color":"var(--ast-global-color-5)","background-image":"","background-repeat":"repeat","background-position":"center center","background-size":"auto","background-attachment":"scroll","background-type":"","background-media":"","overlay-type":"","overlay-color":"","overlay-opacity":"","overlay-gradient":""},"tablet":{"background-color":"var(--ast-global-color-5)","background-image":"","background-repeat":"repeat","background-position":"center center","background-size":"auto","background-attachment":"scroll","background-type":"","background-media":"","overlay-type":"","overlay-color":"","overlay-opacity":"","overlay-gradient":""},"mobile":{"background-color":"var(--ast-global-color-5)","background-image":"","background-repeat":"repeat","background-position":"center center","background-size":"auto","background-attachment":"scroll","background-type":"","background-media":"","overlay-type":"","overlay-color":"","overlay-opacity":"","overlay-gradient":""}}},"product_brand":[],"product_cat":[329],"product_tag":[],"class_list":{"0":"post-5397","1":"product","2":"type-product","3":"status-publish","4":"has-post-thumbnail","6":"product_cat-tapener-hrf","7":"desktop-align-left","8":"tablet-align-left","9":"mobile-align-left","10":"ast-product-gallery-layout-horizontal","11":"ast-product-tabs-layout-horizontal","13":"first","14":"instock","15":"shipping-taxable","16":"product-type-simple"},"_links":{"self":[{"href":"https:\/\/wimar.net\/uk\/wp-json\/wp\/v2\/product\/5397","targetHints":{"allow":["GET"]}}],"collection":[{"href":"https:\/\/wimar.net\/uk\/wp-json\/wp\/v2\/product"}],"about":[{"href":"https:\/\/wimar.net\/uk\/wp-json\/wp\/v2\/types\/product"}],"version-history":[{"count":2,"href":"https:\/\/wimar.net\/uk\/wp-json\/wp\/v2\/product\/5397\/revisions"}],"predecessor-version":[{"id":7320,"href":"https:\/\/wimar.net\/uk\/wp-json\/wp\/v2\/product\/5397\/revisions\/7320"}],"wp:featuredmedia":[{"embeddable":true,"href":"https:\/\/wimar.net\/uk\/wp-json\/wp\/v2\/media\/5398"}],"wp:attachment":[{"href":"https:\/\/wimar.net\/uk\/wp-json\/wp\/v2\/media?parent=5397"}],"wp:term":[{"taxonomy":"product_brand","embeddable":true,"href":"https:\/\/wimar.net\/uk\/wp-json\/wp\/v2\/product_brand?post=5397"},{"taxonomy":"product_cat","embeddable":true,"href":"https:\/\/wimar.net\/uk\/wp-json\/wp\/v2\/product_cat?post=5397"},{"taxonomy":"product_tag","embeddable":true,"href":"https:\/\/wimar.net\/uk\/wp-json\/wp\/v2\/product_tag?post=5397"}],"curies":[{"name":"wp","href":"https:\/\/api.w.org\/{rel}","templated":true}]}}