{"id":5828,"date":"2025-03-18T15:29:26","date_gmt":"2025-03-18T14:29:26","guid":{"rendered":"https:\/\/wimar.net\/?post_type=product&#038;p=5828"},"modified":"2025-03-18T15:40:38","modified_gmt":"2025-03-18T14:40:38","slug":"%d1%81%d0%b5%d1%80%d0%bf-due-buoi-%d0%bf%d1%80%d0%b0%d0%b2%d0%b0%d1%8f-%d1%80%d1%83%d0%ba%d0%b0-247%d0%bb-%d0%b4%d0%b5%d1%80%d0%b5%d0%b2%d0%be","status":"publish","type":"product","link":"https:\/\/wimar.net\/uk\/product-2\/%d1%81%d0%b5%d1%80%d0%bf-due-buoi-%d0%bf%d1%80%d0%b0%d0%b2%d0%b0%d1%8f-%d1%80%d1%83%d0%ba%d0%b0-247%d0%bb-%d0%b4%d0%b5%d1%80%d0%b5%d0%b2%d0%be\/","title":{"rendered":"Sierpak Due Buoi \u043f\u0440\u0430\u0432\u043e\u0441\u0442\u043e\u0440\u043e\u043d\u043d\u0456\u0439 247\u043b \u0434\u0435\u0440\u0435\u0432'\u044f\u043d\u0438\u0439"},"content":{"rendered":"<h3 data-start=\"0\" data-end=\"298\">\u041d\u0456\u0436, \u043f\u0440\u0430\u0432\u043e\u0441\u0442\u043e\u0440\u043e\u043d\u043d\u0456\u0439 \u0441\u0435\u0440\u043f<\/h3>\n<p data-start=\"0\" data-end=\"298\">\u0421\u0435\u0440\u043f \u043f\u0440\u0430\u0432\u043e\u0441\u0442\u043e\u0440\u043e\u043d\u043d\u0456\u0439 Due Buoi 247L \u0437 \u0434\u0435\u0440\u0435\u0432'\u044f\u043d\u0438\u043c \u0440\u0443\u043a\u0456\u0432'\u044f\u043c - \u0446\u0435 \u043d\u0430\u0434\u0456\u0439\u043d\u0438\u0439 \u0456 \u0442\u043e\u0447\u043d\u0438\u0439 \u0456\u043d\u0441\u0442\u0440\u0443\u043c\u0435\u043d\u0442 \u0434\u043b\u044f \u043f\u0440\u043e\u0444\u0435\u0441\u0456\u0439\u043d\u0438\u0445 \u0440\u043e\u0431\u0456\u0442 \u0432 \u0441\u0430\u0434\u0443, \u043d\u0430 \u0433\u043e\u0440\u043e\u0434\u0456 \u0442\u0430 \u0432 \u043b\u0456\u0441\u043e\u0432\u043e\u043c\u0443 \u0433\u043e\u0441\u043f\u043e\u0434\u0430\u0440\u0441\u0442\u0432\u0456. \u0406\u0442\u0430\u043b\u0456\u0439\u0441\u044c\u043a\u0430 \u044f\u043a\u0456\u0441\u0442\u044c \u0432\u0438\u0433\u043e\u0442\u043e\u0432\u043b\u0435\u043d\u043d\u044f \u0442\u0430 \u0435\u0440\u0433\u043e\u043d\u043e\u043c\u0456\u0447\u043d\u0438\u0439 \u0434\u0438\u0437\u0430\u0439\u043d \u0440\u043e\u0431\u043b\u044f\u0442\u044c \u0446\u0435\u0439 \u0441\u0435\u0440\u043f \u0456\u0434\u0435\u0430\u043b\u044c\u043d\u0438\u043c \u0434\u043b\u044f \u0440\u0443\u043a \u0432\u0438\u043c\u043e\u0433\u043b\u0438\u0432\u0438\u0445 \u043a\u043e\u0440\u0438\u0441\u0442\u0443\u0432\u0430\u0447\u0456\u0432.<\/p>\n<p data-start=\"0\" data-end=\"298\">Due Buoi (\u0414\u0432\u0430 \u0432\u043e\u043b\u0438) - \u0446\u0435 \u0441\u0456\u043c\u0435\u0439\u043d\u0438\u0439 \u0431\u0456\u0437\u043d\u0435\u0441, \u0437\u0430\u0441\u043d\u043e\u0432\u0430\u043d\u0438\u0439 \u0443 1884 \u0440\u043e\u0446\u0456 \u0432 \u0406\u0442\u0430\u043b\u0456\u0457, \u044f\u043a\u0438\u0439 \u0432\u0436\u0435 \u0447\u043e\u0442\u0438\u0440\u0438 \u043f\u043e\u043a\u043e\u043b\u0456\u043d\u043d\u044f \u0432\u0438\u0440\u043e\u0431\u043b\u044f\u0454 \u043d\u043e\u0436\u0456 \u0442\u0430 \u0456\u043d\u0441\u0442\u0440\u0443\u043c\u0435\u043d\u0442\u0438 \u0434\u043b\u044f \u0441\u0456\u043b\u044c\u0441\u044c\u043a\u043e\u0433\u043e \u0433\u043e\u0441\u043f\u043e\u0434\u0430\u0440\u0441\u0442\u0432\u0430. DueBuoi \u0440\u043e\u0437\u0440\u043e\u0431\u0438\u043b\u0430 \u0432\u043b\u0430\u0441\u043d\u0438\u0439 \u0440\u0435\u0442\u0435\u043b\u044c\u043d\u0438\u0439 \u043c\u0435\u0442\u043e\u0434 \u043e\u0431\u0440\u043e\u0431\u043a\u0438 \u043c\u0435\u0442\u0430\u043b\u0443\u00a0<em>\u0435\u043a\u0441\u0442\u0440\u0430-\u0434\u0443\u0440\u043e<\/em>\u0437\u0430\u0432\u0434\u044f\u043a\u0438 \u0447\u043e\u043c\u0443 \u043b\u0435\u0437\u0430 \u0432\u0438\u0433\u043e\u0442\u043e\u0432\u043b\u0435\u043d\u0438\u0445 \u043d\u043e\u0436\u0456\u0432 \u0456 \u0441\u0435\u043a\u0430\u0442\u043e\u0440\u0456\u0432 \u0437\u0431\u0435\u0440\u0456\u0433\u0430\u044e\u0442\u044c \u0441\u0432\u043e\u044e \u0432\u0438\u043d\u044f\u0442\u043a\u043e\u0432\u0443 \u043c\u0456\u0446\u043d\u0456\u0441\u0442\u044c. \u041a\u043e\u043c\u043f\u0430\u043d\u0456\u044f \u0437 \u041c\u0430\u043d\u044f\u0433\u043e (\u043c\u0456\u0441\u0442\u043e \u0441\u0442\u043e\u043b\u043e\u0432\u0438\u0445 \u043f\u0440\u0438\u0431\u043e\u0440\u0456\u0432) \u0432\u0456\u0434\u043e\u043c\u0430 \u0432 \u0406\u0442\u0430\u043b\u0456\u0457 \u0437\u0430\u0432\u0434\u044f\u043a\u0438 \u0432\u0438\u0440\u043e\u0431\u043d\u0438\u0446\u0442\u0432\u0443 \u043a\u0443\u0445\u043e\u043d\u043d\u0438\u0445 \u043d\u043e\u0436\u0456\u0432, \u043d\u043e\u0436\u0456\u0432 \u0434\u043b\u044f \u0441\u0430\u0434\u0456\u0432\u043d\u0438\u0446\u0442\u0432\u0430 \u0442\u0430 \u0432\u0438\u0436\u0438\u0432\u0430\u043d\u043d\u044f, \u0441\u0435\u043a\u0430\u0442\u043e\u0440\u0456\u0432 \u0442\u0430 \u0441\u043e\u043a\u0438\u0440.<\/p>\n<h3 data-start=\"300\" data-end=\"324\">\u041e\u0441\u043d\u043e\u0432\u043d\u0456 \u0445\u0430\u0440\u0430\u043a\u0442\u0435\u0440\u0438\u0441\u0442\u0438\u043a\u0438:<\/h3>\n<ul>\n<li data-start=\"326\" data-end=\"993\"><strong data-start=\"472\" data-end=\"507\">\u0415\u0440\u0433\u043e\u043d\u043e\u043c\u0456\u0447\u043d\u0430 \u0434\u0435\u0440\u0435\u0432'\u044f\u043d\u0430 \u0440\u0443\u0447\u043a\u0430<\/strong> - \u041d\u0430\u0442\u0443\u0440\u0430\u043b\u044c\u043d\u0435 \u0434\u0435\u0440\u0435\u0432\u043e \u0433\u0430\u0440\u0430\u043d\u0442\u0443\u0454 \u043c\u0456\u0446\u043d\u0438\u0439 \u0445\u0432\u0430\u0442 \u0456 \u043a\u043e\u043c\u0444\u043e\u0440\u0442 \u043d\u0430\u0432\u0456\u0442\u044c \u043f\u0456\u0434 \u0447\u0430\u0441 \u0431\u0430\u0433\u0430\u0442\u043e\u0433\u043e\u0434\u0438\u043d\u043d\u043e\u0433\u043e \u0432\u0438\u043a\u043e\u0440\u0438\u0441\u0442\u0430\u043d\u043d\u044f.<\/li>\n<li data-start=\"326\" data-end=\"993\"><strong data-start=\"602\" data-end=\"621\">\u0422\u043e\u0447\u043d\u0456\u0441\u0442\u044c \u0440\u0456\u0437\u0430\u043d\u043d\u044f<\/strong> - \u041b\u0435\u0437\u043e \u0432\u0456\u0434\u043f\u043e\u0432\u0456\u0434\u043d\u043e\u0457 \u0444\u043e\u0440\u043c\u0438 \u0437\u0430\u0431\u0435\u0437\u043f\u0435\u0447\u0443\u0454 \u0442\u043e\u0447\u043d\u0435 \u0442\u0430 \u0447\u0438\u0441\u0442\u0435 \u043e\u0431\u0440\u0456\u0437\u0430\u043d\u043d\u044f \u0433\u0456\u043b\u043e\u043a, \u043f\u0430\u0433\u043e\u043d\u0456\u0432 \u0430\u0431\u043e \u0447\u0430\u0433\u0430\u0440\u043d\u0438\u043a\u0456\u0432.<\/li>\n<li data-start=\"326\" data-end=\"993\"><strong data-start=\"725\" data-end=\"765\">\u041f\u0456\u0434\u0445\u043e\u0434\u0438\u0442\u044c \u0434\u043b\u044f \u043f\u0440\u0430\u0432\u0448\u0456\u0432<\/strong> - \u0421\u043f\u0435\u0446\u0456\u0430\u043b\u044c\u043d\u0430 \u0444\u043e\u0440\u043c\u0430 \u0434\u043b\u044f \u043c\u0430\u043a\u0441\u0438\u043c\u0430\u043b\u044c\u043d\u043e\u0433\u043e \u043a\u043e\u043c\u0444\u043e\u0440\u0442\u0443 \u0442\u0430 \u0435\u0444\u0435\u043a\u0442\u0438\u0432\u043d\u043e\u0441\u0442\u0456 \u043f\u0440\u0438 \u0440\u043e\u0431\u043e\u0442\u0456 \u043f\u0440\u0430\u0432\u043e\u044e \u0440\u0443\u043a\u043e\u044e.<\/li>\n<li data-start=\"326\" data-end=\"993\"><strong data-start=\"853\" data-end=\"877\">\u041b\u0435\u0433\u043a\u0438\u0439 \u0456 \u0437\u0440\u0443\u0447\u043d\u0438\u0439<\/strong> - \u0412\u0456\u0434\u043c\u0456\u043d\u043d\u0438\u0439 \u0431\u0430\u043b\u0430\u043d\u0441 \u0432\u0430\u0433\u0438 \u0442\u0430 \u043c\u0456\u0446\u043d\u043e\u0441\u0442\u0456 \u0456\u043d\u0441\u0442\u0440\u0443\u043c\u0435\u043d\u0442\u0443 \u0434\u043e\u0437\u0432\u043e\u043b\u044f\u0454 \u043a\u043e\u043c\u0444\u043e\u0440\u0442\u043d\u043e \u0432\u0438\u043a\u043e\u0440\u0438\u0441\u0442\u043e\u0432\u0443\u0432\u0430\u0442\u0438 \u0439\u043e\u0433\u043e \u0432 \u0431\u0443\u0434\u044c-\u044f\u043a\u0438\u0445 \u0443\u043c\u043e\u0432\u0430\u0445.<\/li>\n<li data-start=\"326\" data-end=\"993\"><strong>\u0414\u043e\u0432\u0436\u0438\u043d\u0430 \u043b\u0435\u0437\u0430<\/strong> - 5,5 \u0441\u043c<\/li>\n<li data-start=\"326\" data-end=\"993\"><strong>\u0428\u0438\u0440\u0438\u043d\u0430 \u043b\u0435\u0437\u0430<\/strong> - 1,2 \u0441\u043c<\/li>\n<li data-start=\"326\" data-end=\"993\"><strong>\u0413\u0430\u0431\u0430\u0440\u0438\u0442\u043d\u0456 \u0440\u043e\u0437\u043c\u0456\u0440\u0438<\/strong> - 17 \u0441\u043c<\/li>\n<li data-start=\"326\" data-end=\"993\"><strong>\u041c\u0430\u0442\u0435\u0440\u0456\u0430\u043b<\/strong> - \u0414\u0435\u0440\u0435\u0432\u043e (\u0440\u0443\u0447\u043a\u0430), \u0442\u0432\u0435\u0440\u0434\u0430 \u043b\u0430\u0442\u0443\u043d\u044c (\u0432\u0441\u0442\u0430\u0432\u043a\u0430)<\/li>\n<\/ul>\n<h3 data-start=\"995\" data-end=\"1012\">\u0417\u0430\u044f\u0432\u043a\u0430:<\/h3>\n<ul data-start=\"1014\" data-end=\"1347\">\n<li data-start=\"1014\" data-end=\"1105\"><strong data-start=\"1016\" data-end=\"1047\">\u041e\u0431\u0440\u0456\u0437\u043a\u0430 \u0434\u0435\u0440\u0435\u0432 \u0442\u0430 \u043a\u0443\u0449\u0456\u0432<\/strong> - \u0406\u0434\u0435\u0430\u043b\u044c\u043d\u043e \u043f\u0456\u0434\u0445\u043e\u0434\u0438\u0442\u044c \u0434\u043b\u044f \u0441\u0430\u0434\u043e\u0432\u0438\u0445, \u0441\u0430\u0434\u0456\u0432\u043d\u0438\u0447\u0438\u0445 \u0456 \u043b\u0456\u0441\u043e\u0433\u043e\u0441\u043f\u043e\u0434\u0430\u0440\u0441\u044c\u043a\u0438\u0445 \u0440\u043e\u0431\u0456\u0442.<\/li>\n<li data-start=\"1106\" data-end=\"1225\"><strong data-start=\"1108\" data-end=\"1134\">\u0412\u0438\u0434\u0430\u043b\u0435\u043d\u043d\u044f \u0434\u0438\u043a\u0438\u0445 \u043f\u0430\u0433\u043e\u043d\u0456\u0432<\/strong> - \u0427\u0443\u0434\u043e\u0432\u043e \u043f\u0456\u0434\u0445\u043e\u0434\u0438\u0442\u044c \u0434\u043b\u044f \u0440\u043e\u0437\u0447\u0438\u0449\u0435\u043d\u043d\u044f \u0447\u0430\u0433\u0430\u0440\u043d\u0438\u043a\u0443 \u0430\u0431\u043e \u043f\u0440\u043e\u0440\u0456\u0437\u0430\u043d\u043d\u044f \u0434\u0435\u0440\u0435\u0432'\u044f\u043d\u0438\u0445 \u0441\u0442\u0435\u0431\u0435\u043b.<\/li>\n<li data-start=\"1226\" data-end=\"1347\"><strong data-start=\"1228\" data-end=\"1257\">\u0414\u043e\u0433\u043b\u044f\u0434 \u0437\u0430 \u0441\u0430\u0434\u043e\u043c \u0456 \u0433\u043e\u0440\u043e\u0434\u043e\u043c<\/strong> - \u041d\u0435\u0437\u0430\u043c\u0456\u043d\u043d\u0456 \u0434\u043b\u044f \u0442\u043e\u0447\u043d\u043e\u0433\u043e \u0434\u043e\u0433\u043b\u044f\u0434\u0443, \u0449\u043e \u0432\u0438\u043c\u0430\u0433\u0430\u0454 \u0430\u043a\u0443\u0440\u0430\u0442\u043d\u043e\u0433\u043e \u043f\u0456\u0434\u0441\u0442\u0440\u0438\u0433\u0430\u043d\u043d\u044f.<\/li>\n<\/ul>\n<h3 data-start=\"1349\" data-end=\"1397\">\u0427\u043e\u043c\u0443 \u0432\u0430\u0440\u0442\u043e \u0432\u0438\u0431\u0440\u0430\u0442\u0438 Due Buoi Sierpak 247L?<\/h3>\n<p data-start=\"1398\" data-end=\"1776\" data-is-last-node=\"\" data-is-only-node=\"\">\u0421\u0435\u0440\u043f Due Buoi - \u0446\u0435 \u043f\u043e\u0454\u0434\u043d\u0430\u043d\u043d\u044f \u0442\u0440\u0430\u0434\u0438\u0446\u0456\u0439\u043d\u043e\u0457 \u043c\u0430\u0439\u0441\u0442\u0435\u0440\u043d\u043e\u0441\u0442\u0456 \u0442\u0430 \u0441\u0443\u0447\u0430\u0441\u043d\u0438\u0445 \u0441\u0442\u0430\u043d\u0434\u0430\u0440\u0442\u0456\u0432 \u044f\u043a\u043e\u0441\u0442\u0456. \u041c\u0456\u0446\u043d\u0456 \u043c\u0430\u0442\u0435\u0440\u0456\u0430\u043b\u0438, \u0435\u0440\u0433\u043e\u043d\u043e\u043c\u0456\u0447\u043d\u0438\u0439 \u0434\u0438\u0437\u0430\u0439\u043d \u0456 \u0442\u043e\u0447\u043d\u0430 \u043e\u0431\u0440\u043e\u0431\u043a\u0430 \u0440\u043e\u0431\u043b\u044f\u0442\u044c \u0446\u0435\u0439 \u0456\u043d\u0441\u0442\u0440\u0443\u043c\u0435\u043d\u0442 \u0456\u0434\u0435\u0430\u043b\u044c\u043d\u0438\u043c \u0434\u043b\u044f \u0449\u043e\u0434\u0435\u043d\u043d\u043e\u0457 \u0440\u043e\u0431\u043e\u0442\u0438 \u0441\u0430\u0434\u0456\u0432\u043d\u0438\u043a\u0430 \u0447\u0438 \u0433\u043e\u0440\u043e\u0434\u043d\u0438\u043a\u0430. \u0414\u0435\u0440\u0435\u0432'\u044f\u043d\u0435 \u0440\u0443\u043a\u0456\u0432'\u044f \u0442\u0430 \u043c\u0456\u0446\u043d\u0430 \u0432\u0443\u0433\u043b\u0435\u0446\u0435\u0432\u0430 \u0441\u0442\u0430\u043b\u044c \u0433\u0430\u0440\u0430\u043d\u0442\u0443\u044e\u0442\u044c \u0434\u043e\u0432\u0433\u0438\u0439 \u0442\u0435\u0440\u043c\u0456\u043d \u0441\u043b\u0443\u0436\u0431\u0438 \u0442\u0430 \u043a\u043e\u043c\u0444\u043e\u0440\u0442\u043d\u0435 \u0432\u0438\u043a\u043e\u0440\u0438\u0441\u0442\u0430\u043d\u043d\u044f, \u0449\u043e \u0440\u043e\u0431\u0438\u0442\u044c \u0441\u0435\u0440\u043f \u0456\u043d\u0432\u0435\u0441\u0442\u0438\u0446\u0456\u0454\u044e \u043d\u0430 \u0434\u043e\u0432\u0433\u0456 \u0440\u043e\u043a\u0438.<\/p>","protected":false},"excerpt":{"rendered":"<p>N\u00f3\u017c, sierpak prawor\u0119czny Sierpak Due Buoi prawor\u0119czny 247L z drewnianym trzonkiem to solidne i precyzyjne narz\u0119dzie przeznaczone do profesjonalnych prac ogrodniczych, sadowniczych i le\u015bnych. W\u0142oska jako\u015b\u0107 wykonania oraz ergonomiczna budowa sprawiaj\u0105, \u017ce sierpak ten idealnie sprawdzi si\u0119 w r\u0119kach wymagaj\u0105cych u\u017cytkownik\u00f3w. Due Buoi (Dwa Wo\u0142y) to rodzinna firma za\u0142o\u017cona w 1884 roku we W\u0142oszech od [&hellip;]<\/p>","protected":false},"featured_media":5829,"template":"","meta":{"site-sidebar-layout":"default","site-content-layout":"","ast-site-content-layout":"default","site-content-style":"default","site-sidebar-style":"default","ast-global-header-display":"","ast-banner-title-visibility":"","ast-main-header-display":"","ast-hfb-above-header-display":"","ast-hfb-below-header-display":"","ast-hfb-mobile-header-display":"","site-post-title":"","ast-breadcrumbs-content":"","ast-featured-img":"","footer-sml-layout":"","theme-transparent-header-meta":"default","adv-header-id-meta":"","stick-header-meta":"default","header-above-stick-meta":"","header-main-stick-meta":"","header-below-stick-meta":"","astra-migrate-meta-layouts":"set","ast-page-background-enabled":"default","ast-page-background-meta":{"desktop":{"background-color":"var(--ast-global-color-4)","background-image":"","background-repeat":"repeat","background-position":"center center","background-size":"auto","background-attachment":"scroll","background-type":"","background-media":"","overlay-type":"","overlay-color":"","overlay-opacity":"","overlay-gradient":""},"tablet":{"background-color":"","background-image":"","background-repeat":"repeat","background-position":"center center","background-size":"auto","background-attachment":"scroll","background-type":"","background-media":"","overlay-type":"","overlay-color":"","overlay-opacity":"","overlay-gradient":""},"mobile":{"background-color":"","background-image":"","background-repeat":"repeat","background-position":"center center","background-size":"auto","background-attachment":"scroll","background-type":"","background-media":"","overlay-type":"","overlay-color":"","overlay-opacity":"","overlay-gradient":""}},"ast-content-background-meta":{"desktop":{"background-color":"var(--ast-global-color-5)","background-image":"","background-repeat":"repeat","background-position":"center center","background-size":"auto","background-attachment":"scroll","background-type":"","background-media":"","overlay-type":"","overlay-color":"","overlay-opacity":"","overlay-gradient":""},"tablet":{"background-color":"var(--ast-global-color-5)","background-image":"","background-repeat":"repeat","background-position":"center center","background-size":"auto","background-attachment":"scroll","background-type":"","background-media":"","overlay-type":"","overlay-color":"","overlay-opacity":"","overlay-gradient":""},"mobile":{"background-color":"var(--ast-global-color-5)","background-image":"","background-repeat":"repeat","background-position":"center center","background-size":"auto","background-attachment":"scroll","background-type":"","background-media":"","overlay-type":"","overlay-color":"","overlay-opacity":"","overlay-gradient":""}}},"product_brand":[],"product_cat":[253,258],"product_tag":[],"class_list":{"0":"post-5828","1":"product","2":"type-product","3":"status-publish","4":"has-post-thumbnail","6":"product_cat-noze","7":"product_cat-reczne-narzedzia-ogrodnicze","8":"desktop-align-left","9":"tablet-align-left","10":"mobile-align-left","11":"ast-product-gallery-layout-horizontal","12":"ast-product-tabs-layout-horizontal","14":"first","15":"instock","16":"shipping-taxable","17":"product-type-simple"},"_links":{"self":[{"href":"https:\/\/wimar.net\/uk\/wp-json\/wp\/v2\/product\/5828","targetHints":{"allow":["GET"]}}],"collection":[{"href":"https:\/\/wimar.net\/uk\/wp-json\/wp\/v2\/product"}],"about":[{"href":"https:\/\/wimar.net\/uk\/wp-json\/wp\/v2\/types\/product"}],"version-history":[{"count":2,"href":"https:\/\/wimar.net\/uk\/wp-json\/wp\/v2\/product\/5828\/revisions"}],"predecessor-version":[{"id":5839,"href":"https:\/\/wimar.net\/uk\/wp-json\/wp\/v2\/product\/5828\/revisions\/5839"}],"wp:featuredmedia":[{"embeddable":true,"href":"https:\/\/wimar.net\/uk\/wp-json\/wp\/v2\/media\/5829"}],"wp:attachment":[{"href":"https:\/\/wimar.net\/uk\/wp-json\/wp\/v2\/media?parent=5828"}],"wp:term":[{"taxonomy":"product_brand","embeddable":true,"href":"https:\/\/wimar.net\/uk\/wp-json\/wp\/v2\/product_brand?post=5828"},{"taxonomy":"product_cat","embeddable":true,"href":"https:\/\/wimar.net\/uk\/wp-json\/wp\/v2\/product_cat?post=5828"},{"taxonomy":"product_tag","embeddable":true,"href":"https:\/\/wimar.net\/uk\/wp-json\/wp\/v2\/product_tag?post=5828"}],"curies":[{"name":"wp","href":"https:\/\/api.w.org\/{rel}","templated":true}]}}