{"id":5848,"date":"2025-03-19T08:33:20","date_gmt":"2025-03-19T07:33:20","guid":{"rendered":"https:\/\/wimar.net\/?post_type=product&#038;p=5848"},"modified":"2025-03-19T08:50:32","modified_gmt":"2025-03-19T07:50:32","slug":"%d0%bf%d1%80%d0%b8%d1%89%d0%b5%d0%bf%d0%bd%d0%b8%d0%b9-%d0%bd%d1%96%d0%b6-due-buoi-203c-%d0%b7-%d1%80%d1%83%d1%87%d0%ba%d0%be%d1%8e-%d0%b7-%d1%80%d0%be%d0%b3%d1%83-%d0%b1%d1%83%d0%b9%d0%b2%d0%be%d0%bb","status":"publish","type":"product","link":"https:\/\/wimar.net\/uk\/product-2\/%d0%bf%d1%80%d0%b8%d1%89%d0%b5%d0%bf%d0%bd%d0%b8%d0%b9-%d0%bd%d1%96%d0%b6-due-buoi-203c-%d0%b7-%d1%80%d1%83%d1%87%d0%ba%d0%be%d1%8e-%d0%b7-%d1%80%d0%be%d0%b3%d1%83-%d0%b1%d1%83%d0%b9%d0%b2%d0%be%d0%bb\/","title":{"rendered":"\u041d\u0456\u0436 \u0434\u043b\u044f \u0440\u043e\u0437\u0441\u0430\u0434\u043d\u0438\u043a\u0430, \u043f\u0440\u0438\u0449\u0435\u043f\u043d\u0438\u0439 \u043d\u0456\u0436 Due Buoi 203C, \u0440\u0443\u043a\u043e\u044f\u0442\u043a\u0430 \u0437 \u0440\u043e\u0433\u0443 \u0431\u0443\u0439\u0432\u043e\u043b\u0430, \u043f\u0440\u0430\u0432\u043e\u0441\u0442\u043e\u0440\u043e\u043d\u043d\u0456\u0439"},"content":{"rendered":"<h3 data-start=\"0\" data-end=\"298\">\u0420\u043e\u0437\u0441\u0430\u0434\u043d\u0438\u043a, \u043f\u0440\u0438\u0449\u0435\u043f\u043d\u0438\u0439 \u043d\u0456\u0436, \u043f\u0440\u0438\u0449\u0435\u043f\u043d\u0430 \u043c\u0430\u0448\u0438\u043d\u0430<\/h3>\n<p data-start=\"0\" data-end=\"298\">\u041f\u0440\u0438\u0449\u0435\u043f\u043b\u044e\u0432\u0430\u043b\u044c\u043d\u0438\u0439 \u043d\u0456\u0436 \u0434\u043b\u044f \u0440\u043e\u0437\u0441\u0430\u0434\u043d\u0438\u043a\u0456\u0432 Due Buoi 203C \u0434\u043b\u044f \u043f\u0440\u0430\u0432\u043e\u0457 \u0440\u0443\u043a\u0438 - \u0446\u0435 \u043f\u0440\u0435\u0446\u0438\u0437\u0456\u0439\u043d\u0438\u0439 \u0456\u043d\u0441\u0442\u0440\u0443\u043c\u0435\u043d\u0442, \u0440\u043e\u0437\u0440\u043e\u0431\u043b\u0435\u043d\u0438\u0439 \u0434\u043b\u044f \u043f\u0440\u043e\u0444\u0435\u0441\u0456\u0439\u043d\u043e\u0433\u043e \u0432\u0438\u043a\u043e\u0440\u0438\u0441\u0442\u0430\u043d\u043d\u044f \u0432 \u0440\u043e\u0437\u0441\u0430\u0434\u043d\u0438\u043a\u0430\u0445 \u0456 \u0441\u0430\u0434\u0456\u0432\u043d\u0438\u0446\u0442\u0432\u0456. \u0417\u0430\u0432\u0434\u044f\u043a\u0438 \u043c\u0456\u0446\u043d\u0456\u0439 \u043a\u043e\u043d\u0441\u0442\u0440\u0443\u043a\u0446\u0456\u0457 \u0442\u0430 \u0441\u043f\u0435\u0446\u0456\u0430\u043b\u044c\u043d\u043e\u043c\u0443 \u0434\u0438\u0437\u0430\u0439\u043d\u0443 \u0432\u0456\u043d \u0456\u0434\u0435\u0430\u043b\u044c\u043d\u043e \u043f\u0456\u0434\u0445\u043e\u0434\u0438\u0442\u044c \u0434\u043b\u044f \u0449\u0435\u043f\u043b\u0435\u043d\u043d\u044f \u0442\u0430 \u043e\u0431\u0440\u0456\u0437\u043a\u0438 \u0440\u043e\u0441\u043b\u0438\u043d, \u0433\u0430\u0440\u0430\u043d\u0442\u0443\u044e\u0447\u0438 \u043a\u043e\u043c\u0444\u043e\u0440\u0442 \u0456 \u0442\u043e\u0447\u043d\u0456\u0441\u0442\u044c \u0440\u0456\u0437\u0430\u043d\u043d\u044f \u0434\u043b\u044f \u043f\u0440\u0430\u0432\u0448\u0456\u0432.<\/p>\n<p data-start=\"0\" data-end=\"298\">Due Buoi (\u0414\u0432\u0430 \u0432\u043e\u043b\u0438) - \u0446\u0435 \u0441\u0456\u043c\u0435\u0439\u043d\u0438\u0439 \u0431\u0456\u0437\u043d\u0435\u0441, \u0437\u0430\u0441\u043d\u043e\u0432\u0430\u043d\u0438\u0439 \u0443 1884 \u0440\u043e\u0446\u0456 \u0432 \u0406\u0442\u0430\u043b\u0456\u0457, \u044f\u043a\u0438\u0439 \u0432\u0436\u0435 \u0447\u043e\u0442\u0438\u0440\u0438 \u043f\u043e\u043a\u043e\u043b\u0456\u043d\u043d\u044f \u0432\u0438\u0440\u043e\u0431\u043b\u044f\u0454 \u043d\u043e\u0436\u0456 \u0442\u0430 \u0456\u043d\u0441\u0442\u0440\u0443\u043c\u0435\u043d\u0442\u0438 \u0434\u043b\u044f \u0441\u0456\u043b\u044c\u0441\u044c\u043a\u043e\u0433\u043e \u0433\u043e\u0441\u043f\u043e\u0434\u0430\u0440\u0441\u0442\u0432\u0430. DueBuoi \u0440\u043e\u0437\u0440\u043e\u0431\u0438\u043b\u0430 \u0432\u043b\u0430\u0441\u043d\u0438\u0439 \u0440\u0435\u0442\u0435\u043b\u044c\u043d\u0438\u0439 \u043c\u0435\u0442\u043e\u0434 \u043e\u0431\u0440\u043e\u0431\u043a\u0438 \u043c\u0435\u0442\u0430\u043b\u0443\u00a0<em>\u0435\u043a\u0441\u0442\u0440\u0430-\u0434\u0443\u0440\u043e<\/em>\u0437\u0430\u0432\u0434\u044f\u043a\u0438 \u0447\u043e\u043c\u0443 \u043b\u0435\u0437\u0430 \u0432\u0438\u0433\u043e\u0442\u043e\u0432\u043b\u0435\u043d\u0438\u0445 \u043d\u043e\u0436\u0456\u0432 \u0456 \u0441\u0435\u043a\u0430\u0442\u043e\u0440\u0456\u0432 \u0437\u0431\u0435\u0440\u0456\u0433\u0430\u044e\u0442\u044c \u0441\u0432\u043e\u044e \u0432\u0438\u043d\u044f\u0442\u043a\u043e\u0432\u0443 \u043c\u0456\u0446\u043d\u0456\u0441\u0442\u044c. \u041a\u043e\u043c\u043f\u0430\u043d\u0456\u044f \u0437 \u041c\u0430\u043d\u044f\u0433\u043e (\u043c\u0456\u0441\u0442\u043e \u0441\u0442\u043e\u043b\u043e\u0432\u0438\u0445 \u043f\u0440\u0438\u0431\u043e\u0440\u0456\u0432) \u0432\u0456\u0434\u043e\u043c\u0430 \u0432 \u0406\u0442\u0430\u043b\u0456\u0457 \u0437\u0430\u0432\u0434\u044f\u043a\u0438 \u0432\u0438\u0440\u043e\u0431\u043d\u0438\u0446\u0442\u0432\u0443 \u043a\u0443\u0445\u043e\u043d\u043d\u0438\u0445 \u043d\u043e\u0436\u0456\u0432, \u043d\u043e\u0436\u0456\u0432 \u0434\u043b\u044f \u0441\u0430\u0434\u0456\u0432\u043d\u0438\u0446\u0442\u0432\u0430 \u0442\u0430 \u0432\u0438\u0436\u0438\u0432\u0430\u043d\u043d\u044f, \u0441\u0435\u043a\u0430\u0442\u043e\u0440\u0456\u0432 \u0442\u0430 \u0441\u043e\u043a\u0438\u0440.<\/p>\n<h3 data-start=\"300\" data-end=\"324\">\u041e\u0441\u043d\u043e\u0432\u043d\u0456 \u0445\u0430\u0440\u0430\u043a\u0442\u0435\u0440\u0438\u0441\u0442\u0438\u043a\u0438:<\/h3>\n<ul>\n<li data-start=\"326\" data-end=\"993\"><strong data-start=\"305\" data-end=\"332\">\u0412\u0438\u0441\u043e\u043a\u0430 \u044f\u043a\u0456\u0441\u0442\u044c \u0432\u0438\u0433\u043e\u0442\u043e\u0432\u043b\u0435\u043d\u043d\u044f<\/strong> - \u041d\u0456\u0436 \u0432\u0438\u0433\u043e\u0442\u043e\u0432\u043b\u0435\u043d\u0438\u0439 \u0432 \u0406\u0442\u0430\u043b\u0456\u0457 \u0432\u0456\u0434\u043e\u043c\u043e\u044e \u043a\u043e\u043c\u043f\u0430\u043d\u0456\u0454\u044e Due Buoi, \u0449\u043e \u0441\u043f\u0435\u0446\u0456\u0430\u043b\u0456\u0437\u0443\u0454\u0442\u044c\u0441\u044f \u043d\u0430 \u0432\u0438\u0440\u043e\u0431\u043d\u0438\u0446\u0442\u0432\u0456 \u043f\u0440\u043e\u0444\u0435\u0441\u0456\u0439\u043d\u043e\u0433\u043e \u0441\u0430\u0434\u043e\u0432\u043e\u0433\u043e \u0456\u043d\u0441\u0442\u0440\u0443\u043c\u0435\u043d\u0442\u0443.<\/li>\n<li data-start=\"326\" data-end=\"993\"><strong data-start=\"459\" data-end=\"480\">\u041f\u0440\u0435\u0446\u0438\u0437\u0456\u0439\u043d\u0435 \u043b\u0435\u0437\u043e<\/strong> - \u0412\u0438\u0433\u043e\u0442\u043e\u0432\u043b\u0435\u043d\u0438\u0439 \u0437 \u0432\u0443\u0433\u043b\u0435\u0446\u0435\u0432\u043e\u0457 \u0441\u0442\u0430\u043b\u0456, \u0432\u0456\u043d \u0456\u0434\u0435\u0430\u043b\u044c\u043d\u043e \u043f\u0456\u0434\u0445\u043e\u0434\u0438\u0442\u044c \u0434\u043b\u044f \u0442\u043e\u0447\u043d\u0438\u0445 \u0437\u0440\u0456\u0437\u0456\u0432 \u043f\u0456\u0434 \u0447\u0430\u0441 \u0449\u0435\u043f\u043b\u0435\u043d\u043d\u044f \u0442\u0430 \u043a\u043e\u043d\u043e\u043f\u0430\u0447\u0435\u043d\u043d\u044f.<\/li>\n<li data-start=\"326\" data-end=\"993\"><strong data-start=\"590\" data-end=\"615\">\u0415\u0440\u0433\u043e\u043d\u043e\u043c\u0456\u0447\u043d\u0430 \u0440\u0443\u0447\u043a\u0430<\/strong> - \u0420\u0443\u043a\u043e\u044f\u0442\u043a\u0430 \u043f\u0440\u0430\u0432\u0438\u043b\u044c\u043d\u043e\u0457 \u0444\u043e\u0440\u043c\u0438, \u0432\u0438\u0433\u043e\u0442\u043e\u0432\u043b\u0435\u043d\u0430 \u0437 \u0440\u043e\u0433\u0443 \u0431\u0443\u0439\u0432\u043e\u043b\u0430, \u0437\u0430\u0431\u0435\u0437\u043f\u0435\u0447\u0443\u0454 \u043a\u043e\u043c\u0444\u043e\u0440\u0442 \u0456 \u043d\u0430\u0434\u0456\u0439\u043d\u0438\u0439 \u0445\u0432\u0430\u0442.<\/li>\n<li data-start=\"326\" data-end=\"993\"><strong data-start=\"701\" data-end=\"728\">\u0414\u043e\u0432\u0433\u043e\u0432\u0456\u0447\u043d\u0456\u0441\u0442\u044c \u0456 \u043d\u0430\u0434\u0456\u0439\u043d\u0456\u0441\u0442\u044c<\/strong> - \u041c\u0456\u0446\u043d\u0430 \u043a\u043e\u043d\u0441\u0442\u0440\u0443\u043a\u0446\u0456\u044f \u043d\u043e\u0436\u0430 \u0433\u0430\u0440\u0430\u043d\u0442\u0443\u0454 \u0442\u0440\u0438\u0432\u0430\u043b\u0438\u0439 \u0442\u0435\u0440\u043c\u0456\u043d \u0441\u043b\u0443\u0436\u0431\u0438 \u043d\u0430\u0432\u0456\u0442\u044c \u043f\u0440\u0438 \u0456\u043d\u0442\u0435\u043d\u0441\u0438\u0432\u043d\u043e\u043c\u0443 \u0432\u0438\u043a\u043e\u0440\u0438\u0441\u0442\u0430\u043d\u043d\u0456.<\/li>\n<li data-start=\"326\" data-end=\"993\"><strong data-start=\"823\" data-end=\"853\">\u041f\u0440\u043e\u0444\u0435\u0441\u0456\u0439\u043d\u0435 \u0432\u0438\u043a\u043e\u0440\u0438\u0441\u0442\u0430\u043d\u043d\u044f<\/strong> - \u0406\u0434\u0435\u0430\u043b\u044c\u043d\u043e \u043f\u0456\u0434\u0445\u043e\u0434\u0438\u0442\u044c \u0434\u043b\u044f \u0440\u043e\u0437\u043f\u043b\u0456\u0434\u043d\u0438\u043a\u0456\u0432, \u043f\u043b\u043e\u0434\u0456\u0432\u043d\u0438\u043a\u0456\u0432 \u0456 \u0441\u0430\u0434\u0456\u0432\u043d\u0438\u043a\u0456\u0432, \u044f\u043a\u0456 \u0437\u0430\u0439\u043c\u0430\u044e\u0442\u044c\u0441\u044f \u0440\u043e\u0437\u043c\u043d\u043e\u0436\u0435\u043d\u043d\u044f\u043c \u0440\u043e\u0441\u043b\u0438\u043d.<\/li>\n<li data-start=\"326\" data-end=\"993\"><strong>\u0414\u043e\u0432\u0436\u0438\u043d\u0430 \u043b\u0435\u0437\u0430<\/strong> - 5,5 \u0441\u043c<\/li>\n<li data-start=\"326\" data-end=\"993\"><strong>\u0428\u0438\u0440\u0438\u043d\u0430 \u043b\u0435\u0437\u0430<\/strong> - 1,5 \u0441\u043c<\/li>\n<li data-start=\"326\" data-end=\"993\"><strong>\u0413\u0430\u0431\u0430\u0440\u0438\u0442\u043d\u0456 \u0440\u043e\u0437\u043c\u0456\u0440\u0438<\/strong> - 17 \u0441\u043c<\/li>\n<li data-start=\"326\" data-end=\"993\"><strong>\u041c\u0430\u0442\u0435\u0440\u0456\u0430\u043b<\/strong> - \u0412\u0443\u0433\u043b\u0435\u0446\u0435\u0432\u0430 \u0441\u0442\u0430\u043b\u044c (\u043a\u043b\u0438\u043d\u043e\u043a), \u0442\u0432\u0435\u0440\u0434\u0430 \u043b\u0430\u0442\u0443\u043d\u044c (\u043b\u0430\u0439\u043d\u0435\u0440), \u0431\u0443\u0439\u0432\u043e\u043b\u0438\u043d\u0438\u0439 \u0440\u0456\u0433 (\u0440\u0443\u043a\u043e\u044f\u0442\u043a\u0430)<\/li>\n<\/ul>\n<h3 data-start=\"995\" data-end=\"1012\">\u0417\u0430\u044f\u0432\u043a\u0430:<\/h3>\n<ul data-start=\"1014\" data-end=\"1347\">\n<li data-start=\"966\" data-end=\"1060\"><strong data-start=\"968\" data-end=\"1009\">\u0429\u0435\u043f\u043b\u0435\u043d\u043d\u044f \u043f\u043b\u043e\u0434\u043e\u0432\u0438\u0445 \u0434\u0435\u0440\u0435\u0432 \u0456 \u043a\u0443\u0449\u0456\u0432<\/strong> - \u041d\u0435\u0437\u0430\u043c\u0456\u043d\u043d\u0438\u0439 \u0434\u043b\u044f \u043f\u043e\u0454\u0434\u043d\u0430\u043d\u043d\u044f \u043f\u0430\u0433\u043e\u043d\u0456\u0432 \u0456 \u043f\u0456\u0434\u0449\u0435\u043f.<\/li>\n<li data-start=\"1061\" data-end=\"1188\"><strong data-start=\"1063\" data-end=\"1084\">\u041e\u0431\u0432'\u044f\u0437\u043a\u0430 \u0440\u043e\u0441\u043b\u0438\u043d<\/strong> - \u041f\u0440\u0435\u0446\u0438\u0437\u0456\u0439\u043d\u0435 \u043b\u0435\u0437\u043e \u0434\u043e\u0437\u0432\u043e\u043b\u044f\u0454 \u0440\u043e\u0431\u0438\u0442\u0438 \u0442\u043e\u0447\u043d\u0456 \u0440\u043e\u0437\u0440\u0456\u0437\u0438, \u043d\u0435\u043e\u0431\u0445\u0456\u0434\u043d\u0456 \u0434\u043b\u044f \u0446\u044c\u043e\u0433\u043e \u043c\u0435\u0442\u043e\u0434\u0443 \u0440\u043e\u0437\u043c\u043d\u043e\u0436\u0435\u043d\u043d\u044f.<\/li>\n<li data-start=\"1189\" data-end=\"1286\"><strong data-start=\"1191\" data-end=\"1213\">\u0420\u043e\u0431\u043e\u0442\u0430 \u0432 \u0440\u043e\u0437\u0441\u0430\u0434\u043d\u0438\u043a\u0443<\/strong> - \u0406\u0434\u0435\u0430\u043b\u044c\u043d\u043e \u043f\u0456\u0434\u0445\u043e\u0434\u0438\u0442\u044c \u0434\u043b\u044f \u043f\u0440\u043e\u0444\u0435\u0441\u0456\u0439\u043d\u043e\u0433\u043e \u0432\u0438\u043a\u043e\u0440\u0438\u0441\u0442\u0430\u043d\u043d\u044f \u0432 \u0440\u043e\u0437\u0441\u0430\u0434\u043d\u0438\u043a\u0430\u0445 \u0434\u0435\u0440\u0435\u0432 \u0456 \u0447\u0430\u0433\u0430\u0440\u043d\u0438\u043a\u0456\u0432.<\/li>\n<li data-start=\"1287\" data-end=\"1370\"><strong data-start=\"1289\" data-end=\"1322\">\u0414\u043e\u0433\u043b\u044f\u0434 \u0437\u0430 \u0441\u0430\u0434\u043e\u0432\u0438\u043c\u0438 \u0440\u043e\u0441\u043b\u0438\u043d\u0430\u043c\u0438<\/strong> - \u041f\u043e\u043b\u0435\u0433\u0448\u0443\u0454 \u0440\u043e\u0431\u043e\u0442\u0438, \u0449\u043e \u0432\u0438\u043c\u0430\u0433\u0430\u044e\u0442\u044c \u0442\u043e\u0447\u043d\u043e\u0433\u043e \u0440\u0456\u0437\u0430\u043d\u043d\u044f.<\/li>\n<\/ul>\n<h3 data-start=\"1471\" data-end=\"1538\">\u0427\u043e\u043c\u0443 \u0432\u0430\u0440\u0442\u043e \u0432\u0438\u0431\u0440\u0430\u0442\u0438 \u043f\u0440\u0430\u0432\u043e\u0440\u0443\u043a\u0438\u0439 \u043d\u0456\u0436 \u0434\u043b\u044f \u0440\u043e\u0437\u0432\u0435\u0434\u0435\u043d\u043d\u044f Due Buoi 203C?<\/h3>\n<p data-start=\"1539\" data-end=\"1977\" data-is-last-node=\"\" data-is-only-node=\"\">\u041d\u0456\u0436 Due Buoi 203C - \u0446\u0435 \u043d\u0430\u0434\u0456\u0439\u043d\u0438\u0439 \u0456\u043d\u0441\u0442\u0440\u0443\u043c\u0435\u043d\u0442, \u0440\u043e\u0437\u0440\u043e\u0431\u043b\u0435\u043d\u0438\u0439 \u0434\u043b\u044f \u043f\u0440\u043e\u0444\u0435\u0441\u0456\u043e\u043d\u0430\u043b\u0456\u0432 \u0456 \u0432\u0438\u043c\u043e\u0433\u043b\u0438\u0432\u0438\u0445 \u043f\u0440\u0430\u0432\u0448\u0456\u0432, \u0449\u043e \u0440\u043e\u0431\u0438\u0442\u044c \u0440\u043e\u0431\u043e\u0442\u0443 \u0437 \u043d\u0438\u043c \u043a\u043e\u043c\u0444\u043e\u0440\u0442\u043d\u043e\u044e \u0456 \u0431\u0435\u0437\u043f\u0435\u0447\u043d\u043e\u044e, \u0430 \u043c\u0456\u0446\u043d\u0456\u0441\u0442\u044c \u0456 \u0433\u043e\u0441\u0442\u0440\u043e\u0442\u0430 \u043b\u0435\u0437\u0430 \u0437\u0430\u0431\u0435\u0437\u043f\u0435\u0447\u0443\u044e\u0442\u044c \u0442\u0440\u0438\u0432\u0430\u043b\u0435 \u0432\u0438\u043a\u043e\u0440\u0438\u0441\u0442\u0430\u043d\u043d\u044f \u0431\u0435\u0437 \u0432\u0442\u0440\u0430\u0442\u0438 \u044f\u043a\u043e\u0441\u0442\u0456 \u0440\u0456\u0437\u0443.<\/p>","protected":false},"excerpt":{"rendered":"<p>N\u00f3\u017c szk\u00f3\u0142karski, szczepak N\u00f3\u017c szk\u00f3\u0142karski szczepak Due Buoi 203C prawor\u0119czny to precyzyjne narz\u0119dzie stworzone z my\u015bl\u0105 o profesjonalnych zastosowaniach szk\u00f3\u0142karskich i ogrodniczych. Dzi\u0119ki solidnemu wykonaniu i specjalistycznej konstrukcji idealnie sprawdza si\u0119 podczas szczepienia i okulizacji ro\u015blin, gwarantuj\u0105c wygod\u0119 oraz precyzj\u0119 ci\u0119cia dla os\u00f3b prawor\u0119cznych. Due Buoi (Dwa Wo\u0142y) to rodzinna firma za\u0142o\u017cona w 1884 roku [&hellip;]<\/p>","protected":false},"featured_media":5846,"template":"","meta":{"site-sidebar-layout":"default","site-content-layout":"","ast-site-content-layout":"default","site-content-style":"default","site-sidebar-style":"default","ast-global-header-display":"","ast-banner-title-visibility":"","ast-main-header-display":"","ast-hfb-above-header-display":"","ast-hfb-below-header-display":"","ast-hfb-mobile-header-display":"","site-post-title":"","ast-breadcrumbs-content":"","ast-featured-img":"","footer-sml-layout":"","theme-transparent-header-meta":"default","adv-header-id-meta":"","stick-header-meta":"default","header-above-stick-meta":"","header-main-stick-meta":"","header-below-stick-meta":"","astra-migrate-meta-layouts":"set","ast-page-background-enabled":"default","ast-page-background-meta":{"desktop":{"background-color":"var(--ast-global-color-4)","background-image":"","background-repeat":"repeat","background-position":"center center","background-size":"auto","background-attachment":"scroll","background-type":"","background-media":"","overlay-type":"","overlay-color":"","overlay-opacity":"","overlay-gradient":""},"tablet":{"background-color":"","background-image":"","background-repeat":"repeat","background-position":"center center","background-size":"auto","background-attachment":"scroll","background-type":"","background-media":"","overlay-type":"","overlay-color":"","overlay-opacity":"","overlay-gradient":""},"mobile":{"background-color":"","background-image":"","background-repeat":"repeat","background-position":"center center","background-size":"auto","background-attachment":"scroll","background-type":"","background-media":"","overlay-type":"","overlay-color":"","overlay-opacity":"","overlay-gradient":""}},"ast-content-background-meta":{"desktop":{"background-color":"var(--ast-global-color-5)","background-image":"","background-repeat":"repeat","background-position":"center center","background-size":"auto","background-attachment":"scroll","background-type":"","background-media":"","overlay-type":"","overlay-color":"","overlay-opacity":"","overlay-gradient":""},"tablet":{"background-color":"var(--ast-global-color-5)","background-image":"","background-repeat":"repeat","background-position":"center center","background-size":"auto","background-attachment":"scroll","background-type":"","background-media":"","overlay-type":"","overlay-color":"","overlay-opacity":"","overlay-gradient":""},"mobile":{"background-color":"var(--ast-global-color-5)","background-image":"","background-repeat":"repeat","background-position":"center center","background-size":"auto","background-attachment":"scroll","background-type":"","background-media":"","overlay-type":"","overlay-color":"","overlay-opacity":"","overlay-gradient":""}}},"product_brand":[],"product_cat":[253,258],"product_tag":[],"class_list":{"0":"post-5848","1":"product","2":"type-product","3":"status-publish","4":"has-post-thumbnail","6":"product_cat-noze","7":"product_cat-reczne-narzedzia-ogrodnicze","8":"desktop-align-left","9":"tablet-align-left","10":"mobile-align-left","11":"ast-product-gallery-layout-horizontal","12":"ast-product-tabs-layout-horizontal","14":"first","15":"instock","16":"shipping-taxable","17":"product-type-simple"},"_links":{"self":[{"href":"https:\/\/wimar.net\/uk\/wp-json\/wp\/v2\/product\/5848","targetHints":{"allow":["GET"]}}],"collection":[{"href":"https:\/\/wimar.net\/uk\/wp-json\/wp\/v2\/product"}],"about":[{"href":"https:\/\/wimar.net\/uk\/wp-json\/wp\/v2\/types\/product"}],"version-history":[{"count":3,"href":"https:\/\/wimar.net\/uk\/wp-json\/wp\/v2\/product\/5848\/revisions"}],"predecessor-version":[{"id":5856,"href":"https:\/\/wimar.net\/uk\/wp-json\/wp\/v2\/product\/5848\/revisions\/5856"}],"wp:featuredmedia":[{"embeddable":true,"href":"https:\/\/wimar.net\/uk\/wp-json\/wp\/v2\/media\/5846"}],"wp:attachment":[{"href":"https:\/\/wimar.net\/uk\/wp-json\/wp\/v2\/media?parent=5848"}],"wp:term":[{"taxonomy":"product_brand","embeddable":true,"href":"https:\/\/wimar.net\/uk\/wp-json\/wp\/v2\/product_brand?post=5848"},{"taxonomy":"product_cat","embeddable":true,"href":"https:\/\/wimar.net\/uk\/wp-json\/wp\/v2\/product_cat?post=5848"},{"taxonomy":"product_tag","embeddable":true,"href":"https:\/\/wimar.net\/uk\/wp-json\/wp\/v2\/product_tag?post=5848"}],"curies":[{"name":"wp","href":"https:\/\/api.w.org\/{rel}","templated":true}]}}