{"id":5867,"date":"2025-03-19T09:40:43","date_gmt":"2025-03-19T08:40:43","guid":{"rendered":"https:\/\/wimar.net\/?post_type=product&#038;p=5867"},"modified":"2025-03-19T09:48:29","modified_gmt":"2025-03-19T08:48:29","slug":"%d1%80%d0%be%d0%b7%d0%ba%d0%bb%d0%b8%d0%bd%d1%8e%d1%8e%d1%87%d0%b8%d0%b9-%d0%ba%d0%bb%d0%b8%d0%bd%d0%be%d0%b2%d0%b8%d0%b9-%d1%80%d1%96%d0%b7%d0%b0%d0%ba-duo-buoi-275%d0%bb-%d1%81%d0%b0%d0%b4%d0%be","status":"publish","type":"product","link":"https:\/\/wimar.net\/uk\/product-2\/%d1%80%d0%be%d0%b7%d0%ba%d0%bb%d0%b8%d0%bd%d1%8e%d1%8e%d1%87%d0%b8%d0%b9-%d0%ba%d0%bb%d0%b8%d0%bd%d0%be%d0%b2%d0%b8%d0%b9-%d1%80%d1%96%d0%b7%d0%b0%d0%ba-duo-buoi-275%d0%bb-%d1%81%d0%b0%d0%b4%d0%be\/","title":{"rendered":"\u0420\u043e\u0437\u043a\u043b\u0438\u043d\u044e\u0432\u0430\u043b\u044c\u043d\u0438\u0439 \u043a\u043b\u0438\u043d\u043e\u0432\u0438\u0439 \u043d\u0456\u0436 Duo Buoi 275L - Orchard"},"content":{"rendered":"<h3 data-start=\"0\" data-end=\"298\">\u0420\u043e\u0437\u0440\u0456\u0437\u043d\u0438\u0439 \u043a\u043b\u0438\u043d\u043e\u0432\u0438\u0439 \u043d\u0456\u0436<\/h3>\n<p data-start=\"0\" data-end=\"298\">\u0420\u043e\u0437\u0449\u0435\u043f\u043b\u044e\u0432\u0430\u043b\u044c\u043d\u0438\u0439 \u043a\u043b\u0438\u043d\u043e\u0432\u0438\u0439 \u043d\u0456\u0436 Due Buoi 275L - \u0446\u0435 \u0441\u043f\u0435\u0446\u0456\u0430\u043b\u0456\u0437\u043e\u0432\u0430\u043d\u0438\u0439 \u0441\u0430\u0434\u043e\u0432\u0438\u0439 \u0456\u043d\u0441\u0442\u0440\u0443\u043c\u0435\u043d\u0442, \u043f\u0440\u0438\u0437\u043d\u0430\u0447\u0435\u043d\u0438\u0439 \u0434\u043b\u044f \u0442\u043e\u0447\u043d\u043e\u0433\u043e \u0442\u0430 \u0435\u0444\u0435\u043a\u0442\u0438\u0432\u043d\u043e\u0433\u043e \u0440\u043e\u0437\u0449\u0435\u043f\u043b\u0435\u043d\u043d\u044f \u0441\u0442\u043e\u0432\u0431\u0443\u0440\u0456\u0432 \u0456 \u0433\u0456\u043b\u043e\u043a \u043f\u0440\u0438 \u0449\u0435\u043f\u043b\u0435\u043d\u043d\u0456 \u043f\u043b\u043e\u0434\u043e\u0432\u0438\u0445 \u0434\u0435\u0440\u0435\u0432. \u0412\u0438\u0441\u043e\u043a\u0430 \u044f\u043a\u0456\u0441\u0442\u044c \u0432\u0438\u0433\u043e\u0442\u043e\u0432\u043b\u0435\u043d\u043d\u044f \u0442\u0430 \u043c\u0456\u0446\u043d\u0430 \u043a\u043e\u043d\u0441\u0442\u0440\u0443\u043a\u0446\u0456\u044f \u0440\u043e\u0431\u043b\u044f\u0442\u044c \u0439\u043e\u0433\u043e \u043d\u0435\u0437\u0430\u043c\u0456\u043d\u043d\u0438\u043c \u0456\u043d\u0441\u0442\u0440\u0443\u043c\u0435\u043d\u0442\u043e\u043c \u0443 \u0431\u0443\u0434\u044c-\u044f\u043a\u043e\u043c\u0443 \u0441\u0430\u0434\u043e\u0432\u043e\u043c\u0443 \u0433\u043e\u0441\u043f\u043e\u0434\u0430\u0440\u0441\u0442\u0432\u0456.<\/p>\n<p data-start=\"0\" data-end=\"298\">Due Buoi (\u0414\u0432\u0430 \u0432\u043e\u043b\u0438) - \u0446\u0435 \u0441\u0456\u043c\u0435\u0439\u043d\u0438\u0439 \u0431\u0456\u0437\u043d\u0435\u0441, \u0437\u0430\u0441\u043d\u043e\u0432\u0430\u043d\u0438\u0439 \u0443 1884 \u0440\u043e\u0446\u0456 \u0432 \u0406\u0442\u0430\u043b\u0456\u0457, \u044f\u043a\u0438\u0439 \u0432\u0436\u0435 \u0447\u043e\u0442\u0438\u0440\u0438 \u043f\u043e\u043a\u043e\u043b\u0456\u043d\u043d\u044f \u0432\u0438\u0440\u043e\u0431\u043b\u044f\u0454 \u043d\u043e\u0436\u0456 \u0442\u0430 \u0456\u043d\u0441\u0442\u0440\u0443\u043c\u0435\u043d\u0442\u0438 \u0434\u043b\u044f \u0441\u0456\u043b\u044c\u0441\u044c\u043a\u043e\u0433\u043e \u0433\u043e\u0441\u043f\u043e\u0434\u0430\u0440\u0441\u0442\u0432\u0430. DueBuoi \u0440\u043e\u0437\u0440\u043e\u0431\u0438\u043b\u0430 \u0432\u043b\u0430\u0441\u043d\u0438\u0439 \u0440\u0435\u0442\u0435\u043b\u044c\u043d\u0438\u0439 \u043c\u0435\u0442\u043e\u0434 \u043e\u0431\u0440\u043e\u0431\u043a\u0438 \u043c\u0435\u0442\u0430\u043b\u0443\u00a0<em>\u0435\u043a\u0441\u0442\u0440\u0430-\u0434\u0443\u0440\u043e<\/em>\u0437\u0430\u0432\u0434\u044f\u043a\u0438 \u0447\u043e\u043c\u0443 \u043b\u0435\u0437\u0430 \u0432\u0438\u0433\u043e\u0442\u043e\u0432\u043b\u0435\u043d\u0438\u0445 \u043d\u043e\u0436\u0456\u0432 \u0456 \u0441\u0435\u043a\u0430\u0442\u043e\u0440\u0456\u0432 \u0437\u0431\u0435\u0440\u0456\u0433\u0430\u044e\u0442\u044c \u0441\u0432\u043e\u044e \u0432\u0438\u043d\u044f\u0442\u043a\u043e\u0432\u0443 \u043c\u0456\u0446\u043d\u0456\u0441\u0442\u044c. \u041a\u043e\u043c\u043f\u0430\u043d\u0456\u044f \u0437 \u041c\u0430\u043d\u044f\u0433\u043e (\u043c\u0456\u0441\u0442\u043e \u0441\u0442\u043e\u043b\u043e\u0432\u0438\u0445 \u043f\u0440\u0438\u0431\u043e\u0440\u0456\u0432) \u0432\u0456\u0434\u043e\u043c\u0430 \u0432 \u0406\u0442\u0430\u043b\u0456\u0457 \u0437\u0430\u0432\u0434\u044f\u043a\u0438 \u0432\u0438\u0440\u043e\u0431\u043d\u0438\u0446\u0442\u0432\u0443 \u043a\u0443\u0445\u043e\u043d\u043d\u0438\u0445 \u043d\u043e\u0436\u0456\u0432, \u043d\u043e\u0436\u0456\u0432 \u0434\u043b\u044f \u0441\u0430\u0434\u0456\u0432\u043d\u0438\u0446\u0442\u0432\u0430 \u0442\u0430 \u0432\u0438\u0436\u0438\u0432\u0430\u043d\u043d\u044f, \u0441\u0435\u043a\u0430\u0442\u043e\u0440\u0456\u0432 \u0442\u0430 \u0441\u043e\u043a\u0438\u0440.<\/p>\n<h3 data-start=\"300\" data-end=\"324\">\u041e\u0441\u043d\u043e\u0432\u043d\u0456 \u0445\u0430\u0440\u0430\u043a\u0442\u0435\u0440\u0438\u0441\u0442\u0438\u043a\u0438:<\/h3>\n<ul>\n<li data-start=\"326\" data-end=\"993\"><strong data-start=\"367\" data-end=\"389\">\u0422\u043e\u0447\u043d\u0435 \u043c\u0430\u0448\u0438\u043d\u043e\u0431\u0443\u0434\u0443\u0432\u0430\u043d\u043d\u044f<\/strong> - \u041d\u0456\u0436 \u0432\u0438\u0433\u043e\u0442\u043e\u0432\u043b\u0435\u043d\u0438\u0439 \u0437 \u0432\u0438\u0441\u043e\u043a\u043e\u044f\u043a\u0456\u0441\u043d\u043e\u0457 \u0441\u0442\u0430\u043b\u0456, \u0449\u043e \u0433\u0430\u0440\u0430\u043d\u0442\u0443\u0454 \u0434\u043e\u0432\u0433\u043e\u0432\u0456\u0447\u043d\u0456\u0441\u0442\u044c \u0456 \u043d\u0430\u0434\u0456\u0439\u043d\u0456\u0441\u0442\u044c \u043f\u0456\u0434 \u0447\u0430\u0441 \u0432\u0438\u043a\u043e\u0440\u0438\u0441\u0442\u0430\u043d\u043d\u044f.<\/li>\n<li data-start=\"326\" data-end=\"993\"><strong data-start=\"488\" data-end=\"504\">\u041d\u0430\u0434\u0456\u0439\u043d\u0456\u0441\u0442\u044c<\/strong> - \u041a\u043e\u043d\u0441\u0442\u0440\u0443\u043a\u0446\u0456\u044f \u0441\u0442\u0456\u0439\u043a\u0430 \u0434\u043e \u043c\u0435\u0445\u0430\u043d\u0456\u0447\u043d\u0438\u0445 \u043f\u043e\u0448\u043a\u043e\u0434\u0436\u0435\u043d\u044c \u0442\u0430 \u0456\u043d\u0442\u0435\u043d\u0441\u0438\u0432\u043d\u043e\u0433\u043e \u0432\u0438\u043a\u043e\u0440\u0438\u0441\u0442\u0430\u043d\u043d\u044f \u0432 \u0441\u0443\u0432\u043e\u0440\u0438\u0445 \u0443\u043c\u043e\u0432\u0430\u0445 \u0441\u0430\u0434\u0443.<\/li>\n<li data-start=\"326\" data-end=\"993\"><strong data-start=\"618\" data-end=\"643\">\u0406\u0434\u0435\u0430\u043b\u044c\u043d\u0430 \u0444\u043e\u0440\u043c\u0430 \u043a\u043b\u0438\u043d\u0443<\/strong> - \u041b\u0435\u0437\u043e \u0441\u043f\u0435\u0446\u0456\u0430\u043b\u044c\u043d\u043e\u0457 \u0444\u043e\u0440\u043c\u0438 \u0434\u043e\u0437\u0432\u043e\u043b\u044f\u0454 \u043b\u0435\u0433\u043a\u043e \u0442\u0430 \u043a\u043e\u043d\u0442\u0440\u043e\u043b\u044c\u043e\u0432\u0430\u043d\u043e \u0440\u043e\u0437\u043a\u043e\u043b\u044e\u0432\u0430\u0442\u0438 \u0434\u0435\u0440\u0435\u0432\u0438\u043d\u0443 \u0431\u0435\u0437 \u0440\u0438\u0437\u0438\u043a\u0443 \u043f\u043e\u0448\u043a\u043e\u0434\u0438\u0442\u0438 \u0434\u0435\u0440\u0435\u0432\u043e.<\/li>\n<li data-start=\"326\" data-end=\"993\"><strong data-start=\"766\" data-end=\"791\">\u0415\u0440\u0433\u043e\u043d\u043e\u043c\u0456\u0447\u043d\u0430 \u0440\u0443\u0447\u043a\u0430<\/strong> - \u0426\u0435 \u0437\u0430\u0431\u0435\u0437\u043f\u0435\u0447\u0443\u0454 \u043d\u0430\u0434\u0456\u0439\u043d\u0438\u0439 \u0445\u0432\u0430\u0442 \u0456 \u043a\u043e\u043c\u0444\u043e\u0440\u0442\u043d\u0443 \u0440\u043e\u0431\u043e\u0442\u0443 \u043d\u0430\u0432\u0456\u0442\u044c \u043f\u0440\u043e\u0442\u044f\u0433\u043e\u043c \u0442\u0440\u0438\u0432\u0430\u043b\u043e\u0433\u043e \u0447\u0430\u0441\u0443.<\/li>\n<li data-start=\"326\" data-end=\"993\"><strong data-start=\"863\" data-end=\"893\">\u0412\u0441\u0435\u0441\u0435\u0437\u043e\u043d\u043d\u0435 \u0432\u0438\u043a\u043e\u0440\u0438\u0441\u0442\u0430\u043d\u043d\u044f<\/strong> - \u041f\u0440\u0438 \u043f\u0440\u0430\u0432\u0438\u043b\u044c\u043d\u043e\u043c\u0443 \u0434\u043e\u0433\u043b\u044f\u0434\u0456 \u0456\u043d\u0441\u0442\u0440\u0443\u043c\u0435\u043d\u0442 \u0437\u0431\u0435\u0440\u0456\u0433\u0430\u0454 \u0441\u0432\u043e\u0457 \u0432\u043b\u0430\u0441\u0442\u0438\u0432\u043e\u0441\u0442\u0456 \u043f\u0440\u043e\u0442\u044f\u0433\u043e\u043c \u0431\u0430\u0433\u0430\u0442\u044c\u043e\u0445 \u0441\u0435\u0437\u043e\u043d\u0456\u0432.<\/li>\n<li data-start=\"326\" data-end=\"993\"><strong>\u0414\u043e\u0432\u0436\u0438\u043d\u0430 \u043b\u0435\u0437\u0430<\/strong> - 4,5 \u0441\u043c<\/li>\n<li data-start=\"326\" data-end=\"993\"><strong>\u0413\u0430\u0431\u0430\u0440\u0438\u0442\u043d\u0456 \u0440\u043e\u0437\u043c\u0456\u0440\u0438<\/strong> - 24,6 \u0441\u043c<\/li>\n<li data-start=\"326\" data-end=\"993\"><strong>\u041c\u0430\u0442\u0435\u0440\u0456\u0430\u043b<\/strong> - \u0414\u0435\u0440\u0435\u0432\u043e (\u0440\u0443\u0447\u043a\u0430), \u0437\u0430\u043b\u0456\u0437\u043e (\u043a\u0456\u043b\u044c\u0446\u0435), \u0432\u0443\u0433\u043b\u0435\u0446\u0435\u0432\u0430 \u0441\u0442\u0430\u043b\u044c (\u043b\u0435\u0437\u043e)<\/li>\n<\/ul>\n<h3 data-start=\"995\" data-end=\"1012\">\u0417\u0430\u044f\u0432\u043a\u0430:<\/h3>\n<ul data-start=\"1014\" data-end=\"1347\">\n<li data-start=\"1010\" data-end=\"1148\"><strong data-start=\"1012\" data-end=\"1043\">\u0429\u0435\u043f\u043b\u0435\u043d\u043d\u044f \u043f\u043b\u043e\u0434\u043e\u0432\u0438\u0445 \u0434\u0435\u0440\u0435\u0432<\/strong> - \u041d\u0435\u0437\u0430\u043c\u0456\u043d\u043d\u0438\u0439 \u043f\u0440\u0438 \u0449\u0435\u043f\u043b\u0435\u043d\u043d\u0456 \u043a\u043b\u0438\u043d\u043e\u0432\u0438\u0434\u043d\u0438\u043c \u043c\u0435\u0442\u043e\u0434\u043e\u043c, \u0434\u043e\u0437\u0432\u043e\u043b\u044f\u0454 \u0442\u043e\u0447\u043d\u043e \u0440\u043e\u0437\u0449\u0435\u043f\u043b\u044e\u0432\u0430\u0442\u0438 \u043f\u0456\u0434\u0449\u0435\u043f\u0443.<\/li>\n<li data-start=\"1149\" data-end=\"1251\"><strong data-start=\"1151\" data-end=\"1173\">\u0420\u043e\u0431\u043e\u0442\u0430 \u0432 \u0440\u043e\u0437\u0441\u0430\u0434\u043d\u0438\u043a\u0443<\/strong> - \u0421\u043f\u0440\u0438\u044f\u0454 \u0442\u043e\u0447\u043d\u043e\u043c\u0443 \u043f\u0440\u0438\u0449\u0435\u043f\u043b\u0435\u043d\u043d\u044e \u0443 \u0432\u0438\u0440\u043e\u0431\u043d\u0438\u0446\u0442\u0432\u0456 \u0444\u0440\u0443\u043a\u0442\u043e\u0432\u0438\u0445 \u0434\u0435\u0440\u0435\u0432.<\/li>\n<li data-start=\"1252\" data-end=\"1368\"><strong data-start=\"1254\" data-end=\"1279\">\u0414\u043e\u0433\u043b\u044f\u0434\u043e\u0432\u0456 \u043f\u0440\u043e\u0446\u0435\u0434\u0443\u0440\u0438<\/strong> - \u0412\u0438\u043a\u043e\u0440\u0438\u0441\u0442\u043e\u0432\u0443\u0454\u0442\u044c\u0441\u044f \u0432 \u0441\u0430\u0434\u0430\u0445 \u0434\u043b\u044f \u0431\u0443\u0434\u044c-\u044f\u043a\u0438\u0445 \u0440\u043e\u0431\u0456\u0442, \u0449\u043e \u0432\u0438\u043c\u0430\u0433\u0430\u044e\u0442\u044c \u0440\u043e\u0437\u0449\u0435\u043f\u043b\u0435\u043d\u043d\u044f \u0433\u0456\u043b\u043e\u043a \u0430\u0431\u043e \u0441\u0442\u043e\u0432\u0431\u0443\u0440\u0456\u0432.<\/li>\n<\/ul>\n<h3 data-start=\"1375\" data-end=\"1421\">\u0427\u043e\u043c\u0443 \u0432\u0430\u0440\u0442\u043e \u0432\u0438\u0431\u0440\u0430\u0442\u0438 \u043a\u043b\u0438\u043d\u043e\u0432\u0438\u0439 \u043d\u0456\u0436 Due Buoi 275L?<\/h3>\n<p data-start=\"1422\" data-end=\"1844\" data-is-last-node=\"\" data-is-only-node=\"\">\u041a\u043b\u0438\u043d\u043e\u0432\u0438\u0439 \u043d\u0456\u0436 Due Buoi 275L - \u0446\u0435 \u043f\u0440\u043e\u0444\u0435\u0441\u0456\u0439\u043d\u0438\u0439 \u0456\u043d\u0441\u0442\u0440\u0443\u043c\u0435\u043d\u0442, \u044f\u043a\u0438\u0439 \u0437\u043d\u0430\u0447\u043d\u043e \u043f\u043e\u043a\u0440\u0430\u0449\u0443\u0454 \u0442\u0430 \u043f\u043e\u043b\u0435\u0433\u0448\u0443\u0454 \u0440\u043e\u0431\u043e\u0442\u0443 \u0437 \u043f\u0440\u0438\u0449\u0435\u043f\u043b\u0435\u043d\u043d\u044f \u043f\u043b\u043e\u0434\u043e\u0432\u0438\u0445 \u0434\u0435\u0440\u0435\u0432. \u041c\u0456\u0446\u043d\u0456\u0441\u0442\u044c, \u0442\u043e\u0447\u043d\u0456\u0441\u0442\u044c \u0442\u0430 \u0435\u0440\u0433\u043e\u043d\u043e\u043c\u0456\u0447\u043d\u0456\u0441\u0442\u044c \u0440\u043e\u0431\u043b\u044f\u0442\u044c \u0439\u043e\u0433\u043e \u043d\u0435\u0437\u0430\u043c\u0456\u043d\u043d\u0438\u043c \u0443 \u043a\u043e\u0436\u043d\u043e\u043c\u0443 \u0441\u0430\u0434\u0443 \u0442\u0430 \u0440\u043e\u0437\u0441\u0430\u0434\u043d\u0438\u043a\u0443 \u0444\u0440\u0443\u043a\u0442\u043e\u0432\u0438\u0445 \u0434\u0435\u0440\u0435\u0432. \u0412\u0456\u043d \u0437\u0430\u0431\u0435\u0437\u043f\u0435\u0447\u0443\u0454 \u0432\u043f\u0435\u0432\u043d\u0435\u043d\u0456\u0441\u0442\u044c \u0443 \u0432\u0438\u043a\u043e\u043d\u0430\u043d\u043d\u0456 \u0440\u043e\u0437\u0449\u0435\u043f\u043b\u0435\u043d\u043d\u044f, \u043c\u0456\u043d\u0456\u043c\u0456\u0437\u0443\u044e\u0447\u0438 \u0440\u0438\u0437\u0438\u043a \u043f\u043e\u0448\u043a\u043e\u0434\u0436\u0435\u043d\u043d\u044f \u0440\u043e\u0441\u043b\u0438\u043d\u0438 \u0456 \u043f\u0456\u0434\u0432\u0438\u0449\u0443\u044e\u0447\u0438 \u0435\u0444\u0435\u043a\u0442\u0438\u0432\u043d\u0456\u0441\u0442\u044c \u043f\u0440\u043e\u0446\u0435\u0434\u0443\u0440\u0438. \u0426\u0435 \u0456\u043d\u0432\u0435\u0441\u0442\u0438\u0446\u0456\u044f \u043d\u0430 \u0434\u043e\u0432\u0433\u0456 \u0440\u043e\u043a\u0438 \u0434\u043b\u044f \u0442\u0438\u0445, \u0445\u0442\u043e \u043f\u0440\u043e\u0444\u0435\u0441\u0456\u0439\u043d\u043e \u0437\u0430\u0439\u043c\u0430\u0454\u0442\u044c\u0441\u044f \u0441\u0430\u0434\u0456\u0432\u043d\u0438\u0446\u0442\u0432\u043e\u043c.<\/p>","protected":false},"excerpt":{"rendered":"<p>N\u00f3\u017c klinowy do rozszczepiania N\u00f3\u017c klinowy do rozszczepiania Due Buoi 275L to specjalistyczne narz\u0119dzie sadownicze, zaprojektowane z my\u015bl\u0105 o precyzyjnym i efektywnym rozszczepianiu pni i konar\u00f3w podczas wykonywania szczepie\u0144 drzew owocowych. Wysoka jako\u015b\u0107 wykonania i solidna konstrukcja sprawiaj\u0105, \u017ce jest to niezast\u0105pione narz\u0119dzie w ka\u017cdym gospodarstwie sadowniczym. Due Buoi (Dwa Wo\u0142y) to rodzinna firma za\u0142o\u017cona [&hellip;]<\/p>","protected":false},"featured_media":5870,"template":"","meta":{"site-sidebar-layout":"default","site-content-layout":"","ast-site-content-layout":"default","site-content-style":"default","site-sidebar-style":"default","ast-global-header-display":"","ast-banner-title-visibility":"","ast-main-header-display":"","ast-hfb-above-header-display":"","ast-hfb-below-header-display":"","ast-hfb-mobile-header-display":"","site-post-title":"","ast-breadcrumbs-content":"","ast-featured-img":"","footer-sml-layout":"","theme-transparent-header-meta":"default","adv-header-id-meta":"","stick-header-meta":"default","header-above-stick-meta":"","header-main-stick-meta":"","header-below-stick-meta":"","astra-migrate-meta-layouts":"set","ast-page-background-enabled":"default","ast-page-background-meta":{"desktop":{"background-color":"var(--ast-global-color-4)","background-image":"","background-repeat":"repeat","background-position":"center center","background-size":"auto","background-attachment":"scroll","background-type":"","background-media":"","overlay-type":"","overlay-color":"","overlay-opacity":"","overlay-gradient":""},"tablet":{"background-color":"","background-image":"","background-repeat":"repeat","background-position":"center center","background-size":"auto","background-attachment":"scroll","background-type":"","background-media":"","overlay-type":"","overlay-color":"","overlay-opacity":"","overlay-gradient":""},"mobile":{"background-color":"","background-image":"","background-repeat":"repeat","background-position":"center center","background-size":"auto","background-attachment":"scroll","background-type":"","background-media":"","overlay-type":"","overlay-color":"","overlay-opacity":"","overlay-gradient":""}},"ast-content-background-meta":{"desktop":{"background-color":"var(--ast-global-color-5)","background-image":"","background-repeat":"repeat","background-position":"center center","background-size":"auto","background-attachment":"scroll","background-type":"","background-media":"","overlay-type":"","overlay-color":"","overlay-opacity":"","overlay-gradient":""},"tablet":{"background-color":"var(--ast-global-color-5)","background-image":"","background-repeat":"repeat","background-position":"center center","background-size":"auto","background-attachment":"scroll","background-type":"","background-media":"","overlay-type":"","overlay-color":"","overlay-opacity":"","overlay-gradient":""},"mobile":{"background-color":"var(--ast-global-color-5)","background-image":"","background-repeat":"repeat","background-position":"center center","background-size":"auto","background-attachment":"scroll","background-type":"","background-media":"","overlay-type":"","overlay-color":"","overlay-opacity":"","overlay-gradient":""}}},"product_brand":[],"product_cat":[253,258],"product_tag":[],"class_list":{"0":"post-5867","1":"product","2":"type-product","3":"status-publish","4":"has-post-thumbnail","6":"product_cat-noze","7":"product_cat-reczne-narzedzia-ogrodnicze","8":"desktop-align-left","9":"tablet-align-left","10":"mobile-align-left","11":"ast-product-gallery-layout-horizontal","12":"ast-product-tabs-layout-horizontal","14":"first","15":"instock","16":"shipping-taxable","17":"product-type-simple"},"_links":{"self":[{"href":"https:\/\/wimar.net\/uk\/wp-json\/wp\/v2\/product\/5867","targetHints":{"allow":["GET"]}}],"collection":[{"href":"https:\/\/wimar.net\/uk\/wp-json\/wp\/v2\/product"}],"about":[{"href":"https:\/\/wimar.net\/uk\/wp-json\/wp\/v2\/types\/product"}],"version-history":[{"count":2,"href":"https:\/\/wimar.net\/uk\/wp-json\/wp\/v2\/product\/5867\/revisions"}],"predecessor-version":[{"id":7313,"href":"https:\/\/wimar.net\/uk\/wp-json\/wp\/v2\/product\/5867\/revisions\/7313"}],"wp:featuredmedia":[{"embeddable":true,"href":"https:\/\/wimar.net\/uk\/wp-json\/wp\/v2\/media\/5870"}],"wp:attachment":[{"href":"https:\/\/wimar.net\/uk\/wp-json\/wp\/v2\/media?parent=5867"}],"wp:term":[{"taxonomy":"product_brand","embeddable":true,"href":"https:\/\/wimar.net\/uk\/wp-json\/wp\/v2\/product_brand?post=5867"},{"taxonomy":"product_cat","embeddable":true,"href":"https:\/\/wimar.net\/uk\/wp-json\/wp\/v2\/product_cat?post=5867"},{"taxonomy":"product_tag","embeddable":true,"href":"https:\/\/wimar.net\/uk\/wp-json\/wp\/v2\/product_tag?post=5867"}],"curies":[{"name":"wp","href":"https:\/\/api.w.org\/{rel}","templated":true}]}}