{"id":5882,"date":"2025-03-19T10:37:07","date_gmt":"2025-03-19T09:37:07","guid":{"rendered":"https:\/\/wimar.net\/?post_type=product&#038;p=5882"},"modified":"2025-03-19T11:03:05","modified_gmt":"2025-03-19T10:03:05","slug":"%d1%83%d0%bd%d1%96%d0%b2%d0%b5%d1%80%d1%81%d0%b0%d0%bb%d1%8c%d0%bd%d0%b8%d0%b9-%d1%81%d0%b5%d0%ba%d0%b0%d1%82%d0%be%d1%80-due-buoi-22%d1%81%d0%bc","status":"publish","type":"product","link":"https:\/\/wimar.net\/uk\/product-2\/%d1%83%d0%bd%d1%96%d0%b2%d0%b5%d1%80%d1%81%d0%b0%d0%bb%d1%8c%d0%bd%d0%b8%d0%b9-%d1%81%d0%b5%d0%ba%d0%b0%d1%82%d0%be%d1%80-due-buoi-22%d1%81%d0%bc\/","title":{"rendered":"\u041a\u043b\u0430\u0441\u0438\u0447\u043d\u0438\u0439 \u0441\u0435\u043a\u0430\u0442\u043e\u0440 Due Buoi 134\/25L PALERMO"},"content":{"rendered":"<h3 data-start=\"0\" data-end=\"298\">\u0420\u0443\u0447\u043d\u0438\u0439 \u0441\u0435\u043a\u0430\u0442\u043e\u0440, \u0441\u0430\u0434\u043e\u0432\u0438\u0439<\/h3>\n<p data-start=\"0\" data-end=\"298\">\u041a\u043b\u0430\u0441\u0438\u0447\u043d\u0438\u0439 \u0441\u0435\u043a\u0430\u0442\u043e\u0440 - \u043d\u0435\u0437\u0430\u043c\u0456\u043d\u043d\u0438\u0439 \u0441\u0430\u0434\u043e\u0432\u0438\u0439 \u0456\u043d\u0441\u0442\u0440\u0443\u043c\u0435\u043d\u0442, \u0432\u0438\u0433\u043e\u0442\u043e\u0432\u043b\u0435\u043d\u0438\u0439 \u0437 \u043c\u0456\u0446\u043d\u0438\u0445 \u043c\u0430\u0442\u0435\u0440\u0456\u0430\u043b\u0456\u0432, \u044f\u043a\u0456 \u0437\u0430\u0431\u0435\u0437\u043f\u0435\u0447\u0443\u044e\u0442\u044c \u0442\u043e\u0447\u043d\u0435 \u0456 \u0437\u0440\u0443\u0447\u043d\u0435 \u0440\u0456\u0437\u0430\u043d\u043d\u044f. \u0412\u0456\u043d \u0456\u0434\u0435\u0430\u043b\u044c\u043d\u043e \u043f\u0456\u0434\u0445\u043e\u0434\u0438\u0442\u044c \u0434\u043b\u044f \u043f\u0440\u0438\u0441\u0430\u0434\u0438\u0431\u043d\u0438\u0445 \u0434\u0456\u043b\u044f\u043d\u043e\u043a, \u0441\u0430\u0434\u0456\u0432 \u0456 \u0440\u043e\u0437\u0441\u0430\u0434\u043d\u0438\u043a\u0456\u0432, \u043f\u043e\u043b\u0435\u0433\u0448\u0443\u044e\u0447\u0438 \u0434\u043e\u0433\u043b\u044f\u0434 \u0437\u0430 \u0434\u0435\u0440\u0435\u0432\u0430\u043c\u0438, \u043a\u0443\u0449\u0430\u043c\u0438 \u0442\u0430 \u043a\u0432\u0456\u0442\u0430\u043c\u0438.<\/p>\n<p data-start=\"0\" data-end=\"298\">Due Buoi (\u0414\u0432\u0430 \u0432\u043e\u043b\u0438) - \u0446\u0435 \u0441\u0456\u043c\u0435\u0439\u043d\u0438\u0439 \u0431\u0456\u0437\u043d\u0435\u0441, \u0437\u0430\u0441\u043d\u043e\u0432\u0430\u043d\u0438\u0439 \u0443 1884 \u0440\u043e\u0446\u0456 \u0432 \u0406\u0442\u0430\u043b\u0456\u0457, \u044f\u043a\u0438\u0439 \u0432\u0436\u0435 \u0447\u043e\u0442\u0438\u0440\u0438 \u043f\u043e\u043a\u043e\u043b\u0456\u043d\u043d\u044f \u0432\u0438\u0440\u043e\u0431\u043b\u044f\u0454 \u043d\u043e\u0436\u0456 \u0442\u0430 \u0456\u043d\u0441\u0442\u0440\u0443\u043c\u0435\u043d\u0442\u0438 \u0434\u043b\u044f \u0441\u0456\u043b\u044c\u0441\u044c\u043a\u043e\u0433\u043e \u0433\u043e\u0441\u043f\u043e\u0434\u0430\u0440\u0441\u0442\u0432\u0430. DueBuoi \u0440\u043e\u0437\u0440\u043e\u0431\u0438\u043b\u0430 \u0432\u043b\u0430\u0441\u043d\u0438\u0439 \u0440\u0435\u0442\u0435\u043b\u044c\u043d\u0438\u0439 \u043c\u0435\u0442\u043e\u0434 \u043e\u0431\u0440\u043e\u0431\u043a\u0438 \u043c\u0435\u0442\u0430\u043b\u0443\u00a0<em>\u0435\u043a\u0441\u0442\u0440\u0430-\u0434\u0443\u0440\u043e<\/em>\u0437\u0430\u0432\u0434\u044f\u043a\u0438 \u0447\u043e\u043c\u0443 \u043b\u0435\u0437\u0430 \u0432\u0438\u0433\u043e\u0442\u043e\u0432\u043b\u0435\u043d\u0438\u0445 \u043d\u043e\u0436\u0456\u0432 \u0456 \u0441\u0435\u043a\u0430\u0442\u043e\u0440\u0456\u0432 \u0437\u0431\u0435\u0440\u0456\u0433\u0430\u044e\u0442\u044c \u0441\u0432\u043e\u044e \u0432\u0438\u043d\u044f\u0442\u043a\u043e\u0432\u0443 \u043c\u0456\u0446\u043d\u0456\u0441\u0442\u044c. \u041a\u043e\u043c\u043f\u0430\u043d\u0456\u044f \u0437 \u041c\u0430\u043d\u044f\u0433\u043e (\u043c\u0456\u0441\u0442\u043e \u0441\u0442\u043e\u043b\u043e\u0432\u0438\u0445 \u043f\u0440\u0438\u0431\u043e\u0440\u0456\u0432) \u0432\u0456\u0434\u043e\u043c\u0430 \u0432 \u0406\u0442\u0430\u043b\u0456\u0457 \u0437\u0430\u0432\u0434\u044f\u043a\u0438 \u0432\u0438\u0440\u043e\u0431\u043d\u0438\u0446\u0442\u0432\u0443 \u043a\u0443\u0445\u043e\u043d\u043d\u0438\u0445 \u043d\u043e\u0436\u0456\u0432, \u043d\u043e\u0436\u0456\u0432 \u0434\u043b\u044f \u0441\u0430\u0434\u0456\u0432\u043d\u0438\u0446\u0442\u0432\u0430 \u0442\u0430 \u0432\u0438\u0436\u0438\u0432\u0430\u043d\u043d\u044f, \u0441\u0435\u043a\u0430\u0442\u043e\u0440\u0456\u0432 \u0442\u0430 \u0441\u043e\u043a\u0438\u0440.<\/p>\n<h3 data-start=\"300\" data-end=\"324\">\u041e\u0441\u043d\u043e\u0432\u043d\u0456 \u0445\u0430\u0440\u0430\u043a\u0442\u0435\u0440\u0438\u0441\u0442\u0438\u043a\u0438:<\/h3>\n<ul>\n<li style=\"text-align: left;\"><strong data-start=\"320\" data-end=\"336\">\u041d\u0430\u0434\u0456\u0439\u043d\u0456\u0441\u0442\u044c<\/strong> - \u0421\u0435\u043a\u0430\u0442\u043e\u0440 \u0432\u0438\u0433\u043e\u0442\u043e\u0432\u043b\u0435\u043d\u0438\u0439 \u0437 \u0432\u0438\u0441\u043e\u043a\u043e\u044f\u043a\u0456\u0441\u043d\u043e\u0457 \u0441\u0442\u0430\u043b\u0456, \u0441\u0442\u0456\u0439\u043a\u043e\u0457 \u0434\u043e \u043a\u043e\u0440\u043e\u0437\u0456\u0457 \u0442\u0430 \u043c\u0435\u0445\u0430\u043d\u0456\u0447\u043d\u0438\u0445 \u043f\u043e\u0448\u043a\u043e\u0434\u0436\u0435\u043d\u044c, \u0449\u043e \u0433\u0430\u0440\u0430\u043d\u0442\u0443\u0454 \u0442\u0440\u0438\u0432\u0430\u043b\u0438\u0439 \u0442\u0435\u0440\u043c\u0456\u043d \u0441\u043b\u0443\u0436\u0431\u0438 \u0456\u043d\u0441\u0442\u0440\u0443\u043c\u0435\u043d\u0442\u0443.<\/li>\n<li style=\"text-align: left;\"><strong data-start=\"471\" data-end=\"490\">\u0422\u043e\u0447\u043d\u0456\u0441\u0442\u044c \u0440\u0456\u0437\u0430\u043d\u043d\u044f<\/strong> - \u041b\u0435\u0437\u0430 \u0437\u0430\u0431\u0435\u0437\u043f\u0435\u0447\u0443\u044e\u0442\u044c \u0447\u0438\u0441\u0442\u0438\u0439 \u0456 \u0440\u0456\u0432\u043d\u0438\u0439 \u0437\u0440\u0456\u0437, \u0449\u043e \u043c\u0456\u043d\u0456\u043c\u0456\u0437\u0443\u0454 \u0440\u0438\u0437\u0438\u043a \u043f\u043e\u0448\u043a\u043e\u0434\u0436\u0435\u043d\u043d\u044f \u0440\u043e\u0441\u043b\u0438\u043d \u0456 \u043f\u0440\u0438\u0441\u043a\u043e\u0440\u044e\u0454 \u0457\u0445 \u0432\u0456\u0434\u043d\u043e\u0432\u043b\u0435\u043d\u043d\u044f.<\/li>\n<li style=\"text-align: left;\"><strong data-start=\"611\" data-end=\"634\">\u0415\u0440\u0433\u043e\u043d\u043e\u043c\u0456\u0447\u043d\u0430 \u0440\u0443\u0447\u043a\u0430<\/strong> - \u0417\u0430\u0431\u0435\u0437\u043f\u0435\u0447\u0443\u0454 \u043a\u043e\u043c\u0444\u043e\u0440\u0442 \u043d\u0430\u0432\u0456\u0442\u044c \u043f\u0456\u0434 \u0447\u0430\u0441 \u0442\u0440\u0438\u0432\u0430\u043b\u043e\u0457 \u0440\u043e\u0431\u043e\u0442\u0438, \u0437\u043c\u0435\u043d\u0448\u0443\u044e\u0447\u0438 \u0432\u0442\u043e\u043c\u0443 \u0440\u0443\u043a.<\/li>\n<li style=\"text-align: left;\"><strong data-start=\"730\" data-end=\"747\">\u0423\u043d\u0456\u0432\u0435\u0440\u0441\u0430\u043b\u044c\u043d\u0456\u0441\u0442\u044c<\/strong> - \u0406\u0434\u0435\u0430\u043b\u044c\u043d\u043e \u043f\u0456\u0434\u0445\u043e\u0434\u0438\u0442\u044c \u0434\u043b\u044f \u0437\u0440\u0456\u0437\u0430\u043d\u043d\u044f \u0433\u0456\u043b\u043e\u043a, \u0441\u0442\u0435\u0431\u0435\u043b, \u043a\u0432\u0456\u0442\u0456\u0432, \u0442\u0440\u0430\u0432 \u0456 \u043d\u0435\u0432\u0435\u043b\u0438\u043a\u0438\u0445 \u0447\u0430\u0433\u0430\u0440\u043d\u0438\u043a\u0456\u0432.<\/li>\n<li style=\"text-align: left;\"><strong data-start=\"841\" data-end=\"862\">\u041f\u043e\u043b\u0435\u0433\u0448\u0435\u043d\u0430 \u043a\u043e\u043d\u0441\u0442\u0440\u0443\u043a\u0446\u0456\u044f<\/strong> - \u0414\u043e\u0437\u0432\u043e\u043b\u044f\u0454 \u043b\u0435\u0433\u0448\u0435 \u043c\u0430\u043d\u0435\u0432\u0440\u0443\u0432\u0430\u0442\u0438 \u0456 \u0442\u043e\u0447\u043d\u043e \u043f\u0440\u0430\u0446\u044e\u0432\u0430\u0442\u0438 \u0443 \u0432\u0430\u0436\u043a\u043e\u0434\u043e\u0441\u0442\u0443\u043f\u043d\u0438\u0445 \u043c\u0456\u0441\u0446\u044f\u0445.<\/li>\n<li><strong>\u0417\u0430\u0433\u0430\u043b\u044c\u043d\u0430 \u0434\u043e\u0432\u0436\u0438\u043d\u0430<\/strong> - 25 \u0441\u043c<\/li>\n<li><strong>\u0411\u043b\u0435\u0439\u0434:<\/strong> \u0421\u0442\u0430\u043b\u044c C60<\/li>\n<li><strong>\u0422\u0432\u0435\u0440\u0434\u0456\u0441\u0442\u044c:<\/strong> HRC 57\/58<\/li>\n<li><strong>\u0411\u043b\u043e\u043a\u0443\u0432\u0430\u043b\u044c\u043d\u0438\u0439 \u043c\u0435\u0445\u0430\u043d\u0456\u0437\u043c:<\/strong> OT63<\/li>\n<li><strong>\u0412\u043e\u043b\u044c\u0442:<\/strong> \u0437\u0430\u0433\u0430\u0440\u0442\u043e\u0432\u0430\u043d\u0438\u0439 C45<\/li>\n<li><strong>\u0412\u043e\u043b\u044c\u0442:<\/strong> \u0412\u0406\u0426\u0415-\u041f\u0420\u0415\u0417\u0418\u0414\u0415\u041d\u0422<\/li>\n<li><strong>\u0421\u0438\u0441\u0442\u0435\u043c\u0430 \u0431\u043b\u043e\u043a\u0443\u0432\u0430\u043d\u043d\u044f:<\/strong> \u043d\u0435\u0439\u043b\u043e\u043d<\/li>\n<\/ul>\n<h3 data-start=\"995\" data-end=\"1012\">\u0417\u0430\u044f\u0432\u043a\u0430:<\/h3>\n<ul data-start=\"1014\" data-end=\"1347\">\n<li data-start=\"956\" data-end=\"1058\"><strong data-start=\"958\" data-end=\"988\">\u041e\u0431\u0440\u0456\u0437\u043a\u0430 \u0433\u0456\u043b\u043e\u043a \u0456 \u043f\u0430\u0433\u043e\u043d\u0456\u0432<\/strong> - \u0406\u0434\u0435\u0430\u043b\u044c\u043d\u043e \u043f\u0456\u0434\u0445\u043e\u0434\u0438\u0442\u044c \u0434\u043b\u044f \u0444\u043e\u0440\u043c\u0443\u0432\u0430\u043d\u043d\u044f \u0440\u043e\u0441\u043b\u0438\u043d \u0456 \u043f\u0456\u0434\u0442\u0440\u0438\u043c\u0430\u043d\u043d\u044f \u043f\u043e\u0440\u044f\u0434\u043a\u0443 \u0432 \u0441\u0430\u0434\u0443.<\/li>\n<li data-start=\"1059\" data-end=\"1151\"><strong data-start=\"1061\" data-end=\"1086\">\u0417\u0440\u0456\u0437\u0430\u043d\u043d\u044f \u043a\u0432\u0456\u0442\u0456\u0432 \u0456 \u0442\u0440\u0430\u0432<\/strong> - \u0412\u0456\u043d \u0434\u043e\u0431\u0440\u0435 \u0440\u043e\u0441\u0442\u0435 \u044f\u043a \u0432 \u0434\u0435\u043a\u043e\u0440\u0430\u0442\u0438\u0432\u043d\u0438\u0445, \u0442\u0430\u043a \u0456 \u0432 \u043e\u0432\u043e\u0447\u0435\u0432\u0438\u0445 \u0441\u0430\u0434\u0430\u0445.<\/li>\n<li data-start=\"1152\" data-end=\"1277\"><strong data-start=\"1154\" data-end=\"1197\">\u0414\u043e\u0433\u043b\u044f\u0434 \u0437\u0430 \u043a\u0443\u0449\u0430\u043c\u0438 \u0442\u0430 \u043f\u043b\u043e\u0434\u043e\u0432\u0438\u043c\u0438 \u0434\u0435\u0440\u0435\u0432\u0430\u043c\u0438<\/strong> - \u041d\u0435\u0437\u0430\u043c\u0456\u043d\u043d\u0438\u0439 \u043f\u0440\u0438 \u0444\u043e\u0440\u043c\u0443\u0432\u0430\u043d\u043d\u0456 \u0442\u0430 \u0432\u0438\u0434\u0430\u043b\u0435\u043d\u043d\u0456 \u0441\u0443\u0445\u0438\u0445 \u0430\u0431\u043e \u043f\u043e\u0448\u043a\u043e\u0434\u0436\u0435\u043d\u0438\u0445 \u043f\u0430\u0433\u043e\u043d\u0456\u0432.<\/li>\n<li data-start=\"1278\" data-end=\"1379\"><strong data-start=\"1280\" data-end=\"1310\">\u0420\u043e\u0431\u043e\u0442\u0430 \u0432 \u0440\u043e\u0437\u0441\u0430\u0434\u043d\u0438\u043a\u0430\u0445 \u0456 \u0441\u0430\u0434\u0430\u0445<\/strong> - \u041f\u0440\u043e\u0444\u0435\u0441\u0456\u0439\u043d\u0430 \u043f\u0456\u0434\u0442\u0440\u0438\u043c\u043a\u0430 \u0449\u043e\u0434\u0435\u043d\u043d\u0438\u0445 \u043f\u0440\u043e\u0446\u0435\u0434\u0443\u0440 \u0434\u043e\u0433\u043b\u044f\u0434\u0443 \u0437\u0430 \u0448\u043a\u0456\u0440\u043e\u044e.<\/li>\n<\/ul>\n<h3 data-start=\"1381\" data-end=\"1427\">\u0427\u043e\u043c\u0443 \u0432\u0430\u0440\u0442\u043e \u043e\u0431\u0440\u0430\u0442\u0438 \u0441\u0435\u043a\u0430\u0442\u043e\u0440 PALERMO?<\/h3>\n<p data-start=\"1428\" data-end=\"1753\" data-is-last-node=\"\" data-is-only-node=\"\">\u0426\u0435\u0439 \u0441\u0435\u043a\u0430\u0442\u043e\u0440 - \u043f\u0440\u0430\u043a\u0442\u0438\u0447\u043d\u0438\u0439 \u0456 \u043d\u0430\u0434\u0456\u0439\u043d\u0438\u0439 \u0456\u043d\u0441\u0442\u0440\u0443\u043c\u0435\u043d\u0442, \u044f\u043a\u0438\u0439 \u043f\u043e\u043b\u0435\u0433\u0448\u0443\u0454 \u0449\u043e\u0434\u0435\u043d\u043d\u0438\u0439 \u0434\u043e\u0433\u043b\u044f\u0434 \u0437\u0430 \u0440\u043e\u0441\u043b\u0438\u043d\u0430\u043c\u0438. \u041c\u0456\u0446\u043d\u0456\u0441\u0442\u044c, \u0442\u043e\u0447\u043d\u0456\u0441\u0442\u044c \u0456 \u0437\u0440\u0443\u0447\u043d\u0456\u0441\u0442\u044c \u0443 \u0432\u0438\u043a\u043e\u0440\u0438\u0441\u0442\u0430\u043d\u043d\u0456 \u0440\u043e\u0431\u043b\u044f\u0442\u044c \u0439\u043e\u0433\u043e \u0447\u0443\u0434\u043e\u0432\u0438\u043c \u0432\u0438\u0431\u043e\u0440\u043e\u043c \u044f\u043a \u0434\u043b\u044f \u0441\u0430\u0434\u0456\u0432\u043d\u0438\u043a\u0456\u0432-\u043b\u044e\u0431\u0438\u0442\u0435\u043b\u0456\u0432, \u0442\u0430\u043a \u0456 \u0434\u043b\u044f \u043f\u0440\u043e\u0444\u0435\u0441\u0456\u043e\u043d\u0430\u043b\u0456\u0432. \u0412\u0456\u043d \u0440\u043e\u0431\u0438\u0442\u044c \u0440\u043e\u0431\u043e\u0442\u0443 \u0432 \u0441\u0430\u0434\u0443 \u0448\u0432\u0438\u0434\u0448\u043e\u044e, \u043b\u0435\u0433\u0448\u043e\u044e \u0442\u0430 \u0435\u0444\u0435\u043a\u0442\u0438\u0432\u043d\u0456\u0448\u043e\u044e.<\/p>","protected":false},"excerpt":{"rendered":"<p>Sekator r\u0119czny, sadowniczy Sekator klasyczny do przycinania to niezast\u0105pione narz\u0119dzie ogrodnicze, wykonane z solidnych materia\u0142\u00f3w, kt\u00f3re zapewniaj\u0105 precyzyjne i wygodne ci\u0119cie. Idealnie sprawdzi si\u0119 zar\u00f3wno w ogrodach przydomowych, sadach, jak i w szk\u00f3\u0142kach ro\u015blin, u\u0142atwiaj\u0105c piel\u0119gnacj\u0119 drzew, krzew\u00f3w i kwiat\u00f3w. Due Buoi (Dwa Wo\u0142y) to rodzinna firma za\u0142o\u017cona w 1884 roku we W\u0142oszech od czterech [&hellip;]<\/p>","protected":false},"featured_media":5886,"template":"","meta":{"site-sidebar-layout":"default","site-content-layout":"","ast-site-content-layout":"default","site-content-style":"default","site-sidebar-style":"default","ast-global-header-display":"","ast-banner-title-visibility":"","ast-main-header-display":"","ast-hfb-above-header-display":"","ast-hfb-below-header-display":"","ast-hfb-mobile-header-display":"","site-post-title":"","ast-breadcrumbs-content":"","ast-featured-img":"","footer-sml-layout":"","theme-transparent-header-meta":"default","adv-header-id-meta":"","stick-header-meta":"default","header-above-stick-meta":"","header-main-stick-meta":"","header-below-stick-meta":"","astra-migrate-meta-layouts":"set","ast-page-background-enabled":"default","ast-page-background-meta":{"desktop":{"background-color":"var(--ast-global-color-4)","background-image":"","background-repeat":"repeat","background-position":"center center","background-size":"auto","background-attachment":"scroll","background-type":"","background-media":"","overlay-type":"","overlay-color":"","overlay-opacity":"","overlay-gradient":""},"tablet":{"background-color":"","background-image":"","background-repeat":"repeat","background-position":"center center","background-size":"auto","background-attachment":"scroll","background-type":"","background-media":"","overlay-type":"","overlay-color":"","overlay-opacity":"","overlay-gradient":""},"mobile":{"background-color":"","background-image":"","background-repeat":"repeat","background-position":"center center","background-size":"auto","background-attachment":"scroll","background-type":"","background-media":"","overlay-type":"","overlay-color":"","overlay-opacity":"","overlay-gradient":""}},"ast-content-background-meta":{"desktop":{"background-color":"var(--ast-global-color-5)","background-image":"","background-repeat":"repeat","background-position":"center center","background-size":"auto","background-attachment":"scroll","background-type":"","background-media":"","overlay-type":"","overlay-color":"","overlay-opacity":"","overlay-gradient":""},"tablet":{"background-color":"var(--ast-global-color-5)","background-image":"","background-repeat":"repeat","background-position":"center center","background-size":"auto","background-attachment":"scroll","background-type":"","background-media":"","overlay-type":"","overlay-color":"","overlay-opacity":"","overlay-gradient":""},"mobile":{"background-color":"var(--ast-global-color-5)","background-image":"","background-repeat":"repeat","background-position":"center center","background-size":"auto","background-attachment":"scroll","background-type":"","background-media":"","overlay-type":"","overlay-color":"","overlay-opacity":"","overlay-gradient":""}}},"product_brand":[],"product_cat":[258,251],"product_tag":[],"class_list":{"0":"post-5882","1":"product","2":"type-product","3":"status-publish","4":"has-post-thumbnail","6":"product_cat-reczne-narzedzia-ogrodnicze","7":"product_cat-sekatory-reczne","8":"desktop-align-left","9":"tablet-align-left","10":"mobile-align-left","11":"ast-product-gallery-layout-horizontal","12":"ast-product-gallery-with-no-image","13":"ast-product-tabs-layout-horizontal","15":"first","16":"instock","17":"shipping-taxable","18":"product-type-simple"},"_links":{"self":[{"href":"https:\/\/wimar.net\/uk\/wp-json\/wp\/v2\/product\/5882","targetHints":{"allow":["GET"]}}],"collection":[{"href":"https:\/\/wimar.net\/uk\/wp-json\/wp\/v2\/product"}],"about":[{"href":"https:\/\/wimar.net\/uk\/wp-json\/wp\/v2\/types\/product"}],"version-history":[{"count":3,"href":"https:\/\/wimar.net\/uk\/wp-json\/wp\/v2\/product\/5882\/revisions"}],"predecessor-version":[{"id":5887,"href":"https:\/\/wimar.net\/uk\/wp-json\/wp\/v2\/product\/5882\/revisions\/5887"}],"wp:featuredmedia":[{"embeddable":true,"href":"https:\/\/wimar.net\/uk\/wp-json\/wp\/v2\/media\/5886"}],"wp:attachment":[{"href":"https:\/\/wimar.net\/uk\/wp-json\/wp\/v2\/media?parent=5882"}],"wp:term":[{"taxonomy":"product_brand","embeddable":true,"href":"https:\/\/wimar.net\/uk\/wp-json\/wp\/v2\/product_brand?post=5882"},{"taxonomy":"product_cat","embeddable":true,"href":"https:\/\/wimar.net\/uk\/wp-json\/wp\/v2\/product_cat?post=5882"},{"taxonomy":"product_tag","embeddable":true,"href":"https:\/\/wimar.net\/uk\/wp-json\/wp\/v2\/product_tag?post=5882"}],"curies":[{"name":"wp","href":"https:\/\/api.w.org\/{rel}","templated":true}]}}