{"id":5915,"date":"2025-03-20T08:25:20","date_gmt":"2025-03-20T07:25:20","guid":{"rendered":"https:\/\/wimar.net\/?post_type=product&#038;p=5915"},"modified":"2025-03-20T08:45:31","modified_gmt":"2025-03-20T07:45:31","slug":"30-%d1%81%d0%bc-%d0%b3%d0%b2%d0%b8%d0%bd%d1%82%d0%be%d0%b2%d0%b8%d0%b9-%d1%88%d1%82%d0%b8%d1%84%d1%82-%d0%b4%d0%bb%d1%8f-%d0%bd%d0%b0%d0%bc%d0%b5%d1%82%d0%be%d0%b2%d0%be%d0%b3%d0%be-%d1%84%d0%bb%d1%96","status":"publish","type":"product","link":"https:\/\/wimar.net\/uk\/product-2\/30-%d1%81%d0%bc-%d0%b3%d0%b2%d0%b8%d0%bd%d1%82%d0%be%d0%b2%d0%b8%d0%b9-%d1%88%d1%82%d0%b8%d1%84%d1%82-%d0%b4%d0%bb%d1%8f-%d0%bd%d0%b0%d0%bc%d0%b5%d1%82%d0%be%d0%b2%d0%be%d0%b3%d0%be-%d1%84%d0%bb%d1%96\/","title":{"rendered":"\u0428\u043f\u0438\u043b\u044c\u043a\u0430 \u0434\u043b\u044f \u0444\u043b\u0456\u0441\u0443, \u043d\u0430\u043c\u0435\u0442\u0456\u0432, \u0432\u043a\u0440\u0443\u0447\u0443\u0454\u0442\u044c\u0441\u044f \u0437 \u043f\u043b\u0430\u0441\u0442\u0438\u043a\u043e\u0432\u0438\u043c \u043a\u043e\u0432\u043f\u0430\u0447\u043a\u043e\u043c 30\u0441\u043c"},"content":{"rendered":"<h3 data-start=\"0\" data-end=\"80\"><strong data-start=\"0\" data-end=\"78\">\u0417\u0430\u0442\u0438\u0441\u043a\u043d\u0438\u0439 \u0448\u0442\u0438\u0444\u0442<\/strong><\/h3>\n<p data-start=\"42\" data-end=\"307\">\u0413\u0432\u0438\u043d\u0442\u043e\u0432\u0438\u0439 \u043a\u0440\u0456\u043f\u0438\u043b\u044c\u043d\u0438\u0439 \u0448\u0442\u0438\u0444\u0442 30 \u0441\u043c \u0437 \u043f\u043b\u0430\u0441\u0442\u0438\u043a\u043e\u0432\u0438\u043c \u043a\u043e\u0432\u043f\u0430\u0447\u043a\u043e\u043c - \u0446\u0435 \u043d\u0430\u0434\u0456\u0439\u043d\u0435 \u0456 \u043f\u0440\u0430\u043a\u0442\u0438\u0447\u043d\u0435 \u0440\u0456\u0448\u0435\u043d\u043d\u044f \u0434\u043b\u044f \u0444\u0456\u043a\u0441\u0430\u0446\u0456\u0457 \u0430\u0433\u0440\u043e\u0442\u0435\u043a\u0441\u0442\u0438\u043b\u044e, \u0444\u043b\u0456\u0441\u0443, \u043f\u043b\u0456\u0432\u043a\u0438, \u043d\u0430\u043c\u0435\u0442\u0456\u0432 \u0430\u0431\u043e \u0434\u0435\u043a\u043e\u0440\u0430\u0442\u0438\u0432\u043d\u0438\u0445 \u0435\u043b\u0435\u043c\u0435\u043d\u0442\u0456\u0432 \u0432 \u0441\u0430\u0434\u0443 \u0456 \u043d\u0430 \u043f\u0440\u0438\u0441\u0430\u0434\u0438\u0431\u043d\u0456\u0439 \u0434\u0456\u043b\u044f\u043d\u0446\u0456. \u041c\u0456\u0446\u043d\u0430 \u043a\u043e\u043d\u0441\u0442\u0440\u0443\u043a\u0446\u0456\u044f \u0437\u0456 \u0441\u0442\u0456\u0439\u043a\u0438\u0445 \u0434\u043e \u043a\u043e\u0440\u043e\u0437\u0456\u0457 \u0442\u0430 \u0443\u043b\u044c\u0442\u0440\u0430\u0444\u0456\u043e\u043b\u0435\u0442\u043e\u0432\u043e\u0433\u043e \u0432\u0438\u043f\u0440\u043e\u043c\u0456\u043d\u044e\u0432\u0430\u043d\u043d\u044f \u043c\u0430\u0442\u0435\u0440\u0456\u0430\u043b\u0456\u0432 \u0433\u0430\u0440\u0430\u043d\u0442\u0443\u0454 \u0442\u0440\u0438\u0432\u0430\u043b\u0435 \u0432\u0438\u043a\u043e\u0440\u0438\u0441\u0442\u0430\u043d\u043d\u044f \u043d\u0430\u0432\u0456\u0442\u044c \u0443 \u0441\u0443\u0432\u043e\u0440\u0438\u0445 \u043f\u043e\u0433\u043e\u0434\u043d\u0438\u0445 \u0443\u043c\u043e\u0432\u0430\u0445. \u042f\u0441\u043a\u0440\u0430\u0432\u043e-\u043f\u043e\u043c\u0430\u0440\u0430\u043d\u0447\u0435\u0432\u0438\u0439 \u043f\u043b\u0430\u0441\u0442\u0438\u043a\u043e\u0432\u0438\u0439 \u043a\u043e\u0432\u043f\u0430\u0447\u043e\u043a \u0437\u0430\u0431\u0435\u0437\u043f\u0435\u0447\u0443\u0454 \u0445\u043e\u0440\u043e\u0448\u0443 \u0432\u0438\u0434\u0438\u043c\u0456\u0441\u0442\u044c \u0434\u043b\u044f \u043f\u0456\u0434\u0432\u0438\u0449\u0435\u043d\u043d\u044f \u0431\u0435\u0437\u043f\u0435\u043a\u0438 \u0432 \u043f\u043e\u043b\u0456.<\/p>\n<h3 data-start=\"309\" data-end=\"339\"><strong data-start=\"313\" data-end=\"337\">\u041e\u0441\u043d\u043e\u0432\u043d\u0456 \u0445\u0430\u0440\u0430\u043a\u0442\u0435\u0440\u0438\u0441\u0442\u0438\u043a\u0438:<\/strong><\/h3>\n<ul>\n<li data-start=\"326\" data-end=\"887\"><strong data-start=\"328\" data-end=\"347\">\u041c\u0456\u0446\u043d\u0438\u0439 \u043c\u0430\u0442\u0435\u0440\u0456\u0430\u043b<\/strong> - \u0412\u0438\u0433\u043e\u0442\u043e\u0432\u043b\u0435\u043d\u0438\u0439 \u0437\u0456 \u0441\u0442\u0456\u0439\u043a\u0438\u0445 \u0434\u043e \u043f\u043e\u0433\u043e\u0434\u043d\u0438\u0445 \u0443\u043c\u043e\u0432 \u0442\u0430 \u043f\u043e\u0448\u043a\u043e\u0434\u0436\u0435\u043d\u044c \u043c\u0430\u0442\u0435\u0440\u0456\u0430\u043b\u0456\u0432.<\/li>\n<li data-start=\"326\" data-end=\"887\"><strong data-start=\"564\" data-end=\"587\">\u041f\u043b\u0430\u0441\u0442\u0438\u043a\u043e\u0432\u0438\u0439 \u043a\u043e\u0432\u043f\u0430\u0447\u043e\u043a<\/strong> - \u0417\u0430\u0431\u0435\u0437\u043f\u0435\u0447\u0443\u0454 \u0431\u0435\u0437\u043f\u0435\u0447\u043d\u0435 \u0442\u0430 \u043a\u043e\u043c\u0444\u043e\u0440\u0442\u043d\u0435 \u0432\u0438\u043a\u043e\u0440\u0438\u0441\u0442\u0430\u043d\u043d\u044f, \u0437\u0430\u0445\u0438\u0449\u0430\u044e\u0447\u0438 \u0444\u043b\u0456\u0441 \u0432\u0456\u0434 \u043f\u043e\u0448\u043a\u043e\u0434\u0436\u0435\u043d\u044c.<\/li>\n<li data-start=\"326\" data-end=\"887\"><strong data-start=\"687\" data-end=\"717\">\u0423\u043d\u0456\u0432\u0435\u0440\u0441\u0430\u043b\u044c\u043d\u0456\u0441\u0442\u044c \u0437\u0430\u0441\u0442\u043e\u0441\u0443\u0432\u0430\u043d\u043d\u044f<\/strong> - \u0406\u0434\u0435\u0430\u043b\u044c\u043d\u043e \u043f\u0456\u0434\u0445\u043e\u0434\u0438\u0442\u044c \u044f\u043a \u0434\u043b\u044f \u0441\u0430\u0434\u0443, \u0442\u0430\u043a \u0456 \u0434\u043b\u044f \u043a\u0435\u043c\u043f\u0456\u043d\u0433\u0443, \u0434\u043b\u044f \u043a\u0440\u0456\u043f\u043b\u0435\u043d\u043d\u044f \u043d\u0430\u043c\u0435\u0442\u0456\u0432, \u043c\u043e\u0442\u0443\u0437\u043e\u043a \u0430\u0431\u043e \u0441\u0456\u0442\u043e\u043a.<\/li>\n<li data-start=\"326\" data-end=\"887\"><strong data-start=\"808\" data-end=\"825\">\u0414\u043e\u0432\u0436\u0438\u043d\u0430 <\/strong>- 30 \u0441\u043c<\/li>\n<\/ul>\n<h3 data-start=\"1013\" data-end=\"1036\"><strong data-start=\"1017\" data-end=\"1034\">\u0417\u0430\u044f\u0432\u043a\u0430:<\/strong><\/h3>\n<ul>\n<li data-start=\"913\" data-end=\"1043\"><strong data-start=\"915\" data-end=\"949\">\u0424\u0456\u043a\u0441\u0430\u0446\u0456\u044f \u0430\u0433\u0440\u043e\u0442\u0435\u043a\u0441\u0442\u0438\u043b\u044e \u0442\u0430 \u0444\u043b\u0456\u0441\u0443<\/strong> - \u0427\u0443\u0434\u043e\u0432\u043e \u043f\u0456\u0434\u0445\u043e\u0434\u0438\u0442\u044c \u0434\u043b\u044f \u0441\u0442\u0430\u0431\u0456\u043b\u0456\u0437\u0430\u0446\u0456\u0457 \u0444\u043b\u0456\u0441\u0443, \u0449\u043e \u0437\u0430\u0445\u0438\u0449\u0430\u0454 \u0440\u043e\u0441\u043b\u0438\u043d\u0438 \u0432\u0456\u0434 \u043c\u043e\u0440\u043e\u0437\u0443 \u0442\u0430 \u0431\u0443\u0440'\u044f\u043d\u0456\u0432.<\/li>\n<li data-start=\"1044\" data-end=\"1130\"><strong data-start=\"1046\" data-end=\"1064\">\u0421\u0430\u0434\u043e\u0432\u0456 \u0440\u043e\u0431\u043e\u0442\u0438<\/strong> - \u0406\u0434\u0435\u0430\u043b\u044c\u043d\u043e \u043f\u0456\u0434\u0445\u043e\u0434\u0438\u0442\u044c \u0434\u043b\u044f \u043a\u0440\u0456\u043f\u043b\u0435\u043d\u043d\u044f \u043f\u043b\u0456\u0432\u043e\u043a, \u0441\u0456\u0442\u043e\u043a, \u0441\u043e\u043d\u0446\u0435\u0437\u0430\u0445\u0438\u0441\u043d\u0438\u0445 \u043a\u0438\u043b\u0438\u043c\u043a\u0456\u0432 \u0456 \u0447\u043e\u0445\u043b\u0456\u0432.<\/li>\n<li data-start=\"1131\" data-end=\"1230\"><strong data-start=\"1133\" data-end=\"1164\">\u041a\u0435\u043c\u043f\u0456\u043d\u0433 \u0442\u0430 \u0435\u043a\u0441\u043f\u0435\u0434\u0438\u0446\u0456\u0457 \u043d\u0430 \u0441\u0432\u0456\u0436\u043e\u043c\u0443 \u043f\u043e\u0432\u0456\u0442\u0440\u0456<\/strong> - \u041d\u0435\u0437\u0430\u043c\u0456\u043d\u043d\u0456 \u0434\u043b\u044f \u0444\u0456\u043a\u0441\u0430\u0446\u0456\u0457 \u043d\u0430\u043c\u0435\u0442\u0456\u0432, \u0431\u0440\u0435\u0437\u0435\u043d\u0442\u0456\u0432, \u0442\u0435\u043d\u0442\u0456\u0432 \u0456 \u043c\u043e\u0442\u0443\u0437\u043e\u043a.<\/li>\n<li data-start=\"1231\" data-end=\"1349\"><strong data-start=\"1233\" data-end=\"1264\">\u0411\u0443\u0434\u0456\u0432\u043d\u0438\u0446\u0442\u0432\u043e \u0442\u0430 \u043e\u0437\u0434\u043e\u0431\u043b\u0435\u043d\u043d\u044f \u0441\u0430\u0434\u0443<\/strong> - \u0414\u043e\u043f\u043e\u043c\u0430\u0433\u0430\u0454 \u043f\u0440\u0438 \u0432\u0441\u0442\u0430\u043d\u043e\u0432\u043b\u0435\u043d\u043d\u0456 \u043b\u0435\u0433\u043a\u0438\u0445 \u043a\u043e\u043d\u0441\u0442\u0440\u0443\u043a\u0446\u0456\u0439 \u0430\u0431\u043e \u0434\u0435\u043a\u043e\u0440\u0430\u0446\u0456\u0439 \u0432 \u0441\u0430\u0434\u0443 \u0442\u0430 \u043d\u0430 \u0434\u0456\u043b\u044f\u043d\u0446\u0456.<\/li>\n<\/ul>\n<h3 data-start=\"1356\" data-end=\"1405\">\u0427\u043e\u043c\u0443 \u0432\u0430\u0440\u0442\u043e \u0432\u0438\u0431\u0440\u0430\u0442\u0438 \u0444\u0456\u043a\u0441\u0443\u044e\u0447\u0438\u0439 \u0448\u0442\u0438\u0444\u0442?<\/h3>\n<p data-start=\"1407\" data-end=\"1753\" data-is-last-node=\"\" data-is-only-node=\"\">\u0413\u0432\u0438\u043d\u0442\u043e\u0432\u0438\u0439 \u043a\u0440\u0456\u043f\u0438\u043b\u044c\u043d\u0438\u0439 \u0448\u0442\u0438\u0444\u0442 - \u0446\u0435 \u043f\u0440\u0430\u043a\u0442\u0438\u0447\u043d\u0435 \u0456 \u0434\u043e\u0432\u0433\u043e\u0432\u0456\u0447\u043d\u0435 \u0440\u0456\u0448\u0435\u043d\u043d\u044f, \u044f\u043a\u0435 \u0437\u0430\u0431\u0435\u0437\u043f\u0435\u0447\u0443\u0454 \u0448\u0432\u0438\u0434\u043a\u0435 \u0456 \u0441\u0442\u0430\u0431\u0456\u043b\u044c\u043d\u0435 \u043a\u0440\u0456\u043f\u043b\u0435\u043d\u043d\u044f \u0434\u043b\u044f \u0431\u0430\u0433\u0430\u0442\u044c\u043e\u0445 \u0441\u0430\u0434\u043e\u0432\u0438\u0445 \u0456 \u0437\u043e\u0432\u043d\u0456\u0448\u043d\u0456\u0445 \u0440\u043e\u0431\u0456\u0442. \u041c\u0456\u0446\u043d\u0430 \u043a\u043e\u043d\u0441\u0442\u0440\u0443\u043a\u0446\u0456\u044f, \u043f\u0440\u043e\u0441\u0442\u043e\u0442\u0430 \u0432\u0438\u043a\u043e\u0440\u0438\u0441\u0442\u0430\u043d\u043d\u044f \u0442\u0430 \u0441\u0442\u0456\u0439\u043a\u0456\u0441\u0442\u044c \u0434\u043e \u043f\u043e\u0433\u043e\u0434\u043d\u0438\u0445 \u0443\u043c\u043e\u0432 \u0440\u043e\u0431\u043b\u044f\u0442\u044c \u0439\u043e\u0433\u043e \u043d\u0435\u0437\u0430\u043c\u0456\u043d\u043d\u0438\u043c \u0456\u043d\u0441\u0442\u0440\u0443\u043c\u0435\u043d\u0442\u043e\u043c \u0434\u043b\u044f \u043a\u043e\u0436\u043d\u043e\u0433\u043e \u0441\u0430\u0434\u0456\u0432\u043d\u0438\u043a\u0430 \u0442\u0430 \u043b\u044e\u0431\u0438\u0442\u0435\u043b\u044f \u0432\u0456\u0434\u043f\u043e\u0447\u0438\u043d\u043a\u0443 \u043d\u0430 \u043f\u0440\u0438\u0440\u043e\u0434\u0456.<\/p>","protected":false},"excerpt":{"rendered":"<p>Szpilka mocuj\u0105ca Szpilka mocuj\u0105ca wkr\u0119cana 30 cm z plastikowym kapturkiem to solidne i praktyczne rozwi\u0105zanie do mocowania agrow\u0142\u00f3kniny,flizu, folii, namiot\u00f3w czy element\u00f3w dekoracyjnych w ogrodzie i na dzia\u0142ce. Jej wytrzyma\u0142a konstrukcja z materia\u0142\u00f3w odpornych na korozj\u0119 i promieniowanie UV gwarantuje d\u0142ugotrwa\u0142e u\u017cytkowanie nawet w trudnych warunkach atmosferycznych.\u00a0Jasnopomara\u0144czowy plastikowy kapturek zapewnia wysok\u0105 widoczno\u015b\u0107, co zwi\u0119ksza bezpiecze\u0144stwo [&hellip;]<\/p>","protected":false},"featured_media":5924,"template":"","meta":{"site-sidebar-layout":"default","site-content-layout":"","ast-site-content-layout":"default","site-content-style":"default","site-sidebar-style":"default","ast-global-header-display":"","ast-banner-title-visibility":"","ast-main-header-display":"","ast-hfb-above-header-display":"","ast-hfb-below-header-display":"","ast-hfb-mobile-header-display":"","site-post-title":"","ast-breadcrumbs-content":"","ast-featured-img":"","footer-sml-layout":"","theme-transparent-header-meta":"default","adv-header-id-meta":"","stick-header-meta":"default","header-above-stick-meta":"","header-main-stick-meta":"","header-below-stick-meta":"","astra-migrate-meta-layouts":"set","ast-page-background-enabled":"default","ast-page-background-meta":{"desktop":{"background-color":"var(--ast-global-color-4)","background-image":"","background-repeat":"repeat","background-position":"center center","background-size":"auto","background-attachment":"scroll","background-type":"","background-media":"","overlay-type":"","overlay-color":"","overlay-opacity":"","overlay-gradient":""},"tablet":{"background-color":"","background-image":"","background-repeat":"repeat","background-position":"center center","background-size":"auto","background-attachment":"scroll","background-type":"","background-media":"","overlay-type":"","overlay-color":"","overlay-opacity":"","overlay-gradient":""},"mobile":{"background-color":"","background-image":"","background-repeat":"repeat","background-position":"center center","background-size":"auto","background-attachment":"scroll","background-type":"","background-media":"","overlay-type":"","overlay-color":"","overlay-opacity":"","overlay-gradient":""}},"ast-content-background-meta":{"desktop":{"background-color":"var(--ast-global-color-5)","background-image":"","background-repeat":"repeat","background-position":"center center","background-size":"auto","background-attachment":"scroll","background-type":"","background-media":"","overlay-type":"","overlay-color":"","overlay-opacity":"","overlay-gradient":""},"tablet":{"background-color":"var(--ast-global-color-5)","background-image":"","background-repeat":"repeat","background-position":"center center","background-size":"auto","background-attachment":"scroll","background-type":"","background-media":"","overlay-type":"","overlay-color":"","overlay-opacity":"","overlay-gradient":""},"mobile":{"background-color":"var(--ast-global-color-5)","background-image":"","background-repeat":"repeat","background-position":"center center","background-size":"auto","background-attachment":"scroll","background-type":"","background-media":"","overlay-type":"","overlay-color":"","overlay-opacity":"","overlay-gradient":""}}},"product_brand":[],"product_cat":[244,479],"product_tag":[],"class_list":{"0":"post-5915","1":"product","2":"type-product","3":"status-publish","4":"has-post-thumbnail","6":"product_cat-kotwice-i-szpilki-do-mocowania","7":"product_cat-szpilki-mocujace-do-flizu","8":"desktop-align-left","9":"tablet-align-left","10":"mobile-align-left","11":"ast-product-gallery-layout-horizontal","12":"ast-product-tabs-layout-horizontal","14":"first","15":"instock","16":"shipping-taxable","17":"product-type-simple"},"_links":{"self":[{"href":"https:\/\/wimar.net\/uk\/wp-json\/wp\/v2\/product\/5915","targetHints":{"allow":["GET"]}}],"collection":[{"href":"https:\/\/wimar.net\/uk\/wp-json\/wp\/v2\/product"}],"about":[{"href":"https:\/\/wimar.net\/uk\/wp-json\/wp\/v2\/types\/product"}],"version-history":[{"count":4,"href":"https:\/\/wimar.net\/uk\/wp-json\/wp\/v2\/product\/5915\/revisions"}],"predecessor-version":[{"id":5925,"href":"https:\/\/wimar.net\/uk\/wp-json\/wp\/v2\/product\/5915\/revisions\/5925"}],"wp:featuredmedia":[{"embeddable":true,"href":"https:\/\/wimar.net\/uk\/wp-json\/wp\/v2\/media\/5924"}],"wp:attachment":[{"href":"https:\/\/wimar.net\/uk\/wp-json\/wp\/v2\/media?parent=5915"}],"wp:term":[{"taxonomy":"product_brand","embeddable":true,"href":"https:\/\/wimar.net\/uk\/wp-json\/wp\/v2\/product_brand?post=5915"},{"taxonomy":"product_cat","embeddable":true,"href":"https:\/\/wimar.net\/uk\/wp-json\/wp\/v2\/product_cat?post=5915"},{"taxonomy":"product_tag","embeddable":true,"href":"https:\/\/wimar.net\/uk\/wp-json\/wp\/v2\/product_tag?post=5915"}],"curies":[{"name":"wp","href":"https:\/\/api.w.org\/{rel}","templated":true}]}}