{"id":5955,"date":"2025-03-20T14:29:40","date_gmt":"2025-03-20T13:29:40","guid":{"rendered":"https:\/\/wimar.net\/?post_type=product&#038;p=5955"},"modified":"2025-03-20T14:32:31","modified_gmt":"2025-03-20T13:32:31","slug":"%d0%bf%d0%bb%d0%b0%d1%81%d1%82%d0%b8%d0%ba%d0%be%d0%b2%d1%96-%d0%bd%d0%b0%d1%82%d1%8f%d0%b6%d0%bd%d1%96-%d0%ba%d0%bb%d1%96%d1%89%d1%96-%d0%bd%d0%b0%d0%b1%d1%96%d1%80-%d0%b7%d0%b0%d1%85%d0%b2%d0%b0","status":"publish","type":"product","link":"https:\/\/wimar.net\/uk\/product-2\/%d0%bf%d0%bb%d0%b0%d1%81%d1%82%d0%b8%d0%ba%d0%be%d0%b2%d1%96-%d0%bd%d0%b0%d1%82%d1%8f%d0%b6%d0%bd%d1%96-%d0%ba%d0%bb%d1%96%d1%89%d1%96-%d0%bd%d0%b0%d0%b1%d1%96%d1%80-%d0%b7%d0%b0%d1%85%d0%b2%d0%b0\/","title":{"rendered":"\u041d\u0430\u0431\u0456\u0440 \u043f\u043b\u0430\u0441\u0442\u0438\u043a\u043e\u0432\u0438\u0445 \u043d\u0430\u0442\u044f\u0436\u043d\u0438\u0445 \u043a\u043b\u0456\u0449\u0456\u0432 Gripple"},"content":{"rendered":"<h3 data-start=\"0\" data-end=\"52\"><strong data-start=\"0\" data-end=\"50\">\u041f\u043b\u043e\u0441\u043a\u043e\u0433\u0443\u0431\u0446\u0456 \u043f\u043b\u0430\u0441\u0442\u0438\u043a\u043e\u0432\u0456 Gripper \u0434\u043b\u044f \u043d\u0430\u0442\u044f\u0433\u0443\u0432\u0430\u043d\u043d\u044f \u0434\u0440\u043e\u0442\u0443<\/strong><\/h3>\n<p data-start=\"54\" data-end=\"362\">\u041f\u043b\u043e\u0441\u043a\u043e\u0433\u0443\u0431\u0446\u0456 Gripple - \u0446\u0435 \u0456\u043d\u043d\u043e\u0432\u0430\u0446\u0456\u0439\u043d\u0435 \u0442\u0430 \u0434\u043e\u0432\u0433\u043e\u0432\u0456\u0447\u043d\u0435 \u0440\u0456\u0448\u0435\u043d\u043d\u044f \u0434\u043b\u044f \u0448\u0432\u0438\u0434\u043a\u043e\u0433\u043e \u0442\u0430 \u043b\u0435\u0433\u043a\u043e\u0433\u043e \u043d\u0430\u0442\u044f\u0433\u0443\u0432\u0430\u043d\u043d\u044f \u0434\u0440\u043e\u0442\u0443 \u0432 \u0441\u0430\u0434\u0456\u0432\u043d\u0438\u0446\u0442\u0432\u0456, \u0441\u0456\u043b\u044c\u0441\u044c\u043a\u043e\u043c\u0443 \u0433\u043e\u0441\u043f\u043e\u0434\u0430\u0440\u0441\u0442\u0432\u0456 \u0442\u0430 \u0431\u0443\u0434\u0456\u0432\u043d\u0438\u0446\u0442\u0432\u0456. \u0417\u0430\u0432\u0434\u044f\u043a\u0438 \u043f\u0435\u0440\u0435\u0434\u043e\u0432\u0456\u0439 \u0442\u0435\u0445\u043d\u043e\u043b\u043e\u0433\u0456\u0457 \u0441\u0430\u043c\u043e\u0431\u043b\u043e\u043a\u0443\u0432\u0430\u043d\u043d\u044f \u0432\u043e\u043d\u0438 \u0437\u0430\u0431\u0435\u0437\u043f\u0435\u0447\u0443\u044e\u0442\u044c \u043c\u0456\u0446\u043d\u0435 \u0442\u0430 \u043d\u0430\u0434\u0456\u0439\u043d\u0435 \u0437'\u0454\u0434\u043d\u0430\u043d\u043d\u044f, \u0443\u0441\u0443\u0432\u0430\u044e\u0447\u0438 \u043d\u0435\u043e\u0431\u0445\u0456\u0434\u043d\u0456\u0441\u0442\u044c \u0432\u0438\u043a\u043e\u0440\u0438\u0441\u0442\u0430\u043d\u043d\u044f \u0442\u0440\u0430\u0434\u0438\u0446\u0456\u0439\u043d\u0438\u0445 \u0432\u0443\u0437\u043b\u0456\u0432 \u0430\u0431\u043e \u0437\u0430\u0442\u0438\u0441\u043a\u0430\u0447\u0456\u0432.<\/p>\n<h3 data-start=\"364\" data-end=\"394\"><strong data-start=\"368\" data-end=\"392\">\u041e\u0441\u043d\u043e\u0432\u043d\u0456 \u0445\u0430\u0440\u0430\u043a\u0442\u0435\u0440\u0438\u0441\u0442\u0438\u043a\u0438:<\/strong><\/h3>\n<ul>\n<li data-start=\"396\" data-end=\"1028\"><strong data-start=\"398\" data-end=\"415\">\u0421\u0442\u0456\u0439\u043a\u0456\u0441\u0442\u044c:<\/strong> \u0412\u0438\u0433\u043e\u0442\u043e\u0432\u043b\u0435\u043d\u0438\u0439 \u0437 \u0432\u0438\u0441\u043e\u043a\u043e\u044f\u043a\u0456\u0441\u043d\u043e\u0433\u043e \u043f\u043b\u0430\u0441\u0442\u0438\u043a\u0443, \u0441\u0442\u0456\u0439\u043a\u043e\u0433\u043e \u0434\u043e \u0430\u0442\u043c\u043e\u0441\u0444\u0435\u0440\u043d\u0438\u0445 \u0432\u043f\u043b\u0438\u0432\u0456\u0432 \u0442\u0430 \u0443\u043b\u044c\u0442\u0440\u0430\u0444\u0456\u043e\u043b\u0435\u0442\u0443.<\/li>\n<li data-start=\"396\" data-end=\"1028\"><strong data-start=\"671\" data-end=\"689\">\u0423\u043d\u0456\u0432\u0435\u0440\u0441\u0430\u043b\u044c\u043d\u0456\u0441\u0442\u044c:<\/strong> \u0412\u043e\u043d\u0438 \u043f\u0456\u0434\u0445\u043e\u0434\u044f\u0442\u044c \u0434\u043b\u044f \u043f\u0440\u043e\u0432\u043e\u0434\u0456\u0432 \u0434\u0456\u0430\u043c\u0435\u0442\u0440\u043e\u043c \u0432\u0456\u0434 1,4 \u043c\u043c \u0434\u043e 6,0 \u043c\u043c, \u0449\u043e \u0440\u043e\u0431\u0438\u0442\u044c \u0457\u0445 \u0443\u043d\u0456\u0432\u0435\u0440\u0441\u0430\u043b\u044c\u043d\u0438\u043c \u0440\u0456\u0448\u0435\u043d\u043d\u044f\u043c \u0434\u043b\u044f \u0431\u0430\u0433\u0430\u0442\u044c\u043e\u0445 \u0437\u0430\u0441\u0442\u043e\u0441\u0443\u0432\u0430\u043d\u044c.<\/li>\n<li data-start=\"396\" data-end=\"1028\"><strong data-start=\"927\" data-end=\"940\">\u041d\u0430\u043f\u043e\u043b\u0435\u0433\u043b\u0438\u0432\u0456\u0441\u0442\u044c:<\/strong> \u0412\u043e\u043d\u0438 \u0437\u0430\u0431\u0435\u0437\u043f\u0435\u0447\u0443\u044e\u0442\u044c \u0442\u0440\u0438\u0432\u0430\u043b\u0443 \u0456 \u0441\u0442\u0430\u0431\u0456\u043b\u044c\u043d\u0443 \u0444\u0456\u043a\u0441\u0430\u0446\u0456\u044e, \u0437\u043c\u0435\u043d\u0448\u0443\u044e\u0447\u0438 \u043f\u043e\u0442\u0440\u0435\u0431\u0443 \u0432 \u0447\u0430\u0441\u0442\u043e\u043c\u0443 \u0440\u0435\u0433\u0443\u043b\u044e\u0432\u0430\u043d\u043d\u0456.<\/li>\n<li><strong>\u0423\u0432\u0456\u043c\u043a\u043d\u0443\u0442\u0438<\/strong> \u041d\u0430\u0442\u044f\u0433\u0443\u0432\u0430\u043d\u043d\u044f \u0434\u0440\u043e\u0442\u0443 \u0434\u043e 400 \u043a\u0433 \u0437 \u043c\u0456\u043d\u0456\u043c\u0430\u043b\u044c\u043d\u0438\u043c\u0438 \u0437\u0443\u0441\u0438\u043b\u043b\u044f\u043c\u0438<\/li>\n<li><strong>\u041b\u0435\u0433\u043a\u0435 \u0432\u0438\u0442\u044f\u0433\u0443\u0432\u0430\u043d\u043d\u044f<\/strong> \u0437 \u043c\u0435\u0445\u0430\u043d\u0456\u0437\u043c\u043e\u043c \u0441\u043f\u0456\u0432\u0432\u0456\u0434\u043d\u043e\u0448\u0435\u043d\u043d\u044f 6:1<\/li>\n<li><strong>\u0412\u0431\u0443\u0434\u043e\u0432\u0430\u043d\u0438\u0439 \u0456\u043d\u0434\u0438\u043a\u0430\u0442\u043e\u0440<\/strong> \u0434\u043b\u044f \u0442\u043e\u0447\u043d\u043e\u0433\u043e \u043d\u0430\u0442\u044f\u0433\u0443 \u0434\u043e 100 \u043a\u0433<\/li>\n<\/ul>\n<h3 data-start=\"1030\" data-end=\"1053\"><strong data-start=\"1034\" data-end=\"1051\">\u0417\u0430\u044f\u0432\u043a\u0430:<\/strong><\/h3>\n<ul>\n<li data-start=\"1055\" data-end=\"1456\"><strong data-start=\"1058\" data-end=\"1088\">\u0421\u0430\u0434\u0456\u0432\u043d\u0438\u0446\u0442\u0432\u043e \u0442\u0430 \u0432\u0438\u0440\u043e\u0449\u0443\u0432\u0430\u043d\u043d\u044f \u0444\u0440\u0443\u043a\u0442\u0456\u0432:<\/strong>\u00a0\u041d\u0430\u0442\u044f\u0433\u0443\u0432\u0430\u043d\u043d\u044f \u0434\u0440\u043e\u0442\u0443 \u0432 \u043a\u043e\u043d\u0441\u0442\u0440\u0443\u043a\u0446\u0456\u044f\u0445, \u0449\u043e \u043f\u0456\u0434\u0442\u0440\u0438\u043c\u0443\u044e\u0442\u044c \u0432\u0438\u043d\u043e\u0433\u0440\u0430\u0434\u043d\u0443 \u043b\u043e\u0437\u0443, \u0444\u0440\u0443\u043a\u0442\u043e\u0432\u0456 \u0434\u0435\u0440\u0435\u0432\u0430 \u0442\u0430 \u0437\u0430\u0445\u0438\u0441\u043d\u0456 \u0441\u0456\u0442\u043a\u0438.<\/li>\n<li data-start=\"1055\" data-end=\"1456\"><strong data-start=\"1191\" data-end=\"1205\">\u0421\u0456\u043b\u044c\u0441\u044c\u043a\u0435 \u0433\u043e\u0441\u043f\u043e\u0434\u0430\u0440\u0441\u0442\u0432\u043e:<\/strong>\u00a0\u0424\u0456\u043a\u0441\u0430\u0446\u0456\u044f \u0442\u0430 \u0440\u0435\u0433\u0443\u043b\u044e\u0432\u0430\u043d\u043d\u044f \u043f\u0440\u043e\u0432\u043e\u0434\u0456\u0432 \u0443 \u043f\u043b\u0430\u0441\u0442\u0438\u043a\u043e\u0432\u0438\u0445 \u0442\u0443\u043d\u0435\u043b\u044f\u0445, \u043f\u0430\u0441\u043e\u0432\u0438\u0449\u0430\u0445 \u0442\u0430 \u0456\u0440\u0438\u0433\u0430\u0446\u0456\u0439\u043d\u0438\u0445 \u0441\u0438\u0441\u0442\u0435\u043c\u0430\u0445.<\/li>\n<li data-start=\"1055\" data-end=\"1456\"><strong data-start=\"1302\" data-end=\"1318\">\u0411\u0443\u0434\u0456\u0432\u043d\u0438\u0446\u0442\u0432\u043e:<\/strong>\u00a0\u0421\u0442\u0430\u0431\u0456\u043b\u0456\u0437\u0430\u0446\u0456\u044f \u043a\u0430\u0431\u0435\u043b\u0456\u0432 \u0456 \u043b\u0435\u0433\u043a\u0438\u0445 \u043a\u043e\u043d\u0441\u0442\u0440\u0443\u043a\u0446\u0456\u0439.<\/li>\n<li data-start=\"1055\" data-end=\"1456\"><strong data-start=\"1373\" data-end=\"1399\">\u041e\u0445\u043e\u0440\u043e\u043d\u0430 \u043e\u0431'\u0454\u043a\u0442\u0430:<\/strong>\u00a0\u041d\u0430\u0442\u044f\u0433\u0443\u0432\u0430\u043d\u043d\u044f \u0434\u0440\u043e\u0442\u0456\u0432 \u043e\u0433\u043e\u0440\u043e\u0436\u0456 \u0442\u0430 \u0441\u0438\u0441\u0442\u0435\u043c \u0431\u0435\u0437\u043f\u0435\u043a\u0438.<\/li>\n<\/ul>\n<h3 data-start=\"1458\" data-end=\"1518\"><strong data-start=\"1462\" data-end=\"1516\">\u0427\u043e\u043c\u0443 \u0432\u0430\u0440\u0442\u043e \u043e\u0431\u0440\u0430\u0442\u0438 \u043f\u043b\u0430\u0441\u0442\u0438\u043a\u043e\u0432\u0456 \u0449\u0438\u043f\u0446\u0456 Gripple?<\/strong><\/h3>\n<p data-start=\"1520\" data-end=\"1836\" data-is-last-node=\"\" data-is-only-node=\"\">\u041f\u043b\u043e\u0441\u043a\u043e\u0433\u0443\u0431\u0446\u0456 Gripple - \u0446\u0435 \u0441\u0443\u0447\u0430\u0441\u043d\u0430 \u0430\u043b\u044c\u0442\u0435\u0440\u043d\u0430\u0442\u0438\u0432\u0430 \u0442\u0440\u0430\u0434\u0438\u0446\u0456\u0439\u043d\u0438\u043c \u043c\u0435\u0442\u043e\u0434\u0430\u043c \u043d\u0430\u0442\u044f\u0433\u0443 \u0434\u0440\u043e\u0442\u0443. \u041c\u0456\u0446\u043d\u0456\u0441\u0442\u044c, \u043a\u043e\u0440\u043e\u0437\u0456\u0439\u043d\u0430 \u0441\u0442\u0456\u0439\u043a\u0456\u0441\u0442\u044c \u0456 \u043f\u0440\u043e\u0441\u0442\u043e\u0442\u0430 \u0432\u0438\u043a\u043e\u0440\u0438\u0441\u0442\u0430\u043d\u043d\u044f \u0440\u043e\u0431\u043b\u044f\u0442\u044c \u0457\u0445 \u0456\u0434\u0435\u0430\u043b\u044c\u043d\u0438\u043c \u0432\u0438\u0431\u043e\u0440\u043e\u043c \u044f\u043a \u0434\u043b\u044f \u043f\u0440\u043e\u0444\u0435\u0441\u0456\u043e\u043d\u0430\u043b\u0456\u0432, \u0442\u0430\u043a \u0456 \u0434\u043b\u044f \u0430\u043c\u0430\u0442\u043e\u0440\u0456\u0432.<\/p>","protected":false},"excerpt":{"rendered":"<p>Plastikowe kleszcze Gripple do napinania drutu Plastikowe kleszcze Gripple to innowacyjne i trwa\u0142e rozwi\u0105zanie do szybkiego i \u0142atwego napinania drut\u00f3w w ogrodnictwie, rolnictwie i budownictwie. Dzi\u0119ki zaawansowanej technologii samoblokuj\u0105cej zapewniaj\u0105 solidne i bezpieczne po\u0142\u0105czenie, eliminuj\u0105c konieczno\u015b\u0107 stosowania tradycyjnych w\u0119z\u0142\u00f3w czy zacisk\u00f3w. Najwa\u017cniejsze cechy: Wytrzyma\u0142o\u015b\u0107: Wykonane z wysokiej jako\u015bci tworzywa sztucznego odpornego na warunki atmosferyczne i [&hellip;]<\/p>","protected":false},"featured_media":4715,"template":"","meta":{"site-sidebar-layout":"default","site-content-layout":"","ast-site-content-layout":"default","site-content-style":"default","site-sidebar-style":"default","ast-global-header-display":"","ast-banner-title-visibility":"","ast-main-header-display":"","ast-hfb-above-header-display":"","ast-hfb-below-header-display":"","ast-hfb-mobile-header-display":"","site-post-title":"","ast-breadcrumbs-content":"","ast-featured-img":"","footer-sml-layout":"","theme-transparent-header-meta":"default","adv-header-id-meta":"","stick-header-meta":"default","header-above-stick-meta":"","header-main-stick-meta":"","header-below-stick-meta":"","astra-migrate-meta-layouts":"set","ast-page-background-enabled":"default","ast-page-background-meta":{"desktop":{"background-color":"var(--ast-global-color-4)","background-image":"","background-repeat":"repeat","background-position":"center center","background-size":"auto","background-attachment":"scroll","background-type":"","background-media":"","overlay-type":"","overlay-color":"","overlay-opacity":"","overlay-gradient":""},"tablet":{"background-color":"","background-image":"","background-repeat":"repeat","background-position":"center center","background-size":"auto","background-attachment":"scroll","background-type":"","background-media":"","overlay-type":"","overlay-color":"","overlay-opacity":"","overlay-gradient":""},"mobile":{"background-color":"","background-image":"","background-repeat":"repeat","background-position":"center center","background-size":"auto","background-attachment":"scroll","background-type":"","background-media":"","overlay-type":"","overlay-color":"","overlay-opacity":"","overlay-gradient":""}},"ast-content-background-meta":{"desktop":{"background-color":"var(--ast-global-color-5)","background-image":"","background-repeat":"repeat","background-position":"center center","background-size":"auto","background-attachment":"scroll","background-type":"","background-media":"","overlay-type":"","overlay-color":"","overlay-opacity":"","overlay-gradient":""},"tablet":{"background-color":"var(--ast-global-color-5)","background-image":"","background-repeat":"repeat","background-position":"center center","background-size":"auto","background-attachment":"scroll","background-type":"","background-media":"","overlay-type":"","overlay-color":"","overlay-opacity":"","overlay-gradient":""},"mobile":{"background-color":"var(--ast-global-color-5)","background-image":"","background-repeat":"repeat","background-position":"center center","background-size":"auto","background-attachment":"scroll","background-type":"","background-media":"","overlay-type":"","overlay-color":"","overlay-opacity":"","overlay-gradient":""}}},"product_brand":[],"product_cat":[310],"product_tag":[],"class_list":{"0":"post-5955","1":"product","2":"type-product","3":"status-publish","4":"has-post-thumbnail","6":"product_cat-kleszcze-plastikowe","7":"desktop-align-left","8":"tablet-align-left","9":"mobile-align-left","10":"ast-product-gallery-layout-horizontal","11":"ast-product-tabs-layout-horizontal","13":"first","14":"instock","15":"shipping-taxable","16":"product-type-simple"},"_links":{"self":[{"href":"https:\/\/wimar.net\/uk\/wp-json\/wp\/v2\/product\/5955","targetHints":{"allow":["GET"]}}],"collection":[{"href":"https:\/\/wimar.net\/uk\/wp-json\/wp\/v2\/product"}],"about":[{"href":"https:\/\/wimar.net\/uk\/wp-json\/wp\/v2\/types\/product"}],"version-history":[{"count":2,"href":"https:\/\/wimar.net\/uk\/wp-json\/wp\/v2\/product\/5955\/revisions"}],"predecessor-version":[{"id":7307,"href":"https:\/\/wimar.net\/uk\/wp-json\/wp\/v2\/product\/5955\/revisions\/7307"}],"wp:featuredmedia":[{"embeddable":true,"href":"https:\/\/wimar.net\/uk\/wp-json\/wp\/v2\/media\/4715"}],"wp:attachment":[{"href":"https:\/\/wimar.net\/uk\/wp-json\/wp\/v2\/media?parent=5955"}],"wp:term":[{"taxonomy":"product_brand","embeddable":true,"href":"https:\/\/wimar.net\/uk\/wp-json\/wp\/v2\/product_brand?post=5955"},{"taxonomy":"product_cat","embeddable":true,"href":"https:\/\/wimar.net\/uk\/wp-json\/wp\/v2\/product_cat?post=5955"},{"taxonomy":"product_tag","embeddable":true,"href":"https:\/\/wimar.net\/uk\/wp-json\/wp\/v2\/product_tag?post=5955"}],"curies":[{"name":"wp","href":"https:\/\/api.w.org\/{rel}","templated":true}]}}