{"id":6462,"date":"2025-03-25T13:11:34","date_gmt":"2025-03-25T12:11:34","guid":{"rendered":"https:\/\/wimar.net\/?post_type=product&#038;p=6462"},"modified":"2025-03-25T13:41:02","modified_gmt":"2025-03-25T12:41:02","slug":"%d0%b1%d0%b5%d1%82%d0%be%d0%bd%d0%bd%d1%96-%d1%81%d0%b0%d0%b4%d0%be%d0%b2%d1%96-%d1%81%d1%82%d0%be%d0%b2%d0%bf%d1%87%d0%b8%d0%ba%d0%b8-300%d1%81%d0%bc-%d0%bf%d0%b5%d1%80%d0%b5%d1%82%d0%b8%d0%bd%d0%be","status":"publish","type":"product","link":"https:\/\/wimar.net\/uk\/product-2\/%d0%b1%d0%b5%d1%82%d0%be%d0%bd%d0%bd%d1%96-%d1%81%d0%b0%d0%b4%d0%be%d0%b2%d1%96-%d1%81%d1%82%d0%be%d0%b2%d0%bf%d1%87%d0%b8%d0%ba%d0%b8-300%d1%81%d0%bc-%d0%bf%d0%b5%d1%80%d0%b5%d1%82%d0%b8%d0%bd%d0%be\/","title":{"rendered":"\u0411\u0435\u0442\u043e\u043d\u043d\u0456 \u0441\u0442\u043e\u0432\u043f\u0447\u0438\u043a\u0438 \u0434\u043b\u044f \u043f\u043e\u0441\u0430\u0434\u043a\u0438 300\u0441\u043c, \u043f\u0435\u0440\u0435\u0442\u0438\u043d 9\u04459\u0441\u043c \u041d\u0410 \u0417\u0410\u041c\u041e\u0412\u041b\u0415\u041d\u041d\u042f"},"content":{"rendered":"<h3 data-start=\"0\" data-end=\"51\"><strong data-start=\"0\" data-end=\"49\">\u0411\u0435\u0442\u043e\u043d\u043d\u0456 \u0441\u0442\u043e\u0432\u043f\u0447\u0438\u043a\u0438 \u0434\u043b\u044f \u0441\u0430\u0434\u0443<\/strong><\/h3>\n<p data-start=\"53\" data-end=\"324\">\u0411\u0435\u0442\u043e\u043d\u043d\u0456 \u0441\u0430\u0434\u043e\u0432\u0456 \u0441\u0442\u043e\u0432\u043f\u0447\u0438\u043a\u0438 - \u0446\u0435 \u043c\u0456\u0446\u043d\u0438\u0439 \u0456 \u043d\u0430\u0434\u0456\u0439\u043d\u0438\u0439 \u0431\u0443\u0434\u0456\u0432\u0435\u043b\u044c\u043d\u0438\u0439 \u0435\u043b\u0435\u043c\u0435\u043d\u0442, \u044f\u043a\u0438\u0439 \u0432\u0438\u043a\u043e\u0440\u0438\u0441\u0442\u043e\u0432\u0443\u0454\u0442\u044c\u0441\u044f \u0432 \u0441\u0430\u0434\u0456\u0432\u043d\u0438\u0446\u0442\u0432\u0456 \u0442\u0430 \u0441\u0456\u043b\u044c\u0441\u044c\u043a\u043e\u043c\u0443 \u0433\u043e\u0441\u043f\u043e\u0434\u0430\u0440\u0441\u0442\u0432\u0456. \u0417\u0430\u0432\u0434\u044f\u043a\u0438 \u0441\u0432\u043e\u0457\u0439 \u043c\u0456\u0446\u043d\u043e\u0441\u0442\u0456 \u0442\u0430 \u0441\u0442\u0456\u0439\u043a\u043e\u0441\u0442\u0456 \u0434\u043e \u0430\u0442\u043c\u043e\u0441\u0444\u0435\u0440\u043d\u0438\u0445 \u0432\u043f\u043b\u0438\u0432\u0456\u0432 \u0432\u043e\u043d\u0438 \u0456\u0434\u0435\u0430\u043b\u044c\u043d\u043e \u043f\u0456\u0434\u0445\u043e\u0434\u044f\u0442\u044c \u0434\u043b\u044f \u0431\u0443\u0434\u0456\u0432\u043d\u0438\u0446\u0442\u0432\u0430 \u043f\u043e\u0441\u0442\u0456\u0439\u043d\u0438\u0445 \u0440\u0438\u0448\u0442\u0443\u0432\u0430\u043d\u044c \u0434\u043b\u044f \u0441\u0430\u0434\u043e\u0432\u0438\u0445 \u043a\u0443\u043b\u044c\u0442\u0443\u0440, \u0442\u0430\u043a\u0438\u0445 \u044f\u043a \u044f\u0431\u043b\u0443\u043d\u0456, \u0433\u0440\u0443\u0448\u0456 \u0430\u0431\u043e \u043f\u043b\u0430\u043d\u0442\u0430\u0446\u0456\u0457 \u043c\u0430\u043b\u0438\u043d\u0438 \u0442\u0430 \u0441\u043c\u043e\u0440\u043e\u0434\u0438\u043d\u0438.<\/p>\n<h3 data-start=\"326\" data-end=\"356\"><strong data-start=\"330\" data-end=\"354\">\u041e\u0441\u043d\u043e\u0432\u043d\u0456 \u0445\u0430\u0440\u0430\u043a\u0442\u0435\u0440\u0438\u0441\u0442\u0438\u043a\u0438:<\/strong><\/h3>\n<ul>\n<li data-start=\"358\" data-end=\"966\"><strong data-start=\"356\" data-end=\"378\">\u041f\u0440\u0438\u0440\u043e\u0434\u043d\u0430 \u0434\u043e\u0432\u0433\u043e\u0432\u0456\u0447\u043d\u0456\u0441\u0442\u044c<\/strong> - \u0412\u0438\u0433\u043e\u0442\u043e\u0432\u043b\u0435\u043d\u0456 \u0437 \u0432\u0438\u0441\u043e\u043a\u043e\u044f\u043a\u0456\u0441\u043d\u043e\u0433\u043e \u0431\u0435\u0442\u043e\u043d\u0443, \u0432\u043e\u043d\u0438 \u0437\u0430\u0431\u0435\u0437\u043f\u0435\u0447\u0443\u044e\u0442\u044c \u0441\u0442\u0430\u0431\u0456\u043b\u044c\u043d\u0456\u0441\u0442\u044c \u0456 \u0431\u0430\u0433\u0430\u0442\u043e\u0440\u0456\u0447\u043d\u0443 \u0441\u0442\u0456\u0439\u043a\u0456\u0441\u0442\u044c \u0434\u043e \u043c\u0435\u0445\u0430\u043d\u0456\u0447\u043d\u0438\u0445 \u043f\u043e\u0448\u043a\u043e\u0434\u0436\u0435\u043d\u044c \u0456 \u043c\u0456\u043d\u043b\u0438\u0432\u0438\u0445 \u043f\u043e\u0433\u043e\u0434\u043d\u0438\u0445 \u0443\u043c\u043e\u0432.<\/li>\n<li data-start=\"358\" data-end=\"966\"><strong data-start=\"821\" data-end=\"837\">\u041d\u0430\u0434\u0456\u0439\u043d\u0456\u0441\u0442\u044c<\/strong> - \u0412\u043d\u0443\u0442\u0440\u0456\u0448\u043d\u0454 \u0430\u0440\u043c\u0443\u0432\u0430\u043d\u043d\u044f \u0437\u0430\u0431\u0435\u0437\u043f\u0435\u0447\u0443\u0454 \u0441\u0442\u0456\u0439\u043a\u0456\u0441\u0442\u044c \u0434\u043e \u0432\u0435\u043b\u0438\u043a\u0438\u0445 \u043d\u0430\u0432\u0430\u043d\u0442\u0430\u0436\u0435\u043d\u044c, \u0449\u043e \u0440\u043e\u0431\u0438\u0442\u044c \u0457\u0445 \u0456\u0434\u0435\u0430\u043b\u044c\u043d\u0438\u043c\u0438 \u0434\u043b\u044f \u0441\u0443\u0447\u0430\u0441\u043d\u0438\u0445 \u0441\u0430\u0434\u043e\u0432\u0438\u0445 \u0441\u0438\u0441\u0442\u0435\u043c.<\/li>\n<li data-start=\"358\" data-end=\"966\"><strong data-start=\"983\" data-end=\"1001\">\u0414\u043e\u0432\u0433\u043e\u043b\u0456\u0442\u0442\u044f<\/strong> - \u041f\u0456\u0441\u043b\u044f \u0432\u0441\u0442\u0430\u043d\u043e\u0432\u043b\u0435\u043d\u043d\u044f \u0441\u0442\u043e\u0432\u043f\u0438 \u043c\u043e\u0436\u0443\u0442\u044c \u0441\u043b\u0443\u0436\u0438\u0442\u0438 \u0434\u0435\u0441\u044f\u0442\u0438\u043b\u0456\u0442\u0442\u044f\u043c\u0438 \u0431\u0435\u0437 \u043d\u0435\u043e\u0431\u0445\u0456\u0434\u043d\u043e\u0441\u0442\u0456 \u0437\u0430\u043c\u0456\u043d\u0438.<\/li>\n<li data-start=\"358\" data-end=\"966\"><strong>\u0414\u043e\u0432\u0436\u0438\u043d\u0430<\/strong> - 300 \u0441\u043c<\/li>\n<li data-start=\"358\" data-end=\"966\"><strong>\u041f\u043e\u043f\u0435\u0440\u0435\u0447\u043d\u0438\u0439 \u043f\u0435\u0440\u0435\u0440\u0456\u0437<\/strong> - 9\u00d79 \u0441\u043c<\/li>\n<li data-start=\"358\" data-end=\"966\"><strong>\u041d\u0410 \u0417\u0410\u041c\u041e\u0412\u041b\u0415\u041d\u041d\u042f<\/strong><\/li>\n<\/ul>\n<h3 data-start=\"968\" data-end=\"991\"><strong data-start=\"972\" data-end=\"989\">\u0417\u0430\u044f\u0432\u043a\u0430:<\/strong><\/h3>\n<ul>\n<li data-start=\"993\" data-end=\"1407\"><strong data-start=\"1113\" data-end=\"1134\">\u041f\u043b\u043e\u0434\u043e\u0432\u0456 \u043a\u0443\u043b\u044c\u0442\u0443\u0440\u0438<\/strong> - \u0406\u0434\u0435\u0430\u043b\u044c\u043d\u043e \u043f\u0456\u0434\u0445\u043e\u0434\u0438\u0442\u044c \u0434\u043b\u044f \u043f\u0456\u0434\u0442\u0440\u0438\u043c\u043a\u0438 \u0444\u0440\u0443\u043a\u0442\u043e\u0432\u0438\u0445 \u0434\u0435\u0440\u0435\u0432 \u0443 \u044f\u0431\u043b\u0443\u043d\u0435\u0432\u0438\u0445, \u0433\u0440\u0443\u0448\u0435\u0432\u0438\u0445 \u0430\u0431\u043e \u0432\u0438\u0448\u043d\u0435\u0432\u0438\u0445 \u0441\u0430\u0434\u0430\u0445.<\/li>\n<li data-start=\"993\" data-end=\"1407\"><strong data-start=\"1234\" data-end=\"1265\">\u042f\u0433\u0456\u0434\u043d\u0456 \u043f\u043b\u0430\u043d\u0442\u0430\u0446\u0456\u0457<\/strong> - \u041d\u0435\u0437\u0430\u043c\u0456\u043d\u043d\u0438\u0439 \u0434\u043b\u044f \u043c\u0430\u043b\u0438\u043d\u0438, \u0441\u043c\u043e\u0440\u043e\u0434\u0438\u043d\u0438, \u0430\u0491\u0440\u0443\u0441\u0443 \u0430\u0431\u043e \u0432\u0438\u043d\u043e\u0433\u0440\u0430\u0434\u0443.<\/li>\n<li data-start=\"993\" data-end=\"1407\"><strong data-start=\"1485\" data-end=\"1529\">\u041e\u0433\u043e\u0440\u043e\u0436\u0456 \u0442\u0430 \u0434\u043e\u0432\u0433\u043e\u0432\u0456\u0447\u043d\u0456 \u0441\u0456\u043b\u044c\u0441\u044c\u043a\u043e\u0433\u043e\u0441\u043f\u043e\u0434\u0430\u0440\u0441\u044c\u043a\u0456 \u0441\u043f\u043e\u0440\u0443\u0434\u0438<\/strong> - \u0412\u043e\u043d\u0438 \u0442\u0430\u043a\u043e\u0436 \u043c\u043e\u0436\u0443\u0442\u044c \u0431\u0443\u0442\u0438 \u0432\u0438\u043a\u043e\u0440\u0438\u0441\u0442\u0430\u043d\u0456 \u043f\u0440\u0438 \u0431\u0443\u0434\u0456\u0432\u043d\u0438\u0446\u0442\u0432\u0456 \u043f\u0430\u0440\u043a\u0430\u043d\u0456\u0432 \u0430\u0431\u043e \u0456\u043d\u0448\u0438\u0445 \u043f\u043e\u0441\u0442\u0456\u0439\u043d\u0438\u0445 \u0441\u043f\u043e\u0440\u0443\u0434 \u0432 \u043f\u043e\u043b\u044c\u043e\u0432\u0438\u0445 \u0443\u043c\u043e\u0432\u0430\u0445.<\/li>\n<\/ul>\n<h3 class=\"\" data-start=\"1630\" data-end=\"1683\">\u0427\u043e\u043c\u0443 \u0432\u0430\u0440\u0442\u043e \u043e\u0431\u0438\u0440\u0430\u0442\u0438 \u0431\u0435\u0442\u043e\u043d\u043d\u0456 \u0441\u0442\u043e\u0432\u043f\u0447\u0438\u043a\u0438 \u0434\u043b\u044f \u0441\u0430\u0434\u0443?<\/h3>\n<p class=\"\" data-start=\"1685\" data-end=\"2039\">\u0411\u0435\u0442\u043e\u043d\u043d\u0456 \u0441\u0442\u043e\u0432\u043f\u0438 - \u0446\u0435 \u0456\u043d\u0432\u0435\u0441\u0442\u0438\u0446\u0456\u044f \u043d\u0430 \u0434\u043e\u0432\u0433\u0456 \u0440\u043e\u043a\u0438. \u0417\u0430\u0432\u0434\u044f\u043a\u0438 \u0441\u0432\u043e\u0457\u0439 \u0434\u043e\u0432\u0433\u043e\u0432\u0456\u0447\u043d\u043e\u0441\u0442\u0456 \u0442\u0430 \u0441\u0442\u0456\u0439\u043a\u043e\u0441\u0442\u0456 \u0434\u043e \u0437\u043e\u0432\u043d\u0456\u0448\u043d\u0456\u0445 \u0444\u0430\u043a\u0442\u043e\u0440\u0456\u0432, \u0432\u043e\u043d\u0438 \u0437\u0430\u0431\u0435\u0437\u043f\u0435\u0447\u0443\u044e\u0442\u044c \u0431\u0435\u0437\u043f\u0435\u043a\u0443 \u0432\u0440\u043e\u0436\u0430\u044e \u0442\u0430 \u043c\u0456\u043d\u0456\u043c\u0456\u0437\u0443\u044e\u0442\u044c \u0435\u043a\u0441\u043f\u043b\u0443\u0430\u0442\u0430\u0446\u0456\u0439\u043d\u0456 \u0432\u0438\u0442\u0440\u0430\u0442\u0438. \u0412\u043e\u043d\u0438 \u0441\u0442\u0430\u0431\u0456\u043b\u044c\u043d\u0456, \u0435\u043a\u043e\u043b\u043e\u0433\u0456\u0447\u043d\u0456 \u0442\u0430 \u0430\u0434\u0430\u043f\u0442\u043e\u0432\u0430\u043d\u0456 \u0434\u043e \u0441\u0443\u0447\u0430\u0441\u043d\u0438\u0445 \u0441\u0438\u0441\u0442\u0435\u043c \u0443\u043f\u0440\u0430\u0432\u043b\u0456\u043d\u043d\u044f \u043f\u043b\u0430\u043d\u0442\u0430\u0446\u0456\u044f\u043c\u0438. \u0412\u043e\u043d\u0438 \u0454 \u043d\u0435\u0437\u0430\u043c\u0456\u043d\u043d\u0438\u043c \u0435\u043b\u0435\u043c\u0435\u043d\u0442\u043e\u043c \u0431\u0443\u0434\u044c-\u044f\u043a\u043e\u0433\u043e \u043f\u0440\u043e\u0444\u0435\u0441\u0456\u0439\u043d\u043e\u0433\u043e \u0441\u0430\u0434\u0443 \u0430\u0431\u043e \u0444\u0435\u0440\u043c\u0435\u0440\u0441\u044c\u043a\u043e\u0433\u043e \u0433\u043e\u0441\u043f\u043e\u0434\u0430\u0440\u0441\u0442\u0432\u0430.<\/p>","protected":false},"excerpt":{"rendered":"<p>S\u0142upki sadownicze betonowe S\u0142upki sadownicze betonowe to solidny i niezawodny element konstrukcyjny wykorzystywany w sadownictwie i rolnictwie. Dzi\u0119ki swojej wytrzyma\u0142o\u015bci i odporno\u015bci na warunki atmosferyczne s\u0105 idealnym rozwi\u0105zaniem do budowy trwa\u0142ych rusztowa\u0144 dla upraw sadowniczych, takich jak jab\u0142onie, grusze czy plantacje malin i porzeczek. Najwa\u017cniejsze cechy: Naturalna trwa\u0142o\u015b\u0107 \u2013 Wykonane z wysokiej jako\u015bci betonu, zapewniaj\u0105 [&hellip;]<\/p>","protected":false},"featured_media":6464,"template":"","meta":{"site-sidebar-layout":"default","site-content-layout":"","ast-site-content-layout":"default","site-content-style":"default","site-sidebar-style":"default","ast-global-header-display":"","ast-banner-title-visibility":"","ast-main-header-display":"","ast-hfb-above-header-display":"","ast-hfb-below-header-display":"","ast-hfb-mobile-header-display":"","site-post-title":"","ast-breadcrumbs-content":"","ast-featured-img":"","footer-sml-layout":"","theme-transparent-header-meta":"default","adv-header-id-meta":"","stick-header-meta":"default","header-above-stick-meta":"","header-main-stick-meta":"","header-below-stick-meta":"","astra-migrate-meta-layouts":"set","ast-page-background-enabled":"default","ast-page-background-meta":{"desktop":{"background-color":"var(--ast-global-color-4)","background-image":"","background-repeat":"repeat","background-position":"center center","background-size":"auto","background-attachment":"scroll","background-type":"","background-media":"","overlay-type":"","overlay-color":"","overlay-opacity":"","overlay-gradient":""},"tablet":{"background-color":"","background-image":"","background-repeat":"repeat","background-position":"center center","background-size":"auto","background-attachment":"scroll","background-type":"","background-media":"","overlay-type":"","overlay-color":"","overlay-opacity":"","overlay-gradient":""},"mobile":{"background-color":"","background-image":"","background-repeat":"repeat","background-position":"center center","background-size":"auto","background-attachment":"scroll","background-type":"","background-media":"","overlay-type":"","overlay-color":"","overlay-opacity":"","overlay-gradient":""}},"ast-content-background-meta":{"desktop":{"background-color":"var(--ast-global-color-5)","background-image":"","background-repeat":"repeat","background-position":"center center","background-size":"auto","background-attachment":"scroll","background-type":"","background-media":"","overlay-type":"","overlay-color":"","overlay-opacity":"","overlay-gradient":""},"tablet":{"background-color":"var(--ast-global-color-5)","background-image":"","background-repeat":"repeat","background-position":"center center","background-size":"auto","background-attachment":"scroll","background-type":"","background-media":"","overlay-type":"","overlay-color":"","overlay-opacity":"","overlay-gradient":""},"mobile":{"background-color":"var(--ast-global-color-5)","background-image":"","background-repeat":"repeat","background-position":"center center","background-size":"auto","background-attachment":"scroll","background-type":"","background-media":"","overlay-type":"","overlay-color":"","overlay-opacity":"","overlay-gradient":""}}},"product_brand":[],"product_cat":[274],"product_tag":[],"class_list":{"0":"post-6462","1":"product","2":"type-product","3":"status-publish","4":"has-post-thumbnail","6":"product_cat-slupki-sadownicze-300cm-przekroj-9x9","7":"desktop-align-left","8":"tablet-align-left","9":"mobile-align-left","10":"ast-product-gallery-layout-horizontal","11":"ast-product-gallery-with-no-image","12":"ast-product-tabs-layout-horizontal","14":"first","15":"instock","16":"shipping-taxable","17":"product-type-simple"},"_links":{"self":[{"href":"https:\/\/wimar.net\/uk\/wp-json\/wp\/v2\/product\/6462","targetHints":{"allow":["GET"]}}],"collection":[{"href":"https:\/\/wimar.net\/uk\/wp-json\/wp\/v2\/product"}],"about":[{"href":"https:\/\/wimar.net\/uk\/wp-json\/wp\/v2\/types\/product"}],"version-history":[{"count":3,"href":"https:\/\/wimar.net\/uk\/wp-json\/wp\/v2\/product\/6462\/revisions"}],"predecessor-version":[{"id":6469,"href":"https:\/\/wimar.net\/uk\/wp-json\/wp\/v2\/product\/6462\/revisions\/6469"}],"wp:featuredmedia":[{"embeddable":true,"href":"https:\/\/wimar.net\/uk\/wp-json\/wp\/v2\/media\/6464"}],"wp:attachment":[{"href":"https:\/\/wimar.net\/uk\/wp-json\/wp\/v2\/media?parent=6462"}],"wp:term":[{"taxonomy":"product_brand","embeddable":true,"href":"https:\/\/wimar.net\/uk\/wp-json\/wp\/v2\/product_brand?post=6462"},{"taxonomy":"product_cat","embeddable":true,"href":"https:\/\/wimar.net\/uk\/wp-json\/wp\/v2\/product_cat?post=6462"},{"taxonomy":"product_tag","embeddable":true,"href":"https:\/\/wimar.net\/uk\/wp-json\/wp\/v2\/product_tag?post=6462"}],"curies":[{"name":"wp","href":"https:\/\/api.w.org\/{rel}","templated":true}]}}