{"id":6727,"date":"2025-05-21T14:48:06","date_gmt":"2025-05-21T12:48:06","guid":{"rendered":"https:\/\/wimar.net\/?post_type=product&#038;p=6727"},"modified":"2025-05-21T14:48:26","modified_gmt":"2025-05-21T12:48:26","slug":"%d1%81%d0%b8%d0%bb%d0%be%d1%81%d0%bd%d0%b0-%d0%bf%d0%bb%d1%96%d0%b2%d0%ba%d0%b0-3-%d1%88%d0%b0%d1%80%d0%b8-10%d0%bc-%d1%85-33%d0%bc-120-%d0%bc%d0%ba%d0%bc","status":"publish","type":"product","link":"https:\/\/wimar.net\/uk\/product-2\/%d1%81%d0%b8%d0%bb%d0%be%d1%81%d0%bd%d0%b0-%d0%bf%d0%bb%d1%96%d0%b2%d0%ba%d0%b0-3-%d1%88%d0%b0%d1%80%d0%b8-10%d0%bc-%d1%85-33%d0%bc-120-%d0%bc%d0%ba%d0%bc\/","title":{"rendered":"\u0421\u0438\u043b\u043e\u0441\u043d\u0430 \u043f\u043b\u0456\u0432\u043a\u0430 3 \u0448\u0430\u0440\u0438 10\u043c \u0445 33\u043c 120 \u043c\u043a\u043c"},"content":{"rendered":"<h3 data-start=\"0\" data-end=\"40\"><strong data-start=\"0\" data-end=\"38\">\u041f\u043b\u0456\u0432\u043a\u0430 \u0434\u043b\u044f \u0441\u0438\u043b\u043e\u0441\u043d\u0438\u0445 \u0431\u0443\u043d\u043a\u0435\u0440\u0456\u0432<\/strong><\/h3>\n<p class=\"\" data-start=\"0\" data-end=\"306\">\u041f\u043b\u0456\u0432\u043a\u0430 \u0434\u043b\u044f \u0441\u0438\u043b\u043e\u0441\u043d\u0438\u0445 \u0431\u0443\u043d\u043a\u0435\u0440\u0456\u0432 - \u043d\u0435\u0437\u0430\u043c\u0456\u043d\u043d\u0438\u0439 \u0435\u043b\u0435\u043c\u0435\u043d\u0442 \u043d\u0430 \u0431\u0443\u0434\u044c-\u044f\u043a\u0456\u0439 \u0441\u0438\u043b\u043e\u0441\u043d\u0456\u0439 \u0444\u0435\u0440\u043c\u0456. \u0412\u0438\u0433\u043e\u0442\u043e\u0432\u043b\u0435\u043d\u0430 \u0437 \u043c\u0456\u0446\u043d\u043e\u0433\u043e \u043f\u043b\u0430\u0441\u0442\u0438\u043a\u0443, \u0432\u043e\u043d\u0430 \u0435\u0444\u0435\u043a\u0442\u0438\u0432\u043d\u043e \u0437\u0430\u0445\u0438\u0449\u0430\u0454 \u0441\u0438\u043b\u043e\u0441 \u0432\u0456\u0434 \u043f\u043e\u0432\u0456\u0442\u0440\u044f, \u0432\u043e\u043b\u043e\u0433\u0438 \u0442\u0430 \u0443\u043b\u044c\u0442\u0440\u0430\u0444\u0456\u043e\u043b\u0435\u0442\u043e\u0432\u043e\u0433\u043e \u0432\u0438\u043f\u0440\u043e\u043c\u0456\u043d\u044e\u0432\u0430\u043d\u043d\u044f, \u0437\u0430\u0431\u0435\u0437\u043f\u0435\u0447\u0443\u044e\u0447\u0438 \u044f\u043a\u0456\u0441\u043d\u0435 \u0442\u0430 \u0442\u0440\u0438\u0432\u0430\u043b\u0435 \u0437\u0431\u0435\u0440\u0456\u0433\u0430\u043d\u043d\u044f.<\/p>\n<h3 class=\"\" data-start=\"313\" data-end=\"341\"><strong data-start=\"317\" data-end=\"341\">\u041e\u0441\u043d\u043e\u0432\u043d\u0456 \u0445\u0430\u0440\u0430\u043a\u0442\u0435\u0440\u0438\u0441\u0442\u0438\u043a\u0438:<\/strong><\/h3>\n<ul>\n<li><strong data-start=\"345\" data-end=\"374\">\u0415\u0444\u0435\u043a\u0442\u0438\u0432\u043d\u0438\u0439 \u043a\u0438\u0441\u043d\u0435\u0432\u0438\u0439 \u0431\u0430\u0440'\u0454\u0440<\/strong> - \u041f\u043b\u0456\u0432\u043a\u0430 \u043f\u0435\u0440\u0435\u0448\u043a\u043e\u0434\u0436\u0430\u0454 \u043f\u0440\u043e\u043d\u0438\u043a\u043d\u0435\u043d\u043d\u044e \u043f\u043e\u0432\u0456\u0442\u0440\u044f, \u0449\u043e \u0437\u043c\u0435\u043d\u0448\u0443\u0454 \u0440\u0456\u0441\u0442 \u043f\u043b\u0456\u0441\u043d\u044f\u0432\u0438 \u0442\u0430 \u043f\u0440\u043e\u0446\u0435\u0441\u0438 \u0433\u043d\u0438\u0442\u0442\u044f, \u0437\u0431\u0435\u0440\u0456\u0433\u0430\u044e\u0447\u0438 \u0432\u0438\u0441\u043e\u043a\u0443 \u0446\u0456\u043d\u043d\u0456\u0441\u0442\u044c \u043a\u043e\u0440\u043c\u0443.<\/li>\n<li><strong data-start=\"496\" data-end=\"534\">\u0421\u0442\u0456\u0439\u043a\u0456\u0441\u0442\u044c \u0434\u043e \u043f\u043e\u0433\u043e\u0434\u043d\u0438\u0445 \u0443\u043c\u043e\u0432<\/strong> - \u0417\u0430\u0432\u0434\u044f\u043a\u0438 \u0437\u0430\u0445\u0438\u0441\u043d\u0438\u043c \u0448\u0430\u0440\u0430\u043c, \u0449\u043e \u0437\u0430\u0445\u0438\u0449\u0430\u044e\u0442\u044c \u0432\u0456\u0434 \u0443\u043b\u044c\u0442\u0440\u0430\u0444\u0456\u043e\u043b\u0435\u0442\u043e\u0432\u043e\u0433\u043e \u0432\u0438\u043f\u0440\u043e\u043c\u0456\u043d\u044e\u0432\u0430\u043d\u043d\u044f, \u0432\u043e\u043d\u0430 \u0434\u043e\u0431\u0440\u0435 \u0432\u0438\u0442\u0440\u0438\u043c\u0443\u0454 \u043f\u0435\u0440\u0435\u043f\u0430\u0434\u0438 \u0442\u0435\u043c\u043f\u0435\u0440\u0430\u0442\u0443\u0440, \u043e\u043f\u0430\u0434\u0438 \u0442\u0430 \u0456\u043d\u0442\u0435\u043d\u0441\u0438\u0432\u043d\u0435 \u0441\u043e\u043d\u044f\u0447\u043d\u0435 \u043f\u0440\u043e\u043c\u0456\u043d\u043d\u044f.<\/li>\n<li><strong data-start=\"659\" data-end=\"689\">\u0411\u0430\u0433\u0430\u0442\u043e\u0448\u0430\u0440\u043e\u0432\u0430 \u043a\u043e\u043d\u0441\u0442\u0440\u0443\u043a\u0446\u0456\u044f<\/strong> - \u0421\u0443\u0447\u0430\u0441\u043d\u0430 \u0442\u0435\u0445\u043d\u043e\u043b\u043e\u0433\u0456\u044f \u0432\u0438\u0440\u043e\u0431\u043d\u0438\u0446\u0442\u0432\u0430 \u0437\u0430\u0431\u0435\u0437\u043f\u0435\u0447\u0443\u0454 \u0432\u0438\u0441\u043e\u043a\u0443 \u0441\u0442\u0456\u0439\u043a\u0456\u0441\u0442\u044c \u0434\u043e \u0440\u043e\u0437\u0440\u0438\u0432\u0456\u0432 \u0442\u0430 \u043f\u0440\u043e\u043a\u043e\u043b\u0456\u0432.<\/li>\n<li><strong data-start=\"783\" data-end=\"810\">\u0414\u043e\u0432\u0433\u043e\u0432\u0456\u0447\u043d\u0456\u0441\u0442\u044c \u0456 \u043d\u0430\u0434\u0456\u0439\u043d\u0456\u0441\u0442\u044c<\/strong> - \u0422\u043e\u0432\u0449\u0438\u043d\u0430 \u0442\u0430 \u044f\u043a\u0456\u0441\u0442\u044c \u043f\u043b\u0456\u0432\u043a\u0438 \u043f\u0456\u0434\u0456\u0431\u0440\u0430\u043d\u0456 \u0442\u0430\u043a\u0438\u043c \u0447\u0438\u043d\u043e\u043c, \u0449\u043e\u0431 \u0437\u0430\u0431\u0435\u0437\u043f\u0435\u0447\u0438\u0442\u0438 \u0437\u0430\u0445\u0438\u0441\u0442 \u0441\u0438\u043b\u043e\u0441\u0443 \u043f\u0440\u043e\u0442\u044f\u0433\u043e\u043c \u0443\u0441\u044c\u043e\u0433\u043e \u0442\u0435\u0440\u043c\u0456\u043d\u0443 \u0437\u0431\u0435\u0440\u0456\u0433\u0430\u043d\u043d\u044f.<\/li>\n<li><strong data-start=\"920\" data-end=\"949\">\u0415\u043a\u043e\u043d\u043e\u043c\u0456\u044f \u0442\u0430 \u0435\u0444\u0435\u043a\u0442\u0438\u0432\u043d\u0456\u0441\u0442\u044c<\/strong> - \u0417\u043c\u0435\u043d\u0448\u0443\u0454 \u0432\u0442\u0440\u0430\u0442\u0438 \u043a\u043e\u0440\u043c\u0443 \u0442\u0430 \u0437\u043d\u0438\u0436\u0443\u0454 \u0432\u0438\u0442\u0440\u0430\u0442\u0438, \u043f\u043e\u0432'\u044f\u0437\u0430\u043d\u0456 \u0437 \u0439\u043e\u0433\u043e \u0443\u0442\u0438\u043b\u0456\u0437\u0430\u0446\u0456\u0454\u044e.<\/li>\n<li><strong>\u0414\u043e\u0432\u0436\u0438\u043d\u0430<\/strong> - 33 m<\/li>\n<li><strong>\u0428\u0438\u0440\u0438\u043d\u0430<\/strong> - 10 m<\/li>\n<li><strong>\u0422\u043e\u0432\u0449\u0438\u043d\u0430<\/strong> - 120 \u043c\u0456\u043a\u0440\u043e\u043d<\/li>\n<li><strong>\u0428\u0430\u0440\u0438<\/strong> &#8211; 3<\/li>\n<\/ul>\n<h3 class=\"\" data-start=\"1023\" data-end=\"1044\"><strong data-start=\"1027\" data-end=\"1044\">\u0417\u0430\u044f\u0432\u043a\u0430:<\/strong><\/h3>\n<ul>\n<li><strong data-start=\"1049\" data-end=\"1083\">\u0421\u0438\u043b\u043e\u0441\u0443\u0432\u0430\u043d\u043d\u044f \u0433\u0440\u0443\u0431\u0438\u0445 \u043a\u043e\u0440\u043c\u0456\u0432<\/strong> - \u0406\u0434\u0435\u0430\u043b\u044c\u043d\u043e \u043f\u0456\u0434\u0445\u043e\u0434\u0438\u0442\u044c \u0434\u043b\u044f \u0437\u0431\u0435\u0440\u0456\u0433\u0430\u043d\u043d\u044f \u0441\u0456\u043d\u0430\u0436\u0443, \u043a\u0443\u043a\u0443\u0440\u0443\u0434\u0437\u0438, \u0442\u0440\u0430\u0432 \u0442\u0430 \u0456\u043d\u0448\u0438\u0445 \u0440\u043e\u0441\u043b\u0438\u043d\u043d\u0438\u0445 \u043c\u0430\u0442\u0435\u0440\u0456\u0430\u043b\u0456\u0432 \u043d\u0430 \u043a\u043e\u0440\u043c.<\/li>\n<li><strong data-start=\"1204\" data-end=\"1233\">\u041d\u0430\u043a\u0440\u0438\u0442\u0442\u044f \u0432\u0456\u0434\u0432\u0430\u043b\u0456\u0432 \u0456 \u0441\u0438\u043b\u043e\u0441\u0456\u0432<\/strong> - \u0412\u0438\u043a\u043e\u0440\u0438\u0441\u0442\u043e\u0432\u0443\u0454\u0442\u044c\u0441\u044f \u0432 \u043d\u0430\u0437\u0435\u043c\u043d\u0438\u0445 \u0441\u0438\u043b\u043e\u0441\u0430\u0445, \u0431\u0443\u0440\u0442\u0430\u0445 \u0456 \u0442\u044e\u043a\u0430\u0445 \u044f\u043a \u0437\u0430\u0445\u0438\u0441\u043d\u0438\u0439 \u0448\u0430\u0440.<\/li>\n<li><strong data-start=\"1317\" data-end=\"1357\">\u0417\u0430\u0431\u0435\u0437\u043f\u0435\u0447\u0435\u043d\u043d\u044f \u0431\u0435\u0437\u043f\u0435\u043a\u0438 \u0441\u0456\u043b\u044c\u0441\u044c\u043a\u043e\u0433\u043e\u0441\u043f\u043e\u0434\u0430\u0440\u0441\u044c\u043a\u0438\u0445 \u043c\u0430\u0442\u0435\u0440\u0456\u0430\u043b\u0456\u0432<\/strong> - \u0419\u043e\u0433\u043e \u0442\u0430\u043a\u043e\u0436 \u043c\u043e\u0436\u043d\u0430 \u0432\u0438\u043a\u043e\u0440\u0438\u0441\u0442\u043e\u0432\u0443\u0432\u0430\u0442\u0438 \u0434\u043b\u044f \u0442\u0438\u043c\u0447\u0430\u0441\u043e\u0432\u043e\u0433\u043e \u0443\u043a\u0440\u0438\u0442\u0442\u044f \u0441\u043e\u043b\u043e\u043c\u0438, \u0441\u0456\u043d\u0430, \u0434\u043e\u0431\u0440\u0438\u0432 \u0430\u0431\u043e \u0456\u043d\u0448\u0438\u0445 \u043c\u0430\u0442\u0435\u0440\u0456\u0430\u043b\u0456\u0432.<\/li>\n<\/ul>\n<h3 class=\"\" data-start=\"1460\" data-end=\"1518\"><strong data-start=\"1464\" data-end=\"1518\">\u0427\u043e\u043c\u0443 \u0432\u0430\u0440\u0442\u043e \u043e\u0431\u0440\u0430\u0442\u0438 \u043f\u043b\u0456\u0432\u043a\u0443 \u0434\u043b\u044f \u0441\u0438\u043b\u043e\u0441\u043d\u0438\u0445 \u0431\u0443\u043d\u043a\u0435\u0440\u0456\u0432?<\/strong><\/h3>\n<p class=\"\" data-start=\"1520\" data-end=\"1906\">\u041f\u043b\u0456\u0432\u043a\u0430 \"\u041f\u0440\u0438\u0437\u043c\u0430\" - \u0446\u0435 \u043d\u0430\u0434\u0456\u0439\u043d\u0438\u0439 \u0456 \u043f\u0435\u0440\u0435\u0432\u0456\u0440\u0435\u043d\u0438\u0439 \u0441\u043f\u043e\u0441\u0456\u0431 \u0437\u0430\u0445\u0438\u0441\u0442\u0443 \u043a\u043e\u0440\u043c\u0456\u0432 \u0432\u0456\u0434 \u0437\u043e\u0432\u043d\u0456\u0448\u043d\u0456\u0445 \u0444\u0430\u043a\u0442\u043e\u0440\u0456\u0432. \u0407\u0457 \u0432\u0438\u043a\u043e\u0440\u0438\u0441\u0442\u0430\u043d\u043d\u044f \u0434\u043e\u0437\u0432\u043e\u043b\u044f\u0454 \u0432\u0438\u0440\u043e\u0431\u043b\u044f\u0442\u0438 \u0446\u0456\u043d\u043d\u0438\u0439, \u0434\u043e\u0431\u0440\u0435 \u0437\u0431\u0435\u0440\u0435\u0436\u0435\u043d\u0438\u0439 \u0441\u0438\u043b\u043e\u0441, \u0449\u043e \u043f\u0456\u0434\u0432\u0438\u0449\u0443\u0454 \u043f\u0440\u043e\u0434\u0443\u043a\u0442\u0438\u0432\u043d\u0456\u0441\u0442\u044c \u0445\u0443\u0434\u043e\u0431\u0438 \u0442\u0430 \u0437\u043c\u0435\u043d\u0448\u0443\u0454 \u0432\u0442\u0440\u0430\u0442\u0438 \u043f\u043e\u0436\u0438\u0432\u043d\u0438\u0445 \u0440\u0435\u0447\u043e\u0432\u0438\u043d. \u0414\u043e\u0432\u0433\u043e\u0432\u0456\u0447\u043d\u0456\u0441\u0442\u044c, \u0435\u0444\u0435\u043a\u0442\u0438\u0432\u043d\u0456\u0441\u0442\u044c \u0456 \u0441\u0442\u0456\u0439\u043a\u0456\u0441\u0442\u044c \u0440\u043e\u0431\u043b\u044f\u0442\u044c \u0457\u0457 \u0440\u0456\u0448\u0435\u043d\u043d\u044f\u043c, \u044f\u043a\u0435 \u043f\u043e\u0432\u0438\u043d\u043d\u043e \u0431\u0443\u0442\u0438 \u043d\u0430 \u043a\u043e\u0436\u043d\u0456\u0439 \u0441\u0443\u0447\u0430\u0441\u043d\u0456\u0439 \u0444\u0435\u0440\u043c\u0456.<\/p>","protected":false},"excerpt":{"rendered":"<p>Folia pryzmowa kiszonkarska Folia pryzmowa kiszonkarska to niezast\u0105piony element w ka\u017cdym gospodarstwie rolnym zajmuj\u0105cym si\u0119 produkcj\u0105 kiszonek. Wykonana z trwa\u0142ego tworzywa sztucznego, skutecznie chroni kiszonki przed dost\u0119pem powietrza, wilgoci\u0105 i promieniowaniem UV, zapewniaj\u0105c ich wysok\u0105 jako\u015b\u0107 i d\u0142ugotrwa\u0142e przechowywanie. Najwa\u017cniejsze cechy: Skuteczna bariera tlenowa \u2013 Folia zapobiega dost\u0119powi powietrza, co ogranicza rozw\u00f3j ple\u015bni i procesy [&hellip;]<\/p>","protected":false},"featured_media":6722,"template":"","meta":{"site-sidebar-layout":"default","site-content-layout":"","ast-site-content-layout":"default","site-content-style":"default","site-sidebar-style":"default","ast-global-header-display":"","ast-banner-title-visibility":"","ast-main-header-display":"","ast-hfb-above-header-display":"","ast-hfb-below-header-display":"","ast-hfb-mobile-header-display":"","site-post-title":"","ast-breadcrumbs-content":"","ast-featured-img":"","footer-sml-layout":"","theme-transparent-header-meta":"default","adv-header-id-meta":"","stick-header-meta":"default","header-above-stick-meta":"","header-main-stick-meta":"","header-below-stick-meta":"","astra-migrate-meta-layouts":"set","ast-page-background-enabled":"default","ast-page-background-meta":{"desktop":{"background-color":"var(--ast-global-color-4)","background-image":"","background-repeat":"repeat","background-position":"center center","background-size":"auto","background-attachment":"scroll","background-type":"","background-media":"","overlay-type":"","overlay-color":"","overlay-opacity":"","overlay-gradient":""},"tablet":{"background-color":"","background-image":"","background-repeat":"repeat","background-position":"center center","background-size":"auto","background-attachment":"scroll","background-type":"","background-media":"","overlay-type":"","overlay-color":"","overlay-opacity":"","overlay-gradient":""},"mobile":{"background-color":"","background-image":"","background-repeat":"repeat","background-position":"center center","background-size":"auto","background-attachment":"scroll","background-type":"","background-media":"","overlay-type":"","overlay-color":"","overlay-opacity":"","overlay-gradient":""}},"ast-content-background-meta":{"desktop":{"background-color":"var(--ast-global-color-5)","background-image":"","background-repeat":"repeat","background-position":"center center","background-size":"auto","background-attachment":"scroll","background-type":"","background-media":"","overlay-type":"","overlay-color":"","overlay-opacity":"","overlay-gradient":""},"tablet":{"background-color":"var(--ast-global-color-5)","background-image":"","background-repeat":"repeat","background-position":"center center","background-size":"auto","background-attachment":"scroll","background-type":"","background-media":"","overlay-type":"","overlay-color":"","overlay-opacity":"","overlay-gradient":""},"mobile":{"background-color":"var(--ast-global-color-5)","background-image":"","background-repeat":"repeat","background-position":"center center","background-size":"auto","background-attachment":"scroll","background-type":"","background-media":"","overlay-type":"","overlay-color":"","overlay-opacity":"","overlay-gradient":""}}},"product_brand":[],"product_cat":[214],"product_tag":[],"class_list":{"0":"post-6727","1":"product","2":"type-product","3":"status-publish","4":"has-post-thumbnail","6":"product_cat-folia-do-sianokiszonki","7":"desktop-align-left","8":"tablet-align-left","9":"mobile-align-left","10":"ast-product-gallery-layout-horizontal","11":"ast-product-tabs-layout-horizontal","13":"first","14":"instock","15":"shipping-taxable","16":"product-type-simple"},"_links":{"self":[{"href":"https:\/\/wimar.net\/uk\/wp-json\/wp\/v2\/product\/6727","targetHints":{"allow":["GET"]}}],"collection":[{"href":"https:\/\/wimar.net\/uk\/wp-json\/wp\/v2\/product"}],"about":[{"href":"https:\/\/wimar.net\/uk\/wp-json\/wp\/v2\/types\/product"}],"version-history":[{"count":2,"href":"https:\/\/wimar.net\/uk\/wp-json\/wp\/v2\/product\/6727\/revisions"}],"predecessor-version":[{"id":7292,"href":"https:\/\/wimar.net\/uk\/wp-json\/wp\/v2\/product\/6727\/revisions\/7292"}],"wp:featuredmedia":[{"embeddable":true,"href":"https:\/\/wimar.net\/uk\/wp-json\/wp\/v2\/media\/6722"}],"wp:attachment":[{"href":"https:\/\/wimar.net\/uk\/wp-json\/wp\/v2\/media?parent=6727"}],"wp:term":[{"taxonomy":"product_brand","embeddable":true,"href":"https:\/\/wimar.net\/uk\/wp-json\/wp\/v2\/product_brand?post=6727"},{"taxonomy":"product_cat","embeddable":true,"href":"https:\/\/wimar.net\/uk\/wp-json\/wp\/v2\/product_cat?post=6727"},{"taxonomy":"product_tag","embeddable":true,"href":"https:\/\/wimar.net\/uk\/wp-json\/wp\/v2\/product_tag?post=6727"}],"curies":[{"name":"wp","href":"https:\/\/api.w.org\/{rel}","templated":true}]}}