{"id":6742,"date":"2025-05-22T09:19:59","date_gmt":"2025-05-22T07:19:59","guid":{"rendered":"https:\/\/wimar.net\/?post_type=product&#038;p=6742"},"modified":"2025-05-22T09:20:20","modified_gmt":"2025-05-22T07:20:20","slug":"%d0%bf%d0%bb%d1%96%d0%b2%d0%ba%d0%b0-%d0%b4%d0%bb%d1%8f-%d1%81%d0%b8%d0%bb%d0%be%d1%81%d1%83-10%d0%bc-%d1%85-50%d0%bc-40%d0%bc%d1%96%d0%ba%d1%80%d0%be%d0%bd","status":"publish","type":"product","link":"https:\/\/wimar.net\/uk\/product-2\/%d0%bf%d0%bb%d1%96%d0%b2%d0%ba%d0%b0-%d0%b4%d0%bb%d1%8f-%d1%81%d0%b8%d0%bb%d0%be%d1%81%d1%83-10%d0%bc-%d1%85-50%d0%bc-40%d0%bc%d1%96%d0%ba%d1%80%d0%be%d0%bd\/","title":{"rendered":"\u0421\u0438\u043b\u043e\u0441\u043d\u0438\u0439 \u0432\u043a\u043b\u0430\u0434\u0438\u0448 10\u043c \u0445 50\u043c 40\u043c\u0456\u043a"},"content":{"rendered":"<h3 data-start=\"0\" data-end=\"40\"><strong data-start=\"0\" data-end=\"38\">\u0412\u043a\u043b\u0430\u0434\u0438\u0448 \u0434\u043b\u044f \u0441\u0438\u043b\u043e\u0441\u0443<\/strong><\/h3>\n<p class=\"\" data-start=\"0\" data-end=\"306\">\u0421\u0438\u043b\u043e\u0441\u043d\u0430 \u043f\u043b\u0456\u0432\u043a\u0430 \u0454 \u0432\u0430\u0436\u043b\u0438\u0432\u0438\u043c \u043a\u043e\u043c\u043f\u043e\u043d\u0435\u043d\u0442\u043e\u043c \u0434\u043b\u044f \u043f\u0440\u0438\u0433\u043e\u0442\u0443\u0432\u0430\u043d\u043d\u044f \u0432\u0438\u0441\u043e\u043a\u043e\u044f\u043a\u0456\u0441\u043d\u043e\u0433\u043e \u0441\u0438\u043b\u043e\u0441\u0443. \u0412\u043e\u043d\u0430 \u0443\u0442\u0432\u043e\u0440\u044e\u0454 \u043d\u0438\u0436\u043d\u0456\u0439 \u0448\u0430\u0440, \u044f\u043a\u0438\u0439 \u0443\u043a\u043b\u0430\u0434\u0430\u0454\u0442\u044c\u0441\u044f \u0431\u0435\u0437\u043f\u043e\u0441\u0435\u0440\u0435\u0434\u043d\u044c\u043e \u043d\u0430 \u0441\u0438\u043b\u043e\u0441\u043e\u0432\u0430\u043d\u0443 \u043c\u0430\u0441\u0443, \u0442\u0440\u043e\u0445\u0438 \u043d\u0438\u0436\u0447\u0435 \u0431\u0443\u043d\u043a\u0435\u0440\u043d\u043e\u0457 \u043f\u043b\u0456\u0432\u043a\u0438. \u0417\u0430\u0432\u0434\u044f\u043a\u0438 \u0432\u0456\u0434\u043c\u0456\u043d\u043d\u0456\u0439 \u0430\u0434\u0433\u0435\u0437\u0456\u0457 \u0442\u0430 \u0433\u0435\u0440\u043c\u0435\u0442\u0438\u0447\u043d\u043e\u0441\u0442\u0456 \u0432\u043e\u043d\u0430 \u0435\u0444\u0435\u043a\u0442\u0438\u0432\u043d\u043e \u043e\u0431\u043c\u0435\u0436\u0443\u0454 \u0434\u043e\u0441\u0442\u0443\u043f \u043a\u0438\u0441\u043d\u044e \u0456 \u043c\u0456\u043d\u0456\u043c\u0456\u0437\u0443\u0454 \u0432\u0442\u0440\u0430\u0442\u0438 \u043a\u043e\u0440\u043c\u0443.<\/p>\n<h3 class=\"\" data-start=\"313\" data-end=\"341\"><strong data-start=\"317\" data-end=\"341\">\u041e\u0441\u043d\u043e\u0432\u043d\u0456 \u0445\u0430\u0440\u0430\u043a\u0442\u0435\u0440\u0438\u0441\u0442\u0438\u043a\u0438:<\/strong><\/h3>\n<ul>\n<li><strong data-start=\"465\" data-end=\"494\">\u0415\u0444\u0435\u043a\u0442\u0438\u0432\u043d\u0438\u0439 \u043a\u0438\u0441\u043d\u0435\u0432\u0438\u0439 \u0431\u0430\u0440'\u0454\u0440<\/strong> - \u0422\u043e\u043d\u043a\u0438\u0439, \u0430\u043b\u0435 \u043d\u0430\u0434\u0437\u0432\u0438\u0447\u0430\u0439\u043d\u043e \u0433\u0435\u0440\u043c\u0435\u0442\u0438\u0447\u043d\u0438\u0439 \u0448\u0430\u0440 \u043e\u0431\u043c\u0435\u0436\u0443\u0454 \u0434\u043e\u0441\u0442\u0443\u043f \u043f\u043e\u0432\u0456\u0442\u0440\u044f, \u043f\u043e\u043a\u0440\u0430\u0449\u0443\u044e\u0447\u0438 \u044f\u043a\u0456\u0441\u0442\u044c \u0444\u0435\u0440\u043c\u0435\u043d\u0442\u0430\u0446\u0456\u0457.<\/li>\n<li><strong data-start=\"600\" data-end=\"623\">\u0406\u0434\u0435\u0430\u043b\u044c\u043d\u0430 \u0430\u0434\u0433\u0435\u0437\u0456\u044f<\/strong> - \u0417\u0430\u0432\u0434\u044f\u043a\u0438 \u0441\u0432\u043e\u0457\u0439 \u0433\u043d\u0443\u0447\u043a\u043e\u0441\u0442\u0456 \u0442\u0430 \u0433\u043b\u0430\u0434\u043a\u0456\u0439 \u043f\u043e\u0432\u0435\u0440\u0445\u043d\u0456 \u043f\u043b\u0456\u0432\u043a\u0430 \u0442\u043e\u0447\u043d\u043e \u043f\u0440\u0438\u0441\u0442\u043e\u0441\u043e\u0432\u0443\u0454\u0442\u044c\u0441\u044f \u0434\u043e \u0444\u043e\u0440\u043c\u0438 \u0432\u043e\u0440\u0441\u0443.<\/li>\n<li><strong data-start=\"731\" data-end=\"768\">\u0412\u0437\u0430\u0454\u043c\u043e\u0434\u0456\u044f \u0437 \u043f\u043e\u043a\u0440\u0438\u0432\u043d\u043e\u044e \u043f\u043b\u0456\u0432\u043a\u043e\u044e<\/strong> - \u0412\u0456\u043d \u043f\u0456\u0434\u0432\u0438\u0449\u0443\u0454 \u0433\u0435\u0440\u043c\u0435\u0442\u0438\u0447\u043d\u0456\u0441\u0442\u044c \u0432\u0441\u0456\u0454\u0457 \u0441\u0438\u0441\u0442\u0435\u043c\u0438 \u043f\u043e\u043a\u0440\u0438\u0442\u0442\u044f, \u0437\u0430\u0431\u0435\u0437\u043f\u0435\u0447\u0443\u044e\u0447\u0438 \u0457\u0457 \u043e\u0441\u043d\u043e\u0432\u0443.<\/li>\n<li><strong data-start=\"847\" data-end=\"887\">\u0421\u0442\u0456\u0439\u043a\u0456\u0441\u0442\u044c \u0434\u043e \u0440\u043e\u0437\u0440\u0438\u0432\u0456\u0432 \u0456 \u043f\u043e\u0448\u043a\u043e\u0434\u0436\u0435\u043d\u044c<\/strong> - \u041d\u0435\u0437\u0432\u0430\u0436\u0430\u044e\u0447\u0438 \u043d\u0430 \u043d\u0438\u0437\u044c\u043a\u0443 \u0433\u0440\u0430\u043c\u0430\u0442\u0438\u0447\u043d\u0443 \u043c\u0430\u0441\u0443, \u0432\u0456\u043d \u043c\u0430\u0454 \u0432\u0438\u0441\u043e\u043a\u0443 \u043c\u0435\u0445\u0430\u043d\u0456\u0447\u043d\u0443 \u043c\u0456\u0446\u043d\u0456\u0441\u0442\u044c.<\/li>\n<li><strong data-start=\"964\" data-end=\"985\">\u0415\u043a\u043e\u043d\u043e\u043c\u0456\u044f \u043d\u0430 \u043a\u043e\u0440\u043c\u0430\u0445<\/strong> - \u0412\u0456\u043d \u0435\u0444\u0435\u043a\u0442\u0438\u0432\u043d\u043e \u0437\u0430\u0445\u0438\u0449\u0430\u0454 \u043d\u0438\u0436\u043d\u0456 \u0448\u0430\u0440\u0438 \u0441\u0438\u043b\u043e\u0441\u0443 \u0432\u0456\u0434 \u043f\u0441\u0443\u0432\u0430\u043d\u043d\u044f, \u0449\u043e \u043f\u0440\u0438\u0437\u0432\u043e\u0434\u0438\u0442\u044c \u0434\u043e \u0437\u043c\u0435\u043d\u0448\u0435\u043d\u043d\u044f \u043a\u0456\u043b\u044c\u043a\u043e\u0441\u0442\u0456 \u0432\u0456\u0434\u0445\u043e\u0434\u0456\u0432.<\/li>\n<li><strong>\u0414\u043e\u0432\u0436\u0438\u043d\u0430<\/strong> - 50 m<\/li>\n<li><strong>\u0428\u0438\u0440\u0438\u043d\u0430<\/strong> - 10 m<\/li>\n<li><strong>\u0422\u043e\u0432\u0449\u0438\u043d\u0430<\/strong> - 40 \u043c\u0456\u043a\u0440\u043e\u043d<\/li>\n<\/ul>\n<h3 class=\"\" data-start=\"1023\" data-end=\"1044\"><strong data-start=\"1027\" data-end=\"1044\">\u0417\u0430\u044f\u0432\u043a\u0430:<\/strong><\/h3>\n<ul>\n<li><strong data-start=\"1117\" data-end=\"1151\">\u0421\u0438\u043b\u043e\u0441\u0443\u0432\u0430\u043d\u043d\u044f \u0433\u0440\u0443\u0431\u0438\u0445 \u043a\u043e\u0440\u043c\u0456\u0432<\/strong> - \u0423\u0442\u0432\u043e\u0440\u044e\u0454 \u0431\u0430\u0437\u043e\u0432\u0438\u0439 \u0448\u0430\u0440 \u043f\u0456\u0434 \u043e\u0441\u043d\u043e\u0432\u043d\u043e\u044e \u043f\u043b\u0456\u0432\u043a\u043e\u044e \u043f\u0440\u0438 \u0441\u0438\u043b\u043e\u0441\u0443\u0432\u0430\u043d\u043d\u0456 \u043a\u0443\u043a\u0443\u0440\u0443\u0434\u0437\u0438, \u0442\u0440\u0430\u0432\u0438 \u0430\u0431\u043e \u043b\u044e\u0446\u0435\u0440\u043d\u0438.<\/li>\n<li><strong data-start=\"1244\" data-end=\"1272\">\u0420\u043e\u0437\u043f\u0438\u043b\u044e\u0432\u0430\u0447\u0456 \u0442\u0430 \u043d\u0430\u0437\u0435\u043c\u043d\u0456 \u0441\u0438\u043b\u043e\u0441\u0438<\/strong> - \u0412\u0438\u043a\u043e\u0440\u0438\u0441\u0442\u043e\u0432\u0443\u0454\u0442\u044c\u0441\u044f \u0432 \u0441\u0438\u043b\u043e\u0441\u0430\u0445 \u0456 \u0431\u0443\u043d\u043a\u0435\u0440\u0430\u0445 \u0432\u0441\u0456\u0445 \u0440\u043e\u0437\u043c\u0456\u0440\u0456\u0432 \u044f\u043a \u043f\u0435\u0440\u0448\u0438\u0439 \u0448\u0430\u0440 \u0437\u0430\u0445\u0438\u0441\u0442\u0443.<\/li>\n<li><strong data-start=\"1364\" data-end=\"1403\">\u041c\u0456\u043d\u0456\u043c\u0456\u0437\u0430\u0446\u0456\u044f \u0432\u0442\u0440\u0430\u0442 \u043f\u0440\u0438 \u0431\u0440\u043e\u0434\u0456\u043d\u043d\u0456<\/strong> - \u041a\u043b\u044e\u0447\u043e\u0432\u0438\u0439 \u0435\u043b\u0435\u043c\u0435\u043d\u0442 \u0434\u043b\u044f \u0433\u043e\u0441\u043f\u043e\u0434\u0430\u0440\u0441\u0442\u0432, \u043e\u0440\u0456\u0454\u043d\u0442\u043e\u0432\u0430\u043d\u0438\u0445 \u043d\u0430 \u044f\u043a\u0456\u0441\u0442\u044c \u0442\u0430 \u0435\u0444\u0435\u043a\u0442\u0438\u0432\u043d\u0456\u0441\u0442\u044c \u0433\u043e\u0434\u0456\u0432\u043b\u0456.<\/li>\n<\/ul>\n<h3 class=\"\" data-start=\"1492\" data-end=\"1552\"><strong data-start=\"1496\" data-end=\"1552\">\u0427\u043e\u043c\u0443 \u0432\u0430\u0440\u0442\u043e \u043e\u0431\u0438\u0440\u0430\u0442\u0438 \u043f\u043b\u0456\u0432\u043a\u0443 \u0434\u043b\u044f \u0432\u043a\u043b\u0430\u0434\u0438\u0448\u0456\u0432 \u0441\u0438\u043b\u043e\u0441\u0443?<\/strong><\/h3>\n<p class=\"\" data-start=\"1554\" data-end=\"1939\">\u041f\u0456\u0434\u0441\u0442\u0438\u043b\u043a\u043e\u0432\u0430 \u043f\u043b\u0456\u0432\u043a\u0430 \u0454 \u043e\u0441\u043d\u043e\u0432\u043e\u044e \u0443\u0441\u043f\u0456\u0448\u043d\u043e\u0433\u043e \u0441\u0438\u043b\u043e\u0441\u0443\u0432\u0430\u043d\u043d\u044f. \u0412\u043e\u043d\u0430 \u043f\u0456\u0434\u0432\u0438\u0449\u0443\u0454 \u0433\u0435\u0440\u043c\u0435\u0442\u0438\u0447\u043d\u0456\u0441\u0442\u044c \u0432\u0441\u044c\u043e\u0433\u043e \u043f\u043e\u043a\u0440\u0438\u0442\u0442\u044f, \u043e\u0431\u043c\u0435\u0436\u0443\u0454 \u0434\u043e\u0441\u0442\u0443\u043f \u043a\u0438\u0441\u043d\u044e \u0456 \u0437\u0431\u0435\u0440\u0456\u0433\u0430\u0454 \u0432\u0438\u0441\u043e\u043a\u0443 \u044f\u043a\u0456\u0441\u0442\u044c \u0441\u0438\u043b\u043e\u0441\u0443 \u043d\u0430\u0432\u0456\u0442\u044c \u0443 \u043d\u0430\u0439\u043d\u0438\u0436\u0447\u0438\u0445 \u0448\u0430\u0440\u0430\u0445. \u0426\u0435 \u0440\u043e\u0431\u0438\u0442\u044c \u0456\u043d\u0432\u0435\u0441\u0442\u0438\u0446\u0456\u0457 \u0432 \u043a\u043e\u0440\u043c\u0438 \u0431\u0456\u043b\u044c\u0448 \u0432\u0438\u0433\u0456\u0434\u043d\u0438\u043c\u0438 \u0442\u0430 \u043c\u0456\u043d\u0456\u043c\u0456\u0437\u0443\u0454 \u0432\u0442\u0440\u0430\u0442\u0438. \u0426\u0435 \u0440\u0435\u043a\u043e\u043c\u0435\u043d\u0434\u043e\u0432\u0430\u043d\u0435 \u0440\u0456\u0448\u0435\u043d\u043d\u044f \u0434\u043b\u044f \u0441\u0443\u0447\u0430\u0441\u043d\u0438\u0445 \u0433\u043e\u0441\u043f\u043e\u0434\u0430\u0440\u0441\u0442\u0432, \u044f\u043a\u0456 \u0434\u0431\u0430\u044e\u0442\u044c \u043f\u0440\u043e \u044f\u043a\u0456\u0441\u0442\u044c \u0433\u043e\u0434\u0456\u0432\u043b\u0456 \u0442\u0430 \u0435\u0444\u0435\u043a\u0442\u0438\u0432\u043d\u0456\u0441\u0442\u044c \u0432\u0438\u0440\u043e\u0431\u043d\u0438\u0446\u0442\u0432\u0430.<\/p>","protected":false},"excerpt":{"rendered":"<p>Folia podk\u0142adowa kiszonkarska Folia podk\u0142adowa kiszonkarska to niezb\u0119dny element przy przygotowywaniu wysokiej jako\u015bci kiszonki. Stanowi warstw\u0119 doln\u0105, kt\u00f3r\u0105 umieszcza si\u0119 bezpo\u015brednio na masie kiszonkarskiej, tu\u017c pod foli\u0105 pryzmow\u0105. Dzi\u0119ki doskona\u0142ym w\u0142a\u015bciwo\u015bciom przylegania i szczelno\u015bci, skutecznie ogranicza dost\u0119p tlenu i minimalizuje straty paszy. Najwa\u017cniejsze cechy: Skuteczna bariera tlenowa \u2013 Cienka, ale niezwykle szczelna warstwa ogranicza dost\u0119p [&hellip;]<\/p>","protected":false},"featured_media":6739,"template":"","meta":{"site-sidebar-layout":"default","site-content-layout":"","ast-site-content-layout":"default","site-content-style":"default","site-sidebar-style":"default","ast-global-header-display":"","ast-banner-title-visibility":"","ast-main-header-display":"","ast-hfb-above-header-display":"","ast-hfb-below-header-display":"","ast-hfb-mobile-header-display":"","site-post-title":"","ast-breadcrumbs-content":"","ast-featured-img":"","footer-sml-layout":"","theme-transparent-header-meta":"default","adv-header-id-meta":"","stick-header-meta":"default","header-above-stick-meta":"","header-main-stick-meta":"","header-below-stick-meta":"","astra-migrate-meta-layouts":"set","ast-page-background-enabled":"default","ast-page-background-meta":{"desktop":{"background-color":"var(--ast-global-color-4)","background-image":"","background-repeat":"repeat","background-position":"center center","background-size":"auto","background-attachment":"scroll","background-type":"","background-media":"","overlay-type":"","overlay-color":"","overlay-opacity":"","overlay-gradient":""},"tablet":{"background-color":"","background-image":"","background-repeat":"repeat","background-position":"center center","background-size":"auto","background-attachment":"scroll","background-type":"","background-media":"","overlay-type":"","overlay-color":"","overlay-opacity":"","overlay-gradient":""},"mobile":{"background-color":"","background-image":"","background-repeat":"repeat","background-position":"center center","background-size":"auto","background-attachment":"scroll","background-type":"","background-media":"","overlay-type":"","overlay-color":"","overlay-opacity":"","overlay-gradient":""}},"ast-content-background-meta":{"desktop":{"background-color":"var(--ast-global-color-5)","background-image":"","background-repeat":"repeat","background-position":"center center","background-size":"auto","background-attachment":"scroll","background-type":"","background-media":"","overlay-type":"","overlay-color":"","overlay-opacity":"","overlay-gradient":""},"tablet":{"background-color":"var(--ast-global-color-5)","background-image":"","background-repeat":"repeat","background-position":"center center","background-size":"auto","background-attachment":"scroll","background-type":"","background-media":"","overlay-type":"","overlay-color":"","overlay-opacity":"","overlay-gradient":""},"mobile":{"background-color":"var(--ast-global-color-5)","background-image":"","background-repeat":"repeat","background-position":"center center","background-size":"auto","background-attachment":"scroll","background-type":"","background-media":"","overlay-type":"","overlay-color":"","overlay-opacity":"","overlay-gradient":""}}},"product_brand":[],"product_cat":[214],"product_tag":[],"class_list":{"0":"post-6742","1":"product","2":"type-product","3":"status-publish","4":"has-post-thumbnail","6":"product_cat-folia-do-sianokiszonki","7":"desktop-align-left","8":"tablet-align-left","9":"mobile-align-left","10":"ast-product-gallery-layout-horizontal","11":"ast-product-gallery-with-no-image","12":"ast-product-tabs-layout-horizontal","14":"first","15":"instock","16":"shipping-taxable","17":"product-type-simple"},"_links":{"self":[{"href":"https:\/\/wimar.net\/uk\/wp-json\/wp\/v2\/product\/6742","targetHints":{"allow":["GET"]}}],"collection":[{"href":"https:\/\/wimar.net\/uk\/wp-json\/wp\/v2\/product"}],"about":[{"href":"https:\/\/wimar.net\/uk\/wp-json\/wp\/v2\/types\/product"}],"version-history":[{"count":2,"href":"https:\/\/wimar.net\/uk\/wp-json\/wp\/v2\/product\/6742\/revisions"}],"predecessor-version":[{"id":7288,"href":"https:\/\/wimar.net\/uk\/wp-json\/wp\/v2\/product\/6742\/revisions\/7288"}],"wp:featuredmedia":[{"embeddable":true,"href":"https:\/\/wimar.net\/uk\/wp-json\/wp\/v2\/media\/6739"}],"wp:attachment":[{"href":"https:\/\/wimar.net\/uk\/wp-json\/wp\/v2\/media?parent=6742"}],"wp:term":[{"taxonomy":"product_brand","embeddable":true,"href":"https:\/\/wimar.net\/uk\/wp-json\/wp\/v2\/product_brand?post=6742"},{"taxonomy":"product_cat","embeddable":true,"href":"https:\/\/wimar.net\/uk\/wp-json\/wp\/v2\/product_cat?post=6742"},{"taxonomy":"product_tag","embeddable":true,"href":"https:\/\/wimar.net\/uk\/wp-json\/wp\/v2\/product_tag?post=6742"}],"curies":[{"name":"wp","href":"https:\/\/api.w.org\/{rel}","templated":true}]}}