{"id":6825,"date":"2025-08-21T10:06:33","date_gmt":"2025-08-21T08:06:33","guid":{"rendered":"https:\/\/wimar.net\/?post_type=product&#038;p=6825"},"modified":"2025-08-21T10:23:53","modified_gmt":"2025-08-21T08:23:53","slug":"klips-oczkowy-do-flizu-siatek","status":"publish","type":"product","link":"https:\/\/wimar.net\/uk\/product-2\/klips-oczkowy-do-flizu-siatek\/","title":{"rendered":"\u0417\u0430\u0442\u0438\u0441\u043a\u0430\u0447 \u0434\u043b\u044f \u0444\u043b\u0456\u0441\u0443, \u0441\u0456\u0442\u043e\u043a"},"content":{"rendered":"<h3 data-start=\"0\" data-end=\"80\"><strong data-start=\"0\" data-end=\"78\">Klips oczkowy<\/strong><\/h3>\n<p data-start=\"42\" data-end=\"307\">Klips oczkowy to praktyczny i uniwersalny element monta\u017cowy, kt\u00f3ry doskonale sprawdza si\u0119 w wielu zastosowaniach zar\u00f3wno w domu, ogrodzie, jak i w profesjonalnych pracach technicznych. Dzi\u0119ki solidnej konstrukcji zapewnia pewny chwyt i \u0142atwe mocowanie r\u00f3\u017cnych materia\u0142\u00f3w.<\/p>\n<h3 data-start=\"309\" data-end=\"339\"><strong data-start=\"313\" data-end=\"337\">\u041e\u0441\u043d\u043e\u0432\u043d\u0456 \u0445\u0430\u0440\u0430\u043a\u0442\u0435\u0440\u0438\u0441\u0442\u0438\u043a\u0438:<\/strong><\/h3>\n<ul>\n<li data-start=\"320\" data-end=\"903\"><strong data-start=\"322\" data-end=\"358\">\u0414\u043e\u0432\u0433\u043e\u0432\u0456\u0447\u043d\u0456\u0441\u0442\u044c \u0456 \u043d\u0430\u0434\u0456\u0439\u043d\u0456\u0441\u0442\u044c<\/strong> - \u0412\u0438\u0433\u043e\u0442\u043e\u0432\u043b\u0435\u043d\u0456 \u0437 \u0432\u0438\u0441\u043e\u043a\u043e\u044f\u043a\u0456\u0441\u043d\u0438\u0445 \u043c\u0430\u0442\u0435\u0440\u0456\u0430\u043b\u0456\u0432, \u0432\u043e\u043d\u0438 \u0441\u0442\u0456\u0439\u043a\u0456 \u0434\u043e \u0443\u043b\u044c\u0442\u0440\u0430\u0444\u0456\u043e\u043b\u0435\u0442\u0443.<\/li>\n<li data-start=\"320\" data-end=\"903\"><strong data-start=\"453\" data-end=\"477\">\u0411\u0430\u0433\u0430\u0442\u043e\u0440\u0430\u0437\u043e\u0432\u0438\u0439<\/strong> - \u041a\u043b\u0456\u043f\u0441\u0443 \u043c\u043e\u0436\u043d\u0430 \u0432\u0438\u043a\u043e\u0440\u0438\u0441\u0442\u043e\u0432\u0443\u0432\u0430\u0442\u0438 \u0431\u0430\u0433\u0430\u0442\u043e\u0440\u0430\u0437\u043e\u0432\u043e, \u043d\u0435 \u0431\u043e\u044f\u0447\u0438\u0441\u044c \u0432\u0442\u0440\u0430\u0442\u0438\u0442\u0438 \u0457\u0457 \u0444\u0443\u043d\u043a\u0446\u0456\u043e\u043d\u0430\u043b\u044c\u043d\u0456\u0441\u0442\u044c.<\/li>\n<li data-start=\"320\" data-end=\"903\"><strong data-start=\"558\" data-end=\"574\">\u041c\u0456\u0446\u043d\u0438\u0439 \u0437\u0430\u0442\u0438\u0441\u043a\u0430\u0447<\/strong> - \u0417\u0430\u0431\u0435\u0437\u043f\u0435\u0447\u0443\u0454 \u043d\u0430\u0434\u0456\u0439\u043d\u0435 \u0442\u0430 \u0441\u0442\u0430\u0431\u0456\u043b\u044c\u043d\u0435 \u043a\u0440\u0456\u043f\u043b\u0435\u043d\u043d\u044f \u0440\u0456\u0437\u043d\u043e\u043c\u0430\u043d\u0456\u0442\u043d\u0438\u0445 \u043c\u0430\u0442\u0435\u0440\u0456\u0430\u043b\u0456\u0432, \u043f\u043b\u0456\u0432\u043e\u043a, \u0441\u0456\u0442\u043e\u043a \u0430\u0431\u043e \u0431\u0440\u0435\u0437\u0435\u043d\u0442\u0443.<\/li>\n<li data-start=\"320\" data-end=\"903\"><strong data-start=\"672\" data-end=\"700\">\u0423\u043d\u0456\u0432\u0435\u0440\u0441\u0430\u043b\u044c\u043d\u0456\u0441\u0442\u044c \u0437\u0430\u0441\u0442\u043e\u0441\u0443\u0432\u0430\u043d\u044c<\/strong> - \u0406\u0434\u0435\u0430\u043b\u044c\u043d\u043e \u043f\u0456\u0434\u0445\u043e\u0434\u0438\u0442\u044c \u0434\u043b\u044f \u0441\u0430\u0434\u0456\u0432\u043d\u0438\u0446\u0442\u0432\u0430, \u0431\u0443\u0434\u0456\u0432\u043d\u0438\u0446\u0442\u0432\u0430, \u043a\u0435\u043c\u043f\u0456\u043d\u0433\u0443 \u0442\u0430 \u0433\u043e\u0441\u043f\u043e\u0434\u0430\u0440\u0441\u044c\u043a\u0438\u0445 \u0440\u043e\u0431\u0456\u0442.<\/li>\n<li data-start=\"320\" data-end=\"903\"><strong data-start=\"792\" data-end=\"810\">\u041f\u0440\u043e\u0441\u0442\u043e\u0442\u0430 \u0432\u0438\u043a\u043e\u0440\u0438\u0441\u0442\u0430\u043d\u043d\u044f<\/strong> - \u041f\u0440\u043e\u0441\u0442\u0430 \u043a\u043e\u043d\u0441\u0442\u0440\u0443\u043a\u0446\u0456\u044f \u0434\u043e\u0437\u0432\u043e\u043b\u044f\u0454 \u0448\u0432\u0438\u0434\u043a\u043e \u0456 \u0431\u0435\u0437 \u0437\u0443\u0441\u0438\u043b\u044c \u043f\u0440\u0438\u043a\u0440\u0456\u043f\u043b\u044e\u0432\u0430\u0442\u0438 \u0456 \u0437\u043d\u0456\u043c\u0430\u0442\u0438 \u043a\u043b\u0456\u043f\u0441\u0443. \u0417\u0430\u0442\u0438\u0441\u043a\u0430\u0447\u0456 \u043e\u0441\u043d\u0430\u0449\u0435\u043d\u0456 \u043f\u0440\u0430\u043a\u0442\u0438\u0447\u043d\u0438\u043c \u0444\u0456\u043a\u0441\u0443\u044e\u0447\u0438\u043c \u0432\u0443\u0448\u043a\u043e\u043c, \u0449\u043e \u0433\u0430\u0440\u0430\u043d\u0442\u0443\u0454 \u0434\u043e\u0434\u0430\u0442\u043a\u043e\u0432\u0443 \u0441\u0442\u0430\u0431\u0456\u043b\u044c\u043d\u0456\u0441\u0442\u044c.<\/li>\n<\/ul>\n<h3 data-start=\"1013\" data-end=\"1036\"><strong data-start=\"1017\" data-end=\"1034\">\u0417\u0430\u044f\u0432\u043a\u0430:<\/strong><\/h3>\n<ul>\n<li data-start=\"929\" data-end=\"1069\"><strong data-start=\"931\" data-end=\"981\">\u041a\u0440\u0456\u043f\u043b\u0435\u043d\u043d\u044f \u0444\u043b\u0456\u0441\u0443, \u0431\u0440\u0435\u0437\u0435\u043d\u0442\u0443 \u0442\u0430 \u0441\u0430\u0434\u043e\u0432\u0438\u0445 \u0441\u0456\u0442\u043e\u043a<\/strong> - \u0406\u0434\u0435\u0430\u043b\u044c\u043d\u043e \u043f\u0456\u0434\u0445\u043e\u0434\u0438\u0442\u044c \u0434\u043b\u044f \u043a\u0440\u0456\u043f\u043b\u0435\u043d\u043d\u044f \u0440\u043e\u0441\u043b\u0438\u043d\u043d\u0438\u0445 \u0443\u043a\u0440\u0438\u0442\u0442\u0456\u0432, \u043f\u043b\u0430\u0441\u0442\u0438\u043a\u043e\u0432\u0438\u0445 \u0442\u0443\u043d\u0435\u043b\u0456\u0432 \u0430\u0431\u043e \u0441\u0456\u0442\u043a\u0438 \u0434\u043b\u044f \u043f\u0442\u0430\u0445\u0456\u0432.<\/li>\n<li data-start=\"1070\" data-end=\"1167\"><strong data-start=\"1072\" data-end=\"1106\">\u0423\u043a\u043b\u0430\u0434\u0430\u043d\u043d\u044f \u0442\u0430 \u0437\u0432'\u044f\u0437\u0443\u0432\u0430\u043d\u043d\u044f \u043a\u0430\u0431\u0435\u043b\u0456\u0432<\/strong> - \u0414\u043e\u0431\u0440\u0435 \u043f\u0456\u0434\u0445\u043e\u0434\u0438\u0442\u044c \u044f\u043a \u043f\u0440\u0430\u043a\u0442\u0438\u0447\u043d\u0430 \u0440\u0443\u0447\u043a\u0430 \u0432 \u043c\u0430\u0439\u0441\u0442\u0435\u0440\u043d\u0456 \u0442\u0430 \u0432\u0434\u043e\u043c\u0430.<\/li>\n<li data-start=\"1168\" data-end=\"1284\"><strong data-start=\"1170\" data-end=\"1223\">\u0412\u0438\u043a\u043e\u0440\u0438\u0441\u0442\u0430\u043d\u043d\u044f \u0432 \u0431\u0443\u0434\u0456\u0432\u0435\u043b\u044c\u043d\u043e-\u043c\u043e\u043d\u0442\u0430\u0436\u043d\u0438\u0445 \u0440\u043e\u0431\u043e\u0442\u0430\u0445<\/strong> - \u0412\u0438\u043a\u043e\u0440\u0438\u0441\u0442\u043e\u0432\u0443\u0454\u0442\u044c\u0441\u044f \u0434\u043b\u044f \u0444\u0456\u043a\u0441\u0430\u0446\u0456\u0457 \u043b\u0435\u0433\u043a\u0438\u0445 \u0442\u0438\u043c\u0447\u0430\u0441\u043e\u0432\u0438\u0445 \u043a\u043e\u043c\u043f\u043e\u043d\u0435\u043d\u0442\u0456\u0432.<\/li>\n<li data-start=\"1285\" data-end=\"1400\"><strong data-start=\"1287\" data-end=\"1310\">\u041a\u0435\u043c\u043f\u0456\u043d\u0433 \u0456 \u0442\u0443\u0440\u0438\u0437\u043c<\/strong> - \u041d\u0435\u0437\u0430\u043c\u0456\u043d\u043d\u0438\u0439 \u0434\u043b\u044f \u043a\u0435\u043c\u043f\u0456\u043d\u0433\u0443 \u044f\u043a \u043a\u0440\u0456\u043f\u043b\u0435\u043d\u043d\u044f \u0434\u043e \u043d\u0430\u043c\u0435\u0442\u0456\u0432, \u0431\u0440\u0435\u0437\u0435\u043d\u0442\u0443 \u0430\u0431\u043e \u043d\u0430\u0432\u0456\u0441\u0443.<\/li>\n<li data-start=\"1401\" data-end=\"1492\"><strong data-start=\"1403\" data-end=\"1418\">\u0414\u0456\u043c \u0456 \u0441\u0430\u0434<\/strong> - \u041f\u043e\u043b\u0435\u0433\u0448\u0443\u0454 \u043f\u0456\u0434\u0432\u0456\u0448\u0443\u0432\u0430\u043d\u043d\u044f, \u0437\u0430\u0442\u0438\u0441\u043a\u0430\u043d\u043d\u044f \u0442\u0430 \u0444\u0456\u043a\u0441\u0430\u0446\u0456\u044e \u0440\u0456\u0437\u043d\u043e\u043c\u0430\u043d\u0456\u0442\u043d\u0438\u0445 \u043f\u0440\u0435\u0434\u043c\u0435\u0442\u0456\u0432.<\/li>\n<\/ul>\n<h3 data-start=\"1499\" data-end=\"1555\">Dlaczego warto wybra\u0107 klips oczkowy?<\/h3>\n<p data-start=\"1557\" data-end=\"1929\" data-is-last-node=\"\" data-is-only-node=\"\">Klips oczkowy to niezwykle praktyczne i wszechstronne rozwi\u0105zanie, kt\u00f3re sprawdzi si\u0119 w wielu codziennych i specjalistycznych zadaniach. Jego mocny zacisk i trwa\u0142o\u015b\u0107 pozwalaj\u0105 na wielokrotne u\u017cycie w r\u00f3\u017cnych warunkach. To niezast\u0105piony pomocnik w ogrodzie, warsztacie, na budowie czy podczas wypraw outdoorowych \u2013 zawsze tam, gdzie potrzeba szybkiego i pewnego mocowania.<\/p>","protected":false},"excerpt":{"rendered":"<p>Klips oczkowy Klips oczkowy to praktyczny i uniwersalny element monta\u017cowy, kt\u00f3ry doskonale sprawdza si\u0119 w wielu zastosowaniach zar\u00f3wno w domu, ogrodzie, jak i w profesjonalnych pracach technicznych. Dzi\u0119ki solidnej konstrukcji zapewnia pewny chwyt i \u0142atwe mocowanie r\u00f3\u017cnych materia\u0142\u00f3w. Najwa\u017cniejsze cechy: Wytrzyma\u0142o\u015b\u0107 i solidne wykonanie \u2013 Wykonany z wysokiej jako\u015bci materia\u0142\u00f3w, s\u0105 odporne na dzia\u0142anie promieni [&hellip;]<\/p>","protected":false},"featured_media":6826,"template":"","meta":{"site-sidebar-layout":"default","site-content-layout":"","ast-site-content-layout":"default","site-content-style":"default","site-sidebar-style":"default","ast-global-header-display":"","ast-banner-title-visibility":"","ast-main-header-display":"","ast-hfb-above-header-display":"","ast-hfb-below-header-display":"","ast-hfb-mobile-header-display":"","site-post-title":"","ast-breadcrumbs-content":"","ast-featured-img":"","footer-sml-layout":"","theme-transparent-header-meta":"default","adv-header-id-meta":"","stick-header-meta":"default","header-above-stick-meta":"","header-main-stick-meta":"","header-below-stick-meta":"","astra-migrate-meta-layouts":"set","ast-page-background-enabled":"default","ast-page-background-meta":{"desktop":{"background-color":"var(--ast-global-color-4)","background-image":"","background-repeat":"repeat","background-position":"center center","background-size":"auto","background-attachment":"scroll","background-type":"","background-media":"","overlay-type":"","overlay-color":"","overlay-opacity":"","overlay-gradient":""},"tablet":{"background-color":"","background-image":"","background-repeat":"repeat","background-position":"center center","background-size":"auto","background-attachment":"scroll","background-type":"","background-media":"","overlay-type":"","overlay-color":"","overlay-opacity":"","overlay-gradient":""},"mobile":{"background-color":"","background-image":"","background-repeat":"repeat","background-position":"center center","background-size":"auto","background-attachment":"scroll","background-type":"","background-media":"","overlay-type":"","overlay-color":"","overlay-opacity":"","overlay-gradient":""}},"ast-content-background-meta":{"desktop":{"background-color":"var(--ast-global-color-5)","background-image":"","background-repeat":"repeat","background-position":"center center","background-size":"auto","background-attachment":"scroll","background-type":"","background-media":"","overlay-type":"","overlay-color":"","overlay-opacity":"","overlay-gradient":""},"tablet":{"background-color":"var(--ast-global-color-5)","background-image":"","background-repeat":"repeat","background-position":"center center","background-size":"auto","background-attachment":"scroll","background-type":"","background-media":"","overlay-type":"","overlay-color":"","overlay-opacity":"","overlay-gradient":""},"mobile":{"background-color":"var(--ast-global-color-5)","background-image":"","background-repeat":"repeat","background-position":"center center","background-size":"auto","background-attachment":"scroll","background-type":"","background-media":"","overlay-type":"","overlay-color":"","overlay-opacity":"","overlay-gradient":""}}},"product_brand":[],"product_cat":[478],"product_tag":[],"class_list":{"0":"post-6825","1":"product","2":"type-product","3":"status-publish","4":"has-post-thumbnail","6":"product_cat-klipsy-zaciskowe-do-flizu","7":"desktop-align-left","8":"tablet-align-left","9":"mobile-align-left","10":"ast-product-gallery-layout-horizontal","11":"ast-product-tabs-layout-horizontal","13":"first","14":"instock","15":"shipping-taxable","16":"product-type-simple"},"_links":{"self":[{"href":"https:\/\/wimar.net\/uk\/wp-json\/wp\/v2\/product\/6825","targetHints":{"allow":["GET"]}}],"collection":[{"href":"https:\/\/wimar.net\/uk\/wp-json\/wp\/v2\/product"}],"about":[{"href":"https:\/\/wimar.net\/uk\/wp-json\/wp\/v2\/types\/product"}],"version-history":[{"count":2,"href":"https:\/\/wimar.net\/uk\/wp-json\/wp\/v2\/product\/6825\/revisions"}],"predecessor-version":[{"id":7287,"href":"https:\/\/wimar.net\/uk\/wp-json\/wp\/v2\/product\/6825\/revisions\/7287"}],"wp:featuredmedia":[{"embeddable":true,"href":"https:\/\/wimar.net\/uk\/wp-json\/wp\/v2\/media\/6826"}],"wp:attachment":[{"href":"https:\/\/wimar.net\/uk\/wp-json\/wp\/v2\/media?parent=6825"}],"wp:term":[{"taxonomy":"product_brand","embeddable":true,"href":"https:\/\/wimar.net\/uk\/wp-json\/wp\/v2\/product_brand?post=6825"},{"taxonomy":"product_cat","embeddable":true,"href":"https:\/\/wimar.net\/uk\/wp-json\/wp\/v2\/product_cat?post=6825"},{"taxonomy":"product_tag","embeddable":true,"href":"https:\/\/wimar.net\/uk\/wp-json\/wp\/v2\/product_tag?post=6825"}],"curies":[{"name":"wp","href":"https:\/\/api.w.org\/{rel}","templated":true}]}}