{"id":6941,"date":"2025-10-22T10:20:39","date_gmt":"2025-10-22T08:20:39","guid":{"rendered":"https:\/\/wimar.net\/?post_type=product&#038;p=6941"},"modified":"2025-10-22T10:41:25","modified_gmt":"2025-10-22T08:41:25","slug":"brykiet-z-torfu-kokosowego-550g","status":"publish","type":"product","link":"https:\/\/wimar.net\/uk\/product-2\/brykiet-z-torfu-kokosowego-550g\/","title":{"rendered":"Brykiet z torfu kokosowego 550g"},"content":{"rendered":"<h3 data-start=\"0\" data-end=\"80\"><strong data-start=\"0\" data-end=\"78\">\u041a\u043e\u043a\u043e\u0441\u043e\u0432\u0456 \u0431\u0440\u0438\u043a\u0435\u0442\u0438<\/strong><\/h3>\n<p>Brykiety to w 100% naturalne, organiczne pod\u0142o\u017ce uprawowe, kt\u00f3re po sprasowaniu daje wi\u0119ksz\u0105 obj\u0119to\u015b\u0107. S\u0105 specjalnie produkowane do ogrodnictwa, upraw polowych oraz wszelkich upraw ogrodniczych i hydroponicznych jako mieszanka doniczkowa lub polepszacz gleby. Brykiety s\u0105 idealne do r\u00f3\u017cnych szk\u00f3\u0142ek kwiat\u00f3w, warzyw i owoc\u00f3w oraz ro\u015blin ozdobnych, a tak\u017ce innych ro\u015blin domowych i ogrodowych.<\/p>\n<h3 data-start=\"736\" data-end=\"760\">\u041e\u0441\u043d\u043e\u0432\u043d\u0456 \u0445\u0430\u0440\u0430\u043a\u0442\u0435\u0440\u0438\u0441\u0442\u0438\u043a\u0438:<\/h3>\n<ul>\n<li><strong data-start=\"367\" data-end=\"382\">\u041f\u0440\u0438\u0440\u043e\u0434\u043d\u0456\u0441\u0442\u044c<\/strong> \u2013 Wykonany z w\u0142\u00f3kien kokosowych (torfu), b\u0119d\u0105cych produktem ubocznym przetwarzania orzech\u00f3w kokosowych. W 100% biodegradowalny i przyjazny \u015brodowisku.<\/li>\n<li><strong data-start=\"530\" data-end=\"551\">Ekologiczny sk\u0142ad<\/strong> \u2013 Wolny od chemicznych dodatk\u00f3w i zanieczyszcze\u0144, zapewnia czyste i zdrowe warunki dla rozwoju ro\u015blin.<\/li>\n<li><strong data-start=\"659\" data-end=\"682\">Doskona\u0142a struktura<\/strong> \u2013 Utrzymuje optymalny poziom wilgoci, jednocze\u015bnie zapewniaj\u0105c \u015bwietn\u0105 przepuszczalno\u015b\u0107 powietrza i napowietrzenie korzeni.<\/li>\n<li><strong data-start=\"811\" data-end=\"828\">\u0423\u043d\u0456\u0432\u0435\u0440\u0441\u0430\u043b\u044c\u043d\u0456\u0441\u0442\u044c<\/strong> \u2013 Nadaje si\u0119 do uprawy szerokiej gamy ro\u015blin, zar\u00f3wno w donicach, jak i w gruncie czy systemach hydroponicznych.<\/li>\n<li><strong data-start=\"946\" data-end=\"959\">\u041f\u0440\u043e\u0434\u0443\u043a\u0442\u0438\u0432\u043d\u0456\u0441\u0442\u044c<\/strong> \u2013 Po nawodnieniu znacznie zwi\u0119ksza swoj\u0105 obj\u0119to\u015b\u0107, co czyni go ekonomicznym i wygodnym w u\u017cyciu.<\/li>\n<li><strong>Wilgotno\u015b\u0107<\/strong> &#8211; poni\u017cej 20%<\/li>\n<li><strong>Warto\u015b\u0107 pH<\/strong> &#8211; 5,5 &#8211; 6,5<\/li>\n<li><strong>Kompresja<\/strong> &#8211; 8:1<\/li>\n<li><strong>\u0420\u043e\u0437\u043c\u0456\u0440<\/strong> &#8211; 20 x 10 x 3,5 cm<\/li>\n<li><strong>Obj\u0119to\u015b\u0107 po sp\u0119cznieniu<\/strong> &#8211; 7 litr\u00f3w<\/li>\n<li><strong>\u0412\u0430\u0433\u0430<\/strong> &#8211; 550 g<\/li>\n<\/ul>\n<h3 data-start=\"1141\" data-end=\"1158\">\u0417\u0430\u044f\u0432\u043a\u0430:<\/h3>\n<ul>\n<li data-start=\"1104\" data-end=\"1546\"><strong data-start=\"1089\" data-end=\"1131\">Uprawa ro\u015blin doniczkowych i ozdobnych<\/strong> \u2013 Zapewnia ro\u015blinom stabilne i przewiewne \u015brodowisko korzeniowe.<\/li>\n<li data-start=\"1104\" data-end=\"1546\"><strong data-start=\"1202\" data-end=\"1223\">Produkcja rozsady<\/strong> \u2013 Idealny do wysiewu nasion i sadzonek warzyw oraz kwiat\u00f3w.<\/li>\n<li data-start=\"1104\" data-end=\"1546\"><strong data-start=\"1289\" data-end=\"1313\">Uprawy warzyw i zi\u00f3\u0142<\/strong> \u2013 \u015awietny do pomidor\u00f3w, og\u00f3rk\u00f3w, papryki, sa\u0142aty czy zi\u00f3\u0142.<\/li>\n<li data-start=\"1104\" data-end=\"1546\"><strong data-start=\"1378\" data-end=\"1417\">Systemy hydroponiczne i szklarniowe<\/strong> \u2013 U\u017cywany jako pod\u0142o\u017ce inertne w nowoczesnych uprawach bezglebowych.<\/li>\n<li data-start=\"1104\" data-end=\"1546\"><strong data-start=\"1492\" data-end=\"1519\">Poprawa struktury gleby<\/strong> \u2013 Wzbogaca gleb\u0119 w materi\u0119 organiczn\u0105, zwi\u0119ksza jej zdolno\u015b\u0107 zatrzymywania wody i przepuszczalno\u015b\u0107 powietrza.<\/li>\n<\/ul>\n<h3 data-start=\"1636\" data-end=\"1693\"><strong data-start=\"1640\" data-end=\"1693\">Dlaczego warto wybra\u0107 brykiet z torfu kokosowego?<\/strong><\/h3>\n<p data-start=\"1695\" data-end=\"2074\" data-is-last-node=\"\" data-is-only-node=\"\">Brykiet kokosowy to ekologiczne, naturalne i bardzo wydajne pod\u0142o\u017ce, kt\u00f3re poprawia warunki wzrostu ro\u015blin i wspiera ich zdrowy rozw\u00f3j. Dzi\u0119ki doskona\u0142ej retencji wody i przewiewno\u015bci korzeni, ro\u015bliny rosn\u0105 szybciej i s\u0105 bardziej odporne na stres. To rozwi\u0105zanie, kt\u00f3re \u0142\u0105czy trosk\u0119 o \u015brodowisko z najwy\u017csz\u0105 jako\u015bci\u0105 upraw \u2013 idealne dla profesjonalist\u00f3w i mi\u0142o\u015bnik\u00f3w ogrodnictwa.<\/p>","protected":false},"excerpt":{"rendered":"<p>Brykiet kokosowy Brykiety to w 100% naturalne, organiczne pod\u0142o\u017ce uprawowe, kt\u00f3re po sprasowaniu daje wi\u0119ksz\u0105 obj\u0119to\u015b\u0107. S\u0105 specjalnie produkowane do ogrodnictwa, upraw polowych oraz wszelkich upraw ogrodniczych i hydroponicznych jako mieszanka doniczkowa lub polepszacz gleby. Brykiety s\u0105 idealne do r\u00f3\u017cnych szk\u00f3\u0142ek kwiat\u00f3w, warzyw i owoc\u00f3w oraz ro\u015blin ozdobnych, a tak\u017ce innych ro\u015blin domowych i ogrodowych. [&hellip;]<\/p>","protected":false},"featured_media":6948,"template":"","meta":{"site-sidebar-layout":"default","site-content-layout":"","ast-site-content-layout":"default","site-content-style":"default","site-sidebar-style":"default","ast-global-header-display":"","ast-banner-title-visibility":"","ast-main-header-display":"","ast-hfb-above-header-display":"","ast-hfb-below-header-display":"","ast-hfb-mobile-header-display":"","site-post-title":"","ast-breadcrumbs-content":"","ast-featured-img":"","footer-sml-layout":"","theme-transparent-header-meta":"default","adv-header-id-meta":"","stick-header-meta":"default","header-above-stick-meta":"","header-main-stick-meta":"","header-below-stick-meta":"","astra-migrate-meta-layouts":"set","ast-page-background-enabled":"default","ast-page-background-meta":{"desktop":{"background-color":"var(--ast-global-color-4)","background-image":"","background-repeat":"repeat","background-position":"center center","background-size":"auto","background-attachment":"scroll","background-type":"","background-media":"","overlay-type":"","overlay-color":"","overlay-opacity":"","overlay-gradient":""},"tablet":{"background-color":"","background-image":"","background-repeat":"repeat","background-position":"center center","background-size":"auto","background-attachment":"scroll","background-type":"","background-media":"","overlay-type":"","overlay-color":"","overlay-opacity":"","overlay-gradient":""},"mobile":{"background-color":"","background-image":"","background-repeat":"repeat","background-position":"center center","background-size":"auto","background-attachment":"scroll","background-type":"","background-media":"","overlay-type":"","overlay-color":"","overlay-opacity":"","overlay-gradient":""}},"ast-content-background-meta":{"desktop":{"background-color":"var(--ast-global-color-5)","background-image":"","background-repeat":"repeat","background-position":"center center","background-size":"auto","background-attachment":"scroll","background-type":"","background-media":"","overlay-type":"","overlay-color":"","overlay-opacity":"","overlay-gradient":""},"tablet":{"background-color":"var(--ast-global-color-5)","background-image":"","background-repeat":"repeat","background-position":"center center","background-size":"auto","background-attachment":"scroll","background-type":"","background-media":"","overlay-type":"","overlay-color":"","overlay-opacity":"","overlay-gradient":""},"mobile":{"background-color":"var(--ast-global-color-5)","background-image":"","background-repeat":"repeat","background-position":"center center","background-size":"auto","background-attachment":"scroll","background-type":"","background-media":"","overlay-type":"","overlay-color":"","overlay-opacity":"","overlay-gradient":""}}},"product_brand":[],"product_cat":[495],"product_tag":[],"class_list":{"0":"post-6941","1":"product","2":"type-product","3":"status-publish","4":"has-post-thumbnail","6":"product_cat-brykiet-kokosowy","7":"desktop-align-left","8":"tablet-align-left","9":"mobile-align-left","10":"ast-product-gallery-layout-horizontal","11":"ast-product-tabs-layout-horizontal","13":"first","14":"instock","15":"shipping-taxable","16":"product-type-simple"},"_links":{"self":[{"href":"https:\/\/wimar.net\/uk\/wp-json\/wp\/v2\/product\/6941","targetHints":{"allow":["GET"]}}],"collection":[{"href":"https:\/\/wimar.net\/uk\/wp-json\/wp\/v2\/product"}],"about":[{"href":"https:\/\/wimar.net\/uk\/wp-json\/wp\/v2\/types\/product"}],"version-history":[{"count":2,"href":"https:\/\/wimar.net\/uk\/wp-json\/wp\/v2\/product\/6941\/revisions"}],"predecessor-version":[{"id":6952,"href":"https:\/\/wimar.net\/uk\/wp-json\/wp\/v2\/product\/6941\/revisions\/6952"}],"wp:featuredmedia":[{"embeddable":true,"href":"https:\/\/wimar.net\/uk\/wp-json\/wp\/v2\/media\/6948"}],"wp:attachment":[{"href":"https:\/\/wimar.net\/uk\/wp-json\/wp\/v2\/media?parent=6941"}],"wp:term":[{"taxonomy":"product_brand","embeddable":true,"href":"https:\/\/wimar.net\/uk\/wp-json\/wp\/v2\/product_brand?post=6941"},{"taxonomy":"product_cat","embeddable":true,"href":"https:\/\/wimar.net\/uk\/wp-json\/wp\/v2\/product_cat?post=6941"},{"taxonomy":"product_tag","embeddable":true,"href":"https:\/\/wimar.net\/uk\/wp-json\/wp\/v2\/product_tag?post=6941"}],"curies":[{"name":"wp","href":"https:\/\/api.w.org\/{rel}","templated":true}]}}